{"id":630,"date":"2019-05-23T18:36:15","date_gmt":"2019-05-23T16:36:15","guid":{"rendered":"https:\/\/sendapp.live\/?page_id=630"},"modified":"2025-10-22T13:54:50","modified_gmt":"2025-10-22T11:54:50","slug":"terms-and-conditions-of-use","status":"publish","type":"page","link":"https:\/\/sendapp.cloud\/pt\/terms-and-conditions-of-use\/","title":{"rendered":"Terms and conditions of use"},"content":{"rendered":"<div id=\"fws_69e3140b2254f\"  data-column-margin=\"default\" data-midnight=\"dark\"  class=\"wpb_row vc_row-fluid vc_row\"  style=\"padding-top: 0px; padding-bottom: 0px; \"><div class=\"row-bg-wrap\" data-bg-animation=\"none\" data-bg-animation-delay=\"\" data-bg-overlay=\"false\"><div class=\"inner-wrap row-bg-layer\" ><div class=\"row-bg viewport-desktop\"  style=\"\"><\/div><\/div><\/div><div class=\"row_col_wrap_12 col span_12 dark left\">\n\t<div  class=\"vc_col-sm-2 wpb_column column_container vc_column_container col no-extra-padding inherit_tablet inherit_phone\"  data-padding-pos=\"all\" data-has-bg-color=\"false\" data-bg-color=\"\" data-bg-opacity=\"1\" data-animation=\"\" data-delay=\"0\" >\n\t\t<div class=\"vc_column-inner\" >\n\t\t\t<div class=\"wpb_wrapper\">\n\t\t\t\t\n\t\t\t<\/div> \n\t\t<\/div>\n\t<\/div> \n\n\t<div  class=\"vc_col-sm-8 wpb_column column_container vc_column_container col no-extra-padding inherit_tablet inherit_phone\"  data-padding-pos=\"all\" data-has-bg-color=\"false\" data-bg-color=\"\" data-bg-opacity=\"1\" data-animation=\"\" data-delay=\"0\" >\n\t\t<div class=\"vc_column-inner\" >\n\t\t\t<div class=\"wpb_wrapper\">\n\t\t\t\t\n<div class=\"wpb_text_column wpb_content_element\" >\n\t<div class=\"wpb_wrapper\">\n\t\t<h2>SendApp \u2013 Termos e Condi\u00e7\u00f5es de Uso<\/h2>\n<p>As seguintes condi\u00e7\u00f5es gerais (doravante \u201cTermos e Condi\u00e7\u00f5es\u201d) regem o uso deste site e o conte\u00fado disponibilizado atrav\u00e9s dos sites (doravante \u201cSites\u201d) sendapp.live, sendapp.cloud, sendapp.ai, incluindo, mas n\u00e3o se limitando a:<\/p>\n<p><strong>Nome dos sites<\/strong>: sendapp.live, sendapp.cloud, sendapp.ai<\/p>\n<p>Os Sites s\u00e3o de propriedade e operados pela SendApp, um produto da Everysoft srls (doravante \u201cSendApp\u201d, \u201cn\u00f3s\u201d ou \u201cnosso\u201d). O acesso e o uso dos Sites constituem a aceita\u00e7\u00e3o integral destes Termos e Condi\u00e7\u00f5es.<\/p>\n<h3><\/h3>\n<h3>1. Registro<\/h3>\n<p>Voc\u00ea n\u00e3o precisa se cadastrar nos Sites para acessar conte\u00fados ou servi\u00e7os; no entanto, algumas \u00e1reas e recursos podem ser reservados para usu\u00e1rios registrados. Nesses casos, voc\u00ea dever\u00e1 aceitar um Contrato de Assinatura separado.<\/p>\n<h3>2. Direitos de propriedade<\/h3>\n<p>O uso dos Sites n\u00e3o concede quaisquer direitos de propriedade intelectual sobre o conte\u00fado, c\u00f3digo, dados ou materiais acess\u00edveis. Voc\u00ea tem permiss\u00e3o para baixar uma \u00fanica c\u00f3pia do conte\u00fado exclusivamente para uso pessoal e n\u00e3o comercial. Qualquer uso n\u00e3o autorizado pode violar as leis italianas ou internacionais.<\/p>\n<h3>3. Agente de direitos autorais<\/h3>\n<p>Se voc\u00ea suspeitar de viola\u00e7\u00e3o de direitos autorais, entre em contato com a SendApp com informa\u00e7\u00f5es detalhadas, conforme exigido por lei.<\/p>\n<h3>4. Marcas<\/h3>\n<p>As marcas registradas nos Sites s\u00e3o registradas pela SendApp ou por terceiros. Nada nos Sites deve ser interpretado como concess\u00e3o de licen\u00e7a para uso de tais marcas registradas.<\/p>\n<h3>5. Altera\u00e7\u00f5es nos Termos e Condi\u00e7\u00f5es<\/h3>\n<p>A SendApp reserva-se o direito de modificar os Termos e Condi\u00e7\u00f5es a qualquer momento. As altera\u00e7\u00f5es entrar\u00e3o em vigor ap\u00f3s sua publica\u00e7\u00e3o nos Sites.<\/p>\n<h3>6. Informa\u00e7\u00f5es do usu\u00e1rio<\/h3>\n<p>Voc\u00ea \u00e9 respons\u00e1vel pela exatid\u00e3o das informa\u00e7\u00f5es pessoais fornecidas. Nossa pol\u00edtica de privacidade pode ser encontrada na se\u00e7\u00e3o dedicada.<\/p>\n<h3>7. Links para os Sites<\/h3>\n<p>A vincula\u00e7\u00e3o aos Sites \u00e9 permitida apenas para p\u00e1ginas HTML completas. A SendApp reserva-se o direito de revogar essa permiss\u00e3o a qualquer momento.<\/p>\n<h3>8. Sites de terceiros<\/h3>\n<p>O SendApp n\u00e3o se responsabiliza pelo conte\u00fado, servi\u00e7os ou materiais contidos em sites vinculados. A inclus\u00e3o de links n\u00e3o implica endosso pelo SendApp.<\/p>\n<h3><\/h3>\n<h3>9. Cl\u00e1usula de exclus\u00e3o de reembolso<\/h3>\n<p>Todos os produtos de software vendidos atrav\u00e9s dos Sites s\u00e3o considerados <strong>ativos digitais ativados e imediatamente utiliz\u00e1veis<\/strong>. De acordo com a legisla\u00e7\u00e3o em vigor (Diretiva 2011\/83\/UE), <strong>N\u00e3o h\u00e1 direito de retirada ou reembolso para produtos digitais ativados<\/strong>.<\/p>\n<p>O usu\u00e1rio aceita irrevogavelmente que a compra implica a ren\u00fancia a qualquer direito a reembolso, a menos que expressamente renunciado por escrito pela SendApp em car\u00e1ter excepcional.<\/p>\n<h3><\/h3>\n<h3>10. Isen\u00e7\u00e3o de responsabilidade<\/h3>\n<p>Enviar aplicativo <strong>n\u00e3o assume qualquer responsabilidade pelo uso indevido, ilegal ou n\u00e3o conforme do software pelo usu\u00e1rio<\/strong>. O usu\u00e1rio deve usar a ferramenta em total conformidade com os regulamentos, incluindo as pol\u00edticas da plataforma (por exemplo, WhatsApp) e o GDPR.<\/p>\n<p>O uso indevido da ferramenta, como envio de spam ou upload de cat\u00e1logos de endere\u00e7os n\u00e3o cadastrados, pode resultar na suspens\u00e3o do n\u00famero ou na interrup\u00e7\u00e3o do servi\u00e7o por terceiros. <strong>O SendApp declina qualquer responsabilidade por danos diretos ou indiretos, bloqueios, suspens\u00f5es ou perdas causadas por tais usos indevidos.<\/strong>.<\/p>\n<h3><\/h3>\n<h3>11. Isen\u00e7\u00e3o de garantias<\/h3>\n<p>Dentro dos limites da lei:<br \/>\n\u2013 Os conte\u00fados e servi\u00e7os s\u00e3o fornecidos \u201ccomo est\u00e3o\u201d.<br \/>\n\u2013 O SendApp n\u00e3o garante a disponibilidade ininterrupta ou livre de erros dos Sites.<br \/>\n\u2013 O SendApp n\u00e3o ser\u00e1 respons\u00e1vel por quaisquer danos indiretos, perda de dados ou lucros decorrentes do uso dos Sites.<\/p>\n<h3><\/h3>\n<h3>12. Licen\u00e7a<\/h3>\n<p>A licen\u00e7a \u00e9 vital\u00edcia, mas s\u00f3 pode ser usada em um dispositivo por vez. Em caso de mau funcionamento, voc\u00ea pode solicitar uma redefini\u00e7\u00e3o enviando um e-mail para <a href=\"mailto:info@sendapp.live\">info@sendapp.live<\/a>.<\/p>\n<h3><\/h3>\n<h3>13. Legisla\u00e7\u00e3o aplic\u00e1vel<\/h3>\n<p>Estes Termos e Condi\u00e7\u00f5es s\u00e3o regidos pela lei italiana. O acesso aos Sites a partir de outras jurisdi\u00e7\u00f5es \u00e9 por conta e risco do usu\u00e1rio.<\/p>\n<h3><\/h3>\n<h3>14. Pol\u00edtica anti-spam<\/h3>\n<p>\u00c9 proibido o uso do software para enviar spam. Viola\u00e7\u00f5es resultar\u00e3o na suspens\u00e3o ou encerramento do servi\u00e7o, bem como em poss\u00edveis a\u00e7\u00f5es legais.<\/p>\n<h3><\/h3>\n<h3>15. Dados pessoais<\/h3>\n<p>Ao aceitar estes termos, voc\u00ea autoriza o uso dos seus dados para fins publicit\u00e1rios. Voc\u00ea pode solicitar a exclus\u00e3o a qualquer momento.<\/p>\n<p>&nbsp;<\/p>\n<p><strong>Observa\u00e7\u00e3o<\/strong>O SendApp n\u00e3o \u00e9 afiliado ao WhatsApp (WhatsApp Inc. e\/ou WhatsApp Ireland Limited) ou a qualquer outra empresa Meta. Quaisquer modifica\u00e7\u00f5es feitas por essas plataformas podem afetar ou impedir o funcionamento adequado do software. Os dados permanecem armazenados localmente no dispositivo do usu\u00e1rio.<\/p>\n\t<\/div>\n<\/div>\n\n\n\n\n\t\t\t<\/div> \n\t\t<\/div>\n\t<\/div> \n\n\t<div  class=\"vc_col-sm-2 wpb_column column_container vc_column_container col no-extra-padding inherit_tablet inherit_phone\"  data-padding-pos=\"all\" data-has-bg-color=\"false\" data-bg-color=\"\" data-bg-opacity=\"1\" data-animation=\"\" data-delay=\"0\" >\n\t\t<div class=\"vc_column-inner\" >\n\t\t\t<div class=\"wpb_wrapper\">\n\t\t\t\t\n\t\t\t<\/div> \n\t\t<\/div>\n\t<\/div> \n<\/div><\/div>","protected":false},"excerpt":{"rendered":"SendApp \u2013 Termini e Condizioni d\u2019Uso Le seguenti condizioni generali (di seguito \"Termini e Condizioni\") regolano l\u2019uso del presente sito web e dei contenuti resi disponibili attraverso i siti web...","protected":false},"author":1,"featured_media":0,"parent":0,"menu_order":0,"comment_status":"closed","ping_status":"open","template":"","meta":{"footnotes":""},"class_list":["post-630","page","type-page","status-publish"],"yoast_head":"<!-- This site is optimized with the Yoast SEO plugin v26.8 - https:\/\/yoast.com\/product\/yoast-seo-wordpress\/ -->\n<title>Terms and conditions of use message campaing whatsapp- SendApp<\/title>\n<meta name=\"description\" content=\"terms and conditions of use - sendapp - create massive message campaign with whatsapp to all phone numbers. Get sending report. Programm sendings.\" \/>\n<meta name=\"robots\" content=\"index, follow, max-snippet:-1, max-image-preview:large, max-video-preview:-1\" \/>\n<link rel=\"canonical\" href=\"https:\/\/sendapp.cloud\/pt\/terms-and-conditions-of-use\/\" \/>\n<meta property=\"og:locale\" content=\"pt_PT\" \/>\n<meta property=\"og:type\" content=\"article\" \/>\n<meta property=\"og:title\" content=\"Terms and conditions of use message campaing whatsapp- SendApp\" \/>\n<meta property=\"og:description\" content=\"terms and conditions of use - sendapp - create massive message campaign with whatsapp to all phone numbers. Get sending report. Programm sendings.\" \/>\n<meta property=\"og:url\" content=\"https:\/\/sendapp.cloud\/pt\/terms-and-conditions-of-use\/\" \/>\n<meta property=\"og:site_name\" content=\"SendApp\" \/>\n<meta property=\"article:modified_time\" content=\"2025-10-22T11:54:50+00:00\" \/>\n<meta name=\"twitter:card\" content=\"summary_large_image\" \/>\n<meta name=\"twitter:label1\" content=\"Tempo estimado de leitura\" \/>\n\t<meta name=\"twitter:data1\" content=\"3 minutos\" \/>\n<script type=\"application\/ld+json\" class=\"yoast-schema-graph\">{\"@context\":\"https:\/\/schema.org\",\"@graph\":[{\"@type\":\"WebPage\",\"@id\":\"https:\/\/sendapp.cloud\/terms-and-conditions-of-use\/\",\"url\":\"https:\/\/sendapp.cloud\/terms-and-conditions-of-use\/\",\"name\":\"Terms and conditions of use message campaing whatsapp- SendApp\",\"isPartOf\":{\"@id\":\"https:\/\/sendapp.cloud\/en\/#website\"},\"datePublished\":\"2019-05-23T16:36:15+00:00\",\"dateModified\":\"2025-10-22T11:54:50+00:00\",\"description\":\"terms and conditions of use - sendapp - create massive message campaign with whatsapp to all phone numbers. Get sending report. Programm sendings.\",\"breadcrumb\":{\"@id\":\"https:\/\/sendapp.cloud\/terms-and-conditions-of-use\/#breadcrumb\"},\"inLanguage\":\"pt-PT\",\"potentialAction\":[{\"@type\":\"ReadAction\",\"target\":[\"https:\/\/sendapp.cloud\/terms-and-conditions-of-use\/\"]}]},{\"@type\":\"BreadcrumbList\",\"@id\":\"https:\/\/sendapp.cloud\/terms-and-conditions-of-use\/#breadcrumb\",\"itemListElement\":[{\"@type\":\"ListItem\",\"position\":1,\"name\":\"Home\",\"item\":\"https:\/\/sendapp.cloud\/\"},{\"@type\":\"ListItem\",\"position\":2,\"name\":\"Terms and conditions of use\"}]},{\"@type\":\"WebSite\",\"@id\":\"https:\/\/sendapp.cloud\/en\/#website\",\"url\":\"https:\/\/sendapp.cloud\/en\/\",\"name\":\"SendApp\",\"description\":\"Software Whatsapp Marketing\",\"publisher\":{\"@id\":\"https:\/\/sendapp.cloud\/en\/#organization\"},\"potentialAction\":[{\"@type\":\"SearchAction\",\"target\":{\"@type\":\"EntryPoint\",\"urlTemplate\":\"https:\/\/sendapp.cloud\/en\/?s={search_term_string}\"},\"query-input\":{\"@type\":\"PropertyValueSpecification\",\"valueRequired\":true,\"valueName\":\"search_term_string\"}}],\"inLanguage\":\"pt-PT\"},{\"@type\":\"Organization\",\"@id\":\"https:\/\/sendapp.cloud\/en\/#organization\",\"name\":\"SendApp\",\"url\":\"https:\/\/sendapp.cloud\/en\/\",\"logo\":{\"@type\":\"ImageObject\",\"inLanguage\":\"pt-PT\",\"@id\":\"https:\/\/sendapp.cloud\/en\/#\/schema\/logo\/image\/\",\"url\":\"https:\/\/sendapp.cloud\/wp-content\/uploads\/2024\/11\/Logo-bianco.png\",\"contentUrl\":\"https:\/\/sendapp.cloud\/wp-content\/uploads\/2024\/11\/Logo-bianco.png\",\"width\":145,\"height\":48,\"caption\":\"SendApp\"},\"image\":{\"@id\":\"https:\/\/sendapp.cloud\/en\/#\/schema\/logo\/image\/\"}}]}<\/script>\n<!-- \/ Yoast SEO plugin. -->","yoast_head_json":{"title":"Terms and conditions of use message campaing whatsapp- SendApp","description":"terms and conditions of use - sendapp - create massive message campaign with whatsapp to all phone numbers. Get sending report. Programm sendings.","robots":{"index":"index","follow":"follow","max-snippet":"max-snippet:-1","max-image-preview":"max-image-preview:large","max-video-preview":"max-video-preview:-1"},"canonical":"https:\/\/sendapp.cloud\/pt\/terms-and-conditions-of-use\/","og_locale":"pt_PT","og_type":"article","og_title":"Terms and conditions of use message campaing whatsapp- SendApp","og_description":"terms and conditions of use - sendapp - create massive message campaign with whatsapp to all phone numbers. Get sending report. Programm sendings.","og_url":"https:\/\/sendapp.cloud\/pt\/terms-and-conditions-of-use\/","og_site_name":"SendApp","article_modified_time":"2025-10-22T11:54:50+00:00","twitter_card":"summary_large_image","twitter_misc":{"Tempo estimado de leitura":"3 minutos"},"schema":{"@context":"https:\/\/schema.org","@graph":[{"@type":"WebPage","@id":"https:\/\/sendapp.cloud\/terms-and-conditions-of-use\/","url":"https:\/\/sendapp.cloud\/terms-and-conditions-of-use\/","name":"Terms and conditions of use message campaing whatsapp- SendApp","isPartOf":{"@id":"https:\/\/sendapp.cloud\/en\/#website"},"datePublished":"2019-05-23T16:36:15+00:00","dateModified":"2025-10-22T11:54:50+00:00","description":"terms and conditions of use - sendapp - create massive message campaign with whatsapp to all phone numbers. Get sending report. Programm sendings.","breadcrumb":{"@id":"https:\/\/sendapp.cloud\/terms-and-conditions-of-use\/#breadcrumb"},"inLanguage":"pt-PT","potentialAction":[{"@type":"ReadAction","target":["https:\/\/sendapp.cloud\/terms-and-conditions-of-use\/"]}]},{"@type":"BreadcrumbList","@id":"https:\/\/sendapp.cloud\/terms-and-conditions-of-use\/#breadcrumb","itemListElement":[{"@type":"ListItem","position":1,"name":"Home","item":"https:\/\/sendapp.cloud\/"},{"@type":"ListItem","position":2,"name":"Terms and conditions of use"}]},{"@type":"WebSite","@id":"https:\/\/sendapp.cloud\/en\/#website","url":"https:\/\/sendapp.cloud\/en\/","name":"Enviar aplicativo","description":"Software de marketing do WhatsApp","publisher":{"@id":"https:\/\/sendapp.cloud\/en\/#organization"},"potentialAction":[{"@type":"SearchAction","target":{"@type":"EntryPoint","urlTemplate":"https:\/\/sendapp.cloud\/en\/?s={search_term_string}"},"query-input":{"@type":"PropertyValueSpecification","valueRequired":true,"valueName":"search_term_string"}}],"inLanguage":"pt-PT"},{"@type":"Organization","@id":"https:\/\/sendapp.cloud\/en\/#organization","name":"Enviar aplicativo","url":"https:\/\/sendapp.cloud\/en\/","logo":{"@type":"ImageObject","inLanguage":"pt-PT","@id":"https:\/\/sendapp.cloud\/en\/#\/schema\/logo\/image\/","url":"https:\/\/sendapp.cloud\/wp-content\/uploads\/2024\/11\/Logo-bianco.png","contentUrl":"https:\/\/sendapp.cloud\/wp-content\/uploads\/2024\/11\/Logo-bianco.png","width":145,"height":48,"caption":"SendApp"},"image":{"@id":"https:\/\/sendapp.cloud\/en\/#\/schema\/logo\/image\/"}}]}},"_links":{"self":[{"href":"https:\/\/sendapp.cloud\/pt\/wp-json\/wp\/v2\/pages\/630","targetHints":{"allow":["GET"]}}],"collection":[{"href":"https:\/\/sendapp.cloud\/pt\/wp-json\/wp\/v2\/pages"}],"about":[{"href":"https:\/\/sendapp.cloud\/pt\/wp-json\/wp\/v2\/types\/page"}],"author":[{"embeddable":true,"href":"https:\/\/sendapp.cloud\/pt\/wp-json\/wp\/v2\/users\/1"}],"replies":[{"embeddable":true,"href":"https:\/\/sendapp.cloud\/pt\/wp-json\/wp\/v2\/comments?post=630"}],"version-history":[{"count":3,"href":"https:\/\/sendapp.cloud\/pt\/wp-json\/wp\/v2\/pages\/630\/revisions"}],"predecessor-version":[{"id":33275,"href":"https:\/\/sendapp.cloud\/pt\/wp-json\/wp\/v2\/pages\/630\/revisions\/33275"}],"wp:attachment":[{"href":"https:\/\/sendapp.cloud\/pt\/wp-json\/wp\/v2\/media?parent=630"}],"curies":[{"name":"wp","href":"https:\/\/api.w.org\/{rel}","templated":true}]}}