{"id":33116,"date":"2025-01-20T12:45:37","date_gmt":"2025-01-20T11:45:37","guid":{"rendered":"https:\/\/sendapp.cloud\/?page_id=33116"},"modified":"2025-01-20T13:01:46","modified_gmt":"2025-01-20T12:01:46","slug":"functions","status":"publish","type":"page","link":"https:\/\/sendapp.cloud\/pt\/functions\/","title":{"rendered":"fun\u00e7\u00f5es"},"content":{"rendered":"<div id=\"fws_69d0c21e68bbb\"  data-column-margin=\"default\" data-midnight=\"dark\"  class=\"wpb_row vc_row-fluid vc_row full-width-section\"  style=\"padding-top: 0px; padding-bottom: 100px; \"><div class=\"row-bg-wrap\" data-bg-animation=\"none\" data-bg-animation-delay=\"\" data-bg-overlay=\"false\"><div class=\"inner-wrap row-bg-layer\" ><div class=\"row-bg viewport-desktop using-bg-color\"  style=\"background-color: #ffffff; \"><\/div><\/div><\/div><div class=\"row_col_wrap_12 col span_12 dark left\">\n\t<div  class=\"vc_col-sm-2 wpb_column column_container vc_column_container col no-extra-padding inherit_tablet inherit_phone\"  data-padding-pos=\"all\" data-has-bg-color=\"false\" data-bg-color=\"\" data-bg-opacity=\"1\" data-animation=\"\" data-delay=\"0\" >\n\t\t<div class=\"vc_column-inner\" >\n\t\t\t<div class=\"wpb_wrapper\">\n\t\t\t\t\n\t\t\t<\/div> \n\t\t<\/div>\n\t<\/div> \n\n\t<div  class=\"vc_col-sm-8 wpb_column column_container vc_column_container col no-extra-padding inherit_tablet inherit_phone\"  data-padding-pos=\"all\" data-has-bg-color=\"false\" data-bg-color=\"\" data-bg-opacity=\"1\" data-animation=\"\" data-delay=\"0\" >\n\t\t<div class=\"vc_column-inner\" >\n\t\t\t<div class=\"wpb_wrapper\">\n\t\t\t\t<div class=\"nectar-gradient-text\" data-direction=\"horizontal\" data-color=\"extra-color-gradient-1\" style=\"margin-top: 90px; margin-bottom: 0px; \"><h2>Perguntas frequentes...<\/h2><\/div><div class=\"toggles\" data-br=\"\" data-starting=\"default\" data-style=\"minimal\"><div class=\"toggle default\" data-inner-wrap=\"true\"><h3 class=\"toggle-title\"><a href=\"#\" role=\"button\" class=\"toggle-heading\"><i role=\"presentation\" class=\"fa fa-plus-circle\"><\/i>Posso usar o SendApp com v\u00e1rios n\u00fameros de telefone?<\/a><\/h3><div><div class=\"inner-toggle-wrap\">\n<div class=\"wpb_text_column wpb_content_element\" >\n\t<div class=\"wpb_wrapper\">\n\t\t<p>Sim. Nosso software pode ser conectado a qualquer dispositivo m\u00f3vel usando um c\u00f3digo QR. Projetamos esse recurso para que voc\u00ea possa fazer marketing para v\u00e1rios n\u00fameros de telefone.<\/p>\n\t<\/div>\n<\/div>\n\n\n\n<\/div><\/div><\/div><div class=\"toggle default\" data-inner-wrap=\"true\"><h3 class=\"toggle-title\"><a href=\"#\" role=\"button\" class=\"toggle-heading\"><i role=\"presentation\" class=\"fa fa-plus-circle\"><\/i>Depois que eu comprar uma licen\u00e7a, haver\u00e1 algum outro pagamento?<\/a><\/h3><div><div class=\"inner-toggle-wrap\">\n<div class=\"wpb_text_column wpb_content_element\" >\n\t<div class=\"wpb_wrapper\">\n\t\t<p>N\u00e3o, nossa licen\u00e7a \u00e9 vital\u00edcia. Ap\u00f3s a compra, ela ser\u00e1 sua para sempre, e voc\u00ea pode transferi-la para qualquer computador.<\/p>\n\t<\/div>\n<\/div>\n\n\n\n<\/div><\/div><\/div><div class=\"toggle default\" data-inner-wrap=\"true\"><h3 class=\"toggle-title\"><a href=\"#\" role=\"button\" class=\"toggle-heading\"><i role=\"presentation\" class=\"fa fa-plus-circle\"><\/i>Posso conectar a agenda de endere\u00e7os do meu telefone ao Sendapp?<\/a><\/h3><div><div class=\"inner-toggle-wrap\">\n<div class=\"wpb_text_column wpb_content_element\" >\n\t<div class=\"wpb_wrapper\">\n\t\t<p>Sim. Voc\u00ea pode importar qualquer arquivo CSV ou TXT para o seu cat\u00e1logo de endere\u00e7os do Sendapp. O importante \u00e9 que ele respeite os padr\u00f5es do cat\u00e1logo de endere\u00e7os. Inclua o DDD, o n\u00famero de telefone e quaisquer tags1, tag2 ou tag3 para personalizar a mensagem.<\/p>\n\t<\/div>\n<\/div>\n\n\n\n<\/div><\/div><\/div><div class=\"toggle default\" data-inner-wrap=\"true\"><h3 class=\"toggle-title\"><a href=\"#\" role=\"button\" class=\"toggle-heading\"><i role=\"presentation\" class=\"fa fa-plus-circle\"><\/i>Quantas mensagens posso enviar com o Sendapp?<\/a><\/h3><div><div class=\"inner-toggle-wrap\">\n<div class=\"wpb_text_column wpb_content_element\" >\n\t<div class=\"wpb_wrapper\">\n\t\t<p>N\u00e3o h\u00e1 limite para o n\u00famero de mensagens que voc\u00ea pode enviar com o Sendapp Business. A vers\u00e3o Professional do Sendapp tem um limite de 200 mensagens autom\u00e1ticas. O tempo de envio de uma mensagem varia de acordo com a velocidade da sua conex\u00e3o.<\/p>\n<p>O Sendapp \u00e9 um software STAND ALONE para PC e MAC. Todos os dados ser\u00e3o armazenados exclusivamente no computador que voc\u00ea estiver usando, sem nunca serem transmitidos ou acessados por nossos servidores (e\/ou de terceiros) ou outros sistemas online. Portanto, o Sendapp n\u00e3o tem acesso e\/ou responsabilidade de qualquer tipo pelos seus dados.<\/p>\n\t<\/div>\n<\/div>\n\n\n\n<\/div><\/div><\/div><div class=\"toggle default\" data-inner-wrap=\"true\"><h3 class=\"toggle-title\"><a href=\"#\" role=\"button\" class=\"toggle-heading\"><i role=\"presentation\" class=\"fa fa-plus-circle\"><\/i>Posso enviar uma mensagem para um n\u00famero n\u00e3o registrado no meu smartphone?<\/a><\/h3><div><div class=\"inner-toggle-wrap\">\n<div class=\"wpb_text_column wpb_content_element\" >\n\t<div class=\"wpb_wrapper\">\n\t\t<p>Sim. Com o Sendapp voc\u00ea pode enviar mensagens para qualquer pessoa, at\u00e9 mesmo para n\u00fameros que n\u00e3o est\u00e3o registrados na sua agenda de contatos do aplicativo de mensagens ou que n\u00e3o salvaram seu n\u00famero na agenda deles.<\/p>\n<p><strong>Observe:<\/strong> Contatando primeiro pessoas que n\u00e3o querem receber mensagens ou que n\u00e3o nos conhecem ou que nunca tiveram uma conversa com nossa conta ou que n\u00e3o se lembram de n\u00f3s, etc. <strong>Existe o risco de ser denunciado pelos nossos usu\u00e1rios e, portanto, banido do WhatsApp!<\/strong><\/p>\n<p>Se voc\u00ea criar um bot\u00e3o compat\u00edvel com GDPR que possa ser colocado em seu site ou fonte de tr\u00e1fego, talvez adicionando FollowUps\u2026<br \/>\nVoc\u00ea n\u00e3o correr\u00e1 riscos e o resultado ser\u00e1 incr\u00edvel!<\/p>\n\t<\/div>\n<\/div>\n\n\n\n<\/div><\/div><\/div><div class=\"toggle default\" data-inner-wrap=\"true\"><h3 class=\"toggle-title\"><a href=\"#\" role=\"button\" class=\"toggle-heading\"><i role=\"presentation\" class=\"fa fa-plus-circle\"><\/i>Posso usar meu computador enquanto executo o Sendapp?<\/a><\/h3><div><div class=\"inner-toggle-wrap\">\n<div class=\"wpb_text_column wpb_content_element\" >\n\t<div class=\"wpb_wrapper\">\n\t\t<p>Sim. Todos os processos do Sendapp s\u00e3o executados em segundo plano, ent\u00e3o voc\u00ea pode usar seu computador normalmente e nosso software cuidar\u00e1 da automatiza\u00e7\u00e3o do seu marketing!<\/p>\n\t<\/div>\n<\/div>\n\n\n\n<\/div><\/div><\/div><div class=\"toggle default\" data-inner-wrap=\"true\"><h3 class=\"toggle-title\"><a href=\"#\" role=\"button\" class=\"toggle-heading\"><i role=\"presentation\" class=\"fa fa-plus-circle\"><\/i>Posso usar o WhatsApp no meu smartphone enquanto executo o Sendapp?<\/a><\/h3><div><div class=\"inner-toggle-wrap\">\n<div class=\"wpb_text_column wpb_content_element\" >\n\t<div class=\"wpb_wrapper\">\n\t\t<p class=\"rteBlock\">Sim. O Sendapp usa a interface web de aplicativos de mensagens, para que voc\u00ea possa continuar usando seu smartphone enquanto nosso software cuida do trabalho para voc\u00ea.<\/p>\n<p class=\"rteBlock\"><strong>Observe:<\/strong> Para que o Sendapp funcione corretamente, seu smartphone e computador precisam ter conex\u00e3o com a internet.<\/p>\n\t<\/div>\n<\/div>\n\n\n\n<\/div><\/div><\/div><div class=\"toggle default\" data-inner-wrap=\"true\"><h3 class=\"toggle-title\"><a href=\"#\" role=\"button\" class=\"toggle-heading\"><i role=\"presentation\" class=\"fa fa-plus-circle\"><\/i>Se o WhatsApp banir meu n\u00famero de telefone, ainda posso usar o SendApp?<\/a><\/h3><div><div class=\"inner-toggle-wrap\">\n<div class=\"wpb_text_column wpb_content_element\" >\n\t<div class=\"wpb_wrapper\">\n\t\t<p class=\"rteBlock\">Sim. Se voc\u00ea for banido de aplicativos de mensagens, provavelmente \u00e9 porque est\u00e1 usando nosso software incorretamente.<br \/>\nNo entanto, voc\u00ea pode conectar o Sendapp a outro n\u00famero de telefone por meio do c\u00f3digo QR de um aplicativo de mensagens, continuando a comercializar corretamente com nosso software.<\/p>\n\t<\/div>\n<\/div>\n\n\n\n<\/div><\/div><\/div><\/div>\n\n\n\n\n\n\n\n\n\n\n\n\n\n\n\n\n\n\n\n<div class=\"nectar-gradient-text\" data-direction=\"horizontal\" data-color=\"extra-color-gradient-1\" style=\"margin-top: 90px; margin-bottom: 0px; \"><h2>Recursos do Sendapp<\/h2><\/div><div class=\"toggles\" data-br=\"\" data-starting=\"default\" data-style=\"minimal\"><div class=\"toggle default\" data-inner-wrap=\"true\"><h3 class=\"toggle-title\"><a href=\"#\" role=\"button\" class=\"toggle-heading\"><i role=\"presentation\" class=\"fa fa-plus-circle\"><\/i>Requisitos m\u00ednimos<\/a><\/h3><div><div class=\"inner-toggle-wrap\">\n<div class=\"wpb_text_column wpb_content_element\" >\n\t<div class=\"wpb_wrapper\">\n\t\t<p>Um computador com Windows 8 de 64 bits ou superior ou um Mac OSX 10.16 ou superior, uma conta de aplicativo de mensagens e resolu\u00e7\u00e3o de tela recomendada de 1360*768<br \/>\n500 MB de espa\u00e7o em disco, 4 GB de RAM, uma boa conex\u00e3o de internet.<\/p>\n\t<\/div>\n<\/div>\n\n\n\n<\/div><\/div><\/div><\/div>\n\n\n\n\n\n\n\n\n\n\n\n\n\n\n\n\n\n\n\n\n\t\t\t<\/div> \n\t\t<\/div>\n\t<\/div> \n\n\t<div  class=\"vc_col-sm-2 wpb_column column_container vc_column_container col no-extra-padding inherit_tablet inherit_phone\"  data-padding-pos=\"all\" data-has-bg-color=\"false\" data-bg-color=\"\" data-bg-opacity=\"1\" data-animation=\"\" data-delay=\"0\" >\n\t\t<div class=\"vc_column-inner\" >\n\t\t\t<div class=\"wpb_wrapper\">\n\t\t\t\t\n\t\t\t<\/div> \n\t\t<\/div>\n\t<\/div> \n<\/div><\/div>","protected":false},"excerpt":{"rendered":"Perguntas frequentes... Posso usar o SendApp com v\u00e1rios n\u00fameros de telefone? Sim. Nosso software pode ser conectado a qualquer dispositivo m\u00f3vel usando um c\u00f3digo QR. Desenvolvemos esse recurso para oferecer a voc\u00ea...","protected":false},"author":1,"featured_media":0,"parent":0,"menu_order":0,"comment_status":"closed","ping_status":"closed","template":"","meta":{"footnotes":""},"class_list":["post-33116","page","type-page","status-publish"],"yoast_head":"<!-- This site is optimized with the Yoast SEO plugin v26.8 - https:\/\/yoast.com\/product\/yoast-seo-wordpress\/ -->\n<title>functions - SendApp<\/title>\n<meta name=\"robots\" content=\"index, follow, max-snippet:-1, max-image-preview:large, max-video-preview:-1\" \/>\n<link rel=\"canonical\" href=\"https:\/\/sendapp.cloud\/pt\/functions\/\" \/>\n<meta property=\"og:locale\" content=\"pt_PT\" \/>\n<meta property=\"og:type\" content=\"article\" \/>\n<meta property=\"og:title\" content=\"functions - SendApp\" \/>\n<meta property=\"og:url\" content=\"https:\/\/sendapp.cloud\/pt\/functions\/\" \/>\n<meta property=\"og:site_name\" content=\"SendApp\" \/>\n<meta property=\"article:modified_time\" content=\"2025-01-20T12:01:46+00:00\" \/>\n<meta name=\"twitter:card\" content=\"summary_large_image\" \/>\n<meta name=\"twitter:label1\" content=\"Tempo estimado de leitura\" \/>\n\t<meta name=\"twitter:data1\" content=\"2 minutos\" \/>\n<script type=\"application\/ld+json\" class=\"yoast-schema-graph\">{\"@context\":\"https:\/\/schema.org\",\"@graph\":[{\"@type\":\"WebPage\",\"@id\":\"https:\/\/sendapp.cloud\/functions\/\",\"url\":\"https:\/\/sendapp.cloud\/functions\/\",\"name\":\"functions - SendApp\",\"isPartOf\":{\"@id\":\"https:\/\/sendapp.cloud\/en\/#website\"},\"datePublished\":\"2025-01-20T11:45:37+00:00\",\"dateModified\":\"2025-01-20T12:01:46+00:00\",\"breadcrumb\":{\"@id\":\"https:\/\/sendapp.cloud\/functions\/#breadcrumb\"},\"inLanguage\":\"pt-PT\",\"potentialAction\":[{\"@type\":\"ReadAction\",\"target\":[\"https:\/\/sendapp.cloud\/functions\/\"]}]},{\"@type\":\"BreadcrumbList\",\"@id\":\"https:\/\/sendapp.cloud\/functions\/#breadcrumb\",\"itemListElement\":[{\"@type\":\"ListItem\",\"position\":1,\"name\":\"Home\",\"item\":\"https:\/\/sendapp.cloud\/\"},{\"@type\":\"ListItem\",\"position\":2,\"name\":\"functions\"}]},{\"@type\":\"WebSite\",\"@id\":\"https:\/\/sendapp.cloud\/en\/#website\",\"url\":\"https:\/\/sendapp.cloud\/en\/\",\"name\":\"SendApp\",\"description\":\"Software Whatsapp Marketing\",\"publisher\":{\"@id\":\"https:\/\/sendapp.cloud\/en\/#organization\"},\"potentialAction\":[{\"@type\":\"SearchAction\",\"target\":{\"@type\":\"EntryPoint\",\"urlTemplate\":\"https:\/\/sendapp.cloud\/en\/?s={search_term_string}\"},\"query-input\":{\"@type\":\"PropertyValueSpecification\",\"valueRequired\":true,\"valueName\":\"search_term_string\"}}],\"inLanguage\":\"pt-PT\"},{\"@type\":\"Organization\",\"@id\":\"https:\/\/sendapp.cloud\/en\/#organization\",\"name\":\"SendApp\",\"url\":\"https:\/\/sendapp.cloud\/en\/\",\"logo\":{\"@type\":\"ImageObject\",\"inLanguage\":\"pt-PT\",\"@id\":\"https:\/\/sendapp.cloud\/en\/#\/schema\/logo\/image\/\",\"url\":\"https:\/\/sendapp.cloud\/wp-content\/uploads\/2024\/11\/Logo-bianco.png\",\"contentUrl\":\"https:\/\/sendapp.cloud\/wp-content\/uploads\/2024\/11\/Logo-bianco.png\",\"width\":145,\"height\":48,\"caption\":\"SendApp\"},\"image\":{\"@id\":\"https:\/\/sendapp.cloud\/en\/#\/schema\/logo\/image\/\"}}]}<\/script>\n<!-- \/ Yoast SEO plugin. -->","yoast_head_json":{"title":"Fun\u00e7\u00f5es - SendApp","robots":{"index":"index","follow":"follow","max-snippet":"max-snippet:-1","max-image-preview":"max-image-preview:large","max-video-preview":"max-video-preview:-1"},"canonical":"https:\/\/sendapp.cloud\/pt\/functions\/","og_locale":"pt_PT","og_type":"article","og_title":"functions - SendApp","og_url":"https:\/\/sendapp.cloud\/pt\/functions\/","og_site_name":"SendApp","article_modified_time":"2025-01-20T12:01:46+00:00","twitter_card":"summary_large_image","twitter_misc":{"Tempo estimado de leitura":"2 minutos"},"schema":{"@context":"https:\/\/schema.org","@graph":[{"@type":"WebPage","@id":"https:\/\/sendapp.cloud\/functions\/","url":"https:\/\/sendapp.cloud\/functions\/","name":"Fun\u00e7\u00f5es - SendApp","isPartOf":{"@id":"https:\/\/sendapp.cloud\/en\/#website"},"datePublished":"2025-01-20T11:45:37+00:00","dateModified":"2025-01-20T12:01:46+00:00","breadcrumb":{"@id":"https:\/\/sendapp.cloud\/functions\/#breadcrumb"},"inLanguage":"pt-PT","potentialAction":[{"@type":"ReadAction","target":["https:\/\/sendapp.cloud\/functions\/"]}]},{"@type":"BreadcrumbList","@id":"https:\/\/sendapp.cloud\/functions\/#breadcrumb","itemListElement":[{"@type":"ListItem","position":1,"name":"Home","item":"https:\/\/sendapp.cloud\/"},{"@type":"ListItem","position":2,"name":"functions"}]},{"@type":"WebSite","@id":"https:\/\/sendapp.cloud\/en\/#website","url":"https:\/\/sendapp.cloud\/en\/","name":"Enviar aplicativo","description":"Software de marketing do WhatsApp","publisher":{"@id":"https:\/\/sendapp.cloud\/en\/#organization"},"potentialAction":[{"@type":"SearchAction","target":{"@type":"EntryPoint","urlTemplate":"https:\/\/sendapp.cloud\/en\/?s={search_term_string}"},"query-input":{"@type":"PropertyValueSpecification","valueRequired":true,"valueName":"search_term_string"}}],"inLanguage":"pt-PT"},{"@type":"Organization","@id":"https:\/\/sendapp.cloud\/en\/#organization","name":"Enviar aplicativo","url":"https:\/\/sendapp.cloud\/en\/","logo":{"@type":"ImageObject","inLanguage":"pt-PT","@id":"https:\/\/sendapp.cloud\/en\/#\/schema\/logo\/image\/","url":"https:\/\/sendapp.cloud\/wp-content\/uploads\/2024\/11\/Logo-bianco.png","contentUrl":"https:\/\/sendapp.cloud\/wp-content\/uploads\/2024\/11\/Logo-bianco.png","width":145,"height":48,"caption":"SendApp"},"image":{"@id":"https:\/\/sendapp.cloud\/en\/#\/schema\/logo\/image\/"}}]}},"_links":{"self":[{"href":"https:\/\/sendapp.cloud\/pt\/wp-json\/wp\/v2\/pages\/33116","targetHints":{"allow":["GET"]}}],"collection":[{"href":"https:\/\/sendapp.cloud\/pt\/wp-json\/wp\/v2\/pages"}],"about":[{"href":"https:\/\/sendapp.cloud\/pt\/wp-json\/wp\/v2\/types\/page"}],"author":[{"embeddable":true,"href":"https:\/\/sendapp.cloud\/pt\/wp-json\/wp\/v2\/users\/1"}],"replies":[{"embeddable":true,"href":"https:\/\/sendapp.cloud\/pt\/wp-json\/wp\/v2\/comments?post=33116"}],"version-history":[{"count":2,"href":"https:\/\/sendapp.cloud\/pt\/wp-json\/wp\/v2\/pages\/33116\/revisions"}],"predecessor-version":[{"id":33120,"href":"https:\/\/sendapp.cloud\/pt\/wp-json\/wp\/v2\/pages\/33116\/revisions\/33120"}],"wp:attachment":[{"href":"https:\/\/sendapp.cloud\/pt\/wp-json\/wp\/v2\/media?parent=33116"}],"curies":[{"name":"wp","href":"https:\/\/api.w.org\/{rel}","templated":true}]}}