{"id":32991,"date":"2024-11-20T18:46:27","date_gmt":"2024-11-20T17:46:27","guid":{"rendered":"https:\/\/sendapp.live\/?page_id=32991"},"modified":"2024-11-20T18:46:27","modified_gmt":"2024-11-20T17:46:27","slug":"iscrizione-automatica-whatsapp","status":"publish","type":"page","link":"https:\/\/sendapp.cloud\/pt\/iscrizione-automatica-whatsapp\/","title":{"rendered":"Assinatura autom\u00e1tica do WhatsApp com o SendApp"},"content":{"rendered":"<div id=\"fws_69f5fa141e3f0\"  data-column-margin=\"default\" data-midnight=\"dark\"  class=\"wpb_row vc_row-fluid vc_row\"  style=\"padding-top: 0px; padding-bottom: 0px; \"><div class=\"row-bg-wrap\" data-bg-animation=\"none\" data-bg-animation-delay=\"\" data-bg-overlay=\"false\"><div class=\"inner-wrap row-bg-layer\" ><div class=\"row-bg viewport-desktop\"  style=\"\"><\/div><\/div><\/div><div class=\"row_col_wrap_12 col span_12 dark left\">\n\t<div  class=\"vc_col-sm-6 wpb_column column_container vc_column_container col no-extra-padding inherit_tablet inherit_phone\"  data-padding-pos=\"all\" data-has-bg-color=\"false\" data-bg-color=\"\" data-bg-opacity=\"1\" data-animation=\"\" data-delay=\"0\" >\n\t\t<div class=\"vc_column-inner\" >\n\t\t\t<div class=\"wpb_wrapper\">\n\t\t\t\t<div class=\"img-with-aniamtion-wrap\" data-max-width=\"100%\" data-max-width-mobile=\"default\" data-shadow=\"none\" data-animation=\"fade-in\" >\n      <div class=\"inner\">\n        <div class=\"hover-wrap\"> \n          <div class=\"hover-wrap-inner\">\n            <img loading=\"lazy\" decoding=\"async\" class=\"img-with-animation skip-lazy\" data-delay=\"0\" height=\"100\" width=\"100\" data-animation=\"fade-in\" src=\"\" alt=\"\"  \/>\n          <\/div>\n        <\/div>\n      <\/div>\n    <\/div>\n\t\t\t<\/div> \n\t\t<\/div>\n\t<\/div> \n\n\t<div style=\"margin-top: 5%; \" class=\"vc_col-sm-6 wpb_column column_container vc_column_container col no-extra-padding inherit_tablet inherit_phone\"  data-padding-pos=\"all\" data-has-bg-color=\"false\" data-bg-color=\"\" data-bg-opacity=\"1\" data-animation=\"\" data-delay=\"0\" >\n\t\t<div class=\"vc_column-inner\" >\n\t\t\t<div class=\"wpb_wrapper\">\n\t\t\t\t\n<div class=\"wpb_text_column wpb_content_element\" >\n\t<div class=\"wpb_wrapper\">\n\t\t<h1 style=\"text-align: left;\"><span style=\"color: #008000;\">Guia de Registro<\/span><\/h1>\n<h1 style=\"text-align: left;\"><span style=\"color: #008000;\">Autom\u00e1tico <\/span><span style=\"color: #008000;\">pelo WhatsApp<\/span><\/h1>\n<h1 style=\"text-align: left;\"><span style=\"color: #008000;\">com Sendapp Desktop<\/span><\/h1>\n<h1 style=\"text-align: left;\"><span style=\"color: #008000;\">\u00a0<\/span><\/h1>\n\t<\/div>\n<\/div>\n\n\n\n\n\t\t\t<\/div> \n\t\t<\/div>\n\t<\/div> \n<\/div><\/div>\n\t\t<div id=\"fws_69f5fa14201de\"  data-column-margin=\"default\" data-midnight=\"dark\"  class=\"wpb_row vc_row-fluid vc_row\"  style=\"padding-top: 0px; padding-bottom: 0px; \"><div class=\"row-bg-wrap\" data-bg-animation=\"none\" data-bg-animation-delay=\"\" data-bg-overlay=\"false\"><div class=\"inner-wrap row-bg-layer\" ><div class=\"row-bg viewport-desktop\"  style=\"\"><\/div><\/div><\/div><div class=\"row_col_wrap_12 col span_12 dark left\">\n\t<div  class=\"vc_col-sm-12 wpb_column column_container vc_column_container col no-extra-padding inherit_tablet inherit_phone\"  data-padding-pos=\"all\" data-has-bg-color=\"false\" data-bg-color=\"\" data-bg-opacity=\"1\" data-animation=\"\" data-delay=\"0\" >\n\t\t<div class=\"vc_column-inner\" >\n\t\t\t<div class=\"wpb_wrapper\">\n\t\t\t\t\n<div class=\"wpb_text_column wpb_content_element\" >\n\t<div class=\"wpb_wrapper\">\n\t\t\t<\/div>\n<\/div>\n\n\n\n\n\t\t\t<\/div> \n\t\t<\/div>\n\t<\/div> \n<\/div><\/div>\n\t\t<div id=\"fws_69f5fa1420d1e\"  data-column-margin=\"default\" data-midnight=\"dark\"  class=\"wpb_row vc_row-fluid vc_row\"  style=\"padding-top: 0px; padding-bottom: 0px; \"><div class=\"row-bg-wrap\" data-bg-animation=\"none\" data-bg-animation-delay=\"\" data-bg-overlay=\"false\"><div class=\"inner-wrap row-bg-layer\" ><div class=\"row-bg viewport-desktop\"  style=\"\"><\/div><\/div><\/div><div class=\"row_col_wrap_12 col span_12 dark left\">\n\t<div  class=\"vc_col-sm-12 wpb_column column_container vc_column_container col no-extra-padding inherit_tablet inherit_phone\"  data-padding-pos=\"all\" data-has-bg-color=\"false\" data-bg-color=\"\" data-bg-opacity=\"1\" data-animation=\"\" data-delay=\"0\" >\n\t\t<div class=\"vc_column-inner\" >\n\t\t\t<div class=\"wpb_wrapper\">\n\t\t\t\t\n<div class=\"wpb_text_column wpb_content_element\" >\n\t<div class=\"wpb_wrapper\">\n\t\t<p class=\"p3\">A vers\u00e3o mais recente de <b>Sendapp Desktop<\/b> apresenta uma funcionalidade inovadora para simplificar a gest\u00e3o de campanhas publicit\u00e1rias: o<b>Registro Autom\u00e1tico<\/b>Neste guia, mostraremos passo a passo como ativar e usar esse recurso para coletar contatos de forma r\u00e1pida e autom\u00e1tica. Esse recurso tamb\u00e9m minimiza as notifica\u00e7\u00f5es na sua conta, pois o pr\u00f3prio cliente aceitar\u00e1 o envio de campanhas promocionais.<\/p>\n<p class=\"p5\"><b>1. Ative a assinatura autom\u00e1tica<\/b><b><\/b><\/p>\n<p class=\"p6\">\u2022Fa\u00e7a login para <a href=\"https:\/\/sendapp.live\/it\/sendapp-desktop-price\/\" target=\"_blank\" rel=\"noopener\"><b>Sendapp Desktop<\/b><\/a>.<br \/>\n\u2022Selecione o <b>segundo \u00edcone do topo<\/b> (Colunas).<br \/>\n\u2022\u00c0 direita do bot\u00e3o <b>Otimizar<\/b>, voc\u00ea encontrar\u00e1 o novo bot\u00e3o <b>Registro Autom\u00e1tico<\/b>.<br \/>\n\u2022Clique em <b>Registro Autom\u00e1tico<\/b>: uma janela dedicada ser\u00e1 aberta com dois campos principais.<\/p>\n<p class=\"p5\"><b><img loading=\"lazy\" decoding=\"async\" class=\"alignnone size-full wp-image-33026\" src=\"https:\/\/sendapp.live\/wp-content\/uploads\/2024\/11\/Screenshot-2024-11-20-alle-19.47.57-2.png\" alt=\"\" width=\"2556\" height=\"1535\" \/><\/b><\/p>\n<p class=\"p5\"><b>2. Configurar mensagens autom\u00e1ticas<\/b><b><\/b><\/p>\n<p><img loading=\"lazy\" decoding=\"async\" class=\"alignnone size-full wp-image-33031\" src=\"https:\/\/sendapp.live\/wp-content\/uploads\/2024\/11\/Screenshot-2024-11-20-alle-19.48.30-1.png\" alt=\"\" width=\"2558\" height=\"1536\" \/><\/p>\n<p class=\"p6\">\u2022<b>Digite a palavra-chave<\/b>:<\/p>\n<p class=\"p7\">\u2022Neste campo, escreva uma palavra-chave que os clientes ter\u00e3o que enviar no chat para se inscreverem em suas campanhas<br \/>\n\u2022Exemplo: <span class=\"s2\">inscrever-se<\/span>.<\/p>\n<p class=\"p6\">\u2022<b>Resposta autom\u00e1tica<\/b>:<br \/>\n\u2022Digite aqui a mensagem de confirma\u00e7\u00e3o que ser\u00e1 enviada automaticamente ao cliente ap\u00f3s o registro.<br \/>\n<span class=\"s3\">\u2022 Exemplo: <\/span>Voc\u00ea se inscreveu com sucesso em nossas campanhas.<\/p>\n<p><img loading=\"lazy\" decoding=\"async\" class=\"alignnone size-full wp-image-33032\" src=\"https:\/\/sendapp.live\/wp-content\/uploads\/2024\/11\/Screenshot-2024-11-20-alle-19.49.43.png\" alt=\"\" width=\"2558\" height=\"1538\" \/><\/p>\n<p class=\"p5\"><b>3. Crie o link de clique para conversar<\/b><b><\/b><\/p>\n<p class=\"p3\">Para convidar novos clientes a se inscreverem, voc\u00ea precisa criar um link personalizado que pode ser compartilhado por v\u00e1rios canais, como m\u00eddia social, SMS ou e-mail.<\/p>\n<p><img loading=\"lazy\" decoding=\"async\" class=\"alignnone size-full wp-image-33034\" src=\"https:\/\/sendapp.live\/wp-content\/uploads\/2024\/11\/Screenshot-2024-11-20-alle-19.50.43-1.png\" alt=\"\" width=\"2558\" height=\"1538\" \/><\/p>\n<p>&nbsp;<\/p>\n<p class=\"p6\">\u2022 <b>Acesso ao Click-to-Chat<\/b>:<br \/>\n\u2022 Clique no <b>s\u00e9timo \u00edcone do topo<\/b> no menu do Sendapp Desktop.<br \/>\n\u2022 <b>Preencha os dados necess\u00e1rios<\/b>:<br \/>\n\u2022 <b>N\u00famero de telefone<\/b>: Digite seu n\u00famero, incluindo o prefixo internacional.<br \/>\n\u2022 <b>Mensagem predefinida<\/b>:<br \/>\n\u2022 <strong>N\u00f3s recomendamos voc\u00ea<\/strong> para usar um texto como o seguinte:<\/p>\n<p class=\"p10\">Gostaria de assinar suas promo\u00e7\u00f5es e autorizar o processamento de dados pessoais de acordo com o GDPR.<\/p>\n<p><img loading=\"lazy\" decoding=\"async\" class=\"alignnone size-full wp-image-33035\" src=\"https:\/\/sendapp.live\/wp-content\/uploads\/2024\/11\/Screenshot-2024-11-20-alle-19.55.39.png\" alt=\"\" width=\"2558\" height=\"1538\" \/><\/p>\n<p><b>Compartilhe o link<\/b>:<br \/>\n\u2022 Ap\u00f3s criar o link, voc\u00ea pode envi\u00e1-lo pelos seus canais preferidos. Quando um cliente clica no link:<br \/>\n1. Um bate-papo ser\u00e1 aberto automaticamente com seu n\u00famero.<br \/>\n2. A mensagem j\u00e1 estar\u00e1 preenchida.<br \/>\n3. O cliente s\u00f3 ter\u00e1 que envi\u00e1-lo.<\/p>\n<p><img loading=\"lazy\" decoding=\"async\" class=\"alignnone size-full wp-image-33036\" src=\"https:\/\/sendapp.live\/wp-content\/uploads\/2024\/11\/Screenshot-2024-11-20-alle-19.55.45.png\" alt=\"\" width=\"2558\" height=\"1538\" \/><\/p>\n<p class=\"p5\"><b>4. Gerenciar assinantes autom\u00e1ticos<\/b><b><\/b><\/p>\n<p class=\"p3\">Assim que o cliente enviar a mensagem com a palavra-chave, ele ser\u00e1 automaticamente adicionado a um novo cat\u00e1logo de endere\u00e7os chamado <b>Inscrever-se Contatos<\/b>Este cat\u00e1logo de endere\u00e7os permitir\u00e1 que voc\u00ea gerencie e organize facilmente os novos contatos que voc\u00ea coletar.<\/p>\n<p class=\"p3\">Com esse recurso, o Sendapp Desktop torna ainda mais f\u00e1cil expandir sua rede de contatos e automatizar o processo de inscri\u00e7\u00e3o em campanhas publicit\u00e1rias.<\/p>\n<p class=\"p3\"><b>Experimente agora a Assinatura Autom\u00e1tica e melhore a gest\u00e3o das suas promo\u00e7\u00f5es!<\/b><\/p>\n\t<\/div>\n<\/div>\n\n\n\n\n\t\t\t<\/div> \n\t\t<\/div>\n\t<\/div> \n<\/div><\/div>","protected":false},"excerpt":{"rendered":"Guia de Assinatura Autom\u00e1tica do WhatsApp com o Sendapp Desktop A vers\u00e3o mais recente do Sendapp Desktop apresenta um recurso inovador para simplificar o gerenciamento de campanhas publicit\u00e1rias: a Assinatura Autom\u00e1tica. Neste guia,...","protected":false},"author":1,"featured_media":0,"parent":0,"menu_order":0,"comment_status":"closed","ping_status":"closed","template":"","meta":{"footnotes":""},"class_list":["post-32991","page","type-page","status-publish"],"yoast_head":"<!-- This site is optimized with the Yoast SEO plugin v27.4 - https:\/\/yoast.com\/product\/yoast-seo-wordpress\/ -->\n<title>Iscrizione automatica whatsapp con SendApp<\/title>\n<meta name=\"description\" content=\"Iscrizione automatica whatsapp per ridurre al massimo il rischio dei \u2018Blocca e Segnala\u2019 ed evitare il ban su WhatsApp\" \/>\n<meta name=\"robots\" content=\"index, follow, max-snippet:-1, max-image-preview:large, max-video-preview:-1\" \/>\n<link rel=\"canonical\" href=\"https:\/\/sendapp.cloud\/pt\/iscrizione-automatica-whatsapp\/\" \/>\n<meta property=\"og:locale\" content=\"pt_PT\" \/>\n<meta property=\"og:type\" content=\"article\" \/>\n<meta property=\"og:title\" content=\"Iscrizione automatica whatsapp con SendApp\" \/>\n<meta property=\"og:description\" content=\"Iscrizione automatica whatsapp per ridurre al massimo il rischio dei \u2018Blocca e Segnala\u2019 ed evitare il ban su WhatsApp\" \/>\n<meta property=\"og:url\" content=\"https:\/\/sendapp.cloud\/pt\/iscrizione-automatica-whatsapp\/\" \/>\n<meta property=\"og:site_name\" content=\"SendApp\" \/>\n<meta property=\"og:image\" content=\"https:\/\/sendapp.live\/wp-content\/uploads\/2024\/11\/Screenshot-2024-11-20-alle-19.47.57-2.png\" \/>\n<meta name=\"twitter:card\" content=\"summary_large_image\" \/>\n<meta name=\"twitter:label1\" content=\"Tempo estimado de leitura\" \/>\n\t<meta name=\"twitter:data1\" content=\"4 minutos\" \/>\n<script type=\"application\/ld+json\" class=\"yoast-schema-graph\">{\"@context\":\"https:\\\/\\\/schema.org\",\"@graph\":[{\"@type\":\"WebPage\",\"@id\":\"https:\\\/\\\/sendapp.cloud\\\/iscrizione-automatica-whatsapp\\\/\",\"url\":\"https:\\\/\\\/sendapp.cloud\\\/iscrizione-automatica-whatsapp\\\/\",\"name\":\"Iscrizione automatica whatsapp con SendApp\",\"isPartOf\":{\"@id\":\"https:\\\/\\\/sendapp.cloud\\\/en\\\/#website\"},\"primaryImageOfPage\":{\"@id\":\"https:\\\/\\\/sendapp.cloud\\\/iscrizione-automatica-whatsapp\\\/#primaryimage\"},\"image\":{\"@id\":\"https:\\\/\\\/sendapp.cloud\\\/iscrizione-automatica-whatsapp\\\/#primaryimage\"},\"thumbnailUrl\":\"https:\\\/\\\/sendapp.live\\\/wp-content\\\/uploads\\\/2024\\\/11\\\/Screenshot-2024-11-20-alle-19.47.57-2.png\",\"datePublished\":\"2024-11-20T17:46:27+00:00\",\"description\":\"Iscrizione automatica whatsapp per ridurre al massimo il rischio dei \u2018Blocca e Segnala\u2019 ed evitare il ban su WhatsApp\",\"breadcrumb\":{\"@id\":\"https:\\\/\\\/sendapp.cloud\\\/iscrizione-automatica-whatsapp\\\/#breadcrumb\"},\"inLanguage\":\"pt-PT\",\"potentialAction\":[{\"@type\":\"ReadAction\",\"target\":[\"https:\\\/\\\/sendapp.cloud\\\/iscrizione-automatica-whatsapp\\\/\"]}]},{\"@type\":\"ImageObject\",\"inLanguage\":\"pt-PT\",\"@id\":\"https:\\\/\\\/sendapp.cloud\\\/iscrizione-automatica-whatsapp\\\/#primaryimage\",\"url\":\"https:\\\/\\\/sendapp.live\\\/wp-content\\\/uploads\\\/2024\\\/11\\\/Screenshot-2024-11-20-alle-19.47.57-2.png\",\"contentUrl\":\"https:\\\/\\\/sendapp.live\\\/wp-content\\\/uploads\\\/2024\\\/11\\\/Screenshot-2024-11-20-alle-19.47.57-2.png\"},{\"@type\":\"BreadcrumbList\",\"@id\":\"https:\\\/\\\/sendapp.cloud\\\/iscrizione-automatica-whatsapp\\\/#breadcrumb\",\"itemListElement\":[{\"@type\":\"ListItem\",\"position\":1,\"name\":\"Home\",\"item\":\"https:\\\/\\\/sendapp.cloud\\\/\"},{\"@type\":\"ListItem\",\"position\":2,\"name\":\"Iscrizione automatica whatsapp con SendApp\"}]},{\"@type\":\"WebSite\",\"@id\":\"https:\\\/\\\/sendapp.cloud\\\/en\\\/#website\",\"url\":\"https:\\\/\\\/sendapp.cloud\\\/en\\\/\",\"name\":\"SendApp\",\"description\":\"Software Whatsapp Marketing\",\"publisher\":{\"@id\":\"https:\\\/\\\/sendapp.cloud\\\/en\\\/#organization\"},\"potentialAction\":[{\"@type\":\"SearchAction\",\"target\":{\"@type\":\"EntryPoint\",\"urlTemplate\":\"https:\\\/\\\/sendapp.cloud\\\/en\\\/?s={search_term_string}\"},\"query-input\":{\"@type\":\"PropertyValueSpecification\",\"valueRequired\":true,\"valueName\":\"search_term_string\"}}],\"inLanguage\":\"pt-PT\"},{\"@type\":\"Organization\",\"@id\":\"https:\\\/\\\/sendapp.cloud\\\/en\\\/#organization\",\"name\":\"SendApp\",\"url\":\"https:\\\/\\\/sendapp.cloud\\\/en\\\/\",\"logo\":{\"@type\":\"ImageObject\",\"inLanguage\":\"pt-PT\",\"@id\":\"https:\\\/\\\/sendapp.cloud\\\/en\\\/#\\\/schema\\\/logo\\\/image\\\/\",\"url\":\"https:\\\/\\\/sendapp.cloud\\\/wp-content\\\/uploads\\\/2024\\\/11\\\/Logo-bianco.png\",\"contentUrl\":\"https:\\\/\\\/sendapp.cloud\\\/wp-content\\\/uploads\\\/2024\\\/11\\\/Logo-bianco.png\",\"width\":145,\"height\":48,\"caption\":\"SendApp\"},\"image\":{\"@id\":\"https:\\\/\\\/sendapp.cloud\\\/en\\\/#\\\/schema\\\/logo\\\/image\\\/\"}}]}<\/script>\n<!-- \/ Yoast SEO plugin. -->","yoast_head_json":{"title":"Assinatura autom\u00e1tica do WhatsApp com o SendApp","description":"Cadastre-se automaticamente no WhatsApp para minimizar o risco de &quot;Bloqueio e Den\u00fancia&quot; e evitar ser banido do WhatsApp.","robots":{"index":"index","follow":"follow","max-snippet":"max-snippet:-1","max-image-preview":"max-image-preview:large","max-video-preview":"max-video-preview:-1"},"canonical":"https:\/\/sendapp.cloud\/pt\/iscrizione-automatica-whatsapp\/","og_locale":"pt_PT","og_type":"article","og_title":"Iscrizione automatica whatsapp con SendApp","og_description":"Iscrizione automatica whatsapp per ridurre al massimo il rischio dei \u2018Blocca e Segnala\u2019 ed evitare il ban su WhatsApp","og_url":"https:\/\/sendapp.cloud\/pt\/iscrizione-automatica-whatsapp\/","og_site_name":"SendApp","og_image":[{"url":"https:\/\/sendapp.live\/wp-content\/uploads\/2024\/11\/Screenshot-2024-11-20-alle-19.47.57-2.png","type":"","width":"","height":""}],"twitter_card":"summary_large_image","twitter_misc":{"Tempo estimado de leitura":"4 minutos"},"schema":{"@context":"https:\/\/schema.org","@graph":[{"@type":"WebPage","@id":"https:\/\/sendapp.cloud\/iscrizione-automatica-whatsapp\/","url":"https:\/\/sendapp.cloud\/iscrizione-automatica-whatsapp\/","name":"Assinatura autom\u00e1tica do WhatsApp com o SendApp","isPartOf":{"@id":"https:\/\/sendapp.cloud\/en\/#website"},"primaryImageOfPage":{"@id":"https:\/\/sendapp.cloud\/iscrizione-automatica-whatsapp\/#primaryimage"},"image":{"@id":"https:\/\/sendapp.cloud\/iscrizione-automatica-whatsapp\/#primaryimage"},"thumbnailUrl":"https:\/\/sendapp.live\/wp-content\/uploads\/2024\/11\/Screenshot-2024-11-20-alle-19.47.57-2.png","datePublished":"2024-11-20T17:46:27+00:00","description":"Cadastre-se automaticamente no WhatsApp para minimizar o risco de &quot;Bloqueio e Den\u00fancia&quot; e evitar ser banido do WhatsApp.","breadcrumb":{"@id":"https:\/\/sendapp.cloud\/iscrizione-automatica-whatsapp\/#breadcrumb"},"inLanguage":"pt-PT","potentialAction":[{"@type":"ReadAction","target":["https:\/\/sendapp.cloud\/iscrizione-automatica-whatsapp\/"]}]},{"@type":"ImageObject","inLanguage":"pt-PT","@id":"https:\/\/sendapp.cloud\/iscrizione-automatica-whatsapp\/#primaryimage","url":"https:\/\/sendapp.live\/wp-content\/uploads\/2024\/11\/Screenshot-2024-11-20-alle-19.47.57-2.png","contentUrl":"https:\/\/sendapp.live\/wp-content\/uploads\/2024\/11\/Screenshot-2024-11-20-alle-19.47.57-2.png"},{"@type":"BreadcrumbList","@id":"https:\/\/sendapp.cloud\/iscrizione-automatica-whatsapp\/#breadcrumb","itemListElement":[{"@type":"ListItem","position":1,"name":"Home","item":"https:\/\/sendapp.cloud\/"},{"@type":"ListItem","position":2,"name":"Iscrizione automatica whatsapp con SendApp"}]},{"@type":"WebSite","@id":"https:\/\/sendapp.cloud\/en\/#website","url":"https:\/\/sendapp.cloud\/en\/","name":"Enviar aplicativo","description":"Software de marketing do WhatsApp","publisher":{"@id":"https:\/\/sendapp.cloud\/en\/#organization"},"potentialAction":[{"@type":"SearchAction","target":{"@type":"EntryPoint","urlTemplate":"https:\/\/sendapp.cloud\/en\/?s={search_term_string}"},"query-input":{"@type":"PropertyValueSpecification","valueRequired":true,"valueName":"search_term_string"}}],"inLanguage":"pt-PT"},{"@type":"Organization","@id":"https:\/\/sendapp.cloud\/en\/#organization","name":"Enviar aplicativo","url":"https:\/\/sendapp.cloud\/en\/","logo":{"@type":"ImageObject","inLanguage":"pt-PT","@id":"https:\/\/sendapp.cloud\/en\/#\/schema\/logo\/image\/","url":"https:\/\/sendapp.cloud\/wp-content\/uploads\/2024\/11\/Logo-bianco.png","contentUrl":"https:\/\/sendapp.cloud\/wp-content\/uploads\/2024\/11\/Logo-bianco.png","width":145,"height":48,"caption":"SendApp"},"image":{"@id":"https:\/\/sendapp.cloud\/en\/#\/schema\/logo\/image\/"}}]}},"_links":{"self":[{"href":"https:\/\/sendapp.cloud\/pt\/wp-json\/wp\/v2\/pages\/32991","targetHints":{"allow":["GET"]}}],"collection":[{"href":"https:\/\/sendapp.cloud\/pt\/wp-json\/wp\/v2\/pages"}],"about":[{"href":"https:\/\/sendapp.cloud\/pt\/wp-json\/wp\/v2\/types\/page"}],"author":[{"embeddable":true,"href":"https:\/\/sendapp.cloud\/pt\/wp-json\/wp\/v2\/users\/1"}],"replies":[{"embeddable":true,"href":"https:\/\/sendapp.cloud\/pt\/wp-json\/wp\/v2\/comments?post=32991"}],"version-history":[{"count":0,"href":"https:\/\/sendapp.cloud\/pt\/wp-json\/wp\/v2\/pages\/32991\/revisions"}],"wp:attachment":[{"href":"https:\/\/sendapp.cloud\/pt\/wp-json\/wp\/v2\/media?parent=32991"}],"curies":[{"name":"wp","href":"https:\/\/api.w.org\/{rel}","templated":true}]}}