{"id":32983,"date":"2024-11-20T18:02:24","date_gmt":"2024-11-20T17:02:24","guid":{"rendered":"https:\/\/sendapp.live\/?page_id=32983"},"modified":"2025-01-20T16:00:02","modified_gmt":"2025-01-20T15:00:02","slug":"disiscritti-automatici-whatsapp","status":"publish","type":"page","link":"https:\/\/sendapp.cloud\/pt\/disiscritti-automatici-whatsapp\/","title":{"rendered":"Cancele automaticamente a inscri\u00e7\u00e3o no WhatsApp com o SendApp."},"content":{"rendered":"<div id=\"fws_69e074d4c96a2\"  data-column-margin=\"default\" data-midnight=\"dark\"  class=\"wpb_row vc_row-fluid vc_row\"  style=\"padding-top: 0px; padding-bottom: 0px; \"><div class=\"row-bg-wrap\" data-bg-animation=\"none\" data-bg-animation-delay=\"\" data-bg-overlay=\"false\"><div class=\"inner-wrap row-bg-layer\" ><div class=\"row-bg viewport-desktop\"  style=\"\"><\/div><\/div><\/div><div class=\"row_col_wrap_12 col span_12 dark left\">\n\t<div  class=\"vc_col-sm-6 wpb_column column_container vc_column_container col no-extra-padding inherit_tablet inherit_phone\"  data-padding-pos=\"all\" data-has-bg-color=\"false\" data-bg-color=\"\" data-bg-opacity=\"1\" data-animation=\"\" data-delay=\"0\" >\n\t\t<div class=\"vc_column-inner\" >\n\t\t\t<div class=\"wpb_wrapper\">\n\t\t\t\t<div class=\"img-with-aniamtion-wrap\" data-max-width=\"100%\" data-max-width-mobile=\"default\" data-shadow=\"none\" data-animation=\"fade-in\" >\n      <div class=\"inner\">\n        <div class=\"hover-wrap\"> \n          <div class=\"hover-wrap-inner\">\n            <img loading=\"lazy\" decoding=\"async\" class=\"img-with-animation skip-lazy\" data-delay=\"0\" height=\"863\" width=\"931\" data-animation=\"fade-in\" src=\"https:\/\/sendapp.cloud\/wp-content\/uploads\/2025\/01\/unsubscribe-whatsapp-sendapp.png\" alt=\"\" srcset=\"https:\/\/sendapp.cloud\/wp-content\/uploads\/2025\/01\/unsubscribe-whatsapp-sendapp.png 931w, https:\/\/sendapp.cloud\/wp-content\/uploads\/2025\/01\/unsubscribe-whatsapp-sendapp-300x278.png 300w, https:\/\/sendapp.cloud\/wp-content\/uploads\/2025\/01\/unsubscribe-whatsapp-sendapp-768x712.png 768w, https:\/\/sendapp.cloud\/wp-content\/uploads\/2025\/01\/unsubscribe-whatsapp-sendapp-13x12.png 13w\" sizes=\"auto, (max-width: 931px) 100vw, 931px\" \/>\n          <\/div>\n        <\/div>\n      <\/div>\n    <\/div>\n\t\t\t<\/div> \n\t\t<\/div>\n\t<\/div> \n\n\t<div style=\"margin-top: 10%; \" class=\"vc_col-sm-6 wpb_column column_container vc_column_container col no-extra-padding inherit_tablet inherit_phone\"  data-padding-pos=\"all\" data-has-bg-color=\"false\" data-bg-color=\"\" data-bg-opacity=\"1\" data-animation=\"\" data-delay=\"0\" >\n\t\t<div class=\"vc_column-inner\" >\n\t\t\t<div class=\"wpb_wrapper\">\n\t\t\t\t\n<div class=\"wpb_text_column wpb_content_element\" >\n\t<div class=\"wpb_wrapper\">\n\t\t<h1 style=\"text-align: left;\"><span style=\"color: #008000;\">Guia de cancelamento autom\u00e1tico de assinatura<\/span><\/h1>\n<h1 style=\"text-align: left;\"><span style=\"color: #008000;\">do WhatsApp com o Sendapp Desktop<\/span><\/h1>\n\t<\/div>\n<\/div>\n\n\n\n\n\t\t\t<\/div> \n\t\t<\/div>\n\t<\/div> \n<\/div><\/div>\n\t\t<div id=\"fws_69e074d4ca75a\"  data-column-margin=\"default\" data-midnight=\"dark\"  class=\"wpb_row vc_row-fluid vc_row\"  style=\"padding-top: 0px; padding-bottom: 0px; \"><div class=\"row-bg-wrap\" data-bg-animation=\"none\" data-bg-animation-delay=\"\" data-bg-overlay=\"false\"><div class=\"inner-wrap row-bg-layer\" ><div class=\"row-bg viewport-desktop\"  style=\"\"><\/div><\/div><\/div><div class=\"row_col_wrap_12 col span_12 dark left\">\n\t<div  class=\"vc_col-sm-12 wpb_column column_container vc_column_container col no-extra-padding inherit_tablet inherit_phone\"  data-padding-pos=\"all\" data-has-bg-color=\"false\" data-bg-color=\"\" data-bg-opacity=\"1\" data-animation=\"\" data-delay=\"0\" >\n\t\t<div class=\"vc_column-inner\" >\n\t\t\t<div class=\"wpb_wrapper\">\n\t\t\t\t\n<div class=\"wpb_text_column wpb_content_element\" >\n\t<div class=\"wpb_wrapper\">\n\t\t<p class=\"p3\">A fun\u00e7\u00e3o de <b>Cancelamento autom\u00e1tico de assinatura<\/b> sobre <a href=\"https:\/\/sendapp.live\/it\/sendapp-desktop-price\/\" target=\"_blank\" rel=\"noopener\">Sendapp Desktop<\/a> Ele permite que voc\u00ea ofere\u00e7a aos seus clientes uma maneira simples e transparente de cancelar a assinatura de suas campanhas promocionais. Siga este guia para configurar e aproveitar ao m\u00e1ximo esse recurso e gerenciar cancelamentos de assinatura.<\/p>\n<p><img loading=\"lazy\" decoding=\"async\" class=\"alignnone size-full wp-image-33038\" src=\"https:\/\/sendapp.live\/wp-content\/uploads\/2024\/11\/Screenshot-2024-11-20-alle-20.17.30.png\" alt=\"\" width=\"2558\" height=\"1538\" \/><\/p>\n<h3 class=\"p5\"><b>1. Habilitar cancelamento autom\u00e1tico de assinatura<\/b><b><\/b><\/h3>\n<p class=\"p6\">\u2022 Fa\u00e7a login em <b>Sendapp Desktop<\/b>.<br \/>\n\u2022 Clique no <b>nono \u00edcone do topo<\/b> (Cancelar inscri\u00e7\u00e3o).<br \/>\n\u2022 \u00c0 direita do campo de pesquisa, voc\u00ea encontrar\u00e1 o bot\u00e3o <b>Cancelamento autom\u00e1tico de assinatura<\/b>.<br \/>\n\u2022 Clique em <b>Cancelamento autom\u00e1tico de assinatura<\/b>: uma janela ser\u00e1 aberta com dois campos principais.<\/p>\n<p><img loading=\"lazy\" decoding=\"async\" class=\"alignnone size-full wp-image-33040\" src=\"https:\/\/sendapp.live\/wp-content\/uploads\/2024\/11\/Screenshot-2024-11-20-alle-20.17.48-1.png\" alt=\"\" width=\"2558\" height=\"1538\" \/><\/p>\n<h3 class=\"p5\"><b>2. Configurar mensagens de cancelamento de assinatura<\/b><b><\/b><\/h3>\n<p class=\"p6\">\u2022<b>Digite a palavra-chave<\/b>:<br \/>\n\u2022 Neste campo, escreva a palavra que os clientes ter\u00e3o que enviar no chat para cancelar a inscri\u00e7\u00e3o.<br \/>\n\u2022 Exemplo: <span class=\"s2\">cancelar minha inscri\u00e7\u00e3o<\/span>.<\/p>\n<p>\u2022<b>Resposta autom\u00e1tica<\/b>:<br \/>\n\u2022 Insira aqui a mensagem de confirma\u00e7\u00e3o que ser\u00e1 enviada automaticamente ao cliente ap\u00f3s o cancelamento da assinatura.<br \/>\n<span class=\"s3\">\u2022 Exemplo: <\/span>O cancelamento da assinatura foi realizado com sucesso.<\/p>\n<p><img loading=\"lazy\" decoding=\"async\" class=\"alignnone size-full wp-image-33041\" src=\"https:\/\/sendapp.live\/wp-content\/uploads\/2024\/11\/Screenshot-2024-11-20-alle-20.18.06.png\" alt=\"\" width=\"2558\" height=\"1538\" \/><\/p>\n<h3 class=\"p5\"><b>3. Dicas para uso em campanhas promocionais<\/b><b><\/b><\/h3>\n<p class=\"p3\">Para tornar o processo transparente e cumprir com os regulamentos do GDPR, recomendamos incluir uma mensagem de cancelamento de assinatura em suas campanhas promocionais. Veja um exemplo para adicionar ao final das suas mensagens:<\/p>\n<p class=\"p9\">Se n\u00e3o desejar mais receber mensagens promocionais, escreva <span class=\"s4\">\u201ccancelar inscri\u00e7\u00e3o\u201d<\/span>.<br \/>\nDessa forma, seus clientes saber\u00e3o como cancelar a assinatura de forma f\u00e1cil e sem complica\u00e7\u00f5es.<\/p>\n<h3 class=\"p5\"><b>4. Gerenciar contatos cancelados<\/b><b><\/b><\/h3>\n<p class=\"p3\">Assim que um cliente enviar a palavra-chave de cancelamento de assinatura, ele ser\u00e1 automaticamente removido do cat\u00e1logo de endere\u00e7os da sua campanha ativa. Este recurso permite que voc\u00ea mantenha um gerenciamento de contatos organizado e em conformidade.<\/p>\n<p class=\"p3\">Com o <b>Cancelamento autom\u00e1tico de assinatura<\/b>O Sendapp Desktop ajuda voc\u00ea a garantir intera\u00e7\u00f5es respeitosas e profissionais com seus clientes, melhorando a experi\u00eancia deles e aumentando a confian\u00e7a em seus servi\u00e7os.<\/p>\n<p><b>Ative esse recurso hoje mesmo para oferecer um atendimento cada vez mais transparente e personalizado!<\/b><\/p>\n\t<\/div>\n<\/div>\n\n\n\n\n\t\t\t<\/div> \n\t\t<\/div>\n\t<\/div> \n<\/div><\/div>\n\t\t<div id=\"fws_69e074d4cacd6\"  data-column-margin=\"default\" data-midnight=\"dark\"  class=\"wpb_row vc_row-fluid vc_row\"  style=\"padding-top: 0px; padding-bottom: 0px; \"><div class=\"row-bg-wrap\" data-bg-animation=\"none\" data-bg-animation-delay=\"\" data-bg-overlay=\"false\"><div class=\"inner-wrap row-bg-layer\" ><div class=\"row-bg viewport-desktop\"  style=\"\"><\/div><\/div><\/div><div class=\"row_col_wrap_12 col span_12 dark left\">\n\t<div  class=\"vc_col-sm-12 wpb_column column_container vc_column_container col no-extra-padding inherit_tablet inherit_phone\"  data-padding-pos=\"all\" data-has-bg-color=\"false\" data-bg-color=\"\" data-bg-opacity=\"1\" data-animation=\"\" data-delay=\"0\" >\n\t\t<div class=\"vc_column-inner\" >\n\t\t\t<div class=\"wpb_wrapper\">\n\t\t\t\t<div class=\"divider-wrap\" data-alignment=\"default\"><div style=\"height: 50px;\" class=\"divider\"><\/div><\/div>\n\t\t\t<\/div> \n\t\t<\/div>\n\t<\/div> \n<\/div><\/div>","protected":false},"excerpt":{"rendered":"Guia de cancelamento autom\u00e1tico de inscri\u00e7\u00e3o no WhatsApp com o Sendapp Desktop. O recurso de cancelamento autom\u00e1tico de inscri\u00e7\u00e3o no Sendapp Desktop permite que voc\u00ea ofere\u00e7a aos seus clientes uma maneira simples e transparente de...","protected":false},"author":1,"featured_media":0,"parent":0,"menu_order":0,"comment_status":"closed","ping_status":"closed","template":"","meta":{"footnotes":""},"class_list":["post-32983","page","type-page","status-publish"],"yoast_head":"<!-- This site is optimized with the Yoast SEO plugin v26.8 - https:\/\/yoast.com\/product\/yoast-seo-wordpress\/ -->\n<title>Disiscritti automatici WhatsApp<\/title>\n<meta name=\"description\" content=\"Come effettuare le disiscrizioni automatiche whatsapp per evitare le segnalazioni delgi utenti di whatsapp\" \/>\n<meta name=\"robots\" content=\"index, follow, max-snippet:-1, max-image-preview:large, max-video-preview:-1\" \/>\n<link rel=\"canonical\" href=\"https:\/\/sendapp.cloud\/pt\/disiscritti-automatici-whatsapp\/\" \/>\n<meta property=\"og:locale\" content=\"pt_PT\" \/>\n<meta property=\"og:type\" content=\"article\" \/>\n<meta property=\"og:title\" content=\"Disiscritti automatici WhatsApp\" \/>\n<meta property=\"og:description\" content=\"Come effettuare le disiscrizioni automatiche whatsapp per evitare le segnalazioni delgi utenti di whatsapp\" \/>\n<meta property=\"og:url\" content=\"https:\/\/sendapp.cloud\/pt\/disiscritti-automatici-whatsapp\/\" \/>\n<meta property=\"og:site_name\" content=\"SendApp\" \/>\n<meta property=\"article:modified_time\" content=\"2025-01-20T15:00:02+00:00\" \/>\n<meta property=\"og:image\" content=\"https:\/\/sendapp.live\/wp-content\/uploads\/2024\/11\/Screenshot-2024-11-20-alle-20.17.30.png\" \/>\n<meta name=\"twitter:card\" content=\"summary_large_image\" \/>\n<meta name=\"twitter:label1\" content=\"Tempo estimado de leitura\" \/>\n\t<meta name=\"twitter:data1\" content=\"2 minutos\" \/>\n<script type=\"application\/ld+json\" class=\"yoast-schema-graph\">{\"@context\":\"https:\/\/schema.org\",\"@graph\":[{\"@type\":\"WebPage\",\"@id\":\"https:\/\/sendapp.cloud\/disiscritti-automatici-whatsapp\/\",\"url\":\"https:\/\/sendapp.cloud\/disiscritti-automatici-whatsapp\/\",\"name\":\"Disiscritti automatici WhatsApp\",\"isPartOf\":{\"@id\":\"https:\/\/sendapp.cloud\/en\/#website\"},\"primaryImageOfPage\":{\"@id\":\"https:\/\/sendapp.cloud\/disiscritti-automatici-whatsapp\/#primaryimage\"},\"image\":{\"@id\":\"https:\/\/sendapp.cloud\/disiscritti-automatici-whatsapp\/#primaryimage\"},\"thumbnailUrl\":\"https:\/\/sendapp.live\/wp-content\/uploads\/2024\/11\/Screenshot-2024-11-20-alle-20.17.30.png\",\"datePublished\":\"2024-11-20T17:02:24+00:00\",\"dateModified\":\"2025-01-20T15:00:02+00:00\",\"description\":\"Come effettuare le disiscrizioni automatiche whatsapp per evitare le segnalazioni delgi utenti di whatsapp\",\"breadcrumb\":{\"@id\":\"https:\/\/sendapp.cloud\/disiscritti-automatici-whatsapp\/#breadcrumb\"},\"inLanguage\":\"pt-PT\",\"potentialAction\":[{\"@type\":\"ReadAction\",\"target\":[\"https:\/\/sendapp.cloud\/disiscritti-automatici-whatsapp\/\"]}]},{\"@type\":\"ImageObject\",\"inLanguage\":\"pt-PT\",\"@id\":\"https:\/\/sendapp.cloud\/disiscritti-automatici-whatsapp\/#primaryimage\",\"url\":\"https:\/\/sendapp.live\/wp-content\/uploads\/2024\/11\/Screenshot-2024-11-20-alle-20.17.30.png\",\"contentUrl\":\"https:\/\/sendapp.live\/wp-content\/uploads\/2024\/11\/Screenshot-2024-11-20-alle-20.17.30.png\"},{\"@type\":\"BreadcrumbList\",\"@id\":\"https:\/\/sendapp.cloud\/disiscritti-automatici-whatsapp\/#breadcrumb\",\"itemListElement\":[{\"@type\":\"ListItem\",\"position\":1,\"name\":\"Home\",\"item\":\"https:\/\/sendapp.cloud\/\"},{\"@type\":\"ListItem\",\"position\":2,\"name\":\"Disiscritti automatici whatsapp con SendApp\"}]},{\"@type\":\"WebSite\",\"@id\":\"https:\/\/sendapp.cloud\/en\/#website\",\"url\":\"https:\/\/sendapp.cloud\/en\/\",\"name\":\"SendApp\",\"description\":\"Software Whatsapp Marketing\",\"publisher\":{\"@id\":\"https:\/\/sendapp.cloud\/en\/#organization\"},\"potentialAction\":[{\"@type\":\"SearchAction\",\"target\":{\"@type\":\"EntryPoint\",\"urlTemplate\":\"https:\/\/sendapp.cloud\/en\/?s={search_term_string}\"},\"query-input\":{\"@type\":\"PropertyValueSpecification\",\"valueRequired\":true,\"valueName\":\"search_term_string\"}}],\"inLanguage\":\"pt-PT\"},{\"@type\":\"Organization\",\"@id\":\"https:\/\/sendapp.cloud\/en\/#organization\",\"name\":\"SendApp\",\"url\":\"https:\/\/sendapp.cloud\/en\/\",\"logo\":{\"@type\":\"ImageObject\",\"inLanguage\":\"pt-PT\",\"@id\":\"https:\/\/sendapp.cloud\/en\/#\/schema\/logo\/image\/\",\"url\":\"https:\/\/sendapp.cloud\/wp-content\/uploads\/2024\/11\/Logo-bianco.png\",\"contentUrl\":\"https:\/\/sendapp.cloud\/wp-content\/uploads\/2024\/11\/Logo-bianco.png\",\"width\":145,\"height\":48,\"caption\":\"SendApp\"},\"image\":{\"@id\":\"https:\/\/sendapp.cloud\/en\/#\/schema\/logo\/image\/\"}}]}<\/script>\n<!-- \/ Yoast SEO plugin. -->","yoast_head_json":{"title":"Cancelamento autom\u00e1tico de inscri\u00e7\u00f5es do WhatsApp","description":"Como cancelar a inscri\u00e7\u00e3o automaticamente no WhatsApp para evitar den\u00fancias de outros usu\u00e1rios.","robots":{"index":"index","follow":"follow","max-snippet":"max-snippet:-1","max-image-preview":"max-image-preview:large","max-video-preview":"max-video-preview:-1"},"canonical":"https:\/\/sendapp.cloud\/pt\/disiscritti-automatici-whatsapp\/","og_locale":"pt_PT","og_type":"article","og_title":"Disiscritti automatici WhatsApp","og_description":"Come effettuare le disiscrizioni automatiche whatsapp per evitare le segnalazioni delgi utenti di whatsapp","og_url":"https:\/\/sendapp.cloud\/pt\/disiscritti-automatici-whatsapp\/","og_site_name":"SendApp","article_modified_time":"2025-01-20T15:00:02+00:00","og_image":[{"url":"https:\/\/sendapp.live\/wp-content\/uploads\/2024\/11\/Screenshot-2024-11-20-alle-20.17.30.png","type":"","width":"","height":""}],"twitter_card":"summary_large_image","twitter_misc":{"Tempo estimado de leitura":"2 minutos"},"schema":{"@context":"https:\/\/schema.org","@graph":[{"@type":"WebPage","@id":"https:\/\/sendapp.cloud\/disiscritti-automatici-whatsapp\/","url":"https:\/\/sendapp.cloud\/disiscritti-automatici-whatsapp\/","name":"Cancelamento autom\u00e1tico de inscri\u00e7\u00f5es do WhatsApp","isPartOf":{"@id":"https:\/\/sendapp.cloud\/en\/#website"},"primaryImageOfPage":{"@id":"https:\/\/sendapp.cloud\/disiscritti-automatici-whatsapp\/#primaryimage"},"image":{"@id":"https:\/\/sendapp.cloud\/disiscritti-automatici-whatsapp\/#primaryimage"},"thumbnailUrl":"https:\/\/sendapp.live\/wp-content\/uploads\/2024\/11\/Screenshot-2024-11-20-alle-20.17.30.png","datePublished":"2024-11-20T17:02:24+00:00","dateModified":"2025-01-20T15:00:02+00:00","description":"Como cancelar a inscri\u00e7\u00e3o automaticamente no WhatsApp para evitar den\u00fancias de outros usu\u00e1rios.","breadcrumb":{"@id":"https:\/\/sendapp.cloud\/disiscritti-automatici-whatsapp\/#breadcrumb"},"inLanguage":"pt-PT","potentialAction":[{"@type":"ReadAction","target":["https:\/\/sendapp.cloud\/disiscritti-automatici-whatsapp\/"]}]},{"@type":"ImageObject","inLanguage":"pt-PT","@id":"https:\/\/sendapp.cloud\/disiscritti-automatici-whatsapp\/#primaryimage","url":"https:\/\/sendapp.live\/wp-content\/uploads\/2024\/11\/Screenshot-2024-11-20-alle-20.17.30.png","contentUrl":"https:\/\/sendapp.live\/wp-content\/uploads\/2024\/11\/Screenshot-2024-11-20-alle-20.17.30.png"},{"@type":"BreadcrumbList","@id":"https:\/\/sendapp.cloud\/disiscritti-automatici-whatsapp\/#breadcrumb","itemListElement":[{"@type":"ListItem","position":1,"name":"Home","item":"https:\/\/sendapp.cloud\/"},{"@type":"ListItem","position":2,"name":"Disiscritti automatici whatsapp con SendApp"}]},{"@type":"WebSite","@id":"https:\/\/sendapp.cloud\/en\/#website","url":"https:\/\/sendapp.cloud\/en\/","name":"Enviar aplicativo","description":"Software de marketing do WhatsApp","publisher":{"@id":"https:\/\/sendapp.cloud\/en\/#organization"},"potentialAction":[{"@type":"SearchAction","target":{"@type":"EntryPoint","urlTemplate":"https:\/\/sendapp.cloud\/en\/?s={search_term_string}"},"query-input":{"@type":"PropertyValueSpecification","valueRequired":true,"valueName":"search_term_string"}}],"inLanguage":"pt-PT"},{"@type":"Organization","@id":"https:\/\/sendapp.cloud\/en\/#organization","name":"Enviar aplicativo","url":"https:\/\/sendapp.cloud\/en\/","logo":{"@type":"ImageObject","inLanguage":"pt-PT","@id":"https:\/\/sendapp.cloud\/en\/#\/schema\/logo\/image\/","url":"https:\/\/sendapp.cloud\/wp-content\/uploads\/2024\/11\/Logo-bianco.png","contentUrl":"https:\/\/sendapp.cloud\/wp-content\/uploads\/2024\/11\/Logo-bianco.png","width":145,"height":48,"caption":"SendApp"},"image":{"@id":"https:\/\/sendapp.cloud\/en\/#\/schema\/logo\/image\/"}}]}},"_links":{"self":[{"href":"https:\/\/sendapp.cloud\/pt\/wp-json\/wp\/v2\/pages\/32983","targetHints":{"allow":["GET"]}}],"collection":[{"href":"https:\/\/sendapp.cloud\/pt\/wp-json\/wp\/v2\/pages"}],"about":[{"href":"https:\/\/sendapp.cloud\/pt\/wp-json\/wp\/v2\/types\/page"}],"author":[{"embeddable":true,"href":"https:\/\/sendapp.cloud\/pt\/wp-json\/wp\/v2\/users\/1"}],"replies":[{"embeddable":true,"href":"https:\/\/sendapp.cloud\/pt\/wp-json\/wp\/v2\/comments?post=32983"}],"version-history":[{"count":2,"href":"https:\/\/sendapp.cloud\/pt\/wp-json\/wp\/v2\/pages\/32983\/revisions"}],"predecessor-version":[{"id":33126,"href":"https:\/\/sendapp.cloud\/pt\/wp-json\/wp\/v2\/pages\/32983\/revisions\/33126"}],"wp:attachment":[{"href":"https:\/\/sendapp.cloud\/pt\/wp-json\/wp\/v2\/media?parent=32983"}],"curies":[{"name":"wp","href":"https:\/\/api.w.org\/{rel}","templated":true}]}}