{"id":32278,"date":"2024-09-27T11:21:13","date_gmt":"2024-09-27T09:21:13","guid":{"rendered":"https:\/\/sendapp.live\/?page_id=32278"},"modified":"2025-01-20T15:58:20","modified_gmt":"2025-01-20T14:58:20","slug":"whatsapp-marketing-con-ghatgpt","status":"publish","type":"page","link":"https:\/\/sendapp.cloud\/pt\/whatsapp-marketing-con-ghatgpt\/","title":{"rendered":"Marketing via WhatsApp com GhatGPT"},"content":{"rendered":"<div id=\"fws_6a05886486b90\"  data-column-margin=\"default\" data-midnight=\"dark\"  class=\"wpb_row vc_row-fluid vc_row\"  style=\"padding-top: 0px; padding-bottom: 0px; \"><div class=\"row-bg-wrap\" data-bg-animation=\"none\" data-bg-animation-delay=\"\" data-bg-overlay=\"false\"><div class=\"inner-wrap row-bg-layer\" ><div class=\"row-bg viewport-desktop\"  style=\"\"><\/div><\/div><\/div><div class=\"row_col_wrap_12 col span_12 dark left\">\n\t<div  class=\"vc_col-sm-6 wpb_column column_container vc_column_container col no-extra-padding inherit_tablet inherit_phone\"  data-padding-pos=\"all\" data-has-bg-color=\"false\" data-bg-color=\"\" data-bg-opacity=\"1\" data-animation=\"\" data-delay=\"0\" >\n\t\t<div class=\"vc_column-inner\" >\n\t\t\t<div class=\"wpb_wrapper\">\n\t\t\t\t<div class=\"img-with-aniamtion-wrap\" data-max-width=\"100%\" data-max-width-mobile=\"default\" data-shadow=\"none\" data-animation=\"fade-in\" >\n      <div class=\"inner\">\n        <div class=\"hover-wrap\"> \n          <div class=\"hover-wrap-inner\">\n            <img loading=\"lazy\" decoding=\"async\" class=\"img-with-animation skip-lazy\" data-delay=\"0\" height=\"512\" width=\"512\" data-animation=\"fade-in\" src=\"https:\/\/sendapp.cloud\/wp-content\/uploads\/2025\/01\/call-center-technical-support-ChatGPT.jpg\" alt=\"\" srcset=\"https:\/\/sendapp.cloud\/wp-content\/uploads\/2025\/01\/call-center-technical-support-ChatGPT.jpg 512w, https:\/\/sendapp.cloud\/wp-content\/uploads\/2025\/01\/call-center-technical-support-ChatGPT-300x300.jpg 300w, https:\/\/sendapp.cloud\/wp-content\/uploads\/2025\/01\/call-center-technical-support-ChatGPT-150x150.jpg 150w, https:\/\/sendapp.cloud\/wp-content\/uploads\/2025\/01\/call-center-technical-support-ChatGPT-12x12.jpg 12w, https:\/\/sendapp.cloud\/wp-content\/uploads\/2025\/01\/call-center-technical-support-ChatGPT-140x140.jpg 140w, https:\/\/sendapp.cloud\/wp-content\/uploads\/2025\/01\/call-center-technical-support-ChatGPT-100x100.jpg 100w, https:\/\/sendapp.cloud\/wp-content\/uploads\/2025\/01\/call-center-technical-support-ChatGPT-500x500.jpg 500w, https:\/\/sendapp.cloud\/wp-content\/uploads\/2025\/01\/call-center-technical-support-ChatGPT-350x350.jpg 350w\" sizes=\"auto, (max-width: 512px) 100vw, 512px\" \/>\n          <\/div>\n        <\/div>\n      <\/div>\n    <\/div>\n\t\t\t<\/div> \n\t\t<\/div>\n\t<\/div> \n\n\t<div  class=\"vc_col-sm-6 wpb_column column_container vc_column_container col no-extra-padding inherit_tablet inherit_phone\"  data-padding-pos=\"all\" data-has-bg-color=\"false\" data-bg-color=\"\" data-bg-opacity=\"1\" data-animation=\"\" data-delay=\"0\" >\n\t\t<div class=\"vc_column-inner\" >\n\t\t\t<div class=\"wpb_wrapper\">\n\t\t\t\t\n<div class=\"wpb_text_column wpb_content_element\" >\n\t<div class=\"wpb_wrapper\">\n\t\t<h2 style=\"text-align: left;\"><span style=\"color: #008000;\">Com o SendApp voc\u00ea pode treinar<br \/>\n<\/span><span style=\"color: #008000;\">seu WhatsApp <\/span><span style=\"color: #008000;\">inteligente<br \/>\nter sempre dispon\u00edvel<br \/>\num assistente capaz<br \/>\npara responder a todas as perguntas<br \/>\nrelacionado ao seu neg\u00f3cio<\/span><\/h2>\n\t<\/div>\n<\/div>\n\n\n\n\n<div class=\"wpb_text_column wpb_content_element\" >\n\t<div class=\"wpb_wrapper\">\n\t\t<h3 style=\"text-align: left;\"><span style=\"color: #808080;\">Projetado para pequenas e m\u00e9dias empresas,<\/span><br \/>\n<span style=\"color: #808080;\">para revolucionar a comunica\u00e7\u00e3o com o cliente.<\/span><\/h3>\n\t<\/div>\n<\/div>\n\n\n\n<a class=\"nectar-button jumbo regular accent-color  regular-button\"  role=\"button\" style=\"\" target=\"_blank\" href=\"https:\/\/sendapp.live\/product\/sendapp-free-trial\/\" data-color-override=\"false\" data-hover-color-override=\"false\" data-hover-text-color-override=\"#fff\"><span>Teste gr\u00e1tis<\/span><\/a>\n\t\t\t<\/div> \n\t\t<\/div>\n\t<\/div> \n<\/div><\/div>\n\t\t<div id=\"fws_6a05886488983\"  data-column-margin=\"default\" data-midnight=\"dark\"  class=\"wpb_row vc_row-fluid vc_row\"  style=\"padding-top: 0px; padding-bottom: 0px; \"><div class=\"row-bg-wrap\" data-bg-animation=\"none\" data-bg-animation-delay=\"\" data-bg-overlay=\"false\"><div class=\"inner-wrap row-bg-layer\" ><div class=\"row-bg viewport-desktop\"  style=\"\"><\/div><\/div><\/div><div class=\"row_col_wrap_12 col span_12 dark left\">\n\t<div  class=\"vc_col-sm-12 wpb_column column_container vc_column_container col no-extra-padding inherit_tablet inherit_phone\"  data-padding-pos=\"all\" data-has-bg-color=\"false\" data-bg-color=\"\" data-bg-opacity=\"1\" data-animation=\"\" data-delay=\"0\" >\n\t\t<div class=\"vc_column-inner\" >\n\t\t\t<div class=\"wpb_wrapper\">\n\t\t\t\t\n<div class=\"wpb_text_column wpb_content_element\" >\n\t<div class=\"wpb_wrapper\">\n\t\t<p>Estamos felizes em anunciar uma not\u00edcia importante sobre <strong>Enviar aplicativo<\/strong>: a integra\u00e7\u00e3o do<strong>intelig\u00eancia artificial (IA)<\/strong> Para tornar sua experi\u00eancia de comunica\u00e7\u00e3o ainda mais eficiente e personalizada, com este novo recurso, voc\u00ea pode treinar seu chatbot para responder especificamente \u00e0s suas necessidades, usando diferentes fontes, como URLs, texto, PDFs e mapas de sites em XML. Neste blog, mostraremos as novas op\u00e7\u00f5es de treinamento e como utiliz\u00e1-las da melhor forma.<\/p>\n<p>&nbsp;<\/p>\n<p><img loading=\"lazy\" decoding=\"async\" class=\"alignnone size-full wp-image-32283\" src=\"https:\/\/sendapp.live\/wp-content\/uploads\/2024\/09\/1-1.png\" alt=\"\" width=\"3455\" height=\"2158\" \/><\/p>\n<p>&nbsp;<\/p>\n<h3><strong>Como funciona a intelig\u00eancia artificial no Sendapp?<\/strong><\/h3>\n<p>A integra\u00e7\u00e3o de IA no Sendapp permite criar uma experi\u00eancia de chatbot personalizada, tornando a comunica\u00e7\u00e3o com o cliente mais direcionada e precisa. Voc\u00ea pode treinar a IA para responder a perguntas usando diversas fontes de dados. Veja como:<\/p>\n<p>&nbsp;<\/p>\n<p><img loading=\"lazy\" decoding=\"async\" class=\"alignnone size-full wp-image-32286\" src=\"https:\/\/sendapp.live\/wp-content\/uploads\/2024\/09\/2-6.png\" alt=\"\" width=\"3455\" height=\"2158\" \/><\/p>\n<p>&nbsp;<\/p>\n<p><img loading=\"lazy\" decoding=\"async\" class=\"alignnone size-full wp-image-32287\" src=\"https:\/\/sendapp.live\/wp-content\/uploads\/2024\/09\/3-2.png\" alt=\"\" width=\"3455\" height=\"2159\" \/><\/p>\n<p>&nbsp;<\/p>\n<p><img loading=\"lazy\" decoding=\"async\" class=\"alignnone size-full wp-image-32288\" src=\"https:\/\/sendapp.live\/wp-content\/uploads\/2024\/09\/4-4.png\" alt=\"\" width=\"3455\" height=\"2157\" \/><\/p>\n<p>&nbsp;<\/p>\n<ul>\n<li><strong>Treinamento via URL, texto, PDF e mapa do site XML<\/strong>\n<ul>\n<li>Voc\u00ea pode inserir conte\u00fado diretamente de URLs, documentos de texto, PDFs e at\u00e9 mesmo mapas de sites XML para treinar seu chatbot. Isso permite que voc\u00ea use p\u00e1ginas espec\u00edficas ou sites inteiros como base de conhecimento para IA.<\/li>\n<\/ul>\n<\/li>\n<\/ul>\n<p>&nbsp;<\/p>\n<p><img loading=\"lazy\" decoding=\"async\" class=\"alignnone size-full wp-image-32289\" src=\"https:\/\/sendapp.live\/wp-content\/uploads\/2024\/09\/5-3.png\" alt=\"\" width=\"3455\" height=\"2156\" \/><\/p>\n<ul>\n<li><strong>Selecione o tipo de treinamento<\/strong>\n<ul>\n<li>Na se\u00e7\u00e3o de configura\u00e7\u00e3o, selecione o tipo de treinamento que voc\u00ea configurou (URL, PDF, texto ou mapa do site XML) e prepare-se para testar seu chatbot.<\/li>\n<\/ul>\n<\/li>\n<\/ul>\n<p>&nbsp;<\/p>\n<p><img loading=\"lazy\" decoding=\"async\" class=\"alignnone size-full wp-image-32290\" src=\"https:\/\/sendapp.live\/wp-content\/uploads\/2024\/09\/6-2.png\" alt=\"\" width=\"3455\" height=\"2157\" \/><\/p>\n<ul>\n<li><strong>Adquira o Token ap\u00f3s o Treinamento<\/strong>\n<ul>\n<li>Ap\u00f3s concluir o treinamento com os dados fornecidos (URL, PDF, texto ou mapa do site XML), voc\u00ea receber\u00e1 um <strong>Ficha<\/strong> espec\u00edfico. Este token deve ser inserido no canto superior direito da interface, ao lado do campo Chave de API.<\/li>\n<\/ul>\n<\/li>\n<\/ul>\n<p>&nbsp;<\/p>\n<p><img loading=\"lazy\" decoding=\"async\" class=\"alignnone size-full wp-image-32291\" src=\"https:\/\/sendapp.live\/wp-content\/uploads\/2024\/09\/7-3.png\" alt=\"\" width=\"3455\" height=\"2154\" \/><\/p>\n<p>&nbsp;<\/p>\n<ul>\n<li><strong>Obter chave de API da conta<\/strong>\n<ul>\n<li>Para ativar a IA, voc\u00ea precisar\u00e1 obter seu <strong>Chave de API<\/strong> da sua conta Sendapp. Isso deve ser inserido na interface, no canto superior direito, para habilitar o recurso de IA.<\/li>\n<\/ul>\n<\/li>\n<\/ul>\n<p>&nbsp;<\/p>\n<p><img loading=\"lazy\" decoding=\"async\" class=\"alignnone size-full wp-image-32292\" src=\"https:\/\/sendapp.live\/wp-content\/uploads\/2024\/09\/8-2.png\" alt=\"\" width=\"3455\" height=\"2157\" \/><\/p>\n<h4><strong>Teste seu chatbot e modifique as respostas<\/strong><\/h4>\n<p>Ap\u00f3s a configura\u00e7\u00e3o ser conclu\u00edda, voc\u00ea pode come\u00e7ar a fazer perguntas ao seu chatbot para testar as respostas geradas pela IA:<\/p>\n<ul>\n<li><strong>Fa\u00e7a o teste no chat<\/strong>\n<ul>\n<li>Experimente fazer perguntas ao seu chatbot, simulando poss\u00edveis solicita\u00e7\u00f5es dos seus clientes. Veja as respostas diretamente no chat.<\/li>\n<\/ul>\n<\/li>\n<\/ul>\n<p>&nbsp;<\/p>\n<p><img loading=\"lazy\" decoding=\"async\" class=\"alignnone size-full wp-image-32293\" src=\"https:\/\/sendapp.live\/wp-content\/uploads\/2024\/09\/9-4.png\" alt=\"\" width=\"3455\" height=\"2149\" \/><\/p>\n<p>&nbsp;<\/p>\n<p><strong><img loading=\"lazy\" decoding=\"async\" class=\"alignnone size-full wp-image-32294\" src=\"https:\/\/sendapp.live\/wp-content\/uploads\/2024\/09\/10-3.png\" alt=\"\" width=\"3455\" height=\"2155\" \/><\/strong><\/p>\n<ul>\n<li><strong>Editar respostas em tempo real<\/strong>\n<ul>\n<li>Se as respostas n\u00e3o forem exatamente o que voc\u00ea deseja, voc\u00ea pode edit\u00e1-las facilmente. Clique nos tr\u00eas pontos \u00e0 direita da resposta do chatbot, edite o texto e salve. A IA aprender\u00e1 a altera\u00e7\u00e3o imediatamente.<\/li>\n<\/ul>\n<\/li>\n<\/ul>\n<p>&nbsp;<\/p>\n<p><img loading=\"lazy\" decoding=\"async\" class=\"alignnone size-full wp-image-32295\" src=\"https:\/\/sendapp.live\/wp-content\/uploads\/2024\/09\/11-5.png\" alt=\"\" width=\"3455\" height=\"2156\" \/><\/p>\n<p>&nbsp;<\/p>\n<p><strong><img loading=\"lazy\" decoding=\"async\" class=\"alignnone size-full wp-image-32297\" src=\"https:\/\/sendapp.live\/wp-content\/uploads\/2024\/09\/13-3.png\" alt=\"\" width=\"3455\" height=\"2156\" \/><\/strong><\/p>\n<ul>\n<li><strong>IA que aprende com as mudan\u00e7as<\/strong>\n<ul>\n<li>Depois que voc\u00ea modifica uma resposta, a IA levar\u00e1 a mudan\u00e7a em considera\u00e7\u00e3o e responder\u00e1 no futuro com as novas informa\u00e7\u00f5es aprendidas, melhorando continuamente sua precis\u00e3o.<\/li>\n<\/ul>\n<\/li>\n<\/ul>\n<h3><strong><img loading=\"lazy\" decoding=\"async\" class=\"alignnone size-full wp-image-32298\" src=\"https:\/\/sendapp.live\/wp-content\/uploads\/2024\/09\/14-3.png\" alt=\"\" width=\"3455\" height=\"2153\" \/><\/strong><\/h3>\n<h3><\/h3>\n<h3><strong>Por que usar o Sendapp AI?<\/strong><\/h3>\n<p>A intelig\u00eancia artificial do Sendapp foi projetada para tornar as intera\u00e7\u00f5es com seus clientes mais fluidas e precisas. Aqui est\u00e3o alguns dos principais benef\u00edcios:<\/p>\n<ul>\n<li><strong>Automa\u00e7\u00e3o personalizada:<\/strong> Treine seu chatbot para refletir perfeitamente seu neg\u00f3cio.<\/li>\n<li><strong>Respostas em evolu\u00e7\u00e3o:<\/strong> Gra\u00e7as \u00e0 sua capacidade de aprendizagem, o chatbot melhora continuamente, adaptando-se \u00e0s suas necessidades.<\/li>\n<li><strong>Facilidade de configura\u00e7\u00e3o:<\/strong> Com apenas alguns cliques, voc\u00ea pode usar o conte\u00fado existente como base de conhecimento para seu assistente virtual.<\/li>\n<\/ul>\n<h3><strong>Conclus\u00e3o<\/strong><\/h3>\n<p>A introdu\u00e7\u00e3o da intelig\u00eancia artificial no Sendapp representa um grande avan\u00e7o para quem deseja automatizar a comunica\u00e7\u00e3o de forma inteligente e din\u00e2mica. Experimente o novo recurso de IA do Sendapp hoje mesmo e descubra como voc\u00ea pode transformar sua gest\u00e3o de resposta ao cliente, tornando-a mais eficaz do que nunca.<\/p>\n<p><strong>Mal podemos esperar para ver como esse novo recurso mudar\u00e1 sua maneira de trabalhar. Experimente agora mesmo e conte-nos o que voc\u00ea achou nos coment\u00e1rios!<\/strong><\/p>\n\t<\/div>\n<\/div>\n\n\n\n\n\t\t\t<\/div> \n\t\t<\/div>\n\t<\/div> \n<\/div><\/div>","protected":false},"excerpt":{"rendered":"Con SendApp puoi addestrare il tuo WhatsApp intelligente per avere sempre a disposizione un assistente capace di rispondere a tutte le domande relative alla tua attivit\u00e0 Pensate per le piccole...","protected":false},"author":1,"featured_media":32280,"parent":0,"menu_order":0,"comment_status":"closed","ping_status":"closed","template":"","meta":{"footnotes":""},"class_list":["post-32278","page","type-page","status-publish","has-post-thumbnail"],"yoast_head":"<!-- This site is optimized with the Yoast SEO plugin v27.4 - https:\/\/yoast.com\/product\/yoast-seo-wordpress\/ -->\n<title>Whatsapp Marketing con l&#039;AI<\/title>\n<meta name=\"description\" content=\"Siamo entusiasti di annunciare un&#039;importante novit\u00e0 su Sendapp: l&#039;integrazione dell&#039;intelligenza artificiale (AI)...\" \/>\n<meta name=\"robots\" content=\"index, follow, max-snippet:-1, max-image-preview:large, max-video-preview:-1\" \/>\n<link rel=\"canonical\" href=\"https:\/\/sendapp.cloud\/pt\/whatsapp-marketing-con-ghatgpt\/\" \/>\n<meta property=\"og:locale\" content=\"pt_PT\" \/>\n<meta property=\"og:type\" content=\"article\" \/>\n<meta property=\"og:title\" content=\"Whatsapp Marketing con l&#039;AI\" \/>\n<meta property=\"og:description\" content=\"Siamo entusiasti di annunciare un&#039;importante novit\u00e0 su Sendapp: l&#039;integrazione dell&#039;intelligenza artificiale (AI)...\" \/>\n<meta property=\"og:url\" content=\"https:\/\/sendapp.cloud\/pt\/whatsapp-marketing-con-ghatgpt\/\" \/>\n<meta property=\"og:site_name\" content=\"SendApp\" \/>\n<meta property=\"article:modified_time\" content=\"2025-01-20T14:58:20+00:00\" \/>\n<meta name=\"twitter:card\" content=\"summary_large_image\" \/>\n<meta name=\"twitter:label1\" content=\"Tempo estimado de leitura\" \/>\n\t<meta name=\"twitter:data1\" content=\"6 minutos\" \/>\n<script type=\"application\/ld+json\" class=\"yoast-schema-graph\">{\"@context\":\"https:\\\/\\\/schema.org\",\"@graph\":[{\"@type\":\"WebPage\",\"@id\":\"https:\\\/\\\/sendapp.cloud\\\/whatsapp-marketing-con-ghatgpt\\\/\",\"url\":\"https:\\\/\\\/sendapp.cloud\\\/whatsapp-marketing-con-ghatgpt\\\/\",\"name\":\"Whatsapp Marketing con l'AI\",\"isPartOf\":{\"@id\":\"https:\\\/\\\/sendapp.cloud\\\/en\\\/#website\"},\"primaryImageOfPage\":{\"@id\":\"https:\\\/\\\/sendapp.cloud\\\/whatsapp-marketing-con-ghatgpt\\\/#primaryimage\"},\"image\":{\"@id\":\"https:\\\/\\\/sendapp.cloud\\\/whatsapp-marketing-con-ghatgpt\\\/#primaryimage\"},\"thumbnailUrl\":\"\",\"datePublished\":\"2024-09-27T09:21:13+00:00\",\"dateModified\":\"2025-01-20T14:58:20+00:00\",\"description\":\"Siamo entusiasti di annunciare un'importante novit\u00e0 su Sendapp: l'integrazione dell'intelligenza artificiale (AI)...\",\"breadcrumb\":{\"@id\":\"https:\\\/\\\/sendapp.cloud\\\/whatsapp-marketing-con-ghatgpt\\\/#breadcrumb\"},\"inLanguage\":\"pt-PT\",\"potentialAction\":[{\"@type\":\"ReadAction\",\"target\":[\"https:\\\/\\\/sendapp.cloud\\\/whatsapp-marketing-con-ghatgpt\\\/\"]}]},{\"@type\":\"ImageObject\",\"inLanguage\":\"pt-PT\",\"@id\":\"https:\\\/\\\/sendapp.cloud\\\/whatsapp-marketing-con-ghatgpt\\\/#primaryimage\",\"url\":\"\",\"contentUrl\":\"\"},{\"@type\":\"BreadcrumbList\",\"@id\":\"https:\\\/\\\/sendapp.cloud\\\/whatsapp-marketing-con-ghatgpt\\\/#breadcrumb\",\"itemListElement\":[{\"@type\":\"ListItem\",\"position\":1,\"name\":\"Home\",\"item\":\"https:\\\/\\\/sendapp.cloud\\\/\"},{\"@type\":\"ListItem\",\"position\":2,\"name\":\"Whatsapp Marketing con GhatGPT\"}]},{\"@type\":\"WebSite\",\"@id\":\"https:\\\/\\\/sendapp.cloud\\\/en\\\/#website\",\"url\":\"https:\\\/\\\/sendapp.cloud\\\/en\\\/\",\"name\":\"SendApp\",\"description\":\"Software Whatsapp Marketing\",\"publisher\":{\"@id\":\"https:\\\/\\\/sendapp.cloud\\\/en\\\/#organization\"},\"potentialAction\":[{\"@type\":\"SearchAction\",\"target\":{\"@type\":\"EntryPoint\",\"urlTemplate\":\"https:\\\/\\\/sendapp.cloud\\\/en\\\/?s={search_term_string}\"},\"query-input\":{\"@type\":\"PropertyValueSpecification\",\"valueRequired\":true,\"valueName\":\"search_term_string\"}}],\"inLanguage\":\"pt-PT\"},{\"@type\":\"Organization\",\"@id\":\"https:\\\/\\\/sendapp.cloud\\\/en\\\/#organization\",\"name\":\"SendApp\",\"url\":\"https:\\\/\\\/sendapp.cloud\\\/en\\\/\",\"logo\":{\"@type\":\"ImageObject\",\"inLanguage\":\"pt-PT\",\"@id\":\"https:\\\/\\\/sendapp.cloud\\\/en\\\/#\\\/schema\\\/logo\\\/image\\\/\",\"url\":\"https:\\\/\\\/sendapp.cloud\\\/wp-content\\\/uploads\\\/2024\\\/11\\\/Logo-bianco.png\",\"contentUrl\":\"https:\\\/\\\/sendapp.cloud\\\/wp-content\\\/uploads\\\/2024\\\/11\\\/Logo-bianco.png\",\"width\":145,\"height\":48,\"caption\":\"SendApp\"},\"image\":{\"@id\":\"https:\\\/\\\/sendapp.cloud\\\/en\\\/#\\\/schema\\\/logo\\\/image\\\/\"}}]}<\/script>\n<!-- \/ Yoast SEO plugin. -->","yoast_head_json":{"title":"Whatsapp Marketing con l'AI","description":"Siamo entusiasti di annunciare un'importante novit\u00e0 su Sendapp: l'integrazione dell'intelligenza artificiale (AI)...","robots":{"index":"index","follow":"follow","max-snippet":"max-snippet:-1","max-image-preview":"max-image-preview:large","max-video-preview":"max-video-preview:-1"},"canonical":"https:\/\/sendapp.cloud\/pt\/whatsapp-marketing-con-ghatgpt\/","og_locale":"pt_PT","og_type":"article","og_title":"Whatsapp Marketing con l'AI","og_description":"Siamo entusiasti di annunciare un'importante novit\u00e0 su Sendapp: l'integrazione dell'intelligenza artificiale (AI)...","og_url":"https:\/\/sendapp.cloud\/pt\/whatsapp-marketing-con-ghatgpt\/","og_site_name":"SendApp","article_modified_time":"2025-01-20T14:58:20+00:00","twitter_card":"summary_large_image","twitter_misc":{"Tempo estimado de leitura":"6 minutos"},"schema":{"@context":"https:\/\/schema.org","@graph":[{"@type":"WebPage","@id":"https:\/\/sendapp.cloud\/whatsapp-marketing-con-ghatgpt\/","url":"https:\/\/sendapp.cloud\/whatsapp-marketing-con-ghatgpt\/","name":"Whatsapp Marketing con l'AI","isPartOf":{"@id":"https:\/\/sendapp.cloud\/en\/#website"},"primaryImageOfPage":{"@id":"https:\/\/sendapp.cloud\/whatsapp-marketing-con-ghatgpt\/#primaryimage"},"image":{"@id":"https:\/\/sendapp.cloud\/whatsapp-marketing-con-ghatgpt\/#primaryimage"},"thumbnailUrl":"","datePublished":"2024-09-27T09:21:13+00:00","dateModified":"2025-01-20T14:58:20+00:00","description":"Siamo entusiasti di annunciare un'importante novit\u00e0 su Sendapp: l'integrazione dell'intelligenza artificiale (AI)...","breadcrumb":{"@id":"https:\/\/sendapp.cloud\/whatsapp-marketing-con-ghatgpt\/#breadcrumb"},"inLanguage":"pt-PT","potentialAction":[{"@type":"ReadAction","target":["https:\/\/sendapp.cloud\/whatsapp-marketing-con-ghatgpt\/"]}]},{"@type":"ImageObject","inLanguage":"pt-PT","@id":"https:\/\/sendapp.cloud\/whatsapp-marketing-con-ghatgpt\/#primaryimage","url":"","contentUrl":""},{"@type":"BreadcrumbList","@id":"https:\/\/sendapp.cloud\/whatsapp-marketing-con-ghatgpt\/#breadcrumb","itemListElement":[{"@type":"ListItem","position":1,"name":"Home","item":"https:\/\/sendapp.cloud\/"},{"@type":"ListItem","position":2,"name":"Whatsapp Marketing con GhatGPT"}]},{"@type":"WebSite","@id":"https:\/\/sendapp.cloud\/en\/#website","url":"https:\/\/sendapp.cloud\/en\/","name":"Enviar aplicativo","description":"Software de marketing do WhatsApp","publisher":{"@id":"https:\/\/sendapp.cloud\/en\/#organization"},"potentialAction":[{"@type":"SearchAction","target":{"@type":"EntryPoint","urlTemplate":"https:\/\/sendapp.cloud\/en\/?s={search_term_string}"},"query-input":{"@type":"PropertyValueSpecification","valueRequired":true,"valueName":"search_term_string"}}],"inLanguage":"pt-PT"},{"@type":"Organization","@id":"https:\/\/sendapp.cloud\/en\/#organization","name":"Enviar aplicativo","url":"https:\/\/sendapp.cloud\/en\/","logo":{"@type":"ImageObject","inLanguage":"pt-PT","@id":"https:\/\/sendapp.cloud\/en\/#\/schema\/logo\/image\/","url":"https:\/\/sendapp.cloud\/wp-content\/uploads\/2024\/11\/Logo-bianco.png","contentUrl":"https:\/\/sendapp.cloud\/wp-content\/uploads\/2024\/11\/Logo-bianco.png","width":145,"height":48,"caption":"SendApp"},"image":{"@id":"https:\/\/sendapp.cloud\/en\/#\/schema\/logo\/image\/"}}]}},"_links":{"self":[{"href":"https:\/\/sendapp.cloud\/pt\/wp-json\/wp\/v2\/pages\/32278","targetHints":{"allow":["GET"]}}],"collection":[{"href":"https:\/\/sendapp.cloud\/pt\/wp-json\/wp\/v2\/pages"}],"about":[{"href":"https:\/\/sendapp.cloud\/pt\/wp-json\/wp\/v2\/types\/page"}],"author":[{"embeddable":true,"href":"https:\/\/sendapp.cloud\/pt\/wp-json\/wp\/v2\/users\/1"}],"replies":[{"embeddable":true,"href":"https:\/\/sendapp.cloud\/pt\/wp-json\/wp\/v2\/comments?post=32278"}],"version-history":[{"count":2,"href":"https:\/\/sendapp.cloud\/pt\/wp-json\/wp\/v2\/pages\/32278\/revisions"}],"predecessor-version":[{"id":33123,"href":"https:\/\/sendapp.cloud\/pt\/wp-json\/wp\/v2\/pages\/32278\/revisions\/33123"}],"wp:featuredmedia":[{"embeddable":true,"href":"https:\/\/sendapp.cloud\/pt\/wp-json\/"}],"wp:attachment":[{"href":"https:\/\/sendapp.cloud\/pt\/wp-json\/wp\/v2\/media?parent=32278"}],"curies":[{"name":"wp","href":"https:\/\/api.w.org\/{rel}","templated":true}]}}