{"id":32237,"date":"2024-09-23T10:23:39","date_gmt":"2024-09-23T08:23:39","guid":{"rendered":"https:\/\/sendapp.live\/?page_id=32237"},"modified":"2024-09-23T10:23:39","modified_gmt":"2024-09-23T08:23:39","slug":"automatizzare-whatsapp-con-pabbly","status":"publish","type":"page","link":"https:\/\/sendapp.cloud\/pt\/automatizzare-whatsapp-con-pabbly\/","title":{"rendered":"Automatize o WhatsApp com o Pabbly"},"content":{"rendered":"<p>&nbsp;<\/p>\n<h2><strong>Introdu\u00e7\u00e3o<\/strong><\/h2>\n<p>Automatize sua comunica\u00e7\u00e3o via <strong>WhatsApp<\/strong> usando <strong>Enviar aplicativo<\/strong> E <strong>Planilhas Google<\/strong> \u00e9 poss\u00edvel gra\u00e7as a <strong>Pabbly<\/strong>, uma ferramenta de automa\u00e7\u00e3o que agiliza fluxos de trabalho entre diferentes aplicativos. Neste guia, mostraremos como integrar o Sendapp ao Planilhas Google usando o Pabbly para enviar mensagens do WhatsApp automaticamente sempre que novos dados forem adicionados \u00e0 planilha.<\/p>\n<h3><strong>Etapa 1: O que voc\u00ea precisa<\/strong><\/h3>\n<p>Antes de come\u00e7ar, certifique-se de ter:<\/p>\n<ul>\n<li>Uma conta <strong>Nuvem Sendapp<\/strong> ativo.<\/li>\n<\/ul>\n<p>&nbsp;<\/p>\n<p><img loading=\"lazy\" decoding=\"async\" class=\"alignnone size-full wp-image-32216\" src=\"https:\/\/sendapp.live\/wp-content\/uploads\/2024\/09\/1-copia-1.png\" alt=\"\" width=\"3454\" height=\"1893\" \/><\/p>\n<p>&nbsp;<\/p>\n<ul>\n<li>Uma conta <strong>Pabbly<\/strong> (voc\u00ea pode se inscrever em <a href=\"https:\/\/www.pabbly.com\/\" target=\"_new\" rel=\"noopener\">Pabbly<\/a>).<\/li>\n<\/ul>\n<p>&nbsp;<\/p>\n<p>&nbsp;<\/p>\n<p><img loading=\"lazy\" decoding=\"async\" class=\"alignnone size-full wp-image-32217\" src=\"https:\/\/sendapp.live\/wp-content\/uploads\/2024\/09\/2-3.png\" alt=\"\" width=\"3451\" height=\"1914\" \/><\/p>\n<p>&nbsp;<\/p>\n<ul>\n<li>Acesso a <strong>Planilhas Google<\/strong> com o plugin de integra\u00e7\u00e3o Pabbly instalado.<\/li>\n<\/ul>\n<p>&nbsp;<\/p>\n<h3><strong><img loading=\"lazy\" decoding=\"async\" class=\"alignnone size-full wp-image-32218\" src=\"https:\/\/sendapp.live\/wp-content\/uploads\/2024\/09\/3-copia.png\" alt=\"\" width=\"3453\" height=\"1914\" \/><\/strong><\/h3>\n<h3><\/h3>\n<h3><strong>Etapa 2: instalar a integra\u00e7\u00e3o do Pabbly no Planilhas Google<\/strong><\/h3>\n<ul>\n<li>Abrir <strong>Planilhas Google<\/strong> e subir <strong>Extens\u00f5es &gt; Complementos<\/strong>.<\/li>\n<\/ul>\n<p>&nbsp;<\/p>\n<p><img loading=\"lazy\" decoding=\"async\" class=\"alignnone size-full wp-image-32219\" src=\"https:\/\/sendapp.live\/wp-content\/uploads\/2024\/09\/10-2.png\" alt=\"\" width=\"3449\" height=\"1914\" \/><\/p>\n<p>&nbsp;<\/p>\n<ul>\n<li>Pesquise e instale o complemento <strong>Pabbly Connect<\/strong>.<\/li>\n<\/ul>\n<p>&nbsp;<\/p>\n<p><img loading=\"lazy\" decoding=\"async\" class=\"alignnone size-full wp-image-32220\" src=\"https:\/\/sendapp.live\/wp-content\/uploads\/2024\/09\/9-3.png\" alt=\"\" width=\"3446\" height=\"1912\" \/><\/p>\n<p>&nbsp;<\/p>\n<ul>\n<li>Copie o Webhook que o Pabbly fornecer\u00e1 e selecione a coluna Trigger<\/li>\n<\/ul>\n<h3><strong><img loading=\"lazy\" decoding=\"async\" class=\"alignnone size-full wp-image-32221\" src=\"https:\/\/sendapp.live\/wp-content\/uploads\/2024\/09\/11-3.png\" alt=\"\" width=\"3451\" height=\"1913\" \/><\/strong><\/h3>\n<h3><\/h3>\n<h3><strong>Etapa 3: Crie uma conta Pabbly e configure o fluxo de trabalho<\/strong><\/h3>\n<ul>\n<li>Entre ou registre-se para criar sua conta <strong>Pabbly<\/strong> sobre <a href=\"https:\/\/www.pabbly.com\/\" target=\"_new\" rel=\"noopener\">pabbly.com<\/a>.<\/li>\n<\/ul>\n<p>&nbsp;<\/p>\n<p><img loading=\"lazy\" decoding=\"async\" class=\"alignnone size-full wp-image-32223\" src=\"https:\/\/sendapp.live\/wp-content\/uploads\/2024\/09\/4-3.png\" alt=\"\" width=\"3449\" height=\"1908\" \/><\/p>\n<p>&nbsp;<\/p>\n<ul>\n<li>Clique em <strong>Criar fluxo de trabalho<\/strong> para criar um novo fluxo de trabalho.<\/li>\n<\/ul>\n<p>&nbsp;<\/p>\n<p>&nbsp;<\/p>\n<p><img loading=\"lazy\" decoding=\"async\" class=\"alignnone size-full wp-image-32224\" src=\"https:\/\/sendapp.live\/wp-content\/uploads\/2024\/09\/5-2.png\" alt=\"\" width=\"3449\" height=\"1806\" \/><\/p>\n<p>&nbsp;<\/p>\n<ul>\n<li>D\u00ea um nome ao seu fluxo de trabalho, por exemplo <strong>\u201cAutoma\u00e7\u00e3o do Sendapp para o Planilhas Google\u201d<\/strong>.<\/li>\n<\/ul>\n<h3><strong>Etapa 4: Configurar o gatilho no Pabbly<\/strong><\/h3>\n<ul>\n<li>No fluxo de trabalho rec\u00e9m-criado, selecione <strong>Planilhas Google<\/strong> como o Trigger App.<\/li>\n<\/ul>\n<p>&nbsp;<\/p>\n<p>&nbsp;<\/p>\n<p><img loading=\"lazy\" decoding=\"async\" class=\"alignnone size-full wp-image-32225\" src=\"https:\/\/sendapp.live\/wp-content\/uploads\/2024\/09\/6-1.png\" alt=\"\" width=\"3448\" height=\"1798\" \/><\/p>\n<p>&nbsp;<\/p>\n<ul>\n<li>Escolha o gatilho <strong>\u201cNova linha da planilha\u201d<\/strong>, que ser\u00e1 ativado quando uma nova linha for adicionada \u00e0 sua Planilha Google.<\/li>\n<\/ul>\n<p>&nbsp;<\/p>\n<p><img loading=\"lazy\" decoding=\"async\" class=\"alignnone size-full wp-image-32226\" src=\"https:\/\/sendapp.live\/wp-content\/uploads\/2024\/09\/7-2.png\" alt=\"\" width=\"3449\" height=\"1800\" \/><\/p>\n<p>&nbsp;<\/p>\n<ul>\n<li>Pabbly ir\u00e1 fornecer-lhe um <strong>URL do webhook<\/strong>Copie este URL na extens\u00e3o que voc\u00ea baixou no Planilhas Google.<\/li>\n<\/ul>\n<p>&nbsp;<\/p>\n<h3><strong>Etapa 5: adicione o Webhook \u00e0 Planilha Google<\/strong><\/h3>\n<ul>\n<li>Voltar ao topo <strong>Planilhas Google<\/strong>, subir <strong>Extens\u00f5es &gt; Pabbly Connect<\/strong>.<\/li>\n<li>Cole o <strong>URL do webhook<\/strong> fornecido por Pabbly na configura\u00e7\u00e3o do Planilha Google.<\/li>\n<li>Salve e feche a configura\u00e7\u00e3o. Cada nova linha inserida na planilha enviar\u00e1 dados para o webhook do Pabbly.<\/li>\n<\/ul>\n<h3><strong><img loading=\"lazy\" decoding=\"async\" class=\"alignnone size-full wp-image-32227\" src=\"https:\/\/sendapp.live\/wp-content\/uploads\/2024\/09\/11-4.png\" alt=\"\" width=\"3451\" height=\"1913\" \/><\/strong><\/h3>\n<h3><\/h3>\n<h3><strong>Etapa 6: Execute o teste de envio<\/strong><\/h3>\n<ul>\n<li>Adicione uma nova linha na Planilha Google com os dados que voc\u00ea deseja enviar via Sendapp (por exemplo, n\u00famero de telefone, mensagem, etc.).<\/li>\n<li>V\u00e1 para Pabbly e clique em <strong>Teste de Webhook<\/strong> para garantir que os dados sejam recebidos corretamente.<\/li>\n<\/ul>\n<h3><strong>Etapa 7: adicionar Sendapp como uma a\u00e7\u00e3o no fluxo de trabalho<\/strong><\/h3>\n<ul>\n<li>Ap\u00f3s configurar o gatilho, clique em Adicionar a\u00e7\u00e3o e selecione Sendapp como a\u00e7\u00e3o <strong>Aplicativo.<\/strong><\/li>\n<\/ul>\n<p>&nbsp;<\/p>\n<p><strong><img loading=\"lazy\" decoding=\"async\" class=\"alignnone size-full wp-image-32229\" src=\"https:\/\/sendapp.live\/wp-content\/uploads\/2024\/09\/12-3.png\" alt=\"\" width=\"3447\" height=\"1912\" \/><\/strong><\/p>\n<p>&nbsp;<\/p>\n<ul>\n<li><strong>Conecte sua conta Sendapp inserindo o Token de Acesso e o ID da Inst\u00e2ncia, que p<\/strong>Voc\u00ea pode obt\u00ea-lo no seu perfil do Sendapp, escaneando o <strong>C\u00f3digo QR<\/strong> com o aplicativo WhatsApp.<\/li>\n<\/ul>\n<h3><strong><img loading=\"lazy\" decoding=\"async\" class=\"alignnone size-full wp-image-32230\" src=\"https:\/\/sendapp.live\/wp-content\/uploads\/2024\/09\/13-2.png\" alt=\"\" width=\"3449\" height=\"1921\" \/><\/strong><\/h3>\n<h3><\/h3>\n<h3><strong><img loading=\"lazy\" decoding=\"async\" class=\"alignnone size-full wp-image-32231\" src=\"https:\/\/sendapp.live\/wp-content\/uploads\/2024\/09\/14-2.png\" alt=\"\" width=\"3449\" height=\"1919\" \/><\/strong><\/h3>\n<h3><\/h3>\n<p><img loading=\"lazy\" decoding=\"async\" class=\"alignnone size-full wp-image-32232\" src=\"https:\/\/sendapp.live\/wp-content\/uploads\/2024\/09\/15-3.png\" alt=\"\" width=\"3453\" height=\"1917\" \/><\/p>\n<h3><strong>Etapa 8: Configurar detalhes da a\u00e7\u00e3o do Sendapp<\/strong><\/h3>\n<ul>\n<li>No campo N\u00famero de telefone, selecione o n\u00famero de telefone da Planilha Google.<\/li>\n<li>Defina o Tipo de Mensagem como Texto.<\/li>\n<li>Estruture sua mensagem personalizada usando os campos da planilha.<strong>o <\/strong>Google, como nome e outras informa\u00e7\u00f5es espec\u00edficas.<\/li>\n<li>Clique em <strong>Salvar e enviar solicita\u00e7\u00e3o de teste<\/strong> para testar o envio da mensagem.<\/li>\n<\/ul>\n<p>&nbsp;<\/p>\n<h3><strong><img loading=\"lazy\" decoding=\"async\" class=\"alignnone size-full wp-image-32233\" src=\"https:\/\/sendapp.live\/wp-content\/uploads\/2024\/09\/16-1.png\" alt=\"\" width=\"3447\" height=\"1919\" \/><\/strong><\/h3>\n<h3><\/h3>\n<h3><strong>Etapa 9: Ative o fluxo de trabalho<\/strong><\/h3>\n<ol>\n<li><strong>Se o teste for bem-sucedido, clique em Salvar e depois em Habilitar fluxo de trabalho.<\/strong><\/li>\n<li><strong>A partir de agora, sempre que voc\u00ea adicionar uma nova linha em sua planilha Go<\/strong>Google, o Sendapp enviar\u00e1 automaticamente uma mensagem do WhatsApp ao destinat\u00e1rio.<\/li>\n<\/ol>\n<p>&nbsp;<\/p>\n<p><img loading=\"lazy\" decoding=\"async\" class=\"alignnone size-full wp-image-32234\" src=\"https:\/\/sendapp.live\/wp-content\/uploads\/2024\/09\/17-1.png\" alt=\"\" width=\"3448\" height=\"1796\" \/><\/p>\n<h3><strong>Conclus\u00e3o<\/strong><\/h3>\n<p>Conectar <strong>Enviar aplicativo<\/strong> para <strong>Planilhas Google<\/strong> atrav\u00e9s <strong>Pabbly<\/strong> Ele permite automatizar suas comunica\u00e7\u00f5es no WhatsApp sem esfor\u00e7o manual. Este fluxo de trabalho \u00e9 perfeito para gerenciar sua lista de contatos com efici\u00eancia e enviar mensagens personalizadas com facilidade. Siga estes passos simples para come\u00e7ar e descubra como essa automa\u00e7\u00e3o pode ser \u00fatil para o seu neg\u00f3cio!<\/p>","protected":false},"excerpt":{"rendered":"<p>&nbsp; Introduzione Automatizzare la tua comunicazione tramite WhatsApp utilizzando Sendapp e Google Sheets \u00e8 possibile grazie a Pabbly, uno strumento di automazione che semplifica i flussi di lavoro tra diverse&#8230;<\/p>","protected":false},"author":1,"featured_media":32235,"parent":0,"menu_order":0,"comment_status":"closed","ping_status":"closed","template":"","meta":{"footnotes":""},"class_list":["post-32237","page","type-page","status-publish","has-post-thumbnail"],"yoast_head":"<!-- This site is optimized with the Yoast SEO plugin v27.4 - https:\/\/yoast.com\/product\/yoast-seo-wordpress\/ -->\n<title>Automatizzare Whatsapp con Pabbly<\/title>\n<meta name=\"description\" content=\"Automatizzare la tua comunicazione tramite WhatsApp utilizzando Sendapp e Google Sheets \u00e8 possibile grazie a Pabbly, uno strumento...\" \/>\n<meta name=\"robots\" content=\"index, follow, max-snippet:-1, max-image-preview:large, max-video-preview:-1\" \/>\n<link rel=\"canonical\" href=\"https:\/\/sendapp.cloud\/pt\/automatizzare-whatsapp-con-pabbly\/\" \/>\n<meta property=\"og:locale\" content=\"pt_PT\" \/>\n<meta property=\"og:type\" content=\"article\" \/>\n<meta property=\"og:title\" content=\"Automatizzare Whatsapp con Pabbly\" \/>\n<meta property=\"og:description\" content=\"Automatizzare la tua comunicazione tramite WhatsApp utilizzando Sendapp e Google Sheets \u00e8 possibile grazie a Pabbly, uno strumento...\" \/>\n<meta property=\"og:url\" content=\"https:\/\/sendapp.cloud\/pt\/automatizzare-whatsapp-con-pabbly\/\" \/>\n<meta property=\"og:site_name\" content=\"SendApp\" \/>\n<meta name=\"twitter:card\" content=\"summary_large_image\" \/>\n<meta name=\"twitter:label1\" content=\"Tempo estimado de leitura\" \/>\n\t<meta name=\"twitter:data1\" content=\"1 minuto\" \/>\n<script type=\"application\/ld+json\" class=\"yoast-schema-graph\">{\"@context\":\"https:\\\/\\\/schema.org\",\"@graph\":[{\"@type\":\"WebPage\",\"@id\":\"https:\\\/\\\/sendapp.cloud\\\/automatizzare-whatsapp-con-pabbly\\\/\",\"url\":\"https:\\\/\\\/sendapp.cloud\\\/automatizzare-whatsapp-con-pabbly\\\/\",\"name\":\"Automatizzare Whatsapp con Pabbly\",\"isPartOf\":{\"@id\":\"https:\\\/\\\/sendapp.cloud\\\/en\\\/#website\"},\"primaryImageOfPage\":{\"@id\":\"https:\\\/\\\/sendapp.cloud\\\/automatizzare-whatsapp-con-pabbly\\\/#primaryimage\"},\"image\":{\"@id\":\"https:\\\/\\\/sendapp.cloud\\\/automatizzare-whatsapp-con-pabbly\\\/#primaryimage\"},\"thumbnailUrl\":\"\",\"datePublished\":\"2024-09-23T08:23:39+00:00\",\"description\":\"Automatizzare la tua comunicazione tramite WhatsApp utilizzando Sendapp e Google Sheets \u00e8 possibile grazie a Pabbly, uno strumento...\",\"breadcrumb\":{\"@id\":\"https:\\\/\\\/sendapp.cloud\\\/automatizzare-whatsapp-con-pabbly\\\/#breadcrumb\"},\"inLanguage\":\"pt-PT\",\"potentialAction\":[{\"@type\":\"ReadAction\",\"target\":[\"https:\\\/\\\/sendapp.cloud\\\/automatizzare-whatsapp-con-pabbly\\\/\"]}]},{\"@type\":\"ImageObject\",\"inLanguage\":\"pt-PT\",\"@id\":\"https:\\\/\\\/sendapp.cloud\\\/automatizzare-whatsapp-con-pabbly\\\/#primaryimage\",\"url\":\"\",\"contentUrl\":\"\"},{\"@type\":\"BreadcrumbList\",\"@id\":\"https:\\\/\\\/sendapp.cloud\\\/automatizzare-whatsapp-con-pabbly\\\/#breadcrumb\",\"itemListElement\":[{\"@type\":\"ListItem\",\"position\":1,\"name\":\"Home\",\"item\":\"https:\\\/\\\/sendapp.cloud\\\/\"},{\"@type\":\"ListItem\",\"position\":2,\"name\":\"Automatizzare Whatsapp con Pabbly\"}]},{\"@type\":\"WebSite\",\"@id\":\"https:\\\/\\\/sendapp.cloud\\\/en\\\/#website\",\"url\":\"https:\\\/\\\/sendapp.cloud\\\/en\\\/\",\"name\":\"SendApp\",\"description\":\"Software Whatsapp Marketing\",\"publisher\":{\"@id\":\"https:\\\/\\\/sendapp.cloud\\\/en\\\/#organization\"},\"potentialAction\":[{\"@type\":\"SearchAction\",\"target\":{\"@type\":\"EntryPoint\",\"urlTemplate\":\"https:\\\/\\\/sendapp.cloud\\\/en\\\/?s={search_term_string}\"},\"query-input\":{\"@type\":\"PropertyValueSpecification\",\"valueRequired\":true,\"valueName\":\"search_term_string\"}}],\"inLanguage\":\"pt-PT\"},{\"@type\":\"Organization\",\"@id\":\"https:\\\/\\\/sendapp.cloud\\\/en\\\/#organization\",\"name\":\"SendApp\",\"url\":\"https:\\\/\\\/sendapp.cloud\\\/en\\\/\",\"logo\":{\"@type\":\"ImageObject\",\"inLanguage\":\"pt-PT\",\"@id\":\"https:\\\/\\\/sendapp.cloud\\\/en\\\/#\\\/schema\\\/logo\\\/image\\\/\",\"url\":\"https:\\\/\\\/sendapp.cloud\\\/wp-content\\\/uploads\\\/2024\\\/11\\\/Logo-bianco.png\",\"contentUrl\":\"https:\\\/\\\/sendapp.cloud\\\/wp-content\\\/uploads\\\/2024\\\/11\\\/Logo-bianco.png\",\"width\":145,\"height\":48,\"caption\":\"SendApp\"},\"image\":{\"@id\":\"https:\\\/\\\/sendapp.cloud\\\/en\\\/#\\\/schema\\\/logo\\\/image\\\/\"}}]}<\/script>\n<!-- \/ Yoast SEO plugin. -->","yoast_head_json":{"title":"Automatize o WhatsApp com o Pabbly","description":"Automatizzare la tua comunicazione tramite WhatsApp utilizzando Sendapp e Google Sheets \u00e8 possibile grazie a Pabbly, uno strumento...","robots":{"index":"index","follow":"follow","max-snippet":"max-snippet:-1","max-image-preview":"max-image-preview:large","max-video-preview":"max-video-preview:-1"},"canonical":"https:\/\/sendapp.cloud\/pt\/automatizzare-whatsapp-con-pabbly\/","og_locale":"pt_PT","og_type":"article","og_title":"Automatizzare Whatsapp con Pabbly","og_description":"Automatizzare la tua comunicazione tramite WhatsApp utilizzando Sendapp e Google Sheets \u00e8 possibile grazie a Pabbly, uno strumento...","og_url":"https:\/\/sendapp.cloud\/pt\/automatizzare-whatsapp-con-pabbly\/","og_site_name":"SendApp","twitter_card":"summary_large_image","twitter_misc":{"Tempo estimado de leitura":"1 minuto"},"schema":{"@context":"https:\/\/schema.org","@graph":[{"@type":"WebPage","@id":"https:\/\/sendapp.cloud\/automatizzare-whatsapp-con-pabbly\/","url":"https:\/\/sendapp.cloud\/automatizzare-whatsapp-con-pabbly\/","name":"Automatize o WhatsApp com o Pabbly","isPartOf":{"@id":"https:\/\/sendapp.cloud\/en\/#website"},"primaryImageOfPage":{"@id":"https:\/\/sendapp.cloud\/automatizzare-whatsapp-con-pabbly\/#primaryimage"},"image":{"@id":"https:\/\/sendapp.cloud\/automatizzare-whatsapp-con-pabbly\/#primaryimage"},"thumbnailUrl":"","datePublished":"2024-09-23T08:23:39+00:00","description":"Automatizzare la tua comunicazione tramite WhatsApp utilizzando Sendapp e Google Sheets \u00e8 possibile grazie a Pabbly, uno strumento...","breadcrumb":{"@id":"https:\/\/sendapp.cloud\/automatizzare-whatsapp-con-pabbly\/#breadcrumb"},"inLanguage":"pt-PT","potentialAction":[{"@type":"ReadAction","target":["https:\/\/sendapp.cloud\/automatizzare-whatsapp-con-pabbly\/"]}]},{"@type":"ImageObject","inLanguage":"pt-PT","@id":"https:\/\/sendapp.cloud\/automatizzare-whatsapp-con-pabbly\/#primaryimage","url":"","contentUrl":""},{"@type":"BreadcrumbList","@id":"https:\/\/sendapp.cloud\/automatizzare-whatsapp-con-pabbly\/#breadcrumb","itemListElement":[{"@type":"ListItem","position":1,"name":"Home","item":"https:\/\/sendapp.cloud\/"},{"@type":"ListItem","position":2,"name":"Automatizzare Whatsapp con Pabbly"}]},{"@type":"WebSite","@id":"https:\/\/sendapp.cloud\/en\/#website","url":"https:\/\/sendapp.cloud\/en\/","name":"Enviar aplicativo","description":"Software de marketing do WhatsApp","publisher":{"@id":"https:\/\/sendapp.cloud\/en\/#organization"},"potentialAction":[{"@type":"SearchAction","target":{"@type":"EntryPoint","urlTemplate":"https:\/\/sendapp.cloud\/en\/?s={search_term_string}"},"query-input":{"@type":"PropertyValueSpecification","valueRequired":true,"valueName":"search_term_string"}}],"inLanguage":"pt-PT"},{"@type":"Organization","@id":"https:\/\/sendapp.cloud\/en\/#organization","name":"Enviar aplicativo","url":"https:\/\/sendapp.cloud\/en\/","logo":{"@type":"ImageObject","inLanguage":"pt-PT","@id":"https:\/\/sendapp.cloud\/en\/#\/schema\/logo\/image\/","url":"https:\/\/sendapp.cloud\/wp-content\/uploads\/2024\/11\/Logo-bianco.png","contentUrl":"https:\/\/sendapp.cloud\/wp-content\/uploads\/2024\/11\/Logo-bianco.png","width":145,"height":48,"caption":"SendApp"},"image":{"@id":"https:\/\/sendapp.cloud\/en\/#\/schema\/logo\/image\/"}}]}},"_links":{"self":[{"href":"https:\/\/sendapp.cloud\/pt\/wp-json\/wp\/v2\/pages\/32237","targetHints":{"allow":["GET"]}}],"collection":[{"href":"https:\/\/sendapp.cloud\/pt\/wp-json\/wp\/v2\/pages"}],"about":[{"href":"https:\/\/sendapp.cloud\/pt\/wp-json\/wp\/v2\/types\/page"}],"author":[{"embeddable":true,"href":"https:\/\/sendapp.cloud\/pt\/wp-json\/wp\/v2\/users\/1"}],"replies":[{"embeddable":true,"href":"https:\/\/sendapp.cloud\/pt\/wp-json\/wp\/v2\/comments?post=32237"}],"version-history":[{"count":0,"href":"https:\/\/sendapp.cloud\/pt\/wp-json\/wp\/v2\/pages\/32237\/revisions"}],"wp:featuredmedia":[{"embeddable":true,"href":"https:\/\/sendapp.cloud\/pt\/wp-json\/"}],"wp:attachment":[{"href":"https:\/\/sendapp.cloud\/pt\/wp-json\/wp\/v2\/media?parent=32237"}],"curies":[{"name":"wp","href":"https:\/\/api.w.org\/{rel}","templated":true}]}}