{"id":32206,"date":"2024-09-21T16:49:05","date_gmt":"2024-09-21T14:49:05","guid":{"rendered":"https:\/\/sendapp.live\/?page_id=32206"},"modified":"2024-09-21T16:49:05","modified_gmt":"2024-09-21T14:49:05","slug":"automatizzare-whatsapp-con-zapier","status":"publish","type":"page","link":"https:\/\/sendapp.cloud\/pt\/automatizzare-whatsapp-con-zapier\/","title":{"rendered":"Automatizzare Whatsapp con Zapier"},"content":{"rendered":"<h3><strong>Introdu\u00e7\u00e3o<\/strong><\/h3>\n<p>Automatizar processos \u00e9 essencial para economizar tempo e aumentar a produtividade. Neste guia, mostraremos como conectar <strong>Enviar aplicativo<\/strong>, nosso poderoso software de marketing do WhatsApp, <strong>Planilhas Google<\/strong> usando <strong>Zapier<\/strong>Isso permitir\u00e1 que voc\u00ea envie mensagens do WhatsApp automaticamente sempre que adicionar novas linhas \u00e0 sua Planilha Google.<\/p>\n<h3><strong>Etapa 1: escolha seu plano Sendapp<\/strong><\/h3>\n<p>Primeiro voc\u00ea precisar\u00e1 escolher o plano <strong>Enviar aplicativo<\/strong> que mais lhe convier. Voc\u00ea pode optar por um <strong>plano de demonstra\u00e7\u00e3o<\/strong> ou para um <strong>por uma taxa<\/strong>Depois de ativar seu plano, voc\u00ea precisar\u00e1 conectar sua conta do WhatsApp.<\/p>\n<p>&nbsp;<\/p>\n<p><img loading=\"lazy\" decoding=\"async\" class=\"alignnone size-full wp-image-32184\" src=\"https:\/\/sendapp.live\/wp-content\/uploads\/2024\/09\/1-copia.png\" alt=\"\" width=\"3454\" height=\"1893\" \/><\/p>\n<h3><strong>Etapa 2: conecte sua conta do WhatsApp<\/strong><\/h3>\n<ol>\n<li>Entrar para <strong>Enviar aplicativo<\/strong> e v\u00e1 para a se\u00e7\u00e3o <strong>Perfil<\/strong>.<\/li>\n<li>A ser\u00e1 exibido <strong>C\u00f3digo QR<\/strong> que voc\u00ea precisar\u00e1 escanear com seu telefone usando a conta do WhatsApp desejada.<\/li>\n<li>Assim que a digitaliza\u00e7\u00e3o for conclu\u00edda, a tela exibir\u00e1 o<strong>Token de acesso<\/strong> e o<strong>ID de acesso<\/strong>Esses dados ser\u00e3o necess\u00e1rios para conectar sua conta Sendapp a <strong>Zapier<\/strong>.<\/li>\n<\/ol>\n<p>&nbsp;<\/p>\n<h3><strong><img loading=\"lazy\" decoding=\"async\" class=\"alignnone size-full wp-image-32185\" src=\"https:\/\/sendapp.live\/wp-content\/uploads\/2024\/09\/15-1.png\" alt=\"\" width=\"3453\" height=\"1913\" \/><\/strong><\/h3>\n<h3><\/h3>\n<h3><strong>Etapa 3: Crie o modelo CSV para o Planilhas Google<\/strong><\/h3>\n<p>Para automatizar o envio de mensagens via Planilhas Google, voc\u00ea precisa criar um <strong>Modelo CSV<\/strong>Este modelo conter\u00e1 as informa\u00e7\u00f5es que o Sendapp usar\u00e1 para enviar mensagens do WhatsApp. Certifique-se de que o arquivo CSV inclua colunas como:<\/p>\n<ul>\n<li><strong>N\u00famero de telefone<\/strong><\/li>\n<li><strong>Nome do destinat\u00e1rio<\/strong><\/li>\n<li><strong>Mensagem personalizada<\/strong><\/li>\n<\/ul>\n<h3><strong><img loading=\"lazy\" decoding=\"async\" class=\"alignnone size-full wp-image-32186\" src=\"https:\/\/sendapp.live\/wp-content\/uploads\/2024\/09\/2-2.png\" alt=\"\" width=\"3453\" height=\"1914\" \/><\/strong><\/h3>\n<h3><strong>Etapa 4: Crie um novo Zap no Zapier<\/strong><\/h3>\n<ol>\n<li>Entre na sua conta <strong>Zapier<\/strong>.<\/li>\n<li>Clique em <strong>\u201cFa\u00e7a um Zap\u201d<\/strong>.<\/li>\n<li>Na barra de pesquisa, pesquise <strong>Planilhas Google<\/strong> e selecione-o como \u201cTrigger App\u201d.<\/li>\n<li>Escolha o gatilho <strong>\u201cNova linha da planilha\u201d<\/strong>, que ser\u00e1 ativado sempre que voc\u00ea adicionar uma nova linha \u00e0 planilha.<\/li>\n<\/ol>\n<h3><strong><img loading=\"lazy\" decoding=\"async\" class=\"alignnone size-full wp-image-32187\" src=\"https:\/\/sendapp.live\/wp-content\/uploads\/2024\/09\/3-1.png\" alt=\"\" width=\"3452\" height=\"1911\" \/><\/strong><\/h3>\n<h3><img loading=\"lazy\" decoding=\"async\" class=\"alignnone size-full wp-image-32188\" src=\"https:\/\/sendapp.live\/wp-content\/uploads\/2024\/09\/4-2.png\" alt=\"\" width=\"3446\" height=\"1908\" \/><\/h3>\n<h3><\/h3>\n<h3><strong><img loading=\"lazy\" decoding=\"async\" class=\"alignnone size-full wp-image-32189\" src=\"https:\/\/sendapp.live\/wp-content\/uploads\/2024\/09\/5-1.png\" alt=\"\" width=\"3449\" height=\"1921\" \/>Etapa 5: configure sua Planilha Google<\/strong><\/h3>\n<ol>\n<li>Selecione a conta <strong>Google<\/strong> ao qual voc\u00ea deseja conectar o Zapier.<\/li>\n<li>Na pr\u00f3xima tela, escolha o <strong>planilha<\/strong> e o <strong>Modelo CSV<\/strong> que voc\u00ea preparou.<\/li>\n<li>Teste sua conex\u00e3o para garantir que o Zapier possa acessar seus dados corretamente.<\/li>\n<\/ol>\n<h3><strong><img loading=\"lazy\" decoding=\"async\" class=\"alignnone size-full wp-image-32190\" src=\"https:\/\/sendapp.live\/wp-content\/uploads\/2024\/09\/6.png\" alt=\"\" width=\"3449\" height=\"1916\" \/><\/strong><\/h3>\n<h3><strong><img loading=\"lazy\" decoding=\"async\" class=\"alignnone size-full wp-image-32191\" src=\"https:\/\/sendapp.live\/wp-content\/uploads\/2024\/09\/7-1.png\" alt=\"\" width=\"3448\" height=\"1910\" \/><\/strong><\/h3>\n<h3><img loading=\"lazy\" decoding=\"async\" class=\"alignnone size-full wp-image-32192\" src=\"https:\/\/sendapp.live\/wp-content\/uploads\/2024\/09\/8-1.png\" alt=\"\" width=\"3447\" height=\"1829\" \/><\/h3>\n<h3><strong><img loading=\"lazy\" decoding=\"async\" class=\"alignnone size-full wp-image-32194\" src=\"https:\/\/sendapp.live\/wp-content\/uploads\/2024\/09\/9-2.png\" alt=\"\" width=\"3449\" height=\"1918\" \/><\/strong><\/h3>\n<h3><img loading=\"lazy\" decoding=\"async\" class=\"alignnone size-full wp-image-32195\" src=\"https:\/\/sendapp.live\/wp-content\/uploads\/2024\/09\/10-1.png\" alt=\"\" width=\"3447\" height=\"1912\" \/><\/h3>\n<h3><strong>Etapa 6: adicione o Sendapp como um aplicativo de a\u00e7\u00e3o<\/strong><\/h3>\n<ol>\n<li>Ap\u00f3s configurar o Trigger, clique em <strong>\u201cAdicionar a\u00e7\u00e3o\u201d<\/strong> e pesquisar <strong>Enviar aplicativo<\/strong>.<\/li>\n<li>Selecione a a\u00e7\u00e3o <strong>\u201cEnviar uma mensagem do WhatsApp\u201d<\/strong>.<\/li>\n<li>Entre no<strong>Token de acesso<\/strong> e o<strong>ID de acesso<\/strong> que voc\u00ea obteve anteriormente da sua conta Sendapp.<\/li>\n<\/ol>\n<p><img loading=\"lazy\" decoding=\"async\" class=\"alignnone size-full wp-image-32196\" src=\"https:\/\/sendapp.live\/wp-content\/uploads\/2024\/09\/11-2.png\" alt=\"\" width=\"3450\" height=\"1920\" \/><\/p>\n<p><img loading=\"lazy\" decoding=\"async\" class=\"alignnone size-full wp-image-32197\" src=\"https:\/\/sendapp.live\/wp-content\/uploads\/2024\/09\/12-1.png\" alt=\"\" width=\"3446\" height=\"1925\" \/><\/p>\n<h3><strong><img loading=\"lazy\" decoding=\"async\" class=\"alignnone size-full wp-image-32198\" src=\"https:\/\/sendapp.live\/wp-content\/uploads\/2024\/09\/13-1.png\" alt=\"\" width=\"3448\" height=\"1916\" \/><\/strong><\/h3>\n<h3><img loading=\"lazy\" decoding=\"async\" class=\"alignnone size-full wp-image-32199\" src=\"https:\/\/sendapp.live\/wp-content\/uploads\/2024\/09\/14-1.png\" alt=\"\" width=\"3442\" height=\"1913\" \/><\/h3>\n<h3><img loading=\"lazy\" decoding=\"async\" class=\"alignnone size-full wp-image-32200\" src=\"https:\/\/sendapp.live\/wp-content\/uploads\/2024\/09\/15-2.png\" alt=\"\" width=\"3453\" height=\"1913\" \/><\/h3>\n<h3><\/h3>\n<h3><strong>Etapa 7: Configurar a a\u00e7\u00e3o Sendapp<\/strong><\/h3>\n<ol>\n<li>No campo <strong>n\u00famero de telefone<\/strong>, selecione a op\u00e7\u00e3o correspondente \u00e0 coluna \u201cN\u00famero de telefone\u201d do modelo CSV.<\/li>\n<li>Voc\u00ea escolhe <strong>Tipo: texto<\/strong> para enviar uma mensagem de texto.<\/li>\n<li>Crie uma mensagem personalizada usando dados da Planilha Google. Voc\u00ea pode usar os nomes e mensagens predefinidos nas colunas da planilha.<\/li>\n<li>Clique em <strong>Continua<\/strong>.<\/li>\n<\/ol>\n<p><img loading=\"lazy\" decoding=\"async\" class=\"alignnone size-full wp-image-32201\" src=\"https:\/\/sendapp.live\/wp-content\/uploads\/2024\/09\/16.png\" alt=\"\" width=\"3450\" height=\"1926\" \/><\/p>\n<p>&nbsp;<\/p>\n<h3><strong>Etapa 8: Execute o teste<\/strong><\/h3>\n<p>Antes de ativar o Zap, teste para garantir que a mensagem do WhatsApp seja enviada corretamente via Sendapp. Adicione uma nova linha \u00e0 Planilha Google e verifique se a mensagem \u00e9 enviada com os dados corretos.<\/p>\n<h3><strong><img loading=\"lazy\" decoding=\"async\" class=\"alignnone size-full wp-image-32202\" src=\"https:\/\/sendapp.live\/wp-content\/uploads\/2024\/09\/17.png\" alt=\"\" width=\"3448\" height=\"1904\" \/><\/strong><\/h3>\n<h3><strong>Passo 9: Ative seu Zap<\/strong><\/h3>\n<p>Se tudo funcionar conforme o esperado, clique em <strong>\u201cLigue o Zap\u201d<\/strong>Agora, sempre que voc\u00ea adicionar uma nova linha \u00e0 sua Planilha Google, o Sendapp enviar\u00e1 automaticamente uma mensagem personalizada do WhatsApp ao destinat\u00e1rio.<\/p>\n<p>&nbsp;<\/p>\n<h3><strong><img loading=\"lazy\" decoding=\"async\" class=\"alignnone size-full wp-image-32203\" src=\"https:\/\/sendapp.live\/wp-content\/uploads\/2024\/09\/18.png\" alt=\"\" width=\"3446\" height=\"1915\" \/>Conclus\u00e3o<\/strong><\/h3>\n<p>Conectar <strong>Enviar aplicativo<\/strong> para <strong>Planilhas Google<\/strong> atrav\u00e9s <strong>Zapier<\/strong> \u00c9 uma maneira simples e poderosa de automatizar seu marketing no WhatsApp. Isso permite que voc\u00ea envie mensagens aos seus clientes sem esfor\u00e7o manual, melhorando a efici\u00eancia e a comunica\u00e7\u00e3o. Experimente criar o seu primeiro hoje mesmo. <strong>Zap<\/strong> e descubra como essa automa\u00e7\u00e3o pode simplificar seu fluxo de trabalho!<\/p>","protected":false},"excerpt":{"rendered":"<p>Introduzione Automatizzare i processi \u00e8 fondamentale per risparmiare tempo e aumentare la produttivit\u00e0. In questa guida ti mostreremo come collegare Sendapp, il nostro potente software di marketing su WhatsApp, a&#8230;<\/p>","protected":false},"author":1,"featured_media":32204,"parent":0,"menu_order":0,"comment_status":"closed","ping_status":"closed","template":"","meta":{"footnotes":""},"class_list":["post-32206","page","type-page","status-publish","has-post-thumbnail"],"yoast_head":"<!-- This site is optimized with the Yoast SEO plugin v26.8 - https:\/\/yoast.com\/product\/yoast-seo-wordpress\/ -->\n<title>Automatizzare Whatsapp con Zapier<\/title>\n<meta name=\"description\" content=\"Automatizzare i processi \u00e8 fondamentale per risparmiare tempo e aumentare la produttivit\u00e0. In questa guida ti mostreremo come collegare Sendapp, il nostro potente software di marketing su WhatsApp, a Google Sheets utilizzando Zapier\" \/>\n<meta name=\"robots\" content=\"index, follow, max-snippet:-1, max-image-preview:large, max-video-preview:-1\" \/>\n<link rel=\"canonical\" href=\"https:\/\/sendapp.cloud\/pt\/automatizzare-whatsapp-con-zapier\/\" \/>\n<meta property=\"og:locale\" content=\"pt_PT\" \/>\n<meta property=\"og:type\" content=\"article\" \/>\n<meta property=\"og:title\" content=\"Automatizzare Whatsapp con Zapier\" \/>\n<meta property=\"og:description\" content=\"Automatizzare i processi \u00e8 fondamentale per risparmiare tempo e aumentare la produttivit\u00e0. In questa guida ti mostreremo come collegare Sendapp, il nostro potente software di marketing su WhatsApp, a Google Sheets utilizzando Zapier\" \/>\n<meta property=\"og:url\" content=\"https:\/\/sendapp.cloud\/pt\/automatizzare-whatsapp-con-zapier\/\" \/>\n<meta property=\"og:site_name\" content=\"SendApp\" \/>\n<meta name=\"twitter:card\" content=\"summary_large_image\" \/>\n<meta name=\"twitter:label1\" content=\"Tempo estimado de leitura\" \/>\n\t<meta name=\"twitter:data1\" content=\"1 minuto\" \/>\n<script type=\"application\/ld+json\" class=\"yoast-schema-graph\">{\"@context\":\"https:\/\/schema.org\",\"@graph\":[{\"@type\":\"WebPage\",\"@id\":\"https:\/\/sendapp.cloud\/automatizzare-whatsapp-con-zapier\/\",\"url\":\"https:\/\/sendapp.cloud\/automatizzare-whatsapp-con-zapier\/\",\"name\":\"Automatizzare Whatsapp con Zapier\",\"isPartOf\":{\"@id\":\"https:\/\/sendapp.cloud\/en\/#website\"},\"primaryImageOfPage\":{\"@id\":\"https:\/\/sendapp.cloud\/automatizzare-whatsapp-con-zapier\/#primaryimage\"},\"image\":{\"@id\":\"https:\/\/sendapp.cloud\/automatizzare-whatsapp-con-zapier\/#primaryimage\"},\"thumbnailUrl\":\"\",\"datePublished\":\"2024-09-21T14:49:05+00:00\",\"description\":\"Automatizzare i processi \u00e8 fondamentale per risparmiare tempo e aumentare la produttivit\u00e0. In questa guida ti mostreremo come collegare Sendapp, il nostro potente software di marketing su WhatsApp, a Google Sheets utilizzando Zapier\",\"breadcrumb\":{\"@id\":\"https:\/\/sendapp.cloud\/automatizzare-whatsapp-con-zapier\/#breadcrumb\"},\"inLanguage\":\"pt-PT\",\"potentialAction\":[{\"@type\":\"ReadAction\",\"target\":[\"https:\/\/sendapp.cloud\/automatizzare-whatsapp-con-zapier\/\"]}]},{\"@type\":\"ImageObject\",\"inLanguage\":\"pt-PT\",\"@id\":\"https:\/\/sendapp.cloud\/automatizzare-whatsapp-con-zapier\/#primaryimage\",\"url\":\"\",\"contentUrl\":\"\"},{\"@type\":\"BreadcrumbList\",\"@id\":\"https:\/\/sendapp.cloud\/automatizzare-whatsapp-con-zapier\/#breadcrumb\",\"itemListElement\":[{\"@type\":\"ListItem\",\"position\":1,\"name\":\"Home\",\"item\":\"https:\/\/sendapp.cloud\/\"},{\"@type\":\"ListItem\",\"position\":2,\"name\":\"Automatizzare Whatsapp con Zapier\"}]},{\"@type\":\"WebSite\",\"@id\":\"https:\/\/sendapp.cloud\/en\/#website\",\"url\":\"https:\/\/sendapp.cloud\/en\/\",\"name\":\"SendApp\",\"description\":\"Software Whatsapp Marketing\",\"publisher\":{\"@id\":\"https:\/\/sendapp.cloud\/en\/#organization\"},\"potentialAction\":[{\"@type\":\"SearchAction\",\"target\":{\"@type\":\"EntryPoint\",\"urlTemplate\":\"https:\/\/sendapp.cloud\/en\/?s={search_term_string}\"},\"query-input\":{\"@type\":\"PropertyValueSpecification\",\"valueRequired\":true,\"valueName\":\"search_term_string\"}}],\"inLanguage\":\"pt-PT\"},{\"@type\":\"Organization\",\"@id\":\"https:\/\/sendapp.cloud\/en\/#organization\",\"name\":\"SendApp\",\"url\":\"https:\/\/sendapp.cloud\/en\/\",\"logo\":{\"@type\":\"ImageObject\",\"inLanguage\":\"pt-PT\",\"@id\":\"https:\/\/sendapp.cloud\/en\/#\/schema\/logo\/image\/\",\"url\":\"https:\/\/sendapp.cloud\/wp-content\/uploads\/2024\/11\/Logo-bianco.png\",\"contentUrl\":\"https:\/\/sendapp.cloud\/wp-content\/uploads\/2024\/11\/Logo-bianco.png\",\"width\":145,\"height\":48,\"caption\":\"SendApp\"},\"image\":{\"@id\":\"https:\/\/sendapp.cloud\/en\/#\/schema\/logo\/image\/\"}}]}<\/script>\n<!-- \/ Yoast SEO plugin. -->","yoast_head_json":{"title":"Automatizzare Whatsapp con Zapier","description":"Automatizzare i processi \u00e8 fondamentale per risparmiare tempo e aumentare la produttivit\u00e0. In questa guida ti mostreremo come collegare Sendapp, il nostro potente software di marketing su WhatsApp, a Google Sheets utilizzando Zapier","robots":{"index":"index","follow":"follow","max-snippet":"max-snippet:-1","max-image-preview":"max-image-preview:large","max-video-preview":"max-video-preview:-1"},"canonical":"https:\/\/sendapp.cloud\/pt\/automatizzare-whatsapp-con-zapier\/","og_locale":"pt_PT","og_type":"article","og_title":"Automatizzare Whatsapp con Zapier","og_description":"Automatizzare i processi \u00e8 fondamentale per risparmiare tempo e aumentare la produttivit\u00e0. In questa guida ti mostreremo come collegare Sendapp, il nostro potente software di marketing su WhatsApp, a Google Sheets utilizzando Zapier","og_url":"https:\/\/sendapp.cloud\/pt\/automatizzare-whatsapp-con-zapier\/","og_site_name":"SendApp","twitter_card":"summary_large_image","twitter_misc":{"Tempo estimado de leitura":"1 minuto"},"schema":{"@context":"https:\/\/schema.org","@graph":[{"@type":"WebPage","@id":"https:\/\/sendapp.cloud\/automatizzare-whatsapp-con-zapier\/","url":"https:\/\/sendapp.cloud\/automatizzare-whatsapp-con-zapier\/","name":"Automatizzare Whatsapp con Zapier","isPartOf":{"@id":"https:\/\/sendapp.cloud\/en\/#website"},"primaryImageOfPage":{"@id":"https:\/\/sendapp.cloud\/automatizzare-whatsapp-con-zapier\/#primaryimage"},"image":{"@id":"https:\/\/sendapp.cloud\/automatizzare-whatsapp-con-zapier\/#primaryimage"},"thumbnailUrl":"","datePublished":"2024-09-21T14:49:05+00:00","description":"Automatizzare i processi \u00e8 fondamentale per risparmiare tempo e aumentare la produttivit\u00e0. In questa guida ti mostreremo come collegare Sendapp, il nostro potente software di marketing su WhatsApp, a Google Sheets utilizzando Zapier","breadcrumb":{"@id":"https:\/\/sendapp.cloud\/automatizzare-whatsapp-con-zapier\/#breadcrumb"},"inLanguage":"pt-PT","potentialAction":[{"@type":"ReadAction","target":["https:\/\/sendapp.cloud\/automatizzare-whatsapp-con-zapier\/"]}]},{"@type":"ImageObject","inLanguage":"pt-PT","@id":"https:\/\/sendapp.cloud\/automatizzare-whatsapp-con-zapier\/#primaryimage","url":"","contentUrl":""},{"@type":"BreadcrumbList","@id":"https:\/\/sendapp.cloud\/automatizzare-whatsapp-con-zapier\/#breadcrumb","itemListElement":[{"@type":"ListItem","position":1,"name":"Home","item":"https:\/\/sendapp.cloud\/"},{"@type":"ListItem","position":2,"name":"Automatizzare Whatsapp con Zapier"}]},{"@type":"WebSite","@id":"https:\/\/sendapp.cloud\/en\/#website","url":"https:\/\/sendapp.cloud\/en\/","name":"Enviar aplicativo","description":"Software de marketing do WhatsApp","publisher":{"@id":"https:\/\/sendapp.cloud\/en\/#organization"},"potentialAction":[{"@type":"SearchAction","target":{"@type":"EntryPoint","urlTemplate":"https:\/\/sendapp.cloud\/en\/?s={search_term_string}"},"query-input":{"@type":"PropertyValueSpecification","valueRequired":true,"valueName":"search_term_string"}}],"inLanguage":"pt-PT"},{"@type":"Organization","@id":"https:\/\/sendapp.cloud\/en\/#organization","name":"Enviar aplicativo","url":"https:\/\/sendapp.cloud\/en\/","logo":{"@type":"ImageObject","inLanguage":"pt-PT","@id":"https:\/\/sendapp.cloud\/en\/#\/schema\/logo\/image\/","url":"https:\/\/sendapp.cloud\/wp-content\/uploads\/2024\/11\/Logo-bianco.png","contentUrl":"https:\/\/sendapp.cloud\/wp-content\/uploads\/2024\/11\/Logo-bianco.png","width":145,"height":48,"caption":"SendApp"},"image":{"@id":"https:\/\/sendapp.cloud\/en\/#\/schema\/logo\/image\/"}}]}},"_links":{"self":[{"href":"https:\/\/sendapp.cloud\/pt\/wp-json\/wp\/v2\/pages\/32206","targetHints":{"allow":["GET"]}}],"collection":[{"href":"https:\/\/sendapp.cloud\/pt\/wp-json\/wp\/v2\/pages"}],"about":[{"href":"https:\/\/sendapp.cloud\/pt\/wp-json\/wp\/v2\/types\/page"}],"author":[{"embeddable":true,"href":"https:\/\/sendapp.cloud\/pt\/wp-json\/wp\/v2\/users\/1"}],"replies":[{"embeddable":true,"href":"https:\/\/sendapp.cloud\/pt\/wp-json\/wp\/v2\/comments?post=32206"}],"version-history":[{"count":0,"href":"https:\/\/sendapp.cloud\/pt\/wp-json\/wp\/v2\/pages\/32206\/revisions"}],"wp:featuredmedia":[{"embeddable":true,"href":"https:\/\/sendapp.cloud\/pt\/wp-json\/"}],"wp:attachment":[{"href":"https:\/\/sendapp.cloud\/pt\/wp-json\/wp\/v2\/media?parent=32206"}],"curies":[{"name":"wp","href":"https:\/\/api.w.org\/{rel}","templated":true}]}}