{"id":32180,"date":"2024-09-21T16:13:20","date_gmt":"2024-09-21T14:13:20","guid":{"rendered":"https:\/\/sendapp.live\/?page_id=32180"},"modified":"2024-09-21T16:13:20","modified_gmt":"2024-09-21T14:13:20","slug":"automatizzare-whatsapp-con-make","status":"publish","type":"page","link":"https:\/\/sendapp.cloud\/pt\/automatizzare-whatsapp-con-make\/","title":{"rendered":"Automatize o WhatsApp com o Make"},"content":{"rendered":"<ol>\n<li class=\"p1\"><b>Introdu\u00e7\u00e3o<\/b><\/li>\n<\/ol>\n<p class=\"p2\">Automatize os processos de envio de mensagens do WhatsApp via <b>Enviar aplicativo<\/b> E <b>Planilhas Google<\/b> usando <b>Fazer<\/b> (anteriormente Integromat) permite que voc\u00ea gerencie suas comunica\u00e7\u00f5es com efici\u00eancia. Neste guia, mostraremos como criar uma integra\u00e7\u00e3o entre <b>Enviar aplicativo<\/b> E <b>Planilhas Google<\/b> para enviar mensagens do WhatsApp sempre que novos dados forem adicionados \u00e0 planilha.<\/p>\n<h3 class=\"p1\"><b>Etapa 1: O que voc\u00ea precisa<\/b><\/h3>\n<p class=\"p2\">Antes de come\u00e7ar, certifique-se de ter:<\/p>\n<ul class=\"ul1\">\n<li class=\"li2\">Uma conta <a href=\"https:\/\/sendapp.cloud\/pt\/\" target=\"_blank\" rel=\"noopener\"><b>Nuvem Sendapp <\/b><\/a>ativo.<\/li>\n<\/ul>\n<p>&nbsp;<\/p>\n<p><img loading=\"lazy\" decoding=\"async\" class=\"alignnone size-full wp-image-32153\" src=\"https:\/\/sendapp.live\/wp-content\/uploads\/2024\/09\/1.png\" alt=\"\" width=\"3454\" height=\"1893\" \/><\/p>\n<p>&nbsp;<\/p>\n<ul class=\"ul1\">\n<li class=\"li2\">Uma conta <b><a href=\"https:\/\/www.make.com\/en\/login?_gl=1*z9hvru*_gcl_aw*R0NMLjE3MjY0Nzk2MTAuQ2owS0NRandycC0zQmhEZ0FSSXNBRVdKNlN4WHF0Z2xXN0pELVBqbFcxbEZuNks2ZjZfMW05ZThneXZxSzVtc1l6NjNoenBGYXlHamxlSWFBZ21rRUFMd193Y0I.*_gcl_au*MjExNDIwNTY3Mi4xNzI2NDc5NjA2*_ga*MTgxMTIwMjMyMC4xNzI2NDc5NjA0*_ga_MY0CJTCDSF*MTcyNjgzOTYwMC4xMS4wLjE3MjY4Mzk2MDAuNjAuMC4w\" target=\"_blank\" rel=\"noopener\">Fazer<\/a>:\u00a0<\/b><\/li>\n<\/ul>\n<p>&nbsp;<\/p>\n<p><img loading=\"lazy\" decoding=\"async\" class=\"alignnone size-full wp-image-32155\" src=\"https:\/\/sendapp.live\/wp-content\/uploads\/2024\/09\/2-1.png\" alt=\"\" width=\"3455\" height=\"1913\" \/><\/p>\n<p>&nbsp;<\/p>\n<ul class=\"ul1\">\n<li class=\"li2\">Acesso a <b>Planilhas Google<\/b> e um <b>Modelo CSV<\/b> pronto com as informa\u00e7\u00f5es que voc\u00ea deseja usar (como n\u00fameros de telefone e mensagens).<\/li>\n<\/ul>\n<p>&nbsp;<\/p>\n<p><img loading=\"lazy\" decoding=\"async\" class=\"alignnone size-full wp-image-32156\" src=\"https:\/\/sendapp.live\/wp-content\/uploads\/2024\/09\/3.png\" alt=\"\" width=\"3453\" height=\"1914\" \/><\/p>\n<p>&nbsp;<\/p>\n<h3 class=\"p1\"><b>Etapa 2: Crie um novo cen\u00e1rio no Make<\/b><\/h3>\n<ul>\n<li>Entre na sua conta <b>Fazer<\/b> e clique em <b>Crie um novo cen\u00e1rio<\/b>.<\/li>\n<\/ul>\n<p>&nbsp;<\/p>\n<p><img loading=\"lazy\" decoding=\"async\" class=\"alignnone size-full wp-image-32157\" src=\"https:\/\/sendapp.live\/wp-content\/uploads\/2024\/09\/4-1.png\" alt=\"\" width=\"3454\" height=\"1913\" \/><\/p>\n<ul>\n<li>Clique no s\u00edmbolo <b>\u201c+\u201d<\/b> para adicionar o primeiro m\u00f3dulo.<\/li>\n<\/ul>\n<p>&nbsp;<\/p>\n<p>&nbsp;<\/p>\n<p><img loading=\"lazy\" decoding=\"async\" class=\"alignnone size-full wp-image-32158\" src=\"https:\/\/sendapp.live\/wp-content\/uploads\/2024\/09\/7.png\" alt=\"\" width=\"3455\" height=\"1911\" \/><\/p>\n<ul>\n<li>Pesquisar e selecionar <b>Planilhas Google<\/b>.<\/li>\n<\/ul>\n<p>&nbsp;<\/p>\n<ul>\n<li>Na configura\u00e7\u00e3o, escolha <b>Unidade: myDrive<\/b>.<\/li>\n<\/ul>\n<p><img loading=\"lazy\" decoding=\"async\" class=\"alignnone size-full wp-image-32159\" src=\"https:\/\/sendapp.live\/wp-content\/uploads\/2024\/09\/9.png\" alt=\"\" width=\"3453\" height=\"1918\" \/><\/p>\n<ul class=\"ol1\">\n<li class=\"li2\">No campo <b>ID da planilha<\/b>, selecione o <b>Modelo CSV<\/b> que voc\u00ea preparou com anteced\u00eancia.<\/li>\n<\/ul>\n<p><img loading=\"lazy\" decoding=\"async\" class=\"alignnone size-full wp-image-32160\" src=\"https:\/\/sendapp.live\/wp-content\/uploads\/2024\/09\/8.png\" alt=\"\" width=\"3451\" height=\"1918\" \/><\/p>\n<ul class=\"ol1\">\n<li class=\"li2\">Selecione o <b>nome da folha<\/b> (Nome da planilha) que cont\u00e9m os dados a serem usados.<\/li>\n<\/ul>\n<p>&nbsp;<\/p>\n<ul class=\"ol1\">\n<li class=\"li2\">V\u00e1 em frente para configurar os pr\u00f3ximos m\u00f3dulos.<\/li>\n<\/ul>\n<h3 class=\"p1\"><b>Etapa 3: adicione o Sendapp como um segundo m\u00f3dulo<\/b><\/h3>\n<ul class=\"ol1\">\n<li class=\"li2\">Clique no s\u00edmbolo <b>\u201c+\u201d<\/b> para adicionar o segundo m\u00f3dulo.<\/li>\n<\/ul>\n<p>&nbsp;<\/p>\n<p><img loading=\"lazy\" decoding=\"async\" class=\"alignnone size-full wp-image-32161\" src=\"https:\/\/sendapp.live\/wp-content\/uploads\/2024\/09\/10.png\" alt=\"\" width=\"3455\" height=\"1913\" \/><\/p>\n<ul class=\"ol1\">\n<li class=\"li2\">Pesquisar e selecionar <b>Enviar aplicativo<\/b> como um aplicativo para conectar.<\/li>\n<\/ul>\n<p>&nbsp;<\/p>\n<p><img loading=\"lazy\" decoding=\"async\" class=\"alignnone size-full wp-image-32163\" src=\"https:\/\/sendapp.live\/wp-content\/uploads\/2024\/09\/11-1.png\" alt=\"\" width=\"3453\" height=\"1915\" \/><\/p>\n<ul>\n<li>Clique em <b>Adicionar<\/b> para conectar sua conta Sendapp.<\/li>\n<\/ul>\n<ul class=\"ol1\">\n<li class=\"li2\">Entre no<b>Token de acesso<\/b> e o<b>ID da inst\u00e2ncia<\/b>, que voc\u00ea pode obter no seu perfil do Sendapp escaneando o <b>C\u00f3digo QR<\/b> com o aplicativo WhatsApp.<\/li>\n<\/ul>\n<h3 class=\"p1\"><b><img loading=\"lazy\" decoding=\"async\" class=\"alignnone size-full wp-image-32164\" src=\"https:\/\/sendapp.live\/wp-content\/uploads\/2024\/09\/12.png\" alt=\"\" width=\"3449\" height=\"1909\" \/>Etapa 4: Configurar campos do Sendapp<\/b><\/h3>\n<ul class=\"ol1\">\n<li class=\"li2\">Depois de conectar o Sendapp, no campo <b>N\u00famero de telefone<\/b>, selecione o n\u00famero de telefone na coluna do modelo CSV que cont\u00e9m os n\u00fameros de telefone.<\/li>\n<li class=\"li2\">No campo <b>Tipo de mensagem<\/b>, selecione <b>Texto<\/b>.<\/li>\n<li class=\"li2\">No campo <b>Mensagem<\/b>, crie uma mensagem personalizada usando os dados da sua Planilha Google. Por exemplo, voc\u00ea pode incluir os nomes dos destinat\u00e1rios e outras informa\u00e7\u00f5es espec\u00edficas da planilha.<\/li>\n<\/ul>\n<p><img loading=\"lazy\" decoding=\"async\" class=\"alignnone size-full wp-image-32165\" src=\"https:\/\/sendapp.live\/wp-content\/uploads\/2024\/09\/13.png\" alt=\"\" width=\"3451\" height=\"1911\" \/><\/p>\n<h3 class=\"p1\"><b>Etapa 5: Execute o teste<\/b><\/h3>\n<ol class=\"ol1\">\n<li class=\"li2\">Depois de ter tudo configurado, clique em <b>OK<\/b> para salvar o cen\u00e1rio.<\/li>\n<li class=\"li2\">Executar um <b>teste<\/b> Para verificar se tudo est\u00e1 funcionando corretamente, adicione uma nova linha \u00e0 Planilha Google e verifique se a mensagem est\u00e1 sendo enviada corretamente via Sendapp.<\/li>\n<\/ol>\n<p>&nbsp;<\/p>\n<h3 class=\"p1\"><b><img loading=\"lazy\" decoding=\"async\" class=\"alignnone size-full wp-image-32166\" src=\"https:\/\/sendapp.live\/wp-content\/uploads\/2024\/09\/14.png\" alt=\"\" width=\"3455\" height=\"1907\" \/><\/b><\/h3>\n<h3><\/h3>\n<h3 class=\"p1\"><b>Etapa 6: Publique o cen\u00e1rio<\/b><\/h3>\n<ul class=\"ol1\">\n<li class=\"li2\">Ap\u00f3s o teste ser bem-sucedido, clique em <b>P\u00fablico<\/b> para ativar o cen\u00e1rio.<\/li>\n<li class=\"li2\">A partir de agora, sempre que voc\u00ea adicionar uma nova linha \u00e0 sua Planilha Google, o Sendapp enviar\u00e1 automaticamente uma mensagem personalizada do WhatsApp para o n\u00famero de telefone correspondente.<\/li>\n<\/ul>\n<p>&nbsp;<\/p>\n<p><img loading=\"lazy\" decoding=\"async\" class=\"alignnone size-full wp-image-32167\" src=\"https:\/\/sendapp.live\/wp-content\/uploads\/2024\/09\/15.png\" alt=\"\" width=\"3453\" height=\"1910\" \/><\/p>\n<h4 class=\"p1\"><b>Conclus\u00e3o<\/b><\/h4>\n<p class=\"p2\">Conectar <b>Enviar aplicativo<\/b> para <b>Planilhas Google<\/b> atrav\u00e9s <b>Fazer<\/b> \u00c9 um processo simples e poderoso que permite automatizar sua comunica\u00e7\u00e3o pelo WhatsApp. Isso permite enviar mensagens personalizadas sem esfor\u00e7o, melhorando a efici\u00eancia e economizando tempo. Experimente essa integra\u00e7\u00e3o hoje mesmo e veja como ela pode simplificar seu trabalho di\u00e1rio.<\/p>","protected":false},"excerpt":{"rendered":"<p>Introdu\u00e7\u00e3o: Automatizar o envio de mensagens do WhatsApp via Sendapp e Planilhas Google usando o Make (antigo Integromat) permite gerenciar suas comunica\u00e7\u00f5es de forma eficiente. Neste\u2026<\/p>","protected":false},"author":1,"featured_media":32178,"parent":0,"menu_order":0,"comment_status":"closed","ping_status":"closed","template":"","meta":{"footnotes":""},"class_list":["post-32180","page","type-page","status-publish","has-post-thumbnail"],"yoast_head":"<!-- This site is optimized with the Yoast SEO plugin v27.4 - https:\/\/yoast.com\/product\/yoast-seo-wordpress\/ -->\n<title>Automatizzare Whatsapp con Make<\/title>\n<meta name=\"description\" content=\"Automatizzare i processi di invio di messaggi WhatsApp tramite Sendapp e Google Sheets utilizzando Make (ex Integromat)...\" \/>\n<meta name=\"robots\" content=\"index, follow, max-snippet:-1, max-image-preview:large, max-video-preview:-1\" \/>\n<link rel=\"canonical\" href=\"https:\/\/sendapp.cloud\/pt\/automatizzare-whatsapp-con-make\/\" \/>\n<meta property=\"og:locale\" content=\"pt_PT\" \/>\n<meta property=\"og:type\" content=\"article\" \/>\n<meta property=\"og:title\" content=\"Automatizzare Whatsapp con Make\" \/>\n<meta property=\"og:description\" content=\"Automatizzare i processi di invio di messaggi WhatsApp tramite Sendapp e Google Sheets utilizzando Make (ex Integromat)...\" \/>\n<meta property=\"og:url\" content=\"https:\/\/sendapp.cloud\/pt\/automatizzare-whatsapp-con-make\/\" \/>\n<meta property=\"og:site_name\" content=\"SendApp\" \/>\n<meta name=\"twitter:card\" content=\"summary_large_image\" \/>\n<meta name=\"twitter:label1\" content=\"Tempo estimado de leitura\" \/>\n\t<meta name=\"twitter:data1\" content=\"1 minuto\" \/>\n<script type=\"application\/ld+json\" class=\"yoast-schema-graph\">{\"@context\":\"https:\\\/\\\/schema.org\",\"@graph\":[{\"@type\":\"WebPage\",\"@id\":\"https:\\\/\\\/sendapp.cloud\\\/automatizzare-whatsapp-con-make\\\/\",\"url\":\"https:\\\/\\\/sendapp.cloud\\\/automatizzare-whatsapp-con-make\\\/\",\"name\":\"Automatizzare Whatsapp con Make\",\"isPartOf\":{\"@id\":\"https:\\\/\\\/sendapp.cloud\\\/en\\\/#website\"},\"primaryImageOfPage\":{\"@id\":\"https:\\\/\\\/sendapp.cloud\\\/automatizzare-whatsapp-con-make\\\/#primaryimage\"},\"image\":{\"@id\":\"https:\\\/\\\/sendapp.cloud\\\/automatizzare-whatsapp-con-make\\\/#primaryimage\"},\"thumbnailUrl\":\"\",\"datePublished\":\"2024-09-21T14:13:20+00:00\",\"description\":\"Automatizzare i processi di invio di messaggi WhatsApp tramite Sendapp e Google Sheets utilizzando Make (ex Integromat)...\",\"breadcrumb\":{\"@id\":\"https:\\\/\\\/sendapp.cloud\\\/automatizzare-whatsapp-con-make\\\/#breadcrumb\"},\"inLanguage\":\"pt-PT\",\"potentialAction\":[{\"@type\":\"ReadAction\",\"target\":[\"https:\\\/\\\/sendapp.cloud\\\/automatizzare-whatsapp-con-make\\\/\"]}]},{\"@type\":\"ImageObject\",\"inLanguage\":\"pt-PT\",\"@id\":\"https:\\\/\\\/sendapp.cloud\\\/automatizzare-whatsapp-con-make\\\/#primaryimage\",\"url\":\"\",\"contentUrl\":\"\"},{\"@type\":\"BreadcrumbList\",\"@id\":\"https:\\\/\\\/sendapp.cloud\\\/automatizzare-whatsapp-con-make\\\/#breadcrumb\",\"itemListElement\":[{\"@type\":\"ListItem\",\"position\":1,\"name\":\"Home\",\"item\":\"https:\\\/\\\/sendapp.cloud\\\/\"},{\"@type\":\"ListItem\",\"position\":2,\"name\":\"Automatizzare Whatsapp con Make\"}]},{\"@type\":\"WebSite\",\"@id\":\"https:\\\/\\\/sendapp.cloud\\\/en\\\/#website\",\"url\":\"https:\\\/\\\/sendapp.cloud\\\/en\\\/\",\"name\":\"SendApp\",\"description\":\"Software Whatsapp Marketing\",\"publisher\":{\"@id\":\"https:\\\/\\\/sendapp.cloud\\\/en\\\/#organization\"},\"potentialAction\":[{\"@type\":\"SearchAction\",\"target\":{\"@type\":\"EntryPoint\",\"urlTemplate\":\"https:\\\/\\\/sendapp.cloud\\\/en\\\/?s={search_term_string}\"},\"query-input\":{\"@type\":\"PropertyValueSpecification\",\"valueRequired\":true,\"valueName\":\"search_term_string\"}}],\"inLanguage\":\"pt-PT\"},{\"@type\":\"Organization\",\"@id\":\"https:\\\/\\\/sendapp.cloud\\\/en\\\/#organization\",\"name\":\"SendApp\",\"url\":\"https:\\\/\\\/sendapp.cloud\\\/en\\\/\",\"logo\":{\"@type\":\"ImageObject\",\"inLanguage\":\"pt-PT\",\"@id\":\"https:\\\/\\\/sendapp.cloud\\\/en\\\/#\\\/schema\\\/logo\\\/image\\\/\",\"url\":\"https:\\\/\\\/sendapp.cloud\\\/wp-content\\\/uploads\\\/2024\\\/11\\\/Logo-bianco.png\",\"contentUrl\":\"https:\\\/\\\/sendapp.cloud\\\/wp-content\\\/uploads\\\/2024\\\/11\\\/Logo-bianco.png\",\"width\":145,\"height\":48,\"caption\":\"SendApp\"},\"image\":{\"@id\":\"https:\\\/\\\/sendapp.cloud\\\/en\\\/#\\\/schema\\\/logo\\\/image\\\/\"}}]}<\/script>\n<!-- \/ Yoast SEO plugin. -->","yoast_head_json":{"title":"Automatize o WhatsApp com o Make","description":"Automatize o envio de mensagens do WhatsApp via Sendapp e Planilhas Google usando o Make (antigo Integromat)...","robots":{"index":"index","follow":"follow","max-snippet":"max-snippet:-1","max-image-preview":"max-image-preview:large","max-video-preview":"max-video-preview:-1"},"canonical":"https:\/\/sendapp.cloud\/pt\/automatizzare-whatsapp-con-make\/","og_locale":"pt_PT","og_type":"article","og_title":"Automatizzare Whatsapp con Make","og_description":"Automatizzare i processi di invio di messaggi WhatsApp tramite Sendapp e Google Sheets utilizzando Make (ex Integromat)...","og_url":"https:\/\/sendapp.cloud\/pt\/automatizzare-whatsapp-con-make\/","og_site_name":"SendApp","twitter_card":"summary_large_image","twitter_misc":{"Tempo estimado de leitura":"1 minuto"},"schema":{"@context":"https:\/\/schema.org","@graph":[{"@type":"WebPage","@id":"https:\/\/sendapp.cloud\/automatizzare-whatsapp-con-make\/","url":"https:\/\/sendapp.cloud\/automatizzare-whatsapp-con-make\/","name":"Automatize o WhatsApp com o Make","isPartOf":{"@id":"https:\/\/sendapp.cloud\/en\/#website"},"primaryImageOfPage":{"@id":"https:\/\/sendapp.cloud\/automatizzare-whatsapp-con-make\/#primaryimage"},"image":{"@id":"https:\/\/sendapp.cloud\/automatizzare-whatsapp-con-make\/#primaryimage"},"thumbnailUrl":"","datePublished":"2024-09-21T14:13:20+00:00","description":"Automatize o envio de mensagens do WhatsApp via Sendapp e Planilhas Google usando o Make (antigo Integromat)...","breadcrumb":{"@id":"https:\/\/sendapp.cloud\/automatizzare-whatsapp-con-make\/#breadcrumb"},"inLanguage":"pt-PT","potentialAction":[{"@type":"ReadAction","target":["https:\/\/sendapp.cloud\/automatizzare-whatsapp-con-make\/"]}]},{"@type":"ImageObject","inLanguage":"pt-PT","@id":"https:\/\/sendapp.cloud\/automatizzare-whatsapp-con-make\/#primaryimage","url":"","contentUrl":""},{"@type":"BreadcrumbList","@id":"https:\/\/sendapp.cloud\/automatizzare-whatsapp-con-make\/#breadcrumb","itemListElement":[{"@type":"ListItem","position":1,"name":"Home","item":"https:\/\/sendapp.cloud\/"},{"@type":"ListItem","position":2,"name":"Automatizzare Whatsapp con Make"}]},{"@type":"WebSite","@id":"https:\/\/sendapp.cloud\/en\/#website","url":"https:\/\/sendapp.cloud\/en\/","name":"Enviar aplicativo","description":"Software de marketing do WhatsApp","publisher":{"@id":"https:\/\/sendapp.cloud\/en\/#organization"},"potentialAction":[{"@type":"SearchAction","target":{"@type":"EntryPoint","urlTemplate":"https:\/\/sendapp.cloud\/en\/?s={search_term_string}"},"query-input":{"@type":"PropertyValueSpecification","valueRequired":true,"valueName":"search_term_string"}}],"inLanguage":"pt-PT"},{"@type":"Organization","@id":"https:\/\/sendapp.cloud\/en\/#organization","name":"Enviar aplicativo","url":"https:\/\/sendapp.cloud\/en\/","logo":{"@type":"ImageObject","inLanguage":"pt-PT","@id":"https:\/\/sendapp.cloud\/en\/#\/schema\/logo\/image\/","url":"https:\/\/sendapp.cloud\/wp-content\/uploads\/2024\/11\/Logo-bianco.png","contentUrl":"https:\/\/sendapp.cloud\/wp-content\/uploads\/2024\/11\/Logo-bianco.png","width":145,"height":48,"caption":"SendApp"},"image":{"@id":"https:\/\/sendapp.cloud\/en\/#\/schema\/logo\/image\/"}}]}},"_links":{"self":[{"href":"https:\/\/sendapp.cloud\/pt\/wp-json\/wp\/v2\/pages\/32180","targetHints":{"allow":["GET"]}}],"collection":[{"href":"https:\/\/sendapp.cloud\/pt\/wp-json\/wp\/v2\/pages"}],"about":[{"href":"https:\/\/sendapp.cloud\/pt\/wp-json\/wp\/v2\/types\/page"}],"author":[{"embeddable":true,"href":"https:\/\/sendapp.cloud\/pt\/wp-json\/wp\/v2\/users\/1"}],"replies":[{"embeddable":true,"href":"https:\/\/sendapp.cloud\/pt\/wp-json\/wp\/v2\/comments?post=32180"}],"version-history":[{"count":0,"href":"https:\/\/sendapp.cloud\/pt\/wp-json\/wp\/v2\/pages\/32180\/revisions"}],"wp:featuredmedia":[{"embeddable":true,"href":"https:\/\/sendapp.cloud\/pt\/wp-json\/"}],"wp:attachment":[{"href":"https:\/\/sendapp.cloud\/pt\/wp-json\/wp\/v2\/media?parent=32180"}],"curies":[{"name":"wp","href":"https:\/\/api.w.org\/{rel}","templated":true}]}}