{"id":28437,"date":"2024-01-22T12:24:47","date_gmt":"2024-01-22T11:24:47","guid":{"rendered":"https:\/\/sendapp.live\/?page_id=28437"},"modified":"2024-01-22T12:24:47","modified_gmt":"2024-01-22T11:24:47","slug":"istruzioni-sendapp-api-meta","status":"publish","type":"page","link":"https:\/\/sendapp.cloud\/pt\/istruzioni-sendapp-api-meta\/","title":{"rendered":"Instru\u00e7\u00f5es Meta da API SendApp"},"content":{"rendered":"<div id=\"fws_69f4e62d5f3da\"  data-column-margin=\"default\" data-midnight=\"dark\"  class=\"wpb_row vc_row-fluid vc_row\"  style=\"padding-top: 0px; padding-bottom: 0px; \"><div class=\"row-bg-wrap\" data-bg-animation=\"none\" data-bg-animation-delay=\"\" data-bg-overlay=\"false\"><div class=\"inner-wrap row-bg-layer\" ><div class=\"row-bg viewport-desktop\"  style=\"\"><\/div><\/div><\/div><div class=\"row_col_wrap_12 col span_12 dark left\">\n\t<div  class=\"vc_col-sm-6 wpb_column column_container vc_column_container col no-extra-padding inherit_tablet inherit_phone\"  data-padding-pos=\"all\" data-has-bg-color=\"false\" data-bg-color=\"\" data-bg-opacity=\"1\" data-animation=\"\" data-delay=\"0\" >\n\t\t<div class=\"vc_column-inner\" >\n\t\t\t<div class=\"wpb_wrapper\">\n\t\t\t\t<div class=\"img-with-aniamtion-wrap\" data-max-width=\"100%\" data-max-width-mobile=\"default\" data-shadow=\"none\" data-animation=\"fade-in\" >\n      <div class=\"inner\">\n        <div class=\"hover-wrap\"> \n          <div class=\"hover-wrap-inner\">\n            <img loading=\"lazy\" decoding=\"async\" class=\"img-with-animation skip-lazy\" data-delay=\"0\" height=\"465\" width=\"601\" data-animation=\"fade-in\" src=\"https:\/\/sendapp.cloud\/wp-content\/uploads\/2022\/02\/message_sender_hero_image.png\" alt=\"\" srcset=\"https:\/\/sendapp.cloud\/wp-content\/uploads\/2022\/02\/message_sender_hero_image.png 601w, https:\/\/sendapp.cloud\/wp-content\/uploads\/2022\/02\/message_sender_hero_image-300x232.png 300w, https:\/\/sendapp.cloud\/wp-content\/uploads\/2022\/02\/message_sender_hero_image-16x12.png 16w\" sizes=\"auto, (max-width: 601px) 100vw, 601px\" \/>\n          <\/div>\n        <\/div>\n      <\/div>\n    <\/div>\n\t\t\t<\/div> \n\t\t<\/div>\n\t<\/div> \n\n\t<div  class=\"vc_col-sm-6 wpb_column column_container vc_column_container col no-extra-padding inherit_tablet inherit_phone\"  data-padding-pos=\"all\" data-has-bg-color=\"false\" data-bg-color=\"\" data-bg-opacity=\"1\" data-animation=\"\" data-delay=\"0\" >\n\t\t<div class=\"vc_column-inner\" >\n\t\t\t<div class=\"wpb_wrapper\">\n\t\t\t\t\n<div class=\"wpb_text_column wpb_content_element\" >\n\t<div class=\"wpb_wrapper\">\n\t\t<h1 style=\"text-align: left;\"><span style=\"color: #008000;\">Configurar<br \/>\nas abelhas W<\/span><span style=\"color: #008000;\">Meta do hastApp<br \/>\npara SendApp Cloud<br \/>\n<\/span><span style=\"color: #008000;\">Meta API<br \/>\n<\/span><\/h1>\n\t<\/div>\n<\/div>\n\n\n\n\n<div class=\"wpb_text_column wpb_content_element\" >\n\t<div class=\"wpb_wrapper\">\n\t\t<h3 style=\"text-align: left;\"><span style=\"color: #808080;\">Projetado para pequenas e m\u00e9dias empresas,<\/span><br \/>\n<span style=\"color: #808080;\">para revolucionar a comunica\u00e7\u00e3o com o cliente.<\/span><\/h3>\n\t<\/div>\n<\/div>\n\n\n\n<a class=\"nectar-button jumbo regular accent-color  regular-button\"  role=\"button\" style=\"\" target=\"_blank\" href=\"https:\/\/web.sendapp.cloud\/\" data-color-override=\"false\" data-hover-color-override=\"false\" data-hover-text-color-override=\"#fff\"><span>Entrar<\/span><\/a>\n\t\t\t<\/div> \n\t\t<\/div>\n\t<\/div> \n<\/div><\/div>\n\t\t<div id=\"fws_69f4e62d61073\"  data-column-margin=\"default\" data-midnight=\"dark\"  class=\"wpb_row vc_row-fluid vc_row\"  style=\"padding-top: 0px; padding-bottom: 0px; \"><div class=\"row-bg-wrap\" data-bg-animation=\"none\" data-bg-animation-delay=\"\" data-bg-overlay=\"false\"><div class=\"inner-wrap row-bg-layer\" ><div class=\"row-bg viewport-desktop\"  style=\"\"><\/div><\/div><\/div><div class=\"row_col_wrap_12 col span_12 dark left\">\n\t<div  class=\"vc_col-sm-12 wpb_column column_container vc_column_container col no-extra-padding inherit_tablet inherit_phone\"  data-padding-pos=\"all\" data-has-bg-color=\"false\" data-bg-color=\"\" data-bg-opacity=\"1\" data-animation=\"\" data-delay=\"0\" >\n\t\t<div class=\"vc_column-inner\" >\n\t\t\t<div class=\"wpb_wrapper\">\n\t\t\t\t\n<div class=\"wpb_text_column wpb_content_element\" >\n\t<div class=\"wpb_wrapper\">\n\t\t<p>Como criar um aplicativo do Facebook<\/p>\n<ol>\n<li>Fa\u00e7a login ou registre-se em <a href=\"https:\/\/developers.facebook.com\" target=\"_blank\" rel=\"noopener\">Facebook<\/a><\/li>\n<li>Ent\u00e3o v\u00e1 para a p\u00e1gina <strong>Aplicativos<\/strong><\/li>\n<li>Clique em <strong>Criar um aplicativo<\/strong><\/li>\n<\/ol>\n<p><img loading=\"lazy\" decoding=\"async\" class=\"alignnone wp-image-28443 size-full\" src=\"https:\/\/sendapp.live\/wp-content\/uploads\/2024\/01\/001-1.jpg\" alt=\"\" width=\"1625\" height=\"987\" \/><\/p>\n<ol>\n<li>Selecione <strong>Outro<\/strong><\/li>\n<li>Em seguida clique em pr\u00f3ximo<\/li>\n<\/ol>\n<p><img loading=\"lazy\" decoding=\"async\" class=\"alignnone size-full wp-image-28446\" src=\"https:\/\/sendapp.live\/wp-content\/uploads\/2024\/01\/002.jpg\" alt=\"\" width=\"1625\" height=\"987\" \/><\/p>\n<ol>\n<li>Selecione <strong>Ag\u00eancia<\/strong><\/li>\n<li>Em seguida clique em pr\u00f3ximo<\/li>\n<\/ol>\n<p><img loading=\"lazy\" decoding=\"async\" class=\"alignnone size-full wp-image-28448\" src=\"https:\/\/sendapp.live\/wp-content\/uploads\/2024\/01\/003.jpg\" alt=\"\" width=\"1625\" height=\"987\" \/><\/p>\n<ol>\n<li>Em seguida, insira todas as informa\u00e7\u00f5es necess\u00e1rias<\/li>\n<li>E clique em <strong>Criar aplicativo<\/strong><\/li>\n<\/ol>\n<p><img loading=\"lazy\" decoding=\"async\" class=\"alignnone size-full wp-image-28449\" src=\"https:\/\/sendapp.live\/wp-content\/uploads\/2024\/01\/004.jpg\" alt=\"\" width=\"1625\" height=\"987\" \/><\/p>\n<p>Como configurar o WhatsApp em um aplicativo<\/p>\n<ol>\n<li>No aplicativo voc\u00ea precisa configurar o produto <strong>WhatsApp<\/strong><\/li>\n<\/ol>\n<p><img loading=\"lazy\" decoding=\"async\" class=\"alignnone size-full wp-image-28451\" src=\"https:\/\/sendapp.live\/wp-content\/uploads\/2024\/01\/005.jpg\" alt=\"\" width=\"1625\" height=\"987\" \/><\/p>\n<p>&nbsp;<\/p>\n<ol>\n<li>Selecione as informa\u00e7\u00f5es solicitadas pelo Facebook e clique em <strong>continua<\/strong><\/li>\n<\/ol>\n<p><img loading=\"lazy\" decoding=\"async\" class=\"alignnone size-full wp-image-28453\" src=\"https:\/\/sendapp.live\/wp-content\/uploads\/2024\/01\/006.jpg\" alt=\"\" width=\"1625\" height=\"987\" \/><\/p>\n<ol>\n<li>Ap\u00f3s clicar em continuar, o Facebook enviar\u00e1 uma <strong>SMS<\/strong> com um c\u00f3digo OTP para inserir<\/li>\n<li>Ap\u00f3s inserir o c\u00f3digo OTP, clique em continuar<\/li>\n<\/ol>\n<p><img loading=\"lazy\" decoding=\"async\" class=\"alignnone size-full wp-image-28455\" src=\"https:\/\/sendapp.live\/wp-content\/uploads\/2024\/01\/007.jpg\" alt=\"\" width=\"1625\" height=\"987\" \/><\/p>\n<p>Como criar um token permanente<\/p>\n<ol>\n<li>Ap\u00f3s configurar seu produto WhatsApp, para criar um token permanente, acesse a p\u00e1gina <a href=\"https:\/\/business.facebook.com\/latest\/settings\/\" target=\"_blank\" rel=\"noopener\">Facebook empresarial<\/a><\/li>\n<li>Clique em Usu\u00e1rios do Sistema no menu lateral<\/li>\n<li>Selecione a conta de administrador e clique em Gerar um novo token<\/li>\n<\/ol>\n<p><img loading=\"lazy\" decoding=\"async\" class=\"alignnone size-full wp-image-28457\" src=\"https:\/\/sendapp.live\/wp-content\/uploads\/2024\/01\/008.jpg\" alt=\"\" width=\"1625\" height=\"987\" \/><\/p>\n<ol>\n<li>Ap\u00f3s clicar no bot\u00e3o Gerar um token, uma nova janela ser\u00e1 aberta onde voc\u00ea dever\u00e1 selecionar o App que voc\u00ea criou anteriormente<\/li>\n<li>Na se\u00e7\u00e3o de expira\u00e7\u00e3o do token, selecione \u201cnunca\u201d<\/li>\n<\/ol>\n<p><img loading=\"lazy\" decoding=\"async\" class=\"alignnone size-full wp-image-28459\" src=\"https:\/\/sendapp.live\/wp-content\/uploads\/2024\/01\/009.jpg\" alt=\"\" width=\"1625\" height=\"987\" \/><\/p>\n<ol>\n<li>Na se\u00e7\u00e3o de permiss\u00f5es, selecione apenas as permiss\u00f5es que se referem ao produto WhatsApp<\/li>\n<li>Ap\u00f3s selecion\u00e1-los, clique em Gerar Token<\/li>\n<\/ol>\n<p><img loading=\"lazy\" decoding=\"async\" class=\"alignnone size-full wp-image-28460\" src=\"https:\/\/sendapp.live\/wp-content\/uploads\/2024\/01\/010.jpg\" alt=\"\" width=\"1625\" height=\"987\" \/><\/p>\n<ol>\n<li>Ap\u00f3s clicar em Gerar Token, o Facebook enviar\u00e1 um <strong>SMS<\/strong> com um c\u00f3digo OTP para inserir<\/li>\n<li>Ap\u00f3s inserir o c\u00f3digo OTP, clique em <strong>ele confirma<\/strong><\/li>\n<\/ol>\n<p><img loading=\"lazy\" decoding=\"async\" class=\"alignnone size-full wp-image-28466\" src=\"https:\/\/sendapp.live\/wp-content\/uploads\/2024\/01\/011.jpg\" alt=\"\" width=\"1625\" height=\"987\" \/><\/p>\n<ol>\n<li>Ap\u00f3s clicar em continuar, aparecer\u00e1 uma p\u00e1gina com o token permanente para copiar e salvar (o token, se perdido, ser\u00e1 irrecuper\u00e1vel).<\/li>\n<\/ol>\n<p><img loading=\"lazy\" decoding=\"async\" class=\"alignnone size-full wp-image-28468\" src=\"https:\/\/sendapp.live\/wp-content\/uploads\/2024\/01\/012.jpg\" alt=\"\" width=\"1625\" height=\"987\" \/><\/p>\n<p>Como configurar um n\u00famero de telefone no Facebook<\/p>\n<ol>\n<li>Ir para a p\u00e1gina <a href=\"https:\/\/business.facebook.com\/wa\/manage\/phone-numbers\" target=\"_blank\" rel=\"noopener\">N\u00fameros de telefone comerciais do Facebook<\/a><\/li>\n<li>Clique no bot\u00e3o <strong>Adicionar n\u00famero de telefone<\/strong><\/li>\n<\/ol>\n<p><img loading=\"lazy\" decoding=\"async\" class=\"alignnone wp-image-28555 size-full\" src=\"https:\/\/sendapp.live\/wp-content\/uploads\/2024\/01\/312565524_644416544022290_8787628605925034725_n-1.png\" alt=\"\" width=\"1625\" height=\"567\" \/><\/p>\n<ol>\n<li>Depois, ser\u00e1 aberta uma p\u00e1gina onde voc\u00ea dever\u00e1 inserir todas as informa\u00e7\u00f5es necess\u00e1rias.<\/li>\n<li>Depois de inserir todas as informa\u00e7\u00f5es, clique em pr\u00f3ximo.<\/li>\n<\/ol>\n<p><img loading=\"lazy\" decoding=\"async\" class=\"alignnone size-full wp-image-28476\" src=\"https:\/\/sendapp.live\/wp-content\/uploads\/2024\/01\/014.jpg\" alt=\"\" width=\"1625\" height=\"987\" \/><\/p>\n<ol>\n<li>Em seguida, voc\u00ea precisar\u00e1 inserir o <strong>n\u00famero de telefone<\/strong> e selecione o prefixo relacionado ao n\u00famero<\/li>\n<li>Depois de inserir tudo, clique em pr\u00f3ximo<\/li>\n<\/ol>\n<p><img loading=\"lazy\" decoding=\"async\" class=\"alignnone size-full wp-image-28477\" src=\"https:\/\/sendapp.live\/wp-content\/uploads\/2024\/01\/015.jpg\" alt=\"\" width=\"1625\" height=\"987\" \/><\/p>\n<ol>\n<li>Agora v\u00e1 para sua p\u00e1gina <strong>Aplicativo<\/strong><\/li>\n<li>E v\u00e1 para a se\u00e7\u00e3o <strong>Configura\u00e7\u00e3o de API<\/strong><\/li>\n<li>Selecione o n\u00famero de telefone no campo relevante, caso ainda n\u00e3o esteja selecionado, e clique em verificar<\/li>\n<\/ol>\n<p><img loading=\"lazy\" decoding=\"async\" class=\"alignnone size-full wp-image-28562\" src=\"https:\/\/sendapp.live\/wp-content\/uploads\/2024\/01\/027-1-scaled.jpg\" alt=\"\" width=\"2560\" height=\"1361\" \/><\/p>\n<ol>\n<li>Depois ser\u00e1 aberta uma p\u00e1gina onde voc\u00ea dever\u00e1 escolher o m\u00e9todo para receber o <strong>C\u00f3digo OTP do WhatsApp<\/strong><\/li>\n<li>Ap\u00f3s clicar em Avan\u00e7ar e receber o c\u00f3digo OTP, insira o <strong>C\u00f3digo OTP<\/strong> e clique em pr\u00f3ximo<\/li>\n<li>Agora o n\u00famero est\u00e1 ativo e funcionando com as credenciais relevantes <strong>ID do n\u00famero de telefone<\/strong><\/li>\n<\/ol>\n<p>Como configurar APIs no SendApp Cloud API Meta<\/p>\n<ol>\n<li>No seu aplicativo do Facebook na se\u00e7\u00e3o <strong>Produtos-&gt;WhatsApp<\/strong><\/li>\n<li>Clique em <strong>Configura\u00e7\u00e3o de API<\/strong><\/li>\n<li>Selecione o seu n\u00famero registrado anteriormente e copie os par\u00e2metros <strong>ID do n\u00famero de telefone<\/strong> E <strong>ID da conta do WhatsApp Business<\/strong><\/li>\n<li>Copie tamb\u00e9m o ID do aplicativo<\/li>\n<\/ol>\n<p><img loading=\"lazy\" decoding=\"async\" class=\"alignnone size-full wp-image-28485\" src=\"https:\/\/sendapp.live\/wp-content\/uploads\/2024\/01\/016.jpg\" alt=\"\" width=\"1625\" height=\"987\" \/><\/p>\n<ol>\n<li>Em seguida v\u00e1 para o <a href=\"https:\/\/web.sendapp.cloud\/profile\/whatsapp_cloud_api.php\" target=\"_blank\" rel=\"noopener\">Configura\u00e7\u00f5es do SendApp<\/a><\/li>\n<li>Insira todos os dados copiados e o token permanente criado anteriormente<\/li>\n<li>Ap\u00f3s inserir todos os dados clique em enviar<\/li>\n<\/ol>\n<p><img loading=\"lazy\" decoding=\"async\" class=\"alignnone size-full wp-image-28489\" src=\"https:\/\/sendapp.live\/wp-content\/uploads\/2024\/01\/017-1.jpg\" alt=\"\" width=\"1625\" height=\"987\" \/><br \/>\nComo configurar o Webhook no SendApp Cloud API Meta<\/p>\n<ol>\n<li>V\u00e1 para o <a href=\"https:\/\/web.sendapp.cloud\/profile\/whatsapp_cloud_api.php\" target=\"_blank\" rel=\"noopener\">Configura\u00e7\u00f5es do SendApp<\/a><\/li>\n<li>Clique no bot\u00e3o \u201cMostrar informa\u00e7\u00f5es do Webhook\u201d<\/li>\n<li>Copie a URL e verifique o token<\/li>\n<\/ol>\n<p><img loading=\"lazy\" decoding=\"async\" class=\"alignnone size-full wp-image-28493\" src=\"https:\/\/sendapp.live\/wp-content\/uploads\/2024\/01\/018.jpg\" alt=\"\" width=\"1625\" height=\"987\" \/><\/p>\n<p><img loading=\"lazy\" decoding=\"async\" class=\"alignnone size-full wp-image-28495\" src=\"https:\/\/sendapp.live\/wp-content\/uploads\/2024\/01\/019.jpg\" alt=\"\" width=\"1625\" height=\"987\" \/><\/p>\n<ol>\n<li>Depois de copiar tudo<\/li>\n<li>Acesse seu App e na se\u00e7\u00e3o WhatsApp clique em configura\u00e7\u00e3o<\/li>\n<li>E onde voc\u00ea v\u00ea o bot\u00e3o &quot;Editar&quot; ao lado do texto que se refere ao Webhook, clique nele<\/li>\n<\/ol>\n<p><img loading=\"lazy\" decoding=\"async\" class=\"alignnone wp-image-28497\" src=\"https:\/\/sendapp.live\/wp-content\/uploads\/2024\/01\/020.jpg\" alt=\"\" width=\"1435\" height=\"871\" \/><\/p>\n<ol>\n<li>Depois ser\u00e1 aberta uma p\u00e1gina onde voc\u00ea dever\u00e1 inserir todos os dados copiados anteriormente nos respectivos campos<\/li>\n<li>Ap\u00f3s inserir os dados, clique em salvar<\/li>\n<\/ol>\n<p><img loading=\"lazy\" decoding=\"async\" class=\"alignnone size-full wp-image-28499\" src=\"https:\/\/sendapp.live\/wp-content\/uploads\/2024\/01\/022.jpg\" alt=\"\" width=\"1625\" height=\"987\" \/><\/p>\n<ol>\n<li>Ap\u00f3s configurar o webhook sem receber nenhum erro<\/li>\n<li>Ainda na mesma p\u00e1gina, clique em \u201cGerenciar\u201d na se\u00e7\u00e3o Campos do Webhook<\/li>\n<\/ol>\n<p><img loading=\"lazy\" decoding=\"async\" class=\"alignnone size-full wp-image-28502\" src=\"https:\/\/sendapp.live\/wp-content\/uploads\/2024\/01\/023.jpg\" alt=\"\" width=\"1625\" height=\"987\" \/><\/p>\n<ol>\n<li>Depois disso uma p\u00e1gina ser\u00e1 aberta e voc\u00ea s\u00f3 precisa selecionar o campo \u201cmensagens\u201d<\/li>\n<\/ol>\n<p><img loading=\"lazy\" decoding=\"async\" class=\"alignnone size-full wp-image-28504\" src=\"https:\/\/sendapp.live\/wp-content\/uploads\/2024\/01\/024.jpg\" alt=\"\" width=\"1625\" height=\"987\" \/><\/p>\n\t<\/div>\n<\/div>\n\n\n\n\n\t\t\t<\/div> \n\t\t<\/div>\n\t<\/div> \n<\/div><\/div>","protected":false},"excerpt":{"rendered":"Configurare le api WhastApp Meta per SendApp Cloud API Meta Pensate per le piccole e medie aziende, per rivoluzionare la comunicazione con i clienti. Accedi Come creare un'App Facebook Accedi...","protected":false},"author":1,"featured_media":0,"parent":0,"menu_order":0,"comment_status":"closed","ping_status":"closed","template":"","meta":{"footnotes":""},"class_list":["post-28437","page","type-page","status-publish"],"yoast_head":"<!-- This site is optimized with the Yoast SEO plugin v27.4 - https:\/\/yoast.com\/product\/yoast-seo-wordpress\/ -->\n<title>Istruzioni SendApp API Meta - SendApp<\/title>\n<meta name=\"robots\" content=\"index, follow, max-snippet:-1, max-image-preview:large, max-video-preview:-1\" \/>\n<link rel=\"canonical\" href=\"https:\/\/sendapp.cloud\/pt\/istruzioni-sendapp-api-meta\/\" \/>\n<meta property=\"og:locale\" content=\"pt_PT\" \/>\n<meta property=\"og:type\" content=\"article\" \/>\n<meta property=\"og:title\" content=\"Istruzioni SendApp API Meta - SendApp\" \/>\n<meta property=\"og:url\" content=\"https:\/\/sendapp.cloud\/pt\/istruzioni-sendapp-api-meta\/\" \/>\n<meta property=\"og:site_name\" content=\"SendApp\" \/>\n<meta property=\"og:image\" content=\"https:\/\/sendapp.live\/wp-content\/uploads\/2024\/01\/001-1.jpg\" \/>\n<meta name=\"twitter:card\" content=\"summary_large_image\" \/>\n<meta name=\"twitter:label1\" content=\"Tempo estimado de leitura\" \/>\n\t<meta name=\"twitter:data1\" content=\"8 minutos\" \/>\n<script type=\"application\/ld+json\" class=\"yoast-schema-graph\">{\"@context\":\"https:\\\/\\\/schema.org\",\"@graph\":[{\"@type\":\"WebPage\",\"@id\":\"https:\\\/\\\/sendapp.cloud\\\/istruzioni-sendapp-api-meta\\\/\",\"url\":\"https:\\\/\\\/sendapp.cloud\\\/istruzioni-sendapp-api-meta\\\/\",\"name\":\"Istruzioni SendApp API Meta - SendApp\",\"isPartOf\":{\"@id\":\"https:\\\/\\\/sendapp.cloud\\\/en\\\/#website\"},\"primaryImageOfPage\":{\"@id\":\"https:\\\/\\\/sendapp.cloud\\\/istruzioni-sendapp-api-meta\\\/#primaryimage\"},\"image\":{\"@id\":\"https:\\\/\\\/sendapp.cloud\\\/istruzioni-sendapp-api-meta\\\/#primaryimage\"},\"thumbnailUrl\":\"https:\\\/\\\/sendapp.live\\\/wp-content\\\/uploads\\\/2024\\\/01\\\/001-1.jpg\",\"datePublished\":\"2024-01-22T11:24:47+00:00\",\"breadcrumb\":{\"@id\":\"https:\\\/\\\/sendapp.cloud\\\/istruzioni-sendapp-api-meta\\\/#breadcrumb\"},\"inLanguage\":\"pt-PT\",\"potentialAction\":[{\"@type\":\"ReadAction\",\"target\":[\"https:\\\/\\\/sendapp.cloud\\\/istruzioni-sendapp-api-meta\\\/\"]}]},{\"@type\":\"ImageObject\",\"inLanguage\":\"pt-PT\",\"@id\":\"https:\\\/\\\/sendapp.cloud\\\/istruzioni-sendapp-api-meta\\\/#primaryimage\",\"url\":\"https:\\\/\\\/sendapp.live\\\/wp-content\\\/uploads\\\/2024\\\/01\\\/001-1.jpg\",\"contentUrl\":\"https:\\\/\\\/sendapp.live\\\/wp-content\\\/uploads\\\/2024\\\/01\\\/001-1.jpg\"},{\"@type\":\"BreadcrumbList\",\"@id\":\"https:\\\/\\\/sendapp.cloud\\\/istruzioni-sendapp-api-meta\\\/#breadcrumb\",\"itemListElement\":[{\"@type\":\"ListItem\",\"position\":1,\"name\":\"Home\",\"item\":\"https:\\\/\\\/sendapp.cloud\\\/\"},{\"@type\":\"ListItem\",\"position\":2,\"name\":\"Istruzioni SendApp API Meta\"}]},{\"@type\":\"WebSite\",\"@id\":\"https:\\\/\\\/sendapp.cloud\\\/en\\\/#website\",\"url\":\"https:\\\/\\\/sendapp.cloud\\\/en\\\/\",\"name\":\"SendApp\",\"description\":\"Software Whatsapp Marketing\",\"publisher\":{\"@id\":\"https:\\\/\\\/sendapp.cloud\\\/en\\\/#organization\"},\"potentialAction\":[{\"@type\":\"SearchAction\",\"target\":{\"@type\":\"EntryPoint\",\"urlTemplate\":\"https:\\\/\\\/sendapp.cloud\\\/en\\\/?s={search_term_string}\"},\"query-input\":{\"@type\":\"PropertyValueSpecification\",\"valueRequired\":true,\"valueName\":\"search_term_string\"}}],\"inLanguage\":\"pt-PT\"},{\"@type\":\"Organization\",\"@id\":\"https:\\\/\\\/sendapp.cloud\\\/en\\\/#organization\",\"name\":\"SendApp\",\"url\":\"https:\\\/\\\/sendapp.cloud\\\/en\\\/\",\"logo\":{\"@type\":\"ImageObject\",\"inLanguage\":\"pt-PT\",\"@id\":\"https:\\\/\\\/sendapp.cloud\\\/en\\\/#\\\/schema\\\/logo\\\/image\\\/\",\"url\":\"https:\\\/\\\/sendapp.cloud\\\/wp-content\\\/uploads\\\/2024\\\/11\\\/Logo-bianco.png\",\"contentUrl\":\"https:\\\/\\\/sendapp.cloud\\\/wp-content\\\/uploads\\\/2024\\\/11\\\/Logo-bianco.png\",\"width\":145,\"height\":48,\"caption\":\"SendApp\"},\"image\":{\"@id\":\"https:\\\/\\\/sendapp.cloud\\\/en\\\/#\\\/schema\\\/logo\\\/image\\\/\"}}]}<\/script>\n<!-- \/ Yoast SEO plugin. -->","yoast_head_json":{"title":"Istruzioni SendApp API Meta - SendApp","robots":{"index":"index","follow":"follow","max-snippet":"max-snippet:-1","max-image-preview":"max-image-preview:large","max-video-preview":"max-video-preview:-1"},"canonical":"https:\/\/sendapp.cloud\/pt\/istruzioni-sendapp-api-meta\/","og_locale":"pt_PT","og_type":"article","og_title":"Istruzioni SendApp API Meta - SendApp","og_url":"https:\/\/sendapp.cloud\/pt\/istruzioni-sendapp-api-meta\/","og_site_name":"SendApp","og_image":[{"url":"https:\/\/sendapp.live\/wp-content\/uploads\/2024\/01\/001-1.jpg","type":"","width":"","height":""}],"twitter_card":"summary_large_image","twitter_misc":{"Tempo estimado de leitura":"8 minutos"},"schema":{"@context":"https:\/\/schema.org","@graph":[{"@type":"WebPage","@id":"https:\/\/sendapp.cloud\/istruzioni-sendapp-api-meta\/","url":"https:\/\/sendapp.cloud\/istruzioni-sendapp-api-meta\/","name":"Istruzioni SendApp API Meta - SendApp","isPartOf":{"@id":"https:\/\/sendapp.cloud\/en\/#website"},"primaryImageOfPage":{"@id":"https:\/\/sendapp.cloud\/istruzioni-sendapp-api-meta\/#primaryimage"},"image":{"@id":"https:\/\/sendapp.cloud\/istruzioni-sendapp-api-meta\/#primaryimage"},"thumbnailUrl":"https:\/\/sendapp.live\/wp-content\/uploads\/2024\/01\/001-1.jpg","datePublished":"2024-01-22T11:24:47+00:00","breadcrumb":{"@id":"https:\/\/sendapp.cloud\/istruzioni-sendapp-api-meta\/#breadcrumb"},"inLanguage":"pt-PT","potentialAction":[{"@type":"ReadAction","target":["https:\/\/sendapp.cloud\/istruzioni-sendapp-api-meta\/"]}]},{"@type":"ImageObject","inLanguage":"pt-PT","@id":"https:\/\/sendapp.cloud\/istruzioni-sendapp-api-meta\/#primaryimage","url":"https:\/\/sendapp.live\/wp-content\/uploads\/2024\/01\/001-1.jpg","contentUrl":"https:\/\/sendapp.live\/wp-content\/uploads\/2024\/01\/001-1.jpg"},{"@type":"BreadcrumbList","@id":"https:\/\/sendapp.cloud\/istruzioni-sendapp-api-meta\/#breadcrumb","itemListElement":[{"@type":"ListItem","position":1,"name":"Home","item":"https:\/\/sendapp.cloud\/"},{"@type":"ListItem","position":2,"name":"Istruzioni SendApp API Meta"}]},{"@type":"WebSite","@id":"https:\/\/sendapp.cloud\/en\/#website","url":"https:\/\/sendapp.cloud\/en\/","name":"Enviar aplicativo","description":"Software de marketing do WhatsApp","publisher":{"@id":"https:\/\/sendapp.cloud\/en\/#organization"},"potentialAction":[{"@type":"SearchAction","target":{"@type":"EntryPoint","urlTemplate":"https:\/\/sendapp.cloud\/en\/?s={search_term_string}"},"query-input":{"@type":"PropertyValueSpecification","valueRequired":true,"valueName":"search_term_string"}}],"inLanguage":"pt-PT"},{"@type":"Organization","@id":"https:\/\/sendapp.cloud\/en\/#organization","name":"Enviar aplicativo","url":"https:\/\/sendapp.cloud\/en\/","logo":{"@type":"ImageObject","inLanguage":"pt-PT","@id":"https:\/\/sendapp.cloud\/en\/#\/schema\/logo\/image\/","url":"https:\/\/sendapp.cloud\/wp-content\/uploads\/2024\/11\/Logo-bianco.png","contentUrl":"https:\/\/sendapp.cloud\/wp-content\/uploads\/2024\/11\/Logo-bianco.png","width":145,"height":48,"caption":"SendApp"},"image":{"@id":"https:\/\/sendapp.cloud\/en\/#\/schema\/logo\/image\/"}}]}},"_links":{"self":[{"href":"https:\/\/sendapp.cloud\/pt\/wp-json\/wp\/v2\/pages\/28437","targetHints":{"allow":["GET"]}}],"collection":[{"href":"https:\/\/sendapp.cloud\/pt\/wp-json\/wp\/v2\/pages"}],"about":[{"href":"https:\/\/sendapp.cloud\/pt\/wp-json\/wp\/v2\/types\/page"}],"author":[{"embeddable":true,"href":"https:\/\/sendapp.cloud\/pt\/wp-json\/wp\/v2\/users\/1"}],"replies":[{"embeddable":true,"href":"https:\/\/sendapp.cloud\/pt\/wp-json\/wp\/v2\/comments?post=28437"}],"version-history":[{"count":0,"href":"https:\/\/sendapp.cloud\/pt\/wp-json\/wp\/v2\/pages\/28437\/revisions"}],"wp:attachment":[{"href":"https:\/\/sendapp.cloud\/pt\/wp-json\/wp\/v2\/media?parent=28437"}],"curies":[{"name":"wp","href":"https:\/\/api.w.org\/{rel}","templated":true}]}}