{"id":24290,"date":"2022-11-09T13:01:53","date_gmt":"2022-11-09T12:01:53","guid":{"rendered":"https:\/\/sendapp.live\/?page_id=24290"},"modified":"2022-11-09T13:01:53","modified_gmt":"2022-11-09T12:01:53","slug":"whatsapp-api-sendapp-connect","status":"publish","type":"page","link":"https:\/\/sendapp.cloud\/pt\/whatsapp-api-sendapp-connect\/","title":{"rendered":"WhatsApp API SendApp Connect"},"content":{"rendered":"<div id=\"fws_69e737a058f27\"  data-column-margin=\"default\" data-midnight=\"dark\"  class=\"wpb_row vc_row-fluid vc_row\"  style=\"padding-top: 0px; padding-bottom: 0px; \"><div class=\"row-bg-wrap\" data-bg-animation=\"none\" data-bg-animation-delay=\"\" data-bg-overlay=\"false\"><div class=\"inner-wrap row-bg-layer\" ><div class=\"row-bg viewport-desktop\"  style=\"\"><\/div><\/div><\/div><div class=\"row_col_wrap_12 col span_12 dark left\">\n\t<div  class=\"vc_col-sm-6 wpb_column column_container vc_column_container col no-extra-padding inherit_tablet inherit_phone\"  data-padding-pos=\"all\" data-has-bg-color=\"false\" data-bg-color=\"\" data-bg-opacity=\"1\" data-animation=\"\" data-delay=\"0\" >\n\t\t<div class=\"vc_column-inner\" >\n\t\t\t<div class=\"wpb_wrapper\">\n\t\t\t\t<div class=\"img-with-aniamtion-wrap\" data-max-width=\"100%\" data-max-width-mobile=\"default\" data-shadow=\"none\" data-animation=\"fade-in\" >\n      <div class=\"inner\">\n        <div class=\"hover-wrap\"> \n          <div class=\"hover-wrap-inner\">\n            <img loading=\"lazy\" decoding=\"async\" class=\"img-with-animation skip-lazy\" data-delay=\"0\" height=\"465\" width=\"601\" data-animation=\"fade-in\" src=\"https:\/\/sendapp.cloud\/wp-content\/uploads\/2022\/02\/message_sender_hero_image.png\" alt=\"\" srcset=\"https:\/\/sendapp.cloud\/wp-content\/uploads\/2022\/02\/message_sender_hero_image.png 601w, https:\/\/sendapp.cloud\/wp-content\/uploads\/2022\/02\/message_sender_hero_image-300x232.png 300w, https:\/\/sendapp.cloud\/wp-content\/uploads\/2022\/02\/message_sender_hero_image-16x12.png 16w\" sizes=\"auto, (max-width: 601px) 100vw, 601px\" \/>\n          <\/div>\n        <\/div>\n      <\/div>\n    <\/div>\n\t\t\t<\/div> \n\t\t<\/div>\n\t<\/div> \n\n\t<div  class=\"vc_col-sm-6 wpb_column column_container vc_column_container col no-extra-padding inherit_tablet inherit_phone\"  data-padding-pos=\"all\" data-has-bg-color=\"false\" data-bg-color=\"\" data-bg-opacity=\"1\" data-animation=\"\" data-delay=\"0\" >\n\t\t<div class=\"vc_column-inner\" >\n\t\t\t<div class=\"wpb_wrapper\">\n\t\t\t\t\n<div class=\"wpb_text_column wpb_content_element\" >\n\t<div class=\"wpb_wrapper\">\n\t\t<h1 style=\"text-align: left;\"><span style=\"color: #008000;\">Com as APIs gratuitas do SendApp Connect<br \/>\nvoc\u00ea pode automatizar notifica\u00e7\u00f5es do Whatsapp<br \/>\ncom qualquer plataforma<br \/>\n<\/span><\/h1>\n\t<\/div>\n<\/div>\n\n\n\n\n<div class=\"wpb_text_column wpb_content_element\" >\n\t<div class=\"wpb_wrapper\">\n\t\t<h3 style=\"text-align: left;\"><span style=\"color: #808080;\">Projetado para pequenas e m\u00e9dias empresas,<\/span><br \/>\n<span style=\"color: #808080;\">para revolucionar a comunica\u00e7\u00e3o com o cliente.<\/span><\/h3>\n\t<\/div>\n<\/div>\n\n\n\n\n\t\t\t<\/div> \n\t\t<\/div>\n\t<\/div> \n<\/div><\/div>\n\t\t<div id=\"fws_69e737a05a9f1\"  data-column-margin=\"default\" data-midnight=\"dark\"  class=\"wpb_row vc_row-fluid vc_row\"  style=\"padding-top: 0px; padding-bottom: 0px; \"><div class=\"row-bg-wrap\" data-bg-animation=\"none\" data-bg-animation-delay=\"\" data-bg-overlay=\"false\"><div class=\"inner-wrap row-bg-layer\" ><div class=\"row-bg viewport-desktop\"  style=\"\"><\/div><\/div><\/div><div class=\"row_col_wrap_12 col span_12 dark left\">\n\t<div  class=\"vc_col-sm-12 wpb_column column_container vc_column_container col no-extra-padding inherit_tablet inherit_phone\"  data-padding-pos=\"all\" data-has-bg-color=\"false\" data-bg-color=\"\" data-bg-opacity=\"1\" data-animation=\"\" data-delay=\"0\" >\n\t\t<div class=\"vc_column-inner\" >\n\t\t\t<div class=\"wpb_wrapper\">\n\t\t\t\t\n<div class=\"wpb_text_column wpb_content_element\" >\n\t<div class=\"wpb_wrapper\">\n\t\t<h3>API do Whatsapp para envio de notifica\u00e7\u00f5es de qualquer plataforma<\/h3>\n<p><strong>API de conex\u00e3o do Sendapp<br \/>\n<\/strong>Se voc\u00ea tiver o software de desktop SendApp Connect, poder\u00e1 criar uma inst\u00e2ncia com sua conta pessoal ou comercial do WhatsApp com v\u00e1rias sess\u00f5es.<br \/>\nDepois de criar a inst\u00e2ncia, voc\u00ea pode copiar seu Token e seu ID de Inst\u00e2ncia e personalizar as APIs em qualquer uma de suas plataformas web, desktop ou m\u00f3veis.<\/p>\n<div class=\"column-two nicescroll\" tabindex=\"2\">\n<h5 class=\"fs-16 fw-4 text-info m-b-20\"><img loading=\"lazy\" decoding=\"async\" class=\"aligncenter wp-image-24307 size-full\" src=\"https:\/\/sendapp.live\/wp-content\/uploads\/2022\/11\/api-whatsapp-sendapp-connect-01.jpg\" alt=\"\" width=\"1280\" height=\"720\" \/><\/h5>\n<\/div>\n\t<\/div>\n<\/div>\n\n\n\n\n\t\t\t<\/div> \n\t\t<\/div>\n\t<\/div> \n<\/div><\/div>\n\t\t<div id=\"fws_69e737a05b151\"  data-column-margin=\"default\" data-midnight=\"dark\" data-top-percent=\"5%\"  class=\"wpb_row vc_row-fluid vc_row full-width-section\"  style=\"padding-top: calc(100vw * 0.05); padding-bottom: 0px; \"><div class=\"row-bg-wrap\" data-bg-animation=\"none\" data-bg-animation-delay=\"\" data-bg-overlay=\"false\"><div class=\"inner-wrap row-bg-layer\" ><div class=\"row-bg viewport-desktop\"  style=\"\"><\/div><\/div><\/div><div class=\"row_col_wrap_12 col span_12 dark left\">\n\t<div  class=\"vc_col-sm-3 wpb_column column_container vc_column_container col no-extra-padding inherit_tablet inherit_phone\"  data-padding-pos=\"all\" data-has-bg-color=\"false\" data-bg-color=\"\" data-bg-opacity=\"1\" data-animation=\"\" data-delay=\"0\" >\n\t\t<div class=\"vc_column-inner\" >\n\t\t\t<div class=\"wpb_wrapper\">\n\t\t\t\t\n\t<div class=\"wpb_raw_code wpb_raw_html wpb_content_element\" >\n\t\t<div class=\"wpb_wrapper\">\n\t\t\t<div class=\"vc_column-inner\">\n<div class=\"wpb_wrapper\">\n<div class=\"wpb_raw_code wpb_content_element wpb_raw_html\">\n<div class=\"wpb_wrapper\">\n<div id=\"pills-chat\" class=\"tab-pane h-100 show active\" role=\"tabpanel\" aria-labelledby=\"pills-chat-tab\">\n<div class=\"px-4 pt-4\">\n<h4 class=\"mb-4\">Documenta\u00e7\u00e3o da API<\/h4>\n<div class=\"search-box chat-search-box\">&nbsp;<\/div>\n<!-- Search Box--><\/div>\n<!-- .p-4 --> <!-- Start chat-message-list -->\n<div class=\"chat-message-list wa-scroll px-2\" style=\"overflow: hidden; outline: none;\" tabindex=\"6\">\n<h5 class=\"mb-3 px-3 fs-14 m-t-20 text-dark text-uppercase fw-6\">API de inst\u00e2ncia<\/h5>\n<ul class=\"wa-api-list px-3\">\n<li class=\"m-b-8\"><a class=\"text-muted\" href=\"#get-qr-code\"><span class=\"text-success fs-12 fw-6 m-r-10\">PUBLICAR<\/span> OBTER c\u00f3digo QR<\/a><\/li>\n<\/ul>\n<h5 class=\"mb-3 px-3 fs-14 m-t-30 text-dark text-uppercase fw-6\">API de envio de mensagem direta<\/h5>\n<ul class=\"wa-api-list px-3\">\n<li class=\"m-b-8\"><a class=\"text-muted\" href=\"#send-text\"><span class=\"text-success fs-12 fw-6 m-r-10\">PUBLICAR<\/span> Enviar texto<\/a><\/li>\n<li class=\"m-b-8\"><a class=\"text-muted\" href=\"#send-media\"><span class=\"text-success fs-12 fw-6 m-r-10\">PUBLICAR<\/span> Enviar arquivo<\/a><\/li>\n<\/ul>\n<h5 class=\"mb-3 px-3 fs-14 m-t-30 text-dark text-uppercase fw-6\">API de grupo<\/h5>\n<ul class=\"wa-api-list px-3\">\n<li class=\"m-b-8\"><a class=\"text-muted\" href=\"#send-text-message-group\"><span class=\"text-success fs-12 fw-6 m-r-10\">PUBLICAR<\/span> Grupo de envio de mensagens de texto<\/a><\/li>\n<li class=\"m-b-8\"><a class=\"text-muted\" href=\"#send-media-message-group\"><span class=\"text-success fs-12 fw-6 m-r-10\">PUBLICAR<\/span> Grupo de mensagens de envio de arquivo<\/a><\/li>\n<\/ul>\n<\/div>\n<!-- End chat-message-list --><\/div>\n<\/div>\n<\/div>\n<\/div>\n<\/div>\n\t\t<\/div>\n\t<\/div>\n\n\t\t\t<\/div> \n\t\t<\/div>\n\t<\/div> \n\n\t<div  class=\"vc_col-sm-9 wpb_column column_container vc_column_container col no-extra-padding inherit_tablet inherit_phone\"  data-padding-pos=\"all\" data-has-bg-color=\"false\" data-bg-color=\"\" data-bg-opacity=\"1\" data-animation=\"\" data-delay=\"0\" >\n\t\t<div class=\"vc_column-inner\" >\n\t\t\t<div class=\"wpb_wrapper\">\n\t\t\t\t\n\t<div class=\"wpb_raw_code wpb_raw_html wpb_content_element\" >\n\t\t<div class=\"wpb_wrapper\">\n\t\t\t<div class=\"container\">\n<div class=\"row p-t-25 p-b-25\">\n<div class=\"col-12\">\n<h6 id=\"get-qr-code\" class=\"border-bottom m-b-30 p-b-20 m-t-40 p-t-20\"><span class=\"text-success fw-6 m-r-5\">PUBLICAR<\/span> Obter c\u00f3digo QR<\/h6>\n<div class=\"alert alert-dark\" role=\"alert\"><code class=\"text-white fs-12\">https:\/\/api.sendapp.live\/getqrcode.php?instance_id=44345788XXX&amp;access_token=612D62D6E8536446BAxxxxxxxxx\t\t\t\t<\/code><\/div>\n<div class=\"text\">Exiba o c\u00f3digo QR para acessar o WhatsApp Web. Voc\u00ea pode obter os resultados via Webhook.<\/div>\n<div class=\"text-uppercase fs-16 border-bottom m-b-15 p-b-10 m-t-30\">Par\u00e2metros<\/div>\n<table class=\"table table-striped table-borderless\">\n<tbody>\n<tr>\n<td class=\"fw-6\">id_da_inst\u00e2ncia<\/td>\n<td><code class=\"text-white fs-12\">44345788XXX<\/code><\/td>\n<\/tr>\n<tr>\n<td class=\"fw-6\">token de acesso<\/td>\n<td><code class=\"text-white fs-12\">612D62D6E8536446BAxxxxxxxxx<\/code><\/td>\n<\/tr>\n<\/tbody>\n<\/table>\n<\/div>\n<\/div>\n<\/div>\n<\/div>\n<div class=\"row p-t-25 p-b-25\">\n<div class=\"col-12\">\n<h5 class=\"border-bottom m-b-30 p-b-20 text-dark text-uppercase\">API de envio de mensagem direta<\/h5>\n<h6 id=\"send-text\" class=\"border-bottom m-b-30 p-b-20 p-t-20\"><span class=\"text-success fw-6 m-r-5\">PUBLICAR<\/span> Enviar texto<\/h6>\n<div class=\"alert alert-dark\" role=\"alert\"><code class=\"text-white fs-12\">https:\/\/api.sendapp.live\/send.php?number=44345788XXX&amp;type=text&amp;message=test%20message&amp;instance_id=609ACF283XXXX&amp;access_token=612D62D6E8536446BAxxxxxxxxx\t\t\t\t<\/code><\/div>\n<div class=\"text\">Envie uma mensagem de texto para um n\u00famero de telefone atrav\u00e9s do aplicativo<\/div>\n<div class=\"text-uppercase fs-16 border-bottom m-b-15 p-b-10 m-t-30\">Par\u00e2metros<\/div>\n<table class=\"table table-striped table-borderless\">\n<tbody>\n<tr>\n<td class=\"fw-6\">n\u00famero<\/td>\n<td>44345788XXX<\/td>\n<\/tr>\n<tr>\n<td class=\"fw-6\">tipo<\/td>\n<td>texto<\/td>\n<\/tr>\n<tr>\n<td class=\"fw-6\">mensagem<\/td>\n<td>mensagem de teste<\/td>\n<\/tr>\n<tr>\n<td class=\"fw-6\">id_da_inst\u00e2ncia<\/td>\n<td>609ACF283XXXX<\/td>\n<\/tr>\n<tr>\n<td class=\"fw-6\">token de acesso<\/td>\n<td>612D62D6E8536446BAxxxxxxxxx<\/td>\n<\/tr>\n<\/tbody>\n<\/table>\n<h6 id=\"send-media\" class=\"border-bottom m-b-30 p-b-20 m-t-40 p-t-20\"><span class=\"text-success fw-6 m-r-5\">PUBLICAR<\/span> Enviar m\u00eddia e arquivo<\/h6>\n<div class=\"alert alert-dark\" role=\"alert\"><code class=\"text-white fs-12\">https:\/\/api.sendapp.live\/send.php?number=44345788XXX&amp;type=media&amp;message=test%20message&amp;media_url=https:\/\/i.pravatar.cc&amp;filename=file_test.jpg&amp;instance_id=609ACF283XXXX&amp;access_token=612D62D6E8536446BAxxxxxxxxx\t\t\t\t<\/code><\/div>\n<div class=\"text\">Enviar uma m\u00eddia ou arquivo com mensagem para um n\u00famero de telefone atrav\u00e9s do aplicativo<\/div>\n<div class=\"text-uppercase fs-16 border-bottom m-b-15 p-b-10 m-t-30\">Par\u00e2metros<\/div>\n<table class=\"table table-striped table-borderless\">\n<tbody>\n<tr>\n<td class=\"fw-6\">n\u00famero<\/td>\n<td>44345788XXX<\/td>\n<\/tr>\n<tr>\n<td class=\"fw-6\">tipo<\/td>\n<td>m\u00e9dia<\/td>\n<\/tr>\n<tr>\n<td class=\"fw-6\">mensagem<\/td>\n<td>mensagem de teste<\/td>\n<\/tr>\n<tr>\n<td class=\"fw-6\">url_de_m\u00eddia<\/td>\n<td>https:\/\/i.pravatar.cc<\/td>\n<\/tr>\n<tr>\n<td class=\"fw-6\">nome do arquivo <span class=\"text-danger small\">(Use apenas para enviar documento)<\/span><\/td>\n<td>arquivo_teste.pdf<\/td>\n<\/tr>\n<tr>\n<td class=\"fw-6\">id_da_inst\u00e2ncia<\/td>\n<td>609ACF283XXXX<\/td>\n<\/tr>\n<tr>\n<td class=\"fw-6\">token de acesso<\/td>\n<td>612D62D6E8536446BAxxxxxxxxx<\/td>\n<\/tr>\n<\/tbody>\n<\/table>\n<\/div>\n<\/div>\n<div class=\"row p-t-25 p-b-25\">\n<div class=\"col-12\">\n<h5 class=\"border-bottom m-b-30 p-b-20 text-dark text-uppercase\">API de grupo<\/h5>\n<h6 id=\"send-text-message-group\" class=\"border-bottom m-b-30 p-b-20 p-t-20\"><span class=\"text-success fw-6 m-r-5\">PUBLICAR<\/span> Grupo de envio de mensagens de texto<\/h6>\n<div class=\"alert alert-dark\" role=\"alert\"><code class=\"text-white fs-12\">https:\/\/api.sendapp.live\/sendgroupmsg.php?group_id=84987694574-1618740914@g.us&amp;type=text&amp;message=test%20message&amp;instance_id=609ACF283XXXX&amp;access_token=612D62D6E8536446BAxxxxxxxxx\t\t\t\t<\/code><\/div>\n<div class=\"text\">Envie uma mensagem de texto para um grupo atrav\u00e9s do aplicativo<\/div>\n<div class=\"text-uppercase fs-16 border-bottom m-b-15 p-b-10 m-t-30\">Par\u00e2metros<\/div>\n<table class=\"table table-striped table-borderless\">\n<tbody>\n<tr>\n<td class=\"fw-6\">id_do_grupo<\/td>\n<td>84987694574-1618740914@g.us<\/td>\n<\/tr>\n<tr>\n<td class=\"fw-6\">tipo<\/td>\n<td>texto<\/td>\n<\/tr>\n<tr>\n<td class=\"fw-6\">mensagem<\/td>\n<td>mensagem de teste<\/td>\n<\/tr>\n<tr>\n<td class=\"fw-6\">id_da_inst\u00e2ncia<\/td>\n<td>609ACF283XXXX<\/td>\n<\/tr>\n<tr>\n<td class=\"fw-6\">token de acesso<\/td>\n<td>612D62D6E8536446BAxxxxxxxxx<\/td>\n<\/tr>\n<\/tbody>\n<\/table>\n<h6 id=\"send-media-message-group\" class=\"border-bottom m-b-30 p-b-20 m-t-40 p-t-20\"><span class=\"text-success fw-6 m-r-5\">PUBLICAR<\/span> Grupo de mensagens de envio de m\u00eddia e arquivo<\/h6>\n<div class=\"alert alert-dark\" role=\"alert\"><code class=\"text-white fs-12\">https:\/\/api.sendapp.live\/sendgroupmsg.php?group_id=84987694574-1618740914@g.us&amp;type=media&amp;message=test%20message&amp;media_url=https:\/\/i.pravatar.cc&amp;filename=file_test.jpg&amp;instance_id=609ACF283XXXX&amp;access_token=612D62D6E8536446BAxxxxxxxxx\t\t\t\t<\/code><\/div>\n<div class=\"text\">Enviar uma m\u00eddia ou arquivo com mensagem para um grupo atrav\u00e9s do aplicativo<\/div>\n<div class=\"text-uppercase fs-16 border-bottom m-b-15 p-b-10 m-t-30\">Par\u00e2metros<\/div>\n<table class=\"table table-striped table-borderless\">\n<tbody>\n<tr>\n<td class=\"fw-6\">id_do_grupo<\/td>\n<td>84987694574-1618740914@g.us<\/td>\n<\/tr>\n<tr>\n<td class=\"fw-6\">tipo<\/td>\n<td>m\u00e9dia<\/td>\n<\/tr>\n<tr>\n<td class=\"fw-6\">mensagem<\/td>\n<td>mensagem de teste<\/td>\n<\/tr>\n<tr>\n<td class=\"fw-6\">url_de_m\u00eddia<\/td>\n<td>https:\/\/i.pravatar.cc<\/td>\n<\/tr>\n<tr>\n<td class=\"fw-6\">nome do arquivo <span class=\"text-danger small\">(Use apenas para enviar documento)<\/span><\/td>\n<td>arquivo_teste.pdf<\/td>\n<\/tr>\n<tr>\n<td class=\"fw-6\">id_da_inst\u00e2ncia<\/td>\n<td>609ACF283XXXX<\/td>\n<\/tr>\n<tr>\n<td class=\"fw-6\">token de acesso<\/td>\n<td>612D62D6E8536446BAxxxxxxxxx<\/td>\n<\/tr>\n<\/tbody>\n<\/table>\n<\/div>\n<\/div>\n<\/div>\n\t\t<\/div>\n\t<\/div>\n\n<div class=\"wpb_text_column wpb_content_element\" >\n\t<div class=\"wpb_wrapper\">\n\t\t<p><strong>Ponto final da API do Webhook do SendApp<br \/>\n<\/strong>Se voc\u00ea tiver o software de desktop SendApp Connect, poder\u00e1 criar um arquivo PHP em seu servidor com certificado SSL,<br \/>\npara receber todas as mensagens dos seus clientes em formato JSON. Depois de configurar seu arquivo PHP,<br \/>\nvoc\u00ea s\u00f3 precisa inserir a URL no seu SendApp Connect.<br \/>\nDessa forma, todas as mensagens recebidas da sua conta do WhatsApp ser\u00e3o enviadas para o seu endpoint no formato json.<\/p>\n<div class=\"column-two nicescroll\" tabindex=\"2\">\n<h5 class=\"fs-16 fw-4 text-info m-b-20\"><img loading=\"lazy\" decoding=\"async\" class=\"alignnone size-full wp-image-26745\" src=\"https:\/\/sendapp.live\/wp-content\/uploads\/2023\/09\/SendApp-webhook.jpg\" alt=\"\" width=\"1280\" height=\"720\" srcset=\"https:\/\/sendapp.cloud\/wp-content\/uploads\/2023\/09\/SendApp-webhook.jpg 1280w, https:\/\/sendapp.cloud\/wp-content\/uploads\/2023\/09\/SendApp-webhook-300x169.jpg 300w, https:\/\/sendapp.cloud\/wp-content\/uploads\/2023\/09\/SendApp-webhook-1024x576.jpg 1024w, https:\/\/sendapp.cloud\/wp-content\/uploads\/2023\/09\/SendApp-webhook-768x432.jpg 768w, https:\/\/sendapp.cloud\/wp-content\/uploads\/2023\/09\/SendApp-webhook-18x10.jpg 18w\" sizes=\"auto, (max-width: 1280px) 100vw, 1280px\" \/><\/h5>\n<\/div>\n\t<\/div>\n<\/div>\n\n\n\n<a class=\"nectar-button large regular accent-color  regular-button\"  role=\"button\" style=\"\" target=\"_blank\" href=\"https:\/\/spc-app.com\/sendapp\/download\/webwook-desktop.zip\" data-color-override=\"false\" data-hover-color-override=\"false\" data-hover-text-color-override=\"#fff\"><span>Baixar Exemplo PHP<\/span><\/a><div id=\"fws_69e737a05c912\" data-midnight=\"\" data-column-margin=\"default\" class=\"wpb_row vc_row-fluid vc_row inner_row\"  style=\"\"><div class=\"row-bg-wrap\"> <div class=\"row-bg\" ><\/div> <\/div><div class=\"row_col_wrap_12_inner col span_12  left\">\n\t<div  class=\"vc_col-sm-12 wpb_column column_container vc_column_container col child_column no-extra-padding inherit_tablet inherit_phone\"   data-padding-pos=\"all\" data-has-bg-color=\"false\" data-bg-color=\"\" data-bg-opacity=\"1\" data-animation=\"\" data-delay=\"0\" >\n\t\t<div class=\"vc_column-inner\" >\n\t\t<div class=\"wpb_wrapper\">\n\t\t\t\n\t\t<\/div> \n\t<\/div>\n\t<\/div> \n<\/div><\/div>\n\t\t\t<\/div> \n\t\t<\/div>\n\t<\/div> \n<\/div><\/div>","protected":false},"excerpt":{"rendered":"Con le API Gratuite di SendApp Connect puoi automatizzare le notifiche Whatsapp con qualsiasi piattaforma Pensate per le piccole e medie aziende, per rivoluzionare la comunicazione con i clienti. Whatsapp...","protected":false},"author":1,"featured_media":0,"parent":0,"menu_order":0,"comment_status":"closed","ping_status":"closed","template":"","meta":{"footnotes":""},"class_list":["post-24290","page","type-page","status-publish"],"yoast_head":"<!-- This site is optimized with the Yoast SEO plugin v27.4 - https:\/\/yoast.com\/product\/yoast-seo-wordpress\/ -->\n<title>whatsapp api sendapp connect - SendApp<\/title>\n<meta name=\"robots\" content=\"index, follow, max-snippet:-1, max-image-preview:large, max-video-preview:-1\" \/>\n<link rel=\"canonical\" href=\"https:\/\/sendapp.cloud\/pt\/whatsapp-api-sendapp-connect\/\" \/>\n<meta property=\"og:locale\" content=\"pt_PT\" \/>\n<meta property=\"og:type\" content=\"article\" \/>\n<meta property=\"og:title\" content=\"whatsapp api sendapp connect - SendApp\" \/>\n<meta property=\"og:url\" content=\"https:\/\/sendapp.cloud\/pt\/whatsapp-api-sendapp-connect\/\" \/>\n<meta property=\"og:site_name\" content=\"SendApp\" \/>\n<meta property=\"og:image\" content=\"https:\/\/sendapp.live\/wp-content\/uploads\/2022\/11\/api-whatsapp-sendapp-connect-01.jpg\" \/>\n<meta name=\"twitter:card\" content=\"summary_large_image\" \/>\n<meta name=\"twitter:label1\" content=\"Tempo estimado de leitura\" \/>\n\t<meta name=\"twitter:data1\" content=\"2 minutos\" \/>\n<script type=\"application\/ld+json\" class=\"yoast-schema-graph\">{\"@context\":\"https:\\\/\\\/schema.org\",\"@graph\":[{\"@type\":\"WebPage\",\"@id\":\"https:\\\/\\\/sendapp.cloud\\\/whatsapp-api-sendapp-connect\\\/\",\"url\":\"https:\\\/\\\/sendapp.cloud\\\/whatsapp-api-sendapp-connect\\\/\",\"name\":\"whatsapp api sendapp connect - SendApp\",\"isPartOf\":{\"@id\":\"https:\\\/\\\/sendapp.cloud\\\/en\\\/#website\"},\"primaryImageOfPage\":{\"@id\":\"https:\\\/\\\/sendapp.cloud\\\/whatsapp-api-sendapp-connect\\\/#primaryimage\"},\"image\":{\"@id\":\"https:\\\/\\\/sendapp.cloud\\\/whatsapp-api-sendapp-connect\\\/#primaryimage\"},\"thumbnailUrl\":\"https:\\\/\\\/sendapp.live\\\/wp-content\\\/uploads\\\/2022\\\/11\\\/api-whatsapp-sendapp-connect-01.jpg\",\"datePublished\":\"2022-11-09T12:01:53+00:00\",\"breadcrumb\":{\"@id\":\"https:\\\/\\\/sendapp.cloud\\\/whatsapp-api-sendapp-connect\\\/#breadcrumb\"},\"inLanguage\":\"pt-PT\",\"potentialAction\":[{\"@type\":\"ReadAction\",\"target\":[\"https:\\\/\\\/sendapp.cloud\\\/whatsapp-api-sendapp-connect\\\/\"]}]},{\"@type\":\"ImageObject\",\"inLanguage\":\"pt-PT\",\"@id\":\"https:\\\/\\\/sendapp.cloud\\\/whatsapp-api-sendapp-connect\\\/#primaryimage\",\"url\":\"https:\\\/\\\/sendapp.live\\\/wp-content\\\/uploads\\\/2022\\\/11\\\/api-whatsapp-sendapp-connect-01.jpg\",\"contentUrl\":\"https:\\\/\\\/sendapp.live\\\/wp-content\\\/uploads\\\/2022\\\/11\\\/api-whatsapp-sendapp-connect-01.jpg\"},{\"@type\":\"BreadcrumbList\",\"@id\":\"https:\\\/\\\/sendapp.cloud\\\/whatsapp-api-sendapp-connect\\\/#breadcrumb\",\"itemListElement\":[{\"@type\":\"ListItem\",\"position\":1,\"name\":\"Home\",\"item\":\"https:\\\/\\\/sendapp.cloud\\\/\"},{\"@type\":\"ListItem\",\"position\":2,\"name\":\"whatsapp api sendapp connect\"}]},{\"@type\":\"WebSite\",\"@id\":\"https:\\\/\\\/sendapp.cloud\\\/en\\\/#website\",\"url\":\"https:\\\/\\\/sendapp.cloud\\\/en\\\/\",\"name\":\"SendApp\",\"description\":\"Software Whatsapp Marketing\",\"publisher\":{\"@id\":\"https:\\\/\\\/sendapp.cloud\\\/en\\\/#organization\"},\"potentialAction\":[{\"@type\":\"SearchAction\",\"target\":{\"@type\":\"EntryPoint\",\"urlTemplate\":\"https:\\\/\\\/sendapp.cloud\\\/en\\\/?s={search_term_string}\"},\"query-input\":{\"@type\":\"PropertyValueSpecification\",\"valueRequired\":true,\"valueName\":\"search_term_string\"}}],\"inLanguage\":\"pt-PT\"},{\"@type\":\"Organization\",\"@id\":\"https:\\\/\\\/sendapp.cloud\\\/en\\\/#organization\",\"name\":\"SendApp\",\"url\":\"https:\\\/\\\/sendapp.cloud\\\/en\\\/\",\"logo\":{\"@type\":\"ImageObject\",\"inLanguage\":\"pt-PT\",\"@id\":\"https:\\\/\\\/sendapp.cloud\\\/en\\\/#\\\/schema\\\/logo\\\/image\\\/\",\"url\":\"https:\\\/\\\/sendapp.cloud\\\/wp-content\\\/uploads\\\/2024\\\/11\\\/Logo-bianco.png\",\"contentUrl\":\"https:\\\/\\\/sendapp.cloud\\\/wp-content\\\/uploads\\\/2024\\\/11\\\/Logo-bianco.png\",\"width\":145,\"height\":48,\"caption\":\"SendApp\"},\"image\":{\"@id\":\"https:\\\/\\\/sendapp.cloud\\\/en\\\/#\\\/schema\\\/logo\\\/image\\\/\"}}]}<\/script>\n<!-- \/ Yoast SEO plugin. -->","yoast_head_json":{"title":"whatsapp api sendapp connect - SendApp","robots":{"index":"index","follow":"follow","max-snippet":"max-snippet:-1","max-image-preview":"max-image-preview:large","max-video-preview":"max-video-preview:-1"},"canonical":"https:\/\/sendapp.cloud\/pt\/whatsapp-api-sendapp-connect\/","og_locale":"pt_PT","og_type":"article","og_title":"whatsapp api sendapp connect - SendApp","og_url":"https:\/\/sendapp.cloud\/pt\/whatsapp-api-sendapp-connect\/","og_site_name":"SendApp","og_image":[{"url":"https:\/\/sendapp.live\/wp-content\/uploads\/2022\/11\/api-whatsapp-sendapp-connect-01.jpg","type":"","width":"","height":""}],"twitter_card":"summary_large_image","twitter_misc":{"Tempo estimado de leitura":"2 minutos"},"schema":{"@context":"https:\/\/schema.org","@graph":[{"@type":"WebPage","@id":"https:\/\/sendapp.cloud\/whatsapp-api-sendapp-connect\/","url":"https:\/\/sendapp.cloud\/whatsapp-api-sendapp-connect\/","name":"whatsapp api sendapp connect - SendApp","isPartOf":{"@id":"https:\/\/sendapp.cloud\/en\/#website"},"primaryImageOfPage":{"@id":"https:\/\/sendapp.cloud\/whatsapp-api-sendapp-connect\/#primaryimage"},"image":{"@id":"https:\/\/sendapp.cloud\/whatsapp-api-sendapp-connect\/#primaryimage"},"thumbnailUrl":"https:\/\/sendapp.live\/wp-content\/uploads\/2022\/11\/api-whatsapp-sendapp-connect-01.jpg","datePublished":"2022-11-09T12:01:53+00:00","breadcrumb":{"@id":"https:\/\/sendapp.cloud\/whatsapp-api-sendapp-connect\/#breadcrumb"},"inLanguage":"pt-PT","potentialAction":[{"@type":"ReadAction","target":["https:\/\/sendapp.cloud\/whatsapp-api-sendapp-connect\/"]}]},{"@type":"ImageObject","inLanguage":"pt-PT","@id":"https:\/\/sendapp.cloud\/whatsapp-api-sendapp-connect\/#primaryimage","url":"https:\/\/sendapp.live\/wp-content\/uploads\/2022\/11\/api-whatsapp-sendapp-connect-01.jpg","contentUrl":"https:\/\/sendapp.live\/wp-content\/uploads\/2022\/11\/api-whatsapp-sendapp-connect-01.jpg"},{"@type":"BreadcrumbList","@id":"https:\/\/sendapp.cloud\/whatsapp-api-sendapp-connect\/#breadcrumb","itemListElement":[{"@type":"ListItem","position":1,"name":"Home","item":"https:\/\/sendapp.cloud\/"},{"@type":"ListItem","position":2,"name":"whatsapp api sendapp connect"}]},{"@type":"WebSite","@id":"https:\/\/sendapp.cloud\/en\/#website","url":"https:\/\/sendapp.cloud\/en\/","name":"Enviar aplicativo","description":"Software de marketing do WhatsApp","publisher":{"@id":"https:\/\/sendapp.cloud\/en\/#organization"},"potentialAction":[{"@type":"SearchAction","target":{"@type":"EntryPoint","urlTemplate":"https:\/\/sendapp.cloud\/en\/?s={search_term_string}"},"query-input":{"@type":"PropertyValueSpecification","valueRequired":true,"valueName":"search_term_string"}}],"inLanguage":"pt-PT"},{"@type":"Organization","@id":"https:\/\/sendapp.cloud\/en\/#organization","name":"Enviar aplicativo","url":"https:\/\/sendapp.cloud\/en\/","logo":{"@type":"ImageObject","inLanguage":"pt-PT","@id":"https:\/\/sendapp.cloud\/en\/#\/schema\/logo\/image\/","url":"https:\/\/sendapp.cloud\/wp-content\/uploads\/2024\/11\/Logo-bianco.png","contentUrl":"https:\/\/sendapp.cloud\/wp-content\/uploads\/2024\/11\/Logo-bianco.png","width":145,"height":48,"caption":"SendApp"},"image":{"@id":"https:\/\/sendapp.cloud\/en\/#\/schema\/logo\/image\/"}}]}},"_links":{"self":[{"href":"https:\/\/sendapp.cloud\/pt\/wp-json\/wp\/v2\/pages\/24290","targetHints":{"allow":["GET"]}}],"collection":[{"href":"https:\/\/sendapp.cloud\/pt\/wp-json\/wp\/v2\/pages"}],"about":[{"href":"https:\/\/sendapp.cloud\/pt\/wp-json\/wp\/v2\/types\/page"}],"author":[{"embeddable":true,"href":"https:\/\/sendapp.cloud\/pt\/wp-json\/wp\/v2\/users\/1"}],"replies":[{"embeddable":true,"href":"https:\/\/sendapp.cloud\/pt\/wp-json\/wp\/v2\/comments?post=24290"}],"version-history":[{"count":0,"href":"https:\/\/sendapp.cloud\/pt\/wp-json\/wp\/v2\/pages\/24290\/revisions"}],"wp:attachment":[{"href":"https:\/\/sendapp.cloud\/pt\/wp-json\/wp\/v2\/media?parent=24290"}],"curies":[{"name":"wp","href":"https:\/\/api.w.org\/{rel}","templated":true}]}}