{"id":22806,"date":"2022-03-30T12:36:54","date_gmt":"2022-03-30T10:36:54","guid":{"rendered":"https:\/\/sendapp.live\/?page_id=22806"},"modified":"2022-03-30T12:36:54","modified_gmt":"2022-03-30T10:36:54","slug":"notifiche-whatsapp-shopify-recupero-carrello-abbandono","status":"publish","type":"page","link":"https:\/\/sendapp.cloud\/pt\/notifiche-whatsapp-shopify-recupero-carrello-abbandono\/","title":{"rendered":"notifiche whatsapp shopify recupero carrello abbandono"},"content":{"rendered":"<div id=\"fws_69f4493bb8464\"  data-column-margin=\"default\" data-midnight=\"dark\"  class=\"wpb_row vc_row-fluid vc_row  top_margin_5pct\"  style=\"padding-top: 0px; padding-bottom: 0px; \"><div class=\"row-bg-wrap\" data-bg-animation=\"none\" data-bg-animation-delay=\"\" data-bg-overlay=\"false\"><div class=\"inner-wrap row-bg-layer\" ><div class=\"row-bg viewport-desktop\"  style=\"\"><\/div><\/div><\/div><div class=\"row_col_wrap_12 col span_12 dark left\">\n\t<div  class=\"vc_col-sm-2\/5 wpb_column column_container vc_column_container col no-extra-padding inherit_tablet inherit_phone\"  data-padding-pos=\"top\" data-has-bg-color=\"false\" data-bg-color=\"\" data-bg-opacity=\"1\" data-animation=\"\" data-delay=\"0\" >\n\t\t<div class=\"vc_column-inner\" >\n\t\t\t<div class=\"wpb_wrapper\">\n\t\t\t\t<div class=\"img-with-aniamtion-wrap\" data-max-width=\"100%\" data-max-width-mobile=\"default\" data-shadow=\"none\" data-animation=\"fade-in\" >\n      <div class=\"inner\">\n        <div class=\"hover-wrap\"> \n          <div class=\"hover-wrap-inner\">\n            <img loading=\"lazy\" decoding=\"async\" class=\"img-with-animation skip-lazy\" data-delay=\"0\" height=\"910\" width=\"854\" data-animation=\"fade-in\" src=\"https:\/\/sendapp.cloud\/wp-content\/uploads\/2022\/03\/whatsapp-notification.jpg\" alt=\"\" srcset=\"https:\/\/sendapp.cloud\/wp-content\/uploads\/2022\/03\/whatsapp-notification.jpg 854w, https:\/\/sendapp.cloud\/wp-content\/uploads\/2022\/03\/whatsapp-notification-282x300.jpg 282w, https:\/\/sendapp.cloud\/wp-content\/uploads\/2022\/03\/whatsapp-notification-768x818.jpg 768w, https:\/\/sendapp.cloud\/wp-content\/uploads\/2022\/03\/whatsapp-notification-11x12.jpg 11w\" sizes=\"auto, (max-width: 854px) 100vw, 854px\" \/>\n          <\/div>\n        <\/div>\n      <\/div>\n    <\/div>\n\t\t\t<\/div> \n\t\t<\/div>\n\t<\/div> \n\n\t<div  class=\"vc_col-sm-3\/5 wpb_column column_container vc_column_container col no-extra-padding inherit_tablet inherit_phone\"  data-padding-pos=\"all\" data-has-bg-color=\"false\" data-bg-color=\"\" data-bg-opacity=\"1\" data-animation=\"\" data-delay=\"0\" >\n\t\t<div class=\"vc_column-inner\" >\n\t\t\t<div class=\"wpb_wrapper\">\n\t\t\t\t\n<div class=\"wpb_text_column wpb_content_element\" >\n\t<div class=\"wpb_wrapper\">\n\t\t<h2><span style=\"color: #339966;\">Notifica\u00e7\u00f5es do WhatsApp no Shopify<\/span><br \/>\n<span style=\"color: #339966;\">para pedidos e recupera\u00e7\u00e3o de carrinhos abandonados<\/span><\/h2>\n\t<\/div>\n<\/div>\n\n\n\n\n<div class=\"wpb_text_column wpb_content_element\" >\n\t<div class=\"wpb_wrapper\">\n\t\t<p>Enviar mensagens de recupera\u00e7\u00e3o de carrinho abandonado<br \/>\nEncomende notifica\u00e7\u00f5es via WhatsApp\/SMS para aumentar<br \/>\ninteragindo com seus clientes por meio de<br \/>\nNossa integra\u00e7\u00e3o gratuita com o SendApp.<\/p>\n\t<\/div>\n<\/div>\n\n\n\n\n\t\t\t<\/div> \n\t\t<\/div>\n\t<\/div> \n<\/div><\/div>\n\t\t<div id=\"fws_69f4493bb9cc9\"  data-column-margin=\"default\" data-midnight=\"dark\"  class=\"wpb_row vc_row-fluid vc_row full-width-section\"  style=\"padding-top: 0px; padding-bottom: 100px; \"><div class=\"row-bg-wrap\" data-bg-animation=\"none\" data-bg-animation-delay=\"\" data-bg-overlay=\"false\"><div class=\"inner-wrap row-bg-layer\" ><div class=\"row-bg viewport-desktop using-bg-color\"  style=\"background-color: #ffffff; \"><\/div><\/div><\/div><div class=\"row_col_wrap_12 col span_12 dark left\">\n\t<div  class=\"vc_col-sm-12 wpb_column column_container vc_column_container col no-extra-padding inherit_tablet inherit_phone\"  data-padding-pos=\"all\" data-has-bg-color=\"false\" data-bg-color=\"\" data-bg-opacity=\"1\" data-animation=\"\" data-delay=\"0\" >\n\t\t<div class=\"vc_column-inner\" >\n\t\t\t<div class=\"wpb_wrapper\">\n\t\t\t\t<div class=\"nectar-gradient-text\" data-direction=\"horizontal\" data-color=\"extra-color-gradient-1\" style=\"margin-top: 90px; margin-bottom: 0px; \"><h2>Instru\u00e7\u00f5es do SendApp para enviar notifica\u00e7\u00f5es com o Shopify<\/h2><\/div><div class=\"toggles\" data-br=\"\" data-starting=\"default\" data-style=\"minimal\"><div class=\"toggle default\" data-inner-wrap=\"true\"><h3 class=\"toggle-title\"><a href=\"#\" role=\"button\" class=\"toggle-heading\"><i role=\"presentation\" class=\"fa fa-plus-circle\"><\/i>Configure webhooks no Shopify para Sendapp.cloud.<\/a><\/h3><div><div class=\"inner-toggle-wrap\">\n<div class=\"wpb_text_column wpb_content_element\" >\n\t<div class=\"wpb_wrapper\">\n\t\t<h3><span id=\"Cose_un_webhook_ed_a_cosa_serve\">O que \u00e9 um webhook e para que serve?<\/span><\/h3>\n<p>Os webhooks s\u00e3o uma ferramenta necess\u00e1ria para sincronizar aplicativos e servi\u00e7os externos e executar c\u00f3digo quando um evento espec\u00edfico ocorre na loja, como a cria\u00e7\u00e3o de um novo produto ou a realiza\u00e7\u00e3o de um pedido. No caso deste guia,<strong>\u00a0O webhook \u00e9 usado para notificar a Growish Charity de que um cliente concluiu um pedido, para que o sistema de doa\u00e7\u00f5es possa ser ativado.<\/strong><\/p>\n<h3><span id=\"Come_creare_un_webhook\">Como criar um webhook<\/span><\/h3>\n<ul>\n<li>No painel de administra\u00e7\u00e3o da Shopify, acesse\u00a0<strong>Configura\u00e7\u00f5es &gt; Notifica\u00e7\u00f5es<\/strong><\/li>\n<li>Descendo a p\u00e1gina, voc\u00ea encontrar\u00e1 a se\u00e7\u00e3o\u00a0<strong>Webhooks<\/strong><\/li>\n<li>Clique em\u00a0<strong><strong>Criar um webhook<\/strong><\/strong><img loading=\"lazy\" decoding=\"async\" class=\"size-full wp-image-22813 aligncenter\" src=\"https:\/\/sendapp.live\/wp-content\/uploads\/2022\/03\/come-creare-webhook-shopify-charity-growish-1.png\" alt=\"\" width=\"894\" height=\"398\" srcset=\"https:\/\/sendapp.cloud\/wp-content\/uploads\/2022\/03\/come-creare-webhook-shopify-charity-growish-1.png 894w, https:\/\/sendapp.cloud\/wp-content\/uploads\/2022\/03\/come-creare-webhook-shopify-charity-growish-1-300x134.png 300w, https:\/\/sendapp.cloud\/wp-content\/uploads\/2022\/03\/come-creare-webhook-shopify-charity-growish-1-768x342.png 768w, https:\/\/sendapp.cloud\/wp-content\/uploads\/2022\/03\/come-creare-webhook-shopify-charity-growish-1-18x8.png 18w\" sizes=\"auto, (max-width: 894px) 100vw, 894px\" \/><br \/>\n<h3><span id=\"Elementi_di_un_webhook\">Elementos de um webhook<\/span><\/h3>\n<p>Para criar um webhook<strong>\u00a0Voc\u00ea precisa ter os seguintes itens:<\/strong><\/p>\n<ul>\n<li><strong>Evento<\/strong>\u00a0(O que precisa acontecer na loja para que o webhook seja acionado, por exemplo, um pedido conclu\u00eddo?)<\/li>\n<li><strong>Formatar<\/strong><\/li>\n<li><strong>URL<\/strong>\u00a0destino do webhook<\/li>\n<li><strong><strong>Vers\u00e3o da API<\/strong><\/strong>&nbsp;\n<p><img loading=\"lazy\" decoding=\"async\" class=\"wp-image-2289 aligncenter\" src=\"http:\/\/104.248.90.120\/wp-content\/uploads\/2020\/03\/come-creare-webhook-shopify-charity-growish-2.png\" alt=\"\" width=\"650\" height=\"409\" \/><\/li>\n<\/ul>\n<\/li>\n<\/ul>\n\t<\/div>\n<\/div>\n\n\n\n<\/div><\/div><\/div><div class=\"toggle default\" data-inner-wrap=\"true\"><h3 class=\"toggle-title\"><a href=\"#\" role=\"button\" class=\"toggle-heading\"><i role=\"presentation\" class=\"fa fa-plus-circle\"><\/i>Crie um URL de notifica\u00e7\u00e3o personalizado com Sendapp.cloud.<\/a><\/h3><div><div class=\"inner-toggle-wrap\">\n<div class=\"wpb_text_column wpb_content_element\" >\n\t<div class=\"wpb_wrapper\">\n\t\t<p>Nosso objetivo \u00e9 fornecer o m\u00e1ximo de recursos poss\u00edvel para que voc\u00ea, como propriet\u00e1rio do site, possa configurar o plugin da maneira que desejar, mantendo uma interface f\u00e1cil de entender. Mas \u00e9 sempre bom conhecer todas as op\u00e7\u00f5es.<br \/>\nO plugin est\u00e1 dividido em tr\u00eas se\u00e7\u00f5es principais: Configura\u00e7\u00e3o, Ajuda e Instala\u00e7\u00e3o.<\/p>\n<p>Contexto<br \/>\nDessa forma, voc\u00ea poder\u00e1 configurar as APIs e o Gateway do Sendapp que pretende usar para enviar mensagens do WhatsApp e SMS.<\/p>\n<p>API de nuvem do Sendapp<br \/>\nSe voc\u00ea possui o plano https:\/\/sendapp.cloud, pode criar uma inst\u00e2ncia com sua conta pessoal multissess\u00e3o do WhatsApp ou com sua conta comercial multissess\u00e3o do WhatsApp.<br \/>\nDepois de criar a inst\u00e2ncia, voc\u00ea pode copiar seu Token e seu ID de Inst\u00e2ncia para col\u00e1-lo no seu plugin WordPress Sendapp Notification<\/p>\n<p>Enviar e-mail Sendapp Connect<br \/>\nSe voc\u00ea tiver o Sendap Connect instalado no plugin do WordPress, dever\u00e1 inserir o mesmo endere\u00e7o de e-mail configurado no Sendap Connect para enviar notifica\u00e7\u00f5es.<\/p>\n<p>API de SMS do Sendapp<br \/>\nSe voc\u00ea possui o Gateway SMS da https:\/\/sms.sendapp.live, pode acessar sua CHAVE DE API para copi\u00e1-la e col\u00e1-la em seu plugin do WordPress.<\/p>\n\t<\/div>\n<\/div>\n\n\n\n<\/div><\/div><\/div><div class=\"toggle default\" data-inner-wrap=\"true\"><h3 class=\"toggle-title\"><a href=\"#\" role=\"button\" class=\"toggle-heading\"><i role=\"presentation\" class=\"fa fa-plus-circle\"><\/i>Espa\u00e7os reservados para modelo de mensagem<\/a><\/h3><div><div class=\"inner-toggle-wrap\">\n<div class=\"wpb_text_column wpb_content_element\" >\n\t<div class=\"wpb_wrapper\">\n\t\t<p>Abaixo segue uma lista de marcadores que voc\u00ea pode usar em seu modelo de mensagem.<\/p>\n<p><iframe loading=\"lazy\" src=\"https:\/\/shopify.dev\/api\/liquid\/objects\/shop#shop-phone\" width=\"100%\" height=\"400\" frameborder=\"0\"><\/iframe><\/p>\n\t<\/div>\n<\/div>\n\n\n\n<\/div><\/div><\/div><\/div>\n\n\n\n\n\n\n\n\n\n\n\n\n\n\n\n\n\n\n\n\n\t\t\t<\/div> \n\t\t<\/div>\n\t<\/div> \n<\/div><\/div>","protected":false},"excerpt":{"rendered":"Notifiche Whatsapp su Shopify per Ordini e Recupero Carrello Abbandonato Invia messaggi di recupero carrello abbandonato notifiche Ordini tramite WhatsApp\/SMS per aumentare il coinvolgimento con i tuoi clienti attraverso la...","protected":false},"author":1,"featured_media":0,"parent":0,"menu_order":0,"comment_status":"closed","ping_status":"closed","template":"","meta":{"footnotes":""},"class_list":["post-22806","page","type-page","status-publish"],"yoast_head":"<!-- This site is optimized with the Yoast SEO plugin v27.4 - https:\/\/yoast.com\/product\/yoast-seo-wordpress\/ -->\n<title>notifiche whatsapp shopify recupero carrello abbandono - SendApp<\/title>\n<meta name=\"robots\" content=\"index, follow, max-snippet:-1, max-image-preview:large, max-video-preview:-1\" \/>\n<link rel=\"canonical\" href=\"https:\/\/sendapp.cloud\/pt\/notifiche-whatsapp-shopify-recupero-carrello-abbandono\/\" \/>\n<meta property=\"og:locale\" content=\"pt_PT\" \/>\n<meta property=\"og:type\" content=\"article\" \/>\n<meta property=\"og:title\" content=\"notifiche whatsapp shopify recupero carrello abbandono - SendApp\" \/>\n<meta property=\"og:url\" content=\"https:\/\/sendapp.cloud\/pt\/notifiche-whatsapp-shopify-recupero-carrello-abbandono\/\" \/>\n<meta property=\"og:site_name\" content=\"SendApp\" \/>\n<meta property=\"og:image\" content=\"https:\/\/sendapp.live\/wp-content\/uploads\/2022\/03\/come-creare-webhook-shopify-charity-growish-1.png\" \/>\n<meta name=\"twitter:card\" content=\"summary_large_image\" \/>\n<meta name=\"twitter:label1\" content=\"Tempo estimado de leitura\" \/>\n\t<meta name=\"twitter:data1\" content=\"4 minutos\" \/>\n<script type=\"application\/ld+json\" class=\"yoast-schema-graph\">{\"@context\":\"https:\\\/\\\/schema.org\",\"@graph\":[{\"@type\":\"WebPage\",\"@id\":\"https:\\\/\\\/sendapp.cloud\\\/notifiche-whatsapp-shopify-recupero-carrello-abbandono\\\/\",\"url\":\"https:\\\/\\\/sendapp.cloud\\\/notifiche-whatsapp-shopify-recupero-carrello-abbandono\\\/\",\"name\":\"notifiche whatsapp shopify recupero carrello abbandono - SendApp\",\"isPartOf\":{\"@id\":\"https:\\\/\\\/sendapp.cloud\\\/en\\\/#website\"},\"primaryImageOfPage\":{\"@id\":\"https:\\\/\\\/sendapp.cloud\\\/notifiche-whatsapp-shopify-recupero-carrello-abbandono\\\/#primaryimage\"},\"image\":{\"@id\":\"https:\\\/\\\/sendapp.cloud\\\/notifiche-whatsapp-shopify-recupero-carrello-abbandono\\\/#primaryimage\"},\"thumbnailUrl\":\"https:\\\/\\\/sendapp.live\\\/wp-content\\\/uploads\\\/2022\\\/03\\\/come-creare-webhook-shopify-charity-growish-1.png\",\"datePublished\":\"2022-03-30T10:36:54+00:00\",\"breadcrumb\":{\"@id\":\"https:\\\/\\\/sendapp.cloud\\\/notifiche-whatsapp-shopify-recupero-carrello-abbandono\\\/#breadcrumb\"},\"inLanguage\":\"pt-PT\",\"potentialAction\":[{\"@type\":\"ReadAction\",\"target\":[\"https:\\\/\\\/sendapp.cloud\\\/notifiche-whatsapp-shopify-recupero-carrello-abbandono\\\/\"]}]},{\"@type\":\"ImageObject\",\"inLanguage\":\"pt-PT\",\"@id\":\"https:\\\/\\\/sendapp.cloud\\\/notifiche-whatsapp-shopify-recupero-carrello-abbandono\\\/#primaryimage\",\"url\":\"https:\\\/\\\/sendapp.live\\\/wp-content\\\/uploads\\\/2022\\\/03\\\/come-creare-webhook-shopify-charity-growish-1.png\",\"contentUrl\":\"https:\\\/\\\/sendapp.live\\\/wp-content\\\/uploads\\\/2022\\\/03\\\/come-creare-webhook-shopify-charity-growish-1.png\"},{\"@type\":\"BreadcrumbList\",\"@id\":\"https:\\\/\\\/sendapp.cloud\\\/notifiche-whatsapp-shopify-recupero-carrello-abbandono\\\/#breadcrumb\",\"itemListElement\":[{\"@type\":\"ListItem\",\"position\":1,\"name\":\"Home\",\"item\":\"https:\\\/\\\/sendapp.cloud\\\/\"},{\"@type\":\"ListItem\",\"position\":2,\"name\":\"notifiche whatsapp shopify recupero carrello abbandono\"}]},{\"@type\":\"WebSite\",\"@id\":\"https:\\\/\\\/sendapp.cloud\\\/en\\\/#website\",\"url\":\"https:\\\/\\\/sendapp.cloud\\\/en\\\/\",\"name\":\"SendApp\",\"description\":\"Software Whatsapp Marketing\",\"publisher\":{\"@id\":\"https:\\\/\\\/sendapp.cloud\\\/en\\\/#organization\"},\"potentialAction\":[{\"@type\":\"SearchAction\",\"target\":{\"@type\":\"EntryPoint\",\"urlTemplate\":\"https:\\\/\\\/sendapp.cloud\\\/en\\\/?s={search_term_string}\"},\"query-input\":{\"@type\":\"PropertyValueSpecification\",\"valueRequired\":true,\"valueName\":\"search_term_string\"}}],\"inLanguage\":\"pt-PT\"},{\"@type\":\"Organization\",\"@id\":\"https:\\\/\\\/sendapp.cloud\\\/en\\\/#organization\",\"name\":\"SendApp\",\"url\":\"https:\\\/\\\/sendapp.cloud\\\/en\\\/\",\"logo\":{\"@type\":\"ImageObject\",\"inLanguage\":\"pt-PT\",\"@id\":\"https:\\\/\\\/sendapp.cloud\\\/en\\\/#\\\/schema\\\/logo\\\/image\\\/\",\"url\":\"https:\\\/\\\/sendapp.cloud\\\/wp-content\\\/uploads\\\/2024\\\/11\\\/Logo-bianco.png\",\"contentUrl\":\"https:\\\/\\\/sendapp.cloud\\\/wp-content\\\/uploads\\\/2024\\\/11\\\/Logo-bianco.png\",\"width\":145,\"height\":48,\"caption\":\"SendApp\"},\"image\":{\"@id\":\"https:\\\/\\\/sendapp.cloud\\\/en\\\/#\\\/schema\\\/logo\\\/image\\\/\"}}]}<\/script>\n<!-- \/ Yoast SEO plugin. -->","yoast_head_json":{"title":"notifiche whatsapp shopify recupero carrello abbandono - SendApp","robots":{"index":"index","follow":"follow","max-snippet":"max-snippet:-1","max-image-preview":"max-image-preview:large","max-video-preview":"max-video-preview:-1"},"canonical":"https:\/\/sendapp.cloud\/pt\/notifiche-whatsapp-shopify-recupero-carrello-abbandono\/","og_locale":"pt_PT","og_type":"article","og_title":"notifiche whatsapp shopify recupero carrello abbandono - SendApp","og_url":"https:\/\/sendapp.cloud\/pt\/notifiche-whatsapp-shopify-recupero-carrello-abbandono\/","og_site_name":"SendApp","og_image":[{"url":"https:\/\/sendapp.live\/wp-content\/uploads\/2022\/03\/come-creare-webhook-shopify-charity-growish-1.png","type":"","width":"","height":""}],"twitter_card":"summary_large_image","twitter_misc":{"Tempo estimado de leitura":"4 minutos"},"schema":{"@context":"https:\/\/schema.org","@graph":[{"@type":"WebPage","@id":"https:\/\/sendapp.cloud\/notifiche-whatsapp-shopify-recupero-carrello-abbandono\/","url":"https:\/\/sendapp.cloud\/notifiche-whatsapp-shopify-recupero-carrello-abbandono\/","name":"notifiche whatsapp shopify recupero carrello abbandono - SendApp","isPartOf":{"@id":"https:\/\/sendapp.cloud\/en\/#website"},"primaryImageOfPage":{"@id":"https:\/\/sendapp.cloud\/notifiche-whatsapp-shopify-recupero-carrello-abbandono\/#primaryimage"},"image":{"@id":"https:\/\/sendapp.cloud\/notifiche-whatsapp-shopify-recupero-carrello-abbandono\/#primaryimage"},"thumbnailUrl":"https:\/\/sendapp.live\/wp-content\/uploads\/2022\/03\/come-creare-webhook-shopify-charity-growish-1.png","datePublished":"2022-03-30T10:36:54+00:00","breadcrumb":{"@id":"https:\/\/sendapp.cloud\/notifiche-whatsapp-shopify-recupero-carrello-abbandono\/#breadcrumb"},"inLanguage":"pt-PT","potentialAction":[{"@type":"ReadAction","target":["https:\/\/sendapp.cloud\/notifiche-whatsapp-shopify-recupero-carrello-abbandono\/"]}]},{"@type":"ImageObject","inLanguage":"pt-PT","@id":"https:\/\/sendapp.cloud\/notifiche-whatsapp-shopify-recupero-carrello-abbandono\/#primaryimage","url":"https:\/\/sendapp.live\/wp-content\/uploads\/2022\/03\/come-creare-webhook-shopify-charity-growish-1.png","contentUrl":"https:\/\/sendapp.live\/wp-content\/uploads\/2022\/03\/come-creare-webhook-shopify-charity-growish-1.png"},{"@type":"BreadcrumbList","@id":"https:\/\/sendapp.cloud\/notifiche-whatsapp-shopify-recupero-carrello-abbandono\/#breadcrumb","itemListElement":[{"@type":"ListItem","position":1,"name":"Home","item":"https:\/\/sendapp.cloud\/"},{"@type":"ListItem","position":2,"name":"notifiche whatsapp shopify recupero carrello abbandono"}]},{"@type":"WebSite","@id":"https:\/\/sendapp.cloud\/en\/#website","url":"https:\/\/sendapp.cloud\/en\/","name":"Enviar aplicativo","description":"Software de marketing do WhatsApp","publisher":{"@id":"https:\/\/sendapp.cloud\/en\/#organization"},"potentialAction":[{"@type":"SearchAction","target":{"@type":"EntryPoint","urlTemplate":"https:\/\/sendapp.cloud\/en\/?s={search_term_string}"},"query-input":{"@type":"PropertyValueSpecification","valueRequired":true,"valueName":"search_term_string"}}],"inLanguage":"pt-PT"},{"@type":"Organization","@id":"https:\/\/sendapp.cloud\/en\/#organization","name":"Enviar aplicativo","url":"https:\/\/sendapp.cloud\/en\/","logo":{"@type":"ImageObject","inLanguage":"pt-PT","@id":"https:\/\/sendapp.cloud\/en\/#\/schema\/logo\/image\/","url":"https:\/\/sendapp.cloud\/wp-content\/uploads\/2024\/11\/Logo-bianco.png","contentUrl":"https:\/\/sendapp.cloud\/wp-content\/uploads\/2024\/11\/Logo-bianco.png","width":145,"height":48,"caption":"SendApp"},"image":{"@id":"https:\/\/sendapp.cloud\/en\/#\/schema\/logo\/image\/"}}]}},"_links":{"self":[{"href":"https:\/\/sendapp.cloud\/pt\/wp-json\/wp\/v2\/pages\/22806","targetHints":{"allow":["GET"]}}],"collection":[{"href":"https:\/\/sendapp.cloud\/pt\/wp-json\/wp\/v2\/pages"}],"about":[{"href":"https:\/\/sendapp.cloud\/pt\/wp-json\/wp\/v2\/types\/page"}],"author":[{"embeddable":true,"href":"https:\/\/sendapp.cloud\/pt\/wp-json\/wp\/v2\/users\/1"}],"replies":[{"embeddable":true,"href":"https:\/\/sendapp.cloud\/pt\/wp-json\/wp\/v2\/comments?post=22806"}],"version-history":[{"count":0,"href":"https:\/\/sendapp.cloud\/pt\/wp-json\/wp\/v2\/pages\/22806\/revisions"}],"wp:attachment":[{"href":"https:\/\/sendapp.cloud\/pt\/wp-json\/wp\/v2\/media?parent=22806"}],"curies":[{"name":"wp","href":"https:\/\/api.w.org\/{rel}","templated":true}]}}