{"id":32237,"date":"2024-09-23T10:23:39","date_gmt":"2024-09-23T08:23:39","guid":{"rendered":"https:\/\/sendapp.live\/?page_id=32237"},"modified":"2024-09-23T10:23:39","modified_gmt":"2024-09-23T08:23:39","slug":"automatizzare-whatsapp-con-pabbly","status":"publish","type":"page","link":"https:\/\/sendapp.cloud\/it\/automatizzare-whatsapp-con-pabbly\/","title":{"rendered":"Automatizzare Whatsapp con Pabbly"},"content":{"rendered":"<p>&nbsp;<\/p>\n<h2><strong>Introduzione<\/strong><\/h2>\n<p>Automatizzare la tua comunicazione tramite <strong>WhatsApp<\/strong> utilizzando <strong>Sendapp<\/strong> e <strong>Google Sheets<\/strong> \u00e8 possibile grazie a <strong>Pabbly<\/strong>, uno strumento di automazione che semplifica i flussi di lavoro tra diverse applicazioni. In questa guida, ti mostreremo come integrare Sendapp con Google Sheets usando Pabbly per inviare automaticamente messaggi WhatsApp ogni volta che vengono aggiunti nuovi dati nel foglio di calcolo.<\/p>\n<h3><strong>Step 1: Cosa ti serve<\/strong><\/h3>\n<p>Prima di iniziare, assicurati di avere:<\/p>\n<ul>\n<li>Un account <strong>Sendapp Cloud<\/strong> attivo.<\/li>\n<\/ul>\n<p>&nbsp;<\/p>\n<p><img loading=\"lazy\" decoding=\"async\" class=\"alignnone size-full wp-image-32216\" src=\"https:\/\/sendapp.live\/wp-content\/uploads\/2024\/09\/1-copia-1.png\" alt=\"\" width=\"3454\" height=\"1893\" \/><\/p>\n<p>&nbsp;<\/p>\n<ul>\n<li>Un account <strong>Pabbly<\/strong> (puoi iscriverti su <a href=\"https:\/\/www.pabbly.com\/\" target=\"_new\" rel=\"noopener\">Pabbly<\/a>).<\/li>\n<\/ul>\n<p>&nbsp;<\/p>\n<p>&nbsp;<\/p>\n<p><img loading=\"lazy\" decoding=\"async\" class=\"alignnone size-full wp-image-32217\" src=\"https:\/\/sendapp.live\/wp-content\/uploads\/2024\/09\/2-3.png\" alt=\"\" width=\"3451\" height=\"1914\" \/><\/p>\n<p>&nbsp;<\/p>\n<ul>\n<li>Accesso a <strong>Google Sheets<\/strong> con il plugin per l\u2019integrazione Pabbly installato.<\/li>\n<\/ul>\n<p>&nbsp;<\/p>\n<h3><strong><img loading=\"lazy\" decoding=\"async\" class=\"alignnone size-full wp-image-32218\" src=\"https:\/\/sendapp.live\/wp-content\/uploads\/2024\/09\/3-copia.png\" alt=\"\" width=\"3453\" height=\"1914\" \/><\/strong><\/h3>\n<h3><\/h3>\n<h3><strong>Step 2: Installare l\u2019Integrazione Pabbly nel Foglio di Google<\/strong><\/h3>\n<ul>\n<li>Apri <strong>Google Sheets<\/strong> e vai su <strong>Estensioni &gt; Aggiungi Componenti Aggiuntivi<\/strong>.<\/li>\n<\/ul>\n<p>&nbsp;<\/p>\n<p><img loading=\"lazy\" decoding=\"async\" class=\"alignnone size-full wp-image-32219\" src=\"https:\/\/sendapp.live\/wp-content\/uploads\/2024\/09\/10-2.png\" alt=\"\" width=\"3449\" height=\"1914\" \/><\/p>\n<p>&nbsp;<\/p>\n<ul>\n<li>Cerca e installa il componente aggiuntivo <strong>Pabbly Connect<\/strong>.<\/li>\n<\/ul>\n<p>&nbsp;<\/p>\n<p><img loading=\"lazy\" decoding=\"async\" class=\"alignnone size-full wp-image-32220\" src=\"https:\/\/sendapp.live\/wp-content\/uploads\/2024\/09\/9-3.png\" alt=\"\" width=\"3446\" height=\"1912\" \/><\/p>\n<p>&nbsp;<\/p>\n<ul>\n<li>Copia il Webhook che fornir\u00e0 Pabbly, e seleziona la colonna Trigger<\/li>\n<\/ul>\n<h3><strong><img loading=\"lazy\" decoding=\"async\" class=\"alignnone size-full wp-image-32221\" src=\"https:\/\/sendapp.live\/wp-content\/uploads\/2024\/09\/11-3.png\" alt=\"\" width=\"3451\" height=\"1913\" \/><\/strong><\/h3>\n<h3><\/h3>\n<h3><strong>Step 3: Creare un Account Pabbly e Configurare il Workflow<\/strong><\/h3>\n<ul>\n<li>Accedi o registrati al tuo account <strong>Pabbly<\/strong> su <a href=\"https:\/\/www.pabbly.com\/\" target=\"_new\" rel=\"noopener\">pabbly.com<\/a>.<\/li>\n<\/ul>\n<p>&nbsp;<\/p>\n<p><img loading=\"lazy\" decoding=\"async\" class=\"alignnone size-full wp-image-32223\" src=\"https:\/\/sendapp.live\/wp-content\/uploads\/2024\/09\/4-3.png\" alt=\"\" width=\"3449\" height=\"1908\" \/><\/p>\n<p>&nbsp;<\/p>\n<ul>\n<li>Clicca su <strong>Create Workflow<\/strong> per creare un nuovo flusso di lavoro.<\/li>\n<\/ul>\n<p>&nbsp;<\/p>\n<p>&nbsp;<\/p>\n<p><img loading=\"lazy\" decoding=\"async\" class=\"alignnone size-full wp-image-32224\" src=\"https:\/\/sendapp.live\/wp-content\/uploads\/2024\/09\/5-2.png\" alt=\"\" width=\"3449\" height=\"1806\" \/><\/p>\n<p>&nbsp;<\/p>\n<ul>\n<li>Dai un nome al tuo workflow, ad esempio <strong>&#8220;Sendapp to Google Sheets Automation&#8221;<\/strong>.<\/li>\n<\/ul>\n<h3><strong>Step 4: Configurare il Trigger in Pabbly<\/strong><\/h3>\n<ul>\n<li>Nel Workflow appena creato, seleziona <strong>Google Sheets<\/strong> come Trigger App.<\/li>\n<\/ul>\n<p>&nbsp;<\/p>\n<p>&nbsp;<\/p>\n<p><img loading=\"lazy\" decoding=\"async\" class=\"alignnone size-full wp-image-32225\" src=\"https:\/\/sendapp.live\/wp-content\/uploads\/2024\/09\/6-1.png\" alt=\"\" width=\"3448\" height=\"1798\" \/><\/p>\n<p>&nbsp;<\/p>\n<ul>\n<li>Scegli il trigger <strong>&#8220;New Spreadsheet Row&#8221;<\/strong>, che si attiver\u00e0 quando viene aggiunta una nuova riga al tuo foglio di Google.<\/li>\n<\/ul>\n<p>&nbsp;<\/p>\n<p><img loading=\"lazy\" decoding=\"async\" class=\"alignnone size-full wp-image-32226\" src=\"https:\/\/sendapp.live\/wp-content\/uploads\/2024\/09\/7-2.png\" alt=\"\" width=\"3449\" height=\"1800\" \/><\/p>\n<p>&nbsp;<\/p>\n<ul>\n<li>Pabbly ti fornir\u00e0 un <strong>Webhook URL<\/strong>. Copia questo URL nell&#8217;estensione che hai scaricato nel foglio di Google<\/li>\n<\/ul>\n<p>&nbsp;<\/p>\n<h3><strong>Step 5: Aggiungere il Webhook al Foglio di Google<\/strong><\/h3>\n<ul>\n<li>Torna su <strong>Google Sheets<\/strong>, vai su <strong>Estensioni &gt; Pabbly Connect<\/strong>.<\/li>\n<li>Incolla il <strong>Webhook URL<\/strong> fornito da Pabbly nella configurazione del foglio di Google.<\/li>\n<li>Salva e chiudi la configurazione. Ogni nuova riga inserita nel foglio invier\u00e0 i dati al webhook di Pabbly.<\/li>\n<\/ul>\n<h3><strong><img loading=\"lazy\" decoding=\"async\" class=\"alignnone size-full wp-image-32227\" src=\"https:\/\/sendapp.live\/wp-content\/uploads\/2024\/09\/11-4.png\" alt=\"\" width=\"3451\" height=\"1913\" \/><\/strong><\/h3>\n<h3><\/h3>\n<h3><strong>Step 6: Effettuare il Test di Invio<\/strong><\/h3>\n<ul>\n<li>Aggiungi una nuova riga nel foglio di Google con i dati da inviare tramite Sendapp (es. numero di telefono, messaggio, ecc.).<\/li>\n<li>Vai su Pabbly e clicca su <strong>Test Webhook<\/strong> per assicurarti che i dati vengano ricevuti correttamente.<\/li>\n<\/ul>\n<h3><strong>Step 7: Aggiungere Sendapp come Action nel Workflow<\/strong><\/h3>\n<ul>\n<li>Dopo aver configurato il trigger, clicca su Add Action e seleziona Sendapp come Action <strong>App.<\/strong><\/li>\n<\/ul>\n<p>&nbsp;<\/p>\n<p><strong><img loading=\"lazy\" decoding=\"async\" class=\"alignnone size-full wp-image-32229\" src=\"https:\/\/sendapp.live\/wp-content\/uploads\/2024\/09\/12-3.png\" alt=\"\" width=\"3447\" height=\"1912\" \/><\/strong><\/p>\n<p>&nbsp;<\/p>\n<ul>\n<li><strong>Collega il tuo account Sendapp inserendo l&#8217;Access Token e l&#8217;Instance ID, che p<\/strong>uoi ottenere dal tuo profilo Sendapp scansionando il <strong>QR Code<\/strong> con l&#8217;app WhatsApp.<\/li>\n<\/ul>\n<h3><strong><img loading=\"lazy\" decoding=\"async\" class=\"alignnone size-full wp-image-32230\" src=\"https:\/\/sendapp.live\/wp-content\/uploads\/2024\/09\/13-2.png\" alt=\"\" width=\"3449\" height=\"1921\" \/><\/strong><\/h3>\n<h3><\/h3>\n<h3><strong><img loading=\"lazy\" decoding=\"async\" class=\"alignnone size-full wp-image-32231\" src=\"https:\/\/sendapp.live\/wp-content\/uploads\/2024\/09\/14-2.png\" alt=\"\" width=\"3449\" height=\"1919\" \/><\/strong><\/h3>\n<h3><\/h3>\n<p><img loading=\"lazy\" decoding=\"async\" class=\"alignnone size-full wp-image-32232\" src=\"https:\/\/sendapp.live\/wp-content\/uploads\/2024\/09\/15-3.png\" alt=\"\" width=\"3453\" height=\"1917\" \/><\/p>\n<h3><strong>Step 8: Configurare i Dettagli dell\u2019Azione Sendapp<\/strong><\/h3>\n<ul>\n<li>Nel campo Phone Number, seleziona il numero di telefono proveniente dal foglio di Google.<\/li>\n<li>Imposta Message Type su Text.<\/li>\n<li>Struttura il messaggio personalizzato utilizzando i campi presenti nel foglio d<strong>i <\/strong>Google, come nome e altre informazioni specifiche.<\/li>\n<li>Clicca su <strong>Save &amp; Send Test Request<\/strong> per testare l&#8217;invio del messaggio.<\/li>\n<\/ul>\n<p>&nbsp;<\/p>\n<h3><strong><img loading=\"lazy\" decoding=\"async\" class=\"alignnone size-full wp-image-32233\" src=\"https:\/\/sendapp.live\/wp-content\/uploads\/2024\/09\/16-1.png\" alt=\"\" width=\"3447\" height=\"1919\" \/><\/strong><\/h3>\n<h3><\/h3>\n<h3><strong>Step 9: Attivare il Workflow<\/strong><\/h3>\n<ol>\n<li><strong>Se il test ha successo, clicca su Save e poi su Enable Workflow.<\/strong><\/li>\n<li><strong>Da questo momento in poi, ogni volta che aggiungi una nuova riga nel foglio di Go<\/strong>ogle, Sendapp invier\u00e0 automaticamente un messaggio WhatsApp al destinatario.<\/li>\n<\/ol>\n<p>&nbsp;<\/p>\n<p><img loading=\"lazy\" decoding=\"async\" class=\"alignnone size-full wp-image-32234\" src=\"https:\/\/sendapp.live\/wp-content\/uploads\/2024\/09\/17-1.png\" alt=\"\" width=\"3448\" height=\"1796\" \/><\/p>\n<h3><strong>Conclusione<\/strong><\/h3>\n<p>Collegare <strong>Sendapp<\/strong> a <strong>Google Sheets<\/strong> tramite <strong>Pabbly<\/strong> ti permette di automatizzare la tua comunicazione su WhatsApp senza sforzi manuali. Questo flusso di lavoro \u00e8 perfetto per gestire in modo efficiente la tua lista di contatti e inviare messaggi personalizzati con facilit\u00e0. Segui questi semplici passaggi per iniziare e scopri quanto pu\u00f2 essere utile questa automazione nel tuo business!<\/p>\n","protected":false},"excerpt":{"rendered":"<p>&nbsp; Introduzione Automatizzare la tua comunicazione tramite WhatsApp utilizzando Sendapp e Google Sheets \u00e8 possibile grazie a Pabbly, uno strumento di automazione che semplifica i flussi di lavoro tra diverse&#8230;<\/p>\n","protected":false},"author":1,"featured_media":32235,"parent":0,"menu_order":0,"comment_status":"closed","ping_status":"closed","template":"","meta":{"footnotes":""},"class_list":["post-32237","page","type-page","status-publish","has-post-thumbnail"],"yoast_head":"<!-- This site is optimized with the Yoast SEO plugin v27.4 - https:\/\/yoast.com\/product\/yoast-seo-wordpress\/ -->\n<title>Automatizzare Whatsapp con Pabbly<\/title>\n<meta name=\"description\" content=\"Automatizzare la tua comunicazione tramite WhatsApp utilizzando Sendapp e Google Sheets \u00e8 possibile grazie a Pabbly, uno strumento...\" \/>\n<meta name=\"robots\" content=\"index, follow, max-snippet:-1, max-image-preview:large, max-video-preview:-1\" \/>\n<link rel=\"canonical\" href=\"https:\/\/sendapp.cloud\/it\/automatizzare-whatsapp-con-pabbly\/\" \/>\n<meta property=\"og:locale\" content=\"it_IT\" \/>\n<meta property=\"og:type\" content=\"article\" \/>\n<meta property=\"og:title\" content=\"Automatizzare Whatsapp con Pabbly\" \/>\n<meta property=\"og:description\" content=\"Automatizzare la tua comunicazione tramite WhatsApp utilizzando Sendapp e Google Sheets \u00e8 possibile grazie a Pabbly, uno strumento...\" \/>\n<meta property=\"og:url\" content=\"https:\/\/sendapp.cloud\/it\/automatizzare-whatsapp-con-pabbly\/\" \/>\n<meta property=\"og:site_name\" content=\"SendApp\" \/>\n<meta name=\"twitter:card\" content=\"summary_large_image\" \/>\n<meta name=\"twitter:label1\" content=\"Tempo di lettura stimato\" \/>\n\t<meta name=\"twitter:data1\" content=\"1 minuto\" \/>\n<script type=\"application\/ld+json\" class=\"yoast-schema-graph\">{\"@context\":\"https:\\\/\\\/schema.org\",\"@graph\":[{\"@type\":\"WebPage\",\"@id\":\"https:\\\/\\\/sendapp.cloud\\\/automatizzare-whatsapp-con-pabbly\\\/\",\"url\":\"https:\\\/\\\/sendapp.cloud\\\/automatizzare-whatsapp-con-pabbly\\\/\",\"name\":\"Automatizzare Whatsapp con Pabbly\",\"isPartOf\":{\"@id\":\"https:\\\/\\\/sendapp.cloud\\\/en\\\/#website\"},\"primaryImageOfPage\":{\"@id\":\"https:\\\/\\\/sendapp.cloud\\\/automatizzare-whatsapp-con-pabbly\\\/#primaryimage\"},\"image\":{\"@id\":\"https:\\\/\\\/sendapp.cloud\\\/automatizzare-whatsapp-con-pabbly\\\/#primaryimage\"},\"thumbnailUrl\":\"\",\"datePublished\":\"2024-09-23T08:23:39+00:00\",\"description\":\"Automatizzare la tua comunicazione tramite WhatsApp utilizzando Sendapp e Google Sheets \u00e8 possibile grazie a Pabbly, uno strumento...\",\"breadcrumb\":{\"@id\":\"https:\\\/\\\/sendapp.cloud\\\/automatizzare-whatsapp-con-pabbly\\\/#breadcrumb\"},\"inLanguage\":\"it-IT\",\"potentialAction\":[{\"@type\":\"ReadAction\",\"target\":[\"https:\\\/\\\/sendapp.cloud\\\/automatizzare-whatsapp-con-pabbly\\\/\"]}]},{\"@type\":\"ImageObject\",\"inLanguage\":\"it-IT\",\"@id\":\"https:\\\/\\\/sendapp.cloud\\\/automatizzare-whatsapp-con-pabbly\\\/#primaryimage\",\"url\":\"\",\"contentUrl\":\"\"},{\"@type\":\"BreadcrumbList\",\"@id\":\"https:\\\/\\\/sendapp.cloud\\\/automatizzare-whatsapp-con-pabbly\\\/#breadcrumb\",\"itemListElement\":[{\"@type\":\"ListItem\",\"position\":1,\"name\":\"Home\",\"item\":\"https:\\\/\\\/sendapp.cloud\\\/\"},{\"@type\":\"ListItem\",\"position\":2,\"name\":\"Automatizzare Whatsapp con Pabbly\"}]},{\"@type\":\"WebSite\",\"@id\":\"https:\\\/\\\/sendapp.cloud\\\/en\\\/#website\",\"url\":\"https:\\\/\\\/sendapp.cloud\\\/en\\\/\",\"name\":\"SendApp\",\"description\":\"Software Whatsapp Marketing\",\"publisher\":{\"@id\":\"https:\\\/\\\/sendapp.cloud\\\/en\\\/#organization\"},\"potentialAction\":[{\"@type\":\"SearchAction\",\"target\":{\"@type\":\"EntryPoint\",\"urlTemplate\":\"https:\\\/\\\/sendapp.cloud\\\/en\\\/?s={search_term_string}\"},\"query-input\":{\"@type\":\"PropertyValueSpecification\",\"valueRequired\":true,\"valueName\":\"search_term_string\"}}],\"inLanguage\":\"it-IT\"},{\"@type\":\"Organization\",\"@id\":\"https:\\\/\\\/sendapp.cloud\\\/en\\\/#organization\",\"name\":\"SendApp\",\"url\":\"https:\\\/\\\/sendapp.cloud\\\/en\\\/\",\"logo\":{\"@type\":\"ImageObject\",\"inLanguage\":\"it-IT\",\"@id\":\"https:\\\/\\\/sendapp.cloud\\\/en\\\/#\\\/schema\\\/logo\\\/image\\\/\",\"url\":\"https:\\\/\\\/sendapp.cloud\\\/wp-content\\\/uploads\\\/2024\\\/11\\\/Logo-bianco.png\",\"contentUrl\":\"https:\\\/\\\/sendapp.cloud\\\/wp-content\\\/uploads\\\/2024\\\/11\\\/Logo-bianco.png\",\"width\":145,\"height\":48,\"caption\":\"SendApp\"},\"image\":{\"@id\":\"https:\\\/\\\/sendapp.cloud\\\/en\\\/#\\\/schema\\\/logo\\\/image\\\/\"}}]}<\/script>\n<!-- \/ Yoast SEO plugin. -->","yoast_head_json":{"title":"Automatizzare Whatsapp con Pabbly","description":"Automatizzare la tua comunicazione tramite WhatsApp utilizzando Sendapp e Google Sheets \u00e8 possibile grazie a Pabbly, uno strumento...","robots":{"index":"index","follow":"follow","max-snippet":"max-snippet:-1","max-image-preview":"max-image-preview:large","max-video-preview":"max-video-preview:-1"},"canonical":"https:\/\/sendapp.cloud\/it\/automatizzare-whatsapp-con-pabbly\/","og_locale":"it_IT","og_type":"article","og_title":"Automatizzare Whatsapp con Pabbly","og_description":"Automatizzare la tua comunicazione tramite WhatsApp utilizzando Sendapp e Google Sheets \u00e8 possibile grazie a Pabbly, uno strumento...","og_url":"https:\/\/sendapp.cloud\/it\/automatizzare-whatsapp-con-pabbly\/","og_site_name":"SendApp","twitter_card":"summary_large_image","twitter_misc":{"Tempo di lettura stimato":"1 minuto"},"schema":{"@context":"https:\/\/schema.org","@graph":[{"@type":"WebPage","@id":"https:\/\/sendapp.cloud\/automatizzare-whatsapp-con-pabbly\/","url":"https:\/\/sendapp.cloud\/automatizzare-whatsapp-con-pabbly\/","name":"Automatizzare Whatsapp con Pabbly","isPartOf":{"@id":"https:\/\/sendapp.cloud\/en\/#website"},"primaryImageOfPage":{"@id":"https:\/\/sendapp.cloud\/automatizzare-whatsapp-con-pabbly\/#primaryimage"},"image":{"@id":"https:\/\/sendapp.cloud\/automatizzare-whatsapp-con-pabbly\/#primaryimage"},"thumbnailUrl":"","datePublished":"2024-09-23T08:23:39+00:00","description":"Automatizzare la tua comunicazione tramite WhatsApp utilizzando Sendapp e Google Sheets \u00e8 possibile grazie a Pabbly, uno strumento...","breadcrumb":{"@id":"https:\/\/sendapp.cloud\/automatizzare-whatsapp-con-pabbly\/#breadcrumb"},"inLanguage":"it-IT","potentialAction":[{"@type":"ReadAction","target":["https:\/\/sendapp.cloud\/automatizzare-whatsapp-con-pabbly\/"]}]},{"@type":"ImageObject","inLanguage":"it-IT","@id":"https:\/\/sendapp.cloud\/automatizzare-whatsapp-con-pabbly\/#primaryimage","url":"","contentUrl":""},{"@type":"BreadcrumbList","@id":"https:\/\/sendapp.cloud\/automatizzare-whatsapp-con-pabbly\/#breadcrumb","itemListElement":[{"@type":"ListItem","position":1,"name":"Home","item":"https:\/\/sendapp.cloud\/"},{"@type":"ListItem","position":2,"name":"Automatizzare Whatsapp con Pabbly"}]},{"@type":"WebSite","@id":"https:\/\/sendapp.cloud\/en\/#website","url":"https:\/\/sendapp.cloud\/en\/","name":"SendApp","description":"Software Whatsapp Marketing","publisher":{"@id":"https:\/\/sendapp.cloud\/en\/#organization"},"potentialAction":[{"@type":"SearchAction","target":{"@type":"EntryPoint","urlTemplate":"https:\/\/sendapp.cloud\/en\/?s={search_term_string}"},"query-input":{"@type":"PropertyValueSpecification","valueRequired":true,"valueName":"search_term_string"}}],"inLanguage":"it-IT"},{"@type":"Organization","@id":"https:\/\/sendapp.cloud\/en\/#organization","name":"SendApp","url":"https:\/\/sendapp.cloud\/en\/","logo":{"@type":"ImageObject","inLanguage":"it-IT","@id":"https:\/\/sendapp.cloud\/en\/#\/schema\/logo\/image\/","url":"https:\/\/sendapp.cloud\/wp-content\/uploads\/2024\/11\/Logo-bianco.png","contentUrl":"https:\/\/sendapp.cloud\/wp-content\/uploads\/2024\/11\/Logo-bianco.png","width":145,"height":48,"caption":"SendApp"},"image":{"@id":"https:\/\/sendapp.cloud\/en\/#\/schema\/logo\/image\/"}}]}},"_links":{"self":[{"href":"https:\/\/sendapp.cloud\/it\/wp-json\/wp\/v2\/pages\/32237","targetHints":{"allow":["GET"]}}],"collection":[{"href":"https:\/\/sendapp.cloud\/it\/wp-json\/wp\/v2\/pages"}],"about":[{"href":"https:\/\/sendapp.cloud\/it\/wp-json\/wp\/v2\/types\/page"}],"author":[{"embeddable":true,"href":"https:\/\/sendapp.cloud\/it\/wp-json\/wp\/v2\/users\/1"}],"replies":[{"embeddable":true,"href":"https:\/\/sendapp.cloud\/it\/wp-json\/wp\/v2\/comments?post=32237"}],"version-history":[{"count":0,"href":"https:\/\/sendapp.cloud\/it\/wp-json\/wp\/v2\/pages\/32237\/revisions"}],"wp:featuredmedia":[{"embeddable":true,"href":"https:\/\/sendapp.cloud\/it\/wp-json\/"}],"wp:attachment":[{"href":"https:\/\/sendapp.cloud\/it\/wp-json\/wp\/v2\/media?parent=32237"}],"curies":[{"name":"wp","href":"https:\/\/api.w.org\/{rel}","templated":true}]}}