{"id":26843,"date":"2016-07-26T19:13:56","date_gmt":"2016-07-26T19:13:56","guid":{"rendered":"http:\/\/themenectar.com\/demo\/salient-service\/?page_id=103"},"modified":"2016-07-26T19:13:56","modified_gmt":"2016-07-26T19:13:56","slug":"funzioni","status":"publish","type":"page","link":"https:\/\/sendapp.cloud\/it\/funzioni\/","title":{"rendered":"Funzioni"},"content":{"rendered":"\n\t\t<div id=\"fws_69f19ac4bdd7c\"  data-column-margin=\"default\" data-midnight=\"dark\"  class=\"wpb_row vc_row-fluid vc_row full-width-section\"  style=\"padding-top: 0px; padding-bottom: 100px; \"><div class=\"row-bg-wrap\" data-bg-animation=\"none\" data-bg-animation-delay=\"\" data-bg-overlay=\"false\"><div class=\"inner-wrap row-bg-layer\" ><div class=\"row-bg viewport-desktop using-bg-color\"  style=\"background-color: #ffffff; \"><\/div><\/div><\/div><div class=\"row_col_wrap_12 col span_12 dark left\">\n\t<div  class=\"vc_col-sm-2 wpb_column column_container vc_column_container col no-extra-padding inherit_tablet inherit_phone \"  data-padding-pos=\"all\" data-has-bg-color=\"false\" data-bg-color=\"\" data-bg-opacity=\"1\" data-animation=\"\" data-delay=\"0\" >\n\t\t<div class=\"vc_column-inner\" >\n\t\t\t<div class=\"wpb_wrapper\">\n\t\t\t\t\n\t\t\t<\/div> \n\t\t<\/div>\n\t<\/div> \n\n\t<div  class=\"vc_col-sm-8 wpb_column column_container vc_column_container col no-extra-padding inherit_tablet inherit_phone \"  data-padding-pos=\"all\" data-has-bg-color=\"false\" data-bg-color=\"\" data-bg-opacity=\"1\" data-animation=\"\" data-delay=\"0\" >\n\t\t<div class=\"vc_column-inner\" >\n\t\t\t<div class=\"wpb_wrapper\">\n\t\t\t\t<div class=\"nectar-gradient-text\" data-direction=\"horizontal\" data-color=\"extra-color-gradient-1\" style=\"margin-top: 90px; margin-bottom: 0px; \"><h2>Domande Frequenti...<\/h2><\/div><div class=\"toggles \" data-br=\"\" data-starting=\"default\" data-style=\"minimal\"><div class=\"toggle default\" data-inner-wrap=\"true\"><h3 class=\"toggle-title\"><a href=\"#\" role=\"button\" class=\"toggle-heading\"><i role=\"presentation\" class=\"fa fa-plus-circle\"><\/i>Posso Utilizzare SendApp con diversi Numeri di Telefono?<\/a><\/h3><div><div class=\"inner-toggle-wrap\">\n<div class=\"wpb_text_column wpb_content_element \" >\n\t<div class=\"wpb_wrapper\">\n\t\t<p>Si. Il nostro software pu\u00f2 essere connesso a qualsiasi dispositivo mobile grazie al QR code. Abbiamo previsto questa modalit\u00e0 per darti la possibilit\u00e0 di fare marketing con pi\u00f9 numeri telefonici.<\/p>\n\t<\/div>\n<\/div>\n\n\n\n<\/div><\/div><\/div><div class=\"toggle default\" data-inner-wrap=\"true\"><h3 class=\"toggle-title\"><a href=\"#\" role=\"button\" class=\"toggle-heading\"><i role=\"presentation\" class=\"fa fa-plus-circle\"><\/i>Una volta Acquistata una Licenza ci sono altri Pagamenti?<\/a><\/h3><div><div class=\"inner-toggle-wrap\">\n<div class=\"wpb_text_column wpb_content_element \" >\n\t<div class=\"wpb_wrapper\">\n\t\t<p>No, la nostra licenza \u00e8 Lifetime, una volta acquistata sar\u00e0 per sempre tua e potrai spostare la tua licenza su qualsiasi computer.<\/p>\n\t<\/div>\n<\/div>\n\n\n\n<\/div><\/div><\/div><div class=\"toggle default\" data-inner-wrap=\"true\"><h3 class=\"toggle-title\"><a href=\"#\" role=\"button\" class=\"toggle-heading\"><i role=\"presentation\" class=\"fa fa-plus-circle\"><\/i>Posso collegare la rubrica del mio telefono a Sendapp?<\/a><\/h3><div><div class=\"inner-toggle-wrap\">\n<div class=\"wpb_text_column wpb_content_element \" >\n\t<div class=\"wpb_wrapper\">\n\t\t<p>Si. \u00c8 possibile importare qualunque file csv, txt nella tua rubrica di Sendapp. L&#8217;importante \u00e8 che rispetti i canoni della rubrica. Prefisso, Numero telefonico, ed eventuali tag1, tag2, tag3 per la personalizzazione del messaggio.<\/p>\n\t<\/div>\n<\/div>\n\n\n\n<\/div><\/div><\/div><div class=\"toggle default\" data-inner-wrap=\"true\"><h3 class=\"toggle-title\"><a href=\"#\" role=\"button\" class=\"toggle-heading\"><i role=\"presentation\" class=\"fa fa-plus-circle\"><\/i>Quanti messaggi posso inviare con Sendapp?<\/a><\/h3><div><div class=\"inner-toggle-wrap\">\n<div class=\"wpb_text_column wpb_content_element \" >\n\t<div class=\"wpb_wrapper\">\n\t\t<p>Non c&#8217;\u00e8 limite ai messaggi che puoi inviare con Sendapp Business. La versione di Sendapp Professional ha il limite di 200 messaggi automatici. Il tempo di invio di un messaggio varia a seconda delle prestazioni della connessione.<\/p>\n<p>Sendapp \u00e9 un Software per PC e MAC definito STAND ALONE, Tutti i dati verranno memorizzati esclusivamente sul computer in uso senza mai essere trasmessi o raggiungibili da nostri (e\/o da terzi) server o altri sistemi online, Sendapp non ha pertanto accesso e\/o responsabilit\u00e0 di alcun tipo sui tuoi dati .<\/p>\n\t<\/div>\n<\/div>\n\n\n\n<\/div><\/div><\/div><div class=\"toggle default\" data-inner-wrap=\"true\"><h3 class=\"toggle-title\"><a href=\"#\" role=\"button\" class=\"toggle-heading\"><i role=\"presentation\" class=\"fa fa-plus-circle\"><\/i>Posso iviare un messaggio a un numero non registrato sul mio SmartPhone?<\/a><\/h3><div><div class=\"inner-toggle-wrap\">\n<div class=\"wpb_text_column wpb_content_element \" >\n\t<div class=\"wpb_wrapper\">\n\t\t<p>Si. Con Sendapp sar\u00e0 possibile inviare messaggi a chiunque anche a numeri non registrati nella nostra rubrica di app di messaggistica o che non hanno registrato il nostro numero nella loro rubrica.<\/p>\n<p><strong>Nota bene:<\/strong> Contattando per primi persone che non vogliono ricevere i messaggi o che non ci conoscono o che non hanno mai avuto una conversazione con il nostro account o che non si ricordano di noi ecc&#8230; <strong>C&#8217;\u00e8 il rischio di essere segnalati dai nostri utenti e quindi essere bannati dal whatsapp!<\/strong><\/p>\n<p>Se generi un pulsante, rispettando le norme GDPR, che inserirai sul tuo sito o fonte di traffico e magari aggiungendo i FollowUp&#8230;<br \/>\nNon avrai nessun rischio e il risultato sar\u00e0 sorprendente!<\/p>\n\t<\/div>\n<\/div>\n\n\n\n<\/div><\/div><\/div><div class=\"toggle default\" data-inner-wrap=\"true\"><h3 class=\"toggle-title\"><a href=\"#\" role=\"button\" class=\"toggle-heading\"><i role=\"presentation\" class=\"fa fa-plus-circle\"><\/i>Posso usare il mio computer durante l'esecuzione di Sendapp?<\/a><\/h3><div><div class=\"inner-toggle-wrap\">\n<div class=\"wpb_text_column wpb_content_element \" >\n\t<div class=\"wpb_wrapper\">\n\t\t<p>Si. Tutti i processi di Sendapp sono in background, quindi potrai usare il tuo ccomputer normalmente e il nostro software e si occuper\u00e0 di automatizzare il tuo marketing!<\/p>\n\t<\/div>\n<\/div>\n\n\n\n<\/div><\/div><\/div><div class=\"toggle default\" data-inner-wrap=\"true\"><h3 class=\"toggle-title\"><a href=\"#\" role=\"button\" class=\"toggle-heading\"><i role=\"presentation\" class=\"fa fa-plus-circle\"><\/i>Posso usare WhatsApp sul mio SmartPhone durante l'esecuzione di Sendapp?<\/a><\/h3><div><div class=\"inner-toggle-wrap\">\n<div class=\"wpb_text_column wpb_content_element \" >\n\t<div class=\"wpb_wrapper\">\n\t\t<p class=\"rteBlock\">Si. Sendapp utilizza l&#8217;interfaccia web di app di messaggistica quindi potrai continuare ad utilizzare il tuo smartphone mentre il nostro software e si occuper\u00e0 di fare il lavoro per te.<\/p>\n<p class=\"rteBlock\"><strong>Nota Bene:<\/strong> Per il corretto funzionamento di Sendapp il tuo Smartphone e il tuo computer devono avere una connessione internet.<\/p>\n\t<\/div>\n<\/div>\n\n\n\n<\/div><\/div><\/div><div class=\"toggle default\" data-inner-wrap=\"true\"><h3 class=\"toggle-title\"><a href=\"#\" role=\"button\" class=\"toggle-heading\"><i role=\"presentation\" class=\"fa fa-plus-circle\"><\/i>Se Whatsapp banna il mio numero telefonico posso continuare ad usare SendApp?<\/a><\/h3><div><div class=\"inner-toggle-wrap\">\n<div class=\"wpb_text_column wpb_content_element \" >\n\t<div class=\"wpb_wrapper\">\n\t\t<p class=\"rteBlock\">Si. Se vieni bannato da app di messaggistica probabilmente \u00e8 perch\u00e9 stai utilizzando in maniera scorretta il nostro software.<br \/>\nTuttavia hai la possibilit\u00e0 di collegare Sendapp ad un&#8217;altro numero telefonico attraverso il QR code di app di messaggistica, continuando a fare marketing con il nostro software in modo corretto.<\/p>\n\t<\/div>\n<\/div>\n\n\n\n<\/div><\/div><\/div><\/div>\n\n\n\n\n\n\n\n\n\n\n\n\n\n\n\n\n\n\n\n<div class=\"nectar-gradient-text\" data-direction=\"horizontal\" data-color=\"extra-color-gradient-1\" style=\"margin-top: 90px; margin-bottom: 0px; \"><h2>Funzionalit\u00e0 Sendapp<\/h2><\/div><div class=\"toggles \" data-br=\"\" data-starting=\"default\" data-style=\"minimal\"><div class=\"toggle default\" data-inner-wrap=\"true\"><h3 class=\"toggle-title\"><a href=\"#\" role=\"button\" class=\"toggle-heading\"><i role=\"presentation\" class=\"fa fa-plus-circle\"><\/i>Requisiti Minimi<\/a><\/h3><div><div class=\"inner-toggle-wrap\">\n<div class=\"wpb_text_column wpb_content_element \" >\n\t<div class=\"wpb_wrapper\">\n\t\t<p>Un computer Windows 8 64bit o superiore o un Mac OSX 10.16 o superiore , un account app di messaggistica, risoluzione schermo consigliata 1360*768<br \/>\n500Mb di spazio sul disco, 4GB ram,\u00a0 una buona connessione internet.<\/p>\n\t<\/div>\n<\/div>\n\n\n\n<\/div><\/div><\/div><\/div>\n\n\n\n\n\n\n\n\n\n\n\n\n\n\n\n\n\n\n\n\n\t\t\t<\/div> \n\t\t<\/div>\n\t<\/div> \n\n\t<div  class=\"vc_col-sm-2 wpb_column column_container vc_column_container col no-extra-padding inherit_tablet inherit_phone \"  data-padding-pos=\"all\" data-has-bg-color=\"false\" data-bg-color=\"\" data-bg-opacity=\"1\" data-animation=\"\" data-delay=\"0\" >\n\t\t<div class=\"vc_column-inner\" >\n\t\t\t<div class=\"wpb_wrapper\">\n\t\t\t\t\n\t\t\t<\/div> \n\t\t<\/div>\n\t<\/div> \n<\/div><\/div>\n","protected":false},"excerpt":{"rendered":"Domande Frequenti...Posso Utilizzare SendApp con diversi Numeri di Telefono? Si. Il nostro software pu\u00f2 essere connesso a qualsiasi dispositivo mobile grazie al QR code. Abbiamo previsto questa modalit\u00e0 per darti...","protected":false},"author":1,"featured_media":0,"parent":0,"menu_order":0,"comment_status":"closed","ping_status":"open","template":"","meta":{"footnotes":""},"class_list":["post-26843","page","type-page","status-publish"],"yoast_head":"<!-- This site is optimized with the Yoast SEO plugin v27.4 - https:\/\/yoast.com\/product\/yoast-seo-wordpress\/ -->\n<title>Funzioni massive sending message campaign with whatsapp- SendApp<\/title>\n<meta name=\"description\" content=\"Funzioni - sendapp massive sending text, image, video message campaign with whatsapp to everybody, get sending report, programm next sendings, funzioni send\" \/>\n<meta name=\"robots\" content=\"index, follow, max-snippet:-1, max-image-preview:large, max-video-preview:-1\" \/>\n<link rel=\"canonical\" href=\"https:\/\/sendapp.cloud\/it\/funzioni\/\" \/>\n<meta property=\"og:locale\" content=\"it_IT\" \/>\n<meta property=\"og:type\" content=\"article\" \/>\n<meta property=\"og:title\" content=\"Funzioni massive sending message campaign with whatsapp- SendApp\" \/>\n<meta property=\"og:description\" content=\"Funzioni - sendapp massive sending text, image, video message campaign with whatsapp to everybody, get sending report, programm next sendings, funzioni send\" \/>\n<meta property=\"og:url\" content=\"https:\/\/sendapp.cloud\/it\/funzioni\/\" \/>\n<meta property=\"og:site_name\" content=\"SendApp\" \/>\n<meta name=\"twitter:card\" content=\"summary_large_image\" \/>\n<meta name=\"twitter:label1\" content=\"Tempo di lettura stimato\" \/>\n\t<meta name=\"twitter:data1\" content=\"2 minuti\" \/>\n<script type=\"application\/ld+json\" class=\"yoast-schema-graph\">{\"@context\":\"https:\\\/\\\/schema.org\",\"@graph\":[{\"@type\":\"WebPage\",\"@id\":\"https:\\\/\\\/sendapp.cloud\\\/funzioni\\\/\",\"url\":\"https:\\\/\\\/sendapp.cloud\\\/funzioni\\\/\",\"name\":\"Funzioni massive sending message campaign with whatsapp- SendApp\",\"isPartOf\":{\"@id\":\"https:\\\/\\\/sendapp.cloud\\\/en\\\/#website\"},\"datePublished\":\"2016-07-26T19:13:56+00:00\",\"description\":\"Funzioni - sendapp massive sending text, image, video message campaign with whatsapp to everybody, get sending report, programm next sendings, funzioni send\",\"breadcrumb\":{\"@id\":\"https:\\\/\\\/sendapp.cloud\\\/funzioni\\\/#breadcrumb\"},\"inLanguage\":\"it-IT\",\"potentialAction\":[{\"@type\":\"ReadAction\",\"target\":[\"https:\\\/\\\/sendapp.cloud\\\/funzioni\\\/\"]}]},{\"@type\":\"BreadcrumbList\",\"@id\":\"https:\\\/\\\/sendapp.cloud\\\/funzioni\\\/#breadcrumb\",\"itemListElement\":[{\"@type\":\"ListItem\",\"position\":1,\"name\":\"Home\",\"item\":\"https:\\\/\\\/sendapp.cloud\\\/\"},{\"@type\":\"ListItem\",\"position\":2,\"name\":\"Funzioni\"}]},{\"@type\":\"WebSite\",\"@id\":\"https:\\\/\\\/sendapp.cloud\\\/en\\\/#website\",\"url\":\"https:\\\/\\\/sendapp.cloud\\\/en\\\/\",\"name\":\"SendApp\",\"description\":\"Software Whatsapp Marketing\",\"publisher\":{\"@id\":\"https:\\\/\\\/sendapp.cloud\\\/en\\\/#organization\"},\"potentialAction\":[{\"@type\":\"SearchAction\",\"target\":{\"@type\":\"EntryPoint\",\"urlTemplate\":\"https:\\\/\\\/sendapp.cloud\\\/en\\\/?s={search_term_string}\"},\"query-input\":{\"@type\":\"PropertyValueSpecification\",\"valueRequired\":true,\"valueName\":\"search_term_string\"}}],\"inLanguage\":\"it-IT\"},{\"@type\":\"Organization\",\"@id\":\"https:\\\/\\\/sendapp.cloud\\\/en\\\/#organization\",\"name\":\"SendApp\",\"url\":\"https:\\\/\\\/sendapp.cloud\\\/en\\\/\",\"logo\":{\"@type\":\"ImageObject\",\"inLanguage\":\"it-IT\",\"@id\":\"https:\\\/\\\/sendapp.cloud\\\/en\\\/#\\\/schema\\\/logo\\\/image\\\/\",\"url\":\"https:\\\/\\\/sendapp.cloud\\\/wp-content\\\/uploads\\\/2024\\\/11\\\/Logo-bianco.png\",\"contentUrl\":\"https:\\\/\\\/sendapp.cloud\\\/wp-content\\\/uploads\\\/2024\\\/11\\\/Logo-bianco.png\",\"width\":145,\"height\":48,\"caption\":\"SendApp\"},\"image\":{\"@id\":\"https:\\\/\\\/sendapp.cloud\\\/en\\\/#\\\/schema\\\/logo\\\/image\\\/\"}}]}<\/script>\n<!-- \/ Yoast SEO plugin. -->","yoast_head_json":{"title":"Funzioni massive sending message campaign with whatsapp- SendApp","description":"Funzioni - sendapp massive sending text, image, video message campaign with whatsapp to everybody, get sending report, programm next sendings, funzioni send","robots":{"index":"index","follow":"follow","max-snippet":"max-snippet:-1","max-image-preview":"max-image-preview:large","max-video-preview":"max-video-preview:-1"},"canonical":"https:\/\/sendapp.cloud\/it\/funzioni\/","og_locale":"it_IT","og_type":"article","og_title":"Funzioni massive sending message campaign with whatsapp- SendApp","og_description":"Funzioni - sendapp massive sending text, image, video message campaign with whatsapp to everybody, get sending report, programm next sendings, funzioni send","og_url":"https:\/\/sendapp.cloud\/it\/funzioni\/","og_site_name":"SendApp","twitter_card":"summary_large_image","twitter_misc":{"Tempo di lettura stimato":"2 minuti"},"schema":{"@context":"https:\/\/schema.org","@graph":[{"@type":"WebPage","@id":"https:\/\/sendapp.cloud\/funzioni\/","url":"https:\/\/sendapp.cloud\/funzioni\/","name":"Funzioni massive sending message campaign with whatsapp- SendApp","isPartOf":{"@id":"https:\/\/sendapp.cloud\/en\/#website"},"datePublished":"2016-07-26T19:13:56+00:00","description":"Funzioni - sendapp massive sending text, image, video message campaign with whatsapp to everybody, get sending report, programm next sendings, funzioni send","breadcrumb":{"@id":"https:\/\/sendapp.cloud\/funzioni\/#breadcrumb"},"inLanguage":"it-IT","potentialAction":[{"@type":"ReadAction","target":["https:\/\/sendapp.cloud\/funzioni\/"]}]},{"@type":"BreadcrumbList","@id":"https:\/\/sendapp.cloud\/funzioni\/#breadcrumb","itemListElement":[{"@type":"ListItem","position":1,"name":"Home","item":"https:\/\/sendapp.cloud\/"},{"@type":"ListItem","position":2,"name":"Funzioni"}]},{"@type":"WebSite","@id":"https:\/\/sendapp.cloud\/en\/#website","url":"https:\/\/sendapp.cloud\/en\/","name":"SendApp","description":"Software Whatsapp Marketing","publisher":{"@id":"https:\/\/sendapp.cloud\/en\/#organization"},"potentialAction":[{"@type":"SearchAction","target":{"@type":"EntryPoint","urlTemplate":"https:\/\/sendapp.cloud\/en\/?s={search_term_string}"},"query-input":{"@type":"PropertyValueSpecification","valueRequired":true,"valueName":"search_term_string"}}],"inLanguage":"it-IT"},{"@type":"Organization","@id":"https:\/\/sendapp.cloud\/en\/#organization","name":"SendApp","url":"https:\/\/sendapp.cloud\/en\/","logo":{"@type":"ImageObject","inLanguage":"it-IT","@id":"https:\/\/sendapp.cloud\/en\/#\/schema\/logo\/image\/","url":"https:\/\/sendapp.cloud\/wp-content\/uploads\/2024\/11\/Logo-bianco.png","contentUrl":"https:\/\/sendapp.cloud\/wp-content\/uploads\/2024\/11\/Logo-bianco.png","width":145,"height":48,"caption":"SendApp"},"image":{"@id":"https:\/\/sendapp.cloud\/en\/#\/schema\/logo\/image\/"}}]}},"_links":{"self":[{"href":"https:\/\/sendapp.cloud\/it\/wp-json\/wp\/v2\/pages\/26843","targetHints":{"allow":["GET"]}}],"collection":[{"href":"https:\/\/sendapp.cloud\/it\/wp-json\/wp\/v2\/pages"}],"about":[{"href":"https:\/\/sendapp.cloud\/it\/wp-json\/wp\/v2\/types\/page"}],"author":[{"embeddable":true,"href":"https:\/\/sendapp.cloud\/it\/wp-json\/wp\/v2\/users\/1"}],"replies":[{"embeddable":true,"href":"https:\/\/sendapp.cloud\/it\/wp-json\/wp\/v2\/comments?post=26843"}],"version-history":[{"count":0,"href":"https:\/\/sendapp.cloud\/it\/wp-json\/wp\/v2\/pages\/26843\/revisions"}],"wp:attachment":[{"href":"https:\/\/sendapp.cloud\/it\/wp-json\/wp\/v2\/media?parent=26843"}],"curies":[{"name":"wp","href":"https:\/\/api.w.org\/{rel}","templated":true}]}}