{"id":630,"date":"2019-05-23T18:36:15","date_gmt":"2019-05-23T16:36:15","guid":{"rendered":"https:\/\/sendapp.live\/?page_id=630"},"modified":"2025-10-22T13:54:50","modified_gmt":"2025-10-22T11:54:50","slug":"terms-and-conditions-of-use","status":"publish","type":"page","link":"https:\/\/sendapp.cloud\/fr\/terms-and-conditions-of-use\/","title":{"rendered":"Terms and conditions of use"},"content":{"rendered":"<div id=\"fws_69e2f8743e007\"  data-column-margin=\"default\" data-midnight=\"dark\"  class=\"wpb_row vc_row-fluid vc_row\"  style=\"padding-top: 0px; padding-bottom: 0px; \"><div class=\"row-bg-wrap\" data-bg-animation=\"none\" data-bg-animation-delay=\"\" data-bg-overlay=\"false\"><div class=\"inner-wrap row-bg-layer\" ><div class=\"row-bg viewport-desktop\"  style=\"\"><\/div><\/div><\/div><div class=\"row_col_wrap_12 col span_12 dark left\">\n\t<div  class=\"vc_col-sm-2 wpb_column column_container vc_column_container col no-extra-padding inherit_tablet inherit_phone\"  data-padding-pos=\"all\" data-has-bg-color=\"false\" data-bg-color=\"\" data-bg-opacity=\"1\" data-animation=\"\" data-delay=\"0\" >\n\t\t<div class=\"vc_column-inner\" >\n\t\t\t<div class=\"wpb_wrapper\">\n\t\t\t\t\n\t\t\t<\/div> \n\t\t<\/div>\n\t<\/div> \n\n\t<div  class=\"vc_col-sm-8 wpb_column column_container vc_column_container col no-extra-padding inherit_tablet inherit_phone\"  data-padding-pos=\"all\" data-has-bg-color=\"false\" data-bg-color=\"\" data-bg-opacity=\"1\" data-animation=\"\" data-delay=\"0\" >\n\t\t<div class=\"vc_column-inner\" >\n\t\t\t<div class=\"wpb_wrapper\">\n\t\t\t\t\n<div class=\"wpb_text_column wpb_content_element\" >\n\t<div class=\"wpb_wrapper\">\n\t\t<h2>SendApp \u2013 Conditions g\u00e9n\u00e9rales d&#039;utilisation<\/h2>\n<p>Les conditions g\u00e9n\u00e9rales suivantes (ci-apr\u00e8s \u201c Conditions g\u00e9n\u00e9rales \u201d) r\u00e9gissent l&#039;utilisation de ce site Web et du contenu mis \u00e0 disposition via les sites Web (ci-apr\u00e8s \u201c Sites \u201d) sendapp.live, sendapp.cloud, sendapp.ai, y compris, mais sans s&#039;y limiter :<\/p>\n<p><strong>Nom des sites<\/strong>: sendapp.live, sendapp.cloud, sendapp.ai<\/p>\n<p>Les Sites sont d\u00e9tenus et exploit\u00e9s par SendApp, une soci\u00e9t\u00e9 d&#039;Everysoft srls (ci-apr\u00e8s \u201c\u00a0SendApp\u00a0\u201d, \u201c\u00a0nous\u00a0\u201d ou \u201c\u00a0notre\u00a0\u201d). L&#039;acc\u00e8s aux Sites et leur utilisation impliquent l&#039;acceptation pleine et enti\u00e8re des pr\u00e9sentes Conditions g\u00e9n\u00e9rales.<\/p>\n<h3><\/h3>\n<h3>1. Inscription<\/h3>\n<p>Vous n&#039;avez pas besoin de vous inscrire sur les Sites pour acc\u00e9der aux contenus ou aux services. Cependant, certaines zones et fonctionnalit\u00e9s peuvent \u00eatre r\u00e9serv\u00e9es aux utilisateurs inscrits. Dans ce cas, vous devrez accepter un Contrat d&#039;abonnement distinct.<\/p>\n<h3>2. Droits de propri\u00e9t\u00e9<\/h3>\n<p>L&#039;utilisation des Sites ne conf\u00e8re aucun droit de propri\u00e9t\u00e9 intellectuelle sur le contenu, le code, les donn\u00e9es ou les \u00e9l\u00e9ments accessibles. Vous \u00eates autoris\u00e9 \u00e0 t\u00e9l\u00e9charger une seule copie du contenu uniquement pour un usage personnel et non commercial. Toute utilisation non autoris\u00e9e peut constituer une violation des lois italiennes ou internationales.<\/p>\n<h3>3. Agent des droits d&#039;auteur<\/h3>\n<p>Si vous soup\u00e7onnez une violation du droit d&#039;auteur, vous pouvez contacter SendApp avec des informations d\u00e9taill\u00e9es comme l&#039;exige la loi.<\/p>\n<h3>4. Marques<\/h3>\n<p>Les marques d\u00e9pos\u00e9es sur les Sites sont d\u00e9pos\u00e9es par SendApp ou des tiers. Aucune mention sur les Sites ne saurait \u00eatre interpr\u00e9t\u00e9e comme un octroi de licence d&#039;utilisation de ces marques.<\/p>\n<h3>5. Modifications des conditions g\u00e9n\u00e9rales<\/h3>\n<p>SendApp se r\u00e9serve le droit de modifier les pr\u00e9sentes Conditions g\u00e9n\u00e9rales \u00e0 tout moment. Les modifications entreront en vigueur d\u00e8s leur publication sur les Sites.<\/p>\n<h3>6. Informations utilisateur<\/h3>\n<p>Vous \u00eates responsable de l&#039;exactitude des informations personnelles que vous fournissez. Notre politique de confidentialit\u00e9 est disponible dans la section d\u00e9di\u00e9e.<\/p>\n<h3>7. Liens vers les sites<\/h3>\n<p>Les liens vers les Sites ne sont autoris\u00e9s que pour les pages HTML compl\u00e8tes. SendApp se r\u00e9serve le droit de r\u00e9voquer cette autorisation \u00e0 tout moment.<\/p>\n<h3>8. Sites tiers<\/h3>\n<p>SendApp n&#039;est pas responsable du contenu, des services ou des \u00e9l\u00e9ments des sites li\u00e9s. L&#039;inclusion de liens n&#039;implique pas l&#039;approbation de SendApp.<\/p>\n<h3><\/h3>\n<h3>9. Clause d&#039;exclusion de remboursement<\/h3>\n<p>Tous les produits logiciels vendus via les Sites sont consid\u00e9r\u00e9s <strong>actifs num\u00e9riques activ\u00e9s et imm\u00e9diatement utilisables<\/strong>. Conform\u00e9ment \u00e0 la l\u00e9gislation en vigueur (Directive 2011\/83\/UE), <strong>Il n&#039;y a pas de droit de r\u00e9tractation ou de remboursement pour les produits num\u00e9riques activ\u00e9s<\/strong>.<\/p>\n<p>L&#039;utilisateur accepte irr\u00e9vocablement que l&#039;achat implique la renonciation \u00e0 tout droit \u00e0 un remboursement, sauf renonciation expresse et \u00e9crite de SendApp \u00e0 titre exceptionnel.<\/p>\n<h3><\/h3>\n<h3>10. Clause de non-responsabilit\u00e9<\/h3>\n<p>Envoyer une application <strong>n&#039;assume aucune responsabilit\u00e9 en cas d&#039;utilisation inappropri\u00e9e, ill\u00e9gale ou non conforme du logiciel par l&#039;utilisateur<\/strong>. L&#039;utilisateur est tenu d&#039;utiliser l&#039;outil en totale conformit\u00e9 avec les r\u00e9glementations, y compris les politiques de la plateforme (par exemple, WhatsApp) et le RGPD.<\/p>\n<p>Une mauvaise utilisation de l&#039;outil, comme l&#039;envoi de spam ou le t\u00e9l\u00e9chargement de carnets d&#039;adresses non profil\u00e9s, peut entra\u00eener la suspension du num\u00e9ro ou l&#039;interruption du service par des tiers. <strong>SendApp d\u00e9cline toute responsabilit\u00e9 pour les dommages directs ou indirects, blocages, suspensions ou pertes caus\u00e9s par de telles utilisations inappropri\u00e9es.<\/strong>.<\/p>\n<h3><\/h3>\n<h3>11. Exclusion de garanties<\/h3>\n<p>Dans les limites de la loi :<br \/>\n\u2013 Les contenus et services sont fournis \u201c en l\u2019\u00e9tat \u201d.<br \/>\n\u2013 SendApp ne garantit pas la disponibilit\u00e9 ininterrompue ou sans erreur des Sites.<br \/>\n\u2013 SendApp ne sera pas responsable des dommages indirects, pertes de donn\u00e9es ou de b\u00e9n\u00e9fices d\u00e9coulant de l\u2019utilisation des Sites.<\/p>\n<h3><\/h3>\n<h3>12. Licence<\/h3>\n<p>La licence est valable \u00e0 vie, mais ne peut \u00eatre utilis\u00e9e que sur un seul appareil \u00e0 la fois. En cas de dysfonctionnement, vous pouvez demander une r\u00e9initialisation en envoyant un e-mail \u00e0 <a href=\"mailto:info@sendapp.live\">info@sendapp.live<\/a>.<\/p>\n<h3><\/h3>\n<h3>13. L\u00e9gislation applicable<\/h3>\n<p>Les pr\u00e9sentes Conditions g\u00e9n\u00e9rales sont r\u00e9gies par le droit italien. L&#039;acc\u00e8s aux Sites depuis d&#039;autres juridictions se fait aux risques et p\u00e9rils de l&#039;utilisateur.<\/p>\n<h3><\/h3>\n<h3>14. Politique anti-spam<\/h3>\n<p>L&#039;utilisation du logiciel pour envoyer du spam est interdite. Toute infraction entra\u00eenera la suspension ou la r\u00e9siliation du service, ainsi que des poursuites judiciaires.<\/p>\n<h3><\/h3>\n<h3>15. Donn\u00e9es personnelles<\/h3>\n<p>En acceptant ces conditions, vous autorisez l&#039;utilisation de vos donn\u00e9es \u00e0 des fins publicitaires. Vous pouvez demander leur suppression \u00e0 tout moment.<\/p>\n<p>&nbsp;<\/p>\n<p><strong>Note<\/strong>SendApp n&#039;est affili\u00e9 ni \u00e0 WhatsApp (WhatsApp Inc. et\/ou WhatsApp Ireland Limited) ni \u00e0 aucune autre soci\u00e9t\u00e9 Meta. Toute modification apport\u00e9e par ces plateformes peut affecter ou emp\u00eacher le bon fonctionnement du logiciel. Les donn\u00e9es restent stock\u00e9es localement sur l&#039;appareil de l&#039;utilisateur.<\/p>\n\t<\/div>\n<\/div>\n\n\n\n\n\t\t\t<\/div> \n\t\t<\/div>\n\t<\/div> \n\n\t<div  class=\"vc_col-sm-2 wpb_column column_container vc_column_container col no-extra-padding inherit_tablet inherit_phone\"  data-padding-pos=\"all\" data-has-bg-color=\"false\" data-bg-color=\"\" data-bg-opacity=\"1\" data-animation=\"\" data-delay=\"0\" >\n\t\t<div class=\"vc_column-inner\" >\n\t\t\t<div class=\"wpb_wrapper\">\n\t\t\t\t\n\t\t\t<\/div> \n\t\t<\/div>\n\t<\/div> \n<\/div><\/div>","protected":false},"excerpt":{"rendered":"SendApp \u2013 Termini e Condizioni d\u2019Uso Le seguenti condizioni generali (di seguito \"Termini e Condizioni\") regolano l\u2019uso del presente sito web e dei contenuti resi disponibili attraverso i siti web...","protected":false},"author":1,"featured_media":0,"parent":0,"menu_order":0,"comment_status":"closed","ping_status":"open","template":"","meta":{"footnotes":""},"class_list":["post-630","page","type-page","status-publish"],"yoast_head":"<!-- This site is optimized with the Yoast SEO plugin v26.8 - https:\/\/yoast.com\/product\/yoast-seo-wordpress\/ -->\n<title>Terms and conditions of use message campaing whatsapp- SendApp<\/title>\n<meta name=\"description\" content=\"terms and conditions of use - sendapp - create massive message campaign with whatsapp to all phone numbers. Get sending report. Programm sendings.\" \/>\n<meta name=\"robots\" content=\"index, follow, max-snippet:-1, max-image-preview:large, max-video-preview:-1\" \/>\n<link rel=\"canonical\" href=\"https:\/\/sendapp.cloud\/fr\/terms-and-conditions-of-use\/\" \/>\n<meta property=\"og:locale\" content=\"fr_FR\" \/>\n<meta property=\"og:type\" content=\"article\" \/>\n<meta property=\"og:title\" content=\"Terms and conditions of use message campaing whatsapp- SendApp\" \/>\n<meta property=\"og:description\" content=\"terms and conditions of use - sendapp - create massive message campaign with whatsapp to all phone numbers. Get sending report. Programm sendings.\" \/>\n<meta property=\"og:url\" content=\"https:\/\/sendapp.cloud\/fr\/terms-and-conditions-of-use\/\" \/>\n<meta property=\"og:site_name\" content=\"SendApp\" \/>\n<meta property=\"article:modified_time\" content=\"2025-10-22T11:54:50+00:00\" \/>\n<meta name=\"twitter:card\" content=\"summary_large_image\" \/>\n<meta name=\"twitter:label1\" content=\"Dur\u00e9e de lecture estim\u00e9e\" \/>\n\t<meta name=\"twitter:data1\" content=\"3 minutes\" \/>\n<script type=\"application\/ld+json\" class=\"yoast-schema-graph\">{\"@context\":\"https:\/\/schema.org\",\"@graph\":[{\"@type\":\"WebPage\",\"@id\":\"https:\/\/sendapp.cloud\/terms-and-conditions-of-use\/\",\"url\":\"https:\/\/sendapp.cloud\/terms-and-conditions-of-use\/\",\"name\":\"Terms and conditions of use message campaing whatsapp- SendApp\",\"isPartOf\":{\"@id\":\"https:\/\/sendapp.cloud\/en\/#website\"},\"datePublished\":\"2019-05-23T16:36:15+00:00\",\"dateModified\":\"2025-10-22T11:54:50+00:00\",\"description\":\"terms and conditions of use - sendapp - create massive message campaign with whatsapp to all phone numbers. Get sending report. Programm sendings.\",\"breadcrumb\":{\"@id\":\"https:\/\/sendapp.cloud\/terms-and-conditions-of-use\/#breadcrumb\"},\"inLanguage\":\"fr-FR\",\"potentialAction\":[{\"@type\":\"ReadAction\",\"target\":[\"https:\/\/sendapp.cloud\/terms-and-conditions-of-use\/\"]}]},{\"@type\":\"BreadcrumbList\",\"@id\":\"https:\/\/sendapp.cloud\/terms-and-conditions-of-use\/#breadcrumb\",\"itemListElement\":[{\"@type\":\"ListItem\",\"position\":1,\"name\":\"Home\",\"item\":\"https:\/\/sendapp.cloud\/\"},{\"@type\":\"ListItem\",\"position\":2,\"name\":\"Terms and conditions of use\"}]},{\"@type\":\"WebSite\",\"@id\":\"https:\/\/sendapp.cloud\/en\/#website\",\"url\":\"https:\/\/sendapp.cloud\/en\/\",\"name\":\"SendApp\",\"description\":\"Software Whatsapp Marketing\",\"publisher\":{\"@id\":\"https:\/\/sendapp.cloud\/en\/#organization\"},\"potentialAction\":[{\"@type\":\"SearchAction\",\"target\":{\"@type\":\"EntryPoint\",\"urlTemplate\":\"https:\/\/sendapp.cloud\/en\/?s={search_term_string}\"},\"query-input\":{\"@type\":\"PropertyValueSpecification\",\"valueRequired\":true,\"valueName\":\"search_term_string\"}}],\"inLanguage\":\"fr-FR\"},{\"@type\":\"Organization\",\"@id\":\"https:\/\/sendapp.cloud\/en\/#organization\",\"name\":\"SendApp\",\"url\":\"https:\/\/sendapp.cloud\/en\/\",\"logo\":{\"@type\":\"ImageObject\",\"inLanguage\":\"fr-FR\",\"@id\":\"https:\/\/sendapp.cloud\/en\/#\/schema\/logo\/image\/\",\"url\":\"https:\/\/sendapp.cloud\/wp-content\/uploads\/2024\/11\/Logo-bianco.png\",\"contentUrl\":\"https:\/\/sendapp.cloud\/wp-content\/uploads\/2024\/11\/Logo-bianco.png\",\"width\":145,\"height\":48,\"caption\":\"SendApp\"},\"image\":{\"@id\":\"https:\/\/sendapp.cloud\/en\/#\/schema\/logo\/image\/\"}}]}<\/script>\n<!-- \/ Yoast SEO plugin. -->","yoast_head_json":{"title":"Terms and conditions of use message campaing whatsapp- SendApp","description":"terms and conditions of use - sendapp - create massive message campaign with whatsapp to all phone numbers. Get sending report. Programm sendings.","robots":{"index":"index","follow":"follow","max-snippet":"max-snippet:-1","max-image-preview":"max-image-preview:large","max-video-preview":"max-video-preview:-1"},"canonical":"https:\/\/sendapp.cloud\/fr\/terms-and-conditions-of-use\/","og_locale":"fr_FR","og_type":"article","og_title":"Terms and conditions of use message campaing whatsapp- SendApp","og_description":"terms and conditions of use - sendapp - create massive message campaign with whatsapp to all phone numbers. Get sending report. Programm sendings.","og_url":"https:\/\/sendapp.cloud\/fr\/terms-and-conditions-of-use\/","og_site_name":"SendApp","article_modified_time":"2025-10-22T11:54:50+00:00","twitter_card":"summary_large_image","twitter_misc":{"Dur\u00e9e de lecture estim\u00e9e":"3 minutes"},"schema":{"@context":"https:\/\/schema.org","@graph":[{"@type":"WebPage","@id":"https:\/\/sendapp.cloud\/terms-and-conditions-of-use\/","url":"https:\/\/sendapp.cloud\/terms-and-conditions-of-use\/","name":"Terms and conditions of use message campaing whatsapp- SendApp","isPartOf":{"@id":"https:\/\/sendapp.cloud\/en\/#website"},"datePublished":"2019-05-23T16:36:15+00:00","dateModified":"2025-10-22T11:54:50+00:00","description":"terms and conditions of use - sendapp - create massive message campaign with whatsapp to all phone numbers. Get sending report. Programm sendings.","breadcrumb":{"@id":"https:\/\/sendapp.cloud\/terms-and-conditions-of-use\/#breadcrumb"},"inLanguage":"fr-FR","potentialAction":[{"@type":"ReadAction","target":["https:\/\/sendapp.cloud\/terms-and-conditions-of-use\/"]}]},{"@type":"BreadcrumbList","@id":"https:\/\/sendapp.cloud\/terms-and-conditions-of-use\/#breadcrumb","itemListElement":[{"@type":"ListItem","position":1,"name":"Home","item":"https:\/\/sendapp.cloud\/"},{"@type":"ListItem","position":2,"name":"Terms and conditions of use"}]},{"@type":"WebSite","@id":"https:\/\/sendapp.cloud\/en\/#website","url":"https:\/\/sendapp.cloud\/en\/","name":"Envoyer une application","description":"Logiciel de marketing WhatsApp","publisher":{"@id":"https:\/\/sendapp.cloud\/en\/#organization"},"potentialAction":[{"@type":"SearchAction","target":{"@type":"EntryPoint","urlTemplate":"https:\/\/sendapp.cloud\/en\/?s={search_term_string}"},"query-input":{"@type":"PropertyValueSpecification","valueRequired":true,"valueName":"search_term_string"}}],"inLanguage":"fr-FR"},{"@type":"Organization","@id":"https:\/\/sendapp.cloud\/en\/#organization","name":"Envoyer une application","url":"https:\/\/sendapp.cloud\/en\/","logo":{"@type":"ImageObject","inLanguage":"fr-FR","@id":"https:\/\/sendapp.cloud\/en\/#\/schema\/logo\/image\/","url":"https:\/\/sendapp.cloud\/wp-content\/uploads\/2024\/11\/Logo-bianco.png","contentUrl":"https:\/\/sendapp.cloud\/wp-content\/uploads\/2024\/11\/Logo-bianco.png","width":145,"height":48,"caption":"SendApp"},"image":{"@id":"https:\/\/sendapp.cloud\/en\/#\/schema\/logo\/image\/"}}]}},"_links":{"self":[{"href":"https:\/\/sendapp.cloud\/fr\/wp-json\/wp\/v2\/pages\/630","targetHints":{"allow":["GET"]}}],"collection":[{"href":"https:\/\/sendapp.cloud\/fr\/wp-json\/wp\/v2\/pages"}],"about":[{"href":"https:\/\/sendapp.cloud\/fr\/wp-json\/wp\/v2\/types\/page"}],"author":[{"embeddable":true,"href":"https:\/\/sendapp.cloud\/fr\/wp-json\/wp\/v2\/users\/1"}],"replies":[{"embeddable":true,"href":"https:\/\/sendapp.cloud\/fr\/wp-json\/wp\/v2\/comments?post=630"}],"version-history":[{"count":3,"href":"https:\/\/sendapp.cloud\/fr\/wp-json\/wp\/v2\/pages\/630\/revisions"}],"predecessor-version":[{"id":33275,"href":"https:\/\/sendapp.cloud\/fr\/wp-json\/wp\/v2\/pages\/630\/revisions\/33275"}],"wp:attachment":[{"href":"https:\/\/sendapp.cloud\/fr\/wp-json\/wp\/v2\/media?parent=630"}],"curies":[{"name":"wp","href":"https:\/\/api.w.org\/{rel}","templated":true}]}}