{"id":32991,"date":"2024-11-20T18:46:27","date_gmt":"2024-11-20T17:46:27","guid":{"rendered":"https:\/\/sendapp.live\/?page_id=32991"},"modified":"2024-11-20T18:46:27","modified_gmt":"2024-11-20T17:46:27","slug":"iscrizione-automatica-whatsapp","status":"publish","type":"page","link":"https:\/\/sendapp.cloud\/fr\/iscrizione-automatica-whatsapp\/","title":{"rendered":"Abonnement automatique \u00e0 WhatsApp avec SendApp"},"content":{"rendered":"<div id=\"fws_69f254c1916a7\"  data-column-margin=\"default\" data-midnight=\"dark\"  class=\"wpb_row vc_row-fluid vc_row\"  style=\"padding-top: 0px; padding-bottom: 0px; \"><div class=\"row-bg-wrap\" data-bg-animation=\"none\" data-bg-animation-delay=\"\" data-bg-overlay=\"false\"><div class=\"inner-wrap row-bg-layer\" ><div class=\"row-bg viewport-desktop\"  style=\"\"><\/div><\/div><\/div><div class=\"row_col_wrap_12 col span_12 dark left\">\n\t<div  class=\"vc_col-sm-6 wpb_column column_container vc_column_container col no-extra-padding inherit_tablet inherit_phone\"  data-padding-pos=\"all\" data-has-bg-color=\"false\" data-bg-color=\"\" data-bg-opacity=\"1\" data-animation=\"\" data-delay=\"0\" >\n\t\t<div class=\"vc_column-inner\" >\n\t\t\t<div class=\"wpb_wrapper\">\n\t\t\t\t<div class=\"img-with-aniamtion-wrap\" data-max-width=\"100%\" data-max-width-mobile=\"default\" data-shadow=\"none\" data-animation=\"fade-in\" >\n      <div class=\"inner\">\n        <div class=\"hover-wrap\"> \n          <div class=\"hover-wrap-inner\">\n            <img loading=\"lazy\" decoding=\"async\" class=\"img-with-animation skip-lazy\" data-delay=\"0\" height=\"100\" width=\"100\" data-animation=\"fade-in\" src=\"\" alt=\"\"  \/>\n          <\/div>\n        <\/div>\n      <\/div>\n    <\/div>\n\t\t\t<\/div> \n\t\t<\/div>\n\t<\/div> \n\n\t<div style=\"margin-top: 5%; \" class=\"vc_col-sm-6 wpb_column column_container vc_column_container col no-extra-padding inherit_tablet inherit_phone\"  data-padding-pos=\"all\" data-has-bg-color=\"false\" data-bg-color=\"\" data-bg-opacity=\"1\" data-animation=\"\" data-delay=\"0\" >\n\t\t<div class=\"vc_column-inner\" >\n\t\t\t<div class=\"wpb_wrapper\">\n\t\t\t\t\n<div class=\"wpb_text_column wpb_content_element\" >\n\t<div class=\"wpb_wrapper\">\n\t\t<h1 style=\"text-align: left;\"><span style=\"color: #008000;\">Guide d&#039;inscription<\/span><\/h1>\n<h1 style=\"text-align: left;\"><span style=\"color: #008000;\">Automatique <\/span><span style=\"color: #008000;\">par WhatsApp<\/span><\/h1>\n<h1 style=\"text-align: left;\"><span style=\"color: #008000;\">avec Sendapp Desktop<\/span><\/h1>\n<h1 style=\"text-align: left;\"><span style=\"color: #008000;\">\u00a0<\/span><\/h1>\n\t<\/div>\n<\/div>\n\n\n\n\n\t\t\t<\/div> \n\t\t<\/div>\n\t<\/div> \n<\/div><\/div>\n\t\t<div id=\"fws_69f254c192daf\"  data-column-margin=\"default\" data-midnight=\"dark\"  class=\"wpb_row vc_row-fluid vc_row\"  style=\"padding-top: 0px; padding-bottom: 0px; \"><div class=\"row-bg-wrap\" data-bg-animation=\"none\" data-bg-animation-delay=\"\" data-bg-overlay=\"false\"><div class=\"inner-wrap row-bg-layer\" ><div class=\"row-bg viewport-desktop\"  style=\"\"><\/div><\/div><\/div><div class=\"row_col_wrap_12 col span_12 dark left\">\n\t<div  class=\"vc_col-sm-12 wpb_column column_container vc_column_container col no-extra-padding inherit_tablet inherit_phone\"  data-padding-pos=\"all\" data-has-bg-color=\"false\" data-bg-color=\"\" data-bg-opacity=\"1\" data-animation=\"\" data-delay=\"0\" >\n\t\t<div class=\"vc_column-inner\" >\n\t\t\t<div class=\"wpb_wrapper\">\n\t\t\t\t\n<div class=\"wpb_text_column wpb_content_element\" >\n\t<div class=\"wpb_wrapper\">\n\t\t\t<\/div>\n<\/div>\n\n\n\n\n\t\t\t<\/div> \n\t\t<\/div>\n\t<\/div> \n<\/div><\/div>\n\t\t<div id=\"fws_69f254c19350b\"  data-column-margin=\"default\" data-midnight=\"dark\"  class=\"wpb_row vc_row-fluid vc_row\"  style=\"padding-top: 0px; padding-bottom: 0px; \"><div class=\"row-bg-wrap\" data-bg-animation=\"none\" data-bg-animation-delay=\"\" data-bg-overlay=\"false\"><div class=\"inner-wrap row-bg-layer\" ><div class=\"row-bg viewport-desktop\"  style=\"\"><\/div><\/div><\/div><div class=\"row_col_wrap_12 col span_12 dark left\">\n\t<div  class=\"vc_col-sm-12 wpb_column column_container vc_column_container col no-extra-padding inherit_tablet inherit_phone\"  data-padding-pos=\"all\" data-has-bg-color=\"false\" data-bg-color=\"\" data-bg-opacity=\"1\" data-animation=\"\" data-delay=\"0\" >\n\t\t<div class=\"vc_column-inner\" >\n\t\t\t<div class=\"wpb_wrapper\">\n\t\t\t\t\n<div class=\"wpb_text_column wpb_content_element\" >\n\t<div class=\"wpb_wrapper\">\n\t\t<p class=\"p3\">La derni\u00e8re version de <b>Sendapp Desktop<\/b> introduit une fonctionnalit\u00e9 innovante pour simplifier la gestion des campagnes publicitaires : le<b>Enregistrement automatique<\/b>Dans ce guide, nous vous expliquerons \u00e9tape par \u00e9tape comment activer et utiliser cette fonctionnalit\u00e9 pour collecter des contacts rapidement et automatiquement. Cette fonctionnalit\u00e9 minimise \u00e9galement les notifications sur votre compte, car le client acceptera lui-m\u00eame l&#039;envoi de campagnes promotionnelles.<\/p>\n<p class=\"p5\"><b>1. Activer l&#039;abonnement automatique<\/b><b><\/b><\/p>\n<p class=\"p6\">\u2022Connectez-vous \u00e0 <a href=\"https:\/\/sendapp.live\/it\/sendapp-desktop-price\/\" target=\"_blank\" rel=\"noopener\"><b>Sendapp Desktop<\/b><\/a>.<br \/>\n\u2022S\u00e9lectionnez le <b>deuxi\u00e8me ic\u00f4ne en partant du haut<\/b> (Colonnes).<br \/>\n\u2022\u00c0 droite du bouton <b>Optimiser<\/b>, vous trouverez le nouveau bouton <b>Enregistrement automatique<\/b>.<br \/>\n\u2022Cliquez sur <b>Enregistrement automatique<\/b>: une fen\u00eatre d\u00e9di\u00e9e s&#039;ouvrira avec deux champs principaux.<\/p>\n<p class=\"p5\"><b><img loading=\"lazy\" decoding=\"async\" class=\"alignnone size-full wp-image-33026\" src=\"https:\/\/sendapp.live\/wp-content\/uploads\/2024\/11\/Screenshot-2024-11-20-alle-19.47.57-2.png\" alt=\"\" width=\"2556\" height=\"1535\" \/><\/b><\/p>\n<p class=\"p5\"><b>2. Configurer les messages automatiques<\/b><b><\/b><\/p>\n<p><img loading=\"lazy\" decoding=\"async\" class=\"alignnone size-full wp-image-33031\" src=\"https:\/\/sendapp.live\/wp-content\/uploads\/2024\/11\/Screenshot-2024-11-20-alle-19.48.30-1.png\" alt=\"\" width=\"2558\" height=\"1536\" \/><\/p>\n<p class=\"p6\">\u2022<b>Entrez le mot-cl\u00e9<\/b>:<\/p>\n<p class=\"p7\">\u2022Dans ce champ, \u00e9crivez un mot-cl\u00e9 que les clients devront envoyer dans le chat pour s&#039;abonner \u00e0 vos campagnes<br \/>\n\u2022Exemple: <span class=\"s2\">s&#039;inscrire<\/span>.<\/p>\n<p class=\"p6\">\u2022<b>R\u00e9ponse automatique<\/b>:<br \/>\n\u2022 Saisissez ici le message de confirmation qui sera automatiquement envoy\u00e9 au client apr\u00e8s l&#039;inscription.<br \/>\n<span class=\"s3\">\u2022 Exemple: <\/span>Vous vous \u00eates inscrit avec succ\u00e8s \u00e0 nos campagnes.<\/p>\n<p><img loading=\"lazy\" decoding=\"async\" class=\"alignnone size-full wp-image-33032\" src=\"https:\/\/sendapp.live\/wp-content\/uploads\/2024\/11\/Screenshot-2024-11-20-alle-19.49.43.png\" alt=\"\" width=\"2558\" height=\"1538\" \/><\/p>\n<p class=\"p5\"><b>3. Cr\u00e9ez le lien \u00ab\u00a0Cliquez pour discuter\u00a0\u00bb<\/b><b><\/b><\/p>\n<p class=\"p3\">Pour inviter de nouveaux clients \u00e0 s&#039;inscrire, vous devez cr\u00e9er un lien personnalis\u00e9 que vous pouvez partager via diff\u00e9rents canaux, tels que les r\u00e9seaux sociaux, les SMS ou les e-mails.<\/p>\n<p><img loading=\"lazy\" decoding=\"async\" class=\"alignnone size-full wp-image-33034\" src=\"https:\/\/sendapp.live\/wp-content\/uploads\/2024\/11\/Screenshot-2024-11-20-alle-19.50.43-1.png\" alt=\"\" width=\"2558\" height=\"1538\" \/><\/p>\n<p>&nbsp;<\/p>\n<p class=\"p6\">\u2022 <b>Acc\u00e9der au chat en un clic<\/b>:<br \/>\n\u2022 Cliquez sur le <b>septi\u00e8me ic\u00f4ne \u00e0 partir du haut<\/b> dans le menu Sendapp Desktop.<br \/>\n\u2022 <b>Remplissez les donn\u00e9es requises<\/b>:<br \/>\n\u2022 <b>Num\u00e9ro de t\u00e9l\u00e9phone<\/b>:Entrez votre num\u00e9ro, y compris le pr\u00e9fixe international.<br \/>\n\u2022 <b>Message pr\u00e9d\u00e9fini<\/b>:<br \/>\n\u2022 <strong>Nous vous recommandons<\/strong> utiliser un texte comme le suivant :<\/p>\n<p class=\"p10\">Je souhaite m&#039;abonner \u00e0 vos promotions et autoriser le traitement des donn\u00e9es personnelles conform\u00e9ment au RGPD.<\/p>\n<p><img loading=\"lazy\" decoding=\"async\" class=\"alignnone size-full wp-image-33035\" src=\"https:\/\/sendapp.live\/wp-content\/uploads\/2024\/11\/Screenshot-2024-11-20-alle-19.55.39.png\" alt=\"\" width=\"2558\" height=\"1538\" \/><\/p>\n<p><b>Partager le lien<\/b>:<br \/>\n\u2022 Apr\u00e8s avoir cr\u00e9\u00e9 le lien, vous pouvez le diffuser via vos canaux pr\u00e9f\u00e9r\u00e9s. Lorsqu&#039;un client clique sur le lien\u00a0:<br \/>\n1. Une discussion s&#039;ouvrira automatiquement avec votre num\u00e9ro.<br \/>\n2. Le message sera d\u00e9j\u00e0 rempli.<br \/>\n3. Le client n&#039;aura plus qu&#039;\u00e0 l&#039;envoyer.<\/p>\n<p><img loading=\"lazy\" decoding=\"async\" class=\"alignnone size-full wp-image-33036\" src=\"https:\/\/sendapp.live\/wp-content\/uploads\/2024\/11\/Screenshot-2024-11-20-alle-19.55.45.png\" alt=\"\" width=\"2558\" height=\"1538\" \/><\/p>\n<p class=\"p5\"><b>4. G\u00e9rer les abonn\u00e9s automatiques<\/b><b><\/b><\/p>\n<p class=\"p3\">Une fois que le client envoie le message avec le mot-cl\u00e9, il sera automatiquement ajout\u00e9 \u00e0 un nouveau carnet d&#039;adresses appel\u00e9 <b>S&#039;abonner Contacts<\/b>Ce carnet d&#039;adresses vous permettra de g\u00e9rer et d&#039;organiser facilement les nouveaux contacts que vous collectez.<\/p>\n<p class=\"p3\">Gr\u00e2ce \u00e0 cette fonctionnalit\u00e9, Sendapp Desktop facilite encore plus l&#039;\u00e9largissement de votre r\u00e9seau de contacts et l&#039;automatisation du processus d&#039;inscription aux campagnes publicitaires.<\/p>\n<p class=\"p3\"><b>Essayez d\u00e8s maintenant l&#039;Abonnement Automatique et am\u00e9liorez la gestion de vos promotions !<\/b><\/p>\n\t<\/div>\n<\/div>\n\n\n\n\n\t\t\t<\/div> \n\t\t<\/div>\n\t<\/div> \n<\/div><\/div>","protected":false},"excerpt":{"rendered":"Guide d&#039;abonnement automatique WhatsApp avec Sendapp Desktop La derni\u00e8re version de Sendapp Desktop introduit une fonctionnalit\u00e9 innovante pour simplifier la gestion des campagnes publicitaires\u00a0: l&#039;abonnement automatique. Ce guide\u2026.","protected":false},"author":1,"featured_media":0,"parent":0,"menu_order":0,"comment_status":"closed","ping_status":"closed","template":"","meta":{"footnotes":""},"class_list":["post-32991","page","type-page","status-publish"],"yoast_head":"<!-- This site is optimized with the Yoast SEO plugin v27.4 - https:\/\/yoast.com\/product\/yoast-seo-wordpress\/ -->\n<title>Iscrizione automatica whatsapp con SendApp<\/title>\n<meta name=\"description\" content=\"Iscrizione automatica whatsapp per ridurre al massimo il rischio dei \u2018Blocca e Segnala\u2019 ed evitare il ban su WhatsApp\" \/>\n<meta name=\"robots\" content=\"index, follow, max-snippet:-1, max-image-preview:large, max-video-preview:-1\" \/>\n<link rel=\"canonical\" href=\"https:\/\/sendapp.cloud\/fr\/iscrizione-automatica-whatsapp\/\" \/>\n<meta property=\"og:locale\" content=\"fr_FR\" \/>\n<meta property=\"og:type\" content=\"article\" \/>\n<meta property=\"og:title\" content=\"Iscrizione automatica whatsapp con SendApp\" \/>\n<meta property=\"og:description\" content=\"Iscrizione automatica whatsapp per ridurre al massimo il rischio dei \u2018Blocca e Segnala\u2019 ed evitare il ban su WhatsApp\" \/>\n<meta property=\"og:url\" content=\"https:\/\/sendapp.cloud\/fr\/iscrizione-automatica-whatsapp\/\" \/>\n<meta property=\"og:site_name\" content=\"SendApp\" \/>\n<meta property=\"og:image\" content=\"https:\/\/sendapp.live\/wp-content\/uploads\/2024\/11\/Screenshot-2024-11-20-alle-19.47.57-2.png\" \/>\n<meta name=\"twitter:card\" content=\"summary_large_image\" \/>\n<meta name=\"twitter:label1\" content=\"Dur\u00e9e de lecture estim\u00e9e\" \/>\n\t<meta name=\"twitter:data1\" content=\"4 minutes\" \/>\n<script type=\"application\/ld+json\" class=\"yoast-schema-graph\">{\"@context\":\"https:\\\/\\\/schema.org\",\"@graph\":[{\"@type\":\"WebPage\",\"@id\":\"https:\\\/\\\/sendapp.cloud\\\/iscrizione-automatica-whatsapp\\\/\",\"url\":\"https:\\\/\\\/sendapp.cloud\\\/iscrizione-automatica-whatsapp\\\/\",\"name\":\"Iscrizione automatica whatsapp con SendApp\",\"isPartOf\":{\"@id\":\"https:\\\/\\\/sendapp.cloud\\\/en\\\/#website\"},\"primaryImageOfPage\":{\"@id\":\"https:\\\/\\\/sendapp.cloud\\\/iscrizione-automatica-whatsapp\\\/#primaryimage\"},\"image\":{\"@id\":\"https:\\\/\\\/sendapp.cloud\\\/iscrizione-automatica-whatsapp\\\/#primaryimage\"},\"thumbnailUrl\":\"https:\\\/\\\/sendapp.live\\\/wp-content\\\/uploads\\\/2024\\\/11\\\/Screenshot-2024-11-20-alle-19.47.57-2.png\",\"datePublished\":\"2024-11-20T17:46:27+00:00\",\"description\":\"Iscrizione automatica whatsapp per ridurre al massimo il rischio dei \u2018Blocca e Segnala\u2019 ed evitare il ban su WhatsApp\",\"breadcrumb\":{\"@id\":\"https:\\\/\\\/sendapp.cloud\\\/iscrizione-automatica-whatsapp\\\/#breadcrumb\"},\"inLanguage\":\"fr-FR\",\"potentialAction\":[{\"@type\":\"ReadAction\",\"target\":[\"https:\\\/\\\/sendapp.cloud\\\/iscrizione-automatica-whatsapp\\\/\"]}]},{\"@type\":\"ImageObject\",\"inLanguage\":\"fr-FR\",\"@id\":\"https:\\\/\\\/sendapp.cloud\\\/iscrizione-automatica-whatsapp\\\/#primaryimage\",\"url\":\"https:\\\/\\\/sendapp.live\\\/wp-content\\\/uploads\\\/2024\\\/11\\\/Screenshot-2024-11-20-alle-19.47.57-2.png\",\"contentUrl\":\"https:\\\/\\\/sendapp.live\\\/wp-content\\\/uploads\\\/2024\\\/11\\\/Screenshot-2024-11-20-alle-19.47.57-2.png\"},{\"@type\":\"BreadcrumbList\",\"@id\":\"https:\\\/\\\/sendapp.cloud\\\/iscrizione-automatica-whatsapp\\\/#breadcrumb\",\"itemListElement\":[{\"@type\":\"ListItem\",\"position\":1,\"name\":\"Home\",\"item\":\"https:\\\/\\\/sendapp.cloud\\\/\"},{\"@type\":\"ListItem\",\"position\":2,\"name\":\"Iscrizione automatica whatsapp con SendApp\"}]},{\"@type\":\"WebSite\",\"@id\":\"https:\\\/\\\/sendapp.cloud\\\/en\\\/#website\",\"url\":\"https:\\\/\\\/sendapp.cloud\\\/en\\\/\",\"name\":\"SendApp\",\"description\":\"Software Whatsapp Marketing\",\"publisher\":{\"@id\":\"https:\\\/\\\/sendapp.cloud\\\/en\\\/#organization\"},\"potentialAction\":[{\"@type\":\"SearchAction\",\"target\":{\"@type\":\"EntryPoint\",\"urlTemplate\":\"https:\\\/\\\/sendapp.cloud\\\/en\\\/?s={search_term_string}\"},\"query-input\":{\"@type\":\"PropertyValueSpecification\",\"valueRequired\":true,\"valueName\":\"search_term_string\"}}],\"inLanguage\":\"fr-FR\"},{\"@type\":\"Organization\",\"@id\":\"https:\\\/\\\/sendapp.cloud\\\/en\\\/#organization\",\"name\":\"SendApp\",\"url\":\"https:\\\/\\\/sendapp.cloud\\\/en\\\/\",\"logo\":{\"@type\":\"ImageObject\",\"inLanguage\":\"fr-FR\",\"@id\":\"https:\\\/\\\/sendapp.cloud\\\/en\\\/#\\\/schema\\\/logo\\\/image\\\/\",\"url\":\"https:\\\/\\\/sendapp.cloud\\\/wp-content\\\/uploads\\\/2024\\\/11\\\/Logo-bianco.png\",\"contentUrl\":\"https:\\\/\\\/sendapp.cloud\\\/wp-content\\\/uploads\\\/2024\\\/11\\\/Logo-bianco.png\",\"width\":145,\"height\":48,\"caption\":\"SendApp\"},\"image\":{\"@id\":\"https:\\\/\\\/sendapp.cloud\\\/en\\\/#\\\/schema\\\/logo\\\/image\\\/\"}}]}<\/script>\n<!-- \/ Yoast SEO plugin. -->","yoast_head_json":{"title":"Abonnement automatique \u00e0 WhatsApp avec SendApp","description":"Inscrivez-vous automatiquement \u00e0 WhatsApp pour minimiser le risque de blocage et de signalement et \u00e9viter d&#039;\u00eatre banni de WhatsApp.","robots":{"index":"index","follow":"follow","max-snippet":"max-snippet:-1","max-image-preview":"max-image-preview:large","max-video-preview":"max-video-preview:-1"},"canonical":"https:\/\/sendapp.cloud\/fr\/iscrizione-automatica-whatsapp\/","og_locale":"fr_FR","og_type":"article","og_title":"Iscrizione automatica whatsapp con SendApp","og_description":"Iscrizione automatica whatsapp per ridurre al massimo il rischio dei \u2018Blocca e Segnala\u2019 ed evitare il ban su WhatsApp","og_url":"https:\/\/sendapp.cloud\/fr\/iscrizione-automatica-whatsapp\/","og_site_name":"SendApp","og_image":[{"url":"https:\/\/sendapp.live\/wp-content\/uploads\/2024\/11\/Screenshot-2024-11-20-alle-19.47.57-2.png","type":"","width":"","height":""}],"twitter_card":"summary_large_image","twitter_misc":{"Dur\u00e9e de lecture estim\u00e9e":"4 minutes"},"schema":{"@context":"https:\/\/schema.org","@graph":[{"@type":"WebPage","@id":"https:\/\/sendapp.cloud\/iscrizione-automatica-whatsapp\/","url":"https:\/\/sendapp.cloud\/iscrizione-automatica-whatsapp\/","name":"Abonnement automatique \u00e0 WhatsApp avec SendApp","isPartOf":{"@id":"https:\/\/sendapp.cloud\/en\/#website"},"primaryImageOfPage":{"@id":"https:\/\/sendapp.cloud\/iscrizione-automatica-whatsapp\/#primaryimage"},"image":{"@id":"https:\/\/sendapp.cloud\/iscrizione-automatica-whatsapp\/#primaryimage"},"thumbnailUrl":"https:\/\/sendapp.live\/wp-content\/uploads\/2024\/11\/Screenshot-2024-11-20-alle-19.47.57-2.png","datePublished":"2024-11-20T17:46:27+00:00","description":"Inscrivez-vous automatiquement \u00e0 WhatsApp pour minimiser le risque de blocage et de signalement et \u00e9viter d&#039;\u00eatre banni de WhatsApp.","breadcrumb":{"@id":"https:\/\/sendapp.cloud\/iscrizione-automatica-whatsapp\/#breadcrumb"},"inLanguage":"fr-FR","potentialAction":[{"@type":"ReadAction","target":["https:\/\/sendapp.cloud\/iscrizione-automatica-whatsapp\/"]}]},{"@type":"ImageObject","inLanguage":"fr-FR","@id":"https:\/\/sendapp.cloud\/iscrizione-automatica-whatsapp\/#primaryimage","url":"https:\/\/sendapp.live\/wp-content\/uploads\/2024\/11\/Screenshot-2024-11-20-alle-19.47.57-2.png","contentUrl":"https:\/\/sendapp.live\/wp-content\/uploads\/2024\/11\/Screenshot-2024-11-20-alle-19.47.57-2.png"},{"@type":"BreadcrumbList","@id":"https:\/\/sendapp.cloud\/iscrizione-automatica-whatsapp\/#breadcrumb","itemListElement":[{"@type":"ListItem","position":1,"name":"Home","item":"https:\/\/sendapp.cloud\/"},{"@type":"ListItem","position":2,"name":"Iscrizione automatica whatsapp con SendApp"}]},{"@type":"WebSite","@id":"https:\/\/sendapp.cloud\/en\/#website","url":"https:\/\/sendapp.cloud\/en\/","name":"Envoyer une application","description":"Logiciel de marketing WhatsApp","publisher":{"@id":"https:\/\/sendapp.cloud\/en\/#organization"},"potentialAction":[{"@type":"SearchAction","target":{"@type":"EntryPoint","urlTemplate":"https:\/\/sendapp.cloud\/en\/?s={search_term_string}"},"query-input":{"@type":"PropertyValueSpecification","valueRequired":true,"valueName":"search_term_string"}}],"inLanguage":"fr-FR"},{"@type":"Organization","@id":"https:\/\/sendapp.cloud\/en\/#organization","name":"Envoyer une application","url":"https:\/\/sendapp.cloud\/en\/","logo":{"@type":"ImageObject","inLanguage":"fr-FR","@id":"https:\/\/sendapp.cloud\/en\/#\/schema\/logo\/image\/","url":"https:\/\/sendapp.cloud\/wp-content\/uploads\/2024\/11\/Logo-bianco.png","contentUrl":"https:\/\/sendapp.cloud\/wp-content\/uploads\/2024\/11\/Logo-bianco.png","width":145,"height":48,"caption":"SendApp"},"image":{"@id":"https:\/\/sendapp.cloud\/en\/#\/schema\/logo\/image\/"}}]}},"_links":{"self":[{"href":"https:\/\/sendapp.cloud\/fr\/wp-json\/wp\/v2\/pages\/32991","targetHints":{"allow":["GET"]}}],"collection":[{"href":"https:\/\/sendapp.cloud\/fr\/wp-json\/wp\/v2\/pages"}],"about":[{"href":"https:\/\/sendapp.cloud\/fr\/wp-json\/wp\/v2\/types\/page"}],"author":[{"embeddable":true,"href":"https:\/\/sendapp.cloud\/fr\/wp-json\/wp\/v2\/users\/1"}],"replies":[{"embeddable":true,"href":"https:\/\/sendapp.cloud\/fr\/wp-json\/wp\/v2\/comments?post=32991"}],"version-history":[{"count":0,"href":"https:\/\/sendapp.cloud\/fr\/wp-json\/wp\/v2\/pages\/32991\/revisions"}],"wp:attachment":[{"href":"https:\/\/sendapp.cloud\/fr\/wp-json\/wp\/v2\/media?parent=32991"}],"curies":[{"name":"wp","href":"https:\/\/api.w.org\/{rel}","templated":true}]}}