{"id":32983,"date":"2024-11-20T18:02:24","date_gmt":"2024-11-20T17:02:24","guid":{"rendered":"https:\/\/sendapp.live\/?page_id=32983"},"modified":"2025-01-20T16:00:02","modified_gmt":"2025-01-20T15:00:02","slug":"disiscritti-automatici-whatsapp","status":"publish","type":"page","link":"https:\/\/sendapp.cloud\/fr\/disiscritti-automatici-whatsapp\/","title":{"rendered":"D\u00e9sabonnez-vous automatiquement de WhatsApp avec SendApp"},"content":{"rendered":"<div id=\"fws_6a04c30a6437b\"  data-column-margin=\"default\" data-midnight=\"dark\"  class=\"wpb_row vc_row-fluid vc_row\"  style=\"padding-top: 0px; padding-bottom: 0px; \"><div class=\"row-bg-wrap\" data-bg-animation=\"none\" data-bg-animation-delay=\"\" data-bg-overlay=\"false\"><div class=\"inner-wrap row-bg-layer\" ><div class=\"row-bg viewport-desktop\"  style=\"\"><\/div><\/div><\/div><div class=\"row_col_wrap_12 col span_12 dark left\">\n\t<div  class=\"vc_col-sm-6 wpb_column column_container vc_column_container col no-extra-padding inherit_tablet inherit_phone\"  data-padding-pos=\"all\" data-has-bg-color=\"false\" data-bg-color=\"\" data-bg-opacity=\"1\" data-animation=\"\" data-delay=\"0\" >\n\t\t<div class=\"vc_column-inner\" >\n\t\t\t<div class=\"wpb_wrapper\">\n\t\t\t\t<div class=\"img-with-aniamtion-wrap\" data-max-width=\"100%\" data-max-width-mobile=\"default\" data-shadow=\"none\" data-animation=\"fade-in\" >\n      <div class=\"inner\">\n        <div class=\"hover-wrap\"> \n          <div class=\"hover-wrap-inner\">\n            <img loading=\"lazy\" decoding=\"async\" class=\"img-with-animation skip-lazy\" data-delay=\"0\" height=\"863\" width=\"931\" data-animation=\"fade-in\" src=\"https:\/\/sendapp.cloud\/wp-content\/uploads\/2025\/01\/unsubscribe-whatsapp-sendapp.png\" alt=\"\" srcset=\"https:\/\/sendapp.cloud\/wp-content\/uploads\/2025\/01\/unsubscribe-whatsapp-sendapp.png 931w, https:\/\/sendapp.cloud\/wp-content\/uploads\/2025\/01\/unsubscribe-whatsapp-sendapp-300x278.png 300w, https:\/\/sendapp.cloud\/wp-content\/uploads\/2025\/01\/unsubscribe-whatsapp-sendapp-768x712.png 768w, https:\/\/sendapp.cloud\/wp-content\/uploads\/2025\/01\/unsubscribe-whatsapp-sendapp-13x12.png 13w\" sizes=\"auto, (max-width: 931px) 100vw, 931px\" \/>\n          <\/div>\n        <\/div>\n      <\/div>\n    <\/div>\n\t\t\t<\/div> \n\t\t<\/div>\n\t<\/div> \n\n\t<div style=\"margin-top: 10%; \" class=\"vc_col-sm-6 wpb_column column_container vc_column_container col no-extra-padding inherit_tablet inherit_phone\"  data-padding-pos=\"all\" data-has-bg-color=\"false\" data-bg-color=\"\" data-bg-opacity=\"1\" data-animation=\"\" data-delay=\"0\" >\n\t\t<div class=\"vc_column-inner\" >\n\t\t\t<div class=\"wpb_wrapper\">\n\t\t\t\t\n<div class=\"wpb_text_column wpb_content_element\" >\n\t<div class=\"wpb_wrapper\">\n\t\t<h1 style=\"text-align: left;\"><span style=\"color: #008000;\">Guide de d\u00e9sabonnement automatique<\/span><\/h1>\n<h1 style=\"text-align: left;\"><span style=\"color: #008000;\">de WhatsApp avec Sendapp Desktop<\/span><\/h1>\n\t<\/div>\n<\/div>\n\n\n\n\n\t\t\t<\/div> \n\t\t<\/div>\n\t<\/div> \n<\/div><\/div>\n\t\t<div id=\"fws_6a04c30a66459\"  data-column-margin=\"default\" data-midnight=\"dark\"  class=\"wpb_row vc_row-fluid vc_row\"  style=\"padding-top: 0px; padding-bottom: 0px; \"><div class=\"row-bg-wrap\" data-bg-animation=\"none\" data-bg-animation-delay=\"\" data-bg-overlay=\"false\"><div class=\"inner-wrap row-bg-layer\" ><div class=\"row-bg viewport-desktop\"  style=\"\"><\/div><\/div><\/div><div class=\"row_col_wrap_12 col span_12 dark left\">\n\t<div  class=\"vc_col-sm-12 wpb_column column_container vc_column_container col no-extra-padding inherit_tablet inherit_phone\"  data-padding-pos=\"all\" data-has-bg-color=\"false\" data-bg-color=\"\" data-bg-opacity=\"1\" data-animation=\"\" data-delay=\"0\" >\n\t\t<div class=\"vc_column-inner\" >\n\t\t\t<div class=\"wpb_wrapper\">\n\t\t\t\t\n<div class=\"wpb_text_column wpb_content_element\" >\n\t<div class=\"wpb_wrapper\">\n\t\t<p class=\"p3\">La fonction de <b>D\u00e9sabonnement automatique<\/b> sur <a href=\"https:\/\/sendapp.live\/it\/sendapp-desktop-price\/\" target=\"_blank\" rel=\"noopener\">Sendapp Desktop<\/a> Elle vous permet d&#039;offrir \u00e0 vos clients un moyen simple et transparent de se d\u00e9sabonner de vos campagnes promotionnelles. Suivez ce guide pour configurer et exploiter pleinement cette fonctionnalit\u00e9 et g\u00e9rer les d\u00e9sabonnements.<\/p>\n<p><img loading=\"lazy\" decoding=\"async\" class=\"alignnone size-full wp-image-33038\" src=\"https:\/\/sendapp.live\/wp-content\/uploads\/2024\/11\/Screenshot-2024-11-20-alle-20.17.30.png\" alt=\"\" width=\"2558\" height=\"1538\" \/><\/p>\n<h3 class=\"p5\"><b>1. Activer le d\u00e9sabonnement automatique<\/b><b><\/b><\/h3>\n<p class=\"p6\">\u2022 Connectez-vous \u00e0 <b>Sendapp Desktop<\/b>.<br \/>\n\u2022 Cliquez sur le <b>neuvi\u00e8me ic\u00f4ne \u00e0 partir du haut<\/b> (Se d\u00e9sabonner).<br \/>\n\u2022 \u00c0 droite du champ de recherche, vous trouverez le bouton <b>D\u00e9sabonnement automatique<\/b>.<br \/>\n\u2022 Cliquez sur <b>D\u00e9sabonnement automatique<\/b>:une fen\u00eatre s&#039;ouvrira avec deux champs principaux.<\/p>\n<p><img loading=\"lazy\" decoding=\"async\" class=\"alignnone size-full wp-image-33040\" src=\"https:\/\/sendapp.live\/wp-content\/uploads\/2024\/11\/Screenshot-2024-11-20-alle-20.17.48-1.png\" alt=\"\" width=\"2558\" height=\"1538\" \/><\/p>\n<h3 class=\"p5\"><b>2. Configurer les messages de d\u00e9sabonnement<\/b><b><\/b><\/h3>\n<p class=\"p6\">\u2022<b>Entrez le mot-cl\u00e9<\/b>:<br \/>\n\u2022 Dans ce champ, \u00e9crivez le mot que les clients devront envoyer dans le chat pour se d\u00e9sinscrire.<br \/>\n\u2022 Exemple: <span class=\"s2\">d\u00e9sabonnez-moi<\/span>.<\/p>\n<p>\u2022<b>R\u00e9ponse automatique<\/b>:<br \/>\n\u2022 Saisissez ici le message de confirmation qui sera automatiquement envoy\u00e9 au client apr\u00e8s sa d\u00e9sinscription.<br \/>\n<span class=\"s3\">\u2022 Exemple: <\/span>La d\u00e9sinscription a r\u00e9ussi.<\/p>\n<p><img loading=\"lazy\" decoding=\"async\" class=\"alignnone size-full wp-image-33041\" src=\"https:\/\/sendapp.live\/wp-content\/uploads\/2024\/11\/Screenshot-2024-11-20-alle-20.18.06.png\" alt=\"\" width=\"2558\" height=\"1538\" \/><\/p>\n<h3 class=\"p5\"><b>3. Conseils \u00e0 utiliser dans les campagnes promotionnelles<\/b><b><\/b><\/h3>\n<p class=\"p3\">Pour garantir la transparence du processus et respecter le RGPD, nous vous recommandons d&#039;inclure un message de d\u00e9sabonnement dans vos campagnes promotionnelles. Voici un exemple \u00e0 ajouter \u00e0 la fin de vos messages\u00a0:<\/p>\n<p class=\"p9\">Si vous ne souhaitez plus recevoir de messages promotionnels, veuillez \u00e9crire <span class=\"s4\">\u00ab se d\u00e9sabonner \u00bb<\/span>.<br \/>\nDe cette fa\u00e7on, vos clients sauront comment se d\u00e9sinscrire facilement et sans complications.<\/p>\n<h3 class=\"p5\"><b>4. G\u00e9rer les contacts d\u00e9sabonn\u00e9s<\/b><b><\/b><\/h3>\n<p class=\"p3\">D\u00e8s qu&#039;un client soumet le mot-cl\u00e9 de d\u00e9sabonnement, il est automatiquement supprim\u00e9 de votre carnet d&#039;adresses de campagne actif. Cette fonctionnalit\u00e9 vous permet de g\u00e9rer vos contacts de mani\u00e8re organis\u00e9e et conforme.<\/p>\n<p class=\"p3\">Avec le <b>D\u00e9sabonnement automatique<\/b>Sendapp Desktop vous aide \u00e0 garantir des interactions respectueuses et professionnelles avec vos clients, am\u00e9liorant leur exp\u00e9rience et augmentant la confiance dans vos services.<\/p>\n<p><b>Activez cette fonctionnalit\u00e9 d\u00e8s aujourd&#039;hui pour offrir un service toujours plus transparent et personnalis\u00e9 !<\/b><\/p>\n\t<\/div>\n<\/div>\n\n\n\n\n\t\t\t<\/div> \n\t\t<\/div>\n\t<\/div> \n<\/div><\/div>\n\t\t<div id=\"fws_6a04c30a66f73\"  data-column-margin=\"default\" data-midnight=\"dark\"  class=\"wpb_row vc_row-fluid vc_row\"  style=\"padding-top: 0px; padding-bottom: 0px; \"><div class=\"row-bg-wrap\" data-bg-animation=\"none\" data-bg-animation-delay=\"\" data-bg-overlay=\"false\"><div class=\"inner-wrap row-bg-layer\" ><div class=\"row-bg viewport-desktop\"  style=\"\"><\/div><\/div><\/div><div class=\"row_col_wrap_12 col span_12 dark left\">\n\t<div  class=\"vc_col-sm-12 wpb_column column_container vc_column_container col no-extra-padding inherit_tablet inherit_phone\"  data-padding-pos=\"all\" data-has-bg-color=\"false\" data-bg-color=\"\" data-bg-opacity=\"1\" data-animation=\"\" data-delay=\"0\" >\n\t\t<div class=\"vc_column-inner\" >\n\t\t\t<div class=\"wpb_wrapper\">\n\t\t\t\t<div class=\"divider-wrap\" data-alignment=\"default\"><div style=\"height: 50px;\" class=\"divider\"><\/div><\/div>\n\t\t\t<\/div> \n\t\t<\/div>\n\t<\/div> \n<\/div><\/div>","protected":false},"excerpt":{"rendered":"Guide de d\u00e9sabonnement automatique WhatsApp avec Sendapp Desktop La fonctionnalit\u00e9 de d\u00e9sabonnement automatique de Sendapp Desktop vous permet d&#039;offrir \u00e0 vos clients un moyen simple et transparent de\u2026.","protected":false},"author":1,"featured_media":0,"parent":0,"menu_order":0,"comment_status":"closed","ping_status":"closed","template":"","meta":{"footnotes":""},"class_list":["post-32983","page","type-page","status-publish"],"yoast_head":"<!-- This site is optimized with the Yoast SEO plugin v27.4 - https:\/\/yoast.com\/product\/yoast-seo-wordpress\/ -->\n<title>Disiscritti automatici WhatsApp<\/title>\n<meta name=\"description\" content=\"Come effettuare le disiscrizioni automatiche whatsapp per evitare le segnalazioni delgi utenti di whatsapp\" \/>\n<meta name=\"robots\" content=\"index, follow, max-snippet:-1, max-image-preview:large, max-video-preview:-1\" \/>\n<link rel=\"canonical\" href=\"https:\/\/sendapp.cloud\/fr\/disiscritti-automatici-whatsapp\/\" \/>\n<meta property=\"og:locale\" content=\"fr_FR\" \/>\n<meta property=\"og:type\" content=\"article\" \/>\n<meta property=\"og:title\" content=\"Disiscritti automatici WhatsApp\" \/>\n<meta property=\"og:description\" content=\"Come effettuare le disiscrizioni automatiche whatsapp per evitare le segnalazioni delgi utenti di whatsapp\" \/>\n<meta property=\"og:url\" content=\"https:\/\/sendapp.cloud\/fr\/disiscritti-automatici-whatsapp\/\" \/>\n<meta property=\"og:site_name\" content=\"SendApp\" \/>\n<meta property=\"article:modified_time\" content=\"2025-01-20T15:00:02+00:00\" \/>\n<meta property=\"og:image\" content=\"https:\/\/sendapp.live\/wp-content\/uploads\/2024\/11\/Screenshot-2024-11-20-alle-20.17.30.png\" \/>\n<meta name=\"twitter:card\" content=\"summary_large_image\" \/>\n<meta name=\"twitter:label1\" content=\"Dur\u00e9e de lecture estim\u00e9e\" \/>\n\t<meta name=\"twitter:data1\" content=\"2 minutes\" \/>\n<script type=\"application\/ld+json\" class=\"yoast-schema-graph\">{\"@context\":\"https:\\\/\\\/schema.org\",\"@graph\":[{\"@type\":\"WebPage\",\"@id\":\"https:\\\/\\\/sendapp.cloud\\\/disiscritti-automatici-whatsapp\\\/\",\"url\":\"https:\\\/\\\/sendapp.cloud\\\/disiscritti-automatici-whatsapp\\\/\",\"name\":\"Disiscritti automatici WhatsApp\",\"isPartOf\":{\"@id\":\"https:\\\/\\\/sendapp.cloud\\\/en\\\/#website\"},\"primaryImageOfPage\":{\"@id\":\"https:\\\/\\\/sendapp.cloud\\\/disiscritti-automatici-whatsapp\\\/#primaryimage\"},\"image\":{\"@id\":\"https:\\\/\\\/sendapp.cloud\\\/disiscritti-automatici-whatsapp\\\/#primaryimage\"},\"thumbnailUrl\":\"https:\\\/\\\/sendapp.live\\\/wp-content\\\/uploads\\\/2024\\\/11\\\/Screenshot-2024-11-20-alle-20.17.30.png\",\"datePublished\":\"2024-11-20T17:02:24+00:00\",\"dateModified\":\"2025-01-20T15:00:02+00:00\",\"description\":\"Come effettuare le disiscrizioni automatiche whatsapp per evitare le segnalazioni delgi utenti di whatsapp\",\"breadcrumb\":{\"@id\":\"https:\\\/\\\/sendapp.cloud\\\/disiscritti-automatici-whatsapp\\\/#breadcrumb\"},\"inLanguage\":\"fr-FR\",\"potentialAction\":[{\"@type\":\"ReadAction\",\"target\":[\"https:\\\/\\\/sendapp.cloud\\\/disiscritti-automatici-whatsapp\\\/\"]}]},{\"@type\":\"ImageObject\",\"inLanguage\":\"fr-FR\",\"@id\":\"https:\\\/\\\/sendapp.cloud\\\/disiscritti-automatici-whatsapp\\\/#primaryimage\",\"url\":\"https:\\\/\\\/sendapp.live\\\/wp-content\\\/uploads\\\/2024\\\/11\\\/Screenshot-2024-11-20-alle-20.17.30.png\",\"contentUrl\":\"https:\\\/\\\/sendapp.live\\\/wp-content\\\/uploads\\\/2024\\\/11\\\/Screenshot-2024-11-20-alle-20.17.30.png\"},{\"@type\":\"BreadcrumbList\",\"@id\":\"https:\\\/\\\/sendapp.cloud\\\/disiscritti-automatici-whatsapp\\\/#breadcrumb\",\"itemListElement\":[{\"@type\":\"ListItem\",\"position\":1,\"name\":\"Home\",\"item\":\"https:\\\/\\\/sendapp.cloud\\\/\"},{\"@type\":\"ListItem\",\"position\":2,\"name\":\"Disiscritti automatici whatsapp con SendApp\"}]},{\"@type\":\"WebSite\",\"@id\":\"https:\\\/\\\/sendapp.cloud\\\/en\\\/#website\",\"url\":\"https:\\\/\\\/sendapp.cloud\\\/en\\\/\",\"name\":\"SendApp\",\"description\":\"Software Whatsapp Marketing\",\"publisher\":{\"@id\":\"https:\\\/\\\/sendapp.cloud\\\/en\\\/#organization\"},\"potentialAction\":[{\"@type\":\"SearchAction\",\"target\":{\"@type\":\"EntryPoint\",\"urlTemplate\":\"https:\\\/\\\/sendapp.cloud\\\/en\\\/?s={search_term_string}\"},\"query-input\":{\"@type\":\"PropertyValueSpecification\",\"valueRequired\":true,\"valueName\":\"search_term_string\"}}],\"inLanguage\":\"fr-FR\"},{\"@type\":\"Organization\",\"@id\":\"https:\\\/\\\/sendapp.cloud\\\/en\\\/#organization\",\"name\":\"SendApp\",\"url\":\"https:\\\/\\\/sendapp.cloud\\\/en\\\/\",\"logo\":{\"@type\":\"ImageObject\",\"inLanguage\":\"fr-FR\",\"@id\":\"https:\\\/\\\/sendapp.cloud\\\/en\\\/#\\\/schema\\\/logo\\\/image\\\/\",\"url\":\"https:\\\/\\\/sendapp.cloud\\\/wp-content\\\/uploads\\\/2024\\\/11\\\/Logo-bianco.png\",\"contentUrl\":\"https:\\\/\\\/sendapp.cloud\\\/wp-content\\\/uploads\\\/2024\\\/11\\\/Logo-bianco.png\",\"width\":145,\"height\":48,\"caption\":\"SendApp\"},\"image\":{\"@id\":\"https:\\\/\\\/sendapp.cloud\\\/en\\\/#\\\/schema\\\/logo\\\/image\\\/\"}}]}<\/script>\n<!-- \/ Yoast SEO plugin. -->","yoast_head_json":{"title":"D\u00e9sabonnements automatiques WhatsApp","description":"Comment se d\u00e9sinscrire automatiquement de WhatsApp pour \u00e9viter d&#039;\u00eatre signal\u00e9 par les utilisateurs de WhatsApp","robots":{"index":"index","follow":"follow","max-snippet":"max-snippet:-1","max-image-preview":"max-image-preview:large","max-video-preview":"max-video-preview:-1"},"canonical":"https:\/\/sendapp.cloud\/fr\/disiscritti-automatici-whatsapp\/","og_locale":"fr_FR","og_type":"article","og_title":"Disiscritti automatici WhatsApp","og_description":"Come effettuare le disiscrizioni automatiche whatsapp per evitare le segnalazioni delgi utenti di whatsapp","og_url":"https:\/\/sendapp.cloud\/fr\/disiscritti-automatici-whatsapp\/","og_site_name":"SendApp","article_modified_time":"2025-01-20T15:00:02+00:00","og_image":[{"url":"https:\/\/sendapp.live\/wp-content\/uploads\/2024\/11\/Screenshot-2024-11-20-alle-20.17.30.png","type":"","width":"","height":""}],"twitter_card":"summary_large_image","twitter_misc":{"Dur\u00e9e de lecture estim\u00e9e":"2 minutes"},"schema":{"@context":"https:\/\/schema.org","@graph":[{"@type":"WebPage","@id":"https:\/\/sendapp.cloud\/disiscritti-automatici-whatsapp\/","url":"https:\/\/sendapp.cloud\/disiscritti-automatici-whatsapp\/","name":"D\u00e9sabonnements automatiques WhatsApp","isPartOf":{"@id":"https:\/\/sendapp.cloud\/en\/#website"},"primaryImageOfPage":{"@id":"https:\/\/sendapp.cloud\/disiscritti-automatici-whatsapp\/#primaryimage"},"image":{"@id":"https:\/\/sendapp.cloud\/disiscritti-automatici-whatsapp\/#primaryimage"},"thumbnailUrl":"https:\/\/sendapp.live\/wp-content\/uploads\/2024\/11\/Screenshot-2024-11-20-alle-20.17.30.png","datePublished":"2024-11-20T17:02:24+00:00","dateModified":"2025-01-20T15:00:02+00:00","description":"Comment se d\u00e9sinscrire automatiquement de WhatsApp pour \u00e9viter d&#039;\u00eatre signal\u00e9 par les utilisateurs de WhatsApp","breadcrumb":{"@id":"https:\/\/sendapp.cloud\/disiscritti-automatici-whatsapp\/#breadcrumb"},"inLanguage":"fr-FR","potentialAction":[{"@type":"ReadAction","target":["https:\/\/sendapp.cloud\/disiscritti-automatici-whatsapp\/"]}]},{"@type":"ImageObject","inLanguage":"fr-FR","@id":"https:\/\/sendapp.cloud\/disiscritti-automatici-whatsapp\/#primaryimage","url":"https:\/\/sendapp.live\/wp-content\/uploads\/2024\/11\/Screenshot-2024-11-20-alle-20.17.30.png","contentUrl":"https:\/\/sendapp.live\/wp-content\/uploads\/2024\/11\/Screenshot-2024-11-20-alle-20.17.30.png"},{"@type":"BreadcrumbList","@id":"https:\/\/sendapp.cloud\/disiscritti-automatici-whatsapp\/#breadcrumb","itemListElement":[{"@type":"ListItem","position":1,"name":"Home","item":"https:\/\/sendapp.cloud\/"},{"@type":"ListItem","position":2,"name":"Disiscritti automatici whatsapp con SendApp"}]},{"@type":"WebSite","@id":"https:\/\/sendapp.cloud\/en\/#website","url":"https:\/\/sendapp.cloud\/en\/","name":"Envoyer une application","description":"Logiciel de marketing WhatsApp","publisher":{"@id":"https:\/\/sendapp.cloud\/en\/#organization"},"potentialAction":[{"@type":"SearchAction","target":{"@type":"EntryPoint","urlTemplate":"https:\/\/sendapp.cloud\/en\/?s={search_term_string}"},"query-input":{"@type":"PropertyValueSpecification","valueRequired":true,"valueName":"search_term_string"}}],"inLanguage":"fr-FR"},{"@type":"Organization","@id":"https:\/\/sendapp.cloud\/en\/#organization","name":"Envoyer une application","url":"https:\/\/sendapp.cloud\/en\/","logo":{"@type":"ImageObject","inLanguage":"fr-FR","@id":"https:\/\/sendapp.cloud\/en\/#\/schema\/logo\/image\/","url":"https:\/\/sendapp.cloud\/wp-content\/uploads\/2024\/11\/Logo-bianco.png","contentUrl":"https:\/\/sendapp.cloud\/wp-content\/uploads\/2024\/11\/Logo-bianco.png","width":145,"height":48,"caption":"SendApp"},"image":{"@id":"https:\/\/sendapp.cloud\/en\/#\/schema\/logo\/image\/"}}]}},"_links":{"self":[{"href":"https:\/\/sendapp.cloud\/fr\/wp-json\/wp\/v2\/pages\/32983","targetHints":{"allow":["GET"]}}],"collection":[{"href":"https:\/\/sendapp.cloud\/fr\/wp-json\/wp\/v2\/pages"}],"about":[{"href":"https:\/\/sendapp.cloud\/fr\/wp-json\/wp\/v2\/types\/page"}],"author":[{"embeddable":true,"href":"https:\/\/sendapp.cloud\/fr\/wp-json\/wp\/v2\/users\/1"}],"replies":[{"embeddable":true,"href":"https:\/\/sendapp.cloud\/fr\/wp-json\/wp\/v2\/comments?post=32983"}],"version-history":[{"count":2,"href":"https:\/\/sendapp.cloud\/fr\/wp-json\/wp\/v2\/pages\/32983\/revisions"}],"predecessor-version":[{"id":33126,"href":"https:\/\/sendapp.cloud\/fr\/wp-json\/wp\/v2\/pages\/32983\/revisions\/33126"}],"wp:attachment":[{"href":"https:\/\/sendapp.cloud\/fr\/wp-json\/wp\/v2\/media?parent=32983"}],"curies":[{"name":"wp","href":"https:\/\/api.w.org\/{rel}","templated":true}]}}