{"id":32278,"date":"2024-09-27T11:21:13","date_gmt":"2024-09-27T09:21:13","guid":{"rendered":"https:\/\/sendapp.live\/?page_id=32278"},"modified":"2025-01-20T15:58:20","modified_gmt":"2025-01-20T14:58:20","slug":"whatsapp-marketing-con-ghatgpt","status":"publish","type":"page","link":"https:\/\/sendapp.cloud\/fr\/whatsapp-marketing-con-ghatgpt\/","title":{"rendered":"Whatsapp Marketing con GhatGPT"},"content":{"rendered":"<div id=\"fws_69e5e43b1d433\"  data-column-margin=\"default\" data-midnight=\"dark\"  class=\"wpb_row vc_row-fluid vc_row\"  style=\"padding-top: 0px; padding-bottom: 0px; \"><div class=\"row-bg-wrap\" data-bg-animation=\"none\" data-bg-animation-delay=\"\" data-bg-overlay=\"false\"><div class=\"inner-wrap row-bg-layer\" ><div class=\"row-bg viewport-desktop\"  style=\"\"><\/div><\/div><\/div><div class=\"row_col_wrap_12 col span_12 dark left\">\n\t<div  class=\"vc_col-sm-6 wpb_column column_container vc_column_container col no-extra-padding inherit_tablet inherit_phone\"  data-padding-pos=\"all\" data-has-bg-color=\"false\" data-bg-color=\"\" data-bg-opacity=\"1\" data-animation=\"\" data-delay=\"0\" >\n\t\t<div class=\"vc_column-inner\" >\n\t\t\t<div class=\"wpb_wrapper\">\n\t\t\t\t<div class=\"img-with-aniamtion-wrap\" data-max-width=\"100%\" data-max-width-mobile=\"default\" data-shadow=\"none\" data-animation=\"fade-in\" >\n      <div class=\"inner\">\n        <div class=\"hover-wrap\"> \n          <div class=\"hover-wrap-inner\">\n            <img loading=\"lazy\" decoding=\"async\" class=\"img-with-animation skip-lazy\" data-delay=\"0\" height=\"512\" width=\"512\" data-animation=\"fade-in\" src=\"https:\/\/sendapp.cloud\/wp-content\/uploads\/2025\/01\/call-center-technical-support-ChatGPT.jpg\" alt=\"\" srcset=\"https:\/\/sendapp.cloud\/wp-content\/uploads\/2025\/01\/call-center-technical-support-ChatGPT.jpg 512w, https:\/\/sendapp.cloud\/wp-content\/uploads\/2025\/01\/call-center-technical-support-ChatGPT-300x300.jpg 300w, https:\/\/sendapp.cloud\/wp-content\/uploads\/2025\/01\/call-center-technical-support-ChatGPT-150x150.jpg 150w, https:\/\/sendapp.cloud\/wp-content\/uploads\/2025\/01\/call-center-technical-support-ChatGPT-12x12.jpg 12w, https:\/\/sendapp.cloud\/wp-content\/uploads\/2025\/01\/call-center-technical-support-ChatGPT-140x140.jpg 140w, https:\/\/sendapp.cloud\/wp-content\/uploads\/2025\/01\/call-center-technical-support-ChatGPT-100x100.jpg 100w, https:\/\/sendapp.cloud\/wp-content\/uploads\/2025\/01\/call-center-technical-support-ChatGPT-500x500.jpg 500w, https:\/\/sendapp.cloud\/wp-content\/uploads\/2025\/01\/call-center-technical-support-ChatGPT-350x350.jpg 350w\" sizes=\"auto, (max-width: 512px) 100vw, 512px\" \/>\n          <\/div>\n        <\/div>\n      <\/div>\n    <\/div>\n\t\t\t<\/div> \n\t\t<\/div>\n\t<\/div> \n\n\t<div  class=\"vc_col-sm-6 wpb_column column_container vc_column_container col no-extra-padding inherit_tablet inherit_phone\"  data-padding-pos=\"all\" data-has-bg-color=\"false\" data-bg-color=\"\" data-bg-opacity=\"1\" data-animation=\"\" data-delay=\"0\" >\n\t\t<div class=\"vc_column-inner\" >\n\t\t\t<div class=\"wpb_wrapper\">\n\t\t\t\t\n<div class=\"wpb_text_column wpb_content_element\" >\n\t<div class=\"wpb_wrapper\">\n\t\t<h2 style=\"text-align: left;\"><span style=\"color: #008000;\">Avec SendApp vous pouvez vous entra\u00eener<br \/>\n<\/span><span style=\"color: #008000;\">votre WhatsApp <\/span><span style=\"color: #008000;\">intelligent<br \/>\navoir toujours \u00e0 disposition<br \/>\nun assistant comp\u00e9tent<br \/>\npour r\u00e9pondre \u00e0 toutes les questions<br \/>\nen rapport avec votre entreprise<\/span><\/h2>\n\t<\/div>\n<\/div>\n\n\n\n\n<div class=\"wpb_text_column wpb_content_element\" >\n\t<div class=\"wpb_wrapper\">\n\t\t<h3 style=\"text-align: left;\"><span style=\"color: #808080;\">Con\u00e7u pour les petites et moyennes entreprises,<\/span><br \/>\n<span style=\"color: #808080;\">pour r\u00e9volutionner la communication client.<\/span><\/h3>\n\t<\/div>\n<\/div>\n\n\n\n<a class=\"nectar-button jumbo regular accent-color  regular-button\"  role=\"button\" style=\"\" target=\"_blank\" href=\"https:\/\/sendapp.live\/product\/sendapp-free-trial\/\" data-color-override=\"false\" data-hover-color-override=\"false\" data-hover-text-color-override=\"#fff\"><span>Essai gratuit<\/span><\/a>\n\t\t\t<\/div> \n\t\t<\/div>\n\t<\/div> \n<\/div><\/div>\n\t\t<div id=\"fws_69e5e43b1f259\"  data-column-margin=\"default\" data-midnight=\"dark\"  class=\"wpb_row vc_row-fluid vc_row\"  style=\"padding-top: 0px; padding-bottom: 0px; \"><div class=\"row-bg-wrap\" data-bg-animation=\"none\" data-bg-animation-delay=\"\" data-bg-overlay=\"false\"><div class=\"inner-wrap row-bg-layer\" ><div class=\"row-bg viewport-desktop\"  style=\"\"><\/div><\/div><\/div><div class=\"row_col_wrap_12 col span_12 dark left\">\n\t<div  class=\"vc_col-sm-12 wpb_column column_container vc_column_container col no-extra-padding inherit_tablet inherit_phone\"  data-padding-pos=\"all\" data-has-bg-color=\"false\" data-bg-color=\"\" data-bg-opacity=\"1\" data-animation=\"\" data-delay=\"0\" >\n\t\t<div class=\"vc_column-inner\" >\n\t\t\t<div class=\"wpb_wrapper\">\n\t\t\t\t\n<div class=\"wpb_text_column wpb_content_element\" >\n\t<div class=\"wpb_wrapper\">\n\t\t<p>Nous sommes ravis d&#039;annoncer une nouvelle importante sur <strong>Envoyer une application<\/strong>: l&#039;int\u00e9gration de la<strong>intelligence artificielle (IA)<\/strong> Pour une exp\u00e9rience de communication encore plus efficace et personnalis\u00e9e, cette nouvelle fonctionnalit\u00e9 vous permet d&#039;entra\u00eener votre chatbot \u00e0 r\u00e9pondre sp\u00e9cifiquement \u00e0 vos besoins, en utilisant diff\u00e9rentes sources telles que des URL, du texte, des PDF et des plans de site XML. Dans cet article, nous vous pr\u00e9senterons les nouvelles options d&#039;entra\u00eenement et vous expliquerons comment les utiliser au mieux.<\/p>\n<p>&nbsp;<\/p>\n<p><img loading=\"lazy\" decoding=\"async\" class=\"alignnone size-full wp-image-32283\" src=\"https:\/\/sendapp.live\/wp-content\/uploads\/2024\/09\/1-1.png\" alt=\"\" width=\"3455\" height=\"2158\" \/><\/p>\n<p>&nbsp;<\/p>\n<h3><strong>Comment fonctionne l&#039;intelligence artificielle dans Sendapp\u00a0?<\/strong><\/h3>\n<p>L&#039;int\u00e9gration de l&#039;IA dans Sendapp vous permet de cr\u00e9er une exp\u00e9rience de chatbot personnalis\u00e9e, rendant vos communications client plus cibl\u00e9es et pr\u00e9cises. Vous pouvez entra\u00eener l&#039;IA \u00e0 r\u00e9pondre aux questions \u00e0 partir de diverses sources de donn\u00e9es. Voici comment\u00a0:<\/p>\n<p>&nbsp;<\/p>\n<p><img loading=\"lazy\" decoding=\"async\" class=\"alignnone size-full wp-image-32286\" src=\"https:\/\/sendapp.live\/wp-content\/uploads\/2024\/09\/2-6.png\" alt=\"\" width=\"3455\" height=\"2158\" \/><\/p>\n<p>&nbsp;<\/p>\n<p><img loading=\"lazy\" decoding=\"async\" class=\"alignnone size-full wp-image-32287\" src=\"https:\/\/sendapp.live\/wp-content\/uploads\/2024\/09\/3-2.png\" alt=\"\" width=\"3455\" height=\"2159\" \/><\/p>\n<p>&nbsp;<\/p>\n<p><img loading=\"lazy\" decoding=\"async\" class=\"alignnone size-full wp-image-32288\" src=\"https:\/\/sendapp.live\/wp-content\/uploads\/2024\/09\/4-4.png\" alt=\"\" width=\"3455\" height=\"2157\" \/><\/p>\n<p>&nbsp;<\/p>\n<ul>\n<li><strong>Formation via URL, texte, PDF et plan du site XML<\/strong>\n<ul>\n<li>Vous pouvez ins\u00e9rer du contenu directement depuis des URL, des documents texte, des PDF et m\u00eame des plans de site XML pour entra\u00eener votre chatbot. Cela vous permet d&#039;utiliser des pages sp\u00e9cifiques ou des sites web entiers comme base de connaissances pour l&#039;IA.<\/li>\n<\/ul>\n<\/li>\n<\/ul>\n<p>&nbsp;<\/p>\n<p><img loading=\"lazy\" decoding=\"async\" class=\"alignnone size-full wp-image-32289\" src=\"https:\/\/sendapp.live\/wp-content\/uploads\/2024\/09\/5-3.png\" alt=\"\" width=\"3455\" height=\"2156\" \/><\/p>\n<ul>\n<li><strong>S\u00e9lectionnez le type de formation<\/strong>\n<ul>\n<li>Dans la section de configuration, s\u00e9lectionnez le type de formation que vous avez configur\u00e9 (URL, PDF, texte ou plan de site XML) et pr\u00e9parez-vous \u00e0 tester votre chatbot.<\/li>\n<\/ul>\n<\/li>\n<\/ul>\n<p>&nbsp;<\/p>\n<p><img loading=\"lazy\" decoding=\"async\" class=\"alignnone size-full wp-image-32290\" src=\"https:\/\/sendapp.live\/wp-content\/uploads\/2024\/09\/6-2.png\" alt=\"\" width=\"3455\" height=\"2157\" \/><\/p>\n<ul>\n<li><strong>Acqu\u00e9rir le jeton apr\u00e8s la formation<\/strong>\n<ul>\n<li>Apr\u00e8s avoir termin\u00e9 la formation avec les donn\u00e9es fournies (URL, PDF, texte ou plan de site XML), vous obtiendrez un <strong>Jeton<\/strong> sp\u00e9cifique. Ce jeton doit \u00eatre saisi dans le coin sup\u00e9rieur droit de l&#039;interface, \u00e0 c\u00f4t\u00e9 du champ Cl\u00e9 API.<\/li>\n<\/ul>\n<\/li>\n<\/ul>\n<p>&nbsp;<\/p>\n<p><img loading=\"lazy\" decoding=\"async\" class=\"alignnone size-full wp-image-32291\" src=\"https:\/\/sendapp.live\/wp-content\/uploads\/2024\/09\/7-3.png\" alt=\"\" width=\"3455\" height=\"2154\" \/><\/p>\n<p>&nbsp;<\/p>\n<ul>\n<li><strong>Obtenir la cl\u00e9 API du compte<\/strong>\n<ul>\n<li>Pour activer l&#039;IA, vous devrez obtenir votre <strong>Cl\u00e9 API<\/strong> depuis votre compte Sendapp. Vous devez saisir ce champ dans l&#039;interface, en haut \u00e0 droite, pour activer la fonctionnalit\u00e9 IA.<\/li>\n<\/ul>\n<\/li>\n<\/ul>\n<p>&nbsp;<\/p>\n<p><img loading=\"lazy\" decoding=\"async\" class=\"alignnone size-full wp-image-32292\" src=\"https:\/\/sendapp.live\/wp-content\/uploads\/2024\/09\/8-2.png\" alt=\"\" width=\"3455\" height=\"2157\" \/><\/p>\n<h4><strong>Testez votre chatbot et modifiez les r\u00e9ponses<\/strong><\/h4>\n<p>Une fois la configuration termin\u00e9e, vous pouvez commencer \u00e0 poser des questions \u00e0 votre chatbot pour tester les r\u00e9ponses g\u00e9n\u00e9r\u00e9es par l&#039;IA\u00a0:<\/p>\n<ul>\n<li><strong>Faites le test dans le chat<\/strong>\n<ul>\n<li>Essayez de poser des questions \u00e0 votre chatbot, en simulant les demandes potentielles de vos clients. Consultez les r\u00e9ponses directement dans le chat.<\/li>\n<\/ul>\n<\/li>\n<\/ul>\n<p>&nbsp;<\/p>\n<p><img loading=\"lazy\" decoding=\"async\" class=\"alignnone size-full wp-image-32293\" src=\"https:\/\/sendapp.live\/wp-content\/uploads\/2024\/09\/9-4.png\" alt=\"\" width=\"3455\" height=\"2149\" \/><\/p>\n<p>&nbsp;<\/p>\n<p><strong><img loading=\"lazy\" decoding=\"async\" class=\"alignnone size-full wp-image-32294\" src=\"https:\/\/sendapp.live\/wp-content\/uploads\/2024\/09\/10-3.png\" alt=\"\" width=\"3455\" height=\"2155\" \/><\/strong><\/p>\n<ul>\n<li><strong>Modifier les r\u00e9ponses en temps r\u00e9el<\/strong>\n<ul>\n<li>Si les r\u00e9ponses ne correspondent pas exactement \u00e0 vos attentes, vous pouvez facilement les modifier. Cliquez sur les trois points \u00e0 droite de la r\u00e9ponse du chatbot, modifiez le texte et enregistrez. L&#039;IA assimilera imm\u00e9diatement la modification.<\/li>\n<\/ul>\n<\/li>\n<\/ul>\n<p>&nbsp;<\/p>\n<p><img loading=\"lazy\" decoding=\"async\" class=\"alignnone size-full wp-image-32295\" src=\"https:\/\/sendapp.live\/wp-content\/uploads\/2024\/09\/11-5.png\" alt=\"\" width=\"3455\" height=\"2156\" \/><\/p>\n<p>&nbsp;<\/p>\n<p><strong><img loading=\"lazy\" decoding=\"async\" class=\"alignnone size-full wp-image-32297\" src=\"https:\/\/sendapp.live\/wp-content\/uploads\/2024\/09\/13-3.png\" alt=\"\" width=\"3455\" height=\"2156\" \/><\/strong><\/p>\n<ul>\n<li><strong>L&#039;IA qui apprend des changements<\/strong>\n<ul>\n<li>Une fois que vous modifiez une r\u00e9ponse, l&#039;IA prendra en compte le changement et r\u00e9pondra \u00e0 l&#039;avenir avec les nouvelles informations qu&#039;elle a apprises, am\u00e9liorant ainsi continuellement sa pr\u00e9cision.<\/li>\n<\/ul>\n<\/li>\n<\/ul>\n<h3><strong><img loading=\"lazy\" decoding=\"async\" class=\"alignnone size-full wp-image-32298\" src=\"https:\/\/sendapp.live\/wp-content\/uploads\/2024\/09\/14-3.png\" alt=\"\" width=\"3455\" height=\"2153\" \/><\/strong><\/h3>\n<h3><\/h3>\n<h3><strong>Pourquoi utiliser Sendapp AI ?<\/strong><\/h3>\n<p>L&#039;intelligence artificielle de Sendapp est con\u00e7ue pour rendre vos interactions clients plus fluides et plus pr\u00e9cises. Voici quelques avantages cl\u00e9s\u00a0:<\/p>\n<ul>\n<li><strong>Automatisation personnalis\u00e9e :<\/strong> Formez votre chatbot pour qu&#039;il refl\u00e8te parfaitement votre entreprise.<\/li>\n<li><strong>\u00c9volution des r\u00e9ponses :<\/strong> Gr\u00e2ce \u00e0 sa capacit\u00e9 d&#039;apprentissage, le chatbot s&#039;am\u00e9liore continuellement, s&#039;adaptant \u00e0 vos besoins.<\/li>\n<li><strong>Facilit\u00e9 d&#039;installation :<\/strong> En quelques clics, vous pouvez utiliser le contenu existant comme base de connaissances pour votre assistant virtuel.<\/li>\n<\/ul>\n<h3><strong>Conclusion<\/strong><\/h3>\n<p>L&#039;introduction de l&#039;intelligence artificielle dans Sendapp repr\u00e9sente un progr\u00e8s consid\u00e9rable pour ceux qui souhaitent automatiser leurs communications de mani\u00e8re intelligente et dynamique. Essayez d\u00e8s aujourd&#039;hui la nouvelle fonctionnalit\u00e9 d&#039;IA de Sendapp et d\u00e9couvrez comment transformer votre gestion des r\u00e9ponses clients et la rendre plus efficace que jamais.<\/p>\n<p><strong>Nous avons h\u00e2te de voir comment cette nouvelle fonctionnalit\u00e9 va r\u00e9volutionner votre fa\u00e7on de travailler. Essayez-la d\u00e8s maintenant et donnez-nous votre avis dans les commentaires\u00a0!<\/strong><\/p>\n\t<\/div>\n<\/div>\n\n\n\n\n\t\t\t<\/div> \n\t\t<\/div>\n\t<\/div> \n<\/div><\/div>","protected":false},"excerpt":{"rendered":"Con SendApp puoi addestrare il tuo WhatsApp intelligente per avere sempre a disposizione un assistente capace di rispondere a tutte le domande relative alla tua attivit\u00e0 Pensate per le piccole...","protected":false},"author":1,"featured_media":32280,"parent":0,"menu_order":0,"comment_status":"closed","ping_status":"closed","template":"","meta":{"footnotes":""},"class_list":["post-32278","page","type-page","status-publish","has-post-thumbnail"],"yoast_head":"<!-- This site is optimized with the Yoast SEO plugin v27.4 - https:\/\/yoast.com\/product\/yoast-seo-wordpress\/ -->\n<title>Whatsapp Marketing con l&#039;AI<\/title>\n<meta name=\"description\" content=\"Siamo entusiasti di annunciare un&#039;importante novit\u00e0 su Sendapp: l&#039;integrazione dell&#039;intelligenza artificiale (AI)...\" \/>\n<meta name=\"robots\" content=\"index, follow, max-snippet:-1, max-image-preview:large, max-video-preview:-1\" \/>\n<link rel=\"canonical\" href=\"https:\/\/sendapp.cloud\/fr\/whatsapp-marketing-con-ghatgpt\/\" \/>\n<meta property=\"og:locale\" content=\"fr_FR\" \/>\n<meta property=\"og:type\" content=\"article\" \/>\n<meta property=\"og:title\" content=\"Whatsapp Marketing con l&#039;AI\" \/>\n<meta property=\"og:description\" content=\"Siamo entusiasti di annunciare un&#039;importante novit\u00e0 su Sendapp: l&#039;integrazione dell&#039;intelligenza artificiale (AI)...\" \/>\n<meta property=\"og:url\" content=\"https:\/\/sendapp.cloud\/fr\/whatsapp-marketing-con-ghatgpt\/\" \/>\n<meta property=\"og:site_name\" content=\"SendApp\" \/>\n<meta property=\"article:modified_time\" content=\"2025-01-20T14:58:20+00:00\" \/>\n<meta name=\"twitter:card\" content=\"summary_large_image\" \/>\n<meta name=\"twitter:label1\" content=\"Dur\u00e9e de lecture estim\u00e9e\" \/>\n\t<meta name=\"twitter:data1\" content=\"6 minutes\" \/>\n<script type=\"application\/ld+json\" class=\"yoast-schema-graph\">{\"@context\":\"https:\\\/\\\/schema.org\",\"@graph\":[{\"@type\":\"WebPage\",\"@id\":\"https:\\\/\\\/sendapp.cloud\\\/whatsapp-marketing-con-ghatgpt\\\/\",\"url\":\"https:\\\/\\\/sendapp.cloud\\\/whatsapp-marketing-con-ghatgpt\\\/\",\"name\":\"Whatsapp Marketing con l'AI\",\"isPartOf\":{\"@id\":\"https:\\\/\\\/sendapp.cloud\\\/en\\\/#website\"},\"primaryImageOfPage\":{\"@id\":\"https:\\\/\\\/sendapp.cloud\\\/whatsapp-marketing-con-ghatgpt\\\/#primaryimage\"},\"image\":{\"@id\":\"https:\\\/\\\/sendapp.cloud\\\/whatsapp-marketing-con-ghatgpt\\\/#primaryimage\"},\"thumbnailUrl\":\"\",\"datePublished\":\"2024-09-27T09:21:13+00:00\",\"dateModified\":\"2025-01-20T14:58:20+00:00\",\"description\":\"Siamo entusiasti di annunciare un'importante novit\u00e0 su Sendapp: l'integrazione dell'intelligenza artificiale (AI)...\",\"breadcrumb\":{\"@id\":\"https:\\\/\\\/sendapp.cloud\\\/whatsapp-marketing-con-ghatgpt\\\/#breadcrumb\"},\"inLanguage\":\"fr-FR\",\"potentialAction\":[{\"@type\":\"ReadAction\",\"target\":[\"https:\\\/\\\/sendapp.cloud\\\/whatsapp-marketing-con-ghatgpt\\\/\"]}]},{\"@type\":\"ImageObject\",\"inLanguage\":\"fr-FR\",\"@id\":\"https:\\\/\\\/sendapp.cloud\\\/whatsapp-marketing-con-ghatgpt\\\/#primaryimage\",\"url\":\"\",\"contentUrl\":\"\"},{\"@type\":\"BreadcrumbList\",\"@id\":\"https:\\\/\\\/sendapp.cloud\\\/whatsapp-marketing-con-ghatgpt\\\/#breadcrumb\",\"itemListElement\":[{\"@type\":\"ListItem\",\"position\":1,\"name\":\"Home\",\"item\":\"https:\\\/\\\/sendapp.cloud\\\/\"},{\"@type\":\"ListItem\",\"position\":2,\"name\":\"Whatsapp Marketing con GhatGPT\"}]},{\"@type\":\"WebSite\",\"@id\":\"https:\\\/\\\/sendapp.cloud\\\/en\\\/#website\",\"url\":\"https:\\\/\\\/sendapp.cloud\\\/en\\\/\",\"name\":\"SendApp\",\"description\":\"Software Whatsapp Marketing\",\"publisher\":{\"@id\":\"https:\\\/\\\/sendapp.cloud\\\/en\\\/#organization\"},\"potentialAction\":[{\"@type\":\"SearchAction\",\"target\":{\"@type\":\"EntryPoint\",\"urlTemplate\":\"https:\\\/\\\/sendapp.cloud\\\/en\\\/?s={search_term_string}\"},\"query-input\":{\"@type\":\"PropertyValueSpecification\",\"valueRequired\":true,\"valueName\":\"search_term_string\"}}],\"inLanguage\":\"fr-FR\"},{\"@type\":\"Organization\",\"@id\":\"https:\\\/\\\/sendapp.cloud\\\/en\\\/#organization\",\"name\":\"SendApp\",\"url\":\"https:\\\/\\\/sendapp.cloud\\\/en\\\/\",\"logo\":{\"@type\":\"ImageObject\",\"inLanguage\":\"fr-FR\",\"@id\":\"https:\\\/\\\/sendapp.cloud\\\/en\\\/#\\\/schema\\\/logo\\\/image\\\/\",\"url\":\"https:\\\/\\\/sendapp.cloud\\\/wp-content\\\/uploads\\\/2024\\\/11\\\/Logo-bianco.png\",\"contentUrl\":\"https:\\\/\\\/sendapp.cloud\\\/wp-content\\\/uploads\\\/2024\\\/11\\\/Logo-bianco.png\",\"width\":145,\"height\":48,\"caption\":\"SendApp\"},\"image\":{\"@id\":\"https:\\\/\\\/sendapp.cloud\\\/en\\\/#\\\/schema\\\/logo\\\/image\\\/\"}}]}<\/script>\n<!-- \/ Yoast SEO plugin. -->","yoast_head_json":{"title":"Whatsapp Marketing con l'AI","description":"Siamo entusiasti di annunciare un'importante novit\u00e0 su Sendapp: l'integrazione dell'intelligenza artificiale (AI)...","robots":{"index":"index","follow":"follow","max-snippet":"max-snippet:-1","max-image-preview":"max-image-preview:large","max-video-preview":"max-video-preview:-1"},"canonical":"https:\/\/sendapp.cloud\/fr\/whatsapp-marketing-con-ghatgpt\/","og_locale":"fr_FR","og_type":"article","og_title":"Whatsapp Marketing con l'AI","og_description":"Siamo entusiasti di annunciare un'importante novit\u00e0 su Sendapp: l'integrazione dell'intelligenza artificiale (AI)...","og_url":"https:\/\/sendapp.cloud\/fr\/whatsapp-marketing-con-ghatgpt\/","og_site_name":"SendApp","article_modified_time":"2025-01-20T14:58:20+00:00","twitter_card":"summary_large_image","twitter_misc":{"Dur\u00e9e de lecture estim\u00e9e":"6 minutes"},"schema":{"@context":"https:\/\/schema.org","@graph":[{"@type":"WebPage","@id":"https:\/\/sendapp.cloud\/whatsapp-marketing-con-ghatgpt\/","url":"https:\/\/sendapp.cloud\/whatsapp-marketing-con-ghatgpt\/","name":"Whatsapp Marketing con l'AI","isPartOf":{"@id":"https:\/\/sendapp.cloud\/en\/#website"},"primaryImageOfPage":{"@id":"https:\/\/sendapp.cloud\/whatsapp-marketing-con-ghatgpt\/#primaryimage"},"image":{"@id":"https:\/\/sendapp.cloud\/whatsapp-marketing-con-ghatgpt\/#primaryimage"},"thumbnailUrl":"","datePublished":"2024-09-27T09:21:13+00:00","dateModified":"2025-01-20T14:58:20+00:00","description":"Siamo entusiasti di annunciare un'importante novit\u00e0 su Sendapp: l'integrazione dell'intelligenza artificiale (AI)...","breadcrumb":{"@id":"https:\/\/sendapp.cloud\/whatsapp-marketing-con-ghatgpt\/#breadcrumb"},"inLanguage":"fr-FR","potentialAction":[{"@type":"ReadAction","target":["https:\/\/sendapp.cloud\/whatsapp-marketing-con-ghatgpt\/"]}]},{"@type":"ImageObject","inLanguage":"fr-FR","@id":"https:\/\/sendapp.cloud\/whatsapp-marketing-con-ghatgpt\/#primaryimage","url":"","contentUrl":""},{"@type":"BreadcrumbList","@id":"https:\/\/sendapp.cloud\/whatsapp-marketing-con-ghatgpt\/#breadcrumb","itemListElement":[{"@type":"ListItem","position":1,"name":"Home","item":"https:\/\/sendapp.cloud\/"},{"@type":"ListItem","position":2,"name":"Whatsapp Marketing con GhatGPT"}]},{"@type":"WebSite","@id":"https:\/\/sendapp.cloud\/en\/#website","url":"https:\/\/sendapp.cloud\/en\/","name":"Envoyer une application","description":"Logiciel de marketing WhatsApp","publisher":{"@id":"https:\/\/sendapp.cloud\/en\/#organization"},"potentialAction":[{"@type":"SearchAction","target":{"@type":"EntryPoint","urlTemplate":"https:\/\/sendapp.cloud\/en\/?s={search_term_string}"},"query-input":{"@type":"PropertyValueSpecification","valueRequired":true,"valueName":"search_term_string"}}],"inLanguage":"fr-FR"},{"@type":"Organization","@id":"https:\/\/sendapp.cloud\/en\/#organization","name":"Envoyer une application","url":"https:\/\/sendapp.cloud\/en\/","logo":{"@type":"ImageObject","inLanguage":"fr-FR","@id":"https:\/\/sendapp.cloud\/en\/#\/schema\/logo\/image\/","url":"https:\/\/sendapp.cloud\/wp-content\/uploads\/2024\/11\/Logo-bianco.png","contentUrl":"https:\/\/sendapp.cloud\/wp-content\/uploads\/2024\/11\/Logo-bianco.png","width":145,"height":48,"caption":"SendApp"},"image":{"@id":"https:\/\/sendapp.cloud\/en\/#\/schema\/logo\/image\/"}}]}},"_links":{"self":[{"href":"https:\/\/sendapp.cloud\/fr\/wp-json\/wp\/v2\/pages\/32278","targetHints":{"allow":["GET"]}}],"collection":[{"href":"https:\/\/sendapp.cloud\/fr\/wp-json\/wp\/v2\/pages"}],"about":[{"href":"https:\/\/sendapp.cloud\/fr\/wp-json\/wp\/v2\/types\/page"}],"author":[{"embeddable":true,"href":"https:\/\/sendapp.cloud\/fr\/wp-json\/wp\/v2\/users\/1"}],"replies":[{"embeddable":true,"href":"https:\/\/sendapp.cloud\/fr\/wp-json\/wp\/v2\/comments?post=32278"}],"version-history":[{"count":2,"href":"https:\/\/sendapp.cloud\/fr\/wp-json\/wp\/v2\/pages\/32278\/revisions"}],"predecessor-version":[{"id":33123,"href":"https:\/\/sendapp.cloud\/fr\/wp-json\/wp\/v2\/pages\/32278\/revisions\/33123"}],"wp:featuredmedia":[{"embeddable":true,"href":"https:\/\/sendapp.cloud\/fr\/wp-json\/"}],"wp:attachment":[{"href":"https:\/\/sendapp.cloud\/fr\/wp-json\/wp\/v2\/media?parent=32278"}],"curies":[{"name":"wp","href":"https:\/\/api.w.org\/{rel}","templated":true}]}}