{"id":32237,"date":"2024-09-23T10:23:39","date_gmt":"2024-09-23T08:23:39","guid":{"rendered":"https:\/\/sendapp.live\/?page_id=32237"},"modified":"2024-09-23T10:23:39","modified_gmt":"2024-09-23T08:23:39","slug":"automatizzare-whatsapp-con-pabbly","status":"publish","type":"page","link":"https:\/\/sendapp.cloud\/fr\/automatizzare-whatsapp-con-pabbly\/","title":{"rendered":"Automatisez vos conversations WhatsApp avec Pabbly"},"content":{"rendered":"<p>&nbsp;<\/p>\n<h2><strong>Introduction<\/strong><\/h2>\n<p>Automatisez votre communication via <strong>WhatsApp<\/strong> en utilisant <strong>Envoyer une application<\/strong> Et <strong>Google Sheets<\/strong> c&#039;est possible gr\u00e2ce \u00e0 <strong>Pabbly<\/strong>, un outil d&#039;automatisation qui simplifie les flux de travail entre diff\u00e9rentes applications. Dans ce guide, nous vous montrerons comment int\u00e9grer Sendapp \u00e0 Google Sheets gr\u00e2ce \u00e0 Pabbly pour envoyer automatiquement des messages WhatsApp d\u00e8s que de nouvelles donn\u00e9es sont ajout\u00e9es \u00e0 la feuille de calcul.<\/p>\n<h3><strong>\u00c9tape 1 : Ce dont vous avez besoin<\/strong><\/h3>\n<p>Avant de commencer, assurez-vous d\u2019avoir :<\/p>\n<ul>\n<li>Un compte <strong>Sendapp Cloud<\/strong> actif.<\/li>\n<\/ul>\n<p>&nbsp;<\/p>\n<p><img loading=\"lazy\" decoding=\"async\" class=\"alignnone size-full wp-image-32216\" src=\"https:\/\/sendapp.live\/wp-content\/uploads\/2024\/09\/1-copia-1.png\" alt=\"\" width=\"3454\" height=\"1893\" \/><\/p>\n<p>&nbsp;<\/p>\n<ul>\n<li>Un compte <strong>Pabbly<\/strong> (vous pouvez vous inscrire sur <a href=\"https:\/\/www.pabbly.com\/\" target=\"_new\" rel=\"noopener\">Pabbly<\/a>).<\/li>\n<\/ul>\n<p>&nbsp;<\/p>\n<p>&nbsp;<\/p>\n<p><img loading=\"lazy\" decoding=\"async\" class=\"alignnone size-full wp-image-32217\" src=\"https:\/\/sendapp.live\/wp-content\/uploads\/2024\/09\/2-3.png\" alt=\"\" width=\"3451\" height=\"1914\" \/><\/p>\n<p>&nbsp;<\/p>\n<ul>\n<li>Acc\u00e8s \u00e0 <strong>Google Sheets<\/strong> avec le plugin d&#039;int\u00e9gration Pabbly install\u00e9.<\/li>\n<\/ul>\n<p>&nbsp;<\/p>\n<h3><strong><img loading=\"lazy\" decoding=\"async\" class=\"alignnone size-full wp-image-32218\" src=\"https:\/\/sendapp.live\/wp-content\/uploads\/2024\/09\/3-copia.png\" alt=\"\" width=\"3453\" height=\"1914\" \/><\/strong><\/h3>\n<h3><\/h3>\n<h3><strong>\u00c9tape 2\u00a0: Installer l&#039;int\u00e9gration Pabbly dans Google Sheets<\/strong><\/h3>\n<ul>\n<li>Ouvrir <strong>Google Sheets<\/strong> et monter <strong>Extensions &gt; Modules compl\u00e9mentaires<\/strong>.<\/li>\n<\/ul>\n<p>&nbsp;<\/p>\n<p><img loading=\"lazy\" decoding=\"async\" class=\"alignnone size-full wp-image-32219\" src=\"https:\/\/sendapp.live\/wp-content\/uploads\/2024\/09\/10-2.png\" alt=\"\" width=\"3449\" height=\"1914\" \/><\/p>\n<p>&nbsp;<\/p>\n<ul>\n<li>Rechercher et installer le module compl\u00e9mentaire <strong>Pabbly Connect<\/strong>.<\/li>\n<\/ul>\n<p>&nbsp;<\/p>\n<p><img loading=\"lazy\" decoding=\"async\" class=\"alignnone size-full wp-image-32220\" src=\"https:\/\/sendapp.live\/wp-content\/uploads\/2024\/09\/9-3.png\" alt=\"\" width=\"3446\" height=\"1912\" \/><\/p>\n<p>&nbsp;<\/p>\n<ul>\n<li>Copiez le Webhook que Pabbly fournira et s\u00e9lectionnez la colonne D\u00e9clencheur<\/li>\n<\/ul>\n<h3><strong><img loading=\"lazy\" decoding=\"async\" class=\"alignnone size-full wp-image-32221\" src=\"https:\/\/sendapp.live\/wp-content\/uploads\/2024\/09\/11-3.png\" alt=\"\" width=\"3451\" height=\"1913\" \/><\/strong><\/h3>\n<h3><\/h3>\n<h3><strong>\u00c9tape 3\u00a0: Cr\u00e9er un compte Pabbly et configurer le flux de travail<\/strong><\/h3>\n<ul>\n<li>Connectez-vous ou inscrivez-vous pour votre compte <strong>Pabbly<\/strong> sur <a href=\"https:\/\/www.pabbly.com\/\" target=\"_new\" rel=\"noopener\">pabbly.com<\/a>.<\/li>\n<\/ul>\n<p>&nbsp;<\/p>\n<p><img loading=\"lazy\" decoding=\"async\" class=\"alignnone size-full wp-image-32223\" src=\"https:\/\/sendapp.live\/wp-content\/uploads\/2024\/09\/4-3.png\" alt=\"\" width=\"3449\" height=\"1908\" \/><\/p>\n<p>&nbsp;<\/p>\n<ul>\n<li>Cliquez sur <strong>Cr\u00e9er un flux de travail<\/strong> pour cr\u00e9er un nouveau flux de travail.<\/li>\n<\/ul>\n<p>&nbsp;<\/p>\n<p>&nbsp;<\/p>\n<p><img loading=\"lazy\" decoding=\"async\" class=\"alignnone size-full wp-image-32224\" src=\"https:\/\/sendapp.live\/wp-content\/uploads\/2024\/09\/5-2.png\" alt=\"\" width=\"3449\" height=\"1806\" \/><\/p>\n<p>&nbsp;<\/p>\n<ul>\n<li>Donnez un nom \u00e0 votre flux de travail, par exemple <strong>\u00ab\u00a0Automatisation de Sendapp vers Google Sheets\u00a0\u00bb<\/strong>.<\/li>\n<\/ul>\n<h3><strong>\u00c9tape 4\u00a0: Configurer le d\u00e9clencheur dans Pabbly<\/strong><\/h3>\n<ul>\n<li>Dans le flux de travail nouvellement cr\u00e9\u00e9, s\u00e9lectionnez <strong>Google Sheets<\/strong> comme Trigger App.<\/li>\n<\/ul>\n<p>&nbsp;<\/p>\n<p>&nbsp;<\/p>\n<p><img loading=\"lazy\" decoding=\"async\" class=\"alignnone size-full wp-image-32225\" src=\"https:\/\/sendapp.live\/wp-content\/uploads\/2024\/09\/6-1.png\" alt=\"\" width=\"3448\" height=\"1798\" \/><\/p>\n<p>&nbsp;<\/p>\n<ul>\n<li>Choisissez le d\u00e9clencheur <strong>\u00ab\u00a0Nouvelle ligne de feuille de calcul\u00a0\u00bb<\/strong>, qui s&#039;activera lorsqu&#039;une nouvelle ligne sera ajout\u00e9e \u00e0 votre feuille Google.<\/li>\n<\/ul>\n<p>&nbsp;<\/p>\n<p><img loading=\"lazy\" decoding=\"async\" class=\"alignnone size-full wp-image-32226\" src=\"https:\/\/sendapp.live\/wp-content\/uploads\/2024\/09\/7-2.png\" alt=\"\" width=\"3449\" height=\"1800\" \/><\/p>\n<p>&nbsp;<\/p>\n<ul>\n<li>Pabbly vous fournira un <strong>URL du webhook<\/strong>Copiez cette URL dans l\u2019extension que vous avez t\u00e9l\u00e9charg\u00e9e dans Google Sheets.<\/li>\n<\/ul>\n<p>&nbsp;<\/p>\n<h3><strong>\u00c9tape 5\u00a0: ajouter le Webhook \u00e0 la feuille Google<\/strong><\/h3>\n<ul>\n<li>Retour en haut <strong>Google Sheets<\/strong>, monter <strong>Extensions &gt; Pabbly Connect<\/strong>.<\/li>\n<li>Collez le <strong>URL du webhook<\/strong> fourni par Pabbly dans la configuration de Google Sheet.<\/li>\n<li>Enregistrez et fermez la configuration. Chaque nouvelle ligne ins\u00e9r\u00e9e dans la feuille enverra des donn\u00e9es au webhook Pabbly.<\/li>\n<\/ul>\n<h3><strong><img loading=\"lazy\" decoding=\"async\" class=\"alignnone size-full wp-image-32227\" src=\"https:\/\/sendapp.live\/wp-content\/uploads\/2024\/09\/11-4.png\" alt=\"\" width=\"3451\" height=\"1913\" \/><\/strong><\/h3>\n<h3><\/h3>\n<h3><strong>\u00c9tape 6\u00a0: Effectuer le test d\u2019envoi<\/strong><\/h3>\n<ul>\n<li>Ajoutez une nouvelle ligne dans la feuille Google avec les donn\u00e9es que vous souhaitez envoyer via Sendapp (par exemple, num\u00e9ro de t\u00e9l\u00e9phone, message, etc.).<\/li>\n<li>Allez sur Pabbly et cliquez sur <strong>Test de webhook<\/strong> pour garantir que les donn\u00e9es sont re\u00e7ues correctement.<\/li>\n<\/ul>\n<h3><strong>\u00c9tape 7\u00a0: Ajouter Sendapp comme action dans le flux de travail<\/strong><\/h3>\n<ul>\n<li>Apr\u00e8s avoir configur\u00e9 le d\u00e9clencheur, cliquez sur Ajouter une action et s\u00e9lectionnez Sendapp comme action <strong>Appli.<\/strong><\/li>\n<\/ul>\n<p>&nbsp;<\/p>\n<p><strong><img loading=\"lazy\" decoding=\"async\" class=\"alignnone size-full wp-image-32229\" src=\"https:\/\/sendapp.live\/wp-content\/uploads\/2024\/09\/12-3.png\" alt=\"\" width=\"3447\" height=\"1912\" \/><\/strong><\/p>\n<p>&nbsp;<\/p>\n<ul>\n<li><strong>Connectez votre compte Sendapp en saisissant le jeton d&#039;acc\u00e8s et l&#039;ID d&#039;instance, qui p<\/strong>Vous pouvez l&#039;obtenir \u00e0 partir de votre profil Sendapp en scannant le <strong>Code QR<\/strong> avec l&#039;application WhatsApp.<\/li>\n<\/ul>\n<h3><strong><img loading=\"lazy\" decoding=\"async\" class=\"alignnone size-full wp-image-32230\" src=\"https:\/\/sendapp.live\/wp-content\/uploads\/2024\/09\/13-2.png\" alt=\"\" width=\"3449\" height=\"1921\" \/><\/strong><\/h3>\n<h3><\/h3>\n<h3><strong><img loading=\"lazy\" decoding=\"async\" class=\"alignnone size-full wp-image-32231\" src=\"https:\/\/sendapp.live\/wp-content\/uploads\/2024\/09\/14-2.png\" alt=\"\" width=\"3449\" height=\"1919\" \/><\/strong><\/h3>\n<h3><\/h3>\n<p><img loading=\"lazy\" decoding=\"async\" class=\"alignnone size-full wp-image-32232\" src=\"https:\/\/sendapp.live\/wp-content\/uploads\/2024\/09\/15-3.png\" alt=\"\" width=\"3453\" height=\"1917\" \/><\/p>\n<h3><strong>\u00c9tape 8\u00a0: Configurer les d\u00e9tails de l&#039;action Sendapp<\/strong><\/h3>\n<ul>\n<li>Dans le champ Num\u00e9ro de t\u00e9l\u00e9phone, s\u00e9lectionnez le num\u00e9ro de t\u00e9l\u00e9phone dans la feuille Google.<\/li>\n<li>D\u00e9finissez le type de message sur Texte.<\/li>\n<li>Structurez votre message personnalis\u00e9 en utilisant les champs de la feuille de calcul.<strong>le <\/strong>Google, comme le nom et d&#039;autres informations sp\u00e9cifiques.<\/li>\n<li>Cliquez sur <strong>Enregistrer et envoyer une demande de test<\/strong> pour tester l&#039;envoi du message.<\/li>\n<\/ul>\n<p>&nbsp;<\/p>\n<h3><strong><img loading=\"lazy\" decoding=\"async\" class=\"alignnone size-full wp-image-32233\" src=\"https:\/\/sendapp.live\/wp-content\/uploads\/2024\/09\/16-1.png\" alt=\"\" width=\"3447\" height=\"1919\" \/><\/strong><\/h3>\n<h3><\/h3>\n<h3><strong>\u00c9tape 9\u00a0: Activer le flux de travail<\/strong><\/h3>\n<ol>\n<li><strong>Si le test r\u00e9ussit, cliquez sur Enregistrer, puis sur Activer le flux de travail.<\/strong><\/li>\n<li><strong>\u00c0 partir de maintenant, chaque fois que vous ajoutez une nouvelle ligne dans votre feuille Go<\/strong>ogle, Sendapp enverra automatiquement un message WhatsApp au destinataire.<\/li>\n<\/ol>\n<p>&nbsp;<\/p>\n<p><img loading=\"lazy\" decoding=\"async\" class=\"alignnone size-full wp-image-32234\" src=\"https:\/\/sendapp.live\/wp-content\/uploads\/2024\/09\/17-1.png\" alt=\"\" width=\"3448\" height=\"1796\" \/><\/p>\n<h3><strong>Conclusion<\/strong><\/h3>\n<p>Connecter <strong>Envoyer une application<\/strong> \u00e0 <strong>Google Sheets<\/strong> \u00e0 travers <strong>Pabbly<\/strong> Il vous permet d&#039;automatiser vos communications WhatsApp sans intervention manuelle. Ce flux de travail est id\u00e9al pour g\u00e9rer efficacement votre liste de contacts et envoyer facilement des messages personnalis\u00e9s. Suivez ces \u00e9tapes simples pour d\u00e9marrer et d\u00e9couvrez l&#039;utilit\u00e9 de cette automatisation pour votre entreprise\u00a0!<\/p>","protected":false},"excerpt":{"rendered":"<p>&nbsp; Introduzione Automatizzare la tua comunicazione tramite WhatsApp utilizzando Sendapp e Google Sheets \u00e8 possibile grazie a Pabbly, uno strumento di automazione che semplifica i flussi di lavoro tra diverse&#8230;<\/p>","protected":false},"author":1,"featured_media":32235,"parent":0,"menu_order":0,"comment_status":"closed","ping_status":"closed","template":"","meta":{"footnotes":""},"class_list":["post-32237","page","type-page","status-publish","has-post-thumbnail"],"yoast_head":"<!-- This site is optimized with the Yoast SEO plugin v26.8 - https:\/\/yoast.com\/product\/yoast-seo-wordpress\/ -->\n<title>Automatizzare Whatsapp con Pabbly<\/title>\n<meta name=\"description\" content=\"Automatizzare la tua comunicazione tramite WhatsApp utilizzando Sendapp e Google Sheets \u00e8 possibile grazie a Pabbly, uno strumento...\" \/>\n<meta name=\"robots\" content=\"index, follow, max-snippet:-1, max-image-preview:large, max-video-preview:-1\" \/>\n<link rel=\"canonical\" href=\"https:\/\/sendapp.cloud\/fr\/automatizzare-whatsapp-con-pabbly\/\" \/>\n<meta property=\"og:locale\" content=\"fr_FR\" \/>\n<meta property=\"og:type\" content=\"article\" \/>\n<meta property=\"og:title\" content=\"Automatizzare Whatsapp con Pabbly\" \/>\n<meta property=\"og:description\" content=\"Automatizzare la tua comunicazione tramite WhatsApp utilizzando Sendapp e Google Sheets \u00e8 possibile grazie a Pabbly, uno strumento...\" \/>\n<meta property=\"og:url\" content=\"https:\/\/sendapp.cloud\/fr\/automatizzare-whatsapp-con-pabbly\/\" \/>\n<meta property=\"og:site_name\" content=\"SendApp\" \/>\n<meta name=\"twitter:card\" content=\"summary_large_image\" \/>\n<meta name=\"twitter:label1\" content=\"Dur\u00e9e de lecture estim\u00e9e\" \/>\n\t<meta name=\"twitter:data1\" content=\"1 minute\" \/>\n<script type=\"application\/ld+json\" class=\"yoast-schema-graph\">{\"@context\":\"https:\/\/schema.org\",\"@graph\":[{\"@type\":\"WebPage\",\"@id\":\"https:\/\/sendapp.cloud\/automatizzare-whatsapp-con-pabbly\/\",\"url\":\"https:\/\/sendapp.cloud\/automatizzare-whatsapp-con-pabbly\/\",\"name\":\"Automatizzare Whatsapp con Pabbly\",\"isPartOf\":{\"@id\":\"https:\/\/sendapp.cloud\/en\/#website\"},\"primaryImageOfPage\":{\"@id\":\"https:\/\/sendapp.cloud\/automatizzare-whatsapp-con-pabbly\/#primaryimage\"},\"image\":{\"@id\":\"https:\/\/sendapp.cloud\/automatizzare-whatsapp-con-pabbly\/#primaryimage\"},\"thumbnailUrl\":\"\",\"datePublished\":\"2024-09-23T08:23:39+00:00\",\"description\":\"Automatizzare la tua comunicazione tramite WhatsApp utilizzando Sendapp e Google Sheets \u00e8 possibile grazie a Pabbly, uno strumento...\",\"breadcrumb\":{\"@id\":\"https:\/\/sendapp.cloud\/automatizzare-whatsapp-con-pabbly\/#breadcrumb\"},\"inLanguage\":\"fr-FR\",\"potentialAction\":[{\"@type\":\"ReadAction\",\"target\":[\"https:\/\/sendapp.cloud\/automatizzare-whatsapp-con-pabbly\/\"]}]},{\"@type\":\"ImageObject\",\"inLanguage\":\"fr-FR\",\"@id\":\"https:\/\/sendapp.cloud\/automatizzare-whatsapp-con-pabbly\/#primaryimage\",\"url\":\"\",\"contentUrl\":\"\"},{\"@type\":\"BreadcrumbList\",\"@id\":\"https:\/\/sendapp.cloud\/automatizzare-whatsapp-con-pabbly\/#breadcrumb\",\"itemListElement\":[{\"@type\":\"ListItem\",\"position\":1,\"name\":\"Home\",\"item\":\"https:\/\/sendapp.cloud\/\"},{\"@type\":\"ListItem\",\"position\":2,\"name\":\"Automatizzare Whatsapp con Pabbly\"}]},{\"@type\":\"WebSite\",\"@id\":\"https:\/\/sendapp.cloud\/en\/#website\",\"url\":\"https:\/\/sendapp.cloud\/en\/\",\"name\":\"SendApp\",\"description\":\"Software Whatsapp Marketing\",\"publisher\":{\"@id\":\"https:\/\/sendapp.cloud\/en\/#organization\"},\"potentialAction\":[{\"@type\":\"SearchAction\",\"target\":{\"@type\":\"EntryPoint\",\"urlTemplate\":\"https:\/\/sendapp.cloud\/en\/?s={search_term_string}\"},\"query-input\":{\"@type\":\"PropertyValueSpecification\",\"valueRequired\":true,\"valueName\":\"search_term_string\"}}],\"inLanguage\":\"fr-FR\"},{\"@type\":\"Organization\",\"@id\":\"https:\/\/sendapp.cloud\/en\/#organization\",\"name\":\"SendApp\",\"url\":\"https:\/\/sendapp.cloud\/en\/\",\"logo\":{\"@type\":\"ImageObject\",\"inLanguage\":\"fr-FR\",\"@id\":\"https:\/\/sendapp.cloud\/en\/#\/schema\/logo\/image\/\",\"url\":\"https:\/\/sendapp.cloud\/wp-content\/uploads\/2024\/11\/Logo-bianco.png\",\"contentUrl\":\"https:\/\/sendapp.cloud\/wp-content\/uploads\/2024\/11\/Logo-bianco.png\",\"width\":145,\"height\":48,\"caption\":\"SendApp\"},\"image\":{\"@id\":\"https:\/\/sendapp.cloud\/en\/#\/schema\/logo\/image\/\"}}]}<\/script>\n<!-- \/ Yoast SEO plugin. -->","yoast_head_json":{"title":"Automatisez vos conversations WhatsApp avec Pabbly","description":"Automatizzare la tua comunicazione tramite WhatsApp utilizzando Sendapp e Google Sheets \u00e8 possibile grazie a Pabbly, uno strumento...","robots":{"index":"index","follow":"follow","max-snippet":"max-snippet:-1","max-image-preview":"max-image-preview:large","max-video-preview":"max-video-preview:-1"},"canonical":"https:\/\/sendapp.cloud\/fr\/automatizzare-whatsapp-con-pabbly\/","og_locale":"fr_FR","og_type":"article","og_title":"Automatizzare Whatsapp con Pabbly","og_description":"Automatizzare la tua comunicazione tramite WhatsApp utilizzando Sendapp e Google Sheets \u00e8 possibile grazie a Pabbly, uno strumento...","og_url":"https:\/\/sendapp.cloud\/fr\/automatizzare-whatsapp-con-pabbly\/","og_site_name":"SendApp","twitter_card":"summary_large_image","twitter_misc":{"Dur\u00e9e de lecture estim\u00e9e":"1 minute"},"schema":{"@context":"https:\/\/schema.org","@graph":[{"@type":"WebPage","@id":"https:\/\/sendapp.cloud\/automatizzare-whatsapp-con-pabbly\/","url":"https:\/\/sendapp.cloud\/automatizzare-whatsapp-con-pabbly\/","name":"Automatisez vos conversations WhatsApp avec Pabbly","isPartOf":{"@id":"https:\/\/sendapp.cloud\/en\/#website"},"primaryImageOfPage":{"@id":"https:\/\/sendapp.cloud\/automatizzare-whatsapp-con-pabbly\/#primaryimage"},"image":{"@id":"https:\/\/sendapp.cloud\/automatizzare-whatsapp-con-pabbly\/#primaryimage"},"thumbnailUrl":"","datePublished":"2024-09-23T08:23:39+00:00","description":"Automatizzare la tua comunicazione tramite WhatsApp utilizzando Sendapp e Google Sheets \u00e8 possibile grazie a Pabbly, uno strumento...","breadcrumb":{"@id":"https:\/\/sendapp.cloud\/automatizzare-whatsapp-con-pabbly\/#breadcrumb"},"inLanguage":"fr-FR","potentialAction":[{"@type":"ReadAction","target":["https:\/\/sendapp.cloud\/automatizzare-whatsapp-con-pabbly\/"]}]},{"@type":"ImageObject","inLanguage":"fr-FR","@id":"https:\/\/sendapp.cloud\/automatizzare-whatsapp-con-pabbly\/#primaryimage","url":"","contentUrl":""},{"@type":"BreadcrumbList","@id":"https:\/\/sendapp.cloud\/automatizzare-whatsapp-con-pabbly\/#breadcrumb","itemListElement":[{"@type":"ListItem","position":1,"name":"Home","item":"https:\/\/sendapp.cloud\/"},{"@type":"ListItem","position":2,"name":"Automatizzare Whatsapp con Pabbly"}]},{"@type":"WebSite","@id":"https:\/\/sendapp.cloud\/en\/#website","url":"https:\/\/sendapp.cloud\/en\/","name":"Envoyer une application","description":"Logiciel de marketing WhatsApp","publisher":{"@id":"https:\/\/sendapp.cloud\/en\/#organization"},"potentialAction":[{"@type":"SearchAction","target":{"@type":"EntryPoint","urlTemplate":"https:\/\/sendapp.cloud\/en\/?s={search_term_string}"},"query-input":{"@type":"PropertyValueSpecification","valueRequired":true,"valueName":"search_term_string"}}],"inLanguage":"fr-FR"},{"@type":"Organization","@id":"https:\/\/sendapp.cloud\/en\/#organization","name":"Envoyer une application","url":"https:\/\/sendapp.cloud\/en\/","logo":{"@type":"ImageObject","inLanguage":"fr-FR","@id":"https:\/\/sendapp.cloud\/en\/#\/schema\/logo\/image\/","url":"https:\/\/sendapp.cloud\/wp-content\/uploads\/2024\/11\/Logo-bianco.png","contentUrl":"https:\/\/sendapp.cloud\/wp-content\/uploads\/2024\/11\/Logo-bianco.png","width":145,"height":48,"caption":"SendApp"},"image":{"@id":"https:\/\/sendapp.cloud\/en\/#\/schema\/logo\/image\/"}}]}},"_links":{"self":[{"href":"https:\/\/sendapp.cloud\/fr\/wp-json\/wp\/v2\/pages\/32237","targetHints":{"allow":["GET"]}}],"collection":[{"href":"https:\/\/sendapp.cloud\/fr\/wp-json\/wp\/v2\/pages"}],"about":[{"href":"https:\/\/sendapp.cloud\/fr\/wp-json\/wp\/v2\/types\/page"}],"author":[{"embeddable":true,"href":"https:\/\/sendapp.cloud\/fr\/wp-json\/wp\/v2\/users\/1"}],"replies":[{"embeddable":true,"href":"https:\/\/sendapp.cloud\/fr\/wp-json\/wp\/v2\/comments?post=32237"}],"version-history":[{"count":0,"href":"https:\/\/sendapp.cloud\/fr\/wp-json\/wp\/v2\/pages\/32237\/revisions"}],"wp:featuredmedia":[{"embeddable":true,"href":"https:\/\/sendapp.cloud\/fr\/wp-json\/"}],"wp:attachment":[{"href":"https:\/\/sendapp.cloud\/fr\/wp-json\/wp\/v2\/media?parent=32237"}],"curies":[{"name":"wp","href":"https:\/\/api.w.org\/{rel}","templated":true}]}}