{"id":30127,"date":"2024-06-20T19:55:37","date_gmt":"2024-06-20T17:55:37","guid":{"rendered":"https:\/\/sendapp.live\/?page_id=30127"},"modified":"2024-06-20T19:55:37","modified_gmt":"2024-06-20T17:55:37","slug":"whatsapp-bulk-sender","status":"publish","type":"page","link":"https:\/\/sendapp.cloud\/fr\/whatsapp-bulk-sender\/","title":{"rendered":"Exp\u00e9diteur WhatsApp en masse"},"content":{"rendered":"<div id=\"fws_6a059b79a51ab\"  data-column-margin=\"default\" data-midnight=\"dark\" data-top-percent=\"5%\" data-bottom-percent=\"5%\"  class=\"wpb_row vc_row-fluid vc_row  right_padding_5pct left_padding_5pct\"  style=\"padding-top: calc(100vw * 0.05); padding-bottom: calc(100vw * 0.05); \"><div class=\"row-bg-wrap\" data-bg-animation=\"none\" data-bg-animation-delay=\"\" data-bg-overlay=\"false\"><div class=\"inner-wrap row-bg-layer\" ><div class=\"row-bg viewport-desktop\"  style=\"\"><\/div><\/div><\/div><div class=\"row_col_wrap_12 col span_12 dark left\">\n\t<div  class=\"vc_col-sm-12 wpb_column column_container vc_column_container col no-extra-padding inherit_tablet inherit_phone\"  data-padding-pos=\"all\" data-has-bg-color=\"false\" data-bg-color=\"\" data-bg-opacity=\"1\" data-animation=\"\" data-delay=\"0\" >\n\t\t<div class=\"vc_column-inner\" >\n\t\t\t<div class=\"wpb_wrapper\">\n\t\t\t\t<h1 style=\"font-size: 65px;color: #4b5b75;text-align: center;font-family:Raleway;font-weight:400;font-style:normal\" class=\"vc_custom_heading vc_do_custom_heading vc_custom_1719235433564\" >Envoi group\u00e9 de messages WhatsApp avec SendApp<\/h1>\n\t\t\t<\/div> \n\t\t<\/div>\n\t<\/div> \n<\/div><\/div>\n\t\t<div id=\"fws_6a059b79a5d53\"  data-column-margin=\"default\" data-midnight=\"dark\"  class=\"wpb_row vc_row-fluid vc_row\"  style=\"padding-top: 0px; padding-bottom: 0px; \"><div class=\"row-bg-wrap\" data-bg-animation=\"none\" data-bg-animation-delay=\"\" data-bg-overlay=\"false\"><div class=\"inner-wrap row-bg-layer\" ><div class=\"row-bg viewport-desktop\"  style=\"\"><\/div><\/div><\/div><div class=\"row_col_wrap_12 col span_12 dark left\">\n\t<div  class=\"vc_col-sm-12 wpb_column column_container vc_column_container col no-extra-padding inherit_tablet inherit_phone\"  data-padding-pos=\"all\" data-has-bg-color=\"false\" data-bg-color=\"\" data-bg-opacity=\"1\" data-animation=\"\" data-delay=\"0\" >\n\t\t<div class=\"vc_column-inner\" >\n\t\t\t<div class=\"wpb_wrapper\">\n\t\t\t\t\n<div class=\"wpb_text_column wpb_content_element\" >\n\t<div class=\"wpb_wrapper\">\n\t\t<p><a href=\"https:\/\/sendapp.live\/sendapp-desktop-price\/\">Envoyer une application<\/a> SendApp est un logiciel qui vous permet d&#039;envoyer des messages group\u00e9s sur WhatsApp rapidement et efficacement. Cette plateforme innovante vous permet d&#039;organiser vos listes de contacts, de suivre les performances d&#039;envoi et d&#039;optimiser l&#039;efficacit\u00e9 de vos campagnes marketing WhatsApp. Dans cet article, nous verrons comment fonctionne SendApp et quels sont les avantages de son utilisation pour l&#039;envoi de messages group\u00e9s sur WhatsApp.<\/p>\n<h2>Pr\u00e9sentation de sendapp pour l&#039;envoi de messages group\u00e9s sur WhatsApp<\/h2>\n<p>Sendapp est un outil complet qui simplifie l&#039;envoi de messages group\u00e9s sur WhatsApp. Gr\u00e2ce \u00e0 son interface intuitive et \u00e0 ses nombreuses fonctionnalit\u00e9s, il est devenu un outil indispensable pour les entreprises souhaitant communiquer directement et efficacement avec leurs clients.<\/p>\n<h2>Fonctionnement du logiciel <a href=\"https:\/\/sendapp.live\/sendapp-desktop-price\/\" target=\"_blank\" rel=\"noopener\">Envoyer une application<\/a> envoyer plusieurs messages<\/h2>\n<p>Sendapp utilise l&#039;API WhatsApp pour permettre l&#039;envoi automatis\u00e9 de messages en masse. Les utilisateurs peuvent cr\u00e9er des campagnes marketing personnalis\u00e9es, organiser leurs listes de contacts et suivre les performances de leurs campagnes directement depuis la plateforme.<\/p>\n<h2>Avantages de l&#039;utilisation de Sendapp pour envoyer des messages group\u00e9s sur WhatsApp<\/h2>\n<p>Les avantages de l&#039;utilisation de sendapp sont nombreux\u00a0: vous gagnez du temps et de l&#039;\u00e9nergie lors de l&#039;envoi de plusieurs messages, vous pouvez toucher un large public rapidement et efficacement, et vous pouvez suivre la progression de vos campagnes en temps r\u00e9el.<\/p>\n<h2>\u00c9tapes pour envoyer des messages group\u00e9s sur WhatsApp avec <a href=\"https:\/\/sendapp.live\/sendapp-desktop-price\/\" target=\"_blank\" rel=\"noopener\">Envoyer une application<\/a><\/h2>\n<p>Pour envoyer des messages group\u00e9s sur WhatsApp avec Sendapp, il vous suffit de cr\u00e9er un compte, d&#039;importer une liste de contacts, de r\u00e9diger un message personnalis\u00e9 et de programmer l&#039;envoi. Sendapp se charge du reste, garantissant ainsi une livraison efficace et sans erreur de vos messages.<\/p>\n<h2>Configuration du compte <a href=\"https:\/\/sendapp.live\/sendapp-desktop-price\/\" target=\"_blank\" rel=\"noopener\">Envoyer une application <\/a>envoyer plusieurs messages<\/h2>\n<p>Cr\u00e9er un compte sendapp est rapide et facile. Les utilisateurs peuvent personnaliser leurs param\u00e8tres, g\u00e9rer leurs listes de contacts et suivre les performances de leurs campagnes directement depuis le tableau de bord sendapp.<\/p>\n<h2>Comment organiser ses listes de contacts pour SendApp sur WhatsApp<\/h2>\n<p>L&#039;organisation des listes de contacts sur Sendapp est essentielle \u00e0 la r\u00e9ussite de vos campagnes marketing. Les utilisateurs peuvent cr\u00e9er des groupes de contacts selon des crit\u00e8res sp\u00e9cifiques, tels que les centres d&#039;int\u00e9r\u00eat ou les donn\u00e9es d\u00e9mographiques, afin d&#039;envoyer des messages cibl\u00e9s et personnalis\u00e9s.<\/p>\n<h2>Surveillez et analysez plusieurs envois avec sendapp sur <a href=\"https:\/\/it.wikipedia.org\/wiki\/WhatsApp\" target=\"_blank\" rel=\"noopener\">WhatsApp<\/a><\/h2>\n<p>Sendapp permet aux utilisateurs de suivre et d&#039;analyser les performances de leurs envois group\u00e9s sur WhatsApp. Gr\u00e2ce \u00e0 des rapports d\u00e9taill\u00e9s et des statistiques en temps r\u00e9el, vous pouvez \u00e9valuer l&#039;efficacit\u00e9 de vos campagnes et les optimiser pour obtenir des r\u00e9sultats optimaux.<\/p>\n<h2>Limitations et restrictions lors de l&#039;envoi d&#039;emails en masse avec sendapp<\/h2>\n<p>Il est important de noter que l&#039;envoi de messages group\u00e9s sur WhatsApp via sendapp est soumis \u00e0 certaines limitations et restrictions, telles que le respect des politiques anti-spam de WhatsApp et le respect des limites d&#039;envoi quotidiennes.<\/p>\n<h2>Conseils pour maximiser l&#039;efficacit\u00e9 des envois multiples sur <a href=\"https:\/\/it.wikipedia.org\/wiki\/WhatsApp\" target=\"_blank\" rel=\"noopener\">WhatsApp<\/a><\/h2>\n<p>Pour maximiser l&#039;efficacit\u00e9 de plusieurs envois postaux sur <a href=\"https:\/\/it.wikipedia.org\/wiki\/WhatsApp\" target=\"_blank\" rel=\"noopener\">WhatsApp<\/a> avec <a href=\"https:\/\/sendapp.live\/sendapp-desktop-price\/\" target=\"_blank\" rel=\"noopener\">Envoyer une application<\/a>, Il est conseill\u00e9 de cr\u00e9er des messages personnalis\u00e9s, de segmenter les listes de contacts selon des crit\u00e8res sp\u00e9cifiques et de surveiller constamment les performances de vos campagnes afin d&#039;apporter les corrections n\u00e9cessaires.<\/p>\n<p>En conclusion, sendapp est un outil puissant et polyvalent qui permet d&#039;envoyer des messages group\u00e9s sur WhatsApp de mani\u00e8re efficace et professionnelle. Gr\u00e2ce \u00e0 ses nombreuses fonctionnalit\u00e9s et \u00e0 sa simplicit\u00e9 d&#039;utilisation, sendapp s&#039;est impos\u00e9 comme l&#039;une des meilleures solutions du march\u00e9 pour les entreprises souhaitant exploiter pleinement le potentiel de WhatsApp en mati\u00e8re de marketing et de communication.<\/p>\n\t<\/div>\n<\/div>\n\n\n\n\n\t\t\t<\/div> \n\t\t<\/div>\n\t<\/div> \n<\/div><\/div>\n\t\t<div id=\"price\"  data-column-margin=\"default\" data-midnight=\"dark\" data-top-percent=\"4%\" data-bottom-percent=\"7%\"  class=\"wpb_row vc_row-fluid vc_row full-width-section\"  style=\"padding-top: calc(100vw * 0.04); padding-bottom: calc(100vw * 0.07); \"><div class=\"row-bg-wrap\" data-bg-animation=\"none\" data-bg-animation-delay=\"\" data-bg-overlay=\"false\"><div class=\"inner-wrap row-bg-layer\" ><div class=\"row-bg viewport-desktop\"  style=\"\"><\/div><\/div><\/div><div class=\"row_col_wrap_12 col span_12 dark left\">\n\t<div  class=\"vc_col-sm-12 wpb_column column_container vc_column_container col no-extra-padding inherit_tablet inherit_phone\"  data-padding-pos=\"all\" data-has-bg-color=\"false\" data-bg-color=\"\" data-bg-opacity=\"1\" data-animation=\"\" data-delay=\"0\" >\n\t\t<div class=\"vc_column-inner\" >\n\t\t\t<div class=\"wpb_wrapper\">\n\t\t\t\t<div id=\"fws_6a059b79a6f0a\" data-midnight=\"\" data-column-margin=\"default\" class=\"wpb_row vc_row-fluid vc_row inner_row\"  style=\"\"><div class=\"row-bg-wrap\"> <div class=\"row-bg\" ><\/div> <\/div><div class=\"row_col_wrap_12_inner col span_12  left\">\n\t<div  class=\"vc_col-sm-12 wpb_column column_container vc_column_container col child_column centered-text has-animation no-extra-padding inherit_tablet inherit_phone\"   data-padding-pos=\"all\" data-has-bg-color=\"false\" data-bg-color=\"\" data-bg-opacity=\"1\" data-animation=\"fade-in\" data-delay=\"0\" >\n\t\t<div class=\"vc_column-inner\" >\n\t\t<div class=\"wpb_wrapper\">\n\t\t\t\n<div class=\"wpb_text_column wpb_content_element  vc_custom_1712152870190\" >\n\t<div class=\"wpb_wrapper\">\n\t\t<section class=\"main-section main-section-full main-section-slim\">\n<h1 class=\"row\">Tarification simple et transparente<\/h1>\n<h3 class=\"row\">Aucun frais et aucun co\u00fbt par message.<\/h3>\n<p><span style=\"color: #999999;\">Le prix varie en fonction des fonctionnalit\u00e9s incluses et du nombre d&#039;envois automatiques.<\/span><\/p>\n<\/section>\n\t<\/div>\n<\/div>\n\n\n\n\n\t\t<\/div> \n\t<\/div>\n\t<\/div> \n<\/div><\/div><div class=\"row pricing-table four-cols\" data-style=\"flat-alternative\"><div class=\"pricing-column no-highlight accent-color\">\n\t\t\t<h3>Gratuit<\/h3>\n          <div class=\"pricing-column-content\">\n\t\t\t<h4> <span class=\"dollar-sign\">\u20ac<\/span> 0 <\/h4>\n\t\t\t<span class=\"interval\">7 jours<\/span>\n<div class=\"wpb_text_column wpb_content_element\" >\n\t<div class=\"wpb_wrapper\">\n\t\t<h6><a class=\"nectar-button n-sc-button large accent-color has-icon regular-button\"  href=\"https:\/\/sendapp.live\/product\/sendapp-free\/\" data-color-override=\"false\" data-hover-color-override=\"false\" data-hover-text-color-override=\"#fff\"><span>T\u00e9l\u00e9charger<\/span><i class=\"icon-button-arrow\"><\/i><\/a><\/h6>\n<h6><i class=\"icon-tiny fa fa-check accent-color\"><\/i> 20 envois automatiques<\/h6>\n<h6><i class=\"icon-tiny fa fa-check accent-color\"><\/i> 7 jours<\/h6>\n<h6><i class=\"icon-tiny fa fa-check accent-color\"><\/i> Annuaire des contacts<\/h6>\n<h6><i class=\"icon-tiny fa fa-check accent-color\"><\/i> Envoi du rapport<\/h6>\n<h6><i class=\"icon-tiny fa fa-check accent-color\"><\/i> R\u00e9ponse automatique<\/h6>\n<h6><i class=\"icon-tiny fa fa-check accent-color\"><\/i> Phototh\u00e8que<\/h6>\n<h6><i class=\"icon-tiny fa fa-check accent-color\"><\/i> Photo d&#039;archive gratuite<\/h6>\n<h6><i class=\"icon-tiny fa fa-check accent-color\"><\/i> \u00c9diteur de photos<\/h6>\n<h6><del><i class=\"icon-tiny fa fa-check accent-color\"><\/i> Planification<\/del><\/h6>\n<h6><del><i class=\"icon-tiny fa fa-check accent-color\"><\/i>\u00a0 Passerelle WhatsApp<\/del><\/h6>\n<h6><del><i class=\"icon-tiny fa fa-check accent-color\"><\/i>\u00a0 Passerelle SMS<\/del><\/h6>\n<h6><del><i class=\"icon-tiny fa fa-check accent-color\"><\/i> Plugin WordPress<\/del><\/h6>\n<h6><del><i class=\"icon-tiny fa fa-check accent-color\"><\/i> Service client<\/del><\/h6>\n\t<\/div>\n<\/div>\n\n\n\n<\/div><\/div><div class=\"pricing-column no-highlight accent-color\">\n\t\t\t<h3>Pro<\/h3>\n          <div class=\"pricing-column-content\">\n\t\t\t<h4> <span class=\"dollar-sign\">\u20ac<\/span> 90 <\/h4>\n\t\t\t<span class=\"interval\">Pour toujours<\/span>\n<div class=\"wpb_text_column wpb_content_element\" >\n\t<div class=\"wpb_wrapper\">\n\t\t<h6><a class=\"nectar-button n-sc-button large accent-color has-icon regular-button\"  href=\"https:\/\/sendapp.live\/product\/sendapp-professional\/\" data-color-override=\"false\" data-hover-color-override=\"false\" data-hover-text-color-override=\"#fff\"><span>Acheter<\/span><i class=\"icon-button-arrow\"><\/i><\/a><\/h6>\n<h6><i class=\"icon-tiny fa fa-check accent-color\"><\/i> 200 envois automatiques<\/h6>\n<h6><i class=\"icon-tiny fa fa-check accent-color\"><\/i> Pour toujours<\/h6>\n<h6><i class=\"icon-tiny fa fa-check accent-color\"><\/i> Annuaire des contacts<\/h6>\n<h6><i class=\"icon-tiny fa fa-check accent-color\"><\/i> Envoi du rapport<\/h6>\n<h6><del><i class=\"icon-tiny fa fa-check accent-color\"><\/i> R\u00e9ponse automatique<\/del><\/h6>\n<h6><i class=\"icon-tiny fa fa-check accent-color\"><\/i> Phototh\u00e8que<\/h6>\n<h6><i class=\"icon-tiny fa fa-check accent-color\"><\/i> Photo d&#039;archive gratuite<\/h6>\n<h6><i class=\"icon-tiny fa fa-check accent-color\"><\/i> \u00c9diteur de photos<\/h6>\n<h6><del><i class=\"icon-tiny fa fa-check accent-color\"><\/i> Planification<\/del><\/h6>\n<h6><del><i class=\"icon-tiny fa fa-check accent-color\"><\/i>\u00a0Passerelle WhatsApp<\/del><\/h6>\n<h6><del><i class=\"icon-tiny fa fa-check accent-color\"><\/i>\u00a0Passerelle SMS<\/del><\/h6>\n<h6><del><i class=\"icon-tiny fa fa-check accent-color\"><\/i> Plugin WordPress<\/del><\/h6>\n<h6><i class=\"icon-tiny fa fa-check accent-color\"><\/i> Service client<\/h6>\n\t<\/div>\n<\/div>\n\n\n\n<\/div><\/div><div class=\"pricing-column highlight accent-color\">\n\t\t\t<h3>Entreprise<span class=\"highlight-reason\">Recommand\u00e9<\/span><\/h3>\n          <div class=\"pricing-column-content\">\n\t\t\t<h4> <span class=\"dollar-sign\">\u20ac<\/span> 199 <\/h4>\n\t\t\t<span class=\"interval\">Pour toujours<\/span>\n<div class=\"wpb_text_column wpb_content_element\" >\n\t<div class=\"wpb_wrapper\">\n\t\t<h6><a class=\"nectar-button n-sc-button large accent-color has-icon regular-button\"  href=\"https:\/\/sendapp.live\/product\/sendapp-business\/\" data-color-override=\"false\" data-hover-color-override=\"false\" data-hover-text-color-override=\"#fff\"><span>Acheter<\/span><i class=\"icon-button-arrow\"><\/i><\/a><\/h6>\n<h6><i class=\"icon-tiny fa fa-check accent-color\"><\/i> Envois illimit\u00e9s<\/h6>\n<h6><i class=\"icon-tiny fa fa-check accent-color\"><\/i> Pour toujours<\/h6>\n<h6><i class=\"icon-tiny fa fa-check accent-color\"><\/i> Annuaire des contacts<\/h6>\n<h6><i class=\"icon-tiny fa fa-check accent-color\"><\/i> Envoi du rapport<\/h6>\n<h6><i class=\"icon-tiny fa fa-check accent-color\"><\/i> R\u00e9ponse automatique<\/h6>\n<h6><i class=\"icon-tiny fa fa-check accent-color\"><\/i> Phototh\u00e8que<\/h6>\n<h6><i class=\"icon-tiny fa fa-check accent-color\"><\/i> Photo d&#039;archive gratuite<\/h6>\n<h6><i class=\"icon-tiny fa fa-check accent-color\"><\/i> \u00c9diteur de photos<\/h6>\n<h6><i class=\"icon-tiny fa fa-check accent-color\"><\/i> Planification<\/h6>\n<h6><del><i class=\"icon-tiny fa fa-check accent-color\"><\/i> Passerelle WhatsApp<\/del><\/h6>\n<h6><i class=\"icon-tiny fa fa-check accent-color\"><\/i> Passerelle SMS<\/h6>\n<h6><del><i class=\"icon-tiny fa fa-check accent-color\"><\/i> Plugin WordPress<\/del><\/h6>\n<h6><i class=\"icon-tiny fa fa-check accent-color\"><\/i> Service client<\/h6>\n\t<\/div>\n<\/div>\n\n\n\n<\/div><\/div><div class=\"pricing-column no-highlight accent-color\">\n\t\t\t<h3>Connecter<\/h3>\n          <div class=\"pricing-column-content\">\n\t\t\t<h4> <span class=\"dollar-sign\">\u20ac<\/span> 299 <\/h4>\n\t\t\t<span class=\"interval\">Pour toujours<\/span>\n<div class=\"wpb_text_column wpb_content_element\" >\n\t<div class=\"wpb_wrapper\">\n\t\t<h6><a class=\"nectar-button n-sc-button large accent-color has-icon regular-button\"  href=\"https:\/\/sendapp.live\/product\/sendapp-web-connect\/\" data-color-override=\"false\" data-hover-color-override=\"false\" data-hover-text-color-override=\"#fff\"><span>Acheter<\/span><i class=\"icon-button-arrow\"><\/i><\/a><\/h6>\n<h6><i class=\"icon-tiny fa fa-check accent-color\"><\/i> Envois illimit\u00e9s<\/h6>\n<h6><i class=\"icon-tiny fa fa-check accent-color\"><\/i> Pour toujours<\/h6>\n<h6><i class=\"icon-tiny fa fa-check accent-color\"><\/i> Annuaire des contacts<\/h6>\n<h6><i class=\"icon-tiny fa fa-check accent-color\"><\/i> Envoi du rapport<\/h6>\n<h6><i class=\"icon-tiny fa fa-check accent-color\"><\/i> R\u00e9ponse automatique<\/h6>\n<h6><i class=\"icon-tiny fa fa-check accent-color\"><\/i> Phototh\u00e8que<\/h6>\n<h6><i class=\"icon-tiny fa fa-check accent-color\"><\/i> Photo d&#039;archive gratuite<\/h6>\n<h6><i class=\"icon-tiny fa fa-check accent-color\"><\/i> \u00c9diteur de photos<\/h6>\n<h6><i class=\"icon-tiny fa fa-check accent-color\"><\/i> Planification<\/h6>\n<h6><i class=\"icon-tiny fa fa-check accent-color\"><\/i>\u00a0Passerelle WhatsApp<\/h6>\n<h6><i class=\"icon-tiny fa fa-check accent-color\"><\/i>\u00a0Passerelle SMS<\/h6>\n<h6><i class=\"icon-tiny fa fa-check accent-color\"><\/i> Plugin WordPress<\/h6>\n<h6><i class=\"icon-tiny fa fa-check accent-color\"><\/i> Service client<\/h6>\n\t<\/div>\n<\/div>\n\n\n\n<\/div><\/div><\/div>\n\t\t\t<\/div> \n\t\t<\/div>\n\t<\/div> \n<\/div><\/div>","protected":false},"excerpt":{"rendered":"Envoi group\u00e9 de messages WhatsApp avec SendApp\u00a0: SendApp est un logiciel qui vous permet d&#039;envoyer des messages group\u00e9s sur WhatsApp rapidement et efficacement. Cette plateforme innovante vous permet d&#039;organiser\u2026.","protected":false},"author":1,"featured_media":0,"parent":0,"menu_order":0,"comment_status":"closed","ping_status":"closed","template":"","meta":{"footnotes":""},"class_list":["post-30127","page","type-page","status-publish"],"yoast_head":"<!-- This site is optimized with the Yoast SEO plugin v27.4 - https:\/\/yoast.com\/product\/yoast-seo-wordpress\/ -->\n<title>WhatsApp Bulk Sender con SendApp<\/title>\n<meta name=\"robots\" content=\"index, follow, max-snippet:-1, max-image-preview:large, max-video-preview:-1\" \/>\n<link rel=\"canonical\" href=\"https:\/\/sendapp.cloud\/fr\/whatsapp-bulk-sender\/\" \/>\n<meta property=\"og:locale\" content=\"fr_FR\" \/>\n<meta property=\"og:type\" content=\"article\" \/>\n<meta property=\"og:title\" content=\"WhatsApp Bulk Sender con SendApp\" \/>\n<meta property=\"og:url\" content=\"https:\/\/sendapp.cloud\/fr\/whatsapp-bulk-sender\/\" \/>\n<meta property=\"og:site_name\" content=\"SendApp\" \/>\n<meta name=\"twitter:card\" content=\"summary_large_image\" \/>\n<meta name=\"twitter:label1\" content=\"Dur\u00e9e de lecture estim\u00e9e\" \/>\n\t<meta name=\"twitter:data1\" content=\"6 minutes\" \/>\n<script type=\"application\/ld+json\" class=\"yoast-schema-graph\">{\"@context\":\"https:\\\/\\\/schema.org\",\"@graph\":[{\"@type\":\"WebPage\",\"@id\":\"https:\\\/\\\/sendapp.cloud\\\/whatsapp-bulk-sender\\\/\",\"url\":\"https:\\\/\\\/sendapp.cloud\\\/whatsapp-bulk-sender\\\/\",\"name\":\"WhatsApp Bulk Sender con SendApp\",\"isPartOf\":{\"@id\":\"https:\\\/\\\/sendapp.cloud\\\/en\\\/#website\"},\"datePublished\":\"2024-06-20T17:55:37+00:00\",\"breadcrumb\":{\"@id\":\"https:\\\/\\\/sendapp.cloud\\\/whatsapp-bulk-sender\\\/#breadcrumb\"},\"inLanguage\":\"fr-FR\",\"potentialAction\":[{\"@type\":\"ReadAction\",\"target\":[\"https:\\\/\\\/sendapp.cloud\\\/whatsapp-bulk-sender\\\/\"]}]},{\"@type\":\"BreadcrumbList\",\"@id\":\"https:\\\/\\\/sendapp.cloud\\\/whatsapp-bulk-sender\\\/#breadcrumb\",\"itemListElement\":[{\"@type\":\"ListItem\",\"position\":1,\"name\":\"Home\",\"item\":\"https:\\\/\\\/sendapp.cloud\\\/\"},{\"@type\":\"ListItem\",\"position\":2,\"name\":\"whatsapp bulk sender\"}]},{\"@type\":\"WebSite\",\"@id\":\"https:\\\/\\\/sendapp.cloud\\\/en\\\/#website\",\"url\":\"https:\\\/\\\/sendapp.cloud\\\/en\\\/\",\"name\":\"SendApp\",\"description\":\"Software Whatsapp Marketing\",\"publisher\":{\"@id\":\"https:\\\/\\\/sendapp.cloud\\\/en\\\/#organization\"},\"potentialAction\":[{\"@type\":\"SearchAction\",\"target\":{\"@type\":\"EntryPoint\",\"urlTemplate\":\"https:\\\/\\\/sendapp.cloud\\\/en\\\/?s={search_term_string}\"},\"query-input\":{\"@type\":\"PropertyValueSpecification\",\"valueRequired\":true,\"valueName\":\"search_term_string\"}}],\"inLanguage\":\"fr-FR\"},{\"@type\":\"Organization\",\"@id\":\"https:\\\/\\\/sendapp.cloud\\\/en\\\/#organization\",\"name\":\"SendApp\",\"url\":\"https:\\\/\\\/sendapp.cloud\\\/en\\\/\",\"logo\":{\"@type\":\"ImageObject\",\"inLanguage\":\"fr-FR\",\"@id\":\"https:\\\/\\\/sendapp.cloud\\\/en\\\/#\\\/schema\\\/logo\\\/image\\\/\",\"url\":\"https:\\\/\\\/sendapp.cloud\\\/wp-content\\\/uploads\\\/2024\\\/11\\\/Logo-bianco.png\",\"contentUrl\":\"https:\\\/\\\/sendapp.cloud\\\/wp-content\\\/uploads\\\/2024\\\/11\\\/Logo-bianco.png\",\"width\":145,\"height\":48,\"caption\":\"SendApp\"},\"image\":{\"@id\":\"https:\\\/\\\/sendapp.cloud\\\/en\\\/#\\\/schema\\\/logo\\\/image\\\/\"}}]}<\/script>\n<!-- \/ Yoast SEO plugin. -->","yoast_head_json":{"title":"Envoi group\u00e9 de messages WhatsApp avec SendApp","robots":{"index":"index","follow":"follow","max-snippet":"max-snippet:-1","max-image-preview":"max-image-preview:large","max-video-preview":"max-video-preview:-1"},"canonical":"https:\/\/sendapp.cloud\/fr\/whatsapp-bulk-sender\/","og_locale":"fr_FR","og_type":"article","og_title":"WhatsApp Bulk Sender con SendApp","og_url":"https:\/\/sendapp.cloud\/fr\/whatsapp-bulk-sender\/","og_site_name":"SendApp","twitter_card":"summary_large_image","twitter_misc":{"Dur\u00e9e de lecture estim\u00e9e":"6 minutes"},"schema":{"@context":"https:\/\/schema.org","@graph":[{"@type":"WebPage","@id":"https:\/\/sendapp.cloud\/whatsapp-bulk-sender\/","url":"https:\/\/sendapp.cloud\/whatsapp-bulk-sender\/","name":"Envoi group\u00e9 de messages WhatsApp avec SendApp","isPartOf":{"@id":"https:\/\/sendapp.cloud\/en\/#website"},"datePublished":"2024-06-20T17:55:37+00:00","breadcrumb":{"@id":"https:\/\/sendapp.cloud\/whatsapp-bulk-sender\/#breadcrumb"},"inLanguage":"fr-FR","potentialAction":[{"@type":"ReadAction","target":["https:\/\/sendapp.cloud\/whatsapp-bulk-sender\/"]}]},{"@type":"BreadcrumbList","@id":"https:\/\/sendapp.cloud\/whatsapp-bulk-sender\/#breadcrumb","itemListElement":[{"@type":"ListItem","position":1,"name":"Home","item":"https:\/\/sendapp.cloud\/"},{"@type":"ListItem","position":2,"name":"whatsapp bulk sender"}]},{"@type":"WebSite","@id":"https:\/\/sendapp.cloud\/en\/#website","url":"https:\/\/sendapp.cloud\/en\/","name":"Envoyer une application","description":"Logiciel de marketing WhatsApp","publisher":{"@id":"https:\/\/sendapp.cloud\/en\/#organization"},"potentialAction":[{"@type":"SearchAction","target":{"@type":"EntryPoint","urlTemplate":"https:\/\/sendapp.cloud\/en\/?s={search_term_string}"},"query-input":{"@type":"PropertyValueSpecification","valueRequired":true,"valueName":"search_term_string"}}],"inLanguage":"fr-FR"},{"@type":"Organization","@id":"https:\/\/sendapp.cloud\/en\/#organization","name":"Envoyer une application","url":"https:\/\/sendapp.cloud\/en\/","logo":{"@type":"ImageObject","inLanguage":"fr-FR","@id":"https:\/\/sendapp.cloud\/en\/#\/schema\/logo\/image\/","url":"https:\/\/sendapp.cloud\/wp-content\/uploads\/2024\/11\/Logo-bianco.png","contentUrl":"https:\/\/sendapp.cloud\/wp-content\/uploads\/2024\/11\/Logo-bianco.png","width":145,"height":48,"caption":"SendApp"},"image":{"@id":"https:\/\/sendapp.cloud\/en\/#\/schema\/logo\/image\/"}}]}},"_links":{"self":[{"href":"https:\/\/sendapp.cloud\/fr\/wp-json\/wp\/v2\/pages\/30127","targetHints":{"allow":["GET"]}}],"collection":[{"href":"https:\/\/sendapp.cloud\/fr\/wp-json\/wp\/v2\/pages"}],"about":[{"href":"https:\/\/sendapp.cloud\/fr\/wp-json\/wp\/v2\/types\/page"}],"author":[{"embeddable":true,"href":"https:\/\/sendapp.cloud\/fr\/wp-json\/wp\/v2\/users\/1"}],"replies":[{"embeddable":true,"href":"https:\/\/sendapp.cloud\/fr\/wp-json\/wp\/v2\/comments?post=30127"}],"version-history":[{"count":0,"href":"https:\/\/sendapp.cloud\/fr\/wp-json\/wp\/v2\/pages\/30127\/revisions"}],"wp:attachment":[{"href":"https:\/\/sendapp.cloud\/fr\/wp-json\/wp\/v2\/media?parent=30127"}],"curies":[{"name":"wp","href":"https:\/\/api.w.org\/{rel}","templated":true}]}}