{"id":28437,"date":"2024-01-22T12:24:47","date_gmt":"2024-01-22T11:24:47","guid":{"rendered":"https:\/\/sendapp.live\/?page_id=28437"},"modified":"2024-01-22T12:24:47","modified_gmt":"2024-01-22T11:24:47","slug":"istruzioni-sendapp-api-meta","status":"publish","type":"page","link":"https:\/\/sendapp.cloud\/fr\/istruzioni-sendapp-api-meta\/","title":{"rendered":"Istruzioni SendApp API Meta"},"content":{"rendered":"<div id=\"fws_69e7367843e3b\"  data-column-margin=\"default\" data-midnight=\"dark\"  class=\"wpb_row vc_row-fluid vc_row\"  style=\"padding-top: 0px; padding-bottom: 0px; \"><div class=\"row-bg-wrap\" data-bg-animation=\"none\" data-bg-animation-delay=\"\" data-bg-overlay=\"false\"><div class=\"inner-wrap row-bg-layer\" ><div class=\"row-bg viewport-desktop\"  style=\"\"><\/div><\/div><\/div><div class=\"row_col_wrap_12 col span_12 dark left\">\n\t<div  class=\"vc_col-sm-6 wpb_column column_container vc_column_container col no-extra-padding inherit_tablet inherit_phone\"  data-padding-pos=\"all\" data-has-bg-color=\"false\" data-bg-color=\"\" data-bg-opacity=\"1\" data-animation=\"\" data-delay=\"0\" >\n\t\t<div class=\"vc_column-inner\" >\n\t\t\t<div class=\"wpb_wrapper\">\n\t\t\t\t<div class=\"img-with-aniamtion-wrap\" data-max-width=\"100%\" data-max-width-mobile=\"default\" data-shadow=\"none\" data-animation=\"fade-in\" >\n      <div class=\"inner\">\n        <div class=\"hover-wrap\"> \n          <div class=\"hover-wrap-inner\">\n            <img loading=\"lazy\" decoding=\"async\" class=\"img-with-animation skip-lazy\" data-delay=\"0\" height=\"465\" width=\"601\" data-animation=\"fade-in\" src=\"https:\/\/sendapp.cloud\/wp-content\/uploads\/2022\/02\/message_sender_hero_image.png\" alt=\"\" srcset=\"https:\/\/sendapp.cloud\/wp-content\/uploads\/2022\/02\/message_sender_hero_image.png 601w, https:\/\/sendapp.cloud\/wp-content\/uploads\/2022\/02\/message_sender_hero_image-300x232.png 300w, https:\/\/sendapp.cloud\/wp-content\/uploads\/2022\/02\/message_sender_hero_image-16x12.png 16w\" sizes=\"auto, (max-width: 601px) 100vw, 601px\" \/>\n          <\/div>\n        <\/div>\n      <\/div>\n    <\/div>\n\t\t\t<\/div> \n\t\t<\/div>\n\t<\/div> \n\n\t<div  class=\"vc_col-sm-6 wpb_column column_container vc_column_container col no-extra-padding inherit_tablet inherit_phone\"  data-padding-pos=\"all\" data-has-bg-color=\"false\" data-bg-color=\"\" data-bg-opacity=\"1\" data-animation=\"\" data-delay=\"0\" >\n\t\t<div class=\"vc_column-inner\" >\n\t\t\t<div class=\"wpb_wrapper\">\n\t\t\t\t\n<div class=\"wpb_text_column wpb_content_element\" >\n\t<div class=\"wpb_wrapper\">\n\t\t<h1 style=\"text-align: left;\"><span style=\"color: #008000;\">Configure<br \/>\nles abeilles W<\/span><span style=\"color: #008000;\">M\u00e9ta hastApp<br \/>\npour SendApp Cloud<br \/>\n<\/span><span style=\"color: #008000;\">M\u00e9ta API<br \/>\n<\/span><\/h1>\n\t<\/div>\n<\/div>\n\n\n\n\n<div class=\"wpb_text_column wpb_content_element\" >\n\t<div class=\"wpb_wrapper\">\n\t\t<h3 style=\"text-align: left;\"><span style=\"color: #808080;\">Con\u00e7u pour les petites et moyennes entreprises,<\/span><br \/>\n<span style=\"color: #808080;\">pour r\u00e9volutionner la communication client.<\/span><\/h3>\n\t<\/div>\n<\/div>\n\n\n\n<a class=\"nectar-button jumbo regular accent-color  regular-button\"  role=\"button\" style=\"\" target=\"_blank\" href=\"https:\/\/web.sendapp.cloud\/\" data-color-override=\"false\" data-hover-color-override=\"false\" data-hover-text-color-override=\"#fff\"><span>Se connecter<\/span><\/a>\n\t\t\t<\/div> \n\t\t<\/div>\n\t<\/div> \n<\/div><\/div>\n\t\t<div id=\"fws_69e7367845bd8\"  data-column-margin=\"default\" data-midnight=\"dark\"  class=\"wpb_row vc_row-fluid vc_row\"  style=\"padding-top: 0px; padding-bottom: 0px; \"><div class=\"row-bg-wrap\" data-bg-animation=\"none\" data-bg-animation-delay=\"\" data-bg-overlay=\"false\"><div class=\"inner-wrap row-bg-layer\" ><div class=\"row-bg viewport-desktop\"  style=\"\"><\/div><\/div><\/div><div class=\"row_col_wrap_12 col span_12 dark left\">\n\t<div  class=\"vc_col-sm-12 wpb_column column_container vc_column_container col no-extra-padding inherit_tablet inherit_phone\"  data-padding-pos=\"all\" data-has-bg-color=\"false\" data-bg-color=\"\" data-bg-opacity=\"1\" data-animation=\"\" data-delay=\"0\" >\n\t\t<div class=\"vc_column-inner\" >\n\t\t\t<div class=\"wpb_wrapper\">\n\t\t\t\t\n<div class=\"wpb_text_column wpb_content_element\" >\n\t<div class=\"wpb_wrapper\">\n\t\t<p>Comment cr\u00e9er une application Facebook<\/p>\n<ol>\n<li>Connectez-vous ou inscrivez-vous sur <a href=\"https:\/\/developers.facebook.com\" target=\"_blank\" rel=\"noopener\">Facebook<\/a><\/li>\n<li>Ensuite, allez \u00e0 la page <strong>Applications<\/strong><\/li>\n<li>Cliquez sur <strong>Cr\u00e9er une application<\/strong><\/li>\n<\/ol>\n<p><img loading=\"lazy\" decoding=\"async\" class=\"alignnone wp-image-28443 size-full\" src=\"https:\/\/sendapp.live\/wp-content\/uploads\/2024\/01\/001-1.jpg\" alt=\"\" width=\"1625\" height=\"987\" \/><\/p>\n<ol>\n<li>S\u00e9lectionner <strong>Autre<\/strong><\/li>\n<li>Cliquez ensuite sur suivant<\/li>\n<\/ol>\n<p><img loading=\"lazy\" decoding=\"async\" class=\"alignnone size-full wp-image-28446\" src=\"https:\/\/sendapp.live\/wp-content\/uploads\/2024\/01\/002.jpg\" alt=\"\" width=\"1625\" height=\"987\" \/><\/p>\n<ol>\n<li>S\u00e9lectionner <strong>Agence<\/strong><\/li>\n<li>Cliquez ensuite sur suivant<\/li>\n<\/ol>\n<p><img loading=\"lazy\" decoding=\"async\" class=\"alignnone size-full wp-image-28448\" src=\"https:\/\/sendapp.live\/wp-content\/uploads\/2024\/01\/003.jpg\" alt=\"\" width=\"1625\" height=\"987\" \/><\/p>\n<ol>\n<li>Saisissez ensuite toutes les informations requises<\/li>\n<li>Et cliquez sur <strong>Cr\u00e9er une application<\/strong><\/li>\n<\/ol>\n<p><img loading=\"lazy\" decoding=\"async\" class=\"alignnone size-full wp-image-28449\" src=\"https:\/\/sendapp.live\/wp-content\/uploads\/2024\/01\/004.jpg\" alt=\"\" width=\"1625\" height=\"987\" \/><\/p>\n<p>Comment configurer WhatsApp dans une application<\/p>\n<ol>\n<li>Dans l&#039;application, vous devez configurer le produit <strong>WhatsApp<\/strong><\/li>\n<\/ol>\n<p><img loading=\"lazy\" decoding=\"async\" class=\"alignnone size-full wp-image-28451\" src=\"https:\/\/sendapp.live\/wp-content\/uploads\/2024\/01\/005.jpg\" alt=\"\" width=\"1625\" height=\"987\" \/><\/p>\n<p>&nbsp;<\/p>\n<ol>\n<li>S\u00e9lectionnez les informations demand\u00e9es par Facebook et cliquez sur <strong>continue<\/strong><\/li>\n<\/ol>\n<p><img loading=\"lazy\" decoding=\"async\" class=\"alignnone size-full wp-image-28453\" src=\"https:\/\/sendapp.live\/wp-content\/uploads\/2024\/01\/006.jpg\" alt=\"\" width=\"1625\" height=\"987\" \/><\/p>\n<ol>\n<li>Apr\u00e8s avoir cliqu\u00e9 sur Continuer, Facebook enverra un <strong>SMS<\/strong> avec un code OTP \u00e0 saisir<\/li>\n<li>Apr\u00e8s avoir entr\u00e9 le code OTP, cliquez sur continuer<\/li>\n<\/ol>\n<p><img loading=\"lazy\" decoding=\"async\" class=\"alignnone size-full wp-image-28455\" src=\"https:\/\/sendapp.live\/wp-content\/uploads\/2024\/01\/007.jpg\" alt=\"\" width=\"1625\" height=\"987\" \/><\/p>\n<p>Comment cr\u00e9er un jeton permanent<\/p>\n<ol>\n<li>Apr\u00e8s avoir configur\u00e9 votre produit WhatsApp, pour cr\u00e9er un jeton permanent, acc\u00e9dez \u00e0 la page <a href=\"https:\/\/business.facebook.com\/latest\/settings\/\" target=\"_blank\" rel=\"noopener\">Facebook d&#039;entreprise<\/a><\/li>\n<li>Cliquez sur Utilisateurs syst\u00e8me dans le menu lat\u00e9ral<\/li>\n<li>S\u00e9lectionnez le compte administrateur et cliquez sur G\u00e9n\u00e9rer un nouveau jeton<\/li>\n<\/ol>\n<p><img loading=\"lazy\" decoding=\"async\" class=\"alignnone size-full wp-image-28457\" src=\"https:\/\/sendapp.live\/wp-content\/uploads\/2024\/01\/008.jpg\" alt=\"\" width=\"1625\" height=\"987\" \/><\/p>\n<ol>\n<li>Apr\u00e8s avoir cliqu\u00e9 sur le bouton G\u00e9n\u00e9rer un jeton, une nouvelle fen\u00eatre s&#039;ouvrira dans laquelle vous devrez s\u00e9lectionner l&#039;application que vous avez cr\u00e9\u00e9e pr\u00e9c\u00e9demment<\/li>\n<li>Dans la section d&#039;expiration du jeton, s\u00e9lectionnez \u00ab\u00a0jamais\u00a0\u00bb<\/li>\n<\/ol>\n<p><img loading=\"lazy\" decoding=\"async\" class=\"alignnone size-full wp-image-28459\" src=\"https:\/\/sendapp.live\/wp-content\/uploads\/2024\/01\/009.jpg\" alt=\"\" width=\"1625\" height=\"987\" \/><\/p>\n<ol>\n<li>Dans la section autorisations, s\u00e9lectionnez uniquement les autorisations qui font r\u00e9f\u00e9rence au produit WhatsApp<\/li>\n<li>Apr\u00e8s les avoir s\u00e9lectionn\u00e9s, cliquez sur G\u00e9n\u00e9rer un jeton<\/li>\n<\/ol>\n<p><img loading=\"lazy\" decoding=\"async\" class=\"alignnone size-full wp-image-28460\" src=\"https:\/\/sendapp.live\/wp-content\/uploads\/2024\/01\/010.jpg\" alt=\"\" width=\"1625\" height=\"987\" \/><\/p>\n<ol>\n<li>Apr\u00e8s avoir cliqu\u00e9 sur G\u00e9n\u00e9rer un jeton, Facebook enverra un <strong>SMS<\/strong> avec un code OTP \u00e0 saisir<\/li>\n<li>Apr\u00e8s avoir entr\u00e9 le code OTP, cliquez sur <strong>il confirme<\/strong><\/li>\n<\/ol>\n<p><img loading=\"lazy\" decoding=\"async\" class=\"alignnone size-full wp-image-28466\" src=\"https:\/\/sendapp.live\/wp-content\/uploads\/2024\/01\/011.jpg\" alt=\"\" width=\"1625\" height=\"987\" \/><\/p>\n<ol>\n<li>Apr\u00e8s avoir cliqu\u00e9 sur Continuer, une page appara\u00eetra avec le jeton permanent \u00e0 copier et \u00e0 enregistrer (le jeton, s&#039;il est perdu, sera irr\u00e9cup\u00e9rable).<\/li>\n<\/ol>\n<p><img loading=\"lazy\" decoding=\"async\" class=\"alignnone size-full wp-image-28468\" src=\"https:\/\/sendapp.live\/wp-content\/uploads\/2024\/01\/012.jpg\" alt=\"\" width=\"1625\" height=\"987\" \/><\/p>\n<p>Comment configurer un num\u00e9ro de t\u00e9l\u00e9phone sur Facebook<\/p>\n<ol>\n<li>Acc\u00e9der \u00e0 la page <a href=\"https:\/\/business.facebook.com\/wa\/manage\/phone-numbers\" target=\"_blank\" rel=\"noopener\">Num\u00e9ros de t\u00e9l\u00e9phone Facebook professionnels<\/a><\/li>\n<li>Cliquez sur le bouton <strong>Ajouter un num\u00e9ro de t\u00e9l\u00e9phone<\/strong><\/li>\n<\/ol>\n<p><img loading=\"lazy\" decoding=\"async\" class=\"alignnone wp-image-28555 size-full\" src=\"https:\/\/sendapp.live\/wp-content\/uploads\/2024\/01\/312565524_644416544022290_8787628605925034725_n-1.png\" alt=\"\" width=\"1625\" height=\"567\" \/><\/p>\n<ol>\n<li>Ensuite, une page s&#039;ouvrira o\u00f9 vous devrez saisir toutes les informations requises.<\/li>\n<li>Une fois que vous avez saisi toutes les informations, cliquez sur suivant.<\/li>\n<\/ol>\n<p><img loading=\"lazy\" decoding=\"async\" class=\"alignnone size-full wp-image-28476\" src=\"https:\/\/sendapp.live\/wp-content\/uploads\/2024\/01\/014.jpg\" alt=\"\" width=\"1625\" height=\"987\" \/><\/p>\n<ol>\n<li>Ensuite, vous devrez entrer le <strong>num\u00e9ro de t\u00e9l\u00e9phone<\/strong> et s\u00e9lectionnez le pr\u00e9fixe relatif au num\u00e9ro<\/li>\n<li>Apr\u00e8s avoir tout saisi, cliquez sur suivant<\/li>\n<\/ol>\n<p><img loading=\"lazy\" decoding=\"async\" class=\"alignnone size-full wp-image-28477\" src=\"https:\/\/sendapp.live\/wp-content\/uploads\/2024\/01\/015.jpg\" alt=\"\" width=\"1625\" height=\"987\" \/><\/p>\n<ol>\n<li>Allez maintenant sur votre page <strong>Application<\/strong><\/li>\n<li>Et allez \u00e0 la section <strong>Configuration de l&#039;API<\/strong><\/li>\n<li>S\u00e9lectionnez le num\u00e9ro de t\u00e9l\u00e9phone dans le champ correspondant s&#039;il n&#039;est pas d\u00e9j\u00e0 s\u00e9lectionn\u00e9 et cliquez sur v\u00e9rifier<\/li>\n<\/ol>\n<p><img loading=\"lazy\" decoding=\"async\" class=\"alignnone size-full wp-image-28562\" src=\"https:\/\/sendapp.live\/wp-content\/uploads\/2024\/01\/027-1-scaled.jpg\" alt=\"\" width=\"2560\" height=\"1361\" \/><\/p>\n<ol>\n<li>Ensuite, une page s&#039;ouvrira o\u00f9 vous devrez choisir la m\u00e9thode pour recevoir le <strong>Code OTP WhatsApp<\/strong><\/li>\n<li>Apr\u00e8s avoir cliqu\u00e9 sur Suivant et re\u00e7u le code OTP, entrez le <strong>Code OTP<\/strong> et cliquez sur suivant<\/li>\n<li>Le num\u00e9ro est d\u00e9sormais actif et fonctionne avec les informations d&#039;identification appropri\u00e9es <strong>ID du num\u00e9ro de t\u00e9l\u00e9phone<\/strong><\/li>\n<\/ol>\n<p>Comment configurer les API dans SendApp Cloud API Meta<\/p>\n<ol>\n<li>Dans votre application Facebook dans la section <strong>Produits-&gt;WhatsApp<\/strong><\/li>\n<li>Cliquez sur <strong>Configuration de l&#039;API<\/strong><\/li>\n<li>S\u00e9lectionnez votre num\u00e9ro pr\u00e9c\u00e9demment enregistr\u00e9 et copiez les param\u00e8tres <strong>ID du num\u00e9ro de t\u00e9l\u00e9phone<\/strong> Et <strong>ID de compte WhatsApp Business<\/strong><\/li>\n<li>Copiez \u00e9galement l&#039;ID de l&#039;application<\/li>\n<\/ol>\n<p><img loading=\"lazy\" decoding=\"async\" class=\"alignnone size-full wp-image-28485\" src=\"https:\/\/sendapp.live\/wp-content\/uploads\/2024\/01\/016.jpg\" alt=\"\" width=\"1625\" height=\"987\" \/><\/p>\n<ol>\n<li>Ensuite, allez \u00e0 la <a href=\"https:\/\/web.sendapp.cloud\/profile\/whatsapp_cloud_api.php\" target=\"_blank\" rel=\"noopener\">Param\u00e8tres de SendApp<\/a><\/li>\n<li>Saisissez toutes les donn\u00e9es copi\u00e9es et le jeton permanent pr\u00e9c\u00e9demment cr\u00e9\u00e9<\/li>\n<li>Apr\u00e8s avoir saisi toutes les donn\u00e9es, cliquez sur envoyer<\/li>\n<\/ol>\n<p><img loading=\"lazy\" decoding=\"async\" class=\"alignnone size-full wp-image-28489\" src=\"https:\/\/sendapp.live\/wp-content\/uploads\/2024\/01\/017-1.jpg\" alt=\"\" width=\"1625\" height=\"987\" \/><br \/>\nComment configurer un webhook dans l&#039;API SendApp Cloud Meta<\/p>\n<ol>\n<li>Aller \u00e0 la <a href=\"https:\/\/web.sendapp.cloud\/profile\/whatsapp_cloud_api.php\" target=\"_blank\" rel=\"noopener\">Param\u00e8tres de SendApp<\/a><\/li>\n<li>Cliquez sur le bouton \u00ab\u00a0Afficher les informations du webhook\u00a0\u00bb<\/li>\n<li>Copiez l&#039;URL et v\u00e9rifiez le jeton<\/li>\n<\/ol>\n<p><img loading=\"lazy\" decoding=\"async\" class=\"alignnone size-full wp-image-28493\" src=\"https:\/\/sendapp.live\/wp-content\/uploads\/2024\/01\/018.jpg\" alt=\"\" width=\"1625\" height=\"987\" \/><\/p>\n<p><img loading=\"lazy\" decoding=\"async\" class=\"alignnone size-full wp-image-28495\" src=\"https:\/\/sendapp.live\/wp-content\/uploads\/2024\/01\/019.jpg\" alt=\"\" width=\"1625\" height=\"987\" \/><\/p>\n<ol>\n<li>Apr\u00e8s avoir tout copi\u00e9<\/li>\n<li>Acc\u00e9dez \u00e0 votre application et dans la section WhatsApp, cliquez sur configuration<\/li>\n<li>Et l\u00e0 o\u00f9 vous voyez le bouton \u00ab\u00a0Modifier\u00a0\u00bb \u00e0 c\u00f4t\u00e9 du texte qui fait r\u00e9f\u00e9rence au Webhook, cliquez dessus<\/li>\n<\/ol>\n<p><img loading=\"lazy\" decoding=\"async\" class=\"alignnone wp-image-28497\" src=\"https:\/\/sendapp.live\/wp-content\/uploads\/2024\/01\/020.jpg\" alt=\"\" width=\"1435\" height=\"871\" \/><\/p>\n<ol>\n<li>Ensuite, une page s&#039;ouvrira o\u00f9 vous devrez ins\u00e9rer toutes les donn\u00e9es copi\u00e9es pr\u00e9c\u00e9demment dans les champs respectifs<\/li>\n<li>Apr\u00e8s avoir saisi les donn\u00e9es, cliquez sur enregistrer<\/li>\n<\/ol>\n<p><img loading=\"lazy\" decoding=\"async\" class=\"alignnone size-full wp-image-28499\" src=\"https:\/\/sendapp.live\/wp-content\/uploads\/2024\/01\/022.jpg\" alt=\"\" width=\"1625\" height=\"987\" \/><\/p>\n<ol>\n<li>Apr\u00e8s avoir configur\u00e9 le webhook sans recevoir d&#039;erreurs<\/li>\n<li>Toujours sur la m\u00eame page, cliquez sur \u00ab\u00a0G\u00e9rer\u00a0\u00bb dans la section Champs Webhook<\/li>\n<\/ol>\n<p><img loading=\"lazy\" decoding=\"async\" class=\"alignnone size-full wp-image-28502\" src=\"https:\/\/sendapp.live\/wp-content\/uploads\/2024\/01\/023.jpg\" alt=\"\" width=\"1625\" height=\"987\" \/><\/p>\n<ol>\n<li>Apr\u00e8s cela, une page s\u2019ouvrira et vous n\u2019aurez plus qu\u2019\u00e0 s\u00e9lectionner le champ \u00ab messages \u00bb<\/li>\n<\/ol>\n<p><img loading=\"lazy\" decoding=\"async\" class=\"alignnone size-full wp-image-28504\" src=\"https:\/\/sendapp.live\/wp-content\/uploads\/2024\/01\/024.jpg\" alt=\"\" width=\"1625\" height=\"987\" \/><\/p>\n\t<\/div>\n<\/div>\n\n\n\n\n\t\t\t<\/div> \n\t\t<\/div>\n\t<\/div> \n<\/div><\/div>","protected":false},"excerpt":{"rendered":"Configurare le api WhastApp Meta per SendApp Cloud API Meta Pensate per le piccole e medie aziende, per rivoluzionare la comunicazione con i clienti. Accedi Come creare un'App Facebook Accedi...","protected":false},"author":1,"featured_media":0,"parent":0,"menu_order":0,"comment_status":"closed","ping_status":"closed","template":"","meta":{"footnotes":""},"class_list":["post-28437","page","type-page","status-publish"],"yoast_head":"<!-- This site is optimized with the Yoast SEO plugin v27.4 - https:\/\/yoast.com\/product\/yoast-seo-wordpress\/ -->\n<title>Istruzioni SendApp API Meta - SendApp<\/title>\n<meta name=\"robots\" content=\"index, follow, max-snippet:-1, max-image-preview:large, max-video-preview:-1\" \/>\n<link rel=\"canonical\" href=\"https:\/\/sendapp.cloud\/fr\/istruzioni-sendapp-api-meta\/\" \/>\n<meta property=\"og:locale\" content=\"fr_FR\" \/>\n<meta property=\"og:type\" content=\"article\" \/>\n<meta property=\"og:title\" content=\"Istruzioni SendApp API Meta - SendApp\" \/>\n<meta property=\"og:url\" content=\"https:\/\/sendapp.cloud\/fr\/istruzioni-sendapp-api-meta\/\" \/>\n<meta property=\"og:site_name\" content=\"SendApp\" \/>\n<meta property=\"og:image\" content=\"https:\/\/sendapp.live\/wp-content\/uploads\/2024\/01\/001-1.jpg\" \/>\n<meta name=\"twitter:card\" content=\"summary_large_image\" \/>\n<meta name=\"twitter:label1\" content=\"Dur\u00e9e de lecture estim\u00e9e\" \/>\n\t<meta name=\"twitter:data1\" content=\"8 minutes\" \/>\n<script type=\"application\/ld+json\" class=\"yoast-schema-graph\">{\"@context\":\"https:\\\/\\\/schema.org\",\"@graph\":[{\"@type\":\"WebPage\",\"@id\":\"https:\\\/\\\/sendapp.cloud\\\/istruzioni-sendapp-api-meta\\\/\",\"url\":\"https:\\\/\\\/sendapp.cloud\\\/istruzioni-sendapp-api-meta\\\/\",\"name\":\"Istruzioni SendApp API Meta - SendApp\",\"isPartOf\":{\"@id\":\"https:\\\/\\\/sendapp.cloud\\\/en\\\/#website\"},\"primaryImageOfPage\":{\"@id\":\"https:\\\/\\\/sendapp.cloud\\\/istruzioni-sendapp-api-meta\\\/#primaryimage\"},\"image\":{\"@id\":\"https:\\\/\\\/sendapp.cloud\\\/istruzioni-sendapp-api-meta\\\/#primaryimage\"},\"thumbnailUrl\":\"https:\\\/\\\/sendapp.live\\\/wp-content\\\/uploads\\\/2024\\\/01\\\/001-1.jpg\",\"datePublished\":\"2024-01-22T11:24:47+00:00\",\"breadcrumb\":{\"@id\":\"https:\\\/\\\/sendapp.cloud\\\/istruzioni-sendapp-api-meta\\\/#breadcrumb\"},\"inLanguage\":\"fr-FR\",\"potentialAction\":[{\"@type\":\"ReadAction\",\"target\":[\"https:\\\/\\\/sendapp.cloud\\\/istruzioni-sendapp-api-meta\\\/\"]}]},{\"@type\":\"ImageObject\",\"inLanguage\":\"fr-FR\",\"@id\":\"https:\\\/\\\/sendapp.cloud\\\/istruzioni-sendapp-api-meta\\\/#primaryimage\",\"url\":\"https:\\\/\\\/sendapp.live\\\/wp-content\\\/uploads\\\/2024\\\/01\\\/001-1.jpg\",\"contentUrl\":\"https:\\\/\\\/sendapp.live\\\/wp-content\\\/uploads\\\/2024\\\/01\\\/001-1.jpg\"},{\"@type\":\"BreadcrumbList\",\"@id\":\"https:\\\/\\\/sendapp.cloud\\\/istruzioni-sendapp-api-meta\\\/#breadcrumb\",\"itemListElement\":[{\"@type\":\"ListItem\",\"position\":1,\"name\":\"Home\",\"item\":\"https:\\\/\\\/sendapp.cloud\\\/\"},{\"@type\":\"ListItem\",\"position\":2,\"name\":\"Istruzioni SendApp API Meta\"}]},{\"@type\":\"WebSite\",\"@id\":\"https:\\\/\\\/sendapp.cloud\\\/en\\\/#website\",\"url\":\"https:\\\/\\\/sendapp.cloud\\\/en\\\/\",\"name\":\"SendApp\",\"description\":\"Software Whatsapp Marketing\",\"publisher\":{\"@id\":\"https:\\\/\\\/sendapp.cloud\\\/en\\\/#organization\"},\"potentialAction\":[{\"@type\":\"SearchAction\",\"target\":{\"@type\":\"EntryPoint\",\"urlTemplate\":\"https:\\\/\\\/sendapp.cloud\\\/en\\\/?s={search_term_string}\"},\"query-input\":{\"@type\":\"PropertyValueSpecification\",\"valueRequired\":true,\"valueName\":\"search_term_string\"}}],\"inLanguage\":\"fr-FR\"},{\"@type\":\"Organization\",\"@id\":\"https:\\\/\\\/sendapp.cloud\\\/en\\\/#organization\",\"name\":\"SendApp\",\"url\":\"https:\\\/\\\/sendapp.cloud\\\/en\\\/\",\"logo\":{\"@type\":\"ImageObject\",\"inLanguage\":\"fr-FR\",\"@id\":\"https:\\\/\\\/sendapp.cloud\\\/en\\\/#\\\/schema\\\/logo\\\/image\\\/\",\"url\":\"https:\\\/\\\/sendapp.cloud\\\/wp-content\\\/uploads\\\/2024\\\/11\\\/Logo-bianco.png\",\"contentUrl\":\"https:\\\/\\\/sendapp.cloud\\\/wp-content\\\/uploads\\\/2024\\\/11\\\/Logo-bianco.png\",\"width\":145,\"height\":48,\"caption\":\"SendApp\"},\"image\":{\"@id\":\"https:\\\/\\\/sendapp.cloud\\\/en\\\/#\\\/schema\\\/logo\\\/image\\\/\"}}]}<\/script>\n<!-- \/ Yoast SEO plugin. -->","yoast_head_json":{"title":"Istruzioni SendApp API Meta - SendApp","robots":{"index":"index","follow":"follow","max-snippet":"max-snippet:-1","max-image-preview":"max-image-preview:large","max-video-preview":"max-video-preview:-1"},"canonical":"https:\/\/sendapp.cloud\/fr\/istruzioni-sendapp-api-meta\/","og_locale":"fr_FR","og_type":"article","og_title":"Istruzioni SendApp API Meta - SendApp","og_url":"https:\/\/sendapp.cloud\/fr\/istruzioni-sendapp-api-meta\/","og_site_name":"SendApp","og_image":[{"url":"https:\/\/sendapp.live\/wp-content\/uploads\/2024\/01\/001-1.jpg","type":"","width":"","height":""}],"twitter_card":"summary_large_image","twitter_misc":{"Dur\u00e9e de lecture estim\u00e9e":"8 minutes"},"schema":{"@context":"https:\/\/schema.org","@graph":[{"@type":"WebPage","@id":"https:\/\/sendapp.cloud\/istruzioni-sendapp-api-meta\/","url":"https:\/\/sendapp.cloud\/istruzioni-sendapp-api-meta\/","name":"Istruzioni SendApp API Meta - SendApp","isPartOf":{"@id":"https:\/\/sendapp.cloud\/en\/#website"},"primaryImageOfPage":{"@id":"https:\/\/sendapp.cloud\/istruzioni-sendapp-api-meta\/#primaryimage"},"image":{"@id":"https:\/\/sendapp.cloud\/istruzioni-sendapp-api-meta\/#primaryimage"},"thumbnailUrl":"https:\/\/sendapp.live\/wp-content\/uploads\/2024\/01\/001-1.jpg","datePublished":"2024-01-22T11:24:47+00:00","breadcrumb":{"@id":"https:\/\/sendapp.cloud\/istruzioni-sendapp-api-meta\/#breadcrumb"},"inLanguage":"fr-FR","potentialAction":[{"@type":"ReadAction","target":["https:\/\/sendapp.cloud\/istruzioni-sendapp-api-meta\/"]}]},{"@type":"ImageObject","inLanguage":"fr-FR","@id":"https:\/\/sendapp.cloud\/istruzioni-sendapp-api-meta\/#primaryimage","url":"https:\/\/sendapp.live\/wp-content\/uploads\/2024\/01\/001-1.jpg","contentUrl":"https:\/\/sendapp.live\/wp-content\/uploads\/2024\/01\/001-1.jpg"},{"@type":"BreadcrumbList","@id":"https:\/\/sendapp.cloud\/istruzioni-sendapp-api-meta\/#breadcrumb","itemListElement":[{"@type":"ListItem","position":1,"name":"Home","item":"https:\/\/sendapp.cloud\/"},{"@type":"ListItem","position":2,"name":"Istruzioni SendApp API Meta"}]},{"@type":"WebSite","@id":"https:\/\/sendapp.cloud\/en\/#website","url":"https:\/\/sendapp.cloud\/en\/","name":"Envoyer une application","description":"Logiciel de marketing WhatsApp","publisher":{"@id":"https:\/\/sendapp.cloud\/en\/#organization"},"potentialAction":[{"@type":"SearchAction","target":{"@type":"EntryPoint","urlTemplate":"https:\/\/sendapp.cloud\/en\/?s={search_term_string}"},"query-input":{"@type":"PropertyValueSpecification","valueRequired":true,"valueName":"search_term_string"}}],"inLanguage":"fr-FR"},{"@type":"Organization","@id":"https:\/\/sendapp.cloud\/en\/#organization","name":"Envoyer une application","url":"https:\/\/sendapp.cloud\/en\/","logo":{"@type":"ImageObject","inLanguage":"fr-FR","@id":"https:\/\/sendapp.cloud\/en\/#\/schema\/logo\/image\/","url":"https:\/\/sendapp.cloud\/wp-content\/uploads\/2024\/11\/Logo-bianco.png","contentUrl":"https:\/\/sendapp.cloud\/wp-content\/uploads\/2024\/11\/Logo-bianco.png","width":145,"height":48,"caption":"SendApp"},"image":{"@id":"https:\/\/sendapp.cloud\/en\/#\/schema\/logo\/image\/"}}]}},"_links":{"self":[{"href":"https:\/\/sendapp.cloud\/fr\/wp-json\/wp\/v2\/pages\/28437","targetHints":{"allow":["GET"]}}],"collection":[{"href":"https:\/\/sendapp.cloud\/fr\/wp-json\/wp\/v2\/pages"}],"about":[{"href":"https:\/\/sendapp.cloud\/fr\/wp-json\/wp\/v2\/types\/page"}],"author":[{"embeddable":true,"href":"https:\/\/sendapp.cloud\/fr\/wp-json\/wp\/v2\/users\/1"}],"replies":[{"embeddable":true,"href":"https:\/\/sendapp.cloud\/fr\/wp-json\/wp\/v2\/comments?post=28437"}],"version-history":[{"count":0,"href":"https:\/\/sendapp.cloud\/fr\/wp-json\/wp\/v2\/pages\/28437\/revisions"}],"wp:attachment":[{"href":"https:\/\/sendapp.cloud\/fr\/wp-json\/wp\/v2\/media?parent=28437"}],"curies":[{"name":"wp","href":"https:\/\/api.w.org\/{rel}","templated":true}]}}