{"id":26843,"date":"2016-07-26T19:13:56","date_gmt":"2016-07-26T19:13:56","guid":{"rendered":"http:\/\/themenectar.com\/demo\/salient-service\/?page_id=103"},"modified":"2016-07-26T19:13:56","modified_gmt":"2016-07-26T19:13:56","slug":"funzioni","status":"publish","type":"page","link":"https:\/\/sendapp.cloud\/fr\/funzioni\/","title":{"rendered":"Funzioni"},"content":{"rendered":"<div id=\"fws_69f1a298e6072\"  data-column-margin=\"default\" data-midnight=\"dark\"  class=\"wpb_row vc_row-fluid vc_row full-width-section\"  style=\"padding-top: 0px; padding-bottom: 100px; \"><div class=\"row-bg-wrap\" data-bg-animation=\"none\" data-bg-animation-delay=\"\" data-bg-overlay=\"false\"><div class=\"inner-wrap row-bg-layer\" ><div class=\"row-bg viewport-desktop using-bg-color\"  style=\"background-color: #ffffff; \"><\/div><\/div><\/div><div class=\"row_col_wrap_12 col span_12 dark left\">\n\t<div  class=\"vc_col-sm-2 wpb_column column_container vc_column_container col no-extra-padding inherit_tablet inherit_phone\"  data-padding-pos=\"all\" data-has-bg-color=\"false\" data-bg-color=\"\" data-bg-opacity=\"1\" data-animation=\"\" data-delay=\"0\" >\n\t\t<div class=\"vc_column-inner\" >\n\t\t\t<div class=\"wpb_wrapper\">\n\t\t\t\t\n\t\t\t<\/div> \n\t\t<\/div>\n\t<\/div> \n\n\t<div  class=\"vc_col-sm-8 wpb_column column_container vc_column_container col no-extra-padding inherit_tablet inherit_phone\"  data-padding-pos=\"all\" data-has-bg-color=\"false\" data-bg-color=\"\" data-bg-opacity=\"1\" data-animation=\"\" data-delay=\"0\" >\n\t\t<div class=\"vc_column-inner\" >\n\t\t\t<div class=\"wpb_wrapper\">\n\t\t\t\t<div class=\"nectar-gradient-text\" data-direction=\"horizontal\" data-color=\"extra-color-gradient-1\" style=\"margin-top: 90px; margin-bottom: 0px; \"><h2>Questions fr\u00e9quemment pos\u00e9es...<\/h2><\/div><div class=\"toggles\" data-br=\"\" data-starting=\"default\" data-style=\"minimal\"><div class=\"toggle default\" data-inner-wrap=\"true\"><h3 class=\"toggle-title\"><a href=\"#\" role=\"button\" class=\"toggle-heading\"><i role=\"presentation\" class=\"fa fa-plus-circle\"><\/i>Puis-je utiliser SendApp avec plusieurs num\u00e9ros de t\u00e9l\u00e9phone\u00a0?<\/a><\/h3><div><div class=\"inner-toggle-wrap\">\n<div class=\"wpb_text_column wpb_content_element\" >\n\t<div class=\"wpb_wrapper\">\n\t\t<p>Oui. Notre logiciel peut \u00eatre connect\u00e9 \u00e0 n&#039;importe quel appareil mobile gr\u00e2ce \u00e0 un code QR. Nous avons con\u00e7u cette fonctionnalit\u00e9 pour vous permettre de cibler plusieurs num\u00e9ros de t\u00e9l\u00e9phone.<\/p>\n\t<\/div>\n<\/div>\n\n\n\n<\/div><\/div><\/div><div class=\"toggle default\" data-inner-wrap=\"true\"><h3 class=\"toggle-title\"><a href=\"#\" role=\"button\" class=\"toggle-heading\"><i role=\"presentation\" class=\"fa fa-plus-circle\"><\/i>Une fois que j&#039;ai achet\u00e9 une licence, y a-t-il d&#039;autres paiements ?<\/a><\/h3><div><div class=\"inner-toggle-wrap\">\n<div class=\"wpb_text_column wpb_content_element\" >\n\t<div class=\"wpb_wrapper\">\n\t\t<p>Non, notre licence est \u00e0 vie, une fois achet\u00e9e, elle sera \u00e0 vous pour toujours et vous pourrez d\u00e9placer votre licence sur n&#039;importe quel ordinateur.<\/p>\n\t<\/div>\n<\/div>\n\n\n\n<\/div><\/div><\/div><div class=\"toggle default\" data-inner-wrap=\"true\"><h3 class=\"toggle-title\"><a href=\"#\" role=\"button\" class=\"toggle-heading\"><i role=\"presentation\" class=\"fa fa-plus-circle\"><\/i>Puis-je connecter le carnet d&#039;adresses de mon t\u00e9l\u00e9phone \u00e0 Sendapp ?<\/a><\/h3><div><div class=\"inner-toggle-wrap\">\n<div class=\"wpb_text_column wpb_content_element\" >\n\t<div class=\"wpb_wrapper\">\n\t\t<p>Oui. Vous pouvez importer n&#039;importe quel fichier CSV ou TXT dans votre carnet d&#039;adresses Sendapp. L&#039;important est qu&#039;il respecte les normes du carnet d&#039;adresses. Indiquez l&#039;indicatif r\u00e9gional, le num\u00e9ro de t\u00e9l\u00e9phone et les balises\u00a01,\u00a02 ou\u00a03 pour personnaliser le message.<\/p>\n\t<\/div>\n<\/div>\n\n\n\n<\/div><\/div><\/div><div class=\"toggle default\" data-inner-wrap=\"true\"><h3 class=\"toggle-title\"><a href=\"#\" role=\"button\" class=\"toggle-heading\"><i role=\"presentation\" class=\"fa fa-plus-circle\"><\/i>Combien de messages puis-je envoyer avec Sendapp ?<\/a><\/h3><div><div class=\"inner-toggle-wrap\">\n<div class=\"wpb_text_column wpb_content_element\" >\n\t<div class=\"wpb_wrapper\">\n\t\t<p>Le nombre de messages que vous pouvez envoyer avec Sendapp Business est illimit\u00e9. La version Sendapp Professional est limit\u00e9e \u00e0 200 messages automatiques. Le temps d&#039;envoi varie selon votre vitesse de connexion.<\/p>\n<p>Sendapp est un logiciel autonome pour PC et MAC. Toutes les donn\u00e9es sont stock\u00e9es exclusivement sur l&#039;ordinateur que vous utilisez, sans jamais \u00eatre transmises ni accessibles par nos serveurs (et\/ou ceux de tiers) ou d&#039;autres syst\u00e8mes en ligne. Sendapp n&#039;a donc aucun acc\u00e8s ni aucune responsabilit\u00e9 quant \u00e0 vos donn\u00e9es.<\/p>\n\t<\/div>\n<\/div>\n\n\n\n<\/div><\/div><\/div><div class=\"toggle default\" data-inner-wrap=\"true\"><h3 class=\"toggle-title\"><a href=\"#\" role=\"button\" class=\"toggle-heading\"><i role=\"presentation\" class=\"fa fa-plus-circle\"><\/i>Puis-je envoyer un message \u00e0 un num\u00e9ro non enregistr\u00e9 sur mon smartphone ?<\/a><\/h3><div><div class=\"inner-toggle-wrap\">\n<div class=\"wpb_text_column wpb_content_element\" >\n\t<div class=\"wpb_wrapper\">\n\t\t<p>Oui. Avec Sendapp, vous pouvez envoyer des messages \u00e0 n&#039;importe qui, m\u00eame \u00e0 des num\u00e9ros qui ne sont pas enregistr\u00e9s dans votre carnet d&#039;adresses ou qui n&#039;ont pas enregistr\u00e9 votre num\u00e9ro dans le sien.<\/p>\n<p><strong>Veuillez noter:<\/strong> En contactant d&#039;abord les personnes qui ne souhaitent pas recevoir de messages ou qui ne nous connaissent pas ou qui n&#039;ont jamais eu de conversation avec notre compte ou qui ne se souviennent pas de nous, etc. <strong>Il y a un risque d&#039;\u00eatre signal\u00e9 par nos utilisateurs et donc d&#039;\u00eatre banni de WhatsApp !<\/strong><\/p>\n<p>Si vous cr\u00e9ez un bouton conforme au RGPD que vous pouvez placer sur votre site Web ou votre source de trafic, en ajoutant peut-\u00eatre des suivis\u2026<br \/>\nVous n&#039;aurez aucun risque et le r\u00e9sultat sera bluffant !<\/p>\n\t<\/div>\n<\/div>\n\n\n\n<\/div><\/div><\/div><div class=\"toggle default\" data-inner-wrap=\"true\"><h3 class=\"toggle-title\"><a href=\"#\" role=\"button\" class=\"toggle-heading\"><i role=\"presentation\" class=\"fa fa-plus-circle\"><\/i>Puis-je utiliser mon ordinateur pendant que j&#039;ex\u00e9cute Sendapp ?<\/a><\/h3><div><div class=\"inner-toggle-wrap\">\n<div class=\"wpb_text_column wpb_content_element\" >\n\t<div class=\"wpb_wrapper\">\n\t\t<p>Oui. Tous les processus Sendapp fonctionnent en arri\u00e8re-plan. Vous pouvez donc utiliser votre ordinateur normalement et notre logiciel automatise votre marketing\u00a0!<\/p>\n\t<\/div>\n<\/div>\n\n\n\n<\/div><\/div><\/div><div class=\"toggle default\" data-inner-wrap=\"true\"><h3 class=\"toggle-title\"><a href=\"#\" role=\"button\" class=\"toggle-heading\"><i role=\"presentation\" class=\"fa fa-plus-circle\"><\/i>Puis-je utiliser WhatsApp sur mon smartphone tout en ex\u00e9cutant Sendapp\u00a0?<\/a><\/h3><div><div class=\"inner-toggle-wrap\">\n<div class=\"wpb_text_column wpb_content_element\" >\n\t<div class=\"wpb_wrapper\">\n\t\t<p class=\"rteBlock\">Oui. Sendapp utilise l&#039;interface web des applications de messagerie. Vous pouvez donc continuer \u00e0 utiliser votre smartphone pendant que notre logiciel s&#039;occupe du reste.<\/p>\n<p class=\"rteBlock\"><strong>Veuillez noter:<\/strong> Pour que Sendapp fonctionne correctement, votre smartphone et votre ordinateur doivent disposer d&#039;une connexion Internet.<\/p>\n\t<\/div>\n<\/div>\n\n\n\n<\/div><\/div><\/div><div class=\"toggle default\" data-inner-wrap=\"true\"><h3 class=\"toggle-title\"><a href=\"#\" role=\"button\" class=\"toggle-heading\"><i role=\"presentation\" class=\"fa fa-plus-circle\"><\/i>Si WhatsApp bannit mon num\u00e9ro de t\u00e9l\u00e9phone, puis-je toujours utiliser SendApp\u00a0?<\/a><\/h3><div><div class=\"inner-toggle-wrap\">\n<div class=\"wpb_text_column wpb_content_element\" >\n\t<div class=\"wpb_wrapper\">\n\t\t<p class=\"rteBlock\">Oui. Si vous \u00eates banni des applications de messagerie, c&#039;est probablement parce que vous utilisez notre logiciel de mani\u00e8re incorrecte.<br \/>\nCependant, vous pouvez connecter Sendapp \u00e0 un autre num\u00e9ro de t\u00e9l\u00e9phone via le code QR d&#039;une application de messagerie, en continuant \u00e0 commercialiser correctement avec notre logiciel.<\/p>\n\t<\/div>\n<\/div>\n\n\n\n<\/div><\/div><\/div><\/div>\n\n\n\n\n\n\n\n\n\n\n\n\n\n\n\n\n\n\n\n<div class=\"nectar-gradient-text\" data-direction=\"horizontal\" data-color=\"extra-color-gradient-1\" style=\"margin-top: 90px; margin-bottom: 0px; \"><h2>Fonctionnalit\u00e9s de Sendapp<\/h2><\/div><div class=\"toggles\" data-br=\"\" data-starting=\"default\" data-style=\"minimal\"><div class=\"toggle default\" data-inner-wrap=\"true\"><h3 class=\"toggle-title\"><a href=\"#\" role=\"button\" class=\"toggle-heading\"><i role=\"presentation\" class=\"fa fa-plus-circle\"><\/i>Exigences minimales<\/a><\/h3><div><div class=\"inner-toggle-wrap\">\n<div class=\"wpb_text_column wpb_content_element\" >\n\t<div class=\"wpb_wrapper\">\n\t\t<p>Un ordinateur Windows 8 64 bits ou sup\u00e9rieur ou un Mac OSX 10.16 ou sup\u00e9rieur, un compte d&#039;application de messagerie, une r\u00e9solution d&#039;\u00e9cran recommand\u00e9e 1360*768<br \/>\n500 Mo d&#039;espace disque, 4 Go de RAM, une bonne connexion Internet.<\/p>\n\t<\/div>\n<\/div>\n\n\n\n<\/div><\/div><\/div><\/div>\n\n\n\n\n\n\n\n\n\n\n\n\n\n\n\n\n\n\n\n\n\t\t\t<\/div> \n\t\t<\/div>\n\t<\/div> \n\n\t<div  class=\"vc_col-sm-2 wpb_column column_container vc_column_container col no-extra-padding inherit_tablet inherit_phone\"  data-padding-pos=\"all\" data-has-bg-color=\"false\" data-bg-color=\"\" data-bg-opacity=\"1\" data-animation=\"\" data-delay=\"0\" >\n\t\t<div class=\"vc_column-inner\" >\n\t\t\t<div class=\"wpb_wrapper\">\n\t\t\t\t\n\t\t\t<\/div> \n\t\t<\/div>\n\t<\/div> \n<\/div><\/div>","protected":false},"excerpt":{"rendered":"Questions fr\u00e9quentes\u2026 Puis-je utiliser SendApp avec plusieurs num\u00e9ros de t\u00e9l\u00e9phone\u00a0? Oui. Notre logiciel peut \u00eatre connect\u00e9 \u00e0 n\u2019importe quel appareil mobile via un code QR. Nous avons con\u00e7u cette fonctionnalit\u00e9 pour vous offrir\u2026.","protected":false},"author":1,"featured_media":0,"parent":0,"menu_order":0,"comment_status":"closed","ping_status":"open","template":"","meta":{"footnotes":""},"class_list":["post-26843","page","type-page","status-publish"],"yoast_head":"<!-- This site is optimized with the Yoast SEO plugin v27.4 - https:\/\/yoast.com\/product\/yoast-seo-wordpress\/ -->\n<title>Funzioni massive sending message campaign with whatsapp- SendApp<\/title>\n<meta name=\"description\" content=\"Funzioni - sendapp massive sending text, image, video message campaign with whatsapp to everybody, get sending report, programm next sendings, funzioni send\" \/>\n<meta name=\"robots\" content=\"index, follow, max-snippet:-1, max-image-preview:large, max-video-preview:-1\" \/>\n<link rel=\"canonical\" href=\"https:\/\/sendapp.cloud\/fr\/funzioni\/\" \/>\n<meta property=\"og:locale\" content=\"fr_FR\" \/>\n<meta property=\"og:type\" content=\"article\" \/>\n<meta property=\"og:title\" content=\"Funzioni massive sending message campaign with whatsapp- SendApp\" \/>\n<meta property=\"og:description\" content=\"Funzioni - sendapp massive sending text, image, video message campaign with whatsapp to everybody, get sending report, programm next sendings, funzioni send\" \/>\n<meta property=\"og:url\" content=\"https:\/\/sendapp.cloud\/fr\/funzioni\/\" \/>\n<meta property=\"og:site_name\" content=\"SendApp\" \/>\n<meta name=\"twitter:card\" content=\"summary_large_image\" \/>\n<meta name=\"twitter:label1\" content=\"Dur\u00e9e de lecture estim\u00e9e\" \/>\n\t<meta name=\"twitter:data1\" content=\"2 minutes\" \/>\n<script type=\"application\/ld+json\" class=\"yoast-schema-graph\">{\"@context\":\"https:\\\/\\\/schema.org\",\"@graph\":[{\"@type\":\"WebPage\",\"@id\":\"https:\\\/\\\/sendapp.cloud\\\/funzioni\\\/\",\"url\":\"https:\\\/\\\/sendapp.cloud\\\/funzioni\\\/\",\"name\":\"Funzioni massive sending message campaign with whatsapp- SendApp\",\"isPartOf\":{\"@id\":\"https:\\\/\\\/sendapp.cloud\\\/en\\\/#website\"},\"datePublished\":\"2016-07-26T19:13:56+00:00\",\"description\":\"Funzioni - sendapp massive sending text, image, video message campaign with whatsapp to everybody, get sending report, programm next sendings, funzioni send\",\"breadcrumb\":{\"@id\":\"https:\\\/\\\/sendapp.cloud\\\/funzioni\\\/#breadcrumb\"},\"inLanguage\":\"fr-FR\",\"potentialAction\":[{\"@type\":\"ReadAction\",\"target\":[\"https:\\\/\\\/sendapp.cloud\\\/funzioni\\\/\"]}]},{\"@type\":\"BreadcrumbList\",\"@id\":\"https:\\\/\\\/sendapp.cloud\\\/funzioni\\\/#breadcrumb\",\"itemListElement\":[{\"@type\":\"ListItem\",\"position\":1,\"name\":\"Home\",\"item\":\"https:\\\/\\\/sendapp.cloud\\\/\"},{\"@type\":\"ListItem\",\"position\":2,\"name\":\"Funzioni\"}]},{\"@type\":\"WebSite\",\"@id\":\"https:\\\/\\\/sendapp.cloud\\\/en\\\/#website\",\"url\":\"https:\\\/\\\/sendapp.cloud\\\/en\\\/\",\"name\":\"SendApp\",\"description\":\"Software Whatsapp Marketing\",\"publisher\":{\"@id\":\"https:\\\/\\\/sendapp.cloud\\\/en\\\/#organization\"},\"potentialAction\":[{\"@type\":\"SearchAction\",\"target\":{\"@type\":\"EntryPoint\",\"urlTemplate\":\"https:\\\/\\\/sendapp.cloud\\\/en\\\/?s={search_term_string}\"},\"query-input\":{\"@type\":\"PropertyValueSpecification\",\"valueRequired\":true,\"valueName\":\"search_term_string\"}}],\"inLanguage\":\"fr-FR\"},{\"@type\":\"Organization\",\"@id\":\"https:\\\/\\\/sendapp.cloud\\\/en\\\/#organization\",\"name\":\"SendApp\",\"url\":\"https:\\\/\\\/sendapp.cloud\\\/en\\\/\",\"logo\":{\"@type\":\"ImageObject\",\"inLanguage\":\"fr-FR\",\"@id\":\"https:\\\/\\\/sendapp.cloud\\\/en\\\/#\\\/schema\\\/logo\\\/image\\\/\",\"url\":\"https:\\\/\\\/sendapp.cloud\\\/wp-content\\\/uploads\\\/2024\\\/11\\\/Logo-bianco.png\",\"contentUrl\":\"https:\\\/\\\/sendapp.cloud\\\/wp-content\\\/uploads\\\/2024\\\/11\\\/Logo-bianco.png\",\"width\":145,\"height\":48,\"caption\":\"SendApp\"},\"image\":{\"@id\":\"https:\\\/\\\/sendapp.cloud\\\/en\\\/#\\\/schema\\\/logo\\\/image\\\/\"}}]}<\/script>\n<!-- \/ Yoast SEO plugin. -->","yoast_head_json":{"title":"Funzioni massive sending message campaign with whatsapp- SendApp","description":"Funzioni - sendapp massive sending text, image, video message campaign with whatsapp to everybody, get sending report, programm next sendings, funzioni send","robots":{"index":"index","follow":"follow","max-snippet":"max-snippet:-1","max-image-preview":"max-image-preview:large","max-video-preview":"max-video-preview:-1"},"canonical":"https:\/\/sendapp.cloud\/fr\/funzioni\/","og_locale":"fr_FR","og_type":"article","og_title":"Funzioni massive sending message campaign with whatsapp- SendApp","og_description":"Funzioni - sendapp massive sending text, image, video message campaign with whatsapp to everybody, get sending report, programm next sendings, funzioni send","og_url":"https:\/\/sendapp.cloud\/fr\/funzioni\/","og_site_name":"SendApp","twitter_card":"summary_large_image","twitter_misc":{"Dur\u00e9e de lecture estim\u00e9e":"2 minutes"},"schema":{"@context":"https:\/\/schema.org","@graph":[{"@type":"WebPage","@id":"https:\/\/sendapp.cloud\/funzioni\/","url":"https:\/\/sendapp.cloud\/funzioni\/","name":"Funzioni massive sending message campaign with whatsapp- SendApp","isPartOf":{"@id":"https:\/\/sendapp.cloud\/en\/#website"},"datePublished":"2016-07-26T19:13:56+00:00","description":"Funzioni - sendapp massive sending text, image, video message campaign with whatsapp to everybody, get sending report, programm next sendings, funzioni send","breadcrumb":{"@id":"https:\/\/sendapp.cloud\/funzioni\/#breadcrumb"},"inLanguage":"fr-FR","potentialAction":[{"@type":"ReadAction","target":["https:\/\/sendapp.cloud\/funzioni\/"]}]},{"@type":"BreadcrumbList","@id":"https:\/\/sendapp.cloud\/funzioni\/#breadcrumb","itemListElement":[{"@type":"ListItem","position":1,"name":"Home","item":"https:\/\/sendapp.cloud\/"},{"@type":"ListItem","position":2,"name":"Funzioni"}]},{"@type":"WebSite","@id":"https:\/\/sendapp.cloud\/en\/#website","url":"https:\/\/sendapp.cloud\/en\/","name":"Envoyer une application","description":"Logiciel de marketing WhatsApp","publisher":{"@id":"https:\/\/sendapp.cloud\/en\/#organization"},"potentialAction":[{"@type":"SearchAction","target":{"@type":"EntryPoint","urlTemplate":"https:\/\/sendapp.cloud\/en\/?s={search_term_string}"},"query-input":{"@type":"PropertyValueSpecification","valueRequired":true,"valueName":"search_term_string"}}],"inLanguage":"fr-FR"},{"@type":"Organization","@id":"https:\/\/sendapp.cloud\/en\/#organization","name":"Envoyer une application","url":"https:\/\/sendapp.cloud\/en\/","logo":{"@type":"ImageObject","inLanguage":"fr-FR","@id":"https:\/\/sendapp.cloud\/en\/#\/schema\/logo\/image\/","url":"https:\/\/sendapp.cloud\/wp-content\/uploads\/2024\/11\/Logo-bianco.png","contentUrl":"https:\/\/sendapp.cloud\/wp-content\/uploads\/2024\/11\/Logo-bianco.png","width":145,"height":48,"caption":"SendApp"},"image":{"@id":"https:\/\/sendapp.cloud\/en\/#\/schema\/logo\/image\/"}}]}},"_links":{"self":[{"href":"https:\/\/sendapp.cloud\/fr\/wp-json\/wp\/v2\/pages\/26843","targetHints":{"allow":["GET"]}}],"collection":[{"href":"https:\/\/sendapp.cloud\/fr\/wp-json\/wp\/v2\/pages"}],"about":[{"href":"https:\/\/sendapp.cloud\/fr\/wp-json\/wp\/v2\/types\/page"}],"author":[{"embeddable":true,"href":"https:\/\/sendapp.cloud\/fr\/wp-json\/wp\/v2\/users\/1"}],"replies":[{"embeddable":true,"href":"https:\/\/sendapp.cloud\/fr\/wp-json\/wp\/v2\/comments?post=26843"}],"version-history":[{"count":0,"href":"https:\/\/sendapp.cloud\/fr\/wp-json\/wp\/v2\/pages\/26843\/revisions"}],"wp:attachment":[{"href":"https:\/\/sendapp.cloud\/fr\/wp-json\/wp\/v2\/media?parent=26843"}],"curies":[{"name":"wp","href":"https:\/\/api.w.org\/{rel}","templated":true}]}}