{"id":24846,"date":"2023-02-16T09:59:14","date_gmt":"2023-02-16T08:59:14","guid":{"rendered":"https:\/\/sendapp.live\/?page_id=24846"},"modified":"2023-02-16T09:59:14","modified_gmt":"2023-02-16T08:59:14","slug":"prestashop-plugin-whatsapp-sms-messagging-and-notification-plugin","status":"publish","type":"page","link":"https:\/\/sendapp.cloud\/fr\/prestashop-plugin-whatsapp-sms-messagging-and-notification-plugin\/","title":{"rendered":"Plugin Prestashop\u00a0: Messagerie SMS et notifications WhatsApp"},"content":{"rendered":"<div id=\"fws_69f1aad84f403\"  data-column-margin=\"default\" data-midnight=\"dark\"  class=\"wpb_row vc_row-fluid vc_row  top_margin_5pct\"  style=\"padding-top: 0px; padding-bottom: 0px; \"><div class=\"row-bg-wrap\" data-bg-animation=\"none\" data-bg-animation-delay=\"\" data-bg-overlay=\"false\"><div class=\"inner-wrap row-bg-layer\" ><div class=\"row-bg viewport-desktop\"  style=\"\"><\/div><\/div><\/div><div class=\"row_col_wrap_12 col span_12 dark left\">\n\t<div  class=\"vc_col-sm-2\/5 wpb_column column_container vc_column_container col no-extra-padding inherit_tablet inherit_phone\"  data-padding-pos=\"top\" data-has-bg-color=\"false\" data-bg-color=\"\" data-bg-opacity=\"1\" data-animation=\"\" data-delay=\"0\" >\n\t\t<div class=\"vc_column-inner\" >\n\t\t\t<div class=\"wpb_wrapper\">\n\t\t\t\t<div class=\"img-with-aniamtion-wrap\" data-max-width=\"100%\" data-max-width-mobile=\"default\" data-shadow=\"none\" data-animation=\"fade-in\" >\n      <div class=\"inner\">\n        <div class=\"hover-wrap\"> \n          <div class=\"hover-wrap-inner\">\n            <img loading=\"lazy\" decoding=\"async\" class=\"img-with-animation skip-lazy\" data-delay=\"0\" height=\"910\" width=\"854\" data-animation=\"fade-in\" src=\"https:\/\/sendapp.cloud\/wp-content\/uploads\/2022\/03\/whatsapp-notification.jpg\" alt=\"\" srcset=\"https:\/\/sendapp.cloud\/wp-content\/uploads\/2022\/03\/whatsapp-notification.jpg 854w, https:\/\/sendapp.cloud\/wp-content\/uploads\/2022\/03\/whatsapp-notification-282x300.jpg 282w, https:\/\/sendapp.cloud\/wp-content\/uploads\/2022\/03\/whatsapp-notification-768x818.jpg 768w, https:\/\/sendapp.cloud\/wp-content\/uploads\/2022\/03\/whatsapp-notification-11x12.jpg 11w\" sizes=\"auto, (max-width: 854px) 100vw, 854px\" \/>\n          <\/div>\n        <\/div>\n      <\/div>\n    <\/div>\n\t\t\t<\/div> \n\t\t<\/div>\n\t<\/div> \n\n\t<div  class=\"vc_col-sm-3\/5 wpb_column column_container vc_column_container col no-extra-padding inherit_tablet inherit_phone\"  data-padding-pos=\"all\" data-has-bg-color=\"false\" data-bg-color=\"\" data-bg-opacity=\"1\" data-animation=\"\" data-delay=\"0\" >\n\t\t<div class=\"vc_column-inner\" >\n\t\t\t<div class=\"wpb_wrapper\">\n\t\t\t\t\n<div class=\"wpb_text_column wpb_content_element\" >\n\t<div class=\"wpb_wrapper\">\n\t\t<h2><span style=\"color: #008000;\">Notifications\u00a0<\/span><span style=\"color: #008000;\">Prestashop\u00a0<\/span><span style=\"color: #008000;\">Whatsapp \u2013 Chat SMS, statut de commande, r\u00e9cup\u00e9ration de panier abandonn\u00e9<\/span><\/h2>\n\t<\/div>\n<\/div>\n\n\n\n\n<div class=\"wpb_text_column wpb_content_element\" >\n\t<div class=\"wpb_wrapper\">\n\t\t<h3>Envoyer des messages de r\u00e9cup\u00e9ration de panier abandonn\u00e9<br \/>\nAugmentation des notifications de commande via WhatsApp\/SMS<br \/>\ninteragir avec vos clients gr\u00e2ce \u00e0<br \/>\nnotre int\u00e9gration Prestashop gratuite.<\/h3>\n\t<\/div>\n<\/div>\n\n\n\n<a class=\"nectar-button jumbo regular accent-color  regular-button\"  role=\"button\" style=\"margin-top: 30px; \" target=\"_blank\" href=\"https:\/\/sendapp.live\/en\/product\/sendapp-free\/\" data-color-override=\"false\" data-hover-color-override=\"false\" data-hover-text-color-override=\"#fff\"><span>T\u00e9l\u00e9charger maintenant<\/span><\/a>\n\t\t\t<\/div> \n\t\t<\/div>\n\t<\/div> \n<\/div><\/div>\n\t\t<div id=\"fws_69f1aad8510b0\"  data-column-margin=\"default\" data-midnight=\"dark\"  class=\"wpb_row vc_row-fluid vc_row full-width-section\"  style=\"padding-top: 0px; padding-bottom: 100px; \"><div class=\"row-bg-wrap\" data-bg-animation=\"none\" data-bg-animation-delay=\"\" data-bg-overlay=\"false\"><div class=\"inner-wrap row-bg-layer\" ><div class=\"row-bg viewport-desktop using-bg-color\"  style=\"background-color: #ffffff; \"><\/div><\/div><\/div><div class=\"row_col_wrap_12 col span_12 dark left\">\n\t<div  class=\"vc_col-sm-12 wpb_column column_container vc_column_container col no-extra-padding inherit_tablet inherit_phone\"  data-padding-pos=\"all\" data-has-bg-color=\"false\" data-bg-color=\"\" data-bg-opacity=\"1\" data-animation=\"\" data-delay=\"0\" >\n\t\t<div class=\"vc_column-inner\" >\n\t\t\t<div class=\"wpb_wrapper\">\n\t\t\t\t<div class=\"nectar-gradient-text\" data-direction=\"horizontal\" data-color=\"extra-color-gradient-1\" style=\"margin-top: 90px; margin-bottom: 0px; \"><h2>Instructions d&#039;utilisation du plugin SendApp pour Prestashop<\/h2><\/div><div class=\"toggles\" data-br=\"\" data-starting=\"default\" data-style=\"minimal\"><div class=\"toggle default\" data-inner-wrap=\"true\"><h3 class=\"toggle-title\"><a href=\"#\" role=\"button\" class=\"toggle-heading\"><i role=\"presentation\" class=\"fa fa-plus-circle\"><\/i>Installer et activer le plugin Prestashop<\/a><\/h3><div><div class=\"inner-toggle-wrap\">\n<div class=\"wpb_text_column wpb_content_element\" >\n\t<div class=\"wpb_wrapper\">\n\t\t<h4>Il existe deux mani\u00e8res diff\u00e9rentes d&#039;installer un plugin Prestashop.<\/h4>\n<ol>\n<li>Depuis le tableau de bord d&#039;administration de Prestashop (\/admin) 1. T\u00e9l\u00e9chargez le fichier \u00ab .zip \u00bb \u2013 depuis l&#039;onglet \u00ab T\u00e9l\u00e9charger \u00bb 2. Ne d\u00e9compressez pas le fichier .zip t\u00e9l\u00e9charg\u00e9 3. Connectez-vous au panneau d&#039;administration de Prestashop. 4. S\u00e9lectionnez Modules, puis Ajouter un nouveau module. 5. S\u00e9lectionnez Choisir un fichier et parcourez votre ordinateur pour s\u00e9lectionner le fichier \u00ab sendapp-notification-prestashop.zip \u00bb. 6. S\u00e9lectionnez T\u00e9l\u00e9charger ce module. 7. Cliquez sur Installer et Prestashop fera sa magie et installera le plugin. 8. Une fois l&#039;installation termin\u00e9e, cliquez sur Configurer.<\/li>\n<li>Par FTP<br \/>\nNous recommandons que seuls les utilisateurs exp\u00e9riment\u00e9s utilisent la m\u00e9thode FTP.<br \/>\n1. T\u00e9l\u00e9chargez le fichier \u00ab .zip \u00bb \u2013 depuis l&#039;onglet \u00ab T\u00e9l\u00e9charger \u00bb 2. Avant d&#039;essayer de t\u00e9l\u00e9charger votre plugin, vous devez d\u00e9compresser le fichier t\u00e9l\u00e9charg\u00e9 \u00ab sendapp-notification-prestashop.zip \u00bb 3. Ouvrez votre client FTP et ouvrez votre dossier de plugin (\/modules\/) 4. D\u00e9placez les fichiers d\u00e9compress\u00e9s (sendapp-notification-prestashop.zip) dans le dossier du plugin. 5. Acc\u00e9dez maintenant \u00e0 votre tableau de bord d&#039;administration Prestashop =&gt; Modules =&gt; Filtrer les modules install\u00e9s pour Sendapp et activer et configurer le plugin.<\/li>\n<\/ol>\n<p>&nbsp;<\/p>\n<p><img loading=\"lazy\" decoding=\"async\" class=\"aligncenter wp-image-24088 size-large\" src=\"https:\/\/sendapp.live\/wp-content\/uploads\/2022\/11\/prestashop-sms-whatsapp-1-1024x622.jpg\" alt=\"\" width=\"1024\" height=\"622\" srcset=\"https:\/\/sendapp.cloud\/wp-content\/uploads\/2022\/11\/prestashop-sms-whatsapp-1-1024x622.jpg 1024w, https:\/\/sendapp.cloud\/wp-content\/uploads\/2022\/11\/prestashop-sms-whatsapp-1-300x182.jpg 300w, https:\/\/sendapp.cloud\/wp-content\/uploads\/2022\/11\/prestashop-sms-whatsapp-1-768x466.jpg 768w, https:\/\/sendapp.cloud\/wp-content\/uploads\/2022\/11\/prestashop-sms-whatsapp-1-1536x933.jpg 1536w, https:\/\/sendapp.cloud\/wp-content\/uploads\/2022\/11\/prestashop-sms-whatsapp-1-18x12.jpg 18w, https:\/\/sendapp.cloud\/wp-content\/uploads\/2022\/11\/prestashop-sms-whatsapp-1.jpg 1625w\" sizes=\"auto, (max-width: 1024px) 100vw, 1024px\" \/><\/p>\n<p><img loading=\"lazy\" decoding=\"async\" class=\"aligncenter wp-image-24089 size-large\" src=\"https:\/\/sendapp.live\/wp-content\/uploads\/2022\/11\/prestashop-sms-whatsapp-2-1024x622.jpg\" alt=\"\" width=\"1024\" height=\"622\" srcset=\"https:\/\/sendapp.cloud\/wp-content\/uploads\/2022\/11\/prestashop-sms-whatsapp-2-1024x622.jpg 1024w, https:\/\/sendapp.cloud\/wp-content\/uploads\/2022\/11\/prestashop-sms-whatsapp-2-300x182.jpg 300w, https:\/\/sendapp.cloud\/wp-content\/uploads\/2022\/11\/prestashop-sms-whatsapp-2-768x466.jpg 768w, https:\/\/sendapp.cloud\/wp-content\/uploads\/2022\/11\/prestashop-sms-whatsapp-2-1536x933.jpg 1536w, https:\/\/sendapp.cloud\/wp-content\/uploads\/2022\/11\/prestashop-sms-whatsapp-2-18x12.jpg 18w, https:\/\/sendapp.cloud\/wp-content\/uploads\/2022\/11\/prestashop-sms-whatsapp-2.jpg 1625w\" sizes=\"auto, (max-width: 1024px) 100vw, 1024px\" \/><\/p>\n\t<\/div>\n<\/div>\n\n\n\n<\/div><\/div><\/div><div class=\"toggle default\" data-inner-wrap=\"true\"><h3 class=\"toggle-title\"><a href=\"#\" role=\"button\" class=\"toggle-heading\"><i role=\"presentation\" class=\"fa fa-plus-circle\"><\/i>Param\u00e8tre<\/a><\/h3><div><div class=\"inner-toggle-wrap\">\n<div class=\"wpb_text_column wpb_content_element\" >\n\t<div class=\"wpb_wrapper\">\n\t\t<p>Notre objectif est de vous offrir un maximum de fonctionnalit\u00e9s afin que vous, en tant que propri\u00e9taire de site, puissiez configurer le plugin comme vous le souhaitez, tout en conservant une interface intuitive. Il est toujours utile de conna\u00eetre toutes les options.<br \/>\nLe plugin est divis\u00e9 en trois sections principales<strong>.<\/strong><\/p>\n<p>&nbsp;<\/p>\n<p><strong>Param\u00e8tre<br \/>\n<\/strong>De cette fa\u00e7on, vous pourrez configurer les API et la passerelle Sendapp que vous avez l&#039;intention d&#039;utiliser pour envoyer des messages ou des SMS WhatsApp.<\/p>\n<h4><img loading=\"lazy\" decoding=\"async\" class=\"aligncenter wp-image-24092 size-large\" src=\"https:\/\/sendapp.live\/wp-content\/uploads\/2022\/11\/prestashop-sms-whatsapp-3-1024x622.jpg\" alt=\"\" width=\"1024\" height=\"622\" srcset=\"https:\/\/sendapp.cloud\/wp-content\/uploads\/2022\/11\/prestashop-sms-whatsapp-3-1024x622.jpg 1024w, https:\/\/sendapp.cloud\/wp-content\/uploads\/2022\/11\/prestashop-sms-whatsapp-3-300x182.jpg 300w, https:\/\/sendapp.cloud\/wp-content\/uploads\/2022\/11\/prestashop-sms-whatsapp-3-768x466.jpg 768w, https:\/\/sendapp.cloud\/wp-content\/uploads\/2022\/11\/prestashop-sms-whatsapp-3-1536x933.jpg 1536w, https:\/\/sendapp.cloud\/wp-content\/uploads\/2022\/11\/prestashop-sms-whatsapp-3-18x12.jpg 18w, https:\/\/sendapp.cloud\/wp-content\/uploads\/2022\/11\/prestashop-sms-whatsapp-3.jpg 1625w\" sizes=\"auto, (max-width: 1024px) 100vw, 1024px\" \/><\/h4>\n<p>&nbsp;<\/p>\n<p><strong>API Cloud Sendapp<br \/>\n<\/strong>Si vous avez le plan de <a href=\"https:\/\/sendapp.cloud\/fr\/\" target=\"_blank\" rel=\"noopener\">https:\/\/sendapp.cloud<\/a> Vous pouvez cr\u00e9er une instance avec votre compte WhatsApp multi-session personnel ou multi-session professionnel.<br \/>\nApr\u00e8s avoir cr\u00e9\u00e9 l&#039;instance, vous pouvez copier votre jeton et votre ID d&#039;instance pour les coller dans votre plugin Prestashop Sendapp Notification<\/p>\n<p><img loading=\"lazy\" decoding=\"async\" class=\"size-large wp-image-22364 aligncenter\" src=\"https:\/\/sendapp.live\/wp-content\/uploads\/2022\/02\/Sendapp-API-Profile-1024x606.jpg\" alt=\"\" width=\"1024\" height=\"606\" srcset=\"https:\/\/sendapp.cloud\/wp-content\/uploads\/2022\/02\/Sendapp-API-Profile-1024x606.jpg 1024w, https:\/\/sendapp.cloud\/wp-content\/uploads\/2022\/02\/Sendapp-API-Profile-300x177.jpg 300w, https:\/\/sendapp.cloud\/wp-content\/uploads\/2022\/02\/Sendapp-API-Profile-768x454.jpg 768w, https:\/\/sendapp.cloud\/wp-content\/uploads\/2022\/02\/Sendapp-API-Profile-18x12.jpg 18w, https:\/\/sendapp.cloud\/wp-content\/uploads\/2022\/02\/Sendapp-API-Profile.jpg 1506w\" sizes=\"auto, (max-width: 1024px) 100vw, 1024px\" \/><\/p>\n<p>&nbsp;<\/p>\n<p><strong>API SMS Sendapp<br \/>\n<\/strong>Si vous avez la passerelle SMS de <a href=\"https:\/\/sms.sendapp.live\" target=\"_blank\" rel=\"noopener\">https:\/\/sms.sendapp.live<\/a> Vous pouvez acc\u00e9der \u00e0 votre cl\u00e9 API pour la copier et la coller dans votre plugin Prestashop<\/p>\n<p><img loading=\"lazy\" decoding=\"async\" class=\"size-large wp-image-22768 aligncenter\" src=\"https:\/\/sendapp.live\/wp-content\/uploads\/2022\/03\/sendapp-sms-api-key-1024x593.png\" alt=\"\" width=\"1024\" height=\"593\" srcset=\"https:\/\/sendapp.cloud\/wp-content\/uploads\/2022\/03\/sendapp-sms-api-key-1024x593.png 1024w, https:\/\/sendapp.cloud\/wp-content\/uploads\/2022\/03\/sendapp-sms-api-key-300x174.png 300w, https:\/\/sendapp.cloud\/wp-content\/uploads\/2022\/03\/sendapp-sms-api-key-768x445.png 768w, https:\/\/sendapp.cloud\/wp-content\/uploads\/2022\/03\/sendapp-sms-api-key-18x10.png 18w, https:\/\/sendapp.cloud\/wp-content\/uploads\/2022\/03\/sendapp-sms-api-key.png 1357w\" sizes=\"auto, (max-width: 1024px) 100vw, 1024px\" \/><\/p>\n<p><strong>API Sendapp Connect<br \/>\n<\/strong>Si vous disposez du logiciel Sendapp Connect Desktop, vous pouvez acc\u00e9der \u00e0 votre cl\u00e9 API pour la copier et la coller dans votre plugin Prestashop<\/p>\n<p><img loading=\"lazy\" decoding=\"async\" class=\"aligncenter wp-image-24307 size-large\" src=\"https:\/\/sendapp.live\/wp-content\/uploads\/2022\/11\/api-whatsapp-sendapp-connect-01-1024x576.jpg\" alt=\"\" width=\"1024\" height=\"576\" \/><\/p>\n\t<\/div>\n<\/div>\n\n\n\n<\/div><\/div><\/div><div class=\"toggle default\" data-inner-wrap=\"true\"><h3 class=\"toggle-title\"><a href=\"#\" role=\"button\" class=\"toggle-heading\"><i role=\"presentation\" class=\"fa fa-plus-circle\"><\/i>Configuration des messages de notification<\/a><\/h3><div><div class=\"inner-toggle-wrap\">\n<div class=\"wpb_text_column wpb_content_element\" >\n\t<div class=\"wpb_wrapper\">\n\t\t<h4><strong>Configuration des messages\u00a0<\/strong><\/h4>\n<p>Dans cette session, vous pouvez activer et personnaliser les messages de notification que vous souhaitez envoyer \u00e0 vos clients.<\/p>\n<p><img loading=\"lazy\" decoding=\"async\" class=\"aligncenter wp-image-24094 size-large\" src=\"https:\/\/sendapp.live\/wp-content\/uploads\/2022\/11\/prestashop-sms-whatsapp-4-1024x622.jpg\" alt=\"\" width=\"1024\" height=\"622\" srcset=\"https:\/\/sendapp.cloud\/wp-content\/uploads\/2022\/11\/prestashop-sms-whatsapp-4-1024x622.jpg 1024w, https:\/\/sendapp.cloud\/wp-content\/uploads\/2022\/11\/prestashop-sms-whatsapp-4-300x182.jpg 300w, https:\/\/sendapp.cloud\/wp-content\/uploads\/2022\/11\/prestashop-sms-whatsapp-4-768x466.jpg 768w, https:\/\/sendapp.cloud\/wp-content\/uploads\/2022\/11\/prestashop-sms-whatsapp-4-1536x933.jpg 1536w, https:\/\/sendapp.cloud\/wp-content\/uploads\/2022\/11\/prestashop-sms-whatsapp-4-18x12.jpg 18w, https:\/\/sendapp.cloud\/wp-content\/uploads\/2022\/11\/prestashop-sms-whatsapp-4.jpg 1625w\" sizes=\"auto, (max-width: 1024px) 100vw, 1024px\" \/><\/p>\n\t<\/div>\n<\/div>\n\n\n\n<\/div><\/div><\/div><div class=\"toggle default\" data-inner-wrap=\"true\"><h3 class=\"toggle-title\"><a href=\"#\" role=\"button\" class=\"toggle-heading\"><i role=\"presentation\" class=\"fa fa-plus-circle\"><\/i>Configuration des messages de panier abandonn\u00e9<\/a><\/h3><div><div class=\"inner-toggle-wrap\">\n<div class=\"wpb_text_column wpb_content_element\" >\n\t<div class=\"wpb_wrapper\">\n\t\t<h4><strong>R\u00e9glage du chariot abandonn\u00e9. <\/strong><\/h4>\n<p>Pour activer les notifications de panier abandonn\u00e9, acc\u00e9dez \u00e0 la section PARAM\u00c8TRES DE LA T\u00c2CHE CRON du plugin. * Personnaliser les messages du mod\u00e8le * D\u00e9finir l&#039;heure de l&#039;\u00e9v\u00e9nement dans la T\u00c2CHE CRON<\/p>\n<p><img loading=\"lazy\" decoding=\"async\" class=\"aligncenter wp-image-24096 size-large\" src=\"https:\/\/sendapp.live\/wp-content\/uploads\/2022\/11\/prestashop-sms-whatsapp-5-1024x622.jpg\" alt=\"\" width=\"1024\" height=\"622\" srcset=\"https:\/\/sendapp.cloud\/wp-content\/uploads\/2022\/11\/prestashop-sms-whatsapp-5-1024x622.jpg 1024w, https:\/\/sendapp.cloud\/wp-content\/uploads\/2022\/11\/prestashop-sms-whatsapp-5-300x182.jpg 300w, https:\/\/sendapp.cloud\/wp-content\/uploads\/2022\/11\/prestashop-sms-whatsapp-5-768x466.jpg 768w, https:\/\/sendapp.cloud\/wp-content\/uploads\/2022\/11\/prestashop-sms-whatsapp-5-1536x933.jpg 1536w, https:\/\/sendapp.cloud\/wp-content\/uploads\/2022\/11\/prestashop-sms-whatsapp-5-18x12.jpg 18w, https:\/\/sendapp.cloud\/wp-content\/uploads\/2022\/11\/prestashop-sms-whatsapp-5.jpg 1625w\" sizes=\"auto, (max-width: 1024px) 100vw, 1024px\" \/><\/p>\n\t<\/div>\n<\/div>\n\n\n\n<\/div><\/div><\/div><\/div>\n\n\n\n\n\n\n\n\n\n\n\n\n\n\n\n\n\n\n\n\n\t\t\t<\/div> \n\t\t<\/div>\n\t<\/div> \n<\/div><\/div>","protected":false},"excerpt":{"rendered":"Notifiche\u00a0Prestashop\u00a0Whatsapp - SMS Chat, Stato Ordine, Recupero Carrello Abbandonato Invia messaggi di recupero carrello abbandonato notifiche Ordini tramite WhatsApp\/SMS per aumentare il coinvolgimento con i tuoi clienti attraverso la nostra...","protected":false},"author":1,"featured_media":0,"parent":0,"menu_order":0,"comment_status":"closed","ping_status":"closed","template":"","meta":{"footnotes":""},"class_list":["post-24846","page","type-page","status-publish"],"yoast_head":"<!-- This site is optimized with the Yoast SEO plugin v27.4 - https:\/\/yoast.com\/product\/yoast-seo-wordpress\/ -->\n<title>Prestashop plugin Whatsapp SMS Messagging and Notification Plugin - SendApp<\/title>\n<meta name=\"robots\" content=\"index, follow, max-snippet:-1, max-image-preview:large, max-video-preview:-1\" \/>\n<link rel=\"canonical\" href=\"https:\/\/sendapp.cloud\/fr\/prestashop-plugin-whatsapp-sms-messagging-and-notification-plugin\/\" \/>\n<meta property=\"og:locale\" content=\"fr_FR\" \/>\n<meta property=\"og:type\" content=\"article\" \/>\n<meta property=\"og:title\" content=\"Prestashop plugin Whatsapp SMS Messagging and Notification Plugin - SendApp\" \/>\n<meta property=\"og:url\" content=\"https:\/\/sendapp.cloud\/fr\/prestashop-plugin-whatsapp-sms-messagging-and-notification-plugin\/\" \/>\n<meta property=\"og:site_name\" content=\"SendApp\" \/>\n<meta property=\"og:image\" content=\"https:\/\/sendapp.live\/wp-content\/uploads\/2022\/11\/prestashop-sms-whatsapp-1-1024x622.jpg\" \/>\n<meta name=\"twitter:card\" content=\"summary_large_image\" \/>\n<meta name=\"twitter:label1\" content=\"Dur\u00e9e de lecture estim\u00e9e\" \/>\n\t<meta name=\"twitter:data1\" content=\"5 minutes\" \/>\n<script type=\"application\/ld+json\" class=\"yoast-schema-graph\">{\"@context\":\"https:\\\/\\\/schema.org\",\"@graph\":[{\"@type\":\"WebPage\",\"@id\":\"https:\\\/\\\/sendapp.cloud\\\/prestashop-plugin-whatsapp-sms-messagging-and-notification-plugin\\\/\",\"url\":\"https:\\\/\\\/sendapp.cloud\\\/prestashop-plugin-whatsapp-sms-messagging-and-notification-plugin\\\/\",\"name\":\"Prestashop plugin Whatsapp SMS Messagging and Notification Plugin - SendApp\",\"isPartOf\":{\"@id\":\"https:\\\/\\\/sendapp.cloud\\\/en\\\/#website\"},\"primaryImageOfPage\":{\"@id\":\"https:\\\/\\\/sendapp.cloud\\\/prestashop-plugin-whatsapp-sms-messagging-and-notification-plugin\\\/#primaryimage\"},\"image\":{\"@id\":\"https:\\\/\\\/sendapp.cloud\\\/prestashop-plugin-whatsapp-sms-messagging-and-notification-plugin\\\/#primaryimage\"},\"thumbnailUrl\":\"https:\\\/\\\/sendapp.live\\\/wp-content\\\/uploads\\\/2022\\\/11\\\/prestashop-sms-whatsapp-1-1024x622.jpg\",\"datePublished\":\"2023-02-16T08:59:14+00:00\",\"breadcrumb\":{\"@id\":\"https:\\\/\\\/sendapp.cloud\\\/prestashop-plugin-whatsapp-sms-messagging-and-notification-plugin\\\/#breadcrumb\"},\"inLanguage\":\"fr-FR\",\"potentialAction\":[{\"@type\":\"ReadAction\",\"target\":[\"https:\\\/\\\/sendapp.cloud\\\/prestashop-plugin-whatsapp-sms-messagging-and-notification-plugin\\\/\"]}]},{\"@type\":\"ImageObject\",\"inLanguage\":\"fr-FR\",\"@id\":\"https:\\\/\\\/sendapp.cloud\\\/prestashop-plugin-whatsapp-sms-messagging-and-notification-plugin\\\/#primaryimage\",\"url\":\"https:\\\/\\\/sendapp.live\\\/wp-content\\\/uploads\\\/2022\\\/11\\\/prestashop-sms-whatsapp-1-1024x622.jpg\",\"contentUrl\":\"https:\\\/\\\/sendapp.live\\\/wp-content\\\/uploads\\\/2022\\\/11\\\/prestashop-sms-whatsapp-1-1024x622.jpg\"},{\"@type\":\"BreadcrumbList\",\"@id\":\"https:\\\/\\\/sendapp.cloud\\\/prestashop-plugin-whatsapp-sms-messagging-and-notification-plugin\\\/#breadcrumb\",\"itemListElement\":[{\"@type\":\"ListItem\",\"position\":1,\"name\":\"Home\",\"item\":\"https:\\\/\\\/sendapp.cloud\\\/\"},{\"@type\":\"ListItem\",\"position\":2,\"name\":\"Prestashop plugin Whatsapp SMS Messagging and Notification Plugin\"}]},{\"@type\":\"WebSite\",\"@id\":\"https:\\\/\\\/sendapp.cloud\\\/en\\\/#website\",\"url\":\"https:\\\/\\\/sendapp.cloud\\\/en\\\/\",\"name\":\"SendApp\",\"description\":\"Software Whatsapp Marketing\",\"publisher\":{\"@id\":\"https:\\\/\\\/sendapp.cloud\\\/en\\\/#organization\"},\"potentialAction\":[{\"@type\":\"SearchAction\",\"target\":{\"@type\":\"EntryPoint\",\"urlTemplate\":\"https:\\\/\\\/sendapp.cloud\\\/en\\\/?s={search_term_string}\"},\"query-input\":{\"@type\":\"PropertyValueSpecification\",\"valueRequired\":true,\"valueName\":\"search_term_string\"}}],\"inLanguage\":\"fr-FR\"},{\"@type\":\"Organization\",\"@id\":\"https:\\\/\\\/sendapp.cloud\\\/en\\\/#organization\",\"name\":\"SendApp\",\"url\":\"https:\\\/\\\/sendapp.cloud\\\/en\\\/\",\"logo\":{\"@type\":\"ImageObject\",\"inLanguage\":\"fr-FR\",\"@id\":\"https:\\\/\\\/sendapp.cloud\\\/en\\\/#\\\/schema\\\/logo\\\/image\\\/\",\"url\":\"https:\\\/\\\/sendapp.cloud\\\/wp-content\\\/uploads\\\/2024\\\/11\\\/Logo-bianco.png\",\"contentUrl\":\"https:\\\/\\\/sendapp.cloud\\\/wp-content\\\/uploads\\\/2024\\\/11\\\/Logo-bianco.png\",\"width\":145,\"height\":48,\"caption\":\"SendApp\"},\"image\":{\"@id\":\"https:\\\/\\\/sendapp.cloud\\\/en\\\/#\\\/schema\\\/logo\\\/image\\\/\"}}]}<\/script>\n<!-- \/ Yoast SEO plugin. -->","yoast_head_json":{"title":"Prestashop plugin Whatsapp SMS Messagging and Notification Plugin - SendApp","robots":{"index":"index","follow":"follow","max-snippet":"max-snippet:-1","max-image-preview":"max-image-preview:large","max-video-preview":"max-video-preview:-1"},"canonical":"https:\/\/sendapp.cloud\/fr\/prestashop-plugin-whatsapp-sms-messagging-and-notification-plugin\/","og_locale":"fr_FR","og_type":"article","og_title":"Prestashop plugin Whatsapp SMS Messagging and Notification Plugin - SendApp","og_url":"https:\/\/sendapp.cloud\/fr\/prestashop-plugin-whatsapp-sms-messagging-and-notification-plugin\/","og_site_name":"SendApp","og_image":[{"url":"https:\/\/sendapp.live\/wp-content\/uploads\/2022\/11\/prestashop-sms-whatsapp-1-1024x622.jpg","type":"","width":"","height":""}],"twitter_card":"summary_large_image","twitter_misc":{"Dur\u00e9e de lecture estim\u00e9e":"5 minutes"},"schema":{"@context":"https:\/\/schema.org","@graph":[{"@type":"WebPage","@id":"https:\/\/sendapp.cloud\/prestashop-plugin-whatsapp-sms-messagging-and-notification-plugin\/","url":"https:\/\/sendapp.cloud\/prestashop-plugin-whatsapp-sms-messagging-and-notification-plugin\/","name":"Prestashop plugin Whatsapp SMS Messagging and Notification Plugin - SendApp","isPartOf":{"@id":"https:\/\/sendapp.cloud\/en\/#website"},"primaryImageOfPage":{"@id":"https:\/\/sendapp.cloud\/prestashop-plugin-whatsapp-sms-messagging-and-notification-plugin\/#primaryimage"},"image":{"@id":"https:\/\/sendapp.cloud\/prestashop-plugin-whatsapp-sms-messagging-and-notification-plugin\/#primaryimage"},"thumbnailUrl":"https:\/\/sendapp.live\/wp-content\/uploads\/2022\/11\/prestashop-sms-whatsapp-1-1024x622.jpg","datePublished":"2023-02-16T08:59:14+00:00","breadcrumb":{"@id":"https:\/\/sendapp.cloud\/prestashop-plugin-whatsapp-sms-messagging-and-notification-plugin\/#breadcrumb"},"inLanguage":"fr-FR","potentialAction":[{"@type":"ReadAction","target":["https:\/\/sendapp.cloud\/prestashop-plugin-whatsapp-sms-messagging-and-notification-plugin\/"]}]},{"@type":"ImageObject","inLanguage":"fr-FR","@id":"https:\/\/sendapp.cloud\/prestashop-plugin-whatsapp-sms-messagging-and-notification-plugin\/#primaryimage","url":"https:\/\/sendapp.live\/wp-content\/uploads\/2022\/11\/prestashop-sms-whatsapp-1-1024x622.jpg","contentUrl":"https:\/\/sendapp.live\/wp-content\/uploads\/2022\/11\/prestashop-sms-whatsapp-1-1024x622.jpg"},{"@type":"BreadcrumbList","@id":"https:\/\/sendapp.cloud\/prestashop-plugin-whatsapp-sms-messagging-and-notification-plugin\/#breadcrumb","itemListElement":[{"@type":"ListItem","position":1,"name":"Home","item":"https:\/\/sendapp.cloud\/"},{"@type":"ListItem","position":2,"name":"Prestashop plugin Whatsapp SMS Messagging and Notification Plugin"}]},{"@type":"WebSite","@id":"https:\/\/sendapp.cloud\/en\/#website","url":"https:\/\/sendapp.cloud\/en\/","name":"Envoyer une application","description":"Logiciel de marketing WhatsApp","publisher":{"@id":"https:\/\/sendapp.cloud\/en\/#organization"},"potentialAction":[{"@type":"SearchAction","target":{"@type":"EntryPoint","urlTemplate":"https:\/\/sendapp.cloud\/en\/?s={search_term_string}"},"query-input":{"@type":"PropertyValueSpecification","valueRequired":true,"valueName":"search_term_string"}}],"inLanguage":"fr-FR"},{"@type":"Organization","@id":"https:\/\/sendapp.cloud\/en\/#organization","name":"Envoyer une application","url":"https:\/\/sendapp.cloud\/en\/","logo":{"@type":"ImageObject","inLanguage":"fr-FR","@id":"https:\/\/sendapp.cloud\/en\/#\/schema\/logo\/image\/","url":"https:\/\/sendapp.cloud\/wp-content\/uploads\/2024\/11\/Logo-bianco.png","contentUrl":"https:\/\/sendapp.cloud\/wp-content\/uploads\/2024\/11\/Logo-bianco.png","width":145,"height":48,"caption":"SendApp"},"image":{"@id":"https:\/\/sendapp.cloud\/en\/#\/schema\/logo\/image\/"}}]}},"_links":{"self":[{"href":"https:\/\/sendapp.cloud\/fr\/wp-json\/wp\/v2\/pages\/24846","targetHints":{"allow":["GET"]}}],"collection":[{"href":"https:\/\/sendapp.cloud\/fr\/wp-json\/wp\/v2\/pages"}],"about":[{"href":"https:\/\/sendapp.cloud\/fr\/wp-json\/wp\/v2\/types\/page"}],"author":[{"embeddable":true,"href":"https:\/\/sendapp.cloud\/fr\/wp-json\/wp\/v2\/users\/1"}],"replies":[{"embeddable":true,"href":"https:\/\/sendapp.cloud\/fr\/wp-json\/wp\/v2\/comments?post=24846"}],"version-history":[{"count":0,"href":"https:\/\/sendapp.cloud\/fr\/wp-json\/wp\/v2\/pages\/24846\/revisions"}],"wp:attachment":[{"href":"https:\/\/sendapp.cloud\/fr\/wp-json\/wp\/v2\/media?parent=24846"}],"curies":[{"name":"wp","href":"https:\/\/api.w.org\/{rel}","templated":true}]}}