{"id":24290,"date":"2022-11-09T13:01:53","date_gmt":"2022-11-09T12:01:53","guid":{"rendered":"https:\/\/sendapp.live\/?page_id=24290"},"modified":"2022-11-09T13:01:53","modified_gmt":"2022-11-09T12:01:53","slug":"whatsapp-api-sendapp-connect","status":"publish","type":"page","link":"https:\/\/sendapp.cloud\/fr\/whatsapp-api-sendapp-connect\/","title":{"rendered":"Connexion \u00e0 l&#039;API WhatsApp SendApp"},"content":{"rendered":"<div id=\"fws_69f2f642c2f3c\"  data-column-margin=\"default\" data-midnight=\"dark\"  class=\"wpb_row vc_row-fluid vc_row\"  style=\"padding-top: 0px; padding-bottom: 0px; \"><div class=\"row-bg-wrap\" data-bg-animation=\"none\" data-bg-animation-delay=\"\" data-bg-overlay=\"false\"><div class=\"inner-wrap row-bg-layer\" ><div class=\"row-bg viewport-desktop\"  style=\"\"><\/div><\/div><\/div><div class=\"row_col_wrap_12 col span_12 dark left\">\n\t<div  class=\"vc_col-sm-6 wpb_column column_container vc_column_container col no-extra-padding inherit_tablet inherit_phone\"  data-padding-pos=\"all\" data-has-bg-color=\"false\" data-bg-color=\"\" data-bg-opacity=\"1\" data-animation=\"\" data-delay=\"0\" >\n\t\t<div class=\"vc_column-inner\" >\n\t\t\t<div class=\"wpb_wrapper\">\n\t\t\t\t<div class=\"img-with-aniamtion-wrap\" data-max-width=\"100%\" data-max-width-mobile=\"default\" data-shadow=\"none\" data-animation=\"fade-in\" >\n      <div class=\"inner\">\n        <div class=\"hover-wrap\"> \n          <div class=\"hover-wrap-inner\">\n            <img loading=\"lazy\" decoding=\"async\" class=\"img-with-animation skip-lazy\" data-delay=\"0\" height=\"465\" width=\"601\" data-animation=\"fade-in\" src=\"https:\/\/sendapp.cloud\/wp-content\/uploads\/2022\/02\/message_sender_hero_image.png\" alt=\"\" srcset=\"https:\/\/sendapp.cloud\/wp-content\/uploads\/2022\/02\/message_sender_hero_image.png 601w, https:\/\/sendapp.cloud\/wp-content\/uploads\/2022\/02\/message_sender_hero_image-300x232.png 300w, https:\/\/sendapp.cloud\/wp-content\/uploads\/2022\/02\/message_sender_hero_image-16x12.png 16w\" sizes=\"auto, (max-width: 601px) 100vw, 601px\" \/>\n          <\/div>\n        <\/div>\n      <\/div>\n    <\/div>\n\t\t\t<\/div> \n\t\t<\/div>\n\t<\/div> \n\n\t<div  class=\"vc_col-sm-6 wpb_column column_container vc_column_container col no-extra-padding inherit_tablet inherit_phone\"  data-padding-pos=\"all\" data-has-bg-color=\"false\" data-bg-color=\"\" data-bg-opacity=\"1\" data-animation=\"\" data-delay=\"0\" >\n\t\t<div class=\"vc_column-inner\" >\n\t\t\t<div class=\"wpb_wrapper\">\n\t\t\t\t\n<div class=\"wpb_text_column wpb_content_element\" >\n\t<div class=\"wpb_wrapper\">\n\t\t<h1 style=\"text-align: left;\"><span style=\"color: #008000;\">Avec les API gratuites de SendApp Connect<br \/>\nvous pouvez automatiser les notifications Whatsapp<br \/>\navec n&#039;importe quelle plateforme<br \/>\n<\/span><\/h1>\n\t<\/div>\n<\/div>\n\n\n\n\n<div class=\"wpb_text_column wpb_content_element\" >\n\t<div class=\"wpb_wrapper\">\n\t\t<h3 style=\"text-align: left;\"><span style=\"color: #808080;\">Con\u00e7u pour les petites et moyennes entreprises,<\/span><br \/>\n<span style=\"color: #808080;\">pour r\u00e9volutionner la communication client.<\/span><\/h3>\n\t<\/div>\n<\/div>\n\n\n\n\n\t\t\t<\/div> \n\t\t<\/div>\n\t<\/div> \n<\/div><\/div>\n\t\t<div id=\"fws_69f2f642c4917\"  data-column-margin=\"default\" data-midnight=\"dark\"  class=\"wpb_row vc_row-fluid vc_row\"  style=\"padding-top: 0px; padding-bottom: 0px; \"><div class=\"row-bg-wrap\" data-bg-animation=\"none\" data-bg-animation-delay=\"\" data-bg-overlay=\"false\"><div class=\"inner-wrap row-bg-layer\" ><div class=\"row-bg viewport-desktop\"  style=\"\"><\/div><\/div><\/div><div class=\"row_col_wrap_12 col span_12 dark left\">\n\t<div  class=\"vc_col-sm-12 wpb_column column_container vc_column_container col no-extra-padding inherit_tablet inherit_phone\"  data-padding-pos=\"all\" data-has-bg-color=\"false\" data-bg-color=\"\" data-bg-opacity=\"1\" data-animation=\"\" data-delay=\"0\" >\n\t\t<div class=\"vc_column-inner\" >\n\t\t\t<div class=\"wpb_wrapper\">\n\t\t\t\t\n<div class=\"wpb_text_column wpb_content_element\" >\n\t<div class=\"wpb_wrapper\">\n\t\t<h3>API Whatsapp pour envoyer des notifications depuis n&#039;importe quelle plateforme<\/h3>\n<p><strong>API Sendapp Connect<br \/>\n<\/strong>Si vous disposez du logiciel de bureau SendApp Connect, vous pouvez cr\u00e9er une instance avec votre compte WhatsApp personnel ou professionnel multi-sessions.<br \/>\nApr\u00e8s avoir cr\u00e9\u00e9 l&#039;instance, vous pouvez copier votre jeton et votre ID d&#039;instance et personnaliser les API sur n&#039;importe laquelle de vos plates-formes Web, de bureau ou mobiles.<\/p>\n<div class=\"column-two nicescroll\" tabindex=\"2\">\n<h5 class=\"fs-16 fw-4 text-info m-b-20\"><img loading=\"lazy\" decoding=\"async\" class=\"aligncenter wp-image-24307 size-full\" src=\"https:\/\/sendapp.live\/wp-content\/uploads\/2022\/11\/api-whatsapp-sendapp-connect-01.jpg\" alt=\"\" width=\"1280\" height=\"720\" \/><\/h5>\n<\/div>\n\t<\/div>\n<\/div>\n\n\n\n\n\t\t\t<\/div> \n\t\t<\/div>\n\t<\/div> \n<\/div><\/div>\n\t\t<div id=\"fws_69f2f642c504a\"  data-column-margin=\"default\" data-midnight=\"dark\" data-top-percent=\"5%\"  class=\"wpb_row vc_row-fluid vc_row full-width-section\"  style=\"padding-top: calc(100vw * 0.05); padding-bottom: 0px; \"><div class=\"row-bg-wrap\" data-bg-animation=\"none\" data-bg-animation-delay=\"\" data-bg-overlay=\"false\"><div class=\"inner-wrap row-bg-layer\" ><div class=\"row-bg viewport-desktop\"  style=\"\"><\/div><\/div><\/div><div class=\"row_col_wrap_12 col span_12 dark left\">\n\t<div  class=\"vc_col-sm-3 wpb_column column_container vc_column_container col no-extra-padding inherit_tablet inherit_phone\"  data-padding-pos=\"all\" data-has-bg-color=\"false\" data-bg-color=\"\" data-bg-opacity=\"1\" data-animation=\"\" data-delay=\"0\" >\n\t\t<div class=\"vc_column-inner\" >\n\t\t\t<div class=\"wpb_wrapper\">\n\t\t\t\t\n\t<div class=\"wpb_raw_code wpb_raw_html wpb_content_element\" >\n\t\t<div class=\"wpb_wrapper\">\n\t\t\t<div class=\"vc_column-inner\">\n<div class=\"wpb_wrapper\">\n<div class=\"wpb_raw_code wpb_content_element wpb_raw_html\">\n<div class=\"wpb_wrapper\">\n<div id=\"pills-chat\" class=\"tab-pane h-100 show active\" role=\"tabpanel\" aria-labelledby=\"pills-chat-tab\">\n<div class=\"px-4 pt-4\">\n<h4 class=\"mb-4\">Documentation de l&#039;API<\/h4>\n<div class=\"search-box chat-search-box\">&nbsp;<\/div>\n<!-- Search Box--><\/div>\n<!-- .p-4 --> <!-- Start chat-message-list -->\n<div class=\"chat-message-list wa-scroll px-2\" style=\"overflow: hidden; outline: none;\" tabindex=\"6\">\n<h5 class=\"mb-3 px-3 fs-14 m-t-20 text-dark text-uppercase fw-6\">API d&#039;instance<\/h5>\n<ul class=\"wa-api-list px-3\">\n<li class=\"m-b-8\"><a class=\"text-muted\" href=\"#get-qr-code\"><span class=\"text-success fs-12 fw-6 m-r-10\">POSTE<\/span> OBTENIR le code QR<\/a><\/li>\n<\/ul>\n<h5 class=\"mb-3 px-3 fs-14 m-t-30 text-dark text-uppercase fw-6\">API d&#039;envoi de messages directs<\/h5>\n<ul class=\"wa-api-list px-3\">\n<li class=\"m-b-8\"><a class=\"text-muted\" href=\"#send-text\"><span class=\"text-success fs-12 fw-6 m-r-10\">POSTE<\/span> Envoyer un SMS<\/a><\/li>\n<li class=\"m-b-8\"><a class=\"text-muted\" href=\"#send-media\"><span class=\"text-success fs-12 fw-6 m-r-10\">POSTE<\/span> Envoyer le fichier<\/a><\/li>\n<\/ul>\n<h5 class=\"mb-3 px-3 fs-14 m-t-30 text-dark text-uppercase fw-6\">API de groupe<\/h5>\n<ul class=\"wa-api-list px-3\">\n<li class=\"m-b-8\"><a class=\"text-muted\" href=\"#send-text-message-group\"><span class=\"text-success fs-12 fw-6 m-r-10\">POSTE<\/span> Envoyer un groupe de messages texte<\/a><\/li>\n<li class=\"m-b-8\"><a class=\"text-muted\" href=\"#send-media-message-group\"><span class=\"text-success fs-12 fw-6 m-r-10\">POSTE<\/span> Envoyer un fichier au groupe de messages<\/a><\/li>\n<\/ul>\n<\/div>\n<!-- End chat-message-list --><\/div>\n<\/div>\n<\/div>\n<\/div>\n<\/div>\n\t\t<\/div>\n\t<\/div>\n\n\t\t\t<\/div> \n\t\t<\/div>\n\t<\/div> \n\n\t<div  class=\"vc_col-sm-9 wpb_column column_container vc_column_container col no-extra-padding inherit_tablet inherit_phone\"  data-padding-pos=\"all\" data-has-bg-color=\"false\" data-bg-color=\"\" data-bg-opacity=\"1\" data-animation=\"\" data-delay=\"0\" >\n\t\t<div class=\"vc_column-inner\" >\n\t\t\t<div class=\"wpb_wrapper\">\n\t\t\t\t\n\t<div class=\"wpb_raw_code wpb_raw_html wpb_content_element\" >\n\t\t<div class=\"wpb_wrapper\">\n\t\t\t<div class=\"container\">\n<div class=\"row p-t-25 p-b-25\">\n<div class=\"col-12\">\n<h6 id=\"get-qr-code\" class=\"border-bottom m-b-30 p-b-20 m-t-40 p-t-20\"><span class=\"text-success fw-6 m-r-5\">POSTE<\/span> Obtenir le code QR<\/h6>\n<div class=\"alert alert-dark\" role=\"alert\"><code class=\"text-white fs-12\">https:\/\/api.sendapp.live\/getqrcode.php?instance_id=44345788XXX&amp;access_token=612D62D6E8536446BAxxxxxxxxx\t\t\t\t<\/code><\/div>\n<div class=\"text\">Affichez le code QR pour vous connecter \u00e0 WhatsApp Web. Vous pouvez obtenir les r\u00e9sultats via un webhook.<\/div>\n<div class=\"text-uppercase fs-16 border-bottom m-b-15 p-b-10 m-t-30\">Param\u00e8tres<\/div>\n<table class=\"table table-striped table-borderless\">\n<tbody>\n<tr>\n<td class=\"fw-6\">instance_id<\/td>\n<td><code class=\"text-white fs-12\">44345788XXX<\/code><\/td>\n<\/tr>\n<tr>\n<td class=\"fw-6\">jeton d&#039;acc\u00e8s<\/td>\n<td><code class=\"text-white fs-12\">612D62D6E8536446BAxxxxxxxxx<\/code><\/td>\n<\/tr>\n<\/tbody>\n<\/table>\n<\/div>\n<\/div>\n<\/div>\n<\/div>\n<div class=\"row p-t-25 p-b-25\">\n<div class=\"col-12\">\n<h5 class=\"border-bottom m-b-30 p-b-20 text-dark text-uppercase\">API d&#039;envoi de messages directs<\/h5>\n<h6 id=\"send-text\" class=\"border-bottom m-b-30 p-b-20 p-t-20\"><span class=\"text-success fw-6 m-r-5\">POSTE<\/span> Envoyer un SMS<\/h6>\n<div class=\"alert alert-dark\" role=\"alert\"><code class=\"text-white fs-12\">https:\/\/api.sendapp.live\/send.php?number=44345788XXX&amp;type=text&amp;message=test%20message&amp;instance_id=609ACF283XXXX&amp;access_token=612D62D6E8536446BAxxxxxxxxx\t\t\t\t<\/code><\/div>\n<div class=\"text\">Envoyer un SMS \u00e0 un num\u00e9ro de t\u00e9l\u00e9phone via l&#039;application<\/div>\n<div class=\"text-uppercase fs-16 border-bottom m-b-15 p-b-10 m-t-30\">Param\u00e8tres<\/div>\n<table class=\"table table-striped table-borderless\">\n<tbody>\n<tr>\n<td class=\"fw-6\">nombre<\/td>\n<td>44345788XXX<\/td>\n<\/tr>\n<tr>\n<td class=\"fw-6\">taper<\/td>\n<td>texte<\/td>\n<\/tr>\n<tr>\n<td class=\"fw-6\">message<\/td>\n<td>message de test<\/td>\n<\/tr>\n<tr>\n<td class=\"fw-6\">instance_id<\/td>\n<td>609ACF283XXXX<\/td>\n<\/tr>\n<tr>\n<td class=\"fw-6\">jeton d&#039;acc\u00e8s<\/td>\n<td>612D62D6E8536446BAxxxxxxxxx<\/td>\n<\/tr>\n<\/tbody>\n<\/table>\n<h6 id=\"send-media\" class=\"border-bottom m-b-30 p-b-20 m-t-40 p-t-20\"><span class=\"text-success fw-6 m-r-5\">POSTE<\/span> Envoyer des m\u00e9dias et des fichiers<\/h6>\n<div class=\"alert alert-dark\" role=\"alert\"><code class=\"text-white fs-12\">https:\/\/api.sendapp.live\/send.php?number=44345788XXX&amp;type=media&amp;message=test%20message&amp;media_url=https:\/\/i.pravatar.cc&amp;filename=file_test.jpg&amp;instance_id=609ACF283XXXX&amp;access_token=612D62D6E8536446BAxxxxxxxxx\t\t\t\t<\/code><\/div>\n<div class=\"text\">Envoyer un m\u00e9dia ou un fichier avec un message \u00e0 un num\u00e9ro de t\u00e9l\u00e9phone via l&#039;application<\/div>\n<div class=\"text-uppercase fs-16 border-bottom m-b-15 p-b-10 m-t-30\">Param\u00e8tres<\/div>\n<table class=\"table table-striped table-borderless\">\n<tbody>\n<tr>\n<td class=\"fw-6\">nombre<\/td>\n<td>44345788XXX<\/td>\n<\/tr>\n<tr>\n<td class=\"fw-6\">taper<\/td>\n<td>moyenne<\/td>\n<\/tr>\n<tr>\n<td class=\"fw-6\">message<\/td>\n<td>message de test<\/td>\n<\/tr>\n<tr>\n<td class=\"fw-6\">media_url<\/td>\n<td>https:\/\/i.pravatar.cc<\/td>\n<\/tr>\n<tr>\n<td class=\"fw-6\">nom de fichier <span class=\"text-danger small\">(Utilisez-le simplement pour envoyer un document)<\/span><\/td>\n<td>fichier_test.pdf<\/td>\n<\/tr>\n<tr>\n<td class=\"fw-6\">instance_id<\/td>\n<td>609ACF283XXXX<\/td>\n<\/tr>\n<tr>\n<td class=\"fw-6\">jeton d&#039;acc\u00e8s<\/td>\n<td>612D62D6E8536446BAxxxxxxxxx<\/td>\n<\/tr>\n<\/tbody>\n<\/table>\n<\/div>\n<\/div>\n<div class=\"row p-t-25 p-b-25\">\n<div class=\"col-12\">\n<h5 class=\"border-bottom m-b-30 p-b-20 text-dark text-uppercase\">API de groupe<\/h5>\n<h6 id=\"send-text-message-group\" class=\"border-bottom m-b-30 p-b-20 p-t-20\"><span class=\"text-success fw-6 m-r-5\">POSTE<\/span> Envoyer un groupe de messages texte<\/h6>\n<div class=\"alert alert-dark\" role=\"alert\"><code class=\"text-white fs-12\">https:\/\/api.sendapp.live\/sendgroupmsg.php?group_id=84987694574-1618740914@g.us&amp;type=text&amp;message=test%20message&amp;instance_id=609ACF283XXXX&amp;access_token=612D62D6E8536446BAxxxxxxxxx\t\t\t\t<\/code><\/div>\n<div class=\"text\">Envoyer un SMS \u00e0 un groupe via l&#039;application<\/div>\n<div class=\"text-uppercase fs-16 border-bottom m-b-15 p-b-10 m-t-30\">Param\u00e8tres<\/div>\n<table class=\"table table-striped table-borderless\">\n<tbody>\n<tr>\n<td class=\"fw-6\">identifiant_groupe<\/td>\n<td>84987694574-1618740914@g.us<\/td>\n<\/tr>\n<tr>\n<td class=\"fw-6\">taper<\/td>\n<td>texte<\/td>\n<\/tr>\n<tr>\n<td class=\"fw-6\">message<\/td>\n<td>message de test<\/td>\n<\/tr>\n<tr>\n<td class=\"fw-6\">instance_id<\/td>\n<td>609ACF283XXXX<\/td>\n<\/tr>\n<tr>\n<td class=\"fw-6\">jeton d&#039;acc\u00e8s<\/td>\n<td>612D62D6E8536446BAxxxxxxxxx<\/td>\n<\/tr>\n<\/tbody>\n<\/table>\n<h6 id=\"send-media-message-group\" class=\"border-bottom m-b-30 p-b-20 m-t-40 p-t-20\"><span class=\"text-success fw-6 m-r-5\">POSTE<\/span> Envoyer un groupe de messages multim\u00e9dias et de fichiers<\/h6>\n<div class=\"alert alert-dark\" role=\"alert\"><code class=\"text-white fs-12\">https:\/\/api.sendapp.live\/sendgroupmsg.php?group_id=84987694574-1618740914@g.us&amp;type=media&amp;message=test%20message&amp;media_url=https:\/\/i.pravatar.cc&amp;filename=file_test.jpg&amp;instance_id=609ACF283XXXX&amp;access_token=612D62D6E8536446BAxxxxxxxxx\t\t\t\t<\/code><\/div>\n<div class=\"text\">Envoyer un m\u00e9dia ou un fichier avec un message \u00e0 un groupe via l&#039;application<\/div>\n<div class=\"text-uppercase fs-16 border-bottom m-b-15 p-b-10 m-t-30\">Param\u00e8tres<\/div>\n<table class=\"table table-striped table-borderless\">\n<tbody>\n<tr>\n<td class=\"fw-6\">identifiant_groupe<\/td>\n<td>84987694574-1618740914@g.us<\/td>\n<\/tr>\n<tr>\n<td class=\"fw-6\">taper<\/td>\n<td>moyenne<\/td>\n<\/tr>\n<tr>\n<td class=\"fw-6\">message<\/td>\n<td>message de test<\/td>\n<\/tr>\n<tr>\n<td class=\"fw-6\">media_url<\/td>\n<td>https:\/\/i.pravatar.cc<\/td>\n<\/tr>\n<tr>\n<td class=\"fw-6\">nom de fichier <span class=\"text-danger small\">(Utilisez-le simplement pour envoyer un document)<\/span><\/td>\n<td>fichier_test.pdf<\/td>\n<\/tr>\n<tr>\n<td class=\"fw-6\">instance_id<\/td>\n<td>609ACF283XXXX<\/td>\n<\/tr>\n<tr>\n<td class=\"fw-6\">jeton d&#039;acc\u00e8s<\/td>\n<td>612D62D6E8536446BAxxxxxxxxx<\/td>\n<\/tr>\n<\/tbody>\n<\/table>\n<\/div>\n<\/div>\n<\/div>\n\t\t<\/div>\n\t<\/div>\n\n<div class=\"wpb_text_column wpb_content_element\" >\n\t<div class=\"wpb_wrapper\">\n\t\t<p><strong>Point de terminaison de l&#039;API Webhook SendApp<br \/>\n<\/strong>Si vous disposez du logiciel de bureau SendApp Connect, vous pouvez cr\u00e9er un fichier PHP sur votre serveur avec un certificat SSL,<br \/>\npour recevoir tous les messages de vos clients au format JSON. Une fois votre fichier PHP configur\u00e9,<br \/>\nil vous suffira simplement de saisir l&#039;URL dans votre SendApp Connect.<br \/>\nDe cette fa\u00e7on, tous les messages entrants de votre compte WhatsApp seront envoy\u00e9s \u00e0 votre point de terminaison au format json.<\/p>\n<div class=\"column-two nicescroll\" tabindex=\"2\">\n<h5 class=\"fs-16 fw-4 text-info m-b-20\"><img loading=\"lazy\" decoding=\"async\" class=\"alignnone size-full wp-image-26745\" src=\"https:\/\/sendapp.live\/wp-content\/uploads\/2023\/09\/SendApp-webhook.jpg\" alt=\"\" width=\"1280\" height=\"720\" srcset=\"https:\/\/sendapp.cloud\/wp-content\/uploads\/2023\/09\/SendApp-webhook.jpg 1280w, https:\/\/sendapp.cloud\/wp-content\/uploads\/2023\/09\/SendApp-webhook-300x169.jpg 300w, https:\/\/sendapp.cloud\/wp-content\/uploads\/2023\/09\/SendApp-webhook-1024x576.jpg 1024w, https:\/\/sendapp.cloud\/wp-content\/uploads\/2023\/09\/SendApp-webhook-768x432.jpg 768w, https:\/\/sendapp.cloud\/wp-content\/uploads\/2023\/09\/SendApp-webhook-18x10.jpg 18w\" sizes=\"auto, (max-width: 1280px) 100vw, 1280px\" \/><\/h5>\n<\/div>\n\t<\/div>\n<\/div>\n\n\n\n<a class=\"nectar-button large regular accent-color  regular-button\"  role=\"button\" style=\"\" target=\"_blank\" href=\"https:\/\/spc-app.com\/sendapp\/download\/webwook-desktop.zip\" data-color-override=\"false\" data-hover-color-override=\"false\" data-hover-text-color-override=\"#fff\"><span>T\u00e9l\u00e9charger l&#039;exemple PHP<\/span><\/a><div id=\"fws_69f2f642c668f\" data-midnight=\"\" data-column-margin=\"default\" class=\"wpb_row vc_row-fluid vc_row inner_row\"  style=\"\"><div class=\"row-bg-wrap\"> <div class=\"row-bg\" ><\/div> <\/div><div class=\"row_col_wrap_12_inner col span_12  left\">\n\t<div  class=\"vc_col-sm-12 wpb_column column_container vc_column_container col child_column no-extra-padding inherit_tablet inherit_phone\"   data-padding-pos=\"all\" data-has-bg-color=\"false\" data-bg-color=\"\" data-bg-opacity=\"1\" data-animation=\"\" data-delay=\"0\" >\n\t\t<div class=\"vc_column-inner\" >\n\t\t<div class=\"wpb_wrapper\">\n\t\t\t\n\t\t<\/div> \n\t<\/div>\n\t<\/div> \n<\/div><\/div>\n\t\t\t<\/div> \n\t\t<\/div>\n\t<\/div> \n<\/div><\/div>","protected":false},"excerpt":{"rendered":"Con le API Gratuite di SendApp Connect puoi automatizzare le notifiche Whatsapp con qualsiasi piattaforma Pensate per le piccole e medie aziende, per rivoluzionare la comunicazione con i clienti. Whatsapp...","protected":false},"author":1,"featured_media":0,"parent":0,"menu_order":0,"comment_status":"closed","ping_status":"closed","template":"","meta":{"footnotes":""},"class_list":["post-24290","page","type-page","status-publish"],"yoast_head":"<!-- This site is optimized with the Yoast SEO plugin v27.4 - https:\/\/yoast.com\/product\/yoast-seo-wordpress\/ -->\n<title>whatsapp api sendapp connect - SendApp<\/title>\n<meta name=\"robots\" content=\"index, follow, max-snippet:-1, max-image-preview:large, max-video-preview:-1\" \/>\n<link rel=\"canonical\" href=\"https:\/\/sendapp.cloud\/fr\/whatsapp-api-sendapp-connect\/\" \/>\n<meta property=\"og:locale\" content=\"fr_FR\" \/>\n<meta property=\"og:type\" content=\"article\" \/>\n<meta property=\"og:title\" content=\"whatsapp api sendapp connect - SendApp\" \/>\n<meta property=\"og:url\" content=\"https:\/\/sendapp.cloud\/fr\/whatsapp-api-sendapp-connect\/\" \/>\n<meta property=\"og:site_name\" content=\"SendApp\" \/>\n<meta property=\"og:image\" content=\"https:\/\/sendapp.live\/wp-content\/uploads\/2022\/11\/api-whatsapp-sendapp-connect-01.jpg\" \/>\n<meta name=\"twitter:card\" content=\"summary_large_image\" \/>\n<meta name=\"twitter:label1\" content=\"Dur\u00e9e de lecture estim\u00e9e\" \/>\n\t<meta name=\"twitter:data1\" content=\"2 minutes\" \/>\n<script type=\"application\/ld+json\" class=\"yoast-schema-graph\">{\"@context\":\"https:\\\/\\\/schema.org\",\"@graph\":[{\"@type\":\"WebPage\",\"@id\":\"https:\\\/\\\/sendapp.cloud\\\/whatsapp-api-sendapp-connect\\\/\",\"url\":\"https:\\\/\\\/sendapp.cloud\\\/whatsapp-api-sendapp-connect\\\/\",\"name\":\"whatsapp api sendapp connect - SendApp\",\"isPartOf\":{\"@id\":\"https:\\\/\\\/sendapp.cloud\\\/en\\\/#website\"},\"primaryImageOfPage\":{\"@id\":\"https:\\\/\\\/sendapp.cloud\\\/whatsapp-api-sendapp-connect\\\/#primaryimage\"},\"image\":{\"@id\":\"https:\\\/\\\/sendapp.cloud\\\/whatsapp-api-sendapp-connect\\\/#primaryimage\"},\"thumbnailUrl\":\"https:\\\/\\\/sendapp.live\\\/wp-content\\\/uploads\\\/2022\\\/11\\\/api-whatsapp-sendapp-connect-01.jpg\",\"datePublished\":\"2022-11-09T12:01:53+00:00\",\"breadcrumb\":{\"@id\":\"https:\\\/\\\/sendapp.cloud\\\/whatsapp-api-sendapp-connect\\\/#breadcrumb\"},\"inLanguage\":\"fr-FR\",\"potentialAction\":[{\"@type\":\"ReadAction\",\"target\":[\"https:\\\/\\\/sendapp.cloud\\\/whatsapp-api-sendapp-connect\\\/\"]}]},{\"@type\":\"ImageObject\",\"inLanguage\":\"fr-FR\",\"@id\":\"https:\\\/\\\/sendapp.cloud\\\/whatsapp-api-sendapp-connect\\\/#primaryimage\",\"url\":\"https:\\\/\\\/sendapp.live\\\/wp-content\\\/uploads\\\/2022\\\/11\\\/api-whatsapp-sendapp-connect-01.jpg\",\"contentUrl\":\"https:\\\/\\\/sendapp.live\\\/wp-content\\\/uploads\\\/2022\\\/11\\\/api-whatsapp-sendapp-connect-01.jpg\"},{\"@type\":\"BreadcrumbList\",\"@id\":\"https:\\\/\\\/sendapp.cloud\\\/whatsapp-api-sendapp-connect\\\/#breadcrumb\",\"itemListElement\":[{\"@type\":\"ListItem\",\"position\":1,\"name\":\"Home\",\"item\":\"https:\\\/\\\/sendapp.cloud\\\/\"},{\"@type\":\"ListItem\",\"position\":2,\"name\":\"whatsapp api sendapp connect\"}]},{\"@type\":\"WebSite\",\"@id\":\"https:\\\/\\\/sendapp.cloud\\\/en\\\/#website\",\"url\":\"https:\\\/\\\/sendapp.cloud\\\/en\\\/\",\"name\":\"SendApp\",\"description\":\"Software Whatsapp Marketing\",\"publisher\":{\"@id\":\"https:\\\/\\\/sendapp.cloud\\\/en\\\/#organization\"},\"potentialAction\":[{\"@type\":\"SearchAction\",\"target\":{\"@type\":\"EntryPoint\",\"urlTemplate\":\"https:\\\/\\\/sendapp.cloud\\\/en\\\/?s={search_term_string}\"},\"query-input\":{\"@type\":\"PropertyValueSpecification\",\"valueRequired\":true,\"valueName\":\"search_term_string\"}}],\"inLanguage\":\"fr-FR\"},{\"@type\":\"Organization\",\"@id\":\"https:\\\/\\\/sendapp.cloud\\\/en\\\/#organization\",\"name\":\"SendApp\",\"url\":\"https:\\\/\\\/sendapp.cloud\\\/en\\\/\",\"logo\":{\"@type\":\"ImageObject\",\"inLanguage\":\"fr-FR\",\"@id\":\"https:\\\/\\\/sendapp.cloud\\\/en\\\/#\\\/schema\\\/logo\\\/image\\\/\",\"url\":\"https:\\\/\\\/sendapp.cloud\\\/wp-content\\\/uploads\\\/2024\\\/11\\\/Logo-bianco.png\",\"contentUrl\":\"https:\\\/\\\/sendapp.cloud\\\/wp-content\\\/uploads\\\/2024\\\/11\\\/Logo-bianco.png\",\"width\":145,\"height\":48,\"caption\":\"SendApp\"},\"image\":{\"@id\":\"https:\\\/\\\/sendapp.cloud\\\/en\\\/#\\\/schema\\\/logo\\\/image\\\/\"}}]}<\/script>\n<!-- \/ Yoast SEO plugin. -->","yoast_head_json":{"title":"whatsapp api sendapp connect - SendApp","robots":{"index":"index","follow":"follow","max-snippet":"max-snippet:-1","max-image-preview":"max-image-preview:large","max-video-preview":"max-video-preview:-1"},"canonical":"https:\/\/sendapp.cloud\/fr\/whatsapp-api-sendapp-connect\/","og_locale":"fr_FR","og_type":"article","og_title":"whatsapp api sendapp connect - SendApp","og_url":"https:\/\/sendapp.cloud\/fr\/whatsapp-api-sendapp-connect\/","og_site_name":"SendApp","og_image":[{"url":"https:\/\/sendapp.live\/wp-content\/uploads\/2022\/11\/api-whatsapp-sendapp-connect-01.jpg","type":"","width":"","height":""}],"twitter_card":"summary_large_image","twitter_misc":{"Dur\u00e9e de lecture estim\u00e9e":"2 minutes"},"schema":{"@context":"https:\/\/schema.org","@graph":[{"@type":"WebPage","@id":"https:\/\/sendapp.cloud\/whatsapp-api-sendapp-connect\/","url":"https:\/\/sendapp.cloud\/whatsapp-api-sendapp-connect\/","name":"whatsapp api sendapp connect - SendApp","isPartOf":{"@id":"https:\/\/sendapp.cloud\/en\/#website"},"primaryImageOfPage":{"@id":"https:\/\/sendapp.cloud\/whatsapp-api-sendapp-connect\/#primaryimage"},"image":{"@id":"https:\/\/sendapp.cloud\/whatsapp-api-sendapp-connect\/#primaryimage"},"thumbnailUrl":"https:\/\/sendapp.live\/wp-content\/uploads\/2022\/11\/api-whatsapp-sendapp-connect-01.jpg","datePublished":"2022-11-09T12:01:53+00:00","breadcrumb":{"@id":"https:\/\/sendapp.cloud\/whatsapp-api-sendapp-connect\/#breadcrumb"},"inLanguage":"fr-FR","potentialAction":[{"@type":"ReadAction","target":["https:\/\/sendapp.cloud\/whatsapp-api-sendapp-connect\/"]}]},{"@type":"ImageObject","inLanguage":"fr-FR","@id":"https:\/\/sendapp.cloud\/whatsapp-api-sendapp-connect\/#primaryimage","url":"https:\/\/sendapp.live\/wp-content\/uploads\/2022\/11\/api-whatsapp-sendapp-connect-01.jpg","contentUrl":"https:\/\/sendapp.live\/wp-content\/uploads\/2022\/11\/api-whatsapp-sendapp-connect-01.jpg"},{"@type":"BreadcrumbList","@id":"https:\/\/sendapp.cloud\/whatsapp-api-sendapp-connect\/#breadcrumb","itemListElement":[{"@type":"ListItem","position":1,"name":"Home","item":"https:\/\/sendapp.cloud\/"},{"@type":"ListItem","position":2,"name":"whatsapp api sendapp connect"}]},{"@type":"WebSite","@id":"https:\/\/sendapp.cloud\/en\/#website","url":"https:\/\/sendapp.cloud\/en\/","name":"Envoyer une application","description":"Logiciel de marketing WhatsApp","publisher":{"@id":"https:\/\/sendapp.cloud\/en\/#organization"},"potentialAction":[{"@type":"SearchAction","target":{"@type":"EntryPoint","urlTemplate":"https:\/\/sendapp.cloud\/en\/?s={search_term_string}"},"query-input":{"@type":"PropertyValueSpecification","valueRequired":true,"valueName":"search_term_string"}}],"inLanguage":"fr-FR"},{"@type":"Organization","@id":"https:\/\/sendapp.cloud\/en\/#organization","name":"Envoyer une application","url":"https:\/\/sendapp.cloud\/en\/","logo":{"@type":"ImageObject","inLanguage":"fr-FR","@id":"https:\/\/sendapp.cloud\/en\/#\/schema\/logo\/image\/","url":"https:\/\/sendapp.cloud\/wp-content\/uploads\/2024\/11\/Logo-bianco.png","contentUrl":"https:\/\/sendapp.cloud\/wp-content\/uploads\/2024\/11\/Logo-bianco.png","width":145,"height":48,"caption":"SendApp"},"image":{"@id":"https:\/\/sendapp.cloud\/en\/#\/schema\/logo\/image\/"}}]}},"_links":{"self":[{"href":"https:\/\/sendapp.cloud\/fr\/wp-json\/wp\/v2\/pages\/24290","targetHints":{"allow":["GET"]}}],"collection":[{"href":"https:\/\/sendapp.cloud\/fr\/wp-json\/wp\/v2\/pages"}],"about":[{"href":"https:\/\/sendapp.cloud\/fr\/wp-json\/wp\/v2\/types\/page"}],"author":[{"embeddable":true,"href":"https:\/\/sendapp.cloud\/fr\/wp-json\/wp\/v2\/users\/1"}],"replies":[{"embeddable":true,"href":"https:\/\/sendapp.cloud\/fr\/wp-json\/wp\/v2\/comments?post=24290"}],"version-history":[{"count":0,"href":"https:\/\/sendapp.cloud\/fr\/wp-json\/wp\/v2\/pages\/24290\/revisions"}],"wp:attachment":[{"href":"https:\/\/sendapp.cloud\/fr\/wp-json\/wp\/v2\/media?parent=24290"}],"curies":[{"name":"wp","href":"https:\/\/api.w.org\/{rel}","templated":true}]}}