{"id":23066,"date":"2022-05-08T19:53:55","date_gmt":"2022-05-08T17:53:55","guid":{"rendered":"https:\/\/sendapp.live\/?page_id=23066"},"modified":"2022-05-08T19:53:55","modified_gmt":"2022-05-08T17:53:55","slug":"shopify-sms-and-whatsapp-notifications","status":"publish","type":"page","link":"https:\/\/sendapp.cloud\/fr\/shopify-sms-and-whatsapp-notifications\/","title":{"rendered":"Notifications SMS et WhatsApp de Shopify"},"content":{"rendered":"<div id=\"fws_69e2f8849ec3f\"  data-column-margin=\"default\" data-midnight=\"dark\"  class=\"wpb_row vc_row-fluid vc_row  top_margin_5pct\"  style=\"padding-top: 0px; padding-bottom: 0px; \"><div class=\"row-bg-wrap\" data-bg-animation=\"none\" data-bg-animation-delay=\"\" data-bg-overlay=\"false\"><div class=\"inner-wrap row-bg-layer\" ><div class=\"row-bg viewport-desktop\"  style=\"\"><\/div><\/div><\/div><div class=\"row_col_wrap_12 col span_12 dark left\">\n\t<div  class=\"vc_col-sm-2\/5 wpb_column column_container vc_column_container col no-extra-padding inherit_tablet inherit_phone\"  data-padding-pos=\"top\" data-has-bg-color=\"false\" data-bg-color=\"\" data-bg-opacity=\"1\" data-animation=\"\" data-delay=\"0\" >\n\t\t<div class=\"vc_column-inner\" >\n\t\t\t<div class=\"wpb_wrapper\">\n\t\t\t\t<div class=\"img-with-aniamtion-wrap\" data-max-width=\"100%\" data-max-width-mobile=\"default\" data-shadow=\"none\" data-animation=\"fade-in\" >\n      <div class=\"inner\">\n        <div class=\"hover-wrap\"> \n          <div class=\"hover-wrap-inner\">\n            <img loading=\"lazy\" decoding=\"async\" class=\"img-with-animation skip-lazy\" data-delay=\"0\" height=\"600\" width=\"600\" data-animation=\"fade-in\" src=\"https:\/\/sendapp.cloud\/wp-content\/uploads\/2022\/06\/banner-shopify-logo-02.jpg\" alt=\"\" srcset=\"https:\/\/sendapp.cloud\/wp-content\/uploads\/2022\/06\/banner-shopify-logo-02.jpg 600w, https:\/\/sendapp.cloud\/wp-content\/uploads\/2022\/06\/banner-shopify-logo-02-300x300.jpg 300w, https:\/\/sendapp.cloud\/wp-content\/uploads\/2022\/06\/banner-shopify-logo-02-150x150.jpg 150w, https:\/\/sendapp.cloud\/wp-content\/uploads\/2022\/06\/banner-shopify-logo-02-12x12.jpg 12w, https:\/\/sendapp.cloud\/wp-content\/uploads\/2022\/06\/banner-shopify-logo-02-140x140.jpg 140w, https:\/\/sendapp.cloud\/wp-content\/uploads\/2022\/06\/banner-shopify-logo-02-100x100.jpg 100w, https:\/\/sendapp.cloud\/wp-content\/uploads\/2022\/06\/banner-shopify-logo-02-500x500.jpg 500w, https:\/\/sendapp.cloud\/wp-content\/uploads\/2022\/06\/banner-shopify-logo-02-350x350.jpg 350w\" sizes=\"auto, (max-width: 600px) 100vw, 600px\" \/>\n          <\/div>\n        <\/div>\n      <\/div>\n    <\/div>\n\t\t\t<\/div> \n\t\t<\/div>\n\t<\/div> \n\n\t<div  class=\"vc_col-sm-3\/5 wpb_column column_container vc_column_container col no-extra-padding inherit_tablet inherit_phone\"  data-padding-pos=\"all\" data-has-bg-color=\"false\" data-bg-color=\"\" data-bg-opacity=\"1\" data-animation=\"\" data-delay=\"0\" >\n\t\t<div class=\"vc_column-inner\" >\n\t\t\t<div class=\"wpb_wrapper\">\n\t\t\t\t\n<div class=\"wpb_text_column wpb_content_element\" >\n\t<div class=\"wpb_wrapper\">\n\t\t<h2><span style=\"color: #008000;\">Activer les notifications WhatsApp<br \/>\nsur votre e-commerce Shopify<br \/>\npour les commandes et les changements de statut.<\/span><\/h2>\n\t<\/div>\n<\/div>\n\n\n\n\n<div class=\"wpb_text_column wpb_content_element\" >\n\t<div class=\"wpb_wrapper\">\n\t\t<h3>Envoyer des notifications WhatsApp pour les commandes et les changements de statut<br \/>\npour augmenter l&#039;engagement avec vos clients gr\u00e2ce \u00e0<br \/>\nnotre int\u00e9gration Shopify gratuite.<\/h3>\n\t<\/div>\n<\/div>\n\n\n\n<a class=\"nectar-button jumbo regular accent-color  regular-button\"  role=\"button\" style=\"margin-top: 30px; \" target=\"_blank\" href=\"https:\/\/shopify.sendapp.live\/generate.php\" data-color-override=\"false\" data-hover-color-override=\"false\" data-hover-text-color-override=\"#fff\"><span>G\u00e9n\u00e9rez votre Webhook<\/span><\/a>\n\t\t\t<\/div> \n\t\t<\/div>\n\t<\/div> \n<\/div><\/div>\n\t\t<div id=\"fws_69e2f8849ffd1\"  data-column-margin=\"default\" data-midnight=\"dark\"  class=\"wpb_row vc_row-fluid vc_row full-width-section\"  style=\"padding-top: 0px; padding-bottom: 100px; \"><div class=\"row-bg-wrap\" data-bg-animation=\"none\" data-bg-animation-delay=\"\" data-bg-overlay=\"false\"><div class=\"inner-wrap row-bg-layer\" ><div class=\"row-bg viewport-desktop using-bg-color\"  style=\"background-color: #ffffff; \"><\/div><\/div><\/div><div class=\"row_col_wrap_12 col span_12 dark left\">\n\t<div  class=\"vc_col-sm-12 wpb_column column_container vc_column_container col no-extra-padding inherit_tablet inherit_phone\"  data-padding-pos=\"all\" data-has-bg-color=\"false\" data-bg-color=\"\" data-bg-opacity=\"1\" data-animation=\"\" data-delay=\"0\" >\n\t\t<div class=\"vc_column-inner\" >\n\t\t\t<div class=\"wpb_wrapper\">\n\t\t\t\t<div class=\"nectar-gradient-text\" data-direction=\"horizontal\" data-color=\"extra-color-gradient-1\" style=\"margin-top: 90px; margin-bottom: 0px; \"><h2>Comment utiliser les notifications WhatsApp de SendApp pour Shopify<\/h2><\/div><div class=\"toggles\" data-br=\"\" data-starting=\"default\" data-style=\"minimal\"><div class=\"toggle default\" data-inner-wrap=\"true\"><h3 class=\"toggle-title\"><a href=\"#\" role=\"button\" class=\"toggle-heading\"><i role=\"presentation\" class=\"fa fa-plus-circle\"><\/i>Param\u00e8tre<\/a><\/h3><div><div class=\"inner-toggle-wrap\">\n<div class=\"wpb_text_column wpb_content_element\" >\n\t<div class=\"wpb_wrapper\">\n\t\t<p><strong>G\u00e9n\u00e9rez vos API Whatsapp sur Sendapp Colud<br \/>\n<\/strong>Connectez-vous ou inscrivez-vous sur <a href=\"https:\/\/app.sendapp.cloud\" target=\"_blank\" rel=\"noopener\">https:\/\/app.sendapp.cloud<\/a> et cr\u00e9ez une instance avec votre compte WhatsApp Business ou Personnel multi-session.<br \/>\nApr\u00e8s avoir cr\u00e9\u00e9 votre instance, vous pouvez copier votre jeton et votre ID d&#039;instance pour les coller dans le configurateur de webhook Shopify. <a href=\"https:\/\/shopify.sendapp.live\/generate.php\" target=\"_blank\" rel=\"noopener\">https:\/\/shopify.sendapp.live\/generate.php<\/a><\/p>\n<p><img loading=\"lazy\" decoding=\"async\" class=\"alignnone wp-image-25571 size-full\" src=\"https:\/\/sendapp.live\/wp-content\/uploads\/2023\/06\/istanza3.jpg\" alt=\"\" width=\"1680\" height=\"897\" srcset=\"https:\/\/sendapp.cloud\/wp-content\/uploads\/2023\/06\/istanza3.jpg 1680w, https:\/\/sendapp.cloud\/wp-content\/uploads\/2023\/06\/istanza3-300x160.jpg 300w, https:\/\/sendapp.cloud\/wp-content\/uploads\/2023\/06\/istanza3-1024x547.jpg 1024w, https:\/\/sendapp.cloud\/wp-content\/uploads\/2023\/06\/istanza3-768x410.jpg 768w, https:\/\/sendapp.cloud\/wp-content\/uploads\/2023\/06\/istanza3-1536x820.jpg 1536w, https:\/\/sendapp.cloud\/wp-content\/uploads\/2023\/06\/istanza3-18x10.jpg 18w\" sizes=\"auto, (max-width: 1680px) 100vw, 1680px\" \/><\/p>\n\t<\/div>\n<\/div>\n\n\n\n<\/div><\/div><\/div><div class=\"toggle default\" data-inner-wrap=\"true\"><h3 class=\"toggle-title\"><a href=\"#\" role=\"button\" class=\"toggle-heading\"><i role=\"presentation\" class=\"fa fa-plus-circle\"><\/i>Configuration des messages de notification<\/a><\/h3><div><div class=\"inner-toggle-wrap\">\n<div class=\"wpb_text_column wpb_content_element\" >\n\t<div class=\"wpb_wrapper\">\n\t\t<h4><strong>Configuration des messages\u00a0<\/strong><\/h4>\n<p>Acc\u00e9der \u00e0 la configuration du webhook <a href=\"https:\/\/shopify.sendapp.live\/generate.php\" target=\"_blank\" rel=\"noopener\">https:\/\/shopify.sendapp.live\/generate.php<\/a> Pour personnaliser les notifications que vous souhaitez envoyer \u00e0 vos clients, si vous souhaitez modifier les messages d&#039;un compte existant, apr\u00e8s avoir saisi votre jeton et votre instance, cliquez sur le bouton \u201c\u00a0MODIFIER\u00a0\u201d. Vos notifications appara\u00eetront pour modification. Dans le champ \u00ab\u00a0Num\u00e9ro de t\u00e9l\u00e9phone WhatsApp pour les notifications administrateur\u00a0\u00bb, saisissez un num\u00e9ro de t\u00e9l\u00e9phone WhatsApp avec l&#039;indicatif pays, sans \u00ab\u00a0s\u00a0\u00bb, \u00ab\u00a0tirets\u00a0\u00bb ni parenth\u00e8ses. Ce num\u00e9ro sera utilis\u00e9 pour recevoir les notifications en tant qu&#039;administrateur. Une fois la personnalisation termin\u00e9e, cliquez sur le bouton \u00ab\u00a0G\u00c9N\u00c9RER L&#039;URL POUR SHOPIFY\u00a0\u00bb. L&#039;URL personnalis\u00e9e que vous pourrez ins\u00e9rer dans votre interface administrateur Shopify appara\u00eetra.<\/p>\n<p><img loading=\"lazy\" decoding=\"async\" class=\"wp-image-23357 size-full aligncenter\" src=\"https:\/\/sendapp.live\/wp-content\/uploads\/2022\/06\/shopify-configuration.jpg\" alt=\"\" width=\"850\" height=\"1690\" srcset=\"https:\/\/sendapp.cloud\/wp-content\/uploads\/2022\/06\/shopify-configuration.jpg 850w, https:\/\/sendapp.cloud\/wp-content\/uploads\/2022\/06\/shopify-configuration-151x300.jpg 151w, https:\/\/sendapp.cloud\/wp-content\/uploads\/2022\/06\/shopify-configuration-515x1024.jpg 515w, https:\/\/sendapp.cloud\/wp-content\/uploads\/2022\/06\/shopify-configuration-768x1527.jpg 768w, https:\/\/sendapp.cloud\/wp-content\/uploads\/2022\/06\/shopify-configuration-773x1536.jpg 773w, https:\/\/sendapp.cloud\/wp-content\/uploads\/2022\/06\/shopify-configuration-6x12.jpg 6w\" sizes=\"auto, (max-width: 850px) 100vw, 850px\" \/><\/p>\n\t<\/div>\n<\/div>\n\n\n\n<\/div><\/div><\/div><div class=\"toggle default\" data-inner-wrap=\"true\"><h3 class=\"toggle-title\"><a href=\"#\" role=\"button\" class=\"toggle-heading\"><i role=\"presentation\" class=\"fa fa-plus-circle\"><\/i>Configurer Shopify pour envoyer des notifications<\/a><\/h3><div><div class=\"inner-toggle-wrap\">\n<div class=\"wpb_text_column wpb_content_element\" >\n\t<div class=\"wpb_wrapper\">\n\t\t<h4><strong>Configuration des notifications Shopify<\/strong><\/h4>\n<p>Connectez-vous \u00e0 votre administrateur Shopfy, acc\u00e9dez \u00e0 <strong>Param\u00e8tres \/ Notifications <\/strong>\u00e0 la fin de cette page vous trouverez la section <strong>Webhook<br \/>\n<\/strong>Cliquez sur le bouton \u201c\u00a0Cr\u00e9er un webhook\u00a0\u201d. S\u00e9lectionnez \u201c\u00a0Mise \u00e0 jour de la commande\u00a0\u201d et le format \u201c\u00a0JSON\u00a0\u201d parmi les \u00e9v\u00e9nements.,<br \/>\nCollez l&#039;URL Sendapp dans le champ URL, s\u00e9lectionnez Webhook API version 2022-4 (Latest) dans le menu.<br \/>\nPour confirmer l&#039;envoi des notifications, vous devez cliquer sur le bouton Enregistrer et vous \u00eates imm\u00e9diatement pr\u00eat \u00e0 envoyer des notifications WhatsApp depuis votre Store.<\/p>\n<p><img loading=\"lazy\" decoding=\"async\" class=\"wp-image-23361 size-full aligncenter\" src=\"https:\/\/sendapp.live\/wp-content\/uploads\/2022\/06\/shopify-configuration-webhook.jpg\" alt=\"\" width=\"1024\" height=\"606\" srcset=\"https:\/\/sendapp.cloud\/wp-content\/uploads\/2022\/06\/shopify-configuration-webhook.jpg 1024w, https:\/\/sendapp.cloud\/wp-content\/uploads\/2022\/06\/shopify-configuration-webhook-300x178.jpg 300w, https:\/\/sendapp.cloud\/wp-content\/uploads\/2022\/06\/shopify-configuration-webhook-768x455.jpg 768w, https:\/\/sendapp.cloud\/wp-content\/uploads\/2022\/06\/shopify-configuration-webhook-18x12.jpg 18w\" sizes=\"auto, (max-width: 1024px) 100vw, 1024px\" \/><\/p>\n\t<\/div>\n<\/div>\n\n\n\n<\/div><\/div><\/div><\/div>\n\n\n\n\n\n\n\n\n\n\n\n\n\n\n\n\n\n\n\n\n\t\t\t<\/div> \n\t\t<\/div>\n\t<\/div> \n<\/div><\/div>","protected":false},"excerpt":{"rendered":"Attiva le Notifiche WhatsApp sul tuo eCommerce Shopify per gli Ordini e i cambi di stato. Invia messaggi di notifiche WhatsApp per Ordini e cambi di stato per aumentare il...","protected":false},"author":1,"featured_media":0,"parent":0,"menu_order":0,"comment_status":"closed","ping_status":"closed","template":"","meta":{"footnotes":""},"class_list":["post-23066","page","type-page","status-publish"],"yoast_head":"<!-- This site is optimized with the Yoast SEO plugin v26.8 - https:\/\/yoast.com\/product\/yoast-seo-wordpress\/ -->\n<title>shopify sms and whatsapp notifications - SendApp<\/title>\n<meta name=\"robots\" content=\"index, follow, max-snippet:-1, max-image-preview:large, max-video-preview:-1\" \/>\n<link rel=\"canonical\" href=\"https:\/\/sendapp.cloud\/fr\/shopify-sms-and-whatsapp-notifications\/\" \/>\n<meta property=\"og:locale\" content=\"fr_FR\" \/>\n<meta property=\"og:type\" content=\"article\" \/>\n<meta property=\"og:title\" content=\"shopify sms and whatsapp notifications - SendApp\" \/>\n<meta property=\"og:url\" content=\"https:\/\/sendapp.cloud\/fr\/shopify-sms-and-whatsapp-notifications\/\" \/>\n<meta property=\"og:site_name\" content=\"SendApp\" \/>\n<meta property=\"og:image\" content=\"https:\/\/sendapp.live\/wp-content\/uploads\/2023\/06\/istanza3.jpg\" \/>\n<meta name=\"twitter:card\" content=\"summary_large_image\" \/>\n<meta name=\"twitter:label1\" content=\"Dur\u00e9e de lecture estim\u00e9e\" \/>\n\t<meta name=\"twitter:data1\" content=\"4 minutes\" \/>\n<script type=\"application\/ld+json\" class=\"yoast-schema-graph\">{\"@context\":\"https:\/\/schema.org\",\"@graph\":[{\"@type\":\"WebPage\",\"@id\":\"https:\/\/sendapp.cloud\/shopify-sms-and-whatsapp-notifications\/\",\"url\":\"https:\/\/sendapp.cloud\/shopify-sms-and-whatsapp-notifications\/\",\"name\":\"shopify sms and whatsapp notifications - SendApp\",\"isPartOf\":{\"@id\":\"https:\/\/sendapp.cloud\/en\/#website\"},\"primaryImageOfPage\":{\"@id\":\"https:\/\/sendapp.cloud\/shopify-sms-and-whatsapp-notifications\/#primaryimage\"},\"image\":{\"@id\":\"https:\/\/sendapp.cloud\/shopify-sms-and-whatsapp-notifications\/#primaryimage\"},\"thumbnailUrl\":\"https:\/\/sendapp.live\/wp-content\/uploads\/2023\/06\/istanza3.jpg\",\"datePublished\":\"2022-05-08T17:53:55+00:00\",\"breadcrumb\":{\"@id\":\"https:\/\/sendapp.cloud\/shopify-sms-and-whatsapp-notifications\/#breadcrumb\"},\"inLanguage\":\"fr-FR\",\"potentialAction\":[{\"@type\":\"ReadAction\",\"target\":[\"https:\/\/sendapp.cloud\/shopify-sms-and-whatsapp-notifications\/\"]}]},{\"@type\":\"ImageObject\",\"inLanguage\":\"fr-FR\",\"@id\":\"https:\/\/sendapp.cloud\/shopify-sms-and-whatsapp-notifications\/#primaryimage\",\"url\":\"https:\/\/sendapp.live\/wp-content\/uploads\/2023\/06\/istanza3.jpg\",\"contentUrl\":\"https:\/\/sendapp.live\/wp-content\/uploads\/2023\/06\/istanza3.jpg\"},{\"@type\":\"BreadcrumbList\",\"@id\":\"https:\/\/sendapp.cloud\/shopify-sms-and-whatsapp-notifications\/#breadcrumb\",\"itemListElement\":[{\"@type\":\"ListItem\",\"position\":1,\"name\":\"Home\",\"item\":\"https:\/\/sendapp.cloud\/\"},{\"@type\":\"ListItem\",\"position\":2,\"name\":\"shopify sms and whatsapp notifications\"}]},{\"@type\":\"WebSite\",\"@id\":\"https:\/\/sendapp.cloud\/en\/#website\",\"url\":\"https:\/\/sendapp.cloud\/en\/\",\"name\":\"SendApp\",\"description\":\"Software Whatsapp Marketing\",\"publisher\":{\"@id\":\"https:\/\/sendapp.cloud\/en\/#organization\"},\"potentialAction\":[{\"@type\":\"SearchAction\",\"target\":{\"@type\":\"EntryPoint\",\"urlTemplate\":\"https:\/\/sendapp.cloud\/en\/?s={search_term_string}\"},\"query-input\":{\"@type\":\"PropertyValueSpecification\",\"valueRequired\":true,\"valueName\":\"search_term_string\"}}],\"inLanguage\":\"fr-FR\"},{\"@type\":\"Organization\",\"@id\":\"https:\/\/sendapp.cloud\/en\/#organization\",\"name\":\"SendApp\",\"url\":\"https:\/\/sendapp.cloud\/en\/\",\"logo\":{\"@type\":\"ImageObject\",\"inLanguage\":\"fr-FR\",\"@id\":\"https:\/\/sendapp.cloud\/en\/#\/schema\/logo\/image\/\",\"url\":\"https:\/\/sendapp.cloud\/wp-content\/uploads\/2024\/11\/Logo-bianco.png\",\"contentUrl\":\"https:\/\/sendapp.cloud\/wp-content\/uploads\/2024\/11\/Logo-bianco.png\",\"width\":145,\"height\":48,\"caption\":\"SendApp\"},\"image\":{\"@id\":\"https:\/\/sendapp.cloud\/en\/#\/schema\/logo\/image\/\"}}]}<\/script>\n<!-- \/ Yoast SEO plugin. -->","yoast_head_json":{"title":"shopify sms and whatsapp notifications - SendApp","robots":{"index":"index","follow":"follow","max-snippet":"max-snippet:-1","max-image-preview":"max-image-preview:large","max-video-preview":"max-video-preview:-1"},"canonical":"https:\/\/sendapp.cloud\/fr\/shopify-sms-and-whatsapp-notifications\/","og_locale":"fr_FR","og_type":"article","og_title":"shopify sms and whatsapp notifications - SendApp","og_url":"https:\/\/sendapp.cloud\/fr\/shopify-sms-and-whatsapp-notifications\/","og_site_name":"SendApp","og_image":[{"url":"https:\/\/sendapp.live\/wp-content\/uploads\/2023\/06\/istanza3.jpg","type":"","width":"","height":""}],"twitter_card":"summary_large_image","twitter_misc":{"Dur\u00e9e de lecture estim\u00e9e":"4 minutes"},"schema":{"@context":"https:\/\/schema.org","@graph":[{"@type":"WebPage","@id":"https:\/\/sendapp.cloud\/shopify-sms-and-whatsapp-notifications\/","url":"https:\/\/sendapp.cloud\/shopify-sms-and-whatsapp-notifications\/","name":"shopify sms and whatsapp notifications - SendApp","isPartOf":{"@id":"https:\/\/sendapp.cloud\/en\/#website"},"primaryImageOfPage":{"@id":"https:\/\/sendapp.cloud\/shopify-sms-and-whatsapp-notifications\/#primaryimage"},"image":{"@id":"https:\/\/sendapp.cloud\/shopify-sms-and-whatsapp-notifications\/#primaryimage"},"thumbnailUrl":"https:\/\/sendapp.live\/wp-content\/uploads\/2023\/06\/istanza3.jpg","datePublished":"2022-05-08T17:53:55+00:00","breadcrumb":{"@id":"https:\/\/sendapp.cloud\/shopify-sms-and-whatsapp-notifications\/#breadcrumb"},"inLanguage":"fr-FR","potentialAction":[{"@type":"ReadAction","target":["https:\/\/sendapp.cloud\/shopify-sms-and-whatsapp-notifications\/"]}]},{"@type":"ImageObject","inLanguage":"fr-FR","@id":"https:\/\/sendapp.cloud\/shopify-sms-and-whatsapp-notifications\/#primaryimage","url":"https:\/\/sendapp.live\/wp-content\/uploads\/2023\/06\/istanza3.jpg","contentUrl":"https:\/\/sendapp.live\/wp-content\/uploads\/2023\/06\/istanza3.jpg"},{"@type":"BreadcrumbList","@id":"https:\/\/sendapp.cloud\/shopify-sms-and-whatsapp-notifications\/#breadcrumb","itemListElement":[{"@type":"ListItem","position":1,"name":"Home","item":"https:\/\/sendapp.cloud\/"},{"@type":"ListItem","position":2,"name":"shopify sms and whatsapp notifications"}]},{"@type":"WebSite","@id":"https:\/\/sendapp.cloud\/en\/#website","url":"https:\/\/sendapp.cloud\/en\/","name":"Envoyer une application","description":"Logiciel de marketing WhatsApp","publisher":{"@id":"https:\/\/sendapp.cloud\/en\/#organization"},"potentialAction":[{"@type":"SearchAction","target":{"@type":"EntryPoint","urlTemplate":"https:\/\/sendapp.cloud\/en\/?s={search_term_string}"},"query-input":{"@type":"PropertyValueSpecification","valueRequired":true,"valueName":"search_term_string"}}],"inLanguage":"fr-FR"},{"@type":"Organization","@id":"https:\/\/sendapp.cloud\/en\/#organization","name":"Envoyer une application","url":"https:\/\/sendapp.cloud\/en\/","logo":{"@type":"ImageObject","inLanguage":"fr-FR","@id":"https:\/\/sendapp.cloud\/en\/#\/schema\/logo\/image\/","url":"https:\/\/sendapp.cloud\/wp-content\/uploads\/2024\/11\/Logo-bianco.png","contentUrl":"https:\/\/sendapp.cloud\/wp-content\/uploads\/2024\/11\/Logo-bianco.png","width":145,"height":48,"caption":"SendApp"},"image":{"@id":"https:\/\/sendapp.cloud\/en\/#\/schema\/logo\/image\/"}}]}},"_links":{"self":[{"href":"https:\/\/sendapp.cloud\/fr\/wp-json\/wp\/v2\/pages\/23066","targetHints":{"allow":["GET"]}}],"collection":[{"href":"https:\/\/sendapp.cloud\/fr\/wp-json\/wp\/v2\/pages"}],"about":[{"href":"https:\/\/sendapp.cloud\/fr\/wp-json\/wp\/v2\/types\/page"}],"author":[{"embeddable":true,"href":"https:\/\/sendapp.cloud\/fr\/wp-json\/wp\/v2\/users\/1"}],"replies":[{"embeddable":true,"href":"https:\/\/sendapp.cloud\/fr\/wp-json\/wp\/v2\/comments?post=23066"}],"version-history":[{"count":0,"href":"https:\/\/sendapp.cloud\/fr\/wp-json\/wp\/v2\/pages\/23066\/revisions"}],"wp:attachment":[{"href":"https:\/\/sendapp.cloud\/fr\/wp-json\/wp\/v2\/media?parent=23066"}],"curies":[{"name":"wp","href":"https:\/\/api.w.org\/{rel}","templated":true}]}}