{"id":22806,"date":"2022-03-30T12:36:54","date_gmt":"2022-03-30T10:36:54","guid":{"rendered":"https:\/\/sendapp.live\/?page_id=22806"},"modified":"2022-03-30T12:36:54","modified_gmt":"2022-03-30T10:36:54","slug":"notifiche-whatsapp-shopify-recupero-carrello-abbandono","status":"publish","type":"page","link":"https:\/\/sendapp.cloud\/fr\/notifiche-whatsapp-shopify-recupero-carrello-abbandono\/","title":{"rendered":"notifiche whatsapp shopify recupero carrello abbandono"},"content":{"rendered":"<div id=\"fws_69f4491dbc83f\"  data-column-margin=\"default\" data-midnight=\"dark\"  class=\"wpb_row vc_row-fluid vc_row  top_margin_5pct\"  style=\"padding-top: 0px; padding-bottom: 0px; \"><div class=\"row-bg-wrap\" data-bg-animation=\"none\" data-bg-animation-delay=\"\" data-bg-overlay=\"false\"><div class=\"inner-wrap row-bg-layer\" ><div class=\"row-bg viewport-desktop\"  style=\"\"><\/div><\/div><\/div><div class=\"row_col_wrap_12 col span_12 dark left\">\n\t<div  class=\"vc_col-sm-2\/5 wpb_column column_container vc_column_container col no-extra-padding inherit_tablet inherit_phone\"  data-padding-pos=\"top\" data-has-bg-color=\"false\" data-bg-color=\"\" data-bg-opacity=\"1\" data-animation=\"\" data-delay=\"0\" >\n\t\t<div class=\"vc_column-inner\" >\n\t\t\t<div class=\"wpb_wrapper\">\n\t\t\t\t<div class=\"img-with-aniamtion-wrap\" data-max-width=\"100%\" data-max-width-mobile=\"default\" data-shadow=\"none\" data-animation=\"fade-in\" >\n      <div class=\"inner\">\n        <div class=\"hover-wrap\"> \n          <div class=\"hover-wrap-inner\">\n            <img loading=\"lazy\" decoding=\"async\" class=\"img-with-animation skip-lazy\" data-delay=\"0\" height=\"910\" width=\"854\" data-animation=\"fade-in\" src=\"https:\/\/sendapp.cloud\/wp-content\/uploads\/2022\/03\/whatsapp-notification.jpg\" alt=\"\" srcset=\"https:\/\/sendapp.cloud\/wp-content\/uploads\/2022\/03\/whatsapp-notification.jpg 854w, https:\/\/sendapp.cloud\/wp-content\/uploads\/2022\/03\/whatsapp-notification-282x300.jpg 282w, https:\/\/sendapp.cloud\/wp-content\/uploads\/2022\/03\/whatsapp-notification-768x818.jpg 768w, https:\/\/sendapp.cloud\/wp-content\/uploads\/2022\/03\/whatsapp-notification-11x12.jpg 11w\" sizes=\"auto, (max-width: 854px) 100vw, 854px\" \/>\n          <\/div>\n        <\/div>\n      <\/div>\n    <\/div>\n\t\t\t<\/div> \n\t\t<\/div>\n\t<\/div> \n\n\t<div  class=\"vc_col-sm-3\/5 wpb_column column_container vc_column_container col no-extra-padding inherit_tablet inherit_phone\"  data-padding-pos=\"all\" data-has-bg-color=\"false\" data-bg-color=\"\" data-bg-opacity=\"1\" data-animation=\"\" data-delay=\"0\" >\n\t\t<div class=\"vc_column-inner\" >\n\t\t\t<div class=\"wpb_wrapper\">\n\t\t\t\t\n<div class=\"wpb_text_column wpb_content_element\" >\n\t<div class=\"wpb_wrapper\">\n\t\t<h2><span style=\"color: #339966;\">Notifications WhatsApp sur Shopify<\/span><br \/>\n<span style=\"color: #339966;\">Pour la r\u00e9cup\u00e9ration des commandes et des paniers abandonn\u00e9s<\/span><\/h2>\n\t<\/div>\n<\/div>\n\n\n\n\n<div class=\"wpb_text_column wpb_content_element\" >\n\t<div class=\"wpb_wrapper\">\n\t\t<p>Envoyer des messages de r\u00e9cup\u00e9ration de panier abandonn\u00e9<br \/>\nAugmentation des notifications de commande via WhatsApp\/SMS<br \/>\ninteragir avec vos clients gr\u00e2ce \u00e0<br \/>\nNotre int\u00e9gration gratuite avec SendApp.<\/p>\n\t<\/div>\n<\/div>\n\n\n\n\n\t\t\t<\/div> \n\t\t<\/div>\n\t<\/div> \n<\/div><\/div>\n\t\t<div id=\"fws_69f4491dbe161\"  data-column-margin=\"default\" data-midnight=\"dark\"  class=\"wpb_row vc_row-fluid vc_row full-width-section\"  style=\"padding-top: 0px; padding-bottom: 100px; \"><div class=\"row-bg-wrap\" data-bg-animation=\"none\" data-bg-animation-delay=\"\" data-bg-overlay=\"false\"><div class=\"inner-wrap row-bg-layer\" ><div class=\"row-bg viewport-desktop using-bg-color\"  style=\"background-color: #ffffff; \"><\/div><\/div><\/div><div class=\"row_col_wrap_12 col span_12 dark left\">\n\t<div  class=\"vc_col-sm-12 wpb_column column_container vc_column_container col no-extra-padding inherit_tablet inherit_phone\"  data-padding-pos=\"all\" data-has-bg-color=\"false\" data-bg-color=\"\" data-bg-opacity=\"1\" data-animation=\"\" data-delay=\"0\" >\n\t\t<div class=\"vc_column-inner\" >\n\t\t\t<div class=\"wpb_wrapper\">\n\t\t\t\t<div class=\"nectar-gradient-text\" data-direction=\"horizontal\" data-color=\"extra-color-gradient-1\" style=\"margin-top: 90px; margin-bottom: 0px; \"><h2>Instructions SendApp pour l&#039;envoi de notifications avec Shopify<\/h2><\/div><div class=\"toggles\" data-br=\"\" data-starting=\"default\" data-style=\"minimal\"><div class=\"toggle default\" data-inner-wrap=\"true\"><h3 class=\"toggle-title\"><a href=\"#\" role=\"button\" class=\"toggle-heading\"><i role=\"presentation\" class=\"fa fa-plus-circle\"><\/i>Configurer les webhooks sur Shopify pour Sendapp.cloud<\/a><\/h3><div><div class=\"inner-toggle-wrap\">\n<div class=\"wpb_text_column wpb_content_element\" >\n\t<div class=\"wpb_wrapper\">\n\t\t<h3><span id=\"Cose_un_webhook_ed_a_cosa_serve\">Qu&#039;est-ce qu&#039;un webhook et \u00e0 quoi sert-il\u00a0?<\/span><\/h3>\n<p>Les webhooks sont un outil indispensable pour synchroniser les applications et services externes et ex\u00e9cuter du code lorsqu&#039;un \u00e9v\u00e9nement sp\u00e9cifique se produit dans la boutique, comme la cr\u00e9ation d&#039;un nouveau produit ou la passation d&#039;une commande. Dans le cadre de ce guide,<strong>\u00a0Le webhook est utilis\u00e9 pour informer Growish Charity qu&#039;un client a finalis\u00e9 une commande afin que le syst\u00e8me de dons puisse \u00eatre activ\u00e9.<\/strong><\/p>\n<h3><span id=\"Come_creare_un_webhook\">Comment cr\u00e9er un webhook<\/span><\/h3>\n<ul>\n<li>Depuis votre interface d&#039;administration Shopify, acc\u00e9dez \u00e0\u00a0<strong>Param\u00e8tres &gt; Notifications<\/strong><\/li>\n<li>En faisant d\u00e9filer vers le bas, vous trouverez la section\u00a0<strong>Webhooks<\/strong><\/li>\n<li>Cliquez sur\u00a0<strong><strong>Cr\u00e9er un webhook<\/strong><\/strong><img loading=\"lazy\" decoding=\"async\" class=\"size-full wp-image-22813 aligncenter\" src=\"https:\/\/sendapp.live\/wp-content\/uploads\/2022\/03\/come-creare-webhook-shopify-charity-growish-1.png\" alt=\"\" width=\"894\" height=\"398\" srcset=\"https:\/\/sendapp.cloud\/wp-content\/uploads\/2022\/03\/come-creare-webhook-shopify-charity-growish-1.png 894w, https:\/\/sendapp.cloud\/wp-content\/uploads\/2022\/03\/come-creare-webhook-shopify-charity-growish-1-300x134.png 300w, https:\/\/sendapp.cloud\/wp-content\/uploads\/2022\/03\/come-creare-webhook-shopify-charity-growish-1-768x342.png 768w, https:\/\/sendapp.cloud\/wp-content\/uploads\/2022\/03\/come-creare-webhook-shopify-charity-growish-1-18x8.png 18w\" sizes=\"auto, (max-width: 894px) 100vw, 894px\" \/><br \/>\n<h3><span id=\"Elementi_di_un_webhook\">\u00c9l\u00e9ments d&#039;un webhook<\/span><\/h3>\n<p>Pour cr\u00e9er un webhook<strong>\u00a0Vous devez disposer des \u00e9l\u00e9ments suivants\u00a0:<\/strong><\/p>\n<ul>\n<li><strong>\u00c9v\u00e9nement<\/strong>\u00a0(Ce qui doit se produire sur la boutique pour que le webhook se d\u00e9clenche, par exemple une commande termin\u00e9e)<\/li>\n<li><strong>Format<\/strong><\/li>\n<li><strong>URL<\/strong>\u00a0destination du webhook<\/li>\n<li><strong><strong>Version de l&#039;API<\/strong><\/strong>&nbsp;\n<p><img loading=\"lazy\" decoding=\"async\" class=\"wp-image-2289 aligncenter\" src=\"http:\/\/104.248.90.120\/wp-content\/uploads\/2020\/03\/come-creare-webhook-shopify-charity-growish-2.png\" alt=\"\" width=\"650\" height=\"409\" \/><\/li>\n<\/ul>\n<\/li>\n<\/ul>\n\t<\/div>\n<\/div>\n\n\n\n<\/div><\/div><\/div><div class=\"toggle default\" data-inner-wrap=\"true\"><h3 class=\"toggle-title\"><a href=\"#\" role=\"button\" class=\"toggle-heading\"><i role=\"presentation\" class=\"fa fa-plus-circle\"><\/i>Cr\u00e9ez une URL de notification personnalis\u00e9e avec Sendapp.cloud<\/a><\/h3><div><div class=\"inner-toggle-wrap\">\n<div class=\"wpb_text_column wpb_content_element\" >\n\t<div class=\"wpb_wrapper\">\n\t\t<p>Notre objectif est de vous offrir un maximum de fonctionnalit\u00e9s afin que vous, en tant que propri\u00e9taire de site, puissiez configurer le plugin comme vous le souhaitez, tout en conservant une interface intuitive. Il est toujours utile de conna\u00eetre toutes les options.<br \/>\nLe plugin est divis\u00e9 en trois sections principales : Installation, Configuration et Aide.<\/p>\n<p>Param\u00e8tre<br \/>\nDe cette fa\u00e7on, vous pourrez configurer les API et la passerelle Sendapp que vous souhaitez utiliser pour envoyer des messages et des SMS WhatsApp.<\/p>\n<p>API Cloud Sendapp<br \/>\nSi vous disposez du forfait https:\/\/sendapp.cloud, vous pouvez cr\u00e9er une instance avec votre compte WhatsApp multisession personnel ou votre compte WhatsApp multisession professionnel.<br \/>\nApr\u00e8s avoir cr\u00e9\u00e9 l&#039;instance, vous pouvez copier votre jeton et votre ID d&#039;instance pour les coller dans votre plugin WordPress Sendapp Notification<\/p>\n<p>Email Sendapp Connect<br \/>\nSi vous utilisez Sendapp Connect dans le plugin WordPress, vous devez saisir la m\u00eame adresse e-mail que celle configur\u00e9e dans votre compte Sendapp Connect pour envoyer les notifications.<\/p>\n<p>API SMS Sendapp<br \/>\nSi vous disposez de la passerelle SMS de https:\/\/sms.sendapp.live, vous pouvez acc\u00e9der \u00e0 votre cl\u00e9 API pour la copier et la coller dans votre plugin WordPress.<\/p>\n\t<\/div>\n<\/div>\n\n\n\n<\/div><\/div><\/div><div class=\"toggle default\" data-inner-wrap=\"true\"><h3 class=\"toggle-title\"><a href=\"#\" role=\"button\" class=\"toggle-heading\"><i role=\"presentation\" class=\"fa fa-plus-circle\"><\/i>Espaces r\u00e9serv\u00e9s pour le mod\u00e8le de message<\/a><\/h3><div><div class=\"inner-toggle-wrap\">\n<div class=\"wpb_text_column wpb_content_element\" >\n\t<div class=\"wpb_wrapper\">\n\t\t<p>Vous trouverez ci-dessous une liste d&#039;espaces r\u00e9serv\u00e9s que vous pouvez utiliser dans votre mod\u00e8le de message.<\/p>\n<p><iframe loading=\"lazy\" src=\"https:\/\/shopify.dev\/api\/liquid\/objects\/shop#shop-phone\" width=\"100%\" height=\"400\" frameborder=\"0\"><\/iframe><\/p>\n\t<\/div>\n<\/div>\n\n\n\n<\/div><\/div><\/div><\/div>\n\n\n\n\n\n\n\n\n\n\n\n\n\n\n\n\n\n\n\n\n\t\t\t<\/div> \n\t\t<\/div>\n\t<\/div> \n<\/div><\/div>","protected":false},"excerpt":{"rendered":"Notifiche Whatsapp su Shopify per Ordini e Recupero Carrello Abbandonato Invia messaggi di recupero carrello abbandonato notifiche Ordini tramite WhatsApp\/SMS per aumentare il coinvolgimento con i tuoi clienti attraverso la...","protected":false},"author":1,"featured_media":0,"parent":0,"menu_order":0,"comment_status":"closed","ping_status":"closed","template":"","meta":{"footnotes":""},"class_list":["post-22806","page","type-page","status-publish"],"yoast_head":"<!-- This site is optimized with the Yoast SEO plugin v27.4 - https:\/\/yoast.com\/product\/yoast-seo-wordpress\/ -->\n<title>notifiche whatsapp shopify recupero carrello abbandono - SendApp<\/title>\n<meta name=\"robots\" content=\"index, follow, max-snippet:-1, max-image-preview:large, max-video-preview:-1\" \/>\n<link rel=\"canonical\" href=\"https:\/\/sendapp.cloud\/fr\/notifiche-whatsapp-shopify-recupero-carrello-abbandono\/\" \/>\n<meta property=\"og:locale\" content=\"fr_FR\" \/>\n<meta property=\"og:type\" content=\"article\" \/>\n<meta property=\"og:title\" content=\"notifiche whatsapp shopify recupero carrello abbandono - SendApp\" \/>\n<meta property=\"og:url\" content=\"https:\/\/sendapp.cloud\/fr\/notifiche-whatsapp-shopify-recupero-carrello-abbandono\/\" \/>\n<meta property=\"og:site_name\" content=\"SendApp\" \/>\n<meta property=\"og:image\" content=\"https:\/\/sendapp.live\/wp-content\/uploads\/2022\/03\/come-creare-webhook-shopify-charity-growish-1.png\" \/>\n<meta name=\"twitter:card\" content=\"summary_large_image\" \/>\n<meta name=\"twitter:label1\" content=\"Dur\u00e9e de lecture estim\u00e9e\" \/>\n\t<meta name=\"twitter:data1\" content=\"4 minutes\" \/>\n<script type=\"application\/ld+json\" class=\"yoast-schema-graph\">{\"@context\":\"https:\\\/\\\/schema.org\",\"@graph\":[{\"@type\":\"WebPage\",\"@id\":\"https:\\\/\\\/sendapp.cloud\\\/notifiche-whatsapp-shopify-recupero-carrello-abbandono\\\/\",\"url\":\"https:\\\/\\\/sendapp.cloud\\\/notifiche-whatsapp-shopify-recupero-carrello-abbandono\\\/\",\"name\":\"notifiche whatsapp shopify recupero carrello abbandono - SendApp\",\"isPartOf\":{\"@id\":\"https:\\\/\\\/sendapp.cloud\\\/en\\\/#website\"},\"primaryImageOfPage\":{\"@id\":\"https:\\\/\\\/sendapp.cloud\\\/notifiche-whatsapp-shopify-recupero-carrello-abbandono\\\/#primaryimage\"},\"image\":{\"@id\":\"https:\\\/\\\/sendapp.cloud\\\/notifiche-whatsapp-shopify-recupero-carrello-abbandono\\\/#primaryimage\"},\"thumbnailUrl\":\"https:\\\/\\\/sendapp.live\\\/wp-content\\\/uploads\\\/2022\\\/03\\\/come-creare-webhook-shopify-charity-growish-1.png\",\"datePublished\":\"2022-03-30T10:36:54+00:00\",\"breadcrumb\":{\"@id\":\"https:\\\/\\\/sendapp.cloud\\\/notifiche-whatsapp-shopify-recupero-carrello-abbandono\\\/#breadcrumb\"},\"inLanguage\":\"fr-FR\",\"potentialAction\":[{\"@type\":\"ReadAction\",\"target\":[\"https:\\\/\\\/sendapp.cloud\\\/notifiche-whatsapp-shopify-recupero-carrello-abbandono\\\/\"]}]},{\"@type\":\"ImageObject\",\"inLanguage\":\"fr-FR\",\"@id\":\"https:\\\/\\\/sendapp.cloud\\\/notifiche-whatsapp-shopify-recupero-carrello-abbandono\\\/#primaryimage\",\"url\":\"https:\\\/\\\/sendapp.live\\\/wp-content\\\/uploads\\\/2022\\\/03\\\/come-creare-webhook-shopify-charity-growish-1.png\",\"contentUrl\":\"https:\\\/\\\/sendapp.live\\\/wp-content\\\/uploads\\\/2022\\\/03\\\/come-creare-webhook-shopify-charity-growish-1.png\"},{\"@type\":\"BreadcrumbList\",\"@id\":\"https:\\\/\\\/sendapp.cloud\\\/notifiche-whatsapp-shopify-recupero-carrello-abbandono\\\/#breadcrumb\",\"itemListElement\":[{\"@type\":\"ListItem\",\"position\":1,\"name\":\"Home\",\"item\":\"https:\\\/\\\/sendapp.cloud\\\/\"},{\"@type\":\"ListItem\",\"position\":2,\"name\":\"notifiche whatsapp shopify recupero carrello abbandono\"}]},{\"@type\":\"WebSite\",\"@id\":\"https:\\\/\\\/sendapp.cloud\\\/en\\\/#website\",\"url\":\"https:\\\/\\\/sendapp.cloud\\\/en\\\/\",\"name\":\"SendApp\",\"description\":\"Software Whatsapp Marketing\",\"publisher\":{\"@id\":\"https:\\\/\\\/sendapp.cloud\\\/en\\\/#organization\"},\"potentialAction\":[{\"@type\":\"SearchAction\",\"target\":{\"@type\":\"EntryPoint\",\"urlTemplate\":\"https:\\\/\\\/sendapp.cloud\\\/en\\\/?s={search_term_string}\"},\"query-input\":{\"@type\":\"PropertyValueSpecification\",\"valueRequired\":true,\"valueName\":\"search_term_string\"}}],\"inLanguage\":\"fr-FR\"},{\"@type\":\"Organization\",\"@id\":\"https:\\\/\\\/sendapp.cloud\\\/en\\\/#organization\",\"name\":\"SendApp\",\"url\":\"https:\\\/\\\/sendapp.cloud\\\/en\\\/\",\"logo\":{\"@type\":\"ImageObject\",\"inLanguage\":\"fr-FR\",\"@id\":\"https:\\\/\\\/sendapp.cloud\\\/en\\\/#\\\/schema\\\/logo\\\/image\\\/\",\"url\":\"https:\\\/\\\/sendapp.cloud\\\/wp-content\\\/uploads\\\/2024\\\/11\\\/Logo-bianco.png\",\"contentUrl\":\"https:\\\/\\\/sendapp.cloud\\\/wp-content\\\/uploads\\\/2024\\\/11\\\/Logo-bianco.png\",\"width\":145,\"height\":48,\"caption\":\"SendApp\"},\"image\":{\"@id\":\"https:\\\/\\\/sendapp.cloud\\\/en\\\/#\\\/schema\\\/logo\\\/image\\\/\"}}]}<\/script>\n<!-- \/ Yoast SEO plugin. -->","yoast_head_json":{"title":"notifiche whatsapp shopify recupero carrello abbandono - SendApp","robots":{"index":"index","follow":"follow","max-snippet":"max-snippet:-1","max-image-preview":"max-image-preview:large","max-video-preview":"max-video-preview:-1"},"canonical":"https:\/\/sendapp.cloud\/fr\/notifiche-whatsapp-shopify-recupero-carrello-abbandono\/","og_locale":"fr_FR","og_type":"article","og_title":"notifiche whatsapp shopify recupero carrello abbandono - SendApp","og_url":"https:\/\/sendapp.cloud\/fr\/notifiche-whatsapp-shopify-recupero-carrello-abbandono\/","og_site_name":"SendApp","og_image":[{"url":"https:\/\/sendapp.live\/wp-content\/uploads\/2022\/03\/come-creare-webhook-shopify-charity-growish-1.png","type":"","width":"","height":""}],"twitter_card":"summary_large_image","twitter_misc":{"Dur\u00e9e de lecture estim\u00e9e":"4 minutes"},"schema":{"@context":"https:\/\/schema.org","@graph":[{"@type":"WebPage","@id":"https:\/\/sendapp.cloud\/notifiche-whatsapp-shopify-recupero-carrello-abbandono\/","url":"https:\/\/sendapp.cloud\/notifiche-whatsapp-shopify-recupero-carrello-abbandono\/","name":"notifiche whatsapp shopify recupero carrello abbandono - SendApp","isPartOf":{"@id":"https:\/\/sendapp.cloud\/en\/#website"},"primaryImageOfPage":{"@id":"https:\/\/sendapp.cloud\/notifiche-whatsapp-shopify-recupero-carrello-abbandono\/#primaryimage"},"image":{"@id":"https:\/\/sendapp.cloud\/notifiche-whatsapp-shopify-recupero-carrello-abbandono\/#primaryimage"},"thumbnailUrl":"https:\/\/sendapp.live\/wp-content\/uploads\/2022\/03\/come-creare-webhook-shopify-charity-growish-1.png","datePublished":"2022-03-30T10:36:54+00:00","breadcrumb":{"@id":"https:\/\/sendapp.cloud\/notifiche-whatsapp-shopify-recupero-carrello-abbandono\/#breadcrumb"},"inLanguage":"fr-FR","potentialAction":[{"@type":"ReadAction","target":["https:\/\/sendapp.cloud\/notifiche-whatsapp-shopify-recupero-carrello-abbandono\/"]}]},{"@type":"ImageObject","inLanguage":"fr-FR","@id":"https:\/\/sendapp.cloud\/notifiche-whatsapp-shopify-recupero-carrello-abbandono\/#primaryimage","url":"https:\/\/sendapp.live\/wp-content\/uploads\/2022\/03\/come-creare-webhook-shopify-charity-growish-1.png","contentUrl":"https:\/\/sendapp.live\/wp-content\/uploads\/2022\/03\/come-creare-webhook-shopify-charity-growish-1.png"},{"@type":"BreadcrumbList","@id":"https:\/\/sendapp.cloud\/notifiche-whatsapp-shopify-recupero-carrello-abbandono\/#breadcrumb","itemListElement":[{"@type":"ListItem","position":1,"name":"Home","item":"https:\/\/sendapp.cloud\/"},{"@type":"ListItem","position":2,"name":"notifiche whatsapp shopify recupero carrello abbandono"}]},{"@type":"WebSite","@id":"https:\/\/sendapp.cloud\/en\/#website","url":"https:\/\/sendapp.cloud\/en\/","name":"Envoyer une application","description":"Logiciel de marketing WhatsApp","publisher":{"@id":"https:\/\/sendapp.cloud\/en\/#organization"},"potentialAction":[{"@type":"SearchAction","target":{"@type":"EntryPoint","urlTemplate":"https:\/\/sendapp.cloud\/en\/?s={search_term_string}"},"query-input":{"@type":"PropertyValueSpecification","valueRequired":true,"valueName":"search_term_string"}}],"inLanguage":"fr-FR"},{"@type":"Organization","@id":"https:\/\/sendapp.cloud\/en\/#organization","name":"Envoyer une application","url":"https:\/\/sendapp.cloud\/en\/","logo":{"@type":"ImageObject","inLanguage":"fr-FR","@id":"https:\/\/sendapp.cloud\/en\/#\/schema\/logo\/image\/","url":"https:\/\/sendapp.cloud\/wp-content\/uploads\/2024\/11\/Logo-bianco.png","contentUrl":"https:\/\/sendapp.cloud\/wp-content\/uploads\/2024\/11\/Logo-bianco.png","width":145,"height":48,"caption":"SendApp"},"image":{"@id":"https:\/\/sendapp.cloud\/en\/#\/schema\/logo\/image\/"}}]}},"_links":{"self":[{"href":"https:\/\/sendapp.cloud\/fr\/wp-json\/wp\/v2\/pages\/22806","targetHints":{"allow":["GET"]}}],"collection":[{"href":"https:\/\/sendapp.cloud\/fr\/wp-json\/wp\/v2\/pages"}],"about":[{"href":"https:\/\/sendapp.cloud\/fr\/wp-json\/wp\/v2\/types\/page"}],"author":[{"embeddable":true,"href":"https:\/\/sendapp.cloud\/fr\/wp-json\/wp\/v2\/users\/1"}],"replies":[{"embeddable":true,"href":"https:\/\/sendapp.cloud\/fr\/wp-json\/wp\/v2\/comments?post=22806"}],"version-history":[{"count":0,"href":"https:\/\/sendapp.cloud\/fr\/wp-json\/wp\/v2\/pages\/22806\/revisions"}],"wp:attachment":[{"href":"https:\/\/sendapp.cloud\/fr\/wp-json\/wp\/v2\/media?parent=22806"}],"curies":[{"name":"wp","href":"https:\/\/api.w.org\/{rel}","templated":true}]}}