{"id":630,"date":"2019-05-23T18:36:15","date_gmt":"2019-05-23T16:36:15","guid":{"rendered":"https:\/\/sendapp.live\/?page_id=630"},"modified":"2025-10-22T13:54:50","modified_gmt":"2025-10-22T11:54:50","slug":"terms-and-conditions-of-use","status":"publish","type":"page","link":"https:\/\/sendapp.cloud\/es\/terms-and-conditions-of-use\/","title":{"rendered":"Terms and conditions of use"},"content":{"rendered":"<div id=\"fws_69e2885663eec\"  data-column-margin=\"default\" data-midnight=\"dark\"  class=\"wpb_row vc_row-fluid vc_row\"  style=\"padding-top: 0px; padding-bottom: 0px; \"><div class=\"row-bg-wrap\" data-bg-animation=\"none\" data-bg-animation-delay=\"\" data-bg-overlay=\"false\"><div class=\"inner-wrap row-bg-layer\" ><div class=\"row-bg viewport-desktop\"  style=\"\"><\/div><\/div><\/div><div class=\"row_col_wrap_12 col span_12 dark left\">\n\t<div  class=\"vc_col-sm-2 wpb_column column_container vc_column_container col no-extra-padding inherit_tablet inherit_phone\"  data-padding-pos=\"all\" data-has-bg-color=\"false\" data-bg-color=\"\" data-bg-opacity=\"1\" data-animation=\"\" data-delay=\"0\" >\n\t\t<div class=\"vc_column-inner\" >\n\t\t\t<div class=\"wpb_wrapper\">\n\t\t\t\t\n\t\t\t<\/div> \n\t\t<\/div>\n\t<\/div> \n\n\t<div  class=\"vc_col-sm-8 wpb_column column_container vc_column_container col no-extra-padding inherit_tablet inherit_phone\"  data-padding-pos=\"all\" data-has-bg-color=\"false\" data-bg-color=\"\" data-bg-opacity=\"1\" data-animation=\"\" data-delay=\"0\" >\n\t\t<div class=\"vc_column-inner\" >\n\t\t\t<div class=\"wpb_wrapper\">\n\t\t\t\t\n<div class=\"wpb_text_column wpb_content_element\" >\n\t<div class=\"wpb_wrapper\">\n\t\t<h2>SendApp \u2013 T\u00e9rminos y condiciones de uso<\/h2>\n<p>Las siguientes condiciones generales (en adelante, los \u201cT\u00e9rminos y Condiciones\u201d) rigen el uso de este sitio web y el contenido puesto a disposici\u00f3n a trav\u00e9s de los sitios web (en adelante, los \u201cSitios\u201d) sendapp.live, sendapp.cloud, sendapp.ai, incluidos, entre otros:<\/p>\n<p><strong>Nombre de los sitios<\/strong>: sendapp.live, sendapp.cloud, sendapp.ai<\/p>\n<p>Los Sitios son propiedad de SendApp, un producto de Everysoft srls (en adelante, \u201cSendApp\u201d, \u201cnosotros\u201d, \u201cnos\u201d o \u201cnuestro\u201d), y est\u00e1n operados por dicha empresa. El acceso y uso de los Sitios implica la aceptaci\u00f3n plena de estos T\u00e9rminos y Condiciones.<\/p>\n<h3><\/h3>\n<h3>1. Registro<\/h3>\n<p>No es necesario registrarse en los Sitios para acceder al contenido o los servicios; sin embargo, algunas \u00e1reas y funciones podr\u00edan estar reservadas para usuarios registrados. En tales casos, deber\u00e1 aceptar un Acuerdo de Suscripci\u00f3n por separado.<\/p>\n<h3>2. Derechos de propiedad<\/h3>\n<p>El uso de los Sitios no otorga ning\u00fan derecho de propiedad intelectual sobre el contenido, el c\u00f3digo, los datos ni los materiales accesibles. Se permite descargar una sola copia del contenido exclusivamente para uso personal y no comercial. Cualquier uso no autorizado puede infringir la legislaci\u00f3n italiana o internacional.<\/p>\n<h3>3. Agente de derechos de autor<\/h3>\n<p>Si sospecha que se han infringido los derechos de autor, puede ponerse en contacto con SendApp con informaci\u00f3n detallada seg\u00fan lo exige la ley.<\/p>\n<h3>4. Marcas<\/h3>\n<p>Las marcas registradas en los Sitios est\u00e1n registradas por SendApp o terceros. Nada de lo contenido en los Sitios debe interpretarse como una licencia para usar dichas marcas.<\/p>\n<h3>5. Cambios en los T\u00e9rminos y Condiciones<\/h3>\n<p>SendApp se reserva el derecho de modificar los T\u00e9rminos y Condiciones en cualquier momento. Los cambios entrar\u00e1n en vigor al publicarse en los Sitios.<\/p>\n<h3>6. Informaci\u00f3n del usuario<\/h3>\n<p>Usted es responsable de la exactitud de la informaci\u00f3n personal que proporciona. Puede encontrar nuestra pol\u00edtica de privacidad en la secci\u00f3n correspondiente.<\/p>\n<h3>7. Enlaces a los Sitios<\/h3>\n<p>Los enlaces a los Sitios solo se permiten a p\u00e1ginas HTML completas. SendApp se reserva el derecho de revocar este permiso en cualquier momento.<\/p>\n<h3>8. Sitios de terceros<\/h3>\n<p>SendApp no se responsabiliza del contenido, los servicios ni los materiales de los sitios enlazados. La inclusi\u00f3n de enlaces no implica su aprobaci\u00f3n por parte de SendApp.<\/p>\n<h3><\/h3>\n<h3>9. Cl\u00e1usula de exclusi\u00f3n de reembolso<\/h3>\n<p>Todos los productos de software vendidos a trav\u00e9s de los Sitios se consideran <strong>Activos digitales activados y utilizables de inmediato<\/strong>. De conformidad con la legislaci\u00f3n vigente (Directiva 2011\/83\/UE), <strong>No existe derecho de desistimiento ni reembolso para productos digitales activados.<\/strong>.<\/p>\n<p>El usuario acepta irrevocablemente que la compra supone la renuncia a cualquier derecho de devoluci\u00f3n, salvo renuncia expresa por escrito por parte de SendApp de forma excepcional.<\/p>\n<h3><\/h3>\n<h3>10. Descargo de responsabilidad<\/h3>\n<p>SendApp <strong>no asume ninguna responsabilidad por el uso indebido, ilegal o no conforme del software por parte del usuario<\/strong>. El usuario debe utilizar la herramienta en total cumplimiento de las regulaciones, incluidas las pol\u00edticas de la plataforma (por ejemplo, WhatsApp) y el RGPD.<\/p>\n<p>El uso indebido de la herramienta, como el env\u00edo de spam o la carga de libretas de direcciones no perfiladas, puede resultar en la suspensi\u00f3n del n\u00famero o la interrupci\u00f3n del servicio por parte de terceros. <strong>SendApp declina toda responsabilidad por da\u00f1os directos o indirectos, bloqueos, suspensiones o p\u00e9rdidas causadas por dichos usos indebidos.<\/strong>.<\/p>\n<h3><\/h3>\n<h3>11. Exclusi\u00f3n de garant\u00edas<\/h3>\n<p>Dentro de los l\u00edmites de la ley:<br \/>\n\u2013 Los contenidos y servicios se proporcionan \u201ctal cual\u201d.<br \/>\n\u2013 SendApp no garantiza la disponibilidad ininterrumpida o libre de errores de los Sitios.<br \/>\n\u2013 SendApp no ser\u00e1 responsable de ning\u00fan da\u00f1o indirecto, p\u00e9rdida de datos o beneficios derivados del uso de los Sitios.<\/p>\n<h3><\/h3>\n<h3>12. Licencia<\/h3>\n<p>La licencia es de por vida, pero solo se puede usar en un dispositivo a la vez. En caso de mal funcionamiento, puede solicitar un restablecimiento enviando un correo electr\u00f3nico a <a href=\"mailto:info@sendapp.live\">info@sendapp.live<\/a>.<\/p>\n<h3><\/h3>\n<h3>13. Legislaci\u00f3n aplicable<\/h3>\n<p>Estos T\u00e9rminos y Condiciones se rigen por la legislaci\u00f3n italiana. El acceso a los Sitios desde otras jurisdicciones es responsabilidad del usuario.<\/p>\n<h3><\/h3>\n<h3>14. Pol\u00edtica antispam<\/h3>\n<p>Est\u00e1 prohibido usar el software para enviar spam. Las infracciones resultar\u00e1n en la suspensi\u00f3n o cancelaci\u00f3n del servicio, as\u00ed como en posibles acciones legales.<\/p>\n<h3><\/h3>\n<h3>15. Datos personales<\/h3>\n<p>Al aceptar estos t\u00e9rminos, autoriza el uso de sus datos con fines publicitarios. Puede solicitar su eliminaci\u00f3n en cualquier momento.<\/p>\n<p>&nbsp;<\/p>\n<p><strong>Nota<\/strong>SendApp no est\u00e1 afiliada a WhatsApp (WhatsApp Inc. y\/o WhatsApp Ireland Limited) ni a ninguna otra empresa de Meta. Cualquier modificaci\u00f3n realizada por estas plataformas podr\u00eda afectar o impedir el correcto funcionamiento del software. Los datos se almacenan localmente en el dispositivo del usuario.<\/p>\n\t<\/div>\n<\/div>\n\n\n\n\n\t\t\t<\/div> \n\t\t<\/div>\n\t<\/div> \n\n\t<div  class=\"vc_col-sm-2 wpb_column column_container vc_column_container col no-extra-padding inherit_tablet inherit_phone\"  data-padding-pos=\"all\" data-has-bg-color=\"false\" data-bg-color=\"\" data-bg-opacity=\"1\" data-animation=\"\" data-delay=\"0\" >\n\t\t<div class=\"vc_column-inner\" >\n\t\t\t<div class=\"wpb_wrapper\">\n\t\t\t\t\n\t\t\t<\/div> \n\t\t<\/div>\n\t<\/div> \n<\/div><\/div>","protected":false},"excerpt":{"rendered":"SendApp \u2013 Termini e Condizioni d\u2019Uso Le seguenti condizioni generali (di seguito \"Termini e Condizioni\") regolano l\u2019uso del presente sito web e dei contenuti resi disponibili attraverso i siti web...","protected":false},"author":1,"featured_media":0,"parent":0,"menu_order":0,"comment_status":"closed","ping_status":"open","template":"","meta":{"footnotes":""},"class_list":["post-630","page","type-page","status-publish"],"yoast_head":"<!-- This site is optimized with the Yoast SEO plugin v26.8 - https:\/\/yoast.com\/product\/yoast-seo-wordpress\/ -->\n<title>Terms and conditions of use message campaing whatsapp- SendApp<\/title>\n<meta name=\"description\" content=\"terms and conditions of use - sendapp - create massive message campaign with whatsapp to all phone numbers. Get sending report. Programm sendings.\" \/>\n<meta name=\"robots\" content=\"index, follow, max-snippet:-1, max-image-preview:large, max-video-preview:-1\" \/>\n<link rel=\"canonical\" href=\"https:\/\/sendapp.cloud\/es\/terms-and-conditions-of-use\/\" \/>\n<meta property=\"og:locale\" content=\"es_ES\" \/>\n<meta property=\"og:type\" content=\"article\" \/>\n<meta property=\"og:title\" content=\"Terms and conditions of use message campaing whatsapp- SendApp\" \/>\n<meta property=\"og:description\" content=\"terms and conditions of use - sendapp - create massive message campaign with whatsapp to all phone numbers. Get sending report. Programm sendings.\" \/>\n<meta property=\"og:url\" content=\"https:\/\/sendapp.cloud\/es\/terms-and-conditions-of-use\/\" \/>\n<meta property=\"og:site_name\" content=\"SendApp\" \/>\n<meta property=\"article:modified_time\" content=\"2025-10-22T11:54:50+00:00\" \/>\n<meta name=\"twitter:card\" content=\"summary_large_image\" \/>\n<meta name=\"twitter:label1\" content=\"Tiempo de lectura\" \/>\n\t<meta name=\"twitter:data1\" content=\"3 minutos\" \/>\n<script type=\"application\/ld+json\" class=\"yoast-schema-graph\">{\"@context\":\"https:\/\/schema.org\",\"@graph\":[{\"@type\":\"WebPage\",\"@id\":\"https:\/\/sendapp.cloud\/terms-and-conditions-of-use\/\",\"url\":\"https:\/\/sendapp.cloud\/terms-and-conditions-of-use\/\",\"name\":\"Terms and conditions of use message campaing whatsapp- SendApp\",\"isPartOf\":{\"@id\":\"https:\/\/sendapp.cloud\/en\/#website\"},\"datePublished\":\"2019-05-23T16:36:15+00:00\",\"dateModified\":\"2025-10-22T11:54:50+00:00\",\"description\":\"terms and conditions of use - sendapp - create massive message campaign with whatsapp to all phone numbers. Get sending report. Programm sendings.\",\"breadcrumb\":{\"@id\":\"https:\/\/sendapp.cloud\/terms-and-conditions-of-use\/#breadcrumb\"},\"inLanguage\":\"es\",\"potentialAction\":[{\"@type\":\"ReadAction\",\"target\":[\"https:\/\/sendapp.cloud\/terms-and-conditions-of-use\/\"]}]},{\"@type\":\"BreadcrumbList\",\"@id\":\"https:\/\/sendapp.cloud\/terms-and-conditions-of-use\/#breadcrumb\",\"itemListElement\":[{\"@type\":\"ListItem\",\"position\":1,\"name\":\"Home\",\"item\":\"https:\/\/sendapp.cloud\/\"},{\"@type\":\"ListItem\",\"position\":2,\"name\":\"Terms and conditions of use\"}]},{\"@type\":\"WebSite\",\"@id\":\"https:\/\/sendapp.cloud\/en\/#website\",\"url\":\"https:\/\/sendapp.cloud\/en\/\",\"name\":\"SendApp\",\"description\":\"Software Whatsapp Marketing\",\"publisher\":{\"@id\":\"https:\/\/sendapp.cloud\/en\/#organization\"},\"potentialAction\":[{\"@type\":\"SearchAction\",\"target\":{\"@type\":\"EntryPoint\",\"urlTemplate\":\"https:\/\/sendapp.cloud\/en\/?s={search_term_string}\"},\"query-input\":{\"@type\":\"PropertyValueSpecification\",\"valueRequired\":true,\"valueName\":\"search_term_string\"}}],\"inLanguage\":\"es\"},{\"@type\":\"Organization\",\"@id\":\"https:\/\/sendapp.cloud\/en\/#organization\",\"name\":\"SendApp\",\"url\":\"https:\/\/sendapp.cloud\/en\/\",\"logo\":{\"@type\":\"ImageObject\",\"inLanguage\":\"es\",\"@id\":\"https:\/\/sendapp.cloud\/en\/#\/schema\/logo\/image\/\",\"url\":\"https:\/\/sendapp.cloud\/wp-content\/uploads\/2024\/11\/Logo-bianco.png\",\"contentUrl\":\"https:\/\/sendapp.cloud\/wp-content\/uploads\/2024\/11\/Logo-bianco.png\",\"width\":145,\"height\":48,\"caption\":\"SendApp\"},\"image\":{\"@id\":\"https:\/\/sendapp.cloud\/en\/#\/schema\/logo\/image\/\"}}]}<\/script>\n<!-- \/ Yoast SEO plugin. -->","yoast_head_json":{"title":"Terms and conditions of use message campaing whatsapp- SendApp","description":"terms and conditions of use - sendapp - create massive message campaign with whatsapp to all phone numbers. Get sending report. Programm sendings.","robots":{"index":"index","follow":"follow","max-snippet":"max-snippet:-1","max-image-preview":"max-image-preview:large","max-video-preview":"max-video-preview:-1"},"canonical":"https:\/\/sendapp.cloud\/es\/terms-and-conditions-of-use\/","og_locale":"es_ES","og_type":"article","og_title":"Terms and conditions of use message campaing whatsapp- SendApp","og_description":"terms and conditions of use - sendapp - create massive message campaign with whatsapp to all phone numbers. Get sending report. Programm sendings.","og_url":"https:\/\/sendapp.cloud\/es\/terms-and-conditions-of-use\/","og_site_name":"SendApp","article_modified_time":"2025-10-22T11:54:50+00:00","twitter_card":"summary_large_image","twitter_misc":{"Tiempo de lectura":"3 minutos"},"schema":{"@context":"https:\/\/schema.org","@graph":[{"@type":"WebPage","@id":"https:\/\/sendapp.cloud\/terms-and-conditions-of-use\/","url":"https:\/\/sendapp.cloud\/terms-and-conditions-of-use\/","name":"Terms and conditions of use message campaing whatsapp- SendApp","isPartOf":{"@id":"https:\/\/sendapp.cloud\/en\/#website"},"datePublished":"2019-05-23T16:36:15+00:00","dateModified":"2025-10-22T11:54:50+00:00","description":"terms and conditions of use - sendapp - create massive message campaign with whatsapp to all phone numbers. Get sending report. Programm sendings.","breadcrumb":{"@id":"https:\/\/sendapp.cloud\/terms-and-conditions-of-use\/#breadcrumb"},"inLanguage":"es","potentialAction":[{"@type":"ReadAction","target":["https:\/\/sendapp.cloud\/terms-and-conditions-of-use\/"]}]},{"@type":"BreadcrumbList","@id":"https:\/\/sendapp.cloud\/terms-and-conditions-of-use\/#breadcrumb","itemListElement":[{"@type":"ListItem","position":1,"name":"Home","item":"https:\/\/sendapp.cloud\/"},{"@type":"ListItem","position":2,"name":"Terms and conditions of use"}]},{"@type":"WebSite","@id":"https:\/\/sendapp.cloud\/en\/#website","url":"https:\/\/sendapp.cloud\/en\/","name":"SendApp","description":"Software de marketing de WhatsApp","publisher":{"@id":"https:\/\/sendapp.cloud\/en\/#organization"},"potentialAction":[{"@type":"SearchAction","target":{"@type":"EntryPoint","urlTemplate":"https:\/\/sendapp.cloud\/en\/?s={search_term_string}"},"query-input":{"@type":"PropertyValueSpecification","valueRequired":true,"valueName":"search_term_string"}}],"inLanguage":"es"},{"@type":"Organization","@id":"https:\/\/sendapp.cloud\/en\/#organization","name":"SendApp","url":"https:\/\/sendapp.cloud\/en\/","logo":{"@type":"ImageObject","inLanguage":"es","@id":"https:\/\/sendapp.cloud\/en\/#\/schema\/logo\/image\/","url":"https:\/\/sendapp.cloud\/wp-content\/uploads\/2024\/11\/Logo-bianco.png","contentUrl":"https:\/\/sendapp.cloud\/wp-content\/uploads\/2024\/11\/Logo-bianco.png","width":145,"height":48,"caption":"SendApp"},"image":{"@id":"https:\/\/sendapp.cloud\/en\/#\/schema\/logo\/image\/"}}]}},"_links":{"self":[{"href":"https:\/\/sendapp.cloud\/es\/wp-json\/wp\/v2\/pages\/630","targetHints":{"allow":["GET"]}}],"collection":[{"href":"https:\/\/sendapp.cloud\/es\/wp-json\/wp\/v2\/pages"}],"about":[{"href":"https:\/\/sendapp.cloud\/es\/wp-json\/wp\/v2\/types\/page"}],"author":[{"embeddable":true,"href":"https:\/\/sendapp.cloud\/es\/wp-json\/wp\/v2\/users\/1"}],"replies":[{"embeddable":true,"href":"https:\/\/sendapp.cloud\/es\/wp-json\/wp\/v2\/comments?post=630"}],"version-history":[{"count":3,"href":"https:\/\/sendapp.cloud\/es\/wp-json\/wp\/v2\/pages\/630\/revisions"}],"predecessor-version":[{"id":33275,"href":"https:\/\/sendapp.cloud\/es\/wp-json\/wp\/v2\/pages\/630\/revisions\/33275"}],"wp:attachment":[{"href":"https:\/\/sendapp.cloud\/es\/wp-json\/wp\/v2\/media?parent=630"}],"curies":[{"name":"gracias","href":"https:\/\/api.w.org\/{rel}","templated":true}]}}