{"id":32991,"date":"2024-11-20T18:46:27","date_gmt":"2024-11-20T17:46:27","guid":{"rendered":"https:\/\/sendapp.live\/?page_id=32991"},"modified":"2024-11-20T18:46:27","modified_gmt":"2024-11-20T17:46:27","slug":"iscrizione-automatica-whatsapp","status":"publish","type":"page","link":"https:\/\/sendapp.cloud\/es\/iscrizione-automatica-whatsapp\/","title":{"rendered":"Suscripci\u00f3n autom\u00e1tica a WhatsApp con SendApp"},"content":{"rendered":"<div id=\"fws_69e7603fd0669\"  data-column-margin=\"default\" data-midnight=\"dark\"  class=\"wpb_row vc_row-fluid vc_row\"  style=\"padding-top: 0px; padding-bottom: 0px; \"><div class=\"row-bg-wrap\" data-bg-animation=\"none\" data-bg-animation-delay=\"\" data-bg-overlay=\"false\"><div class=\"inner-wrap row-bg-layer\" ><div class=\"row-bg viewport-desktop\"  style=\"\"><\/div><\/div><\/div><div class=\"row_col_wrap_12 col span_12 dark left\">\n\t<div  class=\"vc_col-sm-6 wpb_column column_container vc_column_container col no-extra-padding inherit_tablet inherit_phone\"  data-padding-pos=\"all\" data-has-bg-color=\"false\" data-bg-color=\"\" data-bg-opacity=\"1\" data-animation=\"\" data-delay=\"0\" >\n\t\t<div class=\"vc_column-inner\" >\n\t\t\t<div class=\"wpb_wrapper\">\n\t\t\t\t<div class=\"img-with-aniamtion-wrap\" data-max-width=\"100%\" data-max-width-mobile=\"default\" data-shadow=\"none\" data-animation=\"fade-in\" >\n      <div class=\"inner\">\n        <div class=\"hover-wrap\"> \n          <div class=\"hover-wrap-inner\">\n            <img loading=\"lazy\" decoding=\"async\" class=\"img-with-animation skip-lazy\" data-delay=\"0\" height=\"100\" width=\"100\" data-animation=\"fade-in\" src=\"\" alt=\"\"  \/>\n          <\/div>\n        <\/div>\n      <\/div>\n    <\/div>\n\t\t\t<\/div> \n\t\t<\/div>\n\t<\/div> \n\n\t<div style=\"margin-top: 5%; \" class=\"vc_col-sm-6 wpb_column column_container vc_column_container col no-extra-padding inherit_tablet inherit_phone\"  data-padding-pos=\"all\" data-has-bg-color=\"false\" data-bg-color=\"\" data-bg-opacity=\"1\" data-animation=\"\" data-delay=\"0\" >\n\t\t<div class=\"vc_column-inner\" >\n\t\t\t<div class=\"wpb_wrapper\">\n\t\t\t\t\n<div class=\"wpb_text_column wpb_content_element\" >\n\t<div class=\"wpb_wrapper\">\n\t\t<h1 style=\"text-align: left;\"><span style=\"color: #008000;\">Gu\u00eda de registro<\/span><\/h1>\n<h1 style=\"text-align: left;\"><span style=\"color: #008000;\">Autom\u00e1tico <\/span><span style=\"color: #008000;\">por WhatsApp<\/span><\/h1>\n<h1 style=\"text-align: left;\"><span style=\"color: #008000;\">con Sendapp Desktop<\/span><\/h1>\n<h1 style=\"text-align: left;\"><span style=\"color: #008000;\">\u00a0<\/span><\/h1>\n\t<\/div>\n<\/div>\n\n\n\n\n\t\t\t<\/div> \n\t\t<\/div>\n\t<\/div> \n<\/div><\/div>\n\t\t<div id=\"fws_69e7603fd21be\"  data-column-margin=\"default\" data-midnight=\"dark\"  class=\"wpb_row vc_row-fluid vc_row\"  style=\"padding-top: 0px; padding-bottom: 0px; \"><div class=\"row-bg-wrap\" data-bg-animation=\"none\" data-bg-animation-delay=\"\" data-bg-overlay=\"false\"><div class=\"inner-wrap row-bg-layer\" ><div class=\"row-bg viewport-desktop\"  style=\"\"><\/div><\/div><\/div><div class=\"row_col_wrap_12 col span_12 dark left\">\n\t<div  class=\"vc_col-sm-12 wpb_column column_container vc_column_container col no-extra-padding inherit_tablet inherit_phone\"  data-padding-pos=\"all\" data-has-bg-color=\"false\" data-bg-color=\"\" data-bg-opacity=\"1\" data-animation=\"\" data-delay=\"0\" >\n\t\t<div class=\"vc_column-inner\" >\n\t\t\t<div class=\"wpb_wrapper\">\n\t\t\t\t\n<div class=\"wpb_text_column wpb_content_element\" >\n\t<div class=\"wpb_wrapper\">\n\t\t\t<\/div>\n<\/div>\n\n\n\n\n\t\t\t<\/div> \n\t\t<\/div>\n\t<\/div> \n<\/div><\/div>\n\t\t<div id=\"fws_69e7603fd2b67\"  data-column-margin=\"default\" data-midnight=\"dark\"  class=\"wpb_row vc_row-fluid vc_row\"  style=\"padding-top: 0px; padding-bottom: 0px; \"><div class=\"row-bg-wrap\" data-bg-animation=\"none\" data-bg-animation-delay=\"\" data-bg-overlay=\"false\"><div class=\"inner-wrap row-bg-layer\" ><div class=\"row-bg viewport-desktop\"  style=\"\"><\/div><\/div><\/div><div class=\"row_col_wrap_12 col span_12 dark left\">\n\t<div  class=\"vc_col-sm-12 wpb_column column_container vc_column_container col no-extra-padding inherit_tablet inherit_phone\"  data-padding-pos=\"all\" data-has-bg-color=\"false\" data-bg-color=\"\" data-bg-opacity=\"1\" data-animation=\"\" data-delay=\"0\" >\n\t\t<div class=\"vc_column-inner\" >\n\t\t\t<div class=\"wpb_wrapper\">\n\t\t\t\t\n<div class=\"wpb_text_column wpb_content_element\" >\n\t<div class=\"wpb_wrapper\">\n\t\t<p class=\"p3\">La \u00faltima versi\u00f3n de <b>Sendapp Desktop<\/b> introduce una caracter\u00edstica innovadora para simplificar la gesti\u00f3n de campa\u00f1as publicitarias: la\u2019<b>Registro autom\u00e1tico<\/b>. En esta gu\u00eda, te mostraremos paso a paso c\u00f3mo activar y usar esta funci\u00f3n para recopilar contactos de forma r\u00e1pida y autom\u00e1tica. Esta funci\u00f3n tambi\u00e9n minimiza las notificaciones en tu cuenta, ya que el cliente aceptar\u00e1 el env\u00edo de campa\u00f1as promocionales.<\/p>\n<p class=\"p5\"><b>1. Activar suscripci\u00f3n autom\u00e1tica<\/b><b><\/b><\/p>\n<p class=\"p6\">\u2022Iniciar sesi\u00f3n en <a href=\"https:\/\/sendapp.live\/it\/sendapp-desktop-price\/\" target=\"_blank\" rel=\"noopener\"><b>Sendapp Desktop<\/b><\/a>.<br \/>\n\u2022Seleccione el <b>segundo icono desde arriba<\/b> (Columnas).<br \/>\n\u2022A la derecha del bot\u00f3n <b>Optimizar<\/b>, encontrar\u00e1s el nuevo bot\u00f3n <b>Registro autom\u00e1tico<\/b>.<br \/>\n\u2022Hacer clic en <b>Registro autom\u00e1tico<\/b>:Se abrir\u00e1 una ventana dedicada con dos campos principales.<\/p>\n<p class=\"p5\"><b><img loading=\"lazy\" decoding=\"async\" class=\"alignnone size-full wp-image-33026\" src=\"https:\/\/sendapp.live\/wp-content\/uploads\/2024\/11\/Screenshot-2024-11-20-alle-19.47.57-2.png\" alt=\"\" width=\"2556\" height=\"1535\" \/><\/b><\/p>\n<p class=\"p5\"><b>2. Configurar mensajes autom\u00e1ticos<\/b><b><\/b><\/p>\n<p><img loading=\"lazy\" decoding=\"async\" class=\"alignnone size-full wp-image-33031\" src=\"https:\/\/sendapp.live\/wp-content\/uploads\/2024\/11\/Screenshot-2024-11-20-alle-19.48.30-1.png\" alt=\"\" width=\"2558\" height=\"1536\" \/><\/p>\n<p class=\"p6\">\u2022<b>Introduzca la palabra clave<\/b>:<\/p>\n<p class=\"p7\">\u2022En este campo escribe una palabra clave que los clientes deber\u00e1n enviar en el chat para suscribirse a tus campa\u00f1as.<br \/>\n\u2022Ejemplo: <span class=\"s2\">inscribirse<\/span>.<\/p>\n<p class=\"p6\">\u2022<b>Respuesta autom\u00e1tica<\/b>:<br \/>\n\u2022Ingrese aqu\u00ed el mensaje de confirmaci\u00f3n que se enviar\u00e1 autom\u00e1ticamente al cliente despu\u00e9s del registro.<br \/>\n<span class=\"s3\">\u2022 Ejemplo: <\/span>Te has registrado exitosamente en nuestras campa\u00f1as.<\/p>\n<p><img loading=\"lazy\" decoding=\"async\" class=\"alignnone size-full wp-image-33032\" src=\"https:\/\/sendapp.live\/wp-content\/uploads\/2024\/11\/Screenshot-2024-11-20-alle-19.49.43.png\" alt=\"\" width=\"2558\" height=\"1538\" \/><\/p>\n<p class=\"p5\"><b>3. Crea el enlace &quot;Clic para chatear&quot;<\/b><b><\/b><\/p>\n<p class=\"p3\">Para invitar a nuevos clientes a registrarse, debes crear un enlace personalizado que puedas compartir a trav\u00e9s de varios canales, como redes sociales, SMS o correo electr\u00f3nico.<\/p>\n<p><img loading=\"lazy\" decoding=\"async\" class=\"alignnone size-full wp-image-33034\" src=\"https:\/\/sendapp.live\/wp-content\/uploads\/2024\/11\/Screenshot-2024-11-20-alle-19.50.43-1.png\" alt=\"\" width=\"2558\" height=\"1538\" \/><\/p>\n<p>&nbsp;<\/p>\n<p class=\"p6\">\u2022 <b>Acceda a Click-to-Chat<\/b>:<br \/>\n\u2022 Haga clic en el <b>s\u00e9ptimo icono desde arriba<\/b> en el men\u00fa de escritorio de Sendapp.<br \/>\n\u2022 <b>Complete los datos requeridos<\/b>:<br \/>\n\u2022 <b>N\u00famero telef\u00f3nico<\/b>:Ingrese su n\u00famero, incluido el prefijo internacional.<br \/>\n\u2022 <b>Mensaje preestablecido<\/b>:<br \/>\n\u2022 <strong>Te recomendamos<\/strong> utilizar un texto como el siguiente:<\/p>\n<p class=\"p10\">Me gustar\u00eda suscribirme a sus promociones y autorizar el tratamiento de datos personales de conformidad con el RGPD.<\/p>\n<p><img loading=\"lazy\" decoding=\"async\" class=\"alignnone size-full wp-image-33035\" src=\"https:\/\/sendapp.live\/wp-content\/uploads\/2024\/11\/Screenshot-2024-11-20-alle-19.55.39.png\" alt=\"\" width=\"2558\" height=\"1538\" \/><\/p>\n<p><b>Comparte el enlace<\/b>:<br \/>\nDespu\u00e9s de crear el enlace, puede enviarlo a trav\u00e9s de sus canales preferidos. Cuando un cliente hace clic en el enlace:<br \/>\n1. Se abrir\u00e1 autom\u00e1ticamente un chat con tu n\u00famero.<br \/>\n2. El mensaje ya estar\u00e1 rellenado.<br \/>\n3. El cliente s\u00f3lo tendr\u00e1 que enviarlo.<\/p>\n<p><img loading=\"lazy\" decoding=\"async\" class=\"alignnone size-full wp-image-33036\" src=\"https:\/\/sendapp.live\/wp-content\/uploads\/2024\/11\/Screenshot-2024-11-20-alle-19.55.45.png\" alt=\"\" width=\"2558\" height=\"1538\" \/><\/p>\n<p class=\"p5\"><b>4. Administrar suscriptores autom\u00e1ticos<\/b><b><\/b><\/p>\n<p class=\"p3\">Una vez que el cliente env\u00ede el mensaje con la palabra clave, se agregar\u00e1 autom\u00e1ticamente a una nueva libreta de direcciones llamada <b>Suscribirse Contactos<\/b>. Esta libreta de direcciones te permitir\u00e1 administrar y organizar f\u00e1cilmente los nuevos contactos que recopiles.<\/p>\n<p class=\"p3\">Con esta funci\u00f3n, Sendapp Desktop hace a\u00fan m\u00e1s f\u00e1cil ampliar tu red de contactos y automatizar el proceso de suscripci\u00f3n a campa\u00f1as publicitarias.<\/p>\n<p class=\"p3\"><b>\u00a1Prueba ahora la Suscripci\u00f3n Autom\u00e1tica y mejora la gesti\u00f3n de tus promociones!<\/b><\/p>\n\t<\/div>\n<\/div>\n\n\n\n\n\t\t\t<\/div> \n\t\t<\/div>\n\t<\/div> \n<\/div><\/div>","protected":false},"excerpt":{"rendered":"Gu\u00eda de suscripci\u00f3n autom\u00e1tica de WhatsApp con Sendapp Desktop. La \u00faltima versi\u00f3n de Sendapp Desktop incorpora una funci\u00f3n innovadora para simplificar la gesti\u00f3n de campa\u00f1as publicitarias: la suscripci\u00f3n autom\u00e1tica. En esta gu\u00eda\u2026.","protected":false},"author":1,"featured_media":0,"parent":0,"menu_order":0,"comment_status":"closed","ping_status":"closed","template":"","meta":{"footnotes":""},"class_list":["post-32991","page","type-page","status-publish"],"yoast_head":"<!-- This site is optimized with the Yoast SEO plugin v27.4 - https:\/\/yoast.com\/product\/yoast-seo-wordpress\/ -->\n<title>Iscrizione automatica whatsapp con SendApp<\/title>\n<meta name=\"description\" content=\"Iscrizione automatica whatsapp per ridurre al massimo il rischio dei \u2018Blocca e Segnala\u2019 ed evitare il ban su WhatsApp\" \/>\n<meta name=\"robots\" content=\"index, follow, max-snippet:-1, max-image-preview:large, max-video-preview:-1\" \/>\n<link rel=\"canonical\" href=\"https:\/\/sendapp.cloud\/es\/iscrizione-automatica-whatsapp\/\" \/>\n<meta property=\"og:locale\" content=\"es_ES\" \/>\n<meta property=\"og:type\" content=\"article\" \/>\n<meta property=\"og:title\" content=\"Iscrizione automatica whatsapp con SendApp\" \/>\n<meta property=\"og:description\" content=\"Iscrizione automatica whatsapp per ridurre al massimo il rischio dei \u2018Blocca e Segnala\u2019 ed evitare il ban su WhatsApp\" \/>\n<meta property=\"og:url\" content=\"https:\/\/sendapp.cloud\/es\/iscrizione-automatica-whatsapp\/\" \/>\n<meta property=\"og:site_name\" content=\"SendApp\" \/>\n<meta property=\"og:image\" content=\"https:\/\/sendapp.live\/wp-content\/uploads\/2024\/11\/Screenshot-2024-11-20-alle-19.47.57-2.png\" \/>\n<meta name=\"twitter:card\" content=\"summary_large_image\" \/>\n<meta name=\"twitter:label1\" content=\"Tiempo de lectura\" \/>\n\t<meta name=\"twitter:data1\" content=\"4 minutos\" \/>\n<script type=\"application\/ld+json\" class=\"yoast-schema-graph\">{\"@context\":\"https:\\\/\\\/schema.org\",\"@graph\":[{\"@type\":\"WebPage\",\"@id\":\"https:\\\/\\\/sendapp.cloud\\\/iscrizione-automatica-whatsapp\\\/\",\"url\":\"https:\\\/\\\/sendapp.cloud\\\/iscrizione-automatica-whatsapp\\\/\",\"name\":\"Iscrizione automatica whatsapp con SendApp\",\"isPartOf\":{\"@id\":\"https:\\\/\\\/sendapp.cloud\\\/en\\\/#website\"},\"primaryImageOfPage\":{\"@id\":\"https:\\\/\\\/sendapp.cloud\\\/iscrizione-automatica-whatsapp\\\/#primaryimage\"},\"image\":{\"@id\":\"https:\\\/\\\/sendapp.cloud\\\/iscrizione-automatica-whatsapp\\\/#primaryimage\"},\"thumbnailUrl\":\"https:\\\/\\\/sendapp.live\\\/wp-content\\\/uploads\\\/2024\\\/11\\\/Screenshot-2024-11-20-alle-19.47.57-2.png\",\"datePublished\":\"2024-11-20T17:46:27+00:00\",\"description\":\"Iscrizione automatica whatsapp per ridurre al massimo il rischio dei \u2018Blocca e Segnala\u2019 ed evitare il ban su WhatsApp\",\"breadcrumb\":{\"@id\":\"https:\\\/\\\/sendapp.cloud\\\/iscrizione-automatica-whatsapp\\\/#breadcrumb\"},\"inLanguage\":\"es\",\"potentialAction\":[{\"@type\":\"ReadAction\",\"target\":[\"https:\\\/\\\/sendapp.cloud\\\/iscrizione-automatica-whatsapp\\\/\"]}]},{\"@type\":\"ImageObject\",\"inLanguage\":\"es\",\"@id\":\"https:\\\/\\\/sendapp.cloud\\\/iscrizione-automatica-whatsapp\\\/#primaryimage\",\"url\":\"https:\\\/\\\/sendapp.live\\\/wp-content\\\/uploads\\\/2024\\\/11\\\/Screenshot-2024-11-20-alle-19.47.57-2.png\",\"contentUrl\":\"https:\\\/\\\/sendapp.live\\\/wp-content\\\/uploads\\\/2024\\\/11\\\/Screenshot-2024-11-20-alle-19.47.57-2.png\"},{\"@type\":\"BreadcrumbList\",\"@id\":\"https:\\\/\\\/sendapp.cloud\\\/iscrizione-automatica-whatsapp\\\/#breadcrumb\",\"itemListElement\":[{\"@type\":\"ListItem\",\"position\":1,\"name\":\"Home\",\"item\":\"https:\\\/\\\/sendapp.cloud\\\/\"},{\"@type\":\"ListItem\",\"position\":2,\"name\":\"Iscrizione automatica whatsapp con SendApp\"}]},{\"@type\":\"WebSite\",\"@id\":\"https:\\\/\\\/sendapp.cloud\\\/en\\\/#website\",\"url\":\"https:\\\/\\\/sendapp.cloud\\\/en\\\/\",\"name\":\"SendApp\",\"description\":\"Software Whatsapp Marketing\",\"publisher\":{\"@id\":\"https:\\\/\\\/sendapp.cloud\\\/en\\\/#organization\"},\"potentialAction\":[{\"@type\":\"SearchAction\",\"target\":{\"@type\":\"EntryPoint\",\"urlTemplate\":\"https:\\\/\\\/sendapp.cloud\\\/en\\\/?s={search_term_string}\"},\"query-input\":{\"@type\":\"PropertyValueSpecification\",\"valueRequired\":true,\"valueName\":\"search_term_string\"}}],\"inLanguage\":\"es\"},{\"@type\":\"Organization\",\"@id\":\"https:\\\/\\\/sendapp.cloud\\\/en\\\/#organization\",\"name\":\"SendApp\",\"url\":\"https:\\\/\\\/sendapp.cloud\\\/en\\\/\",\"logo\":{\"@type\":\"ImageObject\",\"inLanguage\":\"es\",\"@id\":\"https:\\\/\\\/sendapp.cloud\\\/en\\\/#\\\/schema\\\/logo\\\/image\\\/\",\"url\":\"https:\\\/\\\/sendapp.cloud\\\/wp-content\\\/uploads\\\/2024\\\/11\\\/Logo-bianco.png\",\"contentUrl\":\"https:\\\/\\\/sendapp.cloud\\\/wp-content\\\/uploads\\\/2024\\\/11\\\/Logo-bianco.png\",\"width\":145,\"height\":48,\"caption\":\"SendApp\"},\"image\":{\"@id\":\"https:\\\/\\\/sendapp.cloud\\\/en\\\/#\\\/schema\\\/logo\\\/image\\\/\"}}]}<\/script>\n<!-- \/ Yoast SEO plugin. -->","yoast_head_json":{"title":"Suscripci\u00f3n autom\u00e1tica a WhatsApp con SendApp","description":"Iscrizione automatica whatsapp per ridurre al massimo il rischio dei \u2018Blocca e Segnala\u2019 ed evitare il ban su WhatsApp","robots":{"index":"index","follow":"follow","max-snippet":"max-snippet:-1","max-image-preview":"max-image-preview:large","max-video-preview":"max-video-preview:-1"},"canonical":"https:\/\/sendapp.cloud\/es\/iscrizione-automatica-whatsapp\/","og_locale":"es_ES","og_type":"article","og_title":"Iscrizione automatica whatsapp con SendApp","og_description":"Iscrizione automatica whatsapp per ridurre al massimo il rischio dei \u2018Blocca e Segnala\u2019 ed evitare il ban su WhatsApp","og_url":"https:\/\/sendapp.cloud\/es\/iscrizione-automatica-whatsapp\/","og_site_name":"SendApp","og_image":[{"url":"https:\/\/sendapp.live\/wp-content\/uploads\/2024\/11\/Screenshot-2024-11-20-alle-19.47.57-2.png","type":"","width":"","height":""}],"twitter_card":"summary_large_image","twitter_misc":{"Tiempo de lectura":"4 minutos"},"schema":{"@context":"https:\/\/schema.org","@graph":[{"@type":"WebPage","@id":"https:\/\/sendapp.cloud\/iscrizione-automatica-whatsapp\/","url":"https:\/\/sendapp.cloud\/iscrizione-automatica-whatsapp\/","name":"Suscripci\u00f3n autom\u00e1tica a WhatsApp con SendApp","isPartOf":{"@id":"https:\/\/sendapp.cloud\/en\/#website"},"primaryImageOfPage":{"@id":"https:\/\/sendapp.cloud\/iscrizione-automatica-whatsapp\/#primaryimage"},"image":{"@id":"https:\/\/sendapp.cloud\/iscrizione-automatica-whatsapp\/#primaryimage"},"thumbnailUrl":"https:\/\/sendapp.live\/wp-content\/uploads\/2024\/11\/Screenshot-2024-11-20-alle-19.47.57-2.png","datePublished":"2024-11-20T17:46:27+00:00","description":"Iscrizione automatica whatsapp per ridurre al massimo il rischio dei \u2018Blocca e Segnala\u2019 ed evitare il ban su WhatsApp","breadcrumb":{"@id":"https:\/\/sendapp.cloud\/iscrizione-automatica-whatsapp\/#breadcrumb"},"inLanguage":"es","potentialAction":[{"@type":"ReadAction","target":["https:\/\/sendapp.cloud\/iscrizione-automatica-whatsapp\/"]}]},{"@type":"ImageObject","inLanguage":"es","@id":"https:\/\/sendapp.cloud\/iscrizione-automatica-whatsapp\/#primaryimage","url":"https:\/\/sendapp.live\/wp-content\/uploads\/2024\/11\/Screenshot-2024-11-20-alle-19.47.57-2.png","contentUrl":"https:\/\/sendapp.live\/wp-content\/uploads\/2024\/11\/Screenshot-2024-11-20-alle-19.47.57-2.png"},{"@type":"BreadcrumbList","@id":"https:\/\/sendapp.cloud\/iscrizione-automatica-whatsapp\/#breadcrumb","itemListElement":[{"@type":"ListItem","position":1,"name":"Home","item":"https:\/\/sendapp.cloud\/"},{"@type":"ListItem","position":2,"name":"Iscrizione automatica whatsapp con SendApp"}]},{"@type":"WebSite","@id":"https:\/\/sendapp.cloud\/en\/#website","url":"https:\/\/sendapp.cloud\/en\/","name":"SendApp","description":"Software de marketing de WhatsApp","publisher":{"@id":"https:\/\/sendapp.cloud\/en\/#organization"},"potentialAction":[{"@type":"SearchAction","target":{"@type":"EntryPoint","urlTemplate":"https:\/\/sendapp.cloud\/en\/?s={search_term_string}"},"query-input":{"@type":"PropertyValueSpecification","valueRequired":true,"valueName":"search_term_string"}}],"inLanguage":"es"},{"@type":"Organization","@id":"https:\/\/sendapp.cloud\/en\/#organization","name":"SendApp","url":"https:\/\/sendapp.cloud\/en\/","logo":{"@type":"ImageObject","inLanguage":"es","@id":"https:\/\/sendapp.cloud\/en\/#\/schema\/logo\/image\/","url":"https:\/\/sendapp.cloud\/wp-content\/uploads\/2024\/11\/Logo-bianco.png","contentUrl":"https:\/\/sendapp.cloud\/wp-content\/uploads\/2024\/11\/Logo-bianco.png","width":145,"height":48,"caption":"SendApp"},"image":{"@id":"https:\/\/sendapp.cloud\/en\/#\/schema\/logo\/image\/"}}]}},"_links":{"self":[{"href":"https:\/\/sendapp.cloud\/es\/wp-json\/wp\/v2\/pages\/32991","targetHints":{"allow":["GET"]}}],"collection":[{"href":"https:\/\/sendapp.cloud\/es\/wp-json\/wp\/v2\/pages"}],"about":[{"href":"https:\/\/sendapp.cloud\/es\/wp-json\/wp\/v2\/types\/page"}],"author":[{"embeddable":true,"href":"https:\/\/sendapp.cloud\/es\/wp-json\/wp\/v2\/users\/1"}],"replies":[{"embeddable":true,"href":"https:\/\/sendapp.cloud\/es\/wp-json\/wp\/v2\/comments?post=32991"}],"version-history":[{"count":0,"href":"https:\/\/sendapp.cloud\/es\/wp-json\/wp\/v2\/pages\/32991\/revisions"}],"wp:attachment":[{"href":"https:\/\/sendapp.cloud\/es\/wp-json\/wp\/v2\/media?parent=32991"}],"curies":[{"name":"gracias","href":"https:\/\/api.w.org\/{rel}","templated":true}]}}