{"id":32983,"date":"2024-11-20T18:02:24","date_gmt":"2024-11-20T17:02:24","guid":{"rendered":"https:\/\/sendapp.live\/?page_id=32983"},"modified":"2025-01-20T16:00:02","modified_gmt":"2025-01-20T15:00:02","slug":"disiscritti-automatici-whatsapp","status":"publish","type":"page","link":"https:\/\/sendapp.cloud\/es\/disiscritti-automatici-whatsapp\/","title":{"rendered":"Darse de baja autom\u00e1ticamente de WhatsApp con SendApp"},"content":{"rendered":"<div id=\"fws_6a03939ab0da2\"  data-column-margin=\"default\" data-midnight=\"dark\"  class=\"wpb_row vc_row-fluid vc_row\"  style=\"padding-top: 0px; padding-bottom: 0px; \"><div class=\"row-bg-wrap\" data-bg-animation=\"none\" data-bg-animation-delay=\"\" data-bg-overlay=\"false\"><div class=\"inner-wrap row-bg-layer\" ><div class=\"row-bg viewport-desktop\"  style=\"\"><\/div><\/div><\/div><div class=\"row_col_wrap_12 col span_12 dark left\">\n\t<div  class=\"vc_col-sm-6 wpb_column column_container vc_column_container col no-extra-padding inherit_tablet inherit_phone\"  data-padding-pos=\"all\" data-has-bg-color=\"false\" data-bg-color=\"\" data-bg-opacity=\"1\" data-animation=\"\" data-delay=\"0\" >\n\t\t<div class=\"vc_column-inner\" >\n\t\t\t<div class=\"wpb_wrapper\">\n\t\t\t\t<div class=\"img-with-aniamtion-wrap\" data-max-width=\"100%\" data-max-width-mobile=\"default\" data-shadow=\"none\" data-animation=\"fade-in\" >\n      <div class=\"inner\">\n        <div class=\"hover-wrap\"> \n          <div class=\"hover-wrap-inner\">\n            <img loading=\"lazy\" decoding=\"async\" class=\"img-with-animation skip-lazy\" data-delay=\"0\" height=\"863\" width=\"931\" data-animation=\"fade-in\" src=\"https:\/\/sendapp.cloud\/wp-content\/uploads\/2025\/01\/unsubscribe-whatsapp-sendapp.png\" alt=\"\" srcset=\"https:\/\/sendapp.cloud\/wp-content\/uploads\/2025\/01\/unsubscribe-whatsapp-sendapp.png 931w, https:\/\/sendapp.cloud\/wp-content\/uploads\/2025\/01\/unsubscribe-whatsapp-sendapp-300x278.png 300w, https:\/\/sendapp.cloud\/wp-content\/uploads\/2025\/01\/unsubscribe-whatsapp-sendapp-768x712.png 768w, https:\/\/sendapp.cloud\/wp-content\/uploads\/2025\/01\/unsubscribe-whatsapp-sendapp-13x12.png 13w\" sizes=\"auto, (max-width: 931px) 100vw, 931px\" \/>\n          <\/div>\n        <\/div>\n      <\/div>\n    <\/div>\n\t\t\t<\/div> \n\t\t<\/div>\n\t<\/div> \n\n\t<div style=\"margin-top: 10%; \" class=\"vc_col-sm-6 wpb_column column_container vc_column_container col no-extra-padding inherit_tablet inherit_phone\"  data-padding-pos=\"all\" data-has-bg-color=\"false\" data-bg-color=\"\" data-bg-opacity=\"1\" data-animation=\"\" data-delay=\"0\" >\n\t\t<div class=\"vc_column-inner\" >\n\t\t\t<div class=\"wpb_wrapper\">\n\t\t\t\t\n<div class=\"wpb_text_column wpb_content_element\" >\n\t<div class=\"wpb_wrapper\">\n\t\t<h1 style=\"text-align: left;\"><span style=\"color: #008000;\">Gu\u00eda de cancelaci\u00f3n autom\u00e1tica de suscripci\u00f3n<\/span><\/h1>\n<h1 style=\"text-align: left;\"><span style=\"color: #008000;\">de WhatsApp con Sendapp Desktop<\/span><\/h1>\n\t<\/div>\n<\/div>\n\n\n\n\n\t\t\t<\/div> \n\t\t<\/div>\n\t<\/div> \n<\/div><\/div>\n\t\t<div id=\"fws_6a03939ab241a\"  data-column-margin=\"default\" data-midnight=\"dark\"  class=\"wpb_row vc_row-fluid vc_row\"  style=\"padding-top: 0px; padding-bottom: 0px; \"><div class=\"row-bg-wrap\" data-bg-animation=\"none\" data-bg-animation-delay=\"\" data-bg-overlay=\"false\"><div class=\"inner-wrap row-bg-layer\" ><div class=\"row-bg viewport-desktop\"  style=\"\"><\/div><\/div><\/div><div class=\"row_col_wrap_12 col span_12 dark left\">\n\t<div  class=\"vc_col-sm-12 wpb_column column_container vc_column_container col no-extra-padding inherit_tablet inherit_phone\"  data-padding-pos=\"all\" data-has-bg-color=\"false\" data-bg-color=\"\" data-bg-opacity=\"1\" data-animation=\"\" data-delay=\"0\" >\n\t\t<div class=\"vc_column-inner\" >\n\t\t\t<div class=\"wpb_wrapper\">\n\t\t\t\t\n<div class=\"wpb_text_column wpb_content_element\" >\n\t<div class=\"wpb_wrapper\">\n\t\t<p class=\"p3\">La funci\u00f3n de <b>Cancelaci\u00f3n autom\u00e1tica de la suscripci\u00f3n<\/b> en <a href=\"https:\/\/sendapp.live\/it\/sendapp-desktop-price\/\" target=\"_blank\" rel=\"noopener\">Sendapp Desktop<\/a> Le permite ofrecer a sus clientes una forma sencilla y transparente de darse de baja de sus campa\u00f1as promocionales. Siga esta gu\u00eda para configurar y aprovechar al m\u00e1ximo esta funci\u00f3n, as\u00ed como para gestionar las bajas.<\/p>\n<p><img loading=\"lazy\" decoding=\"async\" class=\"alignnone size-full wp-image-33038\" src=\"https:\/\/sendapp.live\/wp-content\/uploads\/2024\/11\/Screenshot-2024-11-20-alle-20.17.30.png\" alt=\"\" width=\"2558\" height=\"1538\" \/><\/p>\n<h3 class=\"p5\"><b>1. Habilitar la cancelaci\u00f3n autom\u00e1tica de la suscripci\u00f3n<\/b><b><\/b><\/h3>\n<p class=\"p6\">\u2022 Iniciar sesi\u00f3n en <b>Sendapp Desktop<\/b>.<br \/>\n\u2022 Haga clic en el <b>noveno icono desde arriba<\/b> (Cancelar suscripci\u00f3n).<br \/>\n\u2022 A la derecha del campo de b\u00fasqueda, encontrar\u00e1 el bot\u00f3n <b>Cancelaci\u00f3n autom\u00e1tica de la suscripci\u00f3n<\/b>.<br \/>\n\u2022 Haga clic en <b>Cancelaci\u00f3n autom\u00e1tica de la suscripci\u00f3n<\/b>:Se abrir\u00e1 una ventana con dos campos principales.<\/p>\n<p><img loading=\"lazy\" decoding=\"async\" class=\"alignnone size-full wp-image-33040\" src=\"https:\/\/sendapp.live\/wp-content\/uploads\/2024\/11\/Screenshot-2024-11-20-alle-20.17.48-1.png\" alt=\"\" width=\"2558\" height=\"1538\" \/><\/p>\n<h3 class=\"p5\"><b>2. Configurar mensajes de cancelaci\u00f3n de suscripci\u00f3n<\/b><b><\/b><\/h3>\n<p class=\"p6\">\u2022<b>Introduzca la palabra clave<\/b>:<br \/>\n\u2022 En este campo escribe la palabra que los clientes deber\u00e1n enviar en el chat para darse de baja.<br \/>\n\u2022 Ejemplo: <span class=\"s2\">darme de baja<\/span>.<\/p>\n<p>\u2022<b>Respuesta autom\u00e1tica<\/b>:<br \/>\n\u2022 Ingrese aqu\u00ed el mensaje de confirmaci\u00f3n que se enviar\u00e1 autom\u00e1ticamente al cliente despu\u00e9s de cancelar la suscripci\u00f3n.<br \/>\n<span class=\"s3\">\u2022 Ejemplo: <\/span>La cancelaci\u00f3n de la suscripci\u00f3n se ha realizado correctamente.<\/p>\n<p><img loading=\"lazy\" decoding=\"async\" class=\"alignnone size-full wp-image-33041\" src=\"https:\/\/sendapp.live\/wp-content\/uploads\/2024\/11\/Screenshot-2024-11-20-alle-20.18.06.png\" alt=\"\" width=\"2558\" height=\"1538\" \/><\/p>\n<h3 class=\"p5\"><b>3. Consejos para su uso en campa\u00f1as promocionales<\/b><b><\/b><\/h3>\n<p class=\"p3\">Para que el proceso sea transparente y cumpla con el RGPD, recomendamos incluir un mensaje de cancelaci\u00f3n de suscripci\u00f3n en sus campa\u00f1as promocionales. A continuaci\u00f3n, un ejemplo para a\u00f1adir al final de sus mensajes:<\/p>\n<p class=\"p9\">Si ya no desea recibir mensajes promocionales, escr\u00edbanos <span class=\"s4\">\u201cdarse de baja\u201d<\/span>.<br \/>\nDe esta forma tus clientes sabr\u00e1n c\u00f3mo darse de baja de forma sencilla y sin complicaciones.<\/p>\n<h3 class=\"p5\"><b>4. Gestionar contactos dados de baja<\/b><b><\/b><\/h3>\n<p class=\"p3\">Una vez que un cliente env\u00eda la palabra clave para cancelar la suscripci\u00f3n, se eliminar\u00e1 autom\u00e1ticamente de su libreta de direcciones de campa\u00f1as activas. Esta funci\u00f3n le permite mantener una gesti\u00f3n de contactos organizada y conforme a las normativas.<\/p>\n<p class=\"p3\">Con el <b>Cancelaci\u00f3n autom\u00e1tica de la suscripci\u00f3n<\/b>, Sendapp Desktop te ayuda a garantizar interacciones respetuosas y profesionales con tus clientes, mejorando su experiencia y aumentando la confianza en tus servicios.<\/p>\n<p><b>\u00a1Activa esta funci\u00f3n hoy para ofrecer un servicio cada vez m\u00e1s transparente y personalizado!<\/b><\/p>\n\t<\/div>\n<\/div>\n\n\n\n\n\t\t\t<\/div> \n\t\t<\/div>\n\t<\/div> \n<\/div><\/div>\n\t\t<div id=\"fws_6a03939ab2c75\"  data-column-margin=\"default\" data-midnight=\"dark\"  class=\"wpb_row vc_row-fluid vc_row\"  style=\"padding-top: 0px; padding-bottom: 0px; \"><div class=\"row-bg-wrap\" data-bg-animation=\"none\" data-bg-animation-delay=\"\" data-bg-overlay=\"false\"><div class=\"inner-wrap row-bg-layer\" ><div class=\"row-bg viewport-desktop\"  style=\"\"><\/div><\/div><\/div><div class=\"row_col_wrap_12 col span_12 dark left\">\n\t<div  class=\"vc_col-sm-12 wpb_column column_container vc_column_container col no-extra-padding inherit_tablet inherit_phone\"  data-padding-pos=\"all\" data-has-bg-color=\"false\" data-bg-color=\"\" data-bg-opacity=\"1\" data-animation=\"\" data-delay=\"0\" >\n\t\t<div class=\"vc_column-inner\" >\n\t\t\t<div class=\"wpb_wrapper\">\n\t\t\t\t<div class=\"divider-wrap\" data-alignment=\"default\"><div style=\"height: 50px;\" class=\"divider\"><\/div><\/div>\n\t\t\t<\/div> \n\t\t<\/div>\n\t<\/div> \n<\/div><\/div>","protected":false},"excerpt":{"rendered":"Gu\u00eda de cancelaci\u00f3n autom\u00e1tica de suscripci\u00f3n de WhatsApp con Sendapp Desktop La funci\u00f3n de cancelaci\u00f3n autom\u00e1tica de suscripci\u00f3n en Sendapp Desktop le permite ofrecer a sus clientes una forma sencilla y transparente...","protected":false},"author":1,"featured_media":0,"parent":0,"menu_order":0,"comment_status":"closed","ping_status":"closed","template":"","meta":{"footnotes":""},"class_list":["post-32983","page","type-page","status-publish"],"yoast_head":"<!-- This site is optimized with the Yoast SEO plugin v27.4 - https:\/\/yoast.com\/product\/yoast-seo-wordpress\/ -->\n<title>Disiscritti automatici WhatsApp<\/title>\n<meta name=\"description\" content=\"Come effettuare le disiscrizioni automatiche whatsapp per evitare le segnalazioni delgi utenti di whatsapp\" \/>\n<meta name=\"robots\" content=\"index, follow, max-snippet:-1, max-image-preview:large, max-video-preview:-1\" \/>\n<link rel=\"canonical\" href=\"https:\/\/sendapp.cloud\/es\/disiscritti-automatici-whatsapp\/\" \/>\n<meta property=\"og:locale\" content=\"es_ES\" \/>\n<meta property=\"og:type\" content=\"article\" \/>\n<meta property=\"og:title\" content=\"Disiscritti automatici WhatsApp\" \/>\n<meta property=\"og:description\" content=\"Come effettuare le disiscrizioni automatiche whatsapp per evitare le segnalazioni delgi utenti di whatsapp\" \/>\n<meta property=\"og:url\" content=\"https:\/\/sendapp.cloud\/es\/disiscritti-automatici-whatsapp\/\" \/>\n<meta property=\"og:site_name\" content=\"SendApp\" \/>\n<meta property=\"article:modified_time\" content=\"2025-01-20T15:00:02+00:00\" \/>\n<meta property=\"og:image\" content=\"https:\/\/sendapp.live\/wp-content\/uploads\/2024\/11\/Screenshot-2024-11-20-alle-20.17.30.png\" \/>\n<meta name=\"twitter:card\" content=\"summary_large_image\" \/>\n<meta name=\"twitter:label1\" content=\"Tiempo de lectura\" \/>\n\t<meta name=\"twitter:data1\" content=\"2 minutos\" \/>\n<script type=\"application\/ld+json\" class=\"yoast-schema-graph\">{\"@context\":\"https:\\\/\\\/schema.org\",\"@graph\":[{\"@type\":\"WebPage\",\"@id\":\"https:\\\/\\\/sendapp.cloud\\\/disiscritti-automatici-whatsapp\\\/\",\"url\":\"https:\\\/\\\/sendapp.cloud\\\/disiscritti-automatici-whatsapp\\\/\",\"name\":\"Disiscritti automatici WhatsApp\",\"isPartOf\":{\"@id\":\"https:\\\/\\\/sendapp.cloud\\\/en\\\/#website\"},\"primaryImageOfPage\":{\"@id\":\"https:\\\/\\\/sendapp.cloud\\\/disiscritti-automatici-whatsapp\\\/#primaryimage\"},\"image\":{\"@id\":\"https:\\\/\\\/sendapp.cloud\\\/disiscritti-automatici-whatsapp\\\/#primaryimage\"},\"thumbnailUrl\":\"https:\\\/\\\/sendapp.live\\\/wp-content\\\/uploads\\\/2024\\\/11\\\/Screenshot-2024-11-20-alle-20.17.30.png\",\"datePublished\":\"2024-11-20T17:02:24+00:00\",\"dateModified\":\"2025-01-20T15:00:02+00:00\",\"description\":\"Come effettuare le disiscrizioni automatiche whatsapp per evitare le segnalazioni delgi utenti di whatsapp\",\"breadcrumb\":{\"@id\":\"https:\\\/\\\/sendapp.cloud\\\/disiscritti-automatici-whatsapp\\\/#breadcrumb\"},\"inLanguage\":\"es\",\"potentialAction\":[{\"@type\":\"ReadAction\",\"target\":[\"https:\\\/\\\/sendapp.cloud\\\/disiscritti-automatici-whatsapp\\\/\"]}]},{\"@type\":\"ImageObject\",\"inLanguage\":\"es\",\"@id\":\"https:\\\/\\\/sendapp.cloud\\\/disiscritti-automatici-whatsapp\\\/#primaryimage\",\"url\":\"https:\\\/\\\/sendapp.live\\\/wp-content\\\/uploads\\\/2024\\\/11\\\/Screenshot-2024-11-20-alle-20.17.30.png\",\"contentUrl\":\"https:\\\/\\\/sendapp.live\\\/wp-content\\\/uploads\\\/2024\\\/11\\\/Screenshot-2024-11-20-alle-20.17.30.png\"},{\"@type\":\"BreadcrumbList\",\"@id\":\"https:\\\/\\\/sendapp.cloud\\\/disiscritti-automatici-whatsapp\\\/#breadcrumb\",\"itemListElement\":[{\"@type\":\"ListItem\",\"position\":1,\"name\":\"Home\",\"item\":\"https:\\\/\\\/sendapp.cloud\\\/\"},{\"@type\":\"ListItem\",\"position\":2,\"name\":\"Disiscritti automatici whatsapp con SendApp\"}]},{\"@type\":\"WebSite\",\"@id\":\"https:\\\/\\\/sendapp.cloud\\\/en\\\/#website\",\"url\":\"https:\\\/\\\/sendapp.cloud\\\/en\\\/\",\"name\":\"SendApp\",\"description\":\"Software Whatsapp Marketing\",\"publisher\":{\"@id\":\"https:\\\/\\\/sendapp.cloud\\\/en\\\/#organization\"},\"potentialAction\":[{\"@type\":\"SearchAction\",\"target\":{\"@type\":\"EntryPoint\",\"urlTemplate\":\"https:\\\/\\\/sendapp.cloud\\\/en\\\/?s={search_term_string}\"},\"query-input\":{\"@type\":\"PropertyValueSpecification\",\"valueRequired\":true,\"valueName\":\"search_term_string\"}}],\"inLanguage\":\"es\"},{\"@type\":\"Organization\",\"@id\":\"https:\\\/\\\/sendapp.cloud\\\/en\\\/#organization\",\"name\":\"SendApp\",\"url\":\"https:\\\/\\\/sendapp.cloud\\\/en\\\/\",\"logo\":{\"@type\":\"ImageObject\",\"inLanguage\":\"es\",\"@id\":\"https:\\\/\\\/sendapp.cloud\\\/en\\\/#\\\/schema\\\/logo\\\/image\\\/\",\"url\":\"https:\\\/\\\/sendapp.cloud\\\/wp-content\\\/uploads\\\/2024\\\/11\\\/Logo-bianco.png\",\"contentUrl\":\"https:\\\/\\\/sendapp.cloud\\\/wp-content\\\/uploads\\\/2024\\\/11\\\/Logo-bianco.png\",\"width\":145,\"height\":48,\"caption\":\"SendApp\"},\"image\":{\"@id\":\"https:\\\/\\\/sendapp.cloud\\\/en\\\/#\\\/schema\\\/logo\\\/image\\\/\"}}]}<\/script>\n<!-- \/ Yoast SEO plugin. -->","yoast_head_json":{"title":"Cancelaciones de suscripci\u00f3n autom\u00e1ticas de WhatsApp","description":"C\u00f3mo darse de baja autom\u00e1ticamente de WhatsApp para evitar ser denunciado por otros usuarios","robots":{"index":"index","follow":"follow","max-snippet":"max-snippet:-1","max-image-preview":"max-image-preview:large","max-video-preview":"max-video-preview:-1"},"canonical":"https:\/\/sendapp.cloud\/es\/disiscritti-automatici-whatsapp\/","og_locale":"es_ES","og_type":"article","og_title":"Disiscritti automatici WhatsApp","og_description":"Come effettuare le disiscrizioni automatiche whatsapp per evitare le segnalazioni delgi utenti di whatsapp","og_url":"https:\/\/sendapp.cloud\/es\/disiscritti-automatici-whatsapp\/","og_site_name":"SendApp","article_modified_time":"2025-01-20T15:00:02+00:00","og_image":[{"url":"https:\/\/sendapp.live\/wp-content\/uploads\/2024\/11\/Screenshot-2024-11-20-alle-20.17.30.png","type":"","width":"","height":""}],"twitter_card":"summary_large_image","twitter_misc":{"Tiempo de lectura":"2 minutos"},"schema":{"@context":"https:\/\/schema.org","@graph":[{"@type":"WebPage","@id":"https:\/\/sendapp.cloud\/disiscritti-automatici-whatsapp\/","url":"https:\/\/sendapp.cloud\/disiscritti-automatici-whatsapp\/","name":"Cancelaciones de suscripci\u00f3n autom\u00e1ticas de WhatsApp","isPartOf":{"@id":"https:\/\/sendapp.cloud\/en\/#website"},"primaryImageOfPage":{"@id":"https:\/\/sendapp.cloud\/disiscritti-automatici-whatsapp\/#primaryimage"},"image":{"@id":"https:\/\/sendapp.cloud\/disiscritti-automatici-whatsapp\/#primaryimage"},"thumbnailUrl":"https:\/\/sendapp.live\/wp-content\/uploads\/2024\/11\/Screenshot-2024-11-20-alle-20.17.30.png","datePublished":"2024-11-20T17:02:24+00:00","dateModified":"2025-01-20T15:00:02+00:00","description":"C\u00f3mo darse de baja autom\u00e1ticamente de WhatsApp para evitar ser denunciado por otros usuarios","breadcrumb":{"@id":"https:\/\/sendapp.cloud\/disiscritti-automatici-whatsapp\/#breadcrumb"},"inLanguage":"es","potentialAction":[{"@type":"ReadAction","target":["https:\/\/sendapp.cloud\/disiscritti-automatici-whatsapp\/"]}]},{"@type":"ImageObject","inLanguage":"es","@id":"https:\/\/sendapp.cloud\/disiscritti-automatici-whatsapp\/#primaryimage","url":"https:\/\/sendapp.live\/wp-content\/uploads\/2024\/11\/Screenshot-2024-11-20-alle-20.17.30.png","contentUrl":"https:\/\/sendapp.live\/wp-content\/uploads\/2024\/11\/Screenshot-2024-11-20-alle-20.17.30.png"},{"@type":"BreadcrumbList","@id":"https:\/\/sendapp.cloud\/disiscritti-automatici-whatsapp\/#breadcrumb","itemListElement":[{"@type":"ListItem","position":1,"name":"Home","item":"https:\/\/sendapp.cloud\/"},{"@type":"ListItem","position":2,"name":"Disiscritti automatici whatsapp con SendApp"}]},{"@type":"WebSite","@id":"https:\/\/sendapp.cloud\/en\/#website","url":"https:\/\/sendapp.cloud\/en\/","name":"SendApp","description":"Software de marketing de WhatsApp","publisher":{"@id":"https:\/\/sendapp.cloud\/en\/#organization"},"potentialAction":[{"@type":"SearchAction","target":{"@type":"EntryPoint","urlTemplate":"https:\/\/sendapp.cloud\/en\/?s={search_term_string}"},"query-input":{"@type":"PropertyValueSpecification","valueRequired":true,"valueName":"search_term_string"}}],"inLanguage":"es"},{"@type":"Organization","@id":"https:\/\/sendapp.cloud\/en\/#organization","name":"SendApp","url":"https:\/\/sendapp.cloud\/en\/","logo":{"@type":"ImageObject","inLanguage":"es","@id":"https:\/\/sendapp.cloud\/en\/#\/schema\/logo\/image\/","url":"https:\/\/sendapp.cloud\/wp-content\/uploads\/2024\/11\/Logo-bianco.png","contentUrl":"https:\/\/sendapp.cloud\/wp-content\/uploads\/2024\/11\/Logo-bianco.png","width":145,"height":48,"caption":"SendApp"},"image":{"@id":"https:\/\/sendapp.cloud\/en\/#\/schema\/logo\/image\/"}}]}},"_links":{"self":[{"href":"https:\/\/sendapp.cloud\/es\/wp-json\/wp\/v2\/pages\/32983","targetHints":{"allow":["GET"]}}],"collection":[{"href":"https:\/\/sendapp.cloud\/es\/wp-json\/wp\/v2\/pages"}],"about":[{"href":"https:\/\/sendapp.cloud\/es\/wp-json\/wp\/v2\/types\/page"}],"author":[{"embeddable":true,"href":"https:\/\/sendapp.cloud\/es\/wp-json\/wp\/v2\/users\/1"}],"replies":[{"embeddable":true,"href":"https:\/\/sendapp.cloud\/es\/wp-json\/wp\/v2\/comments?post=32983"}],"version-history":[{"count":2,"href":"https:\/\/sendapp.cloud\/es\/wp-json\/wp\/v2\/pages\/32983\/revisions"}],"predecessor-version":[{"id":33126,"href":"https:\/\/sendapp.cloud\/es\/wp-json\/wp\/v2\/pages\/32983\/revisions\/33126"}],"wp:attachment":[{"href":"https:\/\/sendapp.cloud\/es\/wp-json\/wp\/v2\/media?parent=32983"}],"curies":[{"name":"gracias","href":"https:\/\/api.w.org\/{rel}","templated":true}]}}