{"id":32278,"date":"2024-09-27T11:21:13","date_gmt":"2024-09-27T09:21:13","guid":{"rendered":"https:\/\/sendapp.live\/?page_id=32278"},"modified":"2025-01-20T15:58:20","modified_gmt":"2025-01-20T14:58:20","slug":"whatsapp-marketing-con-ghatgpt","status":"publish","type":"page","link":"https:\/\/sendapp.cloud\/es\/whatsapp-marketing-con-ghatgpt\/","title":{"rendered":"Marketing de WhatsApp con GhatGPT"},"content":{"rendered":"<div id=\"fws_69e2e2e309ca0\"  data-column-margin=\"default\" data-midnight=\"dark\"  class=\"wpb_row vc_row-fluid vc_row\"  style=\"padding-top: 0px; padding-bottom: 0px; \"><div class=\"row-bg-wrap\" data-bg-animation=\"none\" data-bg-animation-delay=\"\" data-bg-overlay=\"false\"><div class=\"inner-wrap row-bg-layer\" ><div class=\"row-bg viewport-desktop\"  style=\"\"><\/div><\/div><\/div><div class=\"row_col_wrap_12 col span_12 dark left\">\n\t<div  class=\"vc_col-sm-6 wpb_column column_container vc_column_container col no-extra-padding inherit_tablet inherit_phone\"  data-padding-pos=\"all\" data-has-bg-color=\"false\" data-bg-color=\"\" data-bg-opacity=\"1\" data-animation=\"\" data-delay=\"0\" >\n\t\t<div class=\"vc_column-inner\" >\n\t\t\t<div class=\"wpb_wrapper\">\n\t\t\t\t<div class=\"img-with-aniamtion-wrap\" data-max-width=\"100%\" data-max-width-mobile=\"default\" data-shadow=\"none\" data-animation=\"fade-in\" >\n      <div class=\"inner\">\n        <div class=\"hover-wrap\"> \n          <div class=\"hover-wrap-inner\">\n            <img loading=\"lazy\" decoding=\"async\" class=\"img-with-animation skip-lazy\" data-delay=\"0\" height=\"512\" width=\"512\" data-animation=\"fade-in\" src=\"https:\/\/sendapp.cloud\/wp-content\/uploads\/2025\/01\/call-center-technical-support-ChatGPT.jpg\" alt=\"\" srcset=\"https:\/\/sendapp.cloud\/wp-content\/uploads\/2025\/01\/call-center-technical-support-ChatGPT.jpg 512w, https:\/\/sendapp.cloud\/wp-content\/uploads\/2025\/01\/call-center-technical-support-ChatGPT-300x300.jpg 300w, https:\/\/sendapp.cloud\/wp-content\/uploads\/2025\/01\/call-center-technical-support-ChatGPT-150x150.jpg 150w, https:\/\/sendapp.cloud\/wp-content\/uploads\/2025\/01\/call-center-technical-support-ChatGPT-12x12.jpg 12w, https:\/\/sendapp.cloud\/wp-content\/uploads\/2025\/01\/call-center-technical-support-ChatGPT-140x140.jpg 140w, https:\/\/sendapp.cloud\/wp-content\/uploads\/2025\/01\/call-center-technical-support-ChatGPT-100x100.jpg 100w, https:\/\/sendapp.cloud\/wp-content\/uploads\/2025\/01\/call-center-technical-support-ChatGPT-500x500.jpg 500w, https:\/\/sendapp.cloud\/wp-content\/uploads\/2025\/01\/call-center-technical-support-ChatGPT-350x350.jpg 350w\" sizes=\"auto, (max-width: 512px) 100vw, 512px\" \/>\n          <\/div>\n        <\/div>\n      <\/div>\n    <\/div>\n\t\t\t<\/div> \n\t\t<\/div>\n\t<\/div> \n\n\t<div  class=\"vc_col-sm-6 wpb_column column_container vc_column_container col no-extra-padding inherit_tablet inherit_phone\"  data-padding-pos=\"all\" data-has-bg-color=\"false\" data-bg-color=\"\" data-bg-opacity=\"1\" data-animation=\"\" data-delay=\"0\" >\n\t\t<div class=\"vc_column-inner\" >\n\t\t\t<div class=\"wpb_wrapper\">\n\t\t\t\t\n<div class=\"wpb_text_column wpb_content_element\" >\n\t<div class=\"wpb_wrapper\">\n\t\t<h2 style=\"text-align: left;\"><span style=\"color: #008000;\">Con SendApp puedes capacitarte<br \/>\n<\/span><span style=\"color: #008000;\">tu WhatsApp <\/span><span style=\"color: #008000;\">inteligente<br \/>\ntener siempre disponible<br \/>\nun asistente capaz<br \/>\npara responder todas las preguntas<br \/>\nrelacionado con su negocio<\/span><\/h2>\n\t<\/div>\n<\/div>\n\n\n\n\n<div class=\"wpb_text_column wpb_content_element\" >\n\t<div class=\"wpb_wrapper\">\n\t\t<h3 style=\"text-align: left;\"><span style=\"color: #808080;\">Dise\u00f1ado para peque\u00f1as y medianas empresas,<\/span><br \/>\n<span style=\"color: #808080;\">Para revolucionar la comunicaci\u00f3n con el cliente.<\/span><\/h3>\n\t<\/div>\n<\/div>\n\n\n\n<a class=\"nectar-button jumbo regular accent-color  regular-button\"  role=\"button\" style=\"\" target=\"_blank\" href=\"https:\/\/sendapp.live\/product\/sendapp-free-trial\/\" data-color-override=\"false\" data-hover-color-override=\"false\" data-hover-text-color-override=\"#fff\"><span>Prueba gratuita<\/span><\/a>\n\t\t\t<\/div> \n\t\t<\/div>\n\t<\/div> \n<\/div><\/div>\n\t\t<div id=\"fws_69e2e2e30aeb7\"  data-column-margin=\"default\" data-midnight=\"dark\"  class=\"wpb_row vc_row-fluid vc_row\"  style=\"padding-top: 0px; padding-bottom: 0px; \"><div class=\"row-bg-wrap\" data-bg-animation=\"none\" data-bg-animation-delay=\"\" data-bg-overlay=\"false\"><div class=\"inner-wrap row-bg-layer\" ><div class=\"row-bg viewport-desktop\"  style=\"\"><\/div><\/div><\/div><div class=\"row_col_wrap_12 col span_12 dark left\">\n\t<div  class=\"vc_col-sm-12 wpb_column column_container vc_column_container col no-extra-padding inherit_tablet inherit_phone\"  data-padding-pos=\"all\" data-has-bg-color=\"false\" data-bg-color=\"\" data-bg-opacity=\"1\" data-animation=\"\" data-delay=\"0\" >\n\t\t<div class=\"vc_column-inner\" >\n\t\t\t<div class=\"wpb_wrapper\">\n\t\t\t\t\n<div class=\"wpb_text_column wpb_content_element\" >\n\t<div class=\"wpb_wrapper\">\n\t\t<p>Nos complace anunciar una noticia importante sobre <strong>Sendapp<\/strong>:la integraci\u00f3n de la\u2019<strong>inteligencia artificial (IA)<\/strong> Para que tu experiencia de comunicaci\u00f3n sea a\u00fan m\u00e1s eficiente y personalizada, con esta nueva funci\u00f3n, puedes entrenar a tu chatbot para que responda espec\u00edficamente a tus necesidades, utilizando diferentes fuentes como URL, texto, PDF y mapas de sitio XML. En este blog, te explicaremos las nuevas opciones de entrenamiento y c\u00f3mo usarlas al m\u00e1ximo.<\/p>\n<p>&nbsp;<\/p>\n<p><img loading=\"lazy\" decoding=\"async\" class=\"alignnone size-full wp-image-32283\" src=\"https:\/\/sendapp.live\/wp-content\/uploads\/2024\/09\/1-1.png\" alt=\"\" width=\"3455\" height=\"2158\" \/><\/p>\n<p>&nbsp;<\/p>\n<h3><strong>\u00bfC\u00f3mo funciona la Inteligencia Artificial en Sendapp?<\/strong><\/h3>\n<p>La integraci\u00f3n de IA en Sendapp te permite crear una experiencia de chatbot personalizada, lo que hace que la comunicaci\u00f3n con tus clientes sea m\u00e1s espec\u00edfica y precisa. Puedes entrenar a la IA para que responda preguntas utilizando diversas fuentes de datos. Aqu\u00ed te explicamos c\u00f3mo:<\/p>\n<p>&nbsp;<\/p>\n<p><img loading=\"lazy\" decoding=\"async\" class=\"alignnone size-full wp-image-32286\" src=\"https:\/\/sendapp.live\/wp-content\/uploads\/2024\/09\/2-6.png\" alt=\"\" width=\"3455\" height=\"2158\" \/><\/p>\n<p>&nbsp;<\/p>\n<p><img loading=\"lazy\" decoding=\"async\" class=\"alignnone size-full wp-image-32287\" src=\"https:\/\/sendapp.live\/wp-content\/uploads\/2024\/09\/3-2.png\" alt=\"\" width=\"3455\" height=\"2159\" \/><\/p>\n<p>&nbsp;<\/p>\n<p><img loading=\"lazy\" decoding=\"async\" class=\"alignnone size-full wp-image-32288\" src=\"https:\/\/sendapp.live\/wp-content\/uploads\/2024\/09\/4-4.png\" alt=\"\" width=\"3455\" height=\"2157\" \/><\/p>\n<p>&nbsp;<\/p>\n<ul>\n<li><strong>Capacitaci\u00f3n mediante URL, texto, PDF y mapa del sitio XML<\/strong>\n<ul>\n<li>Puedes insertar contenido directamente desde URL, documentos de texto, archivos PDF e incluso mapas de sitio XML para entrenar a tu chatbot. Esto te permite usar p\u00e1ginas espec\u00edficas o sitios web completos como base de conocimiento para la IA.<\/li>\n<\/ul>\n<\/li>\n<\/ul>\n<p>&nbsp;<\/p>\n<p><img loading=\"lazy\" decoding=\"async\" class=\"alignnone size-full wp-image-32289\" src=\"https:\/\/sendapp.live\/wp-content\/uploads\/2024\/09\/5-3.png\" alt=\"\" width=\"3455\" height=\"2156\" \/><\/p>\n<ul>\n<li><strong>Seleccione el tipo de entrenamiento<\/strong>\n<ul>\n<li>En la secci\u00f3n de configuraci\u00f3n, selecciona el tipo de entrenamiento que has configurado (URL, PDF, texto o mapa del sitio XML) y prep\u00e1rate para probar tu chatbot.<\/li>\n<\/ul>\n<\/li>\n<\/ul>\n<p>&nbsp;<\/p>\n<p><img loading=\"lazy\" decoding=\"async\" class=\"alignnone size-full wp-image-32290\" src=\"https:\/\/sendapp.live\/wp-content\/uploads\/2024\/09\/6-2.png\" alt=\"\" width=\"3455\" height=\"2157\" \/><\/p>\n<ul>\n<li><strong>Adquirir el token despu\u00e9s del entrenamiento<\/strong>\n<ul>\n<li>Despu\u00e9s de completar la capacitaci\u00f3n con los datos proporcionados (URL, PDF, texto o mapa del sitio XML), obtendr\u00e1 un <strong>Simb\u00f3lico<\/strong> Espec\u00edfico. Este token debe ingresarse en la esquina superior derecha de la interfaz, junto al campo Clave API.<\/li>\n<\/ul>\n<\/li>\n<\/ul>\n<p>&nbsp;<\/p>\n<p><img loading=\"lazy\" decoding=\"async\" class=\"alignnone size-full wp-image-32291\" src=\"https:\/\/sendapp.live\/wp-content\/uploads\/2024\/09\/7-3.png\" alt=\"\" width=\"3455\" height=\"2154\" \/><\/p>\n<p>&nbsp;<\/p>\n<ul>\n<li><strong>Obtener la clave API de la cuenta<\/strong>\n<ul>\n<li>Para activar la IA, necesitar\u00e1s obtener tu <strong>Clave API<\/strong> Desde tu cuenta de Sendapp. Debes ingresar esto en la interfaz, en la esquina superior derecha, para habilitar la funci\u00f3n de IA.<\/li>\n<\/ul>\n<\/li>\n<\/ul>\n<p>&nbsp;<\/p>\n<p><img loading=\"lazy\" decoding=\"async\" class=\"alignnone size-full wp-image-32292\" src=\"https:\/\/sendapp.live\/wp-content\/uploads\/2024\/09\/8-2.png\" alt=\"\" width=\"3455\" height=\"2157\" \/><\/p>\n<h4><strong>Pruebe su chatbot y modifique las respuestas<\/strong><\/h4>\n<p>Una vez completada la configuraci\u00f3n, puedes comenzar a hacerle preguntas a tu chatbot para probar las respuestas generadas por IA:<\/p>\n<ul>\n<li><strong>Haz la prueba en el chat<\/strong>\n<ul>\n<li>Intenta hacerle preguntas a tu chatbot, simulando las posibles solicitudes de tus clientes. Consulta las respuestas directamente en el chat.<\/li>\n<\/ul>\n<\/li>\n<\/ul>\n<p>&nbsp;<\/p>\n<p><img loading=\"lazy\" decoding=\"async\" class=\"alignnone size-full wp-image-32293\" src=\"https:\/\/sendapp.live\/wp-content\/uploads\/2024\/09\/9-4.png\" alt=\"\" width=\"3455\" height=\"2149\" \/><\/p>\n<p>&nbsp;<\/p>\n<p><strong><img loading=\"lazy\" decoding=\"async\" class=\"alignnone size-full wp-image-32294\" src=\"https:\/\/sendapp.live\/wp-content\/uploads\/2024\/09\/10-3.png\" alt=\"\" width=\"3455\" height=\"2155\" \/><\/strong><\/p>\n<ul>\n<li><strong>Editar respuestas en tiempo real<\/strong>\n<ul>\n<li>Si las respuestas no son exactamente lo que quieres, puedes editarlas f\u00e1cilmente. Haz clic en los tres puntos a la derecha de la respuesta del chatbot, edita el texto y gu\u00e1rdalo. La IA aprender\u00e1 el cambio inmediatamente.<\/li>\n<\/ul>\n<\/li>\n<\/ul>\n<p>&nbsp;<\/p>\n<p><img loading=\"lazy\" decoding=\"async\" class=\"alignnone size-full wp-image-32295\" src=\"https:\/\/sendapp.live\/wp-content\/uploads\/2024\/09\/11-5.png\" alt=\"\" width=\"3455\" height=\"2156\" \/><\/p>\n<p>&nbsp;<\/p>\n<p><strong><img loading=\"lazy\" decoding=\"async\" class=\"alignnone size-full wp-image-32297\" src=\"https:\/\/sendapp.live\/wp-content\/uploads\/2024\/09\/13-3.png\" alt=\"\" width=\"3455\" height=\"2156\" \/><\/strong><\/p>\n<ul>\n<li><strong>IA que aprende de los cambios<\/strong>\n<ul>\n<li>Una vez que modifica una respuesta, la IA tendr\u00e1 en cuenta el cambio y responder\u00e1 en el futuro con la nueva informaci\u00f3n que ha aprendido, mejorando continuamente su precisi\u00f3n.<\/li>\n<\/ul>\n<\/li>\n<\/ul>\n<h3><strong><img loading=\"lazy\" decoding=\"async\" class=\"alignnone size-full wp-image-32298\" src=\"https:\/\/sendapp.live\/wp-content\/uploads\/2024\/09\/14-3.png\" alt=\"\" width=\"3455\" height=\"2153\" \/><\/strong><\/h3>\n<h3><\/h3>\n<h3><strong>\u00bfPor qu\u00e9 utilizar Sendapp AI?<\/strong><\/h3>\n<p>La inteligencia artificial de Sendapp est\u00e1 dise\u00f1ada para que las interacciones con tus clientes sean m\u00e1s fluidas y precisas. Aqu\u00ed tienes algunas ventajas clave:<\/p>\n<ul>\n<li><strong>Automatizaci\u00f3n personalizada:<\/strong> Entrena tu chatbot para que refleje perfectamente tu negocio.<\/li>\n<li><strong>Respuestas en evoluci\u00f3n:<\/strong> Gracias a su capacidad de aprendizaje, el chatbot mejora continuamente, adapt\u00e1ndose a tus necesidades.<\/li>\n<li><strong>Facilidad de configuraci\u00f3n:<\/strong> Con solo unos pocos clics, puede utilizar el contenido existente como base de conocimiento para su asistente virtual.<\/li>\n<\/ul>\n<h3><strong>Conclusi\u00f3n<\/strong><\/h3>\n<p>La introducci\u00f3n de la inteligencia artificial en Sendapp representa un gran avance para quienes desean automatizar la comunicaci\u00f3n de forma inteligente y din\u00e1mica. Pruebe hoy mismo la nueva funci\u00f3n de IA de Sendapp y descubra c\u00f3mo puede transformar la gesti\u00f3n de la respuesta a sus clientes, haci\u00e9ndola m\u00e1s eficaz que nunca.<\/p>\n<p><strong>Estamos deseando ver c\u00f3mo esta nueva funci\u00f3n cambiar\u00e1 tu forma de trabajar. \u00a1Pru\u00e9bala ya y cu\u00e9ntanos qu\u00e9 te parece en los comentarios!<\/strong><\/p>\n\t<\/div>\n<\/div>\n\n\n\n\n\t\t\t<\/div> \n\t\t<\/div>\n\t<\/div> \n<\/div><\/div>","protected":false},"excerpt":{"rendered":"Con SendApp, puedes configurar tu WhatsApp inteligente para que siempre tenga un asistente disponible para responder a todas tus preguntas empresariales. Dise\u00f1ado para peque\u00f1as empresas...","protected":false},"author":1,"featured_media":32280,"parent":0,"menu_order":0,"comment_status":"closed","ping_status":"closed","template":"","meta":{"footnotes":""},"class_list":["post-32278","page","type-page","status-publish","has-post-thumbnail"],"yoast_head":"<!-- This site is optimized with the Yoast SEO plugin v26.8 - https:\/\/yoast.com\/product\/yoast-seo-wordpress\/ -->\n<title>Whatsapp Marketing con l&#039;AI<\/title>\n<meta name=\"description\" content=\"Siamo entusiasti di annunciare un&#039;importante novit\u00e0 su Sendapp: l&#039;integrazione dell&#039;intelligenza artificiale (AI)...\" \/>\n<meta name=\"robots\" content=\"index, follow, max-snippet:-1, max-image-preview:large, max-video-preview:-1\" \/>\n<link rel=\"canonical\" href=\"https:\/\/sendapp.cloud\/es\/whatsapp-marketing-con-ghatgpt\/\" \/>\n<meta property=\"og:locale\" content=\"es_ES\" \/>\n<meta property=\"og:type\" content=\"article\" \/>\n<meta property=\"og:title\" content=\"Whatsapp Marketing con l&#039;AI\" \/>\n<meta property=\"og:description\" content=\"Siamo entusiasti di annunciare un&#039;importante novit\u00e0 su Sendapp: l&#039;integrazione dell&#039;intelligenza artificiale (AI)...\" \/>\n<meta property=\"og:url\" content=\"https:\/\/sendapp.cloud\/es\/whatsapp-marketing-con-ghatgpt\/\" \/>\n<meta property=\"og:site_name\" content=\"SendApp\" \/>\n<meta property=\"article:modified_time\" content=\"2025-01-20T14:58:20+00:00\" \/>\n<meta name=\"twitter:card\" content=\"summary_large_image\" \/>\n<meta name=\"twitter:label1\" content=\"Tiempo de lectura\" \/>\n\t<meta name=\"twitter:data1\" content=\"6 minutos\" \/>\n<script type=\"application\/ld+json\" class=\"yoast-schema-graph\">{\"@context\":\"https:\/\/schema.org\",\"@graph\":[{\"@type\":\"WebPage\",\"@id\":\"https:\/\/sendapp.cloud\/whatsapp-marketing-con-ghatgpt\/\",\"url\":\"https:\/\/sendapp.cloud\/whatsapp-marketing-con-ghatgpt\/\",\"name\":\"Whatsapp Marketing con l'AI\",\"isPartOf\":{\"@id\":\"https:\/\/sendapp.cloud\/en\/#website\"},\"primaryImageOfPage\":{\"@id\":\"https:\/\/sendapp.cloud\/whatsapp-marketing-con-ghatgpt\/#primaryimage\"},\"image\":{\"@id\":\"https:\/\/sendapp.cloud\/whatsapp-marketing-con-ghatgpt\/#primaryimage\"},\"thumbnailUrl\":\"\",\"datePublished\":\"2024-09-27T09:21:13+00:00\",\"dateModified\":\"2025-01-20T14:58:20+00:00\",\"description\":\"Siamo entusiasti di annunciare un'importante novit\u00e0 su Sendapp: l'integrazione dell'intelligenza artificiale (AI)...\",\"breadcrumb\":{\"@id\":\"https:\/\/sendapp.cloud\/whatsapp-marketing-con-ghatgpt\/#breadcrumb\"},\"inLanguage\":\"es\",\"potentialAction\":[{\"@type\":\"ReadAction\",\"target\":[\"https:\/\/sendapp.cloud\/whatsapp-marketing-con-ghatgpt\/\"]}]},{\"@type\":\"ImageObject\",\"inLanguage\":\"es\",\"@id\":\"https:\/\/sendapp.cloud\/whatsapp-marketing-con-ghatgpt\/#primaryimage\",\"url\":\"\",\"contentUrl\":\"\"},{\"@type\":\"BreadcrumbList\",\"@id\":\"https:\/\/sendapp.cloud\/whatsapp-marketing-con-ghatgpt\/#breadcrumb\",\"itemListElement\":[{\"@type\":\"ListItem\",\"position\":1,\"name\":\"Home\",\"item\":\"https:\/\/sendapp.cloud\/\"},{\"@type\":\"ListItem\",\"position\":2,\"name\":\"Whatsapp Marketing con GhatGPT\"}]},{\"@type\":\"WebSite\",\"@id\":\"https:\/\/sendapp.cloud\/en\/#website\",\"url\":\"https:\/\/sendapp.cloud\/en\/\",\"name\":\"SendApp\",\"description\":\"Software Whatsapp Marketing\",\"publisher\":{\"@id\":\"https:\/\/sendapp.cloud\/en\/#organization\"},\"potentialAction\":[{\"@type\":\"SearchAction\",\"target\":{\"@type\":\"EntryPoint\",\"urlTemplate\":\"https:\/\/sendapp.cloud\/en\/?s={search_term_string}\"},\"query-input\":{\"@type\":\"PropertyValueSpecification\",\"valueRequired\":true,\"valueName\":\"search_term_string\"}}],\"inLanguage\":\"es\"},{\"@type\":\"Organization\",\"@id\":\"https:\/\/sendapp.cloud\/en\/#organization\",\"name\":\"SendApp\",\"url\":\"https:\/\/sendapp.cloud\/en\/\",\"logo\":{\"@type\":\"ImageObject\",\"inLanguage\":\"es\",\"@id\":\"https:\/\/sendapp.cloud\/en\/#\/schema\/logo\/image\/\",\"url\":\"https:\/\/sendapp.cloud\/wp-content\/uploads\/2024\/11\/Logo-bianco.png\",\"contentUrl\":\"https:\/\/sendapp.cloud\/wp-content\/uploads\/2024\/11\/Logo-bianco.png\",\"width\":145,\"height\":48,\"caption\":\"SendApp\"},\"image\":{\"@id\":\"https:\/\/sendapp.cloud\/en\/#\/schema\/logo\/image\/\"}}]}<\/script>\n<!-- \/ Yoast SEO plugin. -->","yoast_head_json":{"title":"Marketing de WhatsApp con IA","description":"Nos complace anunciar una nueva caracter\u00edstica importante en Sendapp: la integraci\u00f3n de inteligencia artificial (IA)...","robots":{"index":"index","follow":"follow","max-snippet":"max-snippet:-1","max-image-preview":"max-image-preview:large","max-video-preview":"max-video-preview:-1"},"canonical":"https:\/\/sendapp.cloud\/es\/whatsapp-marketing-con-ghatgpt\/","og_locale":"es_ES","og_type":"article","og_title":"Whatsapp Marketing con l'AI","og_description":"Siamo entusiasti di annunciare un'importante novit\u00e0 su Sendapp: l'integrazione dell'intelligenza artificiale (AI)...","og_url":"https:\/\/sendapp.cloud\/es\/whatsapp-marketing-con-ghatgpt\/","og_site_name":"SendApp","article_modified_time":"2025-01-20T14:58:20+00:00","twitter_card":"summary_large_image","twitter_misc":{"Tiempo de lectura":"6 minutos"},"schema":{"@context":"https:\/\/schema.org","@graph":[{"@type":"WebPage","@id":"https:\/\/sendapp.cloud\/whatsapp-marketing-con-ghatgpt\/","url":"https:\/\/sendapp.cloud\/whatsapp-marketing-con-ghatgpt\/","name":"Marketing de WhatsApp con IA","isPartOf":{"@id":"https:\/\/sendapp.cloud\/en\/#website"},"primaryImageOfPage":{"@id":"https:\/\/sendapp.cloud\/whatsapp-marketing-con-ghatgpt\/#primaryimage"},"image":{"@id":"https:\/\/sendapp.cloud\/whatsapp-marketing-con-ghatgpt\/#primaryimage"},"thumbnailUrl":"","datePublished":"2024-09-27T09:21:13+00:00","dateModified":"2025-01-20T14:58:20+00:00","description":"Nos complace anunciar una nueva caracter\u00edstica importante en Sendapp: la integraci\u00f3n de inteligencia artificial (IA)...","breadcrumb":{"@id":"https:\/\/sendapp.cloud\/whatsapp-marketing-con-ghatgpt\/#breadcrumb"},"inLanguage":"es","potentialAction":[{"@type":"ReadAction","target":["https:\/\/sendapp.cloud\/whatsapp-marketing-con-ghatgpt\/"]}]},{"@type":"ImageObject","inLanguage":"es","@id":"https:\/\/sendapp.cloud\/whatsapp-marketing-con-ghatgpt\/#primaryimage","url":"","contentUrl":""},{"@type":"BreadcrumbList","@id":"https:\/\/sendapp.cloud\/whatsapp-marketing-con-ghatgpt\/#breadcrumb","itemListElement":[{"@type":"ListItem","position":1,"name":"Home","item":"https:\/\/sendapp.cloud\/"},{"@type":"ListItem","position":2,"name":"Whatsapp Marketing con GhatGPT"}]},{"@type":"WebSite","@id":"https:\/\/sendapp.cloud\/en\/#website","url":"https:\/\/sendapp.cloud\/en\/","name":"SendApp","description":"Software de marketing de WhatsApp","publisher":{"@id":"https:\/\/sendapp.cloud\/en\/#organization"},"potentialAction":[{"@type":"SearchAction","target":{"@type":"EntryPoint","urlTemplate":"https:\/\/sendapp.cloud\/en\/?s={search_term_string}"},"query-input":{"@type":"PropertyValueSpecification","valueRequired":true,"valueName":"search_term_string"}}],"inLanguage":"es"},{"@type":"Organization","@id":"https:\/\/sendapp.cloud\/en\/#organization","name":"SendApp","url":"https:\/\/sendapp.cloud\/en\/","logo":{"@type":"ImageObject","inLanguage":"es","@id":"https:\/\/sendapp.cloud\/en\/#\/schema\/logo\/image\/","url":"https:\/\/sendapp.cloud\/wp-content\/uploads\/2024\/11\/Logo-bianco.png","contentUrl":"https:\/\/sendapp.cloud\/wp-content\/uploads\/2024\/11\/Logo-bianco.png","width":145,"height":48,"caption":"SendApp"},"image":{"@id":"https:\/\/sendapp.cloud\/en\/#\/schema\/logo\/image\/"}}]}},"_links":{"self":[{"href":"https:\/\/sendapp.cloud\/es\/wp-json\/wp\/v2\/pages\/32278","targetHints":{"allow":["GET"]}}],"collection":[{"href":"https:\/\/sendapp.cloud\/es\/wp-json\/wp\/v2\/pages"}],"about":[{"href":"https:\/\/sendapp.cloud\/es\/wp-json\/wp\/v2\/types\/page"}],"author":[{"embeddable":true,"href":"https:\/\/sendapp.cloud\/es\/wp-json\/wp\/v2\/users\/1"}],"replies":[{"embeddable":true,"href":"https:\/\/sendapp.cloud\/es\/wp-json\/wp\/v2\/comments?post=32278"}],"version-history":[{"count":2,"href":"https:\/\/sendapp.cloud\/es\/wp-json\/wp\/v2\/pages\/32278\/revisions"}],"predecessor-version":[{"id":33123,"href":"https:\/\/sendapp.cloud\/es\/wp-json\/wp\/v2\/pages\/32278\/revisions\/33123"}],"wp:featuredmedia":[{"embeddable":true,"href":"https:\/\/sendapp.cloud\/es\/wp-json\/"}],"wp:attachment":[{"href":"https:\/\/sendapp.cloud\/es\/wp-json\/wp\/v2\/media?parent=32278"}],"curies":[{"name":"gracias","href":"https:\/\/api.w.org\/{rel}","templated":true}]}}