{"id":32237,"date":"2024-09-23T10:23:39","date_gmt":"2024-09-23T08:23:39","guid":{"rendered":"https:\/\/sendapp.live\/?page_id=32237"},"modified":"2024-09-23T10:23:39","modified_gmt":"2024-09-23T08:23:39","slug":"automatizzare-whatsapp-con-pabbly","status":"publish","type":"page","link":"https:\/\/sendapp.cloud\/es\/automatizzare-whatsapp-con-pabbly\/","title":{"rendered":"Automatizzare Whatsapp con Pabbly"},"content":{"rendered":"<p>&nbsp;<\/p>\n<h2><strong>Introducci\u00f3n<\/strong><\/h2>\n<p>Automatiza tu comunicaci\u00f3n a trav\u00e9s de <strong>WhatsApp<\/strong> usando <strong>Sendapp<\/strong> Y <strong>Hojas de c\u00e1lculo de Google<\/strong> Es posible gracias a <strong>Pabbly<\/strong>, una herramienta de automatizaci\u00f3n que optimiza los flujos de trabajo entre diferentes aplicaciones. En esta gu\u00eda, te mostraremos c\u00f3mo integrar Sendapp con Hojas de C\u00e1lculo de Google usando Pabbly para enviar autom\u00e1ticamente mensajes de WhatsApp al a\u00f1adir nuevos datos a la hoja de c\u00e1lculo.<\/p>\n<h3><strong>Paso 1: Lo que necesitas<\/strong><\/h3>\n<p>Antes de comenzar, aseg\u00farese de tener:<\/p>\n<ul>\n<li>Una cuenta <strong>Nube de Sendapp<\/strong> activo.<\/li>\n<\/ul>\n<p>&nbsp;<\/p>\n<p><img loading=\"lazy\" decoding=\"async\" class=\"alignnone size-full wp-image-32216\" src=\"https:\/\/sendapp.live\/wp-content\/uploads\/2024\/09\/1-copia-1.png\" alt=\"\" width=\"3454\" height=\"1893\" \/><\/p>\n<p>&nbsp;<\/p>\n<ul>\n<li>Una cuenta <strong>Pabbly<\/strong> (puedes registrarte en <a href=\"https:\/\/www.pabbly.com\/\" target=\"_new\" rel=\"noopener\">Pabbly<\/a>).<\/li>\n<\/ul>\n<p>&nbsp;<\/p>\n<p>&nbsp;<\/p>\n<p><img loading=\"lazy\" decoding=\"async\" class=\"alignnone size-full wp-image-32217\" src=\"https:\/\/sendapp.live\/wp-content\/uploads\/2024\/09\/2-3.png\" alt=\"\" width=\"3451\" height=\"1914\" \/><\/p>\n<p>&nbsp;<\/p>\n<ul>\n<li>Acceso a <strong>Hojas de c\u00e1lculo de Google<\/strong> con el complemento de integraci\u00f3n de Pabbly instalado.<\/li>\n<\/ul>\n<p>&nbsp;<\/p>\n<h3><strong><img loading=\"lazy\" decoding=\"async\" class=\"alignnone size-full wp-image-32218\" src=\"https:\/\/sendapp.live\/wp-content\/uploads\/2024\/09\/3-copia.png\" alt=\"\" width=\"3453\" height=\"1914\" \/><\/strong><\/h3>\n<h3><\/h3>\n<h3><strong>Paso 2: Instalar la integraci\u00f3n de Pabbly en Hojas de c\u00e1lculo de Google<\/strong><\/h3>\n<ul>\n<li>Abierto <strong>Hojas de c\u00e1lculo de Google<\/strong> y subir <strong>Extensiones &gt; Complementos<\/strong>.<\/li>\n<\/ul>\n<p>&nbsp;<\/p>\n<p><img loading=\"lazy\" decoding=\"async\" class=\"alignnone size-full wp-image-32219\" src=\"https:\/\/sendapp.live\/wp-content\/uploads\/2024\/09\/10-2.png\" alt=\"\" width=\"3449\" height=\"1914\" \/><\/p>\n<p>&nbsp;<\/p>\n<ul>\n<li>Busque e instale el complemento <strong>Pabbly Connect<\/strong>.<\/li>\n<\/ul>\n<p>&nbsp;<\/p>\n<p><img loading=\"lazy\" decoding=\"async\" class=\"alignnone size-full wp-image-32220\" src=\"https:\/\/sendapp.live\/wp-content\/uploads\/2024\/09\/9-3.png\" alt=\"\" width=\"3446\" height=\"1912\" \/><\/p>\n<p>&nbsp;<\/p>\n<ul>\n<li>Copie el Webhook que le proporcionar\u00e1 Pabbly y seleccione la columna Trigger<\/li>\n<\/ul>\n<h3><strong><img loading=\"lazy\" decoding=\"async\" class=\"alignnone size-full wp-image-32221\" src=\"https:\/\/sendapp.live\/wp-content\/uploads\/2024\/09\/11-3.png\" alt=\"\" width=\"3451\" height=\"1913\" \/><\/strong><\/h3>\n<h3><\/h3>\n<h3><strong>Paso 3: Crear una cuenta de Pabbly y configurar el flujo de trabajo<\/strong><\/h3>\n<ul>\n<li>Inicie sesi\u00f3n o reg\u00edstrese para obtener su cuenta <strong>Pabbly<\/strong> en <a href=\"https:\/\/www.pabbly.com\/\" target=\"_new\" rel=\"noopener\">pabbly.com<\/a>.<\/li>\n<\/ul>\n<p>&nbsp;<\/p>\n<p><img loading=\"lazy\" decoding=\"async\" class=\"alignnone size-full wp-image-32223\" src=\"https:\/\/sendapp.live\/wp-content\/uploads\/2024\/09\/4-3.png\" alt=\"\" width=\"3449\" height=\"1908\" \/><\/p>\n<p>&nbsp;<\/p>\n<ul>\n<li>Hacer clic en <strong>Crear flujo de trabajo<\/strong> para crear un nuevo flujo de trabajo.<\/li>\n<\/ul>\n<p>&nbsp;<\/p>\n<p>&nbsp;<\/p>\n<p><img loading=\"lazy\" decoding=\"async\" class=\"alignnone size-full wp-image-32224\" src=\"https:\/\/sendapp.live\/wp-content\/uploads\/2024\/09\/5-2.png\" alt=\"\" width=\"3449\" height=\"1806\" \/><\/p>\n<p>&nbsp;<\/p>\n<ul>\n<li>Dale un nombre a tu flujo de trabajo, por ejemplo <strong>\u201cAutomatizaci\u00f3n de Sendapp a Hojas de C\u00e1lculo de Google\u201d<\/strong>.<\/li>\n<\/ul>\n<h3><strong>Paso 4: Configurar el disparador en Pabbly<\/strong><\/h3>\n<ul>\n<li>En el flujo de trabajo reci\u00e9n creado, seleccione <strong>Hojas de c\u00e1lculo de Google<\/strong> como la aplicaci\u00f3n Trigger.<\/li>\n<\/ul>\n<p>&nbsp;<\/p>\n<p>&nbsp;<\/p>\n<p><img loading=\"lazy\" decoding=\"async\" class=\"alignnone size-full wp-image-32225\" src=\"https:\/\/sendapp.live\/wp-content\/uploads\/2024\/09\/6-1.png\" alt=\"\" width=\"3448\" height=\"1798\" \/><\/p>\n<p>&nbsp;<\/p>\n<ul>\n<li>Elige el disparador <strong>\u201cNueva fila de la hoja de c\u00e1lculo\u201d<\/strong>, que se activar\u00e1 cuando se agregue una nueva fila a su hoja de c\u00e1lculo de Google.<\/li>\n<\/ul>\n<p>&nbsp;<\/p>\n<p><img loading=\"lazy\" decoding=\"async\" class=\"alignnone size-full wp-image-32226\" src=\"https:\/\/sendapp.live\/wp-content\/uploads\/2024\/09\/7-2.png\" alt=\"\" width=\"3449\" height=\"1800\" \/><\/p>\n<p>&nbsp;<\/p>\n<ul>\n<li>Pabbly le proporcionar\u00e1 una <strong>URL del webhook<\/strong>. Copia esta URL en la extensi\u00f3n que descargaste en Hojas de c\u00e1lculo de Google.<\/li>\n<\/ul>\n<p>&nbsp;<\/p>\n<h3><strong>Paso 5: Agregar el webhook a la hoja de c\u00e1lculo de Google<\/strong><\/h3>\n<ul>\n<li>Volver arriba <strong>Hojas de c\u00e1lculo de Google<\/strong>, subir <strong>Extensiones &gt; Pabbly Connect<\/strong>.<\/li>\n<li>Pegar el <strong>URL del webhook<\/strong> proporcionado por Pabbly en la configuraci\u00f3n de Google Sheet.<\/li>\n<li>Guarde y cierre la configuraci\u00f3n. Cada nueva fila insertada en la hoja enviar\u00e1 datos al webhook de Pabbly.<\/li>\n<\/ul>\n<h3><strong><img loading=\"lazy\" decoding=\"async\" class=\"alignnone size-full wp-image-32227\" src=\"https:\/\/sendapp.live\/wp-content\/uploads\/2024\/09\/11-4.png\" alt=\"\" width=\"3451\" height=\"1913\" \/><\/strong><\/h3>\n<h3><\/h3>\n<h3><strong>Paso 6: Realizar la prueba de env\u00edo<\/strong><\/h3>\n<ul>\n<li>Agrega una nueva fila en la hoja de c\u00e1lculo de Google con los datos que deseas enviar a trav\u00e9s de Sendapp (por ejemplo, n\u00famero de tel\u00e9fono, mensaje, etc.).<\/li>\n<li>Vaya a Pabbly y haga clic en <strong>Prueba de webhook<\/strong> para garantizar que los datos se reciban correctamente.<\/li>\n<\/ul>\n<h3><strong>Paso 7: Agregar Sendapp como una acci\u00f3n en el flujo de trabajo<\/strong><\/h3>\n<ul>\n<li>Despu\u00e9s de configurar el disparador, haga clic en Agregar acci\u00f3n y seleccione Sendapp como Acci\u00f3n <strong>Aplicaci\u00f3n.<\/strong><\/li>\n<\/ul>\n<p>&nbsp;<\/p>\n<p><strong><img loading=\"lazy\" decoding=\"async\" class=\"alignnone size-full wp-image-32229\" src=\"https:\/\/sendapp.live\/wp-content\/uploads\/2024\/09\/12-3.png\" alt=\"\" width=\"3447\" height=\"1912\" \/><\/strong><\/p>\n<p>&nbsp;<\/p>\n<ul>\n<li><strong>Conecte su cuenta de Sendapp ingresando el token de acceso y el ID de instancia, que p<\/strong>Puedes obtenerlo desde tu perfil de Sendapp escaneando el <strong>C\u00f3digo QR<\/strong> con la aplicaci\u00f3n WhatsApp.<\/li>\n<\/ul>\n<h3><strong><img loading=\"lazy\" decoding=\"async\" class=\"alignnone size-full wp-image-32230\" src=\"https:\/\/sendapp.live\/wp-content\/uploads\/2024\/09\/13-2.png\" alt=\"\" width=\"3449\" height=\"1921\" \/><\/strong><\/h3>\n<h3><\/h3>\n<h3><strong><img loading=\"lazy\" decoding=\"async\" class=\"alignnone size-full wp-image-32231\" src=\"https:\/\/sendapp.live\/wp-content\/uploads\/2024\/09\/14-2.png\" alt=\"\" width=\"3449\" height=\"1919\" \/><\/strong><\/h3>\n<h3><\/h3>\n<p><img loading=\"lazy\" decoding=\"async\" class=\"alignnone size-full wp-image-32232\" src=\"https:\/\/sendapp.live\/wp-content\/uploads\/2024\/09\/15-3.png\" alt=\"\" width=\"3453\" height=\"1917\" \/><\/p>\n<h3><strong>Paso 8: Configurar los detalles de la acci\u00f3n de Sendapp<\/strong><\/h3>\n<ul>\n<li>En el campo N\u00famero de tel\u00e9fono, seleccione el n\u00famero de tel\u00e9fono de la hoja de c\u00e1lculo de Google.<\/li>\n<li>Establezca el tipo de mensaje en Texto.<\/li>\n<li>Estructura tu mensaje personalizado utilizando los campos de la hoja de c\u00e1lculo.<strong>el <\/strong>Google, como el nombre y otra informaci\u00f3n espec\u00edfica.<\/li>\n<li>Hacer clic en <strong>Guardar y enviar solicitud de prueba<\/strong> para probar el env\u00edo del mensaje.<\/li>\n<\/ul>\n<p>&nbsp;<\/p>\n<h3><strong><img loading=\"lazy\" decoding=\"async\" class=\"alignnone size-full wp-image-32233\" src=\"https:\/\/sendapp.live\/wp-content\/uploads\/2024\/09\/16-1.png\" alt=\"\" width=\"3447\" height=\"1919\" \/><\/strong><\/h3>\n<h3><\/h3>\n<h3><strong>Paso 9: Activar el flujo de trabajo<\/strong><\/h3>\n<ol>\n<li><strong>Si la prueba es exitosa, haga clic en Guardar y luego en Habilitar flujo de trabajo.<\/strong><\/li>\n<li><strong>A partir de ahora, cada vez que agregue una nueva fila en su hoja de Go<\/strong>Ogle, Sendapp enviar\u00e1 autom\u00e1ticamente un mensaje de WhatsApp al destinatario.<\/li>\n<\/ol>\n<p>&nbsp;<\/p>\n<p><img loading=\"lazy\" decoding=\"async\" class=\"alignnone size-full wp-image-32234\" src=\"https:\/\/sendapp.live\/wp-content\/uploads\/2024\/09\/17-1.png\" alt=\"\" width=\"3448\" height=\"1796\" \/><\/p>\n<h3><strong>Conclusi\u00f3n<\/strong><\/h3>\n<p>Conectar <strong>Sendapp<\/strong> a <strong>Hojas de c\u00e1lculo de Google<\/strong> a trav\u00e9s de <strong>Pabbly<\/strong> Te permite automatizar tus comunicaciones de WhatsApp sin esfuerzo. Este flujo de trabajo es perfecto para gestionar eficientemente tu lista de contactos y enviar mensajes personalizados f\u00e1cilmente. \u00a1Sigue estos sencillos pasos para empezar y descubre lo \u00fatil que puede ser esta automatizaci\u00f3n para tu negocio!<\/p>","protected":false},"excerpt":{"rendered":"<p>&nbsp; Introduzione Automatizzare la tua comunicazione tramite WhatsApp utilizzando Sendapp e Google Sheets \u00e8 possibile grazie a Pabbly, uno strumento di automazione che semplifica i flussi di lavoro tra diverse&#8230;<\/p>","protected":false},"author":1,"featured_media":32235,"parent":0,"menu_order":0,"comment_status":"closed","ping_status":"closed","template":"","meta":{"footnotes":""},"class_list":["post-32237","page","type-page","status-publish","has-post-thumbnail"],"yoast_head":"<!-- This site is optimized with the Yoast SEO plugin v26.8 - https:\/\/yoast.com\/product\/yoast-seo-wordpress\/ -->\n<title>Automatizzare Whatsapp con Pabbly<\/title>\n<meta name=\"description\" content=\"Automatizzare la tua comunicazione tramite WhatsApp utilizzando Sendapp e Google Sheets \u00e8 possibile grazie a Pabbly, uno strumento...\" \/>\n<meta name=\"robots\" content=\"index, follow, max-snippet:-1, max-image-preview:large, max-video-preview:-1\" \/>\n<link rel=\"canonical\" href=\"https:\/\/sendapp.cloud\/es\/automatizzare-whatsapp-con-pabbly\/\" \/>\n<meta property=\"og:locale\" content=\"es_ES\" \/>\n<meta property=\"og:type\" content=\"article\" \/>\n<meta property=\"og:title\" content=\"Automatizzare Whatsapp con Pabbly\" \/>\n<meta property=\"og:description\" content=\"Automatizzare la tua comunicazione tramite WhatsApp utilizzando Sendapp e Google Sheets \u00e8 possibile grazie a Pabbly, uno strumento...\" \/>\n<meta property=\"og:url\" content=\"https:\/\/sendapp.cloud\/es\/automatizzare-whatsapp-con-pabbly\/\" \/>\n<meta property=\"og:site_name\" content=\"SendApp\" \/>\n<meta name=\"twitter:card\" content=\"summary_large_image\" \/>\n<meta name=\"twitter:label1\" content=\"Tiempo de lectura\" \/>\n\t<meta name=\"twitter:data1\" content=\"1 minuto\" \/>\n<script type=\"application\/ld+json\" class=\"yoast-schema-graph\">{\"@context\":\"https:\/\/schema.org\",\"@graph\":[{\"@type\":\"WebPage\",\"@id\":\"https:\/\/sendapp.cloud\/automatizzare-whatsapp-con-pabbly\/\",\"url\":\"https:\/\/sendapp.cloud\/automatizzare-whatsapp-con-pabbly\/\",\"name\":\"Automatizzare Whatsapp con Pabbly\",\"isPartOf\":{\"@id\":\"https:\/\/sendapp.cloud\/en\/#website\"},\"primaryImageOfPage\":{\"@id\":\"https:\/\/sendapp.cloud\/automatizzare-whatsapp-con-pabbly\/#primaryimage\"},\"image\":{\"@id\":\"https:\/\/sendapp.cloud\/automatizzare-whatsapp-con-pabbly\/#primaryimage\"},\"thumbnailUrl\":\"\",\"datePublished\":\"2024-09-23T08:23:39+00:00\",\"description\":\"Automatizzare la tua comunicazione tramite WhatsApp utilizzando Sendapp e Google Sheets \u00e8 possibile grazie a Pabbly, uno strumento...\",\"breadcrumb\":{\"@id\":\"https:\/\/sendapp.cloud\/automatizzare-whatsapp-con-pabbly\/#breadcrumb\"},\"inLanguage\":\"es\",\"potentialAction\":[{\"@type\":\"ReadAction\",\"target\":[\"https:\/\/sendapp.cloud\/automatizzare-whatsapp-con-pabbly\/\"]}]},{\"@type\":\"ImageObject\",\"inLanguage\":\"es\",\"@id\":\"https:\/\/sendapp.cloud\/automatizzare-whatsapp-con-pabbly\/#primaryimage\",\"url\":\"\",\"contentUrl\":\"\"},{\"@type\":\"BreadcrumbList\",\"@id\":\"https:\/\/sendapp.cloud\/automatizzare-whatsapp-con-pabbly\/#breadcrumb\",\"itemListElement\":[{\"@type\":\"ListItem\",\"position\":1,\"name\":\"Home\",\"item\":\"https:\/\/sendapp.cloud\/\"},{\"@type\":\"ListItem\",\"position\":2,\"name\":\"Automatizzare Whatsapp con Pabbly\"}]},{\"@type\":\"WebSite\",\"@id\":\"https:\/\/sendapp.cloud\/en\/#website\",\"url\":\"https:\/\/sendapp.cloud\/en\/\",\"name\":\"SendApp\",\"description\":\"Software Whatsapp Marketing\",\"publisher\":{\"@id\":\"https:\/\/sendapp.cloud\/en\/#organization\"},\"potentialAction\":[{\"@type\":\"SearchAction\",\"target\":{\"@type\":\"EntryPoint\",\"urlTemplate\":\"https:\/\/sendapp.cloud\/en\/?s={search_term_string}\"},\"query-input\":{\"@type\":\"PropertyValueSpecification\",\"valueRequired\":true,\"valueName\":\"search_term_string\"}}],\"inLanguage\":\"es\"},{\"@type\":\"Organization\",\"@id\":\"https:\/\/sendapp.cloud\/en\/#organization\",\"name\":\"SendApp\",\"url\":\"https:\/\/sendapp.cloud\/en\/\",\"logo\":{\"@type\":\"ImageObject\",\"inLanguage\":\"es\",\"@id\":\"https:\/\/sendapp.cloud\/en\/#\/schema\/logo\/image\/\",\"url\":\"https:\/\/sendapp.cloud\/wp-content\/uploads\/2024\/11\/Logo-bianco.png\",\"contentUrl\":\"https:\/\/sendapp.cloud\/wp-content\/uploads\/2024\/11\/Logo-bianco.png\",\"width\":145,\"height\":48,\"caption\":\"SendApp\"},\"image\":{\"@id\":\"https:\/\/sendapp.cloud\/en\/#\/schema\/logo\/image\/\"}}]}<\/script>\n<!-- \/ Yoast SEO plugin. -->","yoast_head_json":{"title":"Automatizzare Whatsapp con Pabbly","description":"Automatizzare la tua comunicazione tramite WhatsApp utilizzando Sendapp e Google Sheets \u00e8 possibile grazie a Pabbly, uno strumento...","robots":{"index":"index","follow":"follow","max-snippet":"max-snippet:-1","max-image-preview":"max-image-preview:large","max-video-preview":"max-video-preview:-1"},"canonical":"https:\/\/sendapp.cloud\/es\/automatizzare-whatsapp-con-pabbly\/","og_locale":"es_ES","og_type":"article","og_title":"Automatizzare Whatsapp con Pabbly","og_description":"Automatizzare la tua comunicazione tramite WhatsApp utilizzando Sendapp e Google Sheets \u00e8 possibile grazie a Pabbly, uno strumento...","og_url":"https:\/\/sendapp.cloud\/es\/automatizzare-whatsapp-con-pabbly\/","og_site_name":"SendApp","twitter_card":"summary_large_image","twitter_misc":{"Tiempo de lectura":"1 minuto"},"schema":{"@context":"https:\/\/schema.org","@graph":[{"@type":"WebPage","@id":"https:\/\/sendapp.cloud\/automatizzare-whatsapp-con-pabbly\/","url":"https:\/\/sendapp.cloud\/automatizzare-whatsapp-con-pabbly\/","name":"Automatizzare Whatsapp con Pabbly","isPartOf":{"@id":"https:\/\/sendapp.cloud\/en\/#website"},"primaryImageOfPage":{"@id":"https:\/\/sendapp.cloud\/automatizzare-whatsapp-con-pabbly\/#primaryimage"},"image":{"@id":"https:\/\/sendapp.cloud\/automatizzare-whatsapp-con-pabbly\/#primaryimage"},"thumbnailUrl":"","datePublished":"2024-09-23T08:23:39+00:00","description":"Automatizzare la tua comunicazione tramite WhatsApp utilizzando Sendapp e Google Sheets \u00e8 possibile grazie a Pabbly, uno strumento...","breadcrumb":{"@id":"https:\/\/sendapp.cloud\/automatizzare-whatsapp-con-pabbly\/#breadcrumb"},"inLanguage":"es","potentialAction":[{"@type":"ReadAction","target":["https:\/\/sendapp.cloud\/automatizzare-whatsapp-con-pabbly\/"]}]},{"@type":"ImageObject","inLanguage":"es","@id":"https:\/\/sendapp.cloud\/automatizzare-whatsapp-con-pabbly\/#primaryimage","url":"","contentUrl":""},{"@type":"BreadcrumbList","@id":"https:\/\/sendapp.cloud\/automatizzare-whatsapp-con-pabbly\/#breadcrumb","itemListElement":[{"@type":"ListItem","position":1,"name":"Home","item":"https:\/\/sendapp.cloud\/"},{"@type":"ListItem","position":2,"name":"Automatizzare Whatsapp con Pabbly"}]},{"@type":"WebSite","@id":"https:\/\/sendapp.cloud\/en\/#website","url":"https:\/\/sendapp.cloud\/en\/","name":"SendApp","description":"Software de marketing de WhatsApp","publisher":{"@id":"https:\/\/sendapp.cloud\/en\/#organization"},"potentialAction":[{"@type":"SearchAction","target":{"@type":"EntryPoint","urlTemplate":"https:\/\/sendapp.cloud\/en\/?s={search_term_string}"},"query-input":{"@type":"PropertyValueSpecification","valueRequired":true,"valueName":"search_term_string"}}],"inLanguage":"es"},{"@type":"Organization","@id":"https:\/\/sendapp.cloud\/en\/#organization","name":"SendApp","url":"https:\/\/sendapp.cloud\/en\/","logo":{"@type":"ImageObject","inLanguage":"es","@id":"https:\/\/sendapp.cloud\/en\/#\/schema\/logo\/image\/","url":"https:\/\/sendapp.cloud\/wp-content\/uploads\/2024\/11\/Logo-bianco.png","contentUrl":"https:\/\/sendapp.cloud\/wp-content\/uploads\/2024\/11\/Logo-bianco.png","width":145,"height":48,"caption":"SendApp"},"image":{"@id":"https:\/\/sendapp.cloud\/en\/#\/schema\/logo\/image\/"}}]}},"_links":{"self":[{"href":"https:\/\/sendapp.cloud\/es\/wp-json\/wp\/v2\/pages\/32237","targetHints":{"allow":["GET"]}}],"collection":[{"href":"https:\/\/sendapp.cloud\/es\/wp-json\/wp\/v2\/pages"}],"about":[{"href":"https:\/\/sendapp.cloud\/es\/wp-json\/wp\/v2\/types\/page"}],"author":[{"embeddable":true,"href":"https:\/\/sendapp.cloud\/es\/wp-json\/wp\/v2\/users\/1"}],"replies":[{"embeddable":true,"href":"https:\/\/sendapp.cloud\/es\/wp-json\/wp\/v2\/comments?post=32237"}],"version-history":[{"count":0,"href":"https:\/\/sendapp.cloud\/es\/wp-json\/wp\/v2\/pages\/32237\/revisions"}],"wp:featuredmedia":[{"embeddable":true,"href":"https:\/\/sendapp.cloud\/es\/wp-json\/"}],"wp:attachment":[{"href":"https:\/\/sendapp.cloud\/es\/wp-json\/wp\/v2\/media?parent=32237"}],"curies":[{"name":"gracias","href":"https:\/\/api.w.org\/{rel}","templated":true}]}}