{"id":32180,"date":"2024-09-21T16:13:20","date_gmt":"2024-09-21T14:13:20","guid":{"rendered":"https:\/\/sendapp.live\/?page_id=32180"},"modified":"2024-09-21T16:13:20","modified_gmt":"2024-09-21T14:13:20","slug":"automatizzare-whatsapp-con-make","status":"publish","type":"page","link":"https:\/\/sendapp.cloud\/es\/automatizzare-whatsapp-con-make\/","title":{"rendered":"Automatizzare Whatsapp con Make"},"content":{"rendered":"<ol>\n<li class=\"p1\"><b>Introducci\u00f3n<\/b><\/li>\n<\/ol>\n<p class=\"p2\">Automatiza los procesos de env\u00edo de mensajes de WhatsApp a trav\u00e9s de <b>Sendapp<\/b> Y <b>Hojas de c\u00e1lculo de Google<\/b> usando <b>Hacer<\/b> (anteriormente Integromat) le permite gestionar eficientemente sus comunicaciones. En esta gu\u00eda, le mostraremos c\u00f3mo crear una integraci\u00f3n entre <b>Sendapp<\/b> Y <b>Hojas de c\u00e1lculo de Google<\/b> para enviar mensajes de WhatsApp cada vez que se agreguen nuevos datos a la hoja de c\u00e1lculo.<\/p>\n<h3 class=\"p1\"><b>Paso 1: Lo que necesitas<\/b><\/h3>\n<p class=\"p2\">Antes de comenzar, aseg\u00farese de tener:<\/p>\n<ul class=\"ul1\">\n<li class=\"li2\">Una cuenta <a href=\"https:\/\/sendapp.cloud\/es\/\" target=\"_blank\" rel=\"noopener\"><b>Nube de Sendapp <\/b><\/a>activo.<\/li>\n<\/ul>\n<p>&nbsp;<\/p>\n<p><img loading=\"lazy\" decoding=\"async\" class=\"alignnone size-full wp-image-32153\" src=\"https:\/\/sendapp.live\/wp-content\/uploads\/2024\/09\/1.png\" alt=\"\" width=\"3454\" height=\"1893\" \/><\/p>\n<p>&nbsp;<\/p>\n<ul class=\"ul1\">\n<li class=\"li2\">Una cuenta <b><a href=\"https:\/\/www.make.com\/en\/login?_gl=1*z9hvru*_gcl_aw*R0NMLjE3MjY0Nzk2MTAuQ2owS0NRandycC0zQmhEZ0FSSXNBRVdKNlN4WHF0Z2xXN0pELVBqbFcxbEZuNks2ZjZfMW05ZThneXZxSzVtc1l6NjNoenBGYXlHamxlSWFBZ21rRUFMd193Y0I.*_gcl_au*MjExNDIwNTY3Mi4xNzI2NDc5NjA2*_ga*MTgxMTIwMjMyMC4xNzI2NDc5NjA0*_ga_MY0CJTCDSF*MTcyNjgzOTYwMC4xMS4wLjE3MjY4Mzk2MDAuNjAuMC4w\" target=\"_blank\" rel=\"noopener\">Hacer<\/a>:\u00a0<\/b><\/li>\n<\/ul>\n<p>&nbsp;<\/p>\n<p><img loading=\"lazy\" decoding=\"async\" class=\"alignnone size-full wp-image-32155\" src=\"https:\/\/sendapp.live\/wp-content\/uploads\/2024\/09\/2-1.png\" alt=\"\" width=\"3455\" height=\"1913\" \/><\/p>\n<p>&nbsp;<\/p>\n<ul class=\"ul1\">\n<li class=\"li2\">Acceso a <b>Hojas de c\u00e1lculo de Google<\/b> y un <b>Plantilla CSV<\/b> listo con la informaci\u00f3n que desea utilizar (como n\u00fameros de tel\u00e9fono y mensajes).<\/li>\n<\/ul>\n<p>&nbsp;<\/p>\n<p><img loading=\"lazy\" decoding=\"async\" class=\"alignnone size-full wp-image-32156\" src=\"https:\/\/sendapp.live\/wp-content\/uploads\/2024\/09\/3.png\" alt=\"\" width=\"3453\" height=\"1914\" \/><\/p>\n<p>&nbsp;<\/p>\n<h3 class=\"p1\"><b>Paso 2: Crea un nuevo escenario en Make<\/b><\/h3>\n<ul>\n<li>Inicia sesi\u00f3n en tu cuenta <b>Hacer<\/b> y haga clic en <b>Crear un nuevo escenario<\/b>.<\/li>\n<\/ul>\n<p>&nbsp;<\/p>\n<p><img loading=\"lazy\" decoding=\"async\" class=\"alignnone size-full wp-image-32157\" src=\"https:\/\/sendapp.live\/wp-content\/uploads\/2024\/09\/4-1.png\" alt=\"\" width=\"3454\" height=\"1913\" \/><\/p>\n<ul>\n<li>Haga clic en el s\u00edmbolo <b>\u201c+\u201d<\/b> para agregar el primer m\u00f3dulo.<\/li>\n<\/ul>\n<p>&nbsp;<\/p>\n<p>&nbsp;<\/p>\n<p><img loading=\"lazy\" decoding=\"async\" class=\"alignnone size-full wp-image-32158\" src=\"https:\/\/sendapp.live\/wp-content\/uploads\/2024\/09\/7.png\" alt=\"\" width=\"3455\" height=\"1911\" \/><\/p>\n<ul>\n<li>Buscar y seleccionar <b>Hojas de c\u00e1lculo de Google<\/b>.<\/li>\n<\/ul>\n<p>&nbsp;<\/p>\n<ul>\n<li>En la configuraci\u00f3n, seleccione <b>Unidad: myDrive<\/b>.<\/li>\n<\/ul>\n<p><img loading=\"lazy\" decoding=\"async\" class=\"alignnone size-full wp-image-32159\" src=\"https:\/\/sendapp.live\/wp-content\/uploads\/2024\/09\/9.png\" alt=\"\" width=\"3453\" height=\"1918\" \/><\/p>\n<ul class=\"ol1\">\n<li class=\"li2\">En el campo <b>ID de hoja de c\u00e1lculo<\/b>, seleccione el <b>Plantilla CSV<\/b> que preparaste con antelaci\u00f3n.<\/li>\n<\/ul>\n<p><img loading=\"lazy\" decoding=\"async\" class=\"alignnone size-full wp-image-32160\" src=\"https:\/\/sendapp.live\/wp-content\/uploads\/2024\/09\/8.png\" alt=\"\" width=\"3451\" height=\"1918\" \/><\/p>\n<ul class=\"ol1\">\n<li class=\"li2\">Seleccione el <b>nombre de la hoja<\/b> (Nombre de la hoja) que contiene los datos que se utilizar\u00e1n.<\/li>\n<\/ul>\n<p>&nbsp;<\/p>\n<ul class=\"ol1\">\n<li class=\"li2\">Contin\u00fae configurando los pr\u00f3ximos m\u00f3dulos.<\/li>\n<\/ul>\n<h3 class=\"p1\"><b>Paso 3: Agregar Sendapp como segundo m\u00f3dulo<\/b><\/h3>\n<ul class=\"ol1\">\n<li class=\"li2\">Haga clic en el s\u00edmbolo <b>\u201c+\u201d<\/b> para agregar el segundo m\u00f3dulo.<\/li>\n<\/ul>\n<p>&nbsp;<\/p>\n<p><img loading=\"lazy\" decoding=\"async\" class=\"alignnone size-full wp-image-32161\" src=\"https:\/\/sendapp.live\/wp-content\/uploads\/2024\/09\/10.png\" alt=\"\" width=\"3455\" height=\"1913\" \/><\/p>\n<ul class=\"ol1\">\n<li class=\"li2\">Buscar y seleccionar <b>Sendapp<\/b> como una aplicaci\u00f3n para conectarse.<\/li>\n<\/ul>\n<p>&nbsp;<\/p>\n<p><img loading=\"lazy\" decoding=\"async\" class=\"alignnone size-full wp-image-32163\" src=\"https:\/\/sendapp.live\/wp-content\/uploads\/2024\/09\/11-1.png\" alt=\"\" width=\"3453\" height=\"1915\" \/><\/p>\n<ul>\n<li>Hacer clic en <b>Agregar<\/b> para conectar su cuenta Sendapp.<\/li>\n<\/ul>\n<ul class=\"ol1\">\n<li class=\"li2\">Entrar en el<b>Token de acceso<\/b> y el<b>ID de instancia<\/b>, que puedes obtener desde tu perfil de Sendapp escaneando el <b>C\u00f3digo QR<\/b> con la aplicaci\u00f3n WhatsApp.<\/li>\n<\/ul>\n<h3 class=\"p1\"><b><img loading=\"lazy\" decoding=\"async\" class=\"alignnone size-full wp-image-32164\" src=\"https:\/\/sendapp.live\/wp-content\/uploads\/2024\/09\/12.png\" alt=\"\" width=\"3449\" height=\"1909\" \/>Paso 4: Configurar los campos de Sendapp<\/b><\/h3>\n<ul class=\"ol1\">\n<li class=\"li2\">Una vez que hayas conectado Sendapp, en el campo <b>N\u00famero de tel\u00e9fono<\/b>, seleccione el n\u00famero de tel\u00e9fono de la columna de plantilla CSV que contiene los n\u00fameros de tel\u00e9fono.<\/li>\n<li class=\"li2\">En el campo <b>Tipo de mensaje<\/b>, seleccionar <b>Texto<\/b>.<\/li>\n<li class=\"li2\">En el campo <b>Mensaje<\/b>, Crea un mensaje personalizado con los datos de tu Hoja de C\u00e1lculo de Google. Por ejemplo, puedes incluir los nombres de los destinatarios y otra informaci\u00f3n espec\u00edfica de la hoja.<\/li>\n<\/ul>\n<p><img loading=\"lazy\" decoding=\"async\" class=\"alignnone size-full wp-image-32165\" src=\"https:\/\/sendapp.live\/wp-content\/uploads\/2024\/09\/13.png\" alt=\"\" width=\"3451\" height=\"1911\" \/><\/p>\n<h3 class=\"p1\"><b>Paso 5: Realizar la prueba<\/b><\/h3>\n<ol class=\"ol1\">\n<li class=\"li2\">Una vez que tengas todo configurado, haz clic en <b>DE ACUERDO<\/b> para guardar el escenario.<\/li>\n<li class=\"li2\">Ejecutar un <b>prueba<\/b> Para verificar que todo funciona correctamente, agregue una nueva fila a la hoja de Google y verifique que el mensaje se est\u00e9 enviando correctamente a trav\u00e9s de Sendapp.<\/li>\n<\/ol>\n<p>&nbsp;<\/p>\n<h3 class=\"p1\"><b><img loading=\"lazy\" decoding=\"async\" class=\"alignnone size-full wp-image-32166\" src=\"https:\/\/sendapp.live\/wp-content\/uploads\/2024\/09\/14.png\" alt=\"\" width=\"3455\" height=\"1907\" \/><\/b><\/h3>\n<h3><\/h3>\n<h3 class=\"p1\"><b>Paso 6: Publicar el escenario<\/b><\/h3>\n<ul class=\"ol1\">\n<li class=\"li2\">Una vez que la prueba sea exitosa, haga clic en <b>P\u00fablico<\/b> para activar el escenario.<\/li>\n<li class=\"li2\">A partir de ahora, cada vez que agregues una nueva fila a tu Google Sheet, Sendapp enviar\u00e1 autom\u00e1ticamente un mensaje de WhatsApp personalizado al n\u00famero de tel\u00e9fono correspondiente.<\/li>\n<\/ul>\n<p>&nbsp;<\/p>\n<p><img loading=\"lazy\" decoding=\"async\" class=\"alignnone size-full wp-image-32167\" src=\"https:\/\/sendapp.live\/wp-content\/uploads\/2024\/09\/15.png\" alt=\"\" width=\"3453\" height=\"1910\" \/><\/p>\n<h4 class=\"p1\"><b>Conclusi\u00f3n<\/b><\/h4>\n<p class=\"p2\">Conectar <b>Sendapp<\/b> a <b>Hojas de c\u00e1lculo de Google<\/b> a trav\u00e9s de <b>Hacer<\/b> Es un proceso sencillo y potente que te permite automatizar tus comunicaciones de WhatsApp. Esto te permite enviar mensajes personalizados sin esfuerzo, mejorando la eficiencia y ahorrando tiempo. Prueba esta integraci\u00f3n hoy mismo y descubre c\u00f3mo puede simplificar tu trabajo diario.<\/p>","protected":false},"excerpt":{"rendered":"<p>Introduzione Automatizzare i processi di invio di messaggi WhatsApp tramite Sendapp e Google Sheets utilizzando Make (ex Integromat) ti permette di gestire in modo efficiente la tua comunicazione. In questa&#8230;<\/p>","protected":false},"author":1,"featured_media":32178,"parent":0,"menu_order":0,"comment_status":"closed","ping_status":"closed","template":"","meta":{"footnotes":""},"class_list":["post-32180","page","type-page","status-publish","has-post-thumbnail"],"yoast_head":"<!-- This site is optimized with the Yoast SEO plugin v26.8 - https:\/\/yoast.com\/product\/yoast-seo-wordpress\/ -->\n<title>Automatizzare Whatsapp con Make<\/title>\n<meta name=\"description\" content=\"Automatizzare i processi di invio di messaggi WhatsApp tramite Sendapp e Google Sheets utilizzando Make (ex Integromat)...\" \/>\n<meta name=\"robots\" content=\"index, follow, max-snippet:-1, max-image-preview:large, max-video-preview:-1\" \/>\n<link rel=\"canonical\" href=\"https:\/\/sendapp.cloud\/es\/automatizzare-whatsapp-con-make\/\" \/>\n<meta property=\"og:locale\" content=\"es_ES\" \/>\n<meta property=\"og:type\" content=\"article\" \/>\n<meta property=\"og:title\" content=\"Automatizzare Whatsapp con Make\" \/>\n<meta property=\"og:description\" content=\"Automatizzare i processi di invio di messaggi WhatsApp tramite Sendapp e Google Sheets utilizzando Make (ex Integromat)...\" \/>\n<meta property=\"og:url\" content=\"https:\/\/sendapp.cloud\/es\/automatizzare-whatsapp-con-make\/\" \/>\n<meta property=\"og:site_name\" content=\"SendApp\" \/>\n<meta name=\"twitter:card\" content=\"summary_large_image\" \/>\n<meta name=\"twitter:label1\" content=\"Tiempo de lectura\" \/>\n\t<meta name=\"twitter:data1\" content=\"1 minuto\" \/>\n<script type=\"application\/ld+json\" class=\"yoast-schema-graph\">{\"@context\":\"https:\/\/schema.org\",\"@graph\":[{\"@type\":\"WebPage\",\"@id\":\"https:\/\/sendapp.cloud\/automatizzare-whatsapp-con-make\/\",\"url\":\"https:\/\/sendapp.cloud\/automatizzare-whatsapp-con-make\/\",\"name\":\"Automatizzare Whatsapp con Make\",\"isPartOf\":{\"@id\":\"https:\/\/sendapp.cloud\/en\/#website\"},\"primaryImageOfPage\":{\"@id\":\"https:\/\/sendapp.cloud\/automatizzare-whatsapp-con-make\/#primaryimage\"},\"image\":{\"@id\":\"https:\/\/sendapp.cloud\/automatizzare-whatsapp-con-make\/#primaryimage\"},\"thumbnailUrl\":\"\",\"datePublished\":\"2024-09-21T14:13:20+00:00\",\"description\":\"Automatizzare i processi di invio di messaggi WhatsApp tramite Sendapp e Google Sheets utilizzando Make (ex Integromat)...\",\"breadcrumb\":{\"@id\":\"https:\/\/sendapp.cloud\/automatizzare-whatsapp-con-make\/#breadcrumb\"},\"inLanguage\":\"es\",\"potentialAction\":[{\"@type\":\"ReadAction\",\"target\":[\"https:\/\/sendapp.cloud\/automatizzare-whatsapp-con-make\/\"]}]},{\"@type\":\"ImageObject\",\"inLanguage\":\"es\",\"@id\":\"https:\/\/sendapp.cloud\/automatizzare-whatsapp-con-make\/#primaryimage\",\"url\":\"\",\"contentUrl\":\"\"},{\"@type\":\"BreadcrumbList\",\"@id\":\"https:\/\/sendapp.cloud\/automatizzare-whatsapp-con-make\/#breadcrumb\",\"itemListElement\":[{\"@type\":\"ListItem\",\"position\":1,\"name\":\"Home\",\"item\":\"https:\/\/sendapp.cloud\/\"},{\"@type\":\"ListItem\",\"position\":2,\"name\":\"Automatizzare Whatsapp con Make\"}]},{\"@type\":\"WebSite\",\"@id\":\"https:\/\/sendapp.cloud\/en\/#website\",\"url\":\"https:\/\/sendapp.cloud\/en\/\",\"name\":\"SendApp\",\"description\":\"Software Whatsapp Marketing\",\"publisher\":{\"@id\":\"https:\/\/sendapp.cloud\/en\/#organization\"},\"potentialAction\":[{\"@type\":\"SearchAction\",\"target\":{\"@type\":\"EntryPoint\",\"urlTemplate\":\"https:\/\/sendapp.cloud\/en\/?s={search_term_string}\"},\"query-input\":{\"@type\":\"PropertyValueSpecification\",\"valueRequired\":true,\"valueName\":\"search_term_string\"}}],\"inLanguage\":\"es\"},{\"@type\":\"Organization\",\"@id\":\"https:\/\/sendapp.cloud\/en\/#organization\",\"name\":\"SendApp\",\"url\":\"https:\/\/sendapp.cloud\/en\/\",\"logo\":{\"@type\":\"ImageObject\",\"inLanguage\":\"es\",\"@id\":\"https:\/\/sendapp.cloud\/en\/#\/schema\/logo\/image\/\",\"url\":\"https:\/\/sendapp.cloud\/wp-content\/uploads\/2024\/11\/Logo-bianco.png\",\"contentUrl\":\"https:\/\/sendapp.cloud\/wp-content\/uploads\/2024\/11\/Logo-bianco.png\",\"width\":145,\"height\":48,\"caption\":\"SendApp\"},\"image\":{\"@id\":\"https:\/\/sendapp.cloud\/en\/#\/schema\/logo\/image\/\"}}]}<\/script>\n<!-- \/ Yoast SEO plugin. -->","yoast_head_json":{"title":"Automatizzare Whatsapp con Make","description":"Automatizzare i processi di invio di messaggi WhatsApp tramite Sendapp e Google Sheets utilizzando Make (ex Integromat)...","robots":{"index":"index","follow":"follow","max-snippet":"max-snippet:-1","max-image-preview":"max-image-preview:large","max-video-preview":"max-video-preview:-1"},"canonical":"https:\/\/sendapp.cloud\/es\/automatizzare-whatsapp-con-make\/","og_locale":"es_ES","og_type":"article","og_title":"Automatizzare Whatsapp con Make","og_description":"Automatizzare i processi di invio di messaggi WhatsApp tramite Sendapp e Google Sheets utilizzando Make (ex Integromat)...","og_url":"https:\/\/sendapp.cloud\/es\/automatizzare-whatsapp-con-make\/","og_site_name":"SendApp","twitter_card":"summary_large_image","twitter_misc":{"Tiempo de lectura":"1 minuto"},"schema":{"@context":"https:\/\/schema.org","@graph":[{"@type":"WebPage","@id":"https:\/\/sendapp.cloud\/automatizzare-whatsapp-con-make\/","url":"https:\/\/sendapp.cloud\/automatizzare-whatsapp-con-make\/","name":"Automatizzare Whatsapp con Make","isPartOf":{"@id":"https:\/\/sendapp.cloud\/en\/#website"},"primaryImageOfPage":{"@id":"https:\/\/sendapp.cloud\/automatizzare-whatsapp-con-make\/#primaryimage"},"image":{"@id":"https:\/\/sendapp.cloud\/automatizzare-whatsapp-con-make\/#primaryimage"},"thumbnailUrl":"","datePublished":"2024-09-21T14:13:20+00:00","description":"Automatizzare i processi di invio di messaggi WhatsApp tramite Sendapp e Google Sheets utilizzando Make (ex Integromat)...","breadcrumb":{"@id":"https:\/\/sendapp.cloud\/automatizzare-whatsapp-con-make\/#breadcrumb"},"inLanguage":"es","potentialAction":[{"@type":"ReadAction","target":["https:\/\/sendapp.cloud\/automatizzare-whatsapp-con-make\/"]}]},{"@type":"ImageObject","inLanguage":"es","@id":"https:\/\/sendapp.cloud\/automatizzare-whatsapp-con-make\/#primaryimage","url":"","contentUrl":""},{"@type":"BreadcrumbList","@id":"https:\/\/sendapp.cloud\/automatizzare-whatsapp-con-make\/#breadcrumb","itemListElement":[{"@type":"ListItem","position":1,"name":"Home","item":"https:\/\/sendapp.cloud\/"},{"@type":"ListItem","position":2,"name":"Automatizzare Whatsapp con Make"}]},{"@type":"WebSite","@id":"https:\/\/sendapp.cloud\/en\/#website","url":"https:\/\/sendapp.cloud\/en\/","name":"SendApp","description":"Software de marketing de WhatsApp","publisher":{"@id":"https:\/\/sendapp.cloud\/en\/#organization"},"potentialAction":[{"@type":"SearchAction","target":{"@type":"EntryPoint","urlTemplate":"https:\/\/sendapp.cloud\/en\/?s={search_term_string}"},"query-input":{"@type":"PropertyValueSpecification","valueRequired":true,"valueName":"search_term_string"}}],"inLanguage":"es"},{"@type":"Organization","@id":"https:\/\/sendapp.cloud\/en\/#organization","name":"SendApp","url":"https:\/\/sendapp.cloud\/en\/","logo":{"@type":"ImageObject","inLanguage":"es","@id":"https:\/\/sendapp.cloud\/en\/#\/schema\/logo\/image\/","url":"https:\/\/sendapp.cloud\/wp-content\/uploads\/2024\/11\/Logo-bianco.png","contentUrl":"https:\/\/sendapp.cloud\/wp-content\/uploads\/2024\/11\/Logo-bianco.png","width":145,"height":48,"caption":"SendApp"},"image":{"@id":"https:\/\/sendapp.cloud\/en\/#\/schema\/logo\/image\/"}}]}},"_links":{"self":[{"href":"https:\/\/sendapp.cloud\/es\/wp-json\/wp\/v2\/pages\/32180","targetHints":{"allow":["GET"]}}],"collection":[{"href":"https:\/\/sendapp.cloud\/es\/wp-json\/wp\/v2\/pages"}],"about":[{"href":"https:\/\/sendapp.cloud\/es\/wp-json\/wp\/v2\/types\/page"}],"author":[{"embeddable":true,"href":"https:\/\/sendapp.cloud\/es\/wp-json\/wp\/v2\/users\/1"}],"replies":[{"embeddable":true,"href":"https:\/\/sendapp.cloud\/es\/wp-json\/wp\/v2\/comments?post=32180"}],"version-history":[{"count":0,"href":"https:\/\/sendapp.cloud\/es\/wp-json\/wp\/v2\/pages\/32180\/revisions"}],"wp:featuredmedia":[{"embeddable":true,"href":"https:\/\/sendapp.cloud\/es\/wp-json\/"}],"wp:attachment":[{"href":"https:\/\/sendapp.cloud\/es\/wp-json\/wp\/v2\/media?parent=32180"}],"curies":[{"name":"gracias","href":"https:\/\/api.w.org\/{rel}","templated":true}]}}