{"id":30094,"date":"2024-06-20T19:26:44","date_gmt":"2024-06-20T17:26:44","guid":{"rendered":"https:\/\/sendapp.live\/?page_id=30094"},"modified":"2024-06-20T19:26:44","modified_gmt":"2024-06-20T17:26:44","slug":"whats2business","status":"publish","type":"page","link":"https:\/\/sendapp.cloud\/es\/whats2business\/","title":{"rendered":"whats2business"},"content":{"rendered":"<div id=\"fws_69f4924abd0fd\"  data-column-margin=\"default\" data-midnight=\"dark\" data-top-percent=\"5%\" data-bottom-percent=\"5%\"  class=\"wpb_row vc_row-fluid vc_row  right_padding_5pct left_padding_5pct\"  style=\"padding-top: calc(100vw * 0.05); padding-bottom: calc(100vw * 0.05); \"><div class=\"row-bg-wrap\" data-bg-animation=\"none\" data-bg-animation-delay=\"\" data-bg-overlay=\"false\"><div class=\"inner-wrap row-bg-layer\" ><div class=\"row-bg viewport-desktop\"  style=\"\"><\/div><\/div><\/div><div class=\"row_col_wrap_12 col span_12 dark left\">\n\t<div  class=\"vc_col-sm-12 wpb_column column_container vc_column_container col no-extra-padding inherit_tablet inherit_phone\"  data-padding-pos=\"all\" data-has-bg-color=\"false\" data-bg-color=\"\" data-bg-opacity=\"1\" data-animation=\"\" data-delay=\"0\" >\n\t\t<div class=\"vc_column-inner\" >\n\t\t\t<div class=\"wpb_wrapper\">\n\t\t\t\t<h1 style=\"font-size: 65px;color: #4b5b75;text-align: center;font-family:Raleway;font-weight:400;font-style:normal\" class=\"vc_custom_heading vc_do_custom_heading vc_custom_1719262590558\" >SendApp vs whats2business para marketing en WhatsApp<\/h1>\n\t\t\t<\/div> \n\t\t<\/div>\n\t<\/div> \n<\/div><\/div>\n\t\t<div id=\"fws_69f4924abdde1\"  data-column-margin=\"default\" data-midnight=\"dark\"  class=\"wpb_row vc_row-fluid vc_row\"  style=\"padding-top: 0px; padding-bottom: 0px; \"><div class=\"row-bg-wrap\" data-bg-animation=\"none\" data-bg-animation-delay=\"\" data-bg-overlay=\"false\"><div class=\"inner-wrap row-bg-layer\" ><div class=\"row-bg viewport-desktop\"  style=\"\"><\/div><\/div><\/div><div class=\"row_col_wrap_12 col span_12 dark left\">\n\t<div  class=\"vc_col-sm-12 wpb_column column_container vc_column_container col no-extra-padding inherit_tablet inherit_phone\"  data-padding-pos=\"all\" data-has-bg-color=\"false\" data-bg-color=\"\" data-bg-opacity=\"1\" data-animation=\"\" data-delay=\"0\" >\n\t\t<div class=\"vc_column-inner\" >\n\t\t\t<div class=\"wpb_wrapper\">\n\t\t\t\t\n<div class=\"wpb_text_column wpb_content_element\" >\n\t<div class=\"wpb_wrapper\">\n\t\t<p>SendApp es una plataforma innovadora que te permite usar WhatsApp como herramienta de marketing para promocionar tu negocio de forma eficaz y eficiente. Gracias a sus funciones avanzadas, SendApp ofrece a los usuarios la posibilidad de llegar a una gran audiencia de forma directa y personalizada. En este art\u00edculo, exploraremos c\u00f3mo usar SendApp para mejorar la visibilidad de tu negocio y lograr resultados tangibles en el marketing por WhatsApp.<\/p>\n<h2>Introducci\u00f3n a SendApp, la plataforma de marketing de WhatsApp.<\/h2>\n<p>SendApp es una plataforma que permite enviar mensajes y promociones automatizados y personalizados a trav\u00e9s de WhatsApp. Esta innovadora soluci\u00f3n permite a las empresas interactuar con sus clientes de forma r\u00e1pida y eficaz, aumentando la visibilidad de su marca y generando nuevas oportunidades de negocio.<\/p>\n<h2>C\u00f3mo usar SendApp para aumentar la visibilidad de tu negocio<\/h2>\n<p>Usar SendApp para marketing en WhatsApp es muy sencillo e intuitivo. Solo tienes que crear una cuenta, importar tus contactos y empezar a enviar mensajes y promociones personalizadas autom\u00e1ticamente. Esta estrategia te permite llegar a un p\u00fablico amplio de forma directa e inmediata, aumentando la visibilidad de tu negocio y generando nuevas oportunidades de venta.<\/p>\n<h2>Las funciones avanzadas de SendApp para mejorar tus estrategias de marketing<\/h2>\n<p>SendApp ofrece numerosas funciones avanzadas que te permiten mejorar tus estrategias de marketing y maximizar los resultados. Entre las principales funciones se incluyen la posibilidad de programar el env\u00edo autom\u00e1tico de mensajes, crear campa\u00f1as promocionales segmentadas, realizar un seguimiento de los resultados de las campa\u00f1as y mucho m\u00e1s. Gracias a estas funciones, puedes optimizar tus estrategias de marketing y lograr resultados tangibles en el marketing de WhatsApp.<\/p>\n<h2>Beneficios y resultados concretos del uso de SendApp para el marketing en WhatsApp<\/h2>\n<p>Utilizar SendApp para marketing en WhatsApp ofrece numerosos beneficios y resultados tangibles para las empresas. Esta plataforma permite aumentar la visibilidad de tu negocio, generar nuevas oportunidades de venta, mejorar la fidelizaci\u00f3n de clientes y mucho m\u00e1s. Adem\u00e1s, SendApp te ahorra tiempo y recursos gracias a su interfaz intuitiva y funciones automatizadas.<\/p>\n<h2>Conclusi\u00f3n<\/h2>\n<p>En conclusi\u00f3n, SendApp es una soluci\u00f3n innovadora y eficaz para usar WhatsApp como herramienta de marketing. Gracias a sus funciones avanzadas, puedes mejorar la visibilidad de tu negocio, generar nuevas oportunidades de venta y obtener resultados tangibles en el marketing por WhatsApp. Si quieres promocionar tu negocio de forma eficaz y segmentada, SendApp es la soluci\u00f3n ideal.<\/p>\n\t<\/div>\n<\/div>\n\n\n\n\n\t\t\t<\/div> \n\t\t<\/div>\n\t<\/div> \n<\/div><\/div>\n\t\t<div id=\"price\"  data-column-margin=\"default\" data-midnight=\"dark\" data-top-percent=\"4%\" data-bottom-percent=\"7%\"  class=\"wpb_row vc_row-fluid vc_row full-width-section\"  style=\"padding-top: calc(100vw * 0.04); padding-bottom: calc(100vw * 0.07); \"><div class=\"row-bg-wrap\" data-bg-animation=\"none\" data-bg-animation-delay=\"\" data-bg-overlay=\"false\"><div class=\"inner-wrap row-bg-layer\" ><div class=\"row-bg viewport-desktop\"  style=\"\"><\/div><\/div><\/div><div class=\"row_col_wrap_12 col span_12 dark left\">\n\t<div  class=\"vc_col-sm-12 wpb_column column_container vc_column_container col no-extra-padding inherit_tablet inherit_phone\"  data-padding-pos=\"all\" data-has-bg-color=\"false\" data-bg-color=\"\" data-bg-opacity=\"1\" data-animation=\"\" data-delay=\"0\" >\n\t\t<div class=\"vc_column-inner\" >\n\t\t\t<div class=\"wpb_wrapper\">\n\t\t\t\t<div id=\"fws_69f4924abf011\" data-midnight=\"\" data-column-margin=\"default\" class=\"wpb_row vc_row-fluid vc_row inner_row\"  style=\"\"><div class=\"row-bg-wrap\"> <div class=\"row-bg\" ><\/div> <\/div><div class=\"row_col_wrap_12_inner col span_12  left\">\n\t<div  class=\"vc_col-sm-12 wpb_column column_container vc_column_container col child_column centered-text has-animation no-extra-padding inherit_tablet inherit_phone\"   data-padding-pos=\"all\" data-has-bg-color=\"false\" data-bg-color=\"\" data-bg-opacity=\"1\" data-animation=\"fade-in\" data-delay=\"0\" >\n\t\t<div class=\"vc_column-inner\" >\n\t\t<div class=\"wpb_wrapper\">\n\t\t\t\n<div class=\"wpb_text_column wpb_content_element  vc_custom_1712152870190\" >\n\t<div class=\"wpb_wrapper\">\n\t\t<section class=\"main-section main-section-full main-section-slim\">\n<h1 class=\"row\">Precios simples y transparentes<\/h1>\n<h3 class=\"row\">Sin tarifas y sin costo por mensaje.<\/h3>\n<p><span style=\"color: #999999;\">El precio var\u00eda seg\u00fan las funcionalidades incluidas y el n\u00famero de env\u00edos autom\u00e1ticos.<\/span><\/p>\n<\/section>\n\t<\/div>\n<\/div>\n\n\n\n\n\t\t<\/div> \n\t<\/div>\n\t<\/div> \n<\/div><\/div><div class=\"row pricing-table four-cols\" data-style=\"flat-alternative\"><div class=\"pricing-column no-highlight accent-color\">\n\t\t\t<h3>Gratis<\/h3>\n          <div class=\"pricing-column-content\">\n\t\t\t<h4> <span class=\"dollar-sign\">\u20ac<\/span> 0 <\/h4>\n\t\t\t<span class=\"interval\">7 d\u00edas<\/span>\n<div class=\"wpb_text_column wpb_content_element\" >\n\t<div class=\"wpb_wrapper\">\n\t\t<h6><a class=\"nectar-button n-sc-button large accent-color has-icon regular-button\"  href=\"https:\/\/sendapp.live\/product\/sendapp-free\/\" data-color-override=\"false\" data-hover-color-override=\"false\" data-hover-text-color-override=\"#fff\"><span>Descargar<\/span><i class=\"icon-button-arrow\"><\/i><\/a><\/h6>\n<h6><i class=\"icon-tiny fa fa-check accent-color\"><\/i> 20 env\u00edos autom\u00e1ticos<\/h6>\n<h6><i class=\"icon-tiny fa fa-check accent-color\"><\/i> 7 d\u00edas<\/h6>\n<h6><i class=\"icon-tiny fa fa-check accent-color\"><\/i> Directorio de contactos<\/h6>\n<h6><i class=\"icon-tiny fa fa-check accent-color\"><\/i> Env\u00edo de informes<\/h6>\n<h6><i class=\"icon-tiny fa fa-check accent-color\"><\/i> Respuesta autom\u00e1tica<\/h6>\n<h6><i class=\"icon-tiny fa fa-check accent-color\"><\/i> Fototeca<\/h6>\n<h6><i class=\"icon-tiny fa fa-check accent-color\"><\/i> Foto de stock gratis<\/h6>\n<h6><i class=\"icon-tiny fa fa-check accent-color\"><\/i> Editor de fotos<\/h6>\n<h6><del><i class=\"icon-tiny fa fa-check accent-color\"><\/i> Planificaci\u00f3n<\/del><\/h6>\n<h6><del><i class=\"icon-tiny fa fa-check accent-color\"><\/i>\u00a0 Puerta de enlace de WhatsApp<\/del><\/h6>\n<h6><del><i class=\"icon-tiny fa fa-check accent-color\"><\/i>\u00a0 Puerta de enlace SMS<\/del><\/h6>\n<h6><del><i class=\"icon-tiny fa fa-check accent-color\"><\/i> Complemento de WordPress<\/del><\/h6>\n<h6><del><i class=\"icon-tiny fa fa-check accent-color\"><\/i> Servicio al cliente<\/del><\/h6>\n\t<\/div>\n<\/div>\n\n\n\n<\/div><\/div><div class=\"pricing-column no-highlight accent-color\">\n\t\t\t<h3>Pro<\/h3>\n          <div class=\"pricing-column-content\">\n\t\t\t<h4> <span class=\"dollar-sign\">\u20ac<\/span> 90 <\/h4>\n\t\t\t<span class=\"interval\">Para siempre<\/span>\n<div class=\"wpb_text_column wpb_content_element\" >\n\t<div class=\"wpb_wrapper\">\n\t\t<h6><a class=\"nectar-button n-sc-button large accent-color has-icon regular-button\"  href=\"https:\/\/sendapp.live\/product\/sendapp-professional\/\" data-color-override=\"false\" data-hover-color-override=\"false\" data-hover-text-color-override=\"#fff\"><span>Comprar<\/span><i class=\"icon-button-arrow\"><\/i><\/a><\/h6>\n<h6><i class=\"icon-tiny fa fa-check accent-color\"><\/i> 200 env\u00edos autom\u00e1ticos<\/h6>\n<h6><i class=\"icon-tiny fa fa-check accent-color\"><\/i> Para siempre<\/h6>\n<h6><i class=\"icon-tiny fa fa-check accent-color\"><\/i> Directorio de contactos<\/h6>\n<h6><i class=\"icon-tiny fa fa-check accent-color\"><\/i> Env\u00edo de informes<\/h6>\n<h6><del><i class=\"icon-tiny fa fa-check accent-color\"><\/i> Respuesta autom\u00e1tica<\/del><\/h6>\n<h6><i class=\"icon-tiny fa fa-check accent-color\"><\/i> Fototeca<\/h6>\n<h6><i class=\"icon-tiny fa fa-check accent-color\"><\/i> Foto de stock gratis<\/h6>\n<h6><i class=\"icon-tiny fa fa-check accent-color\"><\/i> Editor de fotos<\/h6>\n<h6><del><i class=\"icon-tiny fa fa-check accent-color\"><\/i> Planificaci\u00f3n<\/del><\/h6>\n<h6><del><i class=\"icon-tiny fa fa-check accent-color\"><\/i>\u00a0Puerta de enlace de WhatsApp<\/del><\/h6>\n<h6><del><i class=\"icon-tiny fa fa-check accent-color\"><\/i>\u00a0Puerta de enlace SMS<\/del><\/h6>\n<h6><del><i class=\"icon-tiny fa fa-check accent-color\"><\/i> Complemento de WordPress<\/del><\/h6>\n<h6><i class=\"icon-tiny fa fa-check accent-color\"><\/i> Servicio al cliente<\/h6>\n\t<\/div>\n<\/div>\n\n\n\n<\/div><\/div><div class=\"pricing-column highlight accent-color\">\n\t\t\t<h3>Negocio<span class=\"highlight-reason\">Recomendado<\/span><\/h3>\n          <div class=\"pricing-column-content\">\n\t\t\t<h4> <span class=\"dollar-sign\">\u20ac<\/span> 199 <\/h4>\n\t\t\t<span class=\"interval\">Para siempre<\/span>\n<div class=\"wpb_text_column wpb_content_element\" >\n\t<div class=\"wpb_wrapper\">\n\t\t<h6><a class=\"nectar-button n-sc-button large accent-color has-icon regular-button\"  href=\"https:\/\/sendapp.live\/product\/sendapp-business\/\" data-color-override=\"false\" data-hover-color-override=\"false\" data-hover-text-color-override=\"#fff\"><span>Comprar<\/span><i class=\"icon-button-arrow\"><\/i><\/a><\/h6>\n<h6><i class=\"icon-tiny fa fa-check accent-color\"><\/i> Env\u00edos ilimitados<\/h6>\n<h6><i class=\"icon-tiny fa fa-check accent-color\"><\/i> Para siempre<\/h6>\n<h6><i class=\"icon-tiny fa fa-check accent-color\"><\/i> Directorio de contactos<\/h6>\n<h6><i class=\"icon-tiny fa fa-check accent-color\"><\/i> Env\u00edo de informes<\/h6>\n<h6><i class=\"icon-tiny fa fa-check accent-color\"><\/i> Respuesta autom\u00e1tica<\/h6>\n<h6><i class=\"icon-tiny fa fa-check accent-color\"><\/i> Fototeca<\/h6>\n<h6><i class=\"icon-tiny fa fa-check accent-color\"><\/i> Foto de stock gratis<\/h6>\n<h6><i class=\"icon-tiny fa fa-check accent-color\"><\/i> Editor de fotos<\/h6>\n<h6><i class=\"icon-tiny fa fa-check accent-color\"><\/i> Planificaci\u00f3n<\/h6>\n<h6><del><i class=\"icon-tiny fa fa-check accent-color\"><\/i> Puerta de enlace de WhatsApp<\/del><\/h6>\n<h6><i class=\"icon-tiny fa fa-check accent-color\"><\/i> Puerta de enlace SMS<\/h6>\n<h6><del><i class=\"icon-tiny fa fa-check accent-color\"><\/i> Complemento de WordPress<\/del><\/h6>\n<h6><i class=\"icon-tiny fa fa-check accent-color\"><\/i> Servicio al cliente<\/h6>\n\t<\/div>\n<\/div>\n\n\n\n<\/div><\/div><div class=\"pricing-column no-highlight accent-color\">\n\t\t\t<h3>Conectar<\/h3>\n          <div class=\"pricing-column-content\">\n\t\t\t<h4> <span class=\"dollar-sign\">\u20ac<\/span> 299 <\/h4>\n\t\t\t<span class=\"interval\">Para siempre<\/span>\n<div class=\"wpb_text_column wpb_content_element\" >\n\t<div class=\"wpb_wrapper\">\n\t\t<h6><a class=\"nectar-button n-sc-button large accent-color has-icon regular-button\"  href=\"https:\/\/sendapp.live\/product\/sendapp-web-connect\/\" data-color-override=\"false\" data-hover-color-override=\"false\" data-hover-text-color-override=\"#fff\"><span>Comprar<\/span><i class=\"icon-button-arrow\"><\/i><\/a><\/h6>\n<h6><i class=\"icon-tiny fa fa-check accent-color\"><\/i> Env\u00edos ilimitados<\/h6>\n<h6><i class=\"icon-tiny fa fa-check accent-color\"><\/i> Para siempre<\/h6>\n<h6><i class=\"icon-tiny fa fa-check accent-color\"><\/i> Directorio de contactos<\/h6>\n<h6><i class=\"icon-tiny fa fa-check accent-color\"><\/i> Env\u00edo de informes<\/h6>\n<h6><i class=\"icon-tiny fa fa-check accent-color\"><\/i> Respuesta autom\u00e1tica<\/h6>\n<h6><i class=\"icon-tiny fa fa-check accent-color\"><\/i> Fototeca<\/h6>\n<h6><i class=\"icon-tiny fa fa-check accent-color\"><\/i> Foto de stock gratis<\/h6>\n<h6><i class=\"icon-tiny fa fa-check accent-color\"><\/i> Editor de fotos<\/h6>\n<h6><i class=\"icon-tiny fa fa-check accent-color\"><\/i> Planificaci\u00f3n<\/h6>\n<h6><i class=\"icon-tiny fa fa-check accent-color\"><\/i>\u00a0Puerta de enlace de WhatsApp<\/h6>\n<h6><i class=\"icon-tiny fa fa-check accent-color\"><\/i>\u00a0Puerta de enlace SMS<\/h6>\n<h6><i class=\"icon-tiny fa fa-check accent-color\"><\/i> Complemento de WordPress<\/h6>\n<h6><i class=\"icon-tiny fa fa-check accent-color\"><\/i> Servicio al cliente<\/h6>\n\t<\/div>\n<\/div>\n\n\n\n<\/div><\/div><\/div>\n\t\t\t<\/div> \n\t\t<\/div>\n\t<\/div> \n<\/div><\/div>","protected":false},"excerpt":{"rendered":"SendApp vs whats2business per il Whatsapp Marketing SendApp \u00e8 una piattaforma innovativa che permette di utilizzare Whatsapp come strumento di marketing per promuovere il proprio business in modo efficace ed...","protected":false},"author":1,"featured_media":0,"parent":0,"menu_order":0,"comment_status":"closed","ping_status":"closed","template":"","meta":{"footnotes":""},"class_list":["post-30094","page","type-page","status-publish"],"yoast_head":"<!-- This site is optimized with the Yoast SEO plugin v27.4 - https:\/\/yoast.com\/product\/yoast-seo-wordpress\/ -->\n<title>SendApp vs whats2business per il Whatsapp Marketing<\/title>\n<meta name=\"description\" content=\"SendApp vs whats2business. Create personalized messaging campaigns with your messaging app using SendApp. Reach out to your contacts with customized, advertising, and informative messages. Start your successful ad campaign with SendApp today.\" \/>\n<meta name=\"robots\" content=\"index, follow, max-snippet:-1, max-image-preview:large, max-video-preview:-1\" \/>\n<link rel=\"canonical\" href=\"https:\/\/sendapp.cloud\/es\/whats2business\/\" \/>\n<meta property=\"og:locale\" content=\"es_ES\" \/>\n<meta property=\"og:type\" content=\"article\" \/>\n<meta property=\"og:title\" content=\"SendApp vs whats2business per il Whatsapp Marketing\" \/>\n<meta property=\"og:description\" content=\"SendApp vs whats2business. Create personalized messaging campaigns with your messaging app using SendApp. Reach out to your contacts with customized, advertising, and informative messages. Start your successful ad campaign with SendApp today.\" \/>\n<meta property=\"og:url\" content=\"https:\/\/sendapp.cloud\/es\/whats2business\/\" \/>\n<meta property=\"og:site_name\" content=\"SendApp\" \/>\n<meta name=\"twitter:card\" content=\"summary_large_image\" \/>\n<meta name=\"twitter:label1\" content=\"Tiempo de lectura\" \/>\n\t<meta name=\"twitter:data1\" content=\"5 minutos\" \/>\n<script type=\"application\/ld+json\" class=\"yoast-schema-graph\">{\"@context\":\"https:\\\/\\\/schema.org\",\"@graph\":[{\"@type\":\"WebPage\",\"@id\":\"https:\\\/\\\/sendapp.cloud\\\/whats2business\\\/\",\"url\":\"https:\\\/\\\/sendapp.cloud\\\/whats2business\\\/\",\"name\":\"SendApp vs whats2business per il Whatsapp Marketing\",\"isPartOf\":{\"@id\":\"https:\\\/\\\/sendapp.cloud\\\/en\\\/#website\"},\"datePublished\":\"2024-06-20T17:26:44+00:00\",\"description\":\"SendApp vs whats2business. Create personalized messaging campaigns with your messaging app using SendApp. Reach out to your contacts with customized, advertising, and informative messages. Start your successful ad campaign with SendApp today.\",\"breadcrumb\":{\"@id\":\"https:\\\/\\\/sendapp.cloud\\\/whats2business\\\/#breadcrumb\"},\"inLanguage\":\"es\",\"potentialAction\":[{\"@type\":\"ReadAction\",\"target\":[\"https:\\\/\\\/sendapp.cloud\\\/whats2business\\\/\"]}]},{\"@type\":\"BreadcrumbList\",\"@id\":\"https:\\\/\\\/sendapp.cloud\\\/whats2business\\\/#breadcrumb\",\"itemListElement\":[{\"@type\":\"ListItem\",\"position\":1,\"name\":\"Home\",\"item\":\"https:\\\/\\\/sendapp.cloud\\\/\"},{\"@type\":\"ListItem\",\"position\":2,\"name\":\"whats2business\"}]},{\"@type\":\"WebSite\",\"@id\":\"https:\\\/\\\/sendapp.cloud\\\/en\\\/#website\",\"url\":\"https:\\\/\\\/sendapp.cloud\\\/en\\\/\",\"name\":\"SendApp\",\"description\":\"Software Whatsapp Marketing\",\"publisher\":{\"@id\":\"https:\\\/\\\/sendapp.cloud\\\/en\\\/#organization\"},\"potentialAction\":[{\"@type\":\"SearchAction\",\"target\":{\"@type\":\"EntryPoint\",\"urlTemplate\":\"https:\\\/\\\/sendapp.cloud\\\/en\\\/?s={search_term_string}\"},\"query-input\":{\"@type\":\"PropertyValueSpecification\",\"valueRequired\":true,\"valueName\":\"search_term_string\"}}],\"inLanguage\":\"es\"},{\"@type\":\"Organization\",\"@id\":\"https:\\\/\\\/sendapp.cloud\\\/en\\\/#organization\",\"name\":\"SendApp\",\"url\":\"https:\\\/\\\/sendapp.cloud\\\/en\\\/\",\"logo\":{\"@type\":\"ImageObject\",\"inLanguage\":\"es\",\"@id\":\"https:\\\/\\\/sendapp.cloud\\\/en\\\/#\\\/schema\\\/logo\\\/image\\\/\",\"url\":\"https:\\\/\\\/sendapp.cloud\\\/wp-content\\\/uploads\\\/2024\\\/11\\\/Logo-bianco.png\",\"contentUrl\":\"https:\\\/\\\/sendapp.cloud\\\/wp-content\\\/uploads\\\/2024\\\/11\\\/Logo-bianco.png\",\"width\":145,\"height\":48,\"caption\":\"SendApp\"},\"image\":{\"@id\":\"https:\\\/\\\/sendapp.cloud\\\/en\\\/#\\\/schema\\\/logo\\\/image\\\/\"}}]}<\/script>\n<!-- \/ Yoast SEO plugin. -->","yoast_head_json":{"title":"SendApp vs whats2business para marketing en WhatsApp","description":"SendApp vs whats2business. Create personalized messaging campaigns with your messaging app using SendApp. Reach out to your contacts with customized, advertising, and informative messages. Start your successful ad campaign with SendApp today.","robots":{"index":"index","follow":"follow","max-snippet":"max-snippet:-1","max-image-preview":"max-image-preview:large","max-video-preview":"max-video-preview:-1"},"canonical":"https:\/\/sendapp.cloud\/es\/whats2business\/","og_locale":"es_ES","og_type":"article","og_title":"SendApp vs whats2business per il Whatsapp Marketing","og_description":"SendApp vs whats2business. Create personalized messaging campaigns with your messaging app using SendApp. Reach out to your contacts with customized, advertising, and informative messages. Start your successful ad campaign with SendApp today.","og_url":"https:\/\/sendapp.cloud\/es\/whats2business\/","og_site_name":"SendApp","twitter_card":"summary_large_image","twitter_misc":{"Tiempo de lectura":"5 minutos"},"schema":{"@context":"https:\/\/schema.org","@graph":[{"@type":"WebPage","@id":"https:\/\/sendapp.cloud\/whats2business\/","url":"https:\/\/sendapp.cloud\/whats2business\/","name":"SendApp vs whats2business para marketing en WhatsApp","isPartOf":{"@id":"https:\/\/sendapp.cloud\/en\/#website"},"datePublished":"2024-06-20T17:26:44+00:00","description":"SendApp vs whats2business. Create personalized messaging campaigns with your messaging app using SendApp. Reach out to your contacts with customized, advertising, and informative messages. Start your successful ad campaign with SendApp today.","breadcrumb":{"@id":"https:\/\/sendapp.cloud\/whats2business\/#breadcrumb"},"inLanguage":"es","potentialAction":[{"@type":"ReadAction","target":["https:\/\/sendapp.cloud\/whats2business\/"]}]},{"@type":"BreadcrumbList","@id":"https:\/\/sendapp.cloud\/whats2business\/#breadcrumb","itemListElement":[{"@type":"ListItem","position":1,"name":"Home","item":"https:\/\/sendapp.cloud\/"},{"@type":"ListItem","position":2,"name":"whats2business"}]},{"@type":"WebSite","@id":"https:\/\/sendapp.cloud\/en\/#website","url":"https:\/\/sendapp.cloud\/en\/","name":"SendApp","description":"Software de marketing de WhatsApp","publisher":{"@id":"https:\/\/sendapp.cloud\/en\/#organization"},"potentialAction":[{"@type":"SearchAction","target":{"@type":"EntryPoint","urlTemplate":"https:\/\/sendapp.cloud\/en\/?s={search_term_string}"},"query-input":{"@type":"PropertyValueSpecification","valueRequired":true,"valueName":"search_term_string"}}],"inLanguage":"es"},{"@type":"Organization","@id":"https:\/\/sendapp.cloud\/en\/#organization","name":"SendApp","url":"https:\/\/sendapp.cloud\/en\/","logo":{"@type":"ImageObject","inLanguage":"es","@id":"https:\/\/sendapp.cloud\/en\/#\/schema\/logo\/image\/","url":"https:\/\/sendapp.cloud\/wp-content\/uploads\/2024\/11\/Logo-bianco.png","contentUrl":"https:\/\/sendapp.cloud\/wp-content\/uploads\/2024\/11\/Logo-bianco.png","width":145,"height":48,"caption":"SendApp"},"image":{"@id":"https:\/\/sendapp.cloud\/en\/#\/schema\/logo\/image\/"}}]}},"_links":{"self":[{"href":"https:\/\/sendapp.cloud\/es\/wp-json\/wp\/v2\/pages\/30094","targetHints":{"allow":["GET"]}}],"collection":[{"href":"https:\/\/sendapp.cloud\/es\/wp-json\/wp\/v2\/pages"}],"about":[{"href":"https:\/\/sendapp.cloud\/es\/wp-json\/wp\/v2\/types\/page"}],"author":[{"embeddable":true,"href":"https:\/\/sendapp.cloud\/es\/wp-json\/wp\/v2\/users\/1"}],"replies":[{"embeddable":true,"href":"https:\/\/sendapp.cloud\/es\/wp-json\/wp\/v2\/comments?post=30094"}],"version-history":[{"count":0,"href":"https:\/\/sendapp.cloud\/es\/wp-json\/wp\/v2\/pages\/30094\/revisions"}],"wp:attachment":[{"href":"https:\/\/sendapp.cloud\/es\/wp-json\/wp\/v2\/media?parent=30094"}],"curies":[{"name":"gracias","href":"https:\/\/api.w.org\/{rel}","templated":true}]}}