{"id":28437,"date":"2024-01-22T12:24:47","date_gmt":"2024-01-22T11:24:47","guid":{"rendered":"https:\/\/sendapp.live\/?page_id=28437"},"modified":"2024-01-22T12:24:47","modified_gmt":"2024-01-22T11:24:47","slug":"istruzioni-sendapp-api-meta","status":"publish","type":"page","link":"https:\/\/sendapp.cloud\/es\/istruzioni-sendapp-api-meta\/","title":{"rendered":"Metainstrucciones de la API de SendApp"},"content":{"rendered":"<div id=\"fws_69f1aaaaeec97\"  data-column-margin=\"default\" data-midnight=\"dark\"  class=\"wpb_row vc_row-fluid vc_row\"  style=\"padding-top: 0px; padding-bottom: 0px; \"><div class=\"row-bg-wrap\" data-bg-animation=\"none\" data-bg-animation-delay=\"\" data-bg-overlay=\"false\"><div class=\"inner-wrap row-bg-layer\" ><div class=\"row-bg viewport-desktop\"  style=\"\"><\/div><\/div><\/div><div class=\"row_col_wrap_12 col span_12 dark left\">\n\t<div  class=\"vc_col-sm-6 wpb_column column_container vc_column_container col no-extra-padding inherit_tablet inherit_phone\"  data-padding-pos=\"all\" data-has-bg-color=\"false\" data-bg-color=\"\" data-bg-opacity=\"1\" data-animation=\"\" data-delay=\"0\" >\n\t\t<div class=\"vc_column-inner\" >\n\t\t\t<div class=\"wpb_wrapper\">\n\t\t\t\t<div class=\"img-with-aniamtion-wrap\" data-max-width=\"100%\" data-max-width-mobile=\"default\" data-shadow=\"none\" data-animation=\"fade-in\" >\n      <div class=\"inner\">\n        <div class=\"hover-wrap\"> \n          <div class=\"hover-wrap-inner\">\n            <img loading=\"lazy\" decoding=\"async\" class=\"img-with-animation skip-lazy\" data-delay=\"0\" height=\"465\" width=\"601\" data-animation=\"fade-in\" src=\"https:\/\/sendapp.cloud\/wp-content\/uploads\/2022\/02\/message_sender_hero_image.png\" alt=\"\" srcset=\"https:\/\/sendapp.cloud\/wp-content\/uploads\/2022\/02\/message_sender_hero_image.png 601w, https:\/\/sendapp.cloud\/wp-content\/uploads\/2022\/02\/message_sender_hero_image-300x232.png 300w, https:\/\/sendapp.cloud\/wp-content\/uploads\/2022\/02\/message_sender_hero_image-16x12.png 16w\" sizes=\"auto, (max-width: 601px) 100vw, 601px\" \/>\n          <\/div>\n        <\/div>\n      <\/div>\n    <\/div>\n\t\t\t<\/div> \n\t\t<\/div>\n\t<\/div> \n\n\t<div  class=\"vc_col-sm-6 wpb_column column_container vc_column_container col no-extra-padding inherit_tablet inherit_phone\"  data-padding-pos=\"all\" data-has-bg-color=\"false\" data-bg-color=\"\" data-bg-opacity=\"1\" data-animation=\"\" data-delay=\"0\" >\n\t\t<div class=\"vc_column-inner\" >\n\t\t\t<div class=\"wpb_wrapper\">\n\t\t\t\t\n<div class=\"wpb_text_column wpb_content_element\" >\n\t<div class=\"wpb_wrapper\">\n\t\t<h1 style=\"text-align: left;\"><span style=\"color: #008000;\">Configurar<br \/>\nlas abejas W<\/span><span style=\"color: #008000;\">Meta de hastApp<br \/>\npara SendApp Cloud<br \/>\n<\/span><span style=\"color: #008000;\">Meta API<br \/>\n<\/span><\/h1>\n\t<\/div>\n<\/div>\n\n\n\n\n<div class=\"wpb_text_column wpb_content_element\" >\n\t<div class=\"wpb_wrapper\">\n\t\t<h3 style=\"text-align: left;\"><span style=\"color: #808080;\">Dise\u00f1ado para peque\u00f1as y medianas empresas,<\/span><br \/>\n<span style=\"color: #808080;\">Para revolucionar la comunicaci\u00f3n con el cliente.<\/span><\/h3>\n\t<\/div>\n<\/div>\n\n\n\n<a class=\"nectar-button jumbo regular accent-color  regular-button\"  role=\"button\" style=\"\" target=\"_blank\" href=\"https:\/\/web.sendapp.cloud\/\" data-color-override=\"false\" data-hover-color-override=\"false\" data-hover-text-color-override=\"#fff\"><span>Iniciar sesi\u00f3n<\/span><\/a>\n\t\t\t<\/div> \n\t\t<\/div>\n\t<\/div> \n<\/div><\/div>\n\t\t<div id=\"fws_69f1aaaaf0b17\"  data-column-margin=\"default\" data-midnight=\"dark\"  class=\"wpb_row vc_row-fluid vc_row\"  style=\"padding-top: 0px; padding-bottom: 0px; \"><div class=\"row-bg-wrap\" data-bg-animation=\"none\" data-bg-animation-delay=\"\" data-bg-overlay=\"false\"><div class=\"inner-wrap row-bg-layer\" ><div class=\"row-bg viewport-desktop\"  style=\"\"><\/div><\/div><\/div><div class=\"row_col_wrap_12 col span_12 dark left\">\n\t<div  class=\"vc_col-sm-12 wpb_column column_container vc_column_container col no-extra-padding inherit_tablet inherit_phone\"  data-padding-pos=\"all\" data-has-bg-color=\"false\" data-bg-color=\"\" data-bg-opacity=\"1\" data-animation=\"\" data-delay=\"0\" >\n\t\t<div class=\"vc_column-inner\" >\n\t\t\t<div class=\"wpb_wrapper\">\n\t\t\t\t\n<div class=\"wpb_text_column wpb_content_element\" >\n\t<div class=\"wpb_wrapper\">\n\t\t<p>C\u00f3mo crear una aplicaci\u00f3n de Facebook<\/p>\n<ol>\n<li>Inicia sesi\u00f3n o reg\u00edstrate en <a href=\"https:\/\/developers.facebook.com\" target=\"_blank\" rel=\"noopener\">Facebook<\/a><\/li>\n<li>Luego ve a la p\u00e1gina <strong>Aplicaciones<\/strong><\/li>\n<li>Hacer clic en <strong>Crear una aplicaci\u00f3n<\/strong><\/li>\n<\/ol>\n<p><img loading=\"lazy\" decoding=\"async\" class=\"alignnone wp-image-28443 size-full\" src=\"https:\/\/sendapp.live\/wp-content\/uploads\/2024\/01\/001-1.jpg\" alt=\"\" width=\"1625\" height=\"987\" \/><\/p>\n<ol>\n<li>Seleccionar <strong>Otro<\/strong><\/li>\n<li>Luego haga clic en siguiente<\/li>\n<\/ol>\n<p><img loading=\"lazy\" decoding=\"async\" class=\"alignnone size-full wp-image-28446\" src=\"https:\/\/sendapp.live\/wp-content\/uploads\/2024\/01\/002.jpg\" alt=\"\" width=\"1625\" height=\"987\" \/><\/p>\n<ol>\n<li>Seleccionar <strong>Agencia<\/strong><\/li>\n<li>Luego haga clic en siguiente<\/li>\n<\/ol>\n<p><img loading=\"lazy\" decoding=\"async\" class=\"alignnone size-full wp-image-28448\" src=\"https:\/\/sendapp.live\/wp-content\/uploads\/2024\/01\/003.jpg\" alt=\"\" width=\"1625\" height=\"987\" \/><\/p>\n<ol>\n<li>A continuaci\u00f3n, introduzca toda la informaci\u00f3n requerida.<\/li>\n<li>Y haga clic en <strong>Crear aplicaci\u00f3n<\/strong><\/li>\n<\/ol>\n<p><img loading=\"lazy\" decoding=\"async\" class=\"alignnone size-full wp-image-28449\" src=\"https:\/\/sendapp.live\/wp-content\/uploads\/2024\/01\/004.jpg\" alt=\"\" width=\"1625\" height=\"987\" \/><\/p>\n<p>C\u00f3mo configurar WhatsApp en una aplicaci\u00f3n<\/p>\n<ol>\n<li>En la App necesitas configurar el producto <strong>WhatsApp<\/strong><\/li>\n<\/ol>\n<p><img loading=\"lazy\" decoding=\"async\" class=\"alignnone size-full wp-image-28451\" src=\"https:\/\/sendapp.live\/wp-content\/uploads\/2024\/01\/005.jpg\" alt=\"\" width=\"1625\" height=\"987\" \/><\/p>\n<p>&nbsp;<\/p>\n<ol>\n<li>Selecciona la informaci\u00f3n solicitada por Facebook y haz clic en <strong>contin\u00faa<\/strong><\/li>\n<\/ol>\n<p><img loading=\"lazy\" decoding=\"async\" class=\"alignnone size-full wp-image-28453\" src=\"https:\/\/sendapp.live\/wp-content\/uploads\/2024\/01\/006.jpg\" alt=\"\" width=\"1625\" height=\"987\" \/><\/p>\n<ol>\n<li>Despu\u00e9s de hacer clic en continuar, Facebook enviar\u00e1 un <strong>SMS<\/strong> con un c\u00f3digo OTP para ingresar<\/li>\n<li>Despu\u00e9s de ingresar el c\u00f3digo OTP haga clic en continuar<\/li>\n<\/ol>\n<p><img loading=\"lazy\" decoding=\"async\" class=\"alignnone size-full wp-image-28455\" src=\"https:\/\/sendapp.live\/wp-content\/uploads\/2024\/01\/007.jpg\" alt=\"\" width=\"1625\" height=\"987\" \/><\/p>\n<p>C\u00f3mo crear un token permanente<\/p>\n<ol>\n<li>Despu\u00e9s de configurar su producto WhatsApp, para crear un token permanente, vaya a la p\u00e1gina <a href=\"https:\/\/business.facebook.com\/latest\/settings\/\" target=\"_blank\" rel=\"noopener\">Facebook empresarial<\/a><\/li>\n<li>Haga clic en Usuarios del sistema en el men\u00fa lateral<\/li>\n<li>Seleccione la cuenta de administrador y haga clic en Generar un nuevo token<\/li>\n<\/ol>\n<p><img loading=\"lazy\" decoding=\"async\" class=\"alignnone size-full wp-image-28457\" src=\"https:\/\/sendapp.live\/wp-content\/uploads\/2024\/01\/008.jpg\" alt=\"\" width=\"1625\" height=\"987\" \/><\/p>\n<ol>\n<li>Despu\u00e9s de hacer clic en el bot\u00f3n Generar un token, se abrir\u00e1 una nueva ventana donde deber\u00e1s seleccionar la App que creaste anteriormente.<\/li>\n<li>En la secci\u00f3n de vencimiento del token, seleccione \u201cnunca\u201d<\/li>\n<\/ol>\n<p><img loading=\"lazy\" decoding=\"async\" class=\"alignnone size-full wp-image-28459\" src=\"https:\/\/sendapp.live\/wp-content\/uploads\/2024\/01\/009.jpg\" alt=\"\" width=\"1625\" height=\"987\" \/><\/p>\n<ol>\n<li>En la secci\u00f3n de permisos, seleccione solo los permisos que hacen referencia al producto WhatsApp<\/li>\n<li>Despu\u00e9s de seleccionarlos, haga clic en Generar token<\/li>\n<\/ol>\n<p><img loading=\"lazy\" decoding=\"async\" class=\"alignnone size-full wp-image-28460\" src=\"https:\/\/sendapp.live\/wp-content\/uploads\/2024\/01\/010.jpg\" alt=\"\" width=\"1625\" height=\"987\" \/><\/p>\n<ol>\n<li>Despu\u00e9s de hacer clic en Generar token, Facebook enviar\u00e1 un <strong>SMS<\/strong> con un c\u00f3digo OTP para ingresar<\/li>\n<li>Despu\u00e9s de ingresar el c\u00f3digo OTP haga clic en <strong>\u00c9l confirma<\/strong><\/li>\n<\/ol>\n<p><img loading=\"lazy\" decoding=\"async\" class=\"alignnone size-full wp-image-28466\" src=\"https:\/\/sendapp.live\/wp-content\/uploads\/2024\/01\/011.jpg\" alt=\"\" width=\"1625\" height=\"987\" \/><\/p>\n<ol>\n<li>Despu\u00e9s de hacer clic en continuar, aparecer\u00e1 una p\u00e1gina con el token permanente para copiar y guardar (el token, si se pierde, ser\u00e1 irrecuperable).<\/li>\n<\/ol>\n<p><img loading=\"lazy\" decoding=\"async\" class=\"alignnone size-full wp-image-28468\" src=\"https:\/\/sendapp.live\/wp-content\/uploads\/2024\/01\/012.jpg\" alt=\"\" width=\"1625\" height=\"987\" \/><\/p>\n<p>C\u00f3mo configurar un n\u00famero de tel\u00e9fono en Facebook<\/p>\n<ol>\n<li>Ir a la p\u00e1gina <a href=\"https:\/\/business.facebook.com\/wa\/manage\/phone-numbers\" target=\"_blank\" rel=\"noopener\">N\u00fameros de tel\u00e9fono de Facebook para empresas<\/a><\/li>\n<li>Haga clic en el bot\u00f3n <strong>Agregar n\u00famero de tel\u00e9fono<\/strong><\/li>\n<\/ol>\n<p><img loading=\"lazy\" decoding=\"async\" class=\"alignnone wp-image-28555 size-full\" src=\"https:\/\/sendapp.live\/wp-content\/uploads\/2024\/01\/312565524_644416544022290_8787628605925034725_n-1.png\" alt=\"\" width=\"1625\" height=\"567\" \/><\/p>\n<ol>\n<li>Luego se abrir\u00e1 una p\u00e1gina donde tendr\u00e1s que ingresar toda la informaci\u00f3n requerida.<\/li>\n<li>Una vez hayas ingresado toda la informaci\u00f3n, haz clic en siguiente.<\/li>\n<\/ol>\n<p><img loading=\"lazy\" decoding=\"async\" class=\"alignnone size-full wp-image-28476\" src=\"https:\/\/sendapp.live\/wp-content\/uploads\/2024\/01\/014.jpg\" alt=\"\" width=\"1625\" height=\"987\" \/><\/p>\n<ol>\n<li>A continuaci\u00f3n tendr\u00e1s que introducir el <strong>n\u00famero telef\u00f3nico<\/strong> y seleccione el prefijo correspondiente al n\u00famero<\/li>\n<li>Luego de ingresar todo, haga clic en siguiente<\/li>\n<\/ol>\n<p><img loading=\"lazy\" decoding=\"async\" class=\"alignnone size-full wp-image-28477\" src=\"https:\/\/sendapp.live\/wp-content\/uploads\/2024\/01\/015.jpg\" alt=\"\" width=\"1625\" height=\"987\" \/><\/p>\n<ol>\n<li>Ahora ve a tu p\u00e1gina <strong>Aplicaci\u00f3n<\/strong><\/li>\n<li>Y ve a la secci\u00f3n <strong>Configuraci\u00f3n de API<\/strong><\/li>\n<li>Seleccione el n\u00famero de tel\u00e9fono en el campo correspondiente si a\u00fan no est\u00e1 seleccionado y haga clic en verificar<\/li>\n<\/ol>\n<p><img loading=\"lazy\" decoding=\"async\" class=\"alignnone size-full wp-image-28562\" src=\"https:\/\/sendapp.live\/wp-content\/uploads\/2024\/01\/027-1-scaled.jpg\" alt=\"\" width=\"2560\" height=\"1361\" \/><\/p>\n<ol>\n<li>Posteriormente se abrir\u00e1 una p\u00e1gina donde tendr\u00e1s que elegir el m\u00e9todo para recibir el <strong>C\u00f3digo OTP de WhatsApp<\/strong><\/li>\n<li>Despu\u00e9s de hacer clic en Siguiente y recibir el c\u00f3digo OTP, ingrese el <strong>C\u00f3digo OTP<\/strong> y haga clic en siguiente<\/li>\n<li>Ahora el n\u00famero est\u00e1 activo y funcionando con las credenciales pertinentes. <strong>Identificaci\u00f3n del n\u00famero de tel\u00e9fono<\/strong><\/li>\n<\/ol>\n<p>C\u00f3mo configurar las API en SendApp Cloud API Meta<\/p>\n<ol>\n<li>En tu aplicaci\u00f3n de Facebook en la secci\u00f3n <strong>Productos-&gt;WhatsApp<\/strong><\/li>\n<li>Hacer clic en <strong>Configuraci\u00f3n de API<\/strong><\/li>\n<li>Seleccione su n\u00famero previamente registrado y copie los par\u00e1metros <strong>Identificaci\u00f3n del n\u00famero de tel\u00e9fono<\/strong> Y <strong>ID de cuenta de WhatsApp Business<\/strong><\/li>\n<li>Tambi\u00e9n copia el ID de la aplicaci\u00f3n<\/li>\n<\/ol>\n<p><img loading=\"lazy\" decoding=\"async\" class=\"alignnone size-full wp-image-28485\" src=\"https:\/\/sendapp.live\/wp-content\/uploads\/2024\/01\/016.jpg\" alt=\"\" width=\"1625\" height=\"987\" \/><\/p>\n<ol>\n<li>A continuaci\u00f3n, vaya a la <a href=\"https:\/\/web.sendapp.cloud\/profile\/whatsapp_cloud_api.php\" target=\"_blank\" rel=\"noopener\">Configuraci\u00f3n de SendApp<\/a><\/li>\n<li>Introduzca todos los datos copiados y el token permanente creado previamente<\/li>\n<li>Luego de ingresar todos los datos haga clic en enviar<\/li>\n<\/ol>\n<p><img loading=\"lazy\" decoding=\"async\" class=\"alignnone size-full wp-image-28489\" src=\"https:\/\/sendapp.live\/wp-content\/uploads\/2024\/01\/017-1.jpg\" alt=\"\" width=\"1625\" height=\"987\" \/><br \/>\nC\u00f3mo configurar un webhook en SendApp Cloud API Meta<\/p>\n<ol>\n<li>Ir a la <a href=\"https:\/\/web.sendapp.cloud\/profile\/whatsapp_cloud_api.php\" target=\"_blank\" rel=\"noopener\">Configuraci\u00f3n de SendApp<\/a><\/li>\n<li>Haga clic en el bot\u00f3n \u201cMostrar informaci\u00f3n del webhook\u201d<\/li>\n<li>Copiar la URL y verificar el token<\/li>\n<\/ol>\n<p><img loading=\"lazy\" decoding=\"async\" class=\"alignnone size-full wp-image-28493\" src=\"https:\/\/sendapp.live\/wp-content\/uploads\/2024\/01\/018.jpg\" alt=\"\" width=\"1625\" height=\"987\" \/><\/p>\n<p><img loading=\"lazy\" decoding=\"async\" class=\"alignnone size-full wp-image-28495\" src=\"https:\/\/sendapp.live\/wp-content\/uploads\/2024\/01\/019.jpg\" alt=\"\" width=\"1625\" height=\"987\" \/><\/p>\n<ol>\n<li>Despu\u00e9s de copiar todo<\/li>\n<li>Ve a tu App y en la secci\u00f3n de WhatsApp haz clic en configuraci\u00f3n<\/li>\n<li>Y donde vea el bot\u00f3n &quot;Editar&quot; al lado del texto que hace referencia al Webhook, haga clic en \u00e9l.<\/li>\n<\/ol>\n<p><img loading=\"lazy\" decoding=\"async\" class=\"alignnone wp-image-28497\" src=\"https:\/\/sendapp.live\/wp-content\/uploads\/2024\/01\/020.jpg\" alt=\"\" width=\"1435\" height=\"871\" \/><\/p>\n<ol>\n<li>Posteriormente se abrir\u00e1 una p\u00e1gina donde deber\u00e1s insertar todos los datos copiados previamente en los campos respectivos.<\/li>\n<li>Despu\u00e9s de introducir los datos, haga clic en guardar.<\/li>\n<\/ol>\n<p><img loading=\"lazy\" decoding=\"async\" class=\"alignnone size-full wp-image-28499\" src=\"https:\/\/sendapp.live\/wp-content\/uploads\/2024\/01\/022.jpg\" alt=\"\" width=\"1625\" height=\"987\" \/><\/p>\n<ol>\n<li>Despu\u00e9s de configurar el webhook sin recibir ning\u00fan error<\/li>\n<li>A\u00fan en la misma p\u00e1gina, haga clic en \u201cAdministrar\u201d en la secci\u00f3n Campos de Webhook<\/li>\n<\/ol>\n<p><img loading=\"lazy\" decoding=\"async\" class=\"alignnone size-full wp-image-28502\" src=\"https:\/\/sendapp.live\/wp-content\/uploads\/2024\/01\/023.jpg\" alt=\"\" width=\"1625\" height=\"987\" \/><\/p>\n<ol>\n<li>Despu\u00e9s se abrir\u00e1 una p\u00e1gina y solo tendr\u00e1s que seleccionar el campo \u201cmensajes\u201d<\/li>\n<\/ol>\n<p><img loading=\"lazy\" decoding=\"async\" class=\"alignnone size-full wp-image-28504\" src=\"https:\/\/sendapp.live\/wp-content\/uploads\/2024\/01\/024.jpg\" alt=\"\" width=\"1625\" height=\"987\" \/><\/p>\n\t<\/div>\n<\/div>\n\n\n\n\n\t\t\t<\/div> \n\t\t<\/div>\n\t<\/div> \n<\/div><\/div>","protected":false},"excerpt":{"rendered":"Configurare le api WhastApp Meta per SendApp Cloud API Meta Pensate per le piccole e medie aziende, per rivoluzionare la comunicazione con i clienti. Accedi Come creare un'App Facebook Accedi...","protected":false},"author":1,"featured_media":0,"parent":0,"menu_order":0,"comment_status":"closed","ping_status":"closed","template":"","meta":{"footnotes":""},"class_list":["post-28437","page","type-page","status-publish"],"yoast_head":"<!-- This site is optimized with the Yoast SEO plugin v27.4 - https:\/\/yoast.com\/product\/yoast-seo-wordpress\/ -->\n<title>Istruzioni SendApp API Meta - SendApp<\/title>\n<meta name=\"robots\" content=\"index, follow, max-snippet:-1, max-image-preview:large, max-video-preview:-1\" \/>\n<link rel=\"canonical\" href=\"https:\/\/sendapp.cloud\/es\/istruzioni-sendapp-api-meta\/\" \/>\n<meta property=\"og:locale\" content=\"es_ES\" \/>\n<meta property=\"og:type\" content=\"article\" \/>\n<meta property=\"og:title\" content=\"Istruzioni SendApp API Meta - SendApp\" \/>\n<meta property=\"og:url\" content=\"https:\/\/sendapp.cloud\/es\/istruzioni-sendapp-api-meta\/\" \/>\n<meta property=\"og:site_name\" content=\"SendApp\" \/>\n<meta property=\"og:image\" content=\"https:\/\/sendapp.live\/wp-content\/uploads\/2024\/01\/001-1.jpg\" \/>\n<meta name=\"twitter:card\" content=\"summary_large_image\" \/>\n<meta name=\"twitter:label1\" content=\"Tiempo de lectura\" \/>\n\t<meta name=\"twitter:data1\" content=\"8 minutos\" \/>\n<script type=\"application\/ld+json\" class=\"yoast-schema-graph\">{\"@context\":\"https:\\\/\\\/schema.org\",\"@graph\":[{\"@type\":\"WebPage\",\"@id\":\"https:\\\/\\\/sendapp.cloud\\\/istruzioni-sendapp-api-meta\\\/\",\"url\":\"https:\\\/\\\/sendapp.cloud\\\/istruzioni-sendapp-api-meta\\\/\",\"name\":\"Istruzioni SendApp API Meta - SendApp\",\"isPartOf\":{\"@id\":\"https:\\\/\\\/sendapp.cloud\\\/en\\\/#website\"},\"primaryImageOfPage\":{\"@id\":\"https:\\\/\\\/sendapp.cloud\\\/istruzioni-sendapp-api-meta\\\/#primaryimage\"},\"image\":{\"@id\":\"https:\\\/\\\/sendapp.cloud\\\/istruzioni-sendapp-api-meta\\\/#primaryimage\"},\"thumbnailUrl\":\"https:\\\/\\\/sendapp.live\\\/wp-content\\\/uploads\\\/2024\\\/01\\\/001-1.jpg\",\"datePublished\":\"2024-01-22T11:24:47+00:00\",\"breadcrumb\":{\"@id\":\"https:\\\/\\\/sendapp.cloud\\\/istruzioni-sendapp-api-meta\\\/#breadcrumb\"},\"inLanguage\":\"es\",\"potentialAction\":[{\"@type\":\"ReadAction\",\"target\":[\"https:\\\/\\\/sendapp.cloud\\\/istruzioni-sendapp-api-meta\\\/\"]}]},{\"@type\":\"ImageObject\",\"inLanguage\":\"es\",\"@id\":\"https:\\\/\\\/sendapp.cloud\\\/istruzioni-sendapp-api-meta\\\/#primaryimage\",\"url\":\"https:\\\/\\\/sendapp.live\\\/wp-content\\\/uploads\\\/2024\\\/01\\\/001-1.jpg\",\"contentUrl\":\"https:\\\/\\\/sendapp.live\\\/wp-content\\\/uploads\\\/2024\\\/01\\\/001-1.jpg\"},{\"@type\":\"BreadcrumbList\",\"@id\":\"https:\\\/\\\/sendapp.cloud\\\/istruzioni-sendapp-api-meta\\\/#breadcrumb\",\"itemListElement\":[{\"@type\":\"ListItem\",\"position\":1,\"name\":\"Home\",\"item\":\"https:\\\/\\\/sendapp.cloud\\\/\"},{\"@type\":\"ListItem\",\"position\":2,\"name\":\"Istruzioni SendApp API Meta\"}]},{\"@type\":\"WebSite\",\"@id\":\"https:\\\/\\\/sendapp.cloud\\\/en\\\/#website\",\"url\":\"https:\\\/\\\/sendapp.cloud\\\/en\\\/\",\"name\":\"SendApp\",\"description\":\"Software Whatsapp Marketing\",\"publisher\":{\"@id\":\"https:\\\/\\\/sendapp.cloud\\\/en\\\/#organization\"},\"potentialAction\":[{\"@type\":\"SearchAction\",\"target\":{\"@type\":\"EntryPoint\",\"urlTemplate\":\"https:\\\/\\\/sendapp.cloud\\\/en\\\/?s={search_term_string}\"},\"query-input\":{\"@type\":\"PropertyValueSpecification\",\"valueRequired\":true,\"valueName\":\"search_term_string\"}}],\"inLanguage\":\"es\"},{\"@type\":\"Organization\",\"@id\":\"https:\\\/\\\/sendapp.cloud\\\/en\\\/#organization\",\"name\":\"SendApp\",\"url\":\"https:\\\/\\\/sendapp.cloud\\\/en\\\/\",\"logo\":{\"@type\":\"ImageObject\",\"inLanguage\":\"es\",\"@id\":\"https:\\\/\\\/sendapp.cloud\\\/en\\\/#\\\/schema\\\/logo\\\/image\\\/\",\"url\":\"https:\\\/\\\/sendapp.cloud\\\/wp-content\\\/uploads\\\/2024\\\/11\\\/Logo-bianco.png\",\"contentUrl\":\"https:\\\/\\\/sendapp.cloud\\\/wp-content\\\/uploads\\\/2024\\\/11\\\/Logo-bianco.png\",\"width\":145,\"height\":48,\"caption\":\"SendApp\"},\"image\":{\"@id\":\"https:\\\/\\\/sendapp.cloud\\\/en\\\/#\\\/schema\\\/logo\\\/image\\\/\"}}]}<\/script>\n<!-- \/ Yoast SEO plugin. -->","yoast_head_json":{"title":"Istruzioni SendApp API Meta - SendApp","robots":{"index":"index","follow":"follow","max-snippet":"max-snippet:-1","max-image-preview":"max-image-preview:large","max-video-preview":"max-video-preview:-1"},"canonical":"https:\/\/sendapp.cloud\/es\/istruzioni-sendapp-api-meta\/","og_locale":"es_ES","og_type":"article","og_title":"Istruzioni SendApp API Meta - SendApp","og_url":"https:\/\/sendapp.cloud\/es\/istruzioni-sendapp-api-meta\/","og_site_name":"SendApp","og_image":[{"url":"https:\/\/sendapp.live\/wp-content\/uploads\/2024\/01\/001-1.jpg","type":"","width":"","height":""}],"twitter_card":"summary_large_image","twitter_misc":{"Tiempo de lectura":"8 minutos"},"schema":{"@context":"https:\/\/schema.org","@graph":[{"@type":"WebPage","@id":"https:\/\/sendapp.cloud\/istruzioni-sendapp-api-meta\/","url":"https:\/\/sendapp.cloud\/istruzioni-sendapp-api-meta\/","name":"Istruzioni SendApp API Meta - SendApp","isPartOf":{"@id":"https:\/\/sendapp.cloud\/en\/#website"},"primaryImageOfPage":{"@id":"https:\/\/sendapp.cloud\/istruzioni-sendapp-api-meta\/#primaryimage"},"image":{"@id":"https:\/\/sendapp.cloud\/istruzioni-sendapp-api-meta\/#primaryimage"},"thumbnailUrl":"https:\/\/sendapp.live\/wp-content\/uploads\/2024\/01\/001-1.jpg","datePublished":"2024-01-22T11:24:47+00:00","breadcrumb":{"@id":"https:\/\/sendapp.cloud\/istruzioni-sendapp-api-meta\/#breadcrumb"},"inLanguage":"es","potentialAction":[{"@type":"ReadAction","target":["https:\/\/sendapp.cloud\/istruzioni-sendapp-api-meta\/"]}]},{"@type":"ImageObject","inLanguage":"es","@id":"https:\/\/sendapp.cloud\/istruzioni-sendapp-api-meta\/#primaryimage","url":"https:\/\/sendapp.live\/wp-content\/uploads\/2024\/01\/001-1.jpg","contentUrl":"https:\/\/sendapp.live\/wp-content\/uploads\/2024\/01\/001-1.jpg"},{"@type":"BreadcrumbList","@id":"https:\/\/sendapp.cloud\/istruzioni-sendapp-api-meta\/#breadcrumb","itemListElement":[{"@type":"ListItem","position":1,"name":"Home","item":"https:\/\/sendapp.cloud\/"},{"@type":"ListItem","position":2,"name":"Istruzioni SendApp API Meta"}]},{"@type":"WebSite","@id":"https:\/\/sendapp.cloud\/en\/#website","url":"https:\/\/sendapp.cloud\/en\/","name":"SendApp","description":"Software de marketing de WhatsApp","publisher":{"@id":"https:\/\/sendapp.cloud\/en\/#organization"},"potentialAction":[{"@type":"SearchAction","target":{"@type":"EntryPoint","urlTemplate":"https:\/\/sendapp.cloud\/en\/?s={search_term_string}"},"query-input":{"@type":"PropertyValueSpecification","valueRequired":true,"valueName":"search_term_string"}}],"inLanguage":"es"},{"@type":"Organization","@id":"https:\/\/sendapp.cloud\/en\/#organization","name":"SendApp","url":"https:\/\/sendapp.cloud\/en\/","logo":{"@type":"ImageObject","inLanguage":"es","@id":"https:\/\/sendapp.cloud\/en\/#\/schema\/logo\/image\/","url":"https:\/\/sendapp.cloud\/wp-content\/uploads\/2024\/11\/Logo-bianco.png","contentUrl":"https:\/\/sendapp.cloud\/wp-content\/uploads\/2024\/11\/Logo-bianco.png","width":145,"height":48,"caption":"SendApp"},"image":{"@id":"https:\/\/sendapp.cloud\/en\/#\/schema\/logo\/image\/"}}]}},"_links":{"self":[{"href":"https:\/\/sendapp.cloud\/es\/wp-json\/wp\/v2\/pages\/28437","targetHints":{"allow":["GET"]}}],"collection":[{"href":"https:\/\/sendapp.cloud\/es\/wp-json\/wp\/v2\/pages"}],"about":[{"href":"https:\/\/sendapp.cloud\/es\/wp-json\/wp\/v2\/types\/page"}],"author":[{"embeddable":true,"href":"https:\/\/sendapp.cloud\/es\/wp-json\/wp\/v2\/users\/1"}],"replies":[{"embeddable":true,"href":"https:\/\/sendapp.cloud\/es\/wp-json\/wp\/v2\/comments?post=28437"}],"version-history":[{"count":0,"href":"https:\/\/sendapp.cloud\/es\/wp-json\/wp\/v2\/pages\/28437\/revisions"}],"wp:attachment":[{"href":"https:\/\/sendapp.cloud\/es\/wp-json\/wp\/v2\/media?parent=28437"}],"curies":[{"name":"gracias","href":"https:\/\/api.w.org\/{rel}","templated":true}]}}