{"id":26843,"date":"2016-07-26T19:13:56","date_gmt":"2016-07-26T19:13:56","guid":{"rendered":"http:\/\/themenectar.com\/demo\/salient-service\/?page_id=103"},"modified":"2016-07-26T19:13:56","modified_gmt":"2016-07-26T19:13:56","slug":"funzioni","status":"publish","type":"page","link":"https:\/\/sendapp.cloud\/es\/funzioni\/","title":{"rendered":"Funzioni"},"content":{"rendered":"<div id=\"fws_69f1a3d3b0ec8\"  data-column-margin=\"default\" data-midnight=\"dark\"  class=\"wpb_row vc_row-fluid vc_row full-width-section\"  style=\"padding-top: 0px; padding-bottom: 100px; \"><div class=\"row-bg-wrap\" data-bg-animation=\"none\" data-bg-animation-delay=\"\" data-bg-overlay=\"false\"><div class=\"inner-wrap row-bg-layer\" ><div class=\"row-bg viewport-desktop using-bg-color\"  style=\"background-color: #ffffff; \"><\/div><\/div><\/div><div class=\"row_col_wrap_12 col span_12 dark left\">\n\t<div  class=\"vc_col-sm-2 wpb_column column_container vc_column_container col no-extra-padding inherit_tablet inherit_phone\"  data-padding-pos=\"all\" data-has-bg-color=\"false\" data-bg-color=\"\" data-bg-opacity=\"1\" data-animation=\"\" data-delay=\"0\" >\n\t\t<div class=\"vc_column-inner\" >\n\t\t\t<div class=\"wpb_wrapper\">\n\t\t\t\t\n\t\t\t<\/div> \n\t\t<\/div>\n\t<\/div> \n\n\t<div  class=\"vc_col-sm-8 wpb_column column_container vc_column_container col no-extra-padding inherit_tablet inherit_phone\"  data-padding-pos=\"all\" data-has-bg-color=\"false\" data-bg-color=\"\" data-bg-opacity=\"1\" data-animation=\"\" data-delay=\"0\" >\n\t\t<div class=\"vc_column-inner\" >\n\t\t\t<div class=\"wpb_wrapper\">\n\t\t\t\t<div class=\"nectar-gradient-text\" data-direction=\"horizontal\" data-color=\"extra-color-gradient-1\" style=\"margin-top: 90px; margin-bottom: 0px; \"><h2>Preguntas frecuentes...<\/h2><\/div><div class=\"toggles\" data-br=\"\" data-starting=\"default\" data-style=\"minimal\"><div class=\"toggle default\" data-inner-wrap=\"true\"><h3 class=\"toggle-title\"><a href=\"#\" role=\"button\" class=\"toggle-heading\"><i role=\"presentation\" class=\"fa fa-plus-circle\"><\/i>\u00bfPuedo usar SendApp con varios n\u00fameros de tel\u00e9fono?<\/a><\/h3><div><div class=\"inner-toggle-wrap\">\n<div class=\"wpb_text_column wpb_content_element\" >\n\t<div class=\"wpb_wrapper\">\n\t\t<p>S\u00ed. Nuestro software se puede conectar a cualquier dispositivo m\u00f3vil mediante un c\u00f3digo QR. Dise\u00f1amos esta funci\u00f3n para que puedas comercializar tus productos a varios n\u00fameros de tel\u00e9fono.<\/p>\n\t<\/div>\n<\/div>\n\n\n\n<\/div><\/div><\/div><div class=\"toggle default\" data-inner-wrap=\"true\"><h3 class=\"toggle-title\"><a href=\"#\" role=\"button\" class=\"toggle-heading\"><i role=\"presentation\" class=\"fa fa-plus-circle\"><\/i>Una vez que compro una licencia, \u00bfhay otros pagos que hacer?<\/a><\/h3><div><div class=\"inner-toggle-wrap\">\n<div class=\"wpb_text_column wpb_content_element\" >\n\t<div class=\"wpb_wrapper\">\n\t\t<p>No, nuestra licencia es de por vida, una vez comprada ser\u00e1 tuya para siempre y podr\u00e1s mover tu licencia a cualquier computadora.<\/p>\n\t<\/div>\n<\/div>\n\n\n\n<\/div><\/div><\/div><div class=\"toggle default\" data-inner-wrap=\"true\"><h3 class=\"toggle-title\"><a href=\"#\" role=\"button\" class=\"toggle-heading\"><i role=\"presentation\" class=\"fa fa-plus-circle\"><\/i>\u00bfPuedo conectar la libreta de direcciones de mi tel\u00e9fono a Sendapp?<\/a><\/h3><div><div class=\"inner-toggle-wrap\">\n<div class=\"wpb_text_column wpb_content_element\" >\n\t<div class=\"wpb_wrapper\">\n\t\t<p>S\u00ed. Puedes importar cualquier archivo CSV o TXT a tu libreta de direcciones de Sendapp. Lo importante es que cumpla con los est\u00e1ndares de la libreta de direcciones. Incluye el c\u00f3digo de \u00e1rea, el n\u00famero de tel\u00e9fono y las etiquetas 1, 2 o 3 para personalizar el mensaje.<\/p>\n\t<\/div>\n<\/div>\n\n\n\n<\/div><\/div><\/div><div class=\"toggle default\" data-inner-wrap=\"true\"><h3 class=\"toggle-title\"><a href=\"#\" role=\"button\" class=\"toggle-heading\"><i role=\"presentation\" class=\"fa fa-plus-circle\"><\/i>\u00bfCu\u00e1ntos mensajes puedo enviar con Sendapp?<\/a><\/h3><div><div class=\"inner-toggle-wrap\">\n<div class=\"wpb_text_column wpb_content_element\" >\n\t<div class=\"wpb_wrapper\">\n\t\t<p>No hay l\u00edmite de mensajes que puedes enviar con Sendapp Business. La versi\u00f3n Sendapp Professional tiene un l\u00edmite de 200 mensajes autom\u00e1ticos. El tiempo de env\u00edo var\u00eda seg\u00fan la velocidad de tu conexi\u00f3n.<\/p>\n<p>Sendapp es un software INDEPENDIENTE para PC y MAC. Todos los datos se almacenar\u00e1n exclusivamente en el ordenador que utilice, sin que se transmitan ni accedan a nuestros servidores (ni a los de terceros) ni a otros sistemas en l\u00ednea. Por lo tanto, Sendapp no tiene acceso ni responsabilidad alguna por sus datos.<\/p>\n\t<\/div>\n<\/div>\n\n\n\n<\/div><\/div><\/div><div class=\"toggle default\" data-inner-wrap=\"true\"><h3 class=\"toggle-title\"><a href=\"#\" role=\"button\" class=\"toggle-heading\"><i role=\"presentation\" class=\"fa fa-plus-circle\"><\/i>\u00bfPuedo enviar un mensaje a un n\u00famero no registrado en mi tel\u00e9fono inteligente?<\/a><\/h3><div><div class=\"inner-toggle-wrap\">\n<div class=\"wpb_text_column wpb_content_element\" >\n\t<div class=\"wpb_wrapper\">\n\t\t<p>S\u00ed. Con Sendapp puedes enviar mensajes a cualquier persona, incluso a n\u00fameros que no est\u00e9n registrados en la libreta de direcciones de tu aplicaci\u00f3n de mensajer\u00eda o que no tengan guardado tu n\u00famero en su libreta de direcciones.<\/p>\n<p><strong>Tenga en cuenta:<\/strong> Contactando primero con personas que no quieren recibir mensajes o que no nos conocen o que nunca han tenido una conversaci\u00f3n con nuestra cuenta o que no nos recuerdan, etc. <strong>\u00a1Existe el riesgo de ser denunciado por nuestros usuarios y por tanto ser baneado de WhatsApp!<\/strong><\/p>\n<p>Si crea un bot\u00f3n que cumpla con el RGPD y que pueda colocar en su sitio web o fuente de tr\u00e1fico, quiz\u00e1s agregando Seguimientos\u2026<br \/>\n\u00a1No correr\u00e1s ning\u00fan riesgo y el resultado ser\u00e1 asombroso!<\/p>\n\t<\/div>\n<\/div>\n\n\n\n<\/div><\/div><\/div><div class=\"toggle default\" data-inner-wrap=\"true\"><h3 class=\"toggle-title\"><a href=\"#\" role=\"button\" class=\"toggle-heading\"><i role=\"presentation\" class=\"fa fa-plus-circle\"><\/i>\u00bfPuedo usar mi computadora mientras ejecuto Sendapp?<\/a><\/h3><div><div class=\"inner-toggle-wrap\">\n<div class=\"wpb_text_column wpb_content_element\" >\n\t<div class=\"wpb_wrapper\">\n\t\t<p>S\u00ed. Todos los procesos de Sendapp se ejecutan en segundo plano, por lo que puedes usar tu computadora con normalidad y nuestro software se encargar\u00e1 de automatizar tu marketing.<\/p>\n\t<\/div>\n<\/div>\n\n\n\n<\/div><\/div><\/div><div class=\"toggle default\" data-inner-wrap=\"true\"><h3 class=\"toggle-title\"><a href=\"#\" role=\"button\" class=\"toggle-heading\"><i role=\"presentation\" class=\"fa fa-plus-circle\"><\/i>\u00bfPuedo usar WhatsApp en mi tel\u00e9fono inteligente mientras ejecuto Sendapp?<\/a><\/h3><div><div class=\"inner-toggle-wrap\">\n<div class=\"wpb_text_column wpb_content_element\" >\n\t<div class=\"wpb_wrapper\">\n\t\t<p class=\"rteBlock\">S\u00ed. Sendapp utiliza la interfaz web de las aplicaciones de mensajer\u00eda, por lo que puedes seguir usando tu tel\u00e9fono inteligente mientras nuestro software se encarga del trabajo por ti.<\/p>\n<p class=\"rteBlock\"><strong>Tenga en cuenta:<\/strong> Para que Sendapp funcione correctamente, tu tel\u00e9fono inteligente y tu computadora deben tener conexi\u00f3n a Internet.<\/p>\n\t<\/div>\n<\/div>\n\n\n\n<\/div><\/div><\/div><div class=\"toggle default\" data-inner-wrap=\"true\"><h3 class=\"toggle-title\"><a href=\"#\" role=\"button\" class=\"toggle-heading\"><i role=\"presentation\" class=\"fa fa-plus-circle\"><\/i>Si WhatsApp bloquea mi n\u00famero de tel\u00e9fono, \u00bfpuedo seguir usando SendApp?<\/a><\/h3><div><div class=\"inner-toggle-wrap\">\n<div class=\"wpb_text_column wpb_content_element\" >\n\t<div class=\"wpb_wrapper\">\n\t\t<p class=\"rteBlock\">S\u00ed. Si te banean de las aplicaciones de mensajer\u00eda, probablemente se deba a que est\u00e1s usando nuestro software incorrectamente.<br \/>\nSin embargo, puedes conectar Sendapp a otro n\u00famero de tel\u00e9fono a trav\u00e9s del c\u00f3digo QR de una aplicaci\u00f3n de mensajer\u00eda, continuando comercializando correctamente con nuestro software.<\/p>\n\t<\/div>\n<\/div>\n\n\n\n<\/div><\/div><\/div><\/div>\n\n\n\n\n\n\n\n\n\n\n\n\n\n\n\n\n\n\n\n<div class=\"nectar-gradient-text\" data-direction=\"horizontal\" data-color=\"extra-color-gradient-1\" style=\"margin-top: 90px; margin-bottom: 0px; \"><h2>Caracter\u00edsticas de Sendapp<\/h2><\/div><div class=\"toggles\" data-br=\"\" data-starting=\"default\" data-style=\"minimal\"><div class=\"toggle default\" data-inner-wrap=\"true\"><h3 class=\"toggle-title\"><a href=\"#\" role=\"button\" class=\"toggle-heading\"><i role=\"presentation\" class=\"fa fa-plus-circle\"><\/i>Requisitos m\u00ednimos<\/a><\/h3><div><div class=\"inner-toggle-wrap\">\n<div class=\"wpb_text_column wpb_content_element\" >\n\t<div class=\"wpb_wrapper\">\n\t\t<p>Una computadora con Windows 8 de 64 bits o superior o Mac OSX 10.16 o superior, una cuenta de aplicaci\u00f3n de mensajer\u00eda, resoluci\u00f3n de pantalla recomendada 1360*768<br \/>\n500 MB de espacio en disco, 4 GB de RAM, una buena conexi\u00f3n a Internet.<\/p>\n\t<\/div>\n<\/div>\n\n\n\n<\/div><\/div><\/div><\/div>\n\n\n\n\n\n\n\n\n\n\n\n\n\n\n\n\n\n\n\n\n\t\t\t<\/div> \n\t\t<\/div>\n\t<\/div> \n\n\t<div  class=\"vc_col-sm-2 wpb_column column_container vc_column_container col no-extra-padding inherit_tablet inherit_phone\"  data-padding-pos=\"all\" data-has-bg-color=\"false\" data-bg-color=\"\" data-bg-opacity=\"1\" data-animation=\"\" data-delay=\"0\" >\n\t\t<div class=\"vc_column-inner\" >\n\t\t\t<div class=\"wpb_wrapper\">\n\t\t\t\t\n\t\t\t<\/div> \n\t\t<\/div>\n\t<\/div> \n<\/div><\/div>","protected":false},"excerpt":{"rendered":"Preguntas frecuentes... \u00bfPuedo usar SendApp con varios n\u00fameros de tel\u00e9fono? S\u00ed. Nuestro software se puede conectar a cualquier dispositivo m\u00f3vil mediante un c\u00f3digo QR. Hemos dise\u00f1ado esta funci\u00f3n para ofrecerte...","protected":false},"author":1,"featured_media":0,"parent":0,"menu_order":0,"comment_status":"closed","ping_status":"open","template":"","meta":{"footnotes":""},"class_list":["post-26843","page","type-page","status-publish"],"yoast_head":"<!-- This site is optimized with the Yoast SEO plugin v27.4 - https:\/\/yoast.com\/product\/yoast-seo-wordpress\/ -->\n<title>Funzioni massive sending message campaign with whatsapp- SendApp<\/title>\n<meta name=\"description\" content=\"Funzioni - sendapp massive sending text, image, video message campaign with whatsapp to everybody, get sending report, programm next sendings, funzioni send\" \/>\n<meta name=\"robots\" content=\"index, follow, max-snippet:-1, max-image-preview:large, max-video-preview:-1\" \/>\n<link rel=\"canonical\" href=\"https:\/\/sendapp.cloud\/es\/funzioni\/\" \/>\n<meta property=\"og:locale\" content=\"es_ES\" \/>\n<meta property=\"og:type\" content=\"article\" \/>\n<meta property=\"og:title\" content=\"Funzioni massive sending message campaign with whatsapp- SendApp\" \/>\n<meta property=\"og:description\" content=\"Funzioni - sendapp massive sending text, image, video message campaign with whatsapp to everybody, get sending report, programm next sendings, funzioni send\" \/>\n<meta property=\"og:url\" content=\"https:\/\/sendapp.cloud\/es\/funzioni\/\" \/>\n<meta property=\"og:site_name\" content=\"SendApp\" \/>\n<meta name=\"twitter:card\" content=\"summary_large_image\" \/>\n<meta name=\"twitter:label1\" content=\"Tiempo de lectura\" \/>\n\t<meta name=\"twitter:data1\" content=\"2 minutos\" \/>\n<script type=\"application\/ld+json\" class=\"yoast-schema-graph\">{\"@context\":\"https:\\\/\\\/schema.org\",\"@graph\":[{\"@type\":\"WebPage\",\"@id\":\"https:\\\/\\\/sendapp.cloud\\\/funzioni\\\/\",\"url\":\"https:\\\/\\\/sendapp.cloud\\\/funzioni\\\/\",\"name\":\"Funzioni massive sending message campaign with whatsapp- SendApp\",\"isPartOf\":{\"@id\":\"https:\\\/\\\/sendapp.cloud\\\/en\\\/#website\"},\"datePublished\":\"2016-07-26T19:13:56+00:00\",\"description\":\"Funzioni - sendapp massive sending text, image, video message campaign with whatsapp to everybody, get sending report, programm next sendings, funzioni send\",\"breadcrumb\":{\"@id\":\"https:\\\/\\\/sendapp.cloud\\\/funzioni\\\/#breadcrumb\"},\"inLanguage\":\"es\",\"potentialAction\":[{\"@type\":\"ReadAction\",\"target\":[\"https:\\\/\\\/sendapp.cloud\\\/funzioni\\\/\"]}]},{\"@type\":\"BreadcrumbList\",\"@id\":\"https:\\\/\\\/sendapp.cloud\\\/funzioni\\\/#breadcrumb\",\"itemListElement\":[{\"@type\":\"ListItem\",\"position\":1,\"name\":\"Home\",\"item\":\"https:\\\/\\\/sendapp.cloud\\\/\"},{\"@type\":\"ListItem\",\"position\":2,\"name\":\"Funzioni\"}]},{\"@type\":\"WebSite\",\"@id\":\"https:\\\/\\\/sendapp.cloud\\\/en\\\/#website\",\"url\":\"https:\\\/\\\/sendapp.cloud\\\/en\\\/\",\"name\":\"SendApp\",\"description\":\"Software Whatsapp Marketing\",\"publisher\":{\"@id\":\"https:\\\/\\\/sendapp.cloud\\\/en\\\/#organization\"},\"potentialAction\":[{\"@type\":\"SearchAction\",\"target\":{\"@type\":\"EntryPoint\",\"urlTemplate\":\"https:\\\/\\\/sendapp.cloud\\\/en\\\/?s={search_term_string}\"},\"query-input\":{\"@type\":\"PropertyValueSpecification\",\"valueRequired\":true,\"valueName\":\"search_term_string\"}}],\"inLanguage\":\"es\"},{\"@type\":\"Organization\",\"@id\":\"https:\\\/\\\/sendapp.cloud\\\/en\\\/#organization\",\"name\":\"SendApp\",\"url\":\"https:\\\/\\\/sendapp.cloud\\\/en\\\/\",\"logo\":{\"@type\":\"ImageObject\",\"inLanguage\":\"es\",\"@id\":\"https:\\\/\\\/sendapp.cloud\\\/en\\\/#\\\/schema\\\/logo\\\/image\\\/\",\"url\":\"https:\\\/\\\/sendapp.cloud\\\/wp-content\\\/uploads\\\/2024\\\/11\\\/Logo-bianco.png\",\"contentUrl\":\"https:\\\/\\\/sendapp.cloud\\\/wp-content\\\/uploads\\\/2024\\\/11\\\/Logo-bianco.png\",\"width\":145,\"height\":48,\"caption\":\"SendApp\"},\"image\":{\"@id\":\"https:\\\/\\\/sendapp.cloud\\\/en\\\/#\\\/schema\\\/logo\\\/image\\\/\"}}]}<\/script>\n<!-- \/ Yoast SEO plugin. -->","yoast_head_json":{"title":"Funzioni massive sending message campaign with whatsapp- SendApp","description":"Funzioni - sendapp massive sending text, image, video message campaign with whatsapp to everybody, get sending report, programm next sendings, funzioni send","robots":{"index":"index","follow":"follow","max-snippet":"max-snippet:-1","max-image-preview":"max-image-preview:large","max-video-preview":"max-video-preview:-1"},"canonical":"https:\/\/sendapp.cloud\/es\/funzioni\/","og_locale":"es_ES","og_type":"article","og_title":"Funzioni massive sending message campaign with whatsapp- SendApp","og_description":"Funzioni - sendapp massive sending text, image, video message campaign with whatsapp to everybody, get sending report, programm next sendings, funzioni send","og_url":"https:\/\/sendapp.cloud\/es\/funzioni\/","og_site_name":"SendApp","twitter_card":"summary_large_image","twitter_misc":{"Tiempo de lectura":"2 minutos"},"schema":{"@context":"https:\/\/schema.org","@graph":[{"@type":"WebPage","@id":"https:\/\/sendapp.cloud\/funzioni\/","url":"https:\/\/sendapp.cloud\/funzioni\/","name":"Funzioni massive sending message campaign with whatsapp- SendApp","isPartOf":{"@id":"https:\/\/sendapp.cloud\/en\/#website"},"datePublished":"2016-07-26T19:13:56+00:00","description":"Funzioni - sendapp massive sending text, image, video message campaign with whatsapp to everybody, get sending report, programm next sendings, funzioni send","breadcrumb":{"@id":"https:\/\/sendapp.cloud\/funzioni\/#breadcrumb"},"inLanguage":"es","potentialAction":[{"@type":"ReadAction","target":["https:\/\/sendapp.cloud\/funzioni\/"]}]},{"@type":"BreadcrumbList","@id":"https:\/\/sendapp.cloud\/funzioni\/#breadcrumb","itemListElement":[{"@type":"ListItem","position":1,"name":"Home","item":"https:\/\/sendapp.cloud\/"},{"@type":"ListItem","position":2,"name":"Funzioni"}]},{"@type":"WebSite","@id":"https:\/\/sendapp.cloud\/en\/#website","url":"https:\/\/sendapp.cloud\/en\/","name":"SendApp","description":"Software de marketing de WhatsApp","publisher":{"@id":"https:\/\/sendapp.cloud\/en\/#organization"},"potentialAction":[{"@type":"SearchAction","target":{"@type":"EntryPoint","urlTemplate":"https:\/\/sendapp.cloud\/en\/?s={search_term_string}"},"query-input":{"@type":"PropertyValueSpecification","valueRequired":true,"valueName":"search_term_string"}}],"inLanguage":"es"},{"@type":"Organization","@id":"https:\/\/sendapp.cloud\/en\/#organization","name":"SendApp","url":"https:\/\/sendapp.cloud\/en\/","logo":{"@type":"ImageObject","inLanguage":"es","@id":"https:\/\/sendapp.cloud\/en\/#\/schema\/logo\/image\/","url":"https:\/\/sendapp.cloud\/wp-content\/uploads\/2024\/11\/Logo-bianco.png","contentUrl":"https:\/\/sendapp.cloud\/wp-content\/uploads\/2024\/11\/Logo-bianco.png","width":145,"height":48,"caption":"SendApp"},"image":{"@id":"https:\/\/sendapp.cloud\/en\/#\/schema\/logo\/image\/"}}]}},"_links":{"self":[{"href":"https:\/\/sendapp.cloud\/es\/wp-json\/wp\/v2\/pages\/26843","targetHints":{"allow":["GET"]}}],"collection":[{"href":"https:\/\/sendapp.cloud\/es\/wp-json\/wp\/v2\/pages"}],"about":[{"href":"https:\/\/sendapp.cloud\/es\/wp-json\/wp\/v2\/types\/page"}],"author":[{"embeddable":true,"href":"https:\/\/sendapp.cloud\/es\/wp-json\/wp\/v2\/users\/1"}],"replies":[{"embeddable":true,"href":"https:\/\/sendapp.cloud\/es\/wp-json\/wp\/v2\/comments?post=26843"}],"version-history":[{"count":0,"href":"https:\/\/sendapp.cloud\/es\/wp-json\/wp\/v2\/pages\/26843\/revisions"}],"wp:attachment":[{"href":"https:\/\/sendapp.cloud\/es\/wp-json\/wp\/v2\/media?parent=26843"}],"curies":[{"name":"gracias","href":"https:\/\/api.w.org\/{rel}","templated":true}]}}