{"id":24846,"date":"2023-02-16T09:59:14","date_gmt":"2023-02-16T08:59:14","guid":{"rendered":"https:\/\/sendapp.live\/?page_id=24846"},"modified":"2023-02-16T09:59:14","modified_gmt":"2023-02-16T08:59:14","slug":"prestashop-plugin-whatsapp-sms-messagging-and-notification-plugin","status":"publish","type":"page","link":"https:\/\/sendapp.cloud\/es\/prestashop-plugin-whatsapp-sms-messagging-and-notification-plugin\/","title":{"rendered":"Plugin de Prestashop para mensajer\u00eda y notificaciones SMS de WhatsApp"},"content":{"rendered":"<div id=\"fws_69e2c22b6ee70\"  data-column-margin=\"default\" data-midnight=\"dark\"  class=\"wpb_row vc_row-fluid vc_row  top_margin_5pct\"  style=\"padding-top: 0px; padding-bottom: 0px; \"><div class=\"row-bg-wrap\" data-bg-animation=\"none\" data-bg-animation-delay=\"\" data-bg-overlay=\"false\"><div class=\"inner-wrap row-bg-layer\" ><div class=\"row-bg viewport-desktop\"  style=\"\"><\/div><\/div><\/div><div class=\"row_col_wrap_12 col span_12 dark left\">\n\t<div  class=\"vc_col-sm-2\/5 wpb_column column_container vc_column_container col no-extra-padding inherit_tablet inherit_phone\"  data-padding-pos=\"top\" data-has-bg-color=\"false\" data-bg-color=\"\" data-bg-opacity=\"1\" data-animation=\"\" data-delay=\"0\" >\n\t\t<div class=\"vc_column-inner\" >\n\t\t\t<div class=\"wpb_wrapper\">\n\t\t\t\t<div class=\"img-with-aniamtion-wrap\" data-max-width=\"100%\" data-max-width-mobile=\"default\" data-shadow=\"none\" data-animation=\"fade-in\" >\n      <div class=\"inner\">\n        <div class=\"hover-wrap\"> \n          <div class=\"hover-wrap-inner\">\n            <img loading=\"lazy\" decoding=\"async\" class=\"img-with-animation skip-lazy\" data-delay=\"0\" height=\"910\" width=\"854\" data-animation=\"fade-in\" src=\"https:\/\/sendapp.cloud\/wp-content\/uploads\/2022\/03\/whatsapp-notification.jpg\" alt=\"\" srcset=\"https:\/\/sendapp.cloud\/wp-content\/uploads\/2022\/03\/whatsapp-notification.jpg 854w, https:\/\/sendapp.cloud\/wp-content\/uploads\/2022\/03\/whatsapp-notification-282x300.jpg 282w, https:\/\/sendapp.cloud\/wp-content\/uploads\/2022\/03\/whatsapp-notification-768x818.jpg 768w, https:\/\/sendapp.cloud\/wp-content\/uploads\/2022\/03\/whatsapp-notification-11x12.jpg 11w\" sizes=\"auto, (max-width: 854px) 100vw, 854px\" \/>\n          <\/div>\n        <\/div>\n      <\/div>\n    <\/div>\n\t\t\t<\/div> \n\t\t<\/div>\n\t<\/div> \n\n\t<div  class=\"vc_col-sm-3\/5 wpb_column column_container vc_column_container col no-extra-padding inherit_tablet inherit_phone\"  data-padding-pos=\"all\" data-has-bg-color=\"false\" data-bg-color=\"\" data-bg-opacity=\"1\" data-animation=\"\" data-delay=\"0\" >\n\t\t<div class=\"vc_column-inner\" >\n\t\t\t<div class=\"wpb_wrapper\">\n\t\t\t\t\n<div class=\"wpb_text_column wpb_content_element\" >\n\t<div class=\"wpb_wrapper\">\n\t\t<h2><span style=\"color: #008000;\">Notificaciones\u00a0<\/span><span style=\"color: #008000;\">Prestashop\u00a0<\/span><span style=\"color: #008000;\">WhatsApp \u2013 Chat SMS, Estado del pedido, Recuperaci\u00f3n de carritos abandonados<\/span><\/h2>\n\t<\/div>\n<\/div>\n\n\n\n\n<div class=\"wpb_text_column wpb_content_element\" >\n\t<div class=\"wpb_wrapper\">\n\t\t<h3>Enviar mensajes de recuperaci\u00f3n de carritos abandonados<br \/>\nNotificaciones de pedidos v\u00eda WhatsApp\/SMS para aumentar<br \/>\nInteractuar con sus clientes a trav\u00e9s de<br \/>\nNuestra integraci\u00f3n gratuita con Prestashop.<\/h3>\n\t<\/div>\n<\/div>\n\n\n\n<a class=\"nectar-button jumbo regular accent-color  regular-button\"  role=\"button\" style=\"margin-top: 30px; \" target=\"_blank\" href=\"https:\/\/sendapp.live\/en\/product\/sendapp-free\/\" data-color-override=\"false\" data-hover-color-override=\"false\" data-hover-text-color-override=\"#fff\"><span>Descargar ahora<\/span><\/a>\n\t\t\t<\/div> \n\t\t<\/div>\n\t<\/div> \n<\/div><\/div>\n\t\t<div id=\"fws_69e2c22b700e2\"  data-column-margin=\"default\" data-midnight=\"dark\"  class=\"wpb_row vc_row-fluid vc_row full-width-section\"  style=\"padding-top: 0px; padding-bottom: 100px; \"><div class=\"row-bg-wrap\" data-bg-animation=\"none\" data-bg-animation-delay=\"\" data-bg-overlay=\"false\"><div class=\"inner-wrap row-bg-layer\" ><div class=\"row-bg viewport-desktop using-bg-color\"  style=\"background-color: #ffffff; \"><\/div><\/div><\/div><div class=\"row_col_wrap_12 col span_12 dark left\">\n\t<div  class=\"vc_col-sm-12 wpb_column column_container vc_column_container col no-extra-padding inherit_tablet inherit_phone\"  data-padding-pos=\"all\" data-has-bg-color=\"false\" data-bg-color=\"\" data-bg-opacity=\"1\" data-animation=\"\" data-delay=\"0\" >\n\t\t<div class=\"vc_column-inner\" >\n\t\t\t<div class=\"wpb_wrapper\">\n\t\t\t\t<div class=\"nectar-gradient-text\" data-direction=\"horizontal\" data-color=\"extra-color-gradient-1\" style=\"margin-top: 90px; margin-bottom: 0px; \"><h2>Instrucciones para utilizar el complemento SendApp para Prestashop<\/h2><\/div><div class=\"toggles\" data-br=\"\" data-starting=\"default\" data-style=\"minimal\"><div class=\"toggle default\" data-inner-wrap=\"true\"><h3 class=\"toggle-title\"><a href=\"#\" role=\"button\" class=\"toggle-heading\"><i role=\"presentation\" class=\"fa fa-plus-circle\"><\/i>Instalar y activar el plugin de Prestashop<\/a><\/h3><div><div class=\"inner-toggle-wrap\">\n<div class=\"wpb_text_column wpb_content_element\" >\n\t<div class=\"wpb_wrapper\">\n\t\t<h4>Hay dos formas diferentes de instalar un complemento de Prestashop.<\/h4>\n<ol>\n<li>Desde el panel de administraci\u00f3n de Prestashop (\/admin): 1. Descargue el archivo &quot;.zip&quot; desde la pesta\u00f1a &quot;Descargar&quot;. 2. No descomprima el archivo .zip descargado. 3. Inicie sesi\u00f3n en el panel de administraci\u00f3n de Prestashop. 4. Seleccione &quot;M\u00f3dulos&quot; y luego &quot;A\u00f1adir nuevo m\u00f3dulo&quot;. 5. Seleccione &quot;Elegir archivo&quot; y busque en su ordenador el archivo &quot;sendapp-notification-prestashop.zip&quot;. 6. Seleccione &quot;Subir este m\u00f3dulo&quot;. 7. Haga clic en &quot;Instalar&quot; y Prestashop instalar\u00e1 el complemento. 8. Una vez completada la instalaci\u00f3n, haga clic en &quot;Configurar&quot;.<\/li>\n<li>V\u00eda FTP<br \/>\nRecomendamos que s\u00f3lo los usuarios experimentados utilicen el m\u00e9todo FTP.<br \/>\n1. Descarga el archivo &quot;.zip&quot; desde la pesta\u00f1a &quot;Descargar&quot;. 2. Antes de intentar cargar el plugin, descomprime el archivo &quot;sendapp-notification-prestashop.zip&quot;. 3. Abre tu cliente FTP y abre la carpeta del plugin (\/modules\/). 4. Mueve los archivos descomprimidos (sendapp-notification-prestashop.zip) a la carpeta del plugin. 5. Ahora ve al panel de administraci\u00f3n de Prestashop =&gt; M\u00f3dulos =&gt; Filtrar m\u00f3dulos instalados para Sendapp y activa y configura el plugin.<\/li>\n<\/ol>\n<p>&nbsp;<\/p>\n<p><img loading=\"lazy\" decoding=\"async\" class=\"aligncenter wp-image-24088 size-large\" src=\"https:\/\/sendapp.live\/wp-content\/uploads\/2022\/11\/prestashop-sms-whatsapp-1-1024x622.jpg\" alt=\"\" width=\"1024\" height=\"622\" srcset=\"https:\/\/sendapp.cloud\/wp-content\/uploads\/2022\/11\/prestashop-sms-whatsapp-1-1024x622.jpg 1024w, https:\/\/sendapp.cloud\/wp-content\/uploads\/2022\/11\/prestashop-sms-whatsapp-1-300x182.jpg 300w, https:\/\/sendapp.cloud\/wp-content\/uploads\/2022\/11\/prestashop-sms-whatsapp-1-768x466.jpg 768w, https:\/\/sendapp.cloud\/wp-content\/uploads\/2022\/11\/prestashop-sms-whatsapp-1-1536x933.jpg 1536w, https:\/\/sendapp.cloud\/wp-content\/uploads\/2022\/11\/prestashop-sms-whatsapp-1-18x12.jpg 18w, https:\/\/sendapp.cloud\/wp-content\/uploads\/2022\/11\/prestashop-sms-whatsapp-1.jpg 1625w\" sizes=\"auto, (max-width: 1024px) 100vw, 1024px\" \/><\/p>\n<p><img loading=\"lazy\" decoding=\"async\" class=\"aligncenter wp-image-24089 size-large\" src=\"https:\/\/sendapp.live\/wp-content\/uploads\/2022\/11\/prestashop-sms-whatsapp-2-1024x622.jpg\" alt=\"\" width=\"1024\" height=\"622\" srcset=\"https:\/\/sendapp.cloud\/wp-content\/uploads\/2022\/11\/prestashop-sms-whatsapp-2-1024x622.jpg 1024w, https:\/\/sendapp.cloud\/wp-content\/uploads\/2022\/11\/prestashop-sms-whatsapp-2-300x182.jpg 300w, https:\/\/sendapp.cloud\/wp-content\/uploads\/2022\/11\/prestashop-sms-whatsapp-2-768x466.jpg 768w, https:\/\/sendapp.cloud\/wp-content\/uploads\/2022\/11\/prestashop-sms-whatsapp-2-1536x933.jpg 1536w, https:\/\/sendapp.cloud\/wp-content\/uploads\/2022\/11\/prestashop-sms-whatsapp-2-18x12.jpg 18w, https:\/\/sendapp.cloud\/wp-content\/uploads\/2022\/11\/prestashop-sms-whatsapp-2.jpg 1625w\" sizes=\"auto, (max-width: 1024px) 100vw, 1024px\" \/><\/p>\n\t<\/div>\n<\/div>\n\n\n\n<\/div><\/div><\/div><div class=\"toggle default\" data-inner-wrap=\"true\"><h3 class=\"toggle-title\"><a href=\"#\" role=\"button\" class=\"toggle-heading\"><i role=\"presentation\" class=\"fa fa-plus-circle\"><\/i>Configuraci\u00f3n<\/a><\/h3><div><div class=\"inner-toggle-wrap\">\n<div class=\"wpb_text_column wpb_content_element\" >\n\t<div class=\"wpb_wrapper\">\n\t\t<p>Nuestro objetivo es ofrecer la mayor cantidad de funciones posible para que usted, como propietario de un sitio, pueda configurar el plugin a su gusto, manteniendo una interfaz f\u00e1cil de entender. Sin embargo, siempre es \u00fatil conocer todas las opciones.<br \/>\nEl complemento se divide en tres secciones principales<strong>.<\/strong><\/p>\n<p>&nbsp;<\/p>\n<p><strong>Configuraci\u00f3n<br \/>\n<\/strong>De esta manera podr\u00e1s configurar las API y el Gateway de Sendapp que deseas utilizar para enviar mensajes de WhatsApp o SMS. .<\/p>\n<h4><img loading=\"lazy\" decoding=\"async\" class=\"aligncenter wp-image-24092 size-large\" src=\"https:\/\/sendapp.live\/wp-content\/uploads\/2022\/11\/prestashop-sms-whatsapp-3-1024x622.jpg\" alt=\"\" width=\"1024\" height=\"622\" srcset=\"https:\/\/sendapp.cloud\/wp-content\/uploads\/2022\/11\/prestashop-sms-whatsapp-3-1024x622.jpg 1024w, https:\/\/sendapp.cloud\/wp-content\/uploads\/2022\/11\/prestashop-sms-whatsapp-3-300x182.jpg 300w, https:\/\/sendapp.cloud\/wp-content\/uploads\/2022\/11\/prestashop-sms-whatsapp-3-768x466.jpg 768w, https:\/\/sendapp.cloud\/wp-content\/uploads\/2022\/11\/prestashop-sms-whatsapp-3-1536x933.jpg 1536w, https:\/\/sendapp.cloud\/wp-content\/uploads\/2022\/11\/prestashop-sms-whatsapp-3-18x12.jpg 18w, https:\/\/sendapp.cloud\/wp-content\/uploads\/2022\/11\/prestashop-sms-whatsapp-3.jpg 1625w\" sizes=\"auto, (max-width: 1024px) 100vw, 1024px\" \/><\/h4>\n<p>&nbsp;<\/p>\n<p><strong>API de Sendapp Cloud<br \/>\n<\/strong>Si tienes el plan de <a href=\"https:\/\/sendapp.cloud\/es\/\" target=\"_blank\" rel=\"noopener\">https:\/\/sendapp.cloud<\/a> Puedes crear una instancia con tu cuenta de WhatsApp multisesi\u00f3n personal o multisesi\u00f3n empresarial.<br \/>\nDespu\u00e9s de crear la instancia, puede copiar su token y su ID de instancia para pegarlo en su complemento de notificaci\u00f3n Sendapp de Prestashop.<\/p>\n<p><img loading=\"lazy\" decoding=\"async\" class=\"size-large wp-image-22364 aligncenter\" src=\"https:\/\/sendapp.live\/wp-content\/uploads\/2022\/02\/Sendapp-API-Profile-1024x606.jpg\" alt=\"\" width=\"1024\" height=\"606\" srcset=\"https:\/\/sendapp.cloud\/wp-content\/uploads\/2022\/02\/Sendapp-API-Profile-1024x606.jpg 1024w, https:\/\/sendapp.cloud\/wp-content\/uploads\/2022\/02\/Sendapp-API-Profile-300x177.jpg 300w, https:\/\/sendapp.cloud\/wp-content\/uploads\/2022\/02\/Sendapp-API-Profile-768x454.jpg 768w, https:\/\/sendapp.cloud\/wp-content\/uploads\/2022\/02\/Sendapp-API-Profile-18x12.jpg 18w, https:\/\/sendapp.cloud\/wp-content\/uploads\/2022\/02\/Sendapp-API-Profile.jpg 1506w\" sizes=\"auto, (max-width: 1024px) 100vw, 1024px\" \/><\/p>\n<p>&nbsp;<\/p>\n<p><strong>API de SMS de Sendapp<br \/>\n<\/strong>Si tienes la pasarela SMS de <a href=\"https:\/\/sms.sendapp.live\" target=\"_blank\" rel=\"noopener\">https:\/\/sms.sendapp.live<\/a> Puede acceder a su API KEY para copiarla y pegarla en su complemento de Prestashop<\/p>\n<p><img loading=\"lazy\" decoding=\"async\" class=\"size-large wp-image-22768 aligncenter\" src=\"https:\/\/sendapp.live\/wp-content\/uploads\/2022\/03\/sendapp-sms-api-key-1024x593.png\" alt=\"\" width=\"1024\" height=\"593\" srcset=\"https:\/\/sendapp.cloud\/wp-content\/uploads\/2022\/03\/sendapp-sms-api-key-1024x593.png 1024w, https:\/\/sendapp.cloud\/wp-content\/uploads\/2022\/03\/sendapp-sms-api-key-300x174.png 300w, https:\/\/sendapp.cloud\/wp-content\/uploads\/2022\/03\/sendapp-sms-api-key-768x445.png 768w, https:\/\/sendapp.cloud\/wp-content\/uploads\/2022\/03\/sendapp-sms-api-key-18x10.png 18w, https:\/\/sendapp.cloud\/wp-content\/uploads\/2022\/03\/sendapp-sms-api-key.png 1357w\" sizes=\"auto, (max-width: 1024px) 100vw, 1024px\" \/><\/p>\n<p><strong>API de conexi\u00f3n de Sendapp<br \/>\n<\/strong>Si tienes el software de escritorio Sendapp Connect puedes acceder a tu API KEY para copiarla y pegarla en tu complemento de Prestashop<\/p>\n<p><img loading=\"lazy\" decoding=\"async\" class=\"aligncenter wp-image-24307 size-large\" src=\"https:\/\/sendapp.live\/wp-content\/uploads\/2022\/11\/api-whatsapp-sendapp-connect-01-1024x576.jpg\" alt=\"\" width=\"1024\" height=\"576\" \/><\/p>\n\t<\/div>\n<\/div>\n\n\n\n<\/div><\/div><\/div><div class=\"toggle default\" data-inner-wrap=\"true\"><h3 class=\"toggle-title\"><a href=\"#\" role=\"button\" class=\"toggle-heading\"><i role=\"presentation\" class=\"fa fa-plus-circle\"><\/i>Configuraci\u00f3n de mensajes de notificaci\u00f3n<\/a><\/h3><div><div class=\"inner-toggle-wrap\">\n<div class=\"wpb_text_column wpb_content_element\" >\n\t<div class=\"wpb_wrapper\">\n\t\t<h4><strong>Configuraci\u00f3n de mensajes\u00a0<\/strong><\/h4>\n<p>En esta sesi\u00f3n podr\u00e1s activar y personalizar los mensajes de notificaci\u00f3n que deseas enviar a tus clientes.<\/p>\n<p><img loading=\"lazy\" decoding=\"async\" class=\"aligncenter wp-image-24094 size-large\" src=\"https:\/\/sendapp.live\/wp-content\/uploads\/2022\/11\/prestashop-sms-whatsapp-4-1024x622.jpg\" alt=\"\" width=\"1024\" height=\"622\" srcset=\"https:\/\/sendapp.cloud\/wp-content\/uploads\/2022\/11\/prestashop-sms-whatsapp-4-1024x622.jpg 1024w, https:\/\/sendapp.cloud\/wp-content\/uploads\/2022\/11\/prestashop-sms-whatsapp-4-300x182.jpg 300w, https:\/\/sendapp.cloud\/wp-content\/uploads\/2022\/11\/prestashop-sms-whatsapp-4-768x466.jpg 768w, https:\/\/sendapp.cloud\/wp-content\/uploads\/2022\/11\/prestashop-sms-whatsapp-4-1536x933.jpg 1536w, https:\/\/sendapp.cloud\/wp-content\/uploads\/2022\/11\/prestashop-sms-whatsapp-4-18x12.jpg 18w, https:\/\/sendapp.cloud\/wp-content\/uploads\/2022\/11\/prestashop-sms-whatsapp-4.jpg 1625w\" sizes=\"auto, (max-width: 1024px) 100vw, 1024px\" \/><\/p>\n\t<\/div>\n<\/div>\n\n\n\n<\/div><\/div><\/div><div class=\"toggle default\" data-inner-wrap=\"true\"><h3 class=\"toggle-title\"><a href=\"#\" role=\"button\" class=\"toggle-heading\"><i role=\"presentation\" class=\"fa fa-plus-circle\"><\/i>Configuraci\u00f3n de mensajes de carritos abandonados<\/a><\/h3><div><div class=\"inner-toggle-wrap\">\n<div class=\"wpb_text_column wpb_content_element\" >\n\t<div class=\"wpb_wrapper\">\n\t\t<h4><strong>Configuraci\u00f3n de carrito abandonado. <\/strong><\/h4>\n<p>Para habilitar las notificaciones de carritos abandonados, vaya a la secci\u00f3n CONFIGURACI\u00d3N DEL TRABAJO CRON del complemento. * Personalice los mensajes de plantilla * Establezca la hora del evento en el TRABAJO CRON<\/p>\n<p><img loading=\"lazy\" decoding=\"async\" class=\"aligncenter wp-image-24096 size-large\" src=\"https:\/\/sendapp.live\/wp-content\/uploads\/2022\/11\/prestashop-sms-whatsapp-5-1024x622.jpg\" alt=\"\" width=\"1024\" height=\"622\" srcset=\"https:\/\/sendapp.cloud\/wp-content\/uploads\/2022\/11\/prestashop-sms-whatsapp-5-1024x622.jpg 1024w, https:\/\/sendapp.cloud\/wp-content\/uploads\/2022\/11\/prestashop-sms-whatsapp-5-300x182.jpg 300w, https:\/\/sendapp.cloud\/wp-content\/uploads\/2022\/11\/prestashop-sms-whatsapp-5-768x466.jpg 768w, https:\/\/sendapp.cloud\/wp-content\/uploads\/2022\/11\/prestashop-sms-whatsapp-5-1536x933.jpg 1536w, https:\/\/sendapp.cloud\/wp-content\/uploads\/2022\/11\/prestashop-sms-whatsapp-5-18x12.jpg 18w, https:\/\/sendapp.cloud\/wp-content\/uploads\/2022\/11\/prestashop-sms-whatsapp-5.jpg 1625w\" sizes=\"auto, (max-width: 1024px) 100vw, 1024px\" \/><\/p>\n\t<\/div>\n<\/div>\n\n\n\n<\/div><\/div><\/div><\/div>\n\n\n\n\n\n\n\n\n\n\n\n\n\n\n\n\n\n\n\n\n\t\t\t<\/div> \n\t\t<\/div>\n\t<\/div> \n<\/div><\/div>","protected":false},"excerpt":{"rendered":"Notifiche\u00a0Prestashop\u00a0Whatsapp - SMS Chat, Stato Ordine, Recupero Carrello Abbandonato Invia messaggi di recupero carrello abbandonato notifiche Ordini tramite WhatsApp\/SMS per aumentare il coinvolgimento con i tuoi clienti attraverso la nostra...","protected":false},"author":1,"featured_media":0,"parent":0,"menu_order":0,"comment_status":"closed","ping_status":"closed","template":"","meta":{"footnotes":""},"class_list":["post-24846","page","type-page","status-publish"],"yoast_head":"<!-- This site is optimized with the Yoast SEO plugin v26.8 - https:\/\/yoast.com\/product\/yoast-seo-wordpress\/ -->\n<title>Prestashop plugin Whatsapp SMS Messagging and Notification Plugin - SendApp<\/title>\n<meta name=\"robots\" content=\"index, follow, max-snippet:-1, max-image-preview:large, max-video-preview:-1\" \/>\n<link rel=\"canonical\" href=\"https:\/\/sendapp.cloud\/es\/prestashop-plugin-whatsapp-sms-messagging-and-notification-plugin\/\" \/>\n<meta property=\"og:locale\" content=\"es_ES\" \/>\n<meta property=\"og:type\" content=\"article\" \/>\n<meta property=\"og:title\" content=\"Prestashop plugin Whatsapp SMS Messagging and Notification Plugin - SendApp\" \/>\n<meta property=\"og:url\" content=\"https:\/\/sendapp.cloud\/es\/prestashop-plugin-whatsapp-sms-messagging-and-notification-plugin\/\" \/>\n<meta property=\"og:site_name\" content=\"SendApp\" \/>\n<meta property=\"og:image\" content=\"https:\/\/sendapp.live\/wp-content\/uploads\/2022\/11\/prestashop-sms-whatsapp-1-1024x622.jpg\" \/>\n<meta name=\"twitter:card\" content=\"summary_large_image\" \/>\n<meta name=\"twitter:label1\" content=\"Tiempo de lectura\" \/>\n\t<meta name=\"twitter:data1\" content=\"5 minutos\" \/>\n<script type=\"application\/ld+json\" class=\"yoast-schema-graph\">{\"@context\":\"https:\/\/schema.org\",\"@graph\":[{\"@type\":\"WebPage\",\"@id\":\"https:\/\/sendapp.cloud\/prestashop-plugin-whatsapp-sms-messagging-and-notification-plugin\/\",\"url\":\"https:\/\/sendapp.cloud\/prestashop-plugin-whatsapp-sms-messagging-and-notification-plugin\/\",\"name\":\"Prestashop plugin Whatsapp SMS Messagging and Notification Plugin - SendApp\",\"isPartOf\":{\"@id\":\"https:\/\/sendapp.cloud\/en\/#website\"},\"primaryImageOfPage\":{\"@id\":\"https:\/\/sendapp.cloud\/prestashop-plugin-whatsapp-sms-messagging-and-notification-plugin\/#primaryimage\"},\"image\":{\"@id\":\"https:\/\/sendapp.cloud\/prestashop-plugin-whatsapp-sms-messagging-and-notification-plugin\/#primaryimage\"},\"thumbnailUrl\":\"https:\/\/sendapp.live\/wp-content\/uploads\/2022\/11\/prestashop-sms-whatsapp-1-1024x622.jpg\",\"datePublished\":\"2023-02-16T08:59:14+00:00\",\"breadcrumb\":{\"@id\":\"https:\/\/sendapp.cloud\/prestashop-plugin-whatsapp-sms-messagging-and-notification-plugin\/#breadcrumb\"},\"inLanguage\":\"es\",\"potentialAction\":[{\"@type\":\"ReadAction\",\"target\":[\"https:\/\/sendapp.cloud\/prestashop-plugin-whatsapp-sms-messagging-and-notification-plugin\/\"]}]},{\"@type\":\"ImageObject\",\"inLanguage\":\"es\",\"@id\":\"https:\/\/sendapp.cloud\/prestashop-plugin-whatsapp-sms-messagging-and-notification-plugin\/#primaryimage\",\"url\":\"https:\/\/sendapp.live\/wp-content\/uploads\/2022\/11\/prestashop-sms-whatsapp-1-1024x622.jpg\",\"contentUrl\":\"https:\/\/sendapp.live\/wp-content\/uploads\/2022\/11\/prestashop-sms-whatsapp-1-1024x622.jpg\"},{\"@type\":\"BreadcrumbList\",\"@id\":\"https:\/\/sendapp.cloud\/prestashop-plugin-whatsapp-sms-messagging-and-notification-plugin\/#breadcrumb\",\"itemListElement\":[{\"@type\":\"ListItem\",\"position\":1,\"name\":\"Home\",\"item\":\"https:\/\/sendapp.cloud\/\"},{\"@type\":\"ListItem\",\"position\":2,\"name\":\"Prestashop plugin Whatsapp SMS Messagging and Notification Plugin\"}]},{\"@type\":\"WebSite\",\"@id\":\"https:\/\/sendapp.cloud\/en\/#website\",\"url\":\"https:\/\/sendapp.cloud\/en\/\",\"name\":\"SendApp\",\"description\":\"Software Whatsapp Marketing\",\"publisher\":{\"@id\":\"https:\/\/sendapp.cloud\/en\/#organization\"},\"potentialAction\":[{\"@type\":\"SearchAction\",\"target\":{\"@type\":\"EntryPoint\",\"urlTemplate\":\"https:\/\/sendapp.cloud\/en\/?s={search_term_string}\"},\"query-input\":{\"@type\":\"PropertyValueSpecification\",\"valueRequired\":true,\"valueName\":\"search_term_string\"}}],\"inLanguage\":\"es\"},{\"@type\":\"Organization\",\"@id\":\"https:\/\/sendapp.cloud\/en\/#organization\",\"name\":\"SendApp\",\"url\":\"https:\/\/sendapp.cloud\/en\/\",\"logo\":{\"@type\":\"ImageObject\",\"inLanguage\":\"es\",\"@id\":\"https:\/\/sendapp.cloud\/en\/#\/schema\/logo\/image\/\",\"url\":\"https:\/\/sendapp.cloud\/wp-content\/uploads\/2024\/11\/Logo-bianco.png\",\"contentUrl\":\"https:\/\/sendapp.cloud\/wp-content\/uploads\/2024\/11\/Logo-bianco.png\",\"width\":145,\"height\":48,\"caption\":\"SendApp\"},\"image\":{\"@id\":\"https:\/\/sendapp.cloud\/en\/#\/schema\/logo\/image\/\"}}]}<\/script>\n<!-- \/ Yoast SEO plugin. -->","yoast_head_json":{"title":"Prestashop plugin Whatsapp SMS Messagging and Notification Plugin - SendApp","robots":{"index":"index","follow":"follow","max-snippet":"max-snippet:-1","max-image-preview":"max-image-preview:large","max-video-preview":"max-video-preview:-1"},"canonical":"https:\/\/sendapp.cloud\/es\/prestashop-plugin-whatsapp-sms-messagging-and-notification-plugin\/","og_locale":"es_ES","og_type":"article","og_title":"Prestashop plugin Whatsapp SMS Messagging and Notification Plugin - SendApp","og_url":"https:\/\/sendapp.cloud\/es\/prestashop-plugin-whatsapp-sms-messagging-and-notification-plugin\/","og_site_name":"SendApp","og_image":[{"url":"https:\/\/sendapp.live\/wp-content\/uploads\/2022\/11\/prestashop-sms-whatsapp-1-1024x622.jpg","type":"","width":"","height":""}],"twitter_card":"summary_large_image","twitter_misc":{"Tiempo de lectura":"5 minutos"},"schema":{"@context":"https:\/\/schema.org","@graph":[{"@type":"WebPage","@id":"https:\/\/sendapp.cloud\/prestashop-plugin-whatsapp-sms-messagging-and-notification-plugin\/","url":"https:\/\/sendapp.cloud\/prestashop-plugin-whatsapp-sms-messagging-and-notification-plugin\/","name":"Prestashop plugin Whatsapp SMS Messagging and Notification Plugin - SendApp","isPartOf":{"@id":"https:\/\/sendapp.cloud\/en\/#website"},"primaryImageOfPage":{"@id":"https:\/\/sendapp.cloud\/prestashop-plugin-whatsapp-sms-messagging-and-notification-plugin\/#primaryimage"},"image":{"@id":"https:\/\/sendapp.cloud\/prestashop-plugin-whatsapp-sms-messagging-and-notification-plugin\/#primaryimage"},"thumbnailUrl":"https:\/\/sendapp.live\/wp-content\/uploads\/2022\/11\/prestashop-sms-whatsapp-1-1024x622.jpg","datePublished":"2023-02-16T08:59:14+00:00","breadcrumb":{"@id":"https:\/\/sendapp.cloud\/prestashop-plugin-whatsapp-sms-messagging-and-notification-plugin\/#breadcrumb"},"inLanguage":"es","potentialAction":[{"@type":"ReadAction","target":["https:\/\/sendapp.cloud\/prestashop-plugin-whatsapp-sms-messagging-and-notification-plugin\/"]}]},{"@type":"ImageObject","inLanguage":"es","@id":"https:\/\/sendapp.cloud\/prestashop-plugin-whatsapp-sms-messagging-and-notification-plugin\/#primaryimage","url":"https:\/\/sendapp.live\/wp-content\/uploads\/2022\/11\/prestashop-sms-whatsapp-1-1024x622.jpg","contentUrl":"https:\/\/sendapp.live\/wp-content\/uploads\/2022\/11\/prestashop-sms-whatsapp-1-1024x622.jpg"},{"@type":"BreadcrumbList","@id":"https:\/\/sendapp.cloud\/prestashop-plugin-whatsapp-sms-messagging-and-notification-plugin\/#breadcrumb","itemListElement":[{"@type":"ListItem","position":1,"name":"Home","item":"https:\/\/sendapp.cloud\/"},{"@type":"ListItem","position":2,"name":"Prestashop plugin Whatsapp SMS Messagging and Notification Plugin"}]},{"@type":"WebSite","@id":"https:\/\/sendapp.cloud\/en\/#website","url":"https:\/\/sendapp.cloud\/en\/","name":"SendApp","description":"Software de marketing de WhatsApp","publisher":{"@id":"https:\/\/sendapp.cloud\/en\/#organization"},"potentialAction":[{"@type":"SearchAction","target":{"@type":"EntryPoint","urlTemplate":"https:\/\/sendapp.cloud\/en\/?s={search_term_string}"},"query-input":{"@type":"PropertyValueSpecification","valueRequired":true,"valueName":"search_term_string"}}],"inLanguage":"es"},{"@type":"Organization","@id":"https:\/\/sendapp.cloud\/en\/#organization","name":"SendApp","url":"https:\/\/sendapp.cloud\/en\/","logo":{"@type":"ImageObject","inLanguage":"es","@id":"https:\/\/sendapp.cloud\/en\/#\/schema\/logo\/image\/","url":"https:\/\/sendapp.cloud\/wp-content\/uploads\/2024\/11\/Logo-bianco.png","contentUrl":"https:\/\/sendapp.cloud\/wp-content\/uploads\/2024\/11\/Logo-bianco.png","width":145,"height":48,"caption":"SendApp"},"image":{"@id":"https:\/\/sendapp.cloud\/en\/#\/schema\/logo\/image\/"}}]}},"_links":{"self":[{"href":"https:\/\/sendapp.cloud\/es\/wp-json\/wp\/v2\/pages\/24846","targetHints":{"allow":["GET"]}}],"collection":[{"href":"https:\/\/sendapp.cloud\/es\/wp-json\/wp\/v2\/pages"}],"about":[{"href":"https:\/\/sendapp.cloud\/es\/wp-json\/wp\/v2\/types\/page"}],"author":[{"embeddable":true,"href":"https:\/\/sendapp.cloud\/es\/wp-json\/wp\/v2\/users\/1"}],"replies":[{"embeddable":true,"href":"https:\/\/sendapp.cloud\/es\/wp-json\/wp\/v2\/comments?post=24846"}],"version-history":[{"count":0,"href":"https:\/\/sendapp.cloud\/es\/wp-json\/wp\/v2\/pages\/24846\/revisions"}],"wp:attachment":[{"href":"https:\/\/sendapp.cloud\/es\/wp-json\/wp\/v2\/media?parent=24846"}],"curies":[{"name":"gracias","href":"https:\/\/api.w.org\/{rel}","templated":true}]}}