{"id":24111,"date":"2022-11-03T15:52:01","date_gmt":"2022-11-03T14:52:01","guid":{"rendered":"https:\/\/sendapp.live\/?page_id=24111"},"modified":"2022-11-03T15:52:01","modified_gmt":"2022-11-03T14:52:01","slug":"sendapp-sms-price","status":"publish","type":"page","link":"https:\/\/sendapp.cloud\/es\/sendapp-sms-price\/","title":{"rendered":"sendapp sms price"},"content":{"rendered":"<div id=\"price\"  data-column-margin=\"default\" data-midnight=\"dark\" data-top-percent=\"4%\" data-bottom-percent=\"7%\"  class=\"wpb_row vc_row-fluid vc_row full-width-section\"  style=\"padding-top: calc(100vw * 0.04); padding-bottom: calc(100vw * 0.07); \"><div class=\"row-bg-wrap\" data-bg-animation=\"none\" data-bg-animation-delay=\"\" data-bg-overlay=\"false\"><div class=\"inner-wrap row-bg-layer\" ><div class=\"row-bg viewport-desktop\"  style=\"\"><\/div><\/div><\/div><div class=\"row_col_wrap_12 col span_12 dark left\">\n\t<div  class=\"vc_col-sm-12 wpb_column column_container vc_column_container col no-extra-padding inherit_tablet inherit_phone\"  data-padding-pos=\"all\" data-has-bg-color=\"false\" data-bg-color=\"\" data-bg-opacity=\"1\" data-animation=\"\" data-delay=\"0\" >\n\t\t<div class=\"vc_column-inner\" >\n\t\t\t<div class=\"wpb_wrapper\">\n\t\t\t\t<h1 style=\"font-size: 85px;color: #34aa54;text-align: center;font-family:Open Sans;font-weight:300;font-style:normal\" class=\"vc_custom_heading vc_do_custom_heading\" >Puerta de enlace de SMS de SendApp<\/h1><div class=\"divider-wrap\" data-alignment=\"default\"><div style=\"height: 25px;\" class=\"divider\"><\/div><\/div><div id=\"fws_69d48762c2612\" data-midnight=\"\" data-column-margin=\"default\" class=\"wpb_row vc_row-fluid vc_row inner_row\"  style=\"\"><div class=\"row-bg-wrap\"> <div class=\"row-bg\" ><\/div> <\/div><div class=\"row_col_wrap_12_inner col span_12  left\">\n\t<div  class=\"vc_col-sm-12 wpb_column column_container vc_column_container col child_column centered-text has-animation no-extra-padding inherit_tablet inherit_phone\"   data-padding-pos=\"all\" data-has-bg-color=\"false\" data-bg-color=\"\" data-bg-opacity=\"1\" data-animation=\"fade-in\" data-delay=\"0\" >\n\t\t<div class=\"vc_column-inner\" >\n\t\t<div class=\"wpb_wrapper\">\n\t\t\t\n<div class=\"wpb_text_column wpb_content_element  vc_custom_1578404489523\" >\n\t<div class=\"wpb_wrapper\">\n\t\t<section class=\"main-section main-section-full main-section-slim\">\n<div class=\"row\">\n<h2>Precios simples y transparentes<\/h2>\n<p><span style=\"color: #999999;\">El precio var\u00eda seg\u00fan las funcionalidades incluidas y el n\u00famero de env\u00edos autom\u00e1ticos.<\/span><\/p>\n<\/div>\n<\/section>\n\t<\/div>\n<\/div>\n\n\n\n\n\t\t<\/div> \n\t<\/div>\n\t<\/div> \n<\/div><\/div><div class=\"row pricing-table three-cols\" data-style=\"flat-alternative\"><div class=\"pricing-column no-highlight accent-color\">\n\t\t\t<h3>Gratis<\/h3>\n          <div class=\"pricing-column-content\">\n\t\t\t<h4> <span class=\"dollar-sign\">$<\/span> 0 <\/h4>\n\t\t\t<span class=\"interval\">Anual<\/span>\n<div class=\"wpb_text_column wpb_content_element\" >\n\t<div class=\"wpb_wrapper\">\n\t\t<h6><a class=\"nectar-button n-sc-button large accent-color has-icon regular-button\"  href=\"https:\/\/sms.sendapp.live\/register.php\" data-color-override=\"false\" data-hover-color-override=\"false\" data-hover-text-color-override=\"#fff\"><span>Registro<\/span><i class=\"icon-button-arrow\"><\/i><\/a><\/h6>\n<h6><i class=\"icon-tiny fa fa-check accent-color\"><\/i> 200 env\u00edos de SMS<\/h6>\n<h6><i class=\"icon-tiny fa fa-check accent-color\"><\/i> Anual<\/h6>\n<h6><i class=\"icon-tiny fa fa-check accent-color\"><\/i> 2 dispositivos Android<\/h6>\n<h6><i class=\"icon-tiny fa fa-check accent-color\"><\/i> Plantilla<\/h6>\n<h6><i class=\"icon-tiny fa fa-check accent-color\"><\/i> 200 contactos<\/h6>\n<h6><i class=\"icon-tiny fa fa-check accent-color\"><\/i> Planificaci\u00f3n<\/h6>\n<h6><i class=\"icon-tiny fa fa-check accent-color\"><\/i> Env\u00edo de informes<\/h6>\n<h6><i class=\"icon-tiny fa fa-check accent-color\"><\/i> Respuesta autom\u00e1tica<\/h6>\n<h6><i class=\"icon-tiny fa fa-check accent-color\"><\/i> API de SMS<\/h6>\n<h6><i class=\"icon-tiny fa fa-check accent-color\"><\/i> Servicio al cliente<\/h6>\n\t<\/div>\n<\/div>\n\n\n\n<\/div><\/div><div class=\"pricing-column highlight accent-color\">\n\t\t\t<h3>Profesional<span class=\"highlight-reason\">Recomendado<\/span><\/h3>\n          <div class=\"pricing-column-content\">\n\t\t\t<h4> <span class=\"dollar-sign\">$<\/span> 29 <\/h4>\n\t\t\t<span class=\"interval\">Anual<\/span>\n<div class=\"wpb_text_column wpb_content_element\" >\n\t<div class=\"wpb_wrapper\">\n\t\t<h6><a class=\"nectar-button n-sc-button large accent-color has-icon regular-button\"  href=\"https:\/\/sms.sendapp.live\/register.php\" data-color-override=\"false\" data-hover-color-override=\"false\" data-hover-text-color-override=\"#fff\"><span>Registro<\/span><i class=\"icon-button-arrow\"><\/i><\/a><\/h6>\n<h6><i class=\"icon-tiny fa fa-check accent-color\"><\/i> Env\u00edo de SMS ilimitado<\/h6>\n<h6><i class=\"icon-tiny fa fa-check accent-color\"><\/i> Anual<\/h6>\n<h6><i class=\"icon-tiny fa fa-check accent-color\"><\/i> 5 dispositivos Android<\/h6>\n<h6><i class=\"icon-tiny fa fa-check accent-color\"><\/i> Plantilla<\/h6>\n<h6><i class=\"icon-tiny fa fa-check accent-color\"><\/i> Lista de contactos ilimitada<\/h6>\n<h6><i class=\"icon-tiny fa fa-check accent-color\"><\/i> Planificaci\u00f3n<\/h6>\n<h6><i class=\"icon-tiny fa fa-check accent-color\"><\/i> Env\u00edo de informes<\/h6>\n<h6><i class=\"icon-tiny fa fa-check accent-color\"><\/i> Respuesta autom\u00e1tica<\/h6>\n<h6><i class=\"icon-tiny fa fa-check accent-color\"><\/i> API de SMS<\/h6>\n<h6><i class=\"icon-tiny fa fa-check accent-color\"><\/i> Servicio al cliente<\/h6>\n\t<\/div>\n<\/div>\n\n\n\n<\/div><\/div><div class=\"pricing-column no-highlight accent-color\">\n\t\t\t<h3>Negocio<\/h3>\n          <div class=\"pricing-column-content\">\n\t\t\t<h4> <span class=\"dollar-sign\">$<\/span> 49 <\/h4>\n\t\t\t<span class=\"interval\">Anual<\/span>\n<div class=\"wpb_text_column wpb_content_element\" >\n\t<div class=\"wpb_wrapper\">\n\t\t<h6><a class=\"nectar-button n-sc-button large accent-color has-icon regular-button\"  href=\"https:\/\/sms.sendapp.live\/register.php\" data-color-override=\"false\" data-hover-color-override=\"false\" data-hover-text-color-override=\"#fff\"><span>Registro<\/span><i class=\"icon-button-arrow\"><\/i><\/a><\/h6>\n<h6><i class=\"icon-tiny fa fa-check accent-color\"><\/i> Env\u00edo de SMS ilimitado<\/h6>\n<h6><i class=\"icon-tiny fa fa-check accent-color\"><\/i> Anual<\/h6>\n<h6><i class=\"icon-tiny fa fa-check accent-color\"><\/i> 10 dispositivos Android<\/h6>\n<h6><i class=\"icon-tiny fa fa-check accent-color\"><\/i> Plantilla<\/h6>\n<h6><i class=\"icon-tiny fa fa-check accent-color\"><\/i> Lista de contactos ilimitada<\/h6>\n<h6><i class=\"icon-tiny fa fa-check accent-color\"><\/i> Planificaci\u00f3n<\/h6>\n<h6><i class=\"icon-tiny fa fa-check accent-color\"><\/i> Env\u00edo de informes<\/h6>\n<h6><i class=\"icon-tiny fa fa-check accent-color\"><\/i> Respuesta autom\u00e1tica<\/h6>\n<h6><i class=\"icon-tiny fa fa-check accent-color\"><\/i> API de SMS<\/h6>\n<h6><i class=\"icon-tiny fa fa-check accent-color\"><\/i> Servicio al cliente<\/h6>\n\t<\/div>\n<\/div>\n\n\n\n<\/div><\/div><\/div>\n\t\t\t<\/div> \n\t\t<\/div>\n\t<\/div> \n<\/div><\/div>","protected":false},"excerpt":{"rendered":"SendApp Gateway SMS Prezzi semplici e trasparenti Il prezzo varia in base alle funzionalit\u00e0 incluse e al numero d'invii automatici. Free $ 0 Annuale Registrati 200 Invii SMS Annuale 2...","protected":false},"author":1,"featured_media":0,"parent":0,"menu_order":0,"comment_status":"closed","ping_status":"closed","template":"","meta":{"footnotes":""},"class_list":["post-24111","page","type-page","status-publish"],"yoast_head":"<!-- This site is optimized with the Yoast SEO plugin v26.8 - https:\/\/yoast.com\/product\/yoast-seo-wordpress\/ -->\n<title>sendapp sms price - SendApp<\/title>\n<meta name=\"robots\" content=\"index, follow, max-snippet:-1, max-image-preview:large, max-video-preview:-1\" \/>\n<link rel=\"canonical\" href=\"https:\/\/sendapp.cloud\/es\/sendapp-sms-price\/\" \/>\n<meta property=\"og:locale\" content=\"es_ES\" \/>\n<meta property=\"og:type\" content=\"article\" \/>\n<meta property=\"og:title\" content=\"sendapp sms price - SendApp\" \/>\n<meta property=\"og:url\" content=\"https:\/\/sendapp.cloud\/es\/sendapp-sms-price\/\" \/>\n<meta property=\"og:site_name\" content=\"SendApp\" \/>\n<meta name=\"twitter:card\" content=\"summary_large_image\" \/>\n<meta name=\"twitter:label1\" content=\"Tiempo de lectura\" \/>\n\t<meta name=\"twitter:data1\" content=\"2 minutos\" \/>\n<script type=\"application\/ld+json\" class=\"yoast-schema-graph\">{\"@context\":\"https:\/\/schema.org\",\"@graph\":[{\"@type\":\"WebPage\",\"@id\":\"https:\/\/sendapp.cloud\/sendapp-sms-price\/\",\"url\":\"https:\/\/sendapp.cloud\/sendapp-sms-price\/\",\"name\":\"sendapp sms price - SendApp\",\"isPartOf\":{\"@id\":\"https:\/\/sendapp.cloud\/en\/#website\"},\"datePublished\":\"2022-11-03T14:52:01+00:00\",\"breadcrumb\":{\"@id\":\"https:\/\/sendapp.cloud\/sendapp-sms-price\/#breadcrumb\"},\"inLanguage\":\"es\",\"potentialAction\":[{\"@type\":\"ReadAction\",\"target\":[\"https:\/\/sendapp.cloud\/sendapp-sms-price\/\"]}]},{\"@type\":\"BreadcrumbList\",\"@id\":\"https:\/\/sendapp.cloud\/sendapp-sms-price\/#breadcrumb\",\"itemListElement\":[{\"@type\":\"ListItem\",\"position\":1,\"name\":\"Home\",\"item\":\"https:\/\/sendapp.cloud\/\"},{\"@type\":\"ListItem\",\"position\":2,\"name\":\"sendapp sms price\"}]},{\"@type\":\"WebSite\",\"@id\":\"https:\/\/sendapp.cloud\/en\/#website\",\"url\":\"https:\/\/sendapp.cloud\/en\/\",\"name\":\"SendApp\",\"description\":\"Software Whatsapp Marketing\",\"publisher\":{\"@id\":\"https:\/\/sendapp.cloud\/en\/#organization\"},\"potentialAction\":[{\"@type\":\"SearchAction\",\"target\":{\"@type\":\"EntryPoint\",\"urlTemplate\":\"https:\/\/sendapp.cloud\/en\/?s={search_term_string}\"},\"query-input\":{\"@type\":\"PropertyValueSpecification\",\"valueRequired\":true,\"valueName\":\"search_term_string\"}}],\"inLanguage\":\"es\"},{\"@type\":\"Organization\",\"@id\":\"https:\/\/sendapp.cloud\/en\/#organization\",\"name\":\"SendApp\",\"url\":\"https:\/\/sendapp.cloud\/en\/\",\"logo\":{\"@type\":\"ImageObject\",\"inLanguage\":\"es\",\"@id\":\"https:\/\/sendapp.cloud\/en\/#\/schema\/logo\/image\/\",\"url\":\"https:\/\/sendapp.cloud\/wp-content\/uploads\/2024\/11\/Logo-bianco.png\",\"contentUrl\":\"https:\/\/sendapp.cloud\/wp-content\/uploads\/2024\/11\/Logo-bianco.png\",\"width\":145,\"height\":48,\"caption\":\"SendApp\"},\"image\":{\"@id\":\"https:\/\/sendapp.cloud\/en\/#\/schema\/logo\/image\/\"}}]}<\/script>\n<!-- \/ Yoast SEO plugin. -->","yoast_head_json":{"title":"sendapp sms price - SendApp","robots":{"index":"index","follow":"follow","max-snippet":"max-snippet:-1","max-image-preview":"max-image-preview:large","max-video-preview":"max-video-preview:-1"},"canonical":"https:\/\/sendapp.cloud\/es\/sendapp-sms-price\/","og_locale":"es_ES","og_type":"article","og_title":"sendapp sms price - SendApp","og_url":"https:\/\/sendapp.cloud\/es\/sendapp-sms-price\/","og_site_name":"SendApp","twitter_card":"summary_large_image","twitter_misc":{"Tiempo de lectura":"2 minutos"},"schema":{"@context":"https:\/\/schema.org","@graph":[{"@type":"WebPage","@id":"https:\/\/sendapp.cloud\/sendapp-sms-price\/","url":"https:\/\/sendapp.cloud\/sendapp-sms-price\/","name":"sendapp sms price - SendApp","isPartOf":{"@id":"https:\/\/sendapp.cloud\/en\/#website"},"datePublished":"2022-11-03T14:52:01+00:00","breadcrumb":{"@id":"https:\/\/sendapp.cloud\/sendapp-sms-price\/#breadcrumb"},"inLanguage":"es","potentialAction":[{"@type":"ReadAction","target":["https:\/\/sendapp.cloud\/sendapp-sms-price\/"]}]},{"@type":"BreadcrumbList","@id":"https:\/\/sendapp.cloud\/sendapp-sms-price\/#breadcrumb","itemListElement":[{"@type":"ListItem","position":1,"name":"Home","item":"https:\/\/sendapp.cloud\/"},{"@type":"ListItem","position":2,"name":"sendapp sms price"}]},{"@type":"WebSite","@id":"https:\/\/sendapp.cloud\/en\/#website","url":"https:\/\/sendapp.cloud\/en\/","name":"SendApp","description":"Software de marketing de WhatsApp","publisher":{"@id":"https:\/\/sendapp.cloud\/en\/#organization"},"potentialAction":[{"@type":"SearchAction","target":{"@type":"EntryPoint","urlTemplate":"https:\/\/sendapp.cloud\/en\/?s={search_term_string}"},"query-input":{"@type":"PropertyValueSpecification","valueRequired":true,"valueName":"search_term_string"}}],"inLanguage":"es"},{"@type":"Organization","@id":"https:\/\/sendapp.cloud\/en\/#organization","name":"SendApp","url":"https:\/\/sendapp.cloud\/en\/","logo":{"@type":"ImageObject","inLanguage":"es","@id":"https:\/\/sendapp.cloud\/en\/#\/schema\/logo\/image\/","url":"https:\/\/sendapp.cloud\/wp-content\/uploads\/2024\/11\/Logo-bianco.png","contentUrl":"https:\/\/sendapp.cloud\/wp-content\/uploads\/2024\/11\/Logo-bianco.png","width":145,"height":48,"caption":"SendApp"},"image":{"@id":"https:\/\/sendapp.cloud\/en\/#\/schema\/logo\/image\/"}}]}},"_links":{"self":[{"href":"https:\/\/sendapp.cloud\/es\/wp-json\/wp\/v2\/pages\/24111","targetHints":{"allow":["GET"]}}],"collection":[{"href":"https:\/\/sendapp.cloud\/es\/wp-json\/wp\/v2\/pages"}],"about":[{"href":"https:\/\/sendapp.cloud\/es\/wp-json\/wp\/v2\/types\/page"}],"author":[{"embeddable":true,"href":"https:\/\/sendapp.cloud\/es\/wp-json\/wp\/v2\/users\/1"}],"replies":[{"embeddable":true,"href":"https:\/\/sendapp.cloud\/es\/wp-json\/wp\/v2\/comments?post=24111"}],"version-history":[{"count":0,"href":"https:\/\/sendapp.cloud\/es\/wp-json\/wp\/v2\/pages\/24111\/revisions"}],"wp:attachment":[{"href":"https:\/\/sendapp.cloud\/es\/wp-json\/wp\/v2\/media?parent=24111"}],"curies":[{"name":"gracias","href":"https:\/\/api.w.org\/{rel}","templated":true}]}}