{"id":22806,"date":"2022-03-30T12:36:54","date_gmt":"2022-03-30T10:36:54","guid":{"rendered":"https:\/\/sendapp.live\/?page_id=22806"},"modified":"2022-03-30T12:36:54","modified_gmt":"2022-03-30T10:36:54","slug":"notifiche-whatsapp-shopify-recupero-carrello-abbandono","status":"publish","type":"page","link":"https:\/\/sendapp.cloud\/es\/notifiche-whatsapp-shopify-recupero-carrello-abbandono\/","title":{"rendered":"notifiche whatsapp shopify recupero carrello abbandono"},"content":{"rendered":"<div id=\"fws_69f4493b99994\"  data-column-margin=\"default\" data-midnight=\"dark\"  class=\"wpb_row vc_row-fluid vc_row  top_margin_5pct\"  style=\"padding-top: 0px; padding-bottom: 0px; \"><div class=\"row-bg-wrap\" data-bg-animation=\"none\" data-bg-animation-delay=\"\" data-bg-overlay=\"false\"><div class=\"inner-wrap row-bg-layer\" ><div class=\"row-bg viewport-desktop\"  style=\"\"><\/div><\/div><\/div><div class=\"row_col_wrap_12 col span_12 dark left\">\n\t<div  class=\"vc_col-sm-2\/5 wpb_column column_container vc_column_container col no-extra-padding inherit_tablet inherit_phone\"  data-padding-pos=\"top\" data-has-bg-color=\"false\" data-bg-color=\"\" data-bg-opacity=\"1\" data-animation=\"\" data-delay=\"0\" >\n\t\t<div class=\"vc_column-inner\" >\n\t\t\t<div class=\"wpb_wrapper\">\n\t\t\t\t<div class=\"img-with-aniamtion-wrap\" data-max-width=\"100%\" data-max-width-mobile=\"default\" data-shadow=\"none\" data-animation=\"fade-in\" >\n      <div class=\"inner\">\n        <div class=\"hover-wrap\"> \n          <div class=\"hover-wrap-inner\">\n            <img loading=\"lazy\" decoding=\"async\" class=\"img-with-animation skip-lazy\" data-delay=\"0\" height=\"910\" width=\"854\" data-animation=\"fade-in\" src=\"https:\/\/sendapp.cloud\/wp-content\/uploads\/2022\/03\/whatsapp-notification.jpg\" alt=\"\" srcset=\"https:\/\/sendapp.cloud\/wp-content\/uploads\/2022\/03\/whatsapp-notification.jpg 854w, https:\/\/sendapp.cloud\/wp-content\/uploads\/2022\/03\/whatsapp-notification-282x300.jpg 282w, https:\/\/sendapp.cloud\/wp-content\/uploads\/2022\/03\/whatsapp-notification-768x818.jpg 768w, https:\/\/sendapp.cloud\/wp-content\/uploads\/2022\/03\/whatsapp-notification-11x12.jpg 11w\" sizes=\"auto, (max-width: 854px) 100vw, 854px\" \/>\n          <\/div>\n        <\/div>\n      <\/div>\n    <\/div>\n\t\t\t<\/div> \n\t\t<\/div>\n\t<\/div> \n\n\t<div  class=\"vc_col-sm-3\/5 wpb_column column_container vc_column_container col no-extra-padding inherit_tablet inherit_phone\"  data-padding-pos=\"all\" data-has-bg-color=\"false\" data-bg-color=\"\" data-bg-opacity=\"1\" data-animation=\"\" data-delay=\"0\" >\n\t\t<div class=\"vc_column-inner\" >\n\t\t\t<div class=\"wpb_wrapper\">\n\t\t\t\t\n<div class=\"wpb_text_column wpb_content_element\" >\n\t<div class=\"wpb_wrapper\">\n\t\t<h2><span style=\"color: #339966;\">Notificaciones de WhatsApp en Shopify<\/span><br \/>\n<span style=\"color: #339966;\">para pedidos y recuperaci\u00f3n de carritos abandonados<\/span><\/h2>\n\t<\/div>\n<\/div>\n\n\n\n\n<div class=\"wpb_text_column wpb_content_element\" >\n\t<div class=\"wpb_wrapper\">\n\t\t<p>Enviar mensajes de recuperaci\u00f3n de carritos abandonados<br \/>\nNotificaciones de pedidos v\u00eda WhatsApp\/SMS para aumentar<br \/>\nInteractuar con sus clientes a trav\u00e9s de<br \/>\nNuestra integraci\u00f3n gratuita con SendApp.<\/p>\n\t<\/div>\n<\/div>\n\n\n\n\n\t\t\t<\/div> \n\t\t<\/div>\n\t<\/div> \n<\/div><\/div>\n\t\t<div id=\"fws_69f4493b9b6f0\"  data-column-margin=\"default\" data-midnight=\"dark\"  class=\"wpb_row vc_row-fluid vc_row full-width-section\"  style=\"padding-top: 0px; padding-bottom: 100px; \"><div class=\"row-bg-wrap\" data-bg-animation=\"none\" data-bg-animation-delay=\"\" data-bg-overlay=\"false\"><div class=\"inner-wrap row-bg-layer\" ><div class=\"row-bg viewport-desktop using-bg-color\"  style=\"background-color: #ffffff; \"><\/div><\/div><\/div><div class=\"row_col_wrap_12 col span_12 dark left\">\n\t<div  class=\"vc_col-sm-12 wpb_column column_container vc_column_container col no-extra-padding inherit_tablet inherit_phone\"  data-padding-pos=\"all\" data-has-bg-color=\"false\" data-bg-color=\"\" data-bg-opacity=\"1\" data-animation=\"\" data-delay=\"0\" >\n\t\t<div class=\"vc_column-inner\" >\n\t\t\t<div class=\"wpb_wrapper\">\n\t\t\t\t<div class=\"nectar-gradient-text\" data-direction=\"horizontal\" data-color=\"extra-color-gradient-1\" style=\"margin-top: 90px; margin-bottom: 0px; \"><h2>Instrucciones de SendApp para enviar notificaciones con Shopify<\/h2><\/div><div class=\"toggles\" data-br=\"\" data-starting=\"default\" data-style=\"minimal\"><div class=\"toggle default\" data-inner-wrap=\"true\"><h3 class=\"toggle-title\"><a href=\"#\" role=\"button\" class=\"toggle-heading\"><i role=\"presentation\" class=\"fa fa-plus-circle\"><\/i>Configura los webhooks en Shopify para Sendapp.cloud<\/a><\/h3><div><div class=\"inner-toggle-wrap\">\n<div class=\"wpb_text_column wpb_content_element\" >\n\t<div class=\"wpb_wrapper\">\n\t\t<h3><span id=\"Cose_un_webhook_ed_a_cosa_serve\">\u00bfQu\u00e9 es un webhook y para qu\u00e9 se utiliza?<\/span><\/h3>\n<p>Los webhooks son una herramienta necesaria para sincronizar aplicaciones y servicios externos y ejecutar c\u00f3digo cuando se produce un evento espec\u00edfico en la tienda, como la creaci\u00f3n de un nuevo producto o la realizaci\u00f3n de un pedido. En el caso de esta gu\u00eda,<strong>\u00a0El webhook se utiliza para notificar a Growish Charity que un cliente ha completado un pedido, de modo que se pueda activar el sistema de donaciones.<\/strong><\/p>\n<h3><span id=\"Come_creare_un_webhook\">C\u00f3mo crear un webhook<\/span><\/h3>\n<ul>\n<li>Desde tu panel de administraci\u00f3n de Shopify, ve a\u00a0<strong>Configuraci\u00f3n &gt; Notificaciones<\/strong><\/li>\n<li>Al desplazarte hacia abajo, encontrar\u00e1s la secci\u00f3n\u00a0<strong>Webhooks<\/strong><\/li>\n<li>Hacer clic en\u00a0<strong><strong>Crear un webhook<\/strong><\/strong><img loading=\"lazy\" decoding=\"async\" class=\"size-full wp-image-22813 aligncenter\" src=\"https:\/\/sendapp.live\/wp-content\/uploads\/2022\/03\/come-creare-webhook-shopify-charity-growish-1.png\" alt=\"\" width=\"894\" height=\"398\" srcset=\"https:\/\/sendapp.cloud\/wp-content\/uploads\/2022\/03\/come-creare-webhook-shopify-charity-growish-1.png 894w, https:\/\/sendapp.cloud\/wp-content\/uploads\/2022\/03\/come-creare-webhook-shopify-charity-growish-1-300x134.png 300w, https:\/\/sendapp.cloud\/wp-content\/uploads\/2022\/03\/come-creare-webhook-shopify-charity-growish-1-768x342.png 768w, https:\/\/sendapp.cloud\/wp-content\/uploads\/2022\/03\/come-creare-webhook-shopify-charity-growish-1-18x8.png 18w\" sizes=\"auto, (max-width: 894px) 100vw, 894px\" \/><br \/>\n<h3><span id=\"Elementi_di_un_webhook\">Elementos de un webhook<\/span><\/h3>\n<p>Para crear un webhook<strong>\u00a0Necesitas tener los siguientes elementos:<\/strong><\/p>\n<ul>\n<li><strong>Evento<\/strong>\u00a0(Qu\u00e9 debe ocurrir en la tienda para que se active el webhook, por ejemplo, que se complete un pedido)<\/li>\n<li><strong>Formato<\/strong><\/li>\n<li><strong>URL<\/strong>\u00a0destino del webhook<\/li>\n<li><strong><strong>Versi\u00f3n de API<\/strong><\/strong>&nbsp;\n<p><img loading=\"lazy\" decoding=\"async\" class=\"wp-image-2289 aligncenter\" src=\"http:\/\/104.248.90.120\/wp-content\/uploads\/2020\/03\/come-creare-webhook-shopify-charity-growish-2.png\" alt=\"\" width=\"650\" height=\"409\" \/><\/li>\n<\/ul>\n<\/li>\n<\/ul>\n\t<\/div>\n<\/div>\n\n\n\n<\/div><\/div><\/div><div class=\"toggle default\" data-inner-wrap=\"true\"><h3 class=\"toggle-title\"><a href=\"#\" role=\"button\" class=\"toggle-heading\"><i role=\"presentation\" class=\"fa fa-plus-circle\"><\/i>Crea una URL de notificaci\u00f3n personalizada con Sendapp.cloud<\/a><\/h3><div><div class=\"inner-toggle-wrap\">\n<div class=\"wpb_text_column wpb_content_element\" >\n\t<div class=\"wpb_wrapper\">\n\t\t<p>Nuestro objetivo es ofrecer la mayor cantidad de funciones posible para que usted, como propietario de un sitio, pueda configurar el plugin a su gusto, manteniendo una interfaz f\u00e1cil de entender. Sin embargo, siempre es \u00fatil conocer todas las opciones.<br \/>\nEl plugin se divide en tres secciones principales: Configuraci\u00f3n, Ayuda y Ajustes.<\/p>\n<p>Configuraci\u00f3n<br \/>\nDe esta manera podr\u00e1s configurar las API y el Gateway de Sendapp que deseas utilizar para enviar mensajes de WhatsApp y SMS. .<\/p>\n<p>API de Sendapp Cloud<br \/>\nSi tienes el plan https:\/\/sendapp.cloud, puedes crear una instancia con tu cuenta personal de WhatsApp multisesi\u00f3n o con tu cuenta de WhatsApp empresarial multisesi\u00f3n.<br \/>\nDespu\u00e9s de crear la instancia, puede copiar su token y su ID de instancia para pegarlo en su complemento de notificaciones Sendapp de WordPress.<\/p>\n<p>Enviar correo electr\u00f3nico Sendapp Connect<br \/>\nSi tienes Sendapp Connect en el plugin de WordPress, debes introducir el mismo correo electr\u00f3nico configurado en Sendapp Connect para enviar notificaciones.<\/p>\n<p>API de SMS de Sendapp<br \/>\nSi dispone de la pasarela SMS de https:\/\/sms.sendapp.live, puede acceder a su clave API para copiarla y pegarla en su plugin de WordPress.<\/p>\n\t<\/div>\n<\/div>\n\n\n\n<\/div><\/div><\/div><div class=\"toggle default\" data-inner-wrap=\"true\"><h3 class=\"toggle-title\"><a href=\"#\" role=\"button\" class=\"toggle-heading\"><i role=\"presentation\" class=\"fa fa-plus-circle\"><\/i>Marcadores de posici\u00f3n para la plantilla de mensaje<\/a><\/h3><div><div class=\"inner-toggle-wrap\">\n<div class=\"wpb_text_column wpb_content_element\" >\n\t<div class=\"wpb_wrapper\">\n\t\t<p>A continuaci\u00f3n se muestra una lista de marcadores de posici\u00f3n que puede utilizar en la plantilla de su mensaje.<\/p>\n<p><iframe loading=\"lazy\" src=\"https:\/\/shopify.dev\/api\/liquid\/objects\/shop#shop-phone\" width=\"100%\" height=\"400\" frameborder=\"0\"><\/iframe><\/p>\n\t<\/div>\n<\/div>\n\n\n\n<\/div><\/div><\/div><\/div>\n\n\n\n\n\n\n\n\n\n\n\n\n\n\n\n\n\n\n\n\n\t\t\t<\/div> \n\t\t<\/div>\n\t<\/div> \n<\/div><\/div>","protected":false},"excerpt":{"rendered":"Notifiche Whatsapp su Shopify per Ordini e Recupero Carrello Abbandonato Invia messaggi di recupero carrello abbandonato notifiche Ordini tramite WhatsApp\/SMS per aumentare il coinvolgimento con i tuoi clienti attraverso la...","protected":false},"author":1,"featured_media":0,"parent":0,"menu_order":0,"comment_status":"closed","ping_status":"closed","template":"","meta":{"footnotes":""},"class_list":["post-22806","page","type-page","status-publish"],"yoast_head":"<!-- This site is optimized with the Yoast SEO plugin v27.4 - https:\/\/yoast.com\/product\/yoast-seo-wordpress\/ -->\n<title>notifiche whatsapp shopify recupero carrello abbandono - SendApp<\/title>\n<meta name=\"robots\" content=\"index, follow, max-snippet:-1, max-image-preview:large, max-video-preview:-1\" \/>\n<link rel=\"canonical\" href=\"https:\/\/sendapp.cloud\/es\/notifiche-whatsapp-shopify-recupero-carrello-abbandono\/\" \/>\n<meta property=\"og:locale\" content=\"es_ES\" \/>\n<meta property=\"og:type\" content=\"article\" \/>\n<meta property=\"og:title\" content=\"notifiche whatsapp shopify recupero carrello abbandono - SendApp\" \/>\n<meta property=\"og:url\" content=\"https:\/\/sendapp.cloud\/es\/notifiche-whatsapp-shopify-recupero-carrello-abbandono\/\" \/>\n<meta property=\"og:site_name\" content=\"SendApp\" \/>\n<meta property=\"og:image\" content=\"https:\/\/sendapp.live\/wp-content\/uploads\/2022\/03\/come-creare-webhook-shopify-charity-growish-1.png\" \/>\n<meta name=\"twitter:card\" content=\"summary_large_image\" \/>\n<meta name=\"twitter:label1\" content=\"Tiempo de lectura\" \/>\n\t<meta name=\"twitter:data1\" content=\"4 minutos\" \/>\n<script type=\"application\/ld+json\" class=\"yoast-schema-graph\">{\"@context\":\"https:\\\/\\\/schema.org\",\"@graph\":[{\"@type\":\"WebPage\",\"@id\":\"https:\\\/\\\/sendapp.cloud\\\/notifiche-whatsapp-shopify-recupero-carrello-abbandono\\\/\",\"url\":\"https:\\\/\\\/sendapp.cloud\\\/notifiche-whatsapp-shopify-recupero-carrello-abbandono\\\/\",\"name\":\"notifiche whatsapp shopify recupero carrello abbandono - SendApp\",\"isPartOf\":{\"@id\":\"https:\\\/\\\/sendapp.cloud\\\/en\\\/#website\"},\"primaryImageOfPage\":{\"@id\":\"https:\\\/\\\/sendapp.cloud\\\/notifiche-whatsapp-shopify-recupero-carrello-abbandono\\\/#primaryimage\"},\"image\":{\"@id\":\"https:\\\/\\\/sendapp.cloud\\\/notifiche-whatsapp-shopify-recupero-carrello-abbandono\\\/#primaryimage\"},\"thumbnailUrl\":\"https:\\\/\\\/sendapp.live\\\/wp-content\\\/uploads\\\/2022\\\/03\\\/come-creare-webhook-shopify-charity-growish-1.png\",\"datePublished\":\"2022-03-30T10:36:54+00:00\",\"breadcrumb\":{\"@id\":\"https:\\\/\\\/sendapp.cloud\\\/notifiche-whatsapp-shopify-recupero-carrello-abbandono\\\/#breadcrumb\"},\"inLanguage\":\"es\",\"potentialAction\":[{\"@type\":\"ReadAction\",\"target\":[\"https:\\\/\\\/sendapp.cloud\\\/notifiche-whatsapp-shopify-recupero-carrello-abbandono\\\/\"]}]},{\"@type\":\"ImageObject\",\"inLanguage\":\"es\",\"@id\":\"https:\\\/\\\/sendapp.cloud\\\/notifiche-whatsapp-shopify-recupero-carrello-abbandono\\\/#primaryimage\",\"url\":\"https:\\\/\\\/sendapp.live\\\/wp-content\\\/uploads\\\/2022\\\/03\\\/come-creare-webhook-shopify-charity-growish-1.png\",\"contentUrl\":\"https:\\\/\\\/sendapp.live\\\/wp-content\\\/uploads\\\/2022\\\/03\\\/come-creare-webhook-shopify-charity-growish-1.png\"},{\"@type\":\"BreadcrumbList\",\"@id\":\"https:\\\/\\\/sendapp.cloud\\\/notifiche-whatsapp-shopify-recupero-carrello-abbandono\\\/#breadcrumb\",\"itemListElement\":[{\"@type\":\"ListItem\",\"position\":1,\"name\":\"Home\",\"item\":\"https:\\\/\\\/sendapp.cloud\\\/\"},{\"@type\":\"ListItem\",\"position\":2,\"name\":\"notifiche whatsapp shopify recupero carrello abbandono\"}]},{\"@type\":\"WebSite\",\"@id\":\"https:\\\/\\\/sendapp.cloud\\\/en\\\/#website\",\"url\":\"https:\\\/\\\/sendapp.cloud\\\/en\\\/\",\"name\":\"SendApp\",\"description\":\"Software Whatsapp Marketing\",\"publisher\":{\"@id\":\"https:\\\/\\\/sendapp.cloud\\\/en\\\/#organization\"},\"potentialAction\":[{\"@type\":\"SearchAction\",\"target\":{\"@type\":\"EntryPoint\",\"urlTemplate\":\"https:\\\/\\\/sendapp.cloud\\\/en\\\/?s={search_term_string}\"},\"query-input\":{\"@type\":\"PropertyValueSpecification\",\"valueRequired\":true,\"valueName\":\"search_term_string\"}}],\"inLanguage\":\"es\"},{\"@type\":\"Organization\",\"@id\":\"https:\\\/\\\/sendapp.cloud\\\/en\\\/#organization\",\"name\":\"SendApp\",\"url\":\"https:\\\/\\\/sendapp.cloud\\\/en\\\/\",\"logo\":{\"@type\":\"ImageObject\",\"inLanguage\":\"es\",\"@id\":\"https:\\\/\\\/sendapp.cloud\\\/en\\\/#\\\/schema\\\/logo\\\/image\\\/\",\"url\":\"https:\\\/\\\/sendapp.cloud\\\/wp-content\\\/uploads\\\/2024\\\/11\\\/Logo-bianco.png\",\"contentUrl\":\"https:\\\/\\\/sendapp.cloud\\\/wp-content\\\/uploads\\\/2024\\\/11\\\/Logo-bianco.png\",\"width\":145,\"height\":48,\"caption\":\"SendApp\"},\"image\":{\"@id\":\"https:\\\/\\\/sendapp.cloud\\\/en\\\/#\\\/schema\\\/logo\\\/image\\\/\"}}]}<\/script>\n<!-- \/ Yoast SEO plugin. -->","yoast_head_json":{"title":"notifiche whatsapp shopify recupero carrello abbandono - SendApp","robots":{"index":"index","follow":"follow","max-snippet":"max-snippet:-1","max-image-preview":"max-image-preview:large","max-video-preview":"max-video-preview:-1"},"canonical":"https:\/\/sendapp.cloud\/es\/notifiche-whatsapp-shopify-recupero-carrello-abbandono\/","og_locale":"es_ES","og_type":"article","og_title":"notifiche whatsapp shopify recupero carrello abbandono - SendApp","og_url":"https:\/\/sendapp.cloud\/es\/notifiche-whatsapp-shopify-recupero-carrello-abbandono\/","og_site_name":"SendApp","og_image":[{"url":"https:\/\/sendapp.live\/wp-content\/uploads\/2022\/03\/come-creare-webhook-shopify-charity-growish-1.png","type":"","width":"","height":""}],"twitter_card":"summary_large_image","twitter_misc":{"Tiempo de lectura":"4 minutos"},"schema":{"@context":"https:\/\/schema.org","@graph":[{"@type":"WebPage","@id":"https:\/\/sendapp.cloud\/notifiche-whatsapp-shopify-recupero-carrello-abbandono\/","url":"https:\/\/sendapp.cloud\/notifiche-whatsapp-shopify-recupero-carrello-abbandono\/","name":"notifiche whatsapp shopify recupero carrello abbandono - SendApp","isPartOf":{"@id":"https:\/\/sendapp.cloud\/en\/#website"},"primaryImageOfPage":{"@id":"https:\/\/sendapp.cloud\/notifiche-whatsapp-shopify-recupero-carrello-abbandono\/#primaryimage"},"image":{"@id":"https:\/\/sendapp.cloud\/notifiche-whatsapp-shopify-recupero-carrello-abbandono\/#primaryimage"},"thumbnailUrl":"https:\/\/sendapp.live\/wp-content\/uploads\/2022\/03\/come-creare-webhook-shopify-charity-growish-1.png","datePublished":"2022-03-30T10:36:54+00:00","breadcrumb":{"@id":"https:\/\/sendapp.cloud\/notifiche-whatsapp-shopify-recupero-carrello-abbandono\/#breadcrumb"},"inLanguage":"es","potentialAction":[{"@type":"ReadAction","target":["https:\/\/sendapp.cloud\/notifiche-whatsapp-shopify-recupero-carrello-abbandono\/"]}]},{"@type":"ImageObject","inLanguage":"es","@id":"https:\/\/sendapp.cloud\/notifiche-whatsapp-shopify-recupero-carrello-abbandono\/#primaryimage","url":"https:\/\/sendapp.live\/wp-content\/uploads\/2022\/03\/come-creare-webhook-shopify-charity-growish-1.png","contentUrl":"https:\/\/sendapp.live\/wp-content\/uploads\/2022\/03\/come-creare-webhook-shopify-charity-growish-1.png"},{"@type":"BreadcrumbList","@id":"https:\/\/sendapp.cloud\/notifiche-whatsapp-shopify-recupero-carrello-abbandono\/#breadcrumb","itemListElement":[{"@type":"ListItem","position":1,"name":"Home","item":"https:\/\/sendapp.cloud\/"},{"@type":"ListItem","position":2,"name":"notifiche whatsapp shopify recupero carrello abbandono"}]},{"@type":"WebSite","@id":"https:\/\/sendapp.cloud\/en\/#website","url":"https:\/\/sendapp.cloud\/en\/","name":"SendApp","description":"Software de marketing de WhatsApp","publisher":{"@id":"https:\/\/sendapp.cloud\/en\/#organization"},"potentialAction":[{"@type":"SearchAction","target":{"@type":"EntryPoint","urlTemplate":"https:\/\/sendapp.cloud\/en\/?s={search_term_string}"},"query-input":{"@type":"PropertyValueSpecification","valueRequired":true,"valueName":"search_term_string"}}],"inLanguage":"es"},{"@type":"Organization","@id":"https:\/\/sendapp.cloud\/en\/#organization","name":"SendApp","url":"https:\/\/sendapp.cloud\/en\/","logo":{"@type":"ImageObject","inLanguage":"es","@id":"https:\/\/sendapp.cloud\/en\/#\/schema\/logo\/image\/","url":"https:\/\/sendapp.cloud\/wp-content\/uploads\/2024\/11\/Logo-bianco.png","contentUrl":"https:\/\/sendapp.cloud\/wp-content\/uploads\/2024\/11\/Logo-bianco.png","width":145,"height":48,"caption":"SendApp"},"image":{"@id":"https:\/\/sendapp.cloud\/en\/#\/schema\/logo\/image\/"}}]}},"_links":{"self":[{"href":"https:\/\/sendapp.cloud\/es\/wp-json\/wp\/v2\/pages\/22806","targetHints":{"allow":["GET"]}}],"collection":[{"href":"https:\/\/sendapp.cloud\/es\/wp-json\/wp\/v2\/pages"}],"about":[{"href":"https:\/\/sendapp.cloud\/es\/wp-json\/wp\/v2\/types\/page"}],"author":[{"embeddable":true,"href":"https:\/\/sendapp.cloud\/es\/wp-json\/wp\/v2\/users\/1"}],"replies":[{"embeddable":true,"href":"https:\/\/sendapp.cloud\/es\/wp-json\/wp\/v2\/comments?post=22806"}],"version-history":[{"count":0,"href":"https:\/\/sendapp.cloud\/es\/wp-json\/wp\/v2\/pages\/22806\/revisions"}],"wp:attachment":[{"href":"https:\/\/sendapp.cloud\/es\/wp-json\/wp\/v2\/media?parent=22806"}],"curies":[{"name":"gracias","href":"https:\/\/api.w.org\/{rel}","templated":true}]}}