{"id":2187,"date":"2019-08-29T15:26:34","date_gmt":"2019-08-29T13:26:34","guid":{"rendered":"https:\/\/sendapp.live\/terms-and-conditions\/"},"modified":"2019-08-29T15:26:34","modified_gmt":"2019-08-29T13:26:34","slug":"terms-and-conditions","status":"publish","type":"page","link":"https:\/\/sendapp.cloud\/es\/terms-and-conditions\/","title":{"rendered":"T\u00e9rminos y condiciones"},"content":{"rendered":"<div id=\"fws_69f250b698485\"  data-column-margin=\"default\" data-midnight=\"dark\"  class=\"wpb_row vc_row-fluid vc_row\"  style=\"padding-top: 0px; padding-bottom: 0px; \"><div class=\"row-bg-wrap\" data-bg-animation=\"none\" data-bg-animation-delay=\"\" data-bg-overlay=\"false\"><div class=\"inner-wrap row-bg-layer\" ><div class=\"row-bg viewport-desktop\"  style=\"\"><\/div><\/div><\/div><div class=\"row_col_wrap_12 col span_12 dark left\">\n\t<div  class=\"vc_col-sm-2 wpb_column column_container vc_column_container col no-extra-padding inherit_tablet inherit_phone\"  data-padding-pos=\"all\" data-has-bg-color=\"false\" data-bg-color=\"\" data-bg-opacity=\"1\" data-animation=\"\" data-delay=\"0\" >\n\t\t<div class=\"vc_column-inner\" >\n\t\t\t<div class=\"wpb_wrapper\">\n\t\t\t\t\n\t\t\t<\/div> \n\t\t<\/div>\n\t<\/div> \n\n\t<div  class=\"vc_col-sm-8 wpb_column column_container vc_column_container col no-extra-padding inherit_tablet inherit_phone\"  data-padding-pos=\"all\" data-has-bg-color=\"false\" data-bg-color=\"\" data-bg-opacity=\"1\" data-animation=\"\" data-delay=\"0\" >\n\t\t<div class=\"vc_column-inner\" >\n\t\t\t<div class=\"wpb_wrapper\">\n\t\t\t\t\n<div class=\"wpb_text_column wpb_content_element\" >\n\t<div class=\"wpb_wrapper\">\n\t\t<h1>Programa de afiliados de SendApp<br \/>\nCondiciones de servicio<\/h1>\n<h2>Acuerdo<\/h2>\n<p>Al registrarse para ser afiliado en el Programa de afiliados de SendApp (\u201cPrograma\u201d), usted acepta estar sujeto a los siguientes t\u00e9rminos y condiciones (\u201cT\u00e9rminos de servicio\u201d).<\/p>\n<p><strong>SendApp<\/strong> se reserva el derecho de actualizar y modificar los T\u00e9rminos de Servicio peri\u00f3dicamente sin previo aviso. Cualquier nueva funci\u00f3n que ampl\u00ede o mejore el Programa actual, incluyendo el lanzamiento de nuevas herramientas y recursos, estar\u00e1 sujeta a los T\u00e9rminos de Servicio. El uso continuado del Programa despu\u00e9s de dichos cambios constituir\u00e1 su consentimiento a dichos cambios.<\/p>\n<p>El incumplimiento de cualquiera de los t\u00e9rminos a continuaci\u00f3n resultar\u00e1 en la cancelaci\u00f3n de su cuenta y la p\u00e9rdida de cualquier comisi\u00f3n de afiliado pendiente obtenida durante el incumplimiento. Usted acepta usar el Programa de Afiliados bajo su propio riesgo.<\/p>\n<h2>Condiciones de la cuenta<\/h2>\n<ul>\n<li>Debes tener 18 a\u00f1os o m\u00e1s para ser parte de este programa.<\/li>\n<li>Debe ser un humano. No se permiten cuentas registradas mediante bots ni otros m\u00e9todos automatizados.<\/li>\n<li>Debe proporcionar su nombre legal completo, una direcci\u00f3n de correo electr\u00f3nico v\u00e1lida y cualquier otra informaci\u00f3n solicitada para completar el proceso de registro.<\/li>\n<li>Su nombre de usuario solo puede ser utilizado por una persona: no est\u00e1 permitido un \u00fanico nombre de usuario compartido por varias personas.<\/li>\n<li>Usted es responsable de mantener la seguridad de su cuenta y contrase\u00f1a. <strong>SendApp<\/strong> no puede y no ser\u00e1 responsable de ninguna p\u00e9rdida o da\u00f1o que resulte de su incumplimiento de esta obligaci\u00f3n de seguridad.<\/li>\n<li>Usted es responsable de todo el contenido publicado y de la actividad que ocurra en su cuenta.<\/li>\n<li>Una persona o entidad jur\u00eddica no podr\u00e1 mantener m\u00e1s de una cuenta.<\/li>\n<li>No podr\u00e1 utilizar el Programa de Afiliados con fines ilegales o no autorizados. Al utilizar el Servicio, no deber\u00e1 infringir ninguna ley de su jurisdicci\u00f3n (incluidas, entre otras, las leyes de derechos de autor).<\/li>\n<li>No puedes utilizar el Programa de Afiliados para ganar dinero por tu cuenta. <strong>SendApp<\/strong> cuentas de productos.<\/li>\n<\/ul>\n<h2>Enlaces\/gr\u00e1ficos en su sitio, en sus correos electr\u00f3nicos u otras comunicaciones<\/h2>\n<p>Una vez que se haya registrado en el Programa de Afiliados, se le asignar\u00e1 un C\u00f3digo de Afiliado \u00fanico. Puede colocar enlaces, banners u otros gr\u00e1ficos que le proporcionamos con su C\u00f3digo de Afiliado en su sitio web, correos electr\u00f3nicos o en otras comunicaciones. Le proporcionaremos directrices, estilos de enlace y material gr\u00e1fico para usar en los enlaces. <strong>SendApp<\/strong>Podemos cambiar el dise\u00f1o de la obra de arte en cualquier momento sin previo aviso, pero no cambiaremos las dimensiones de las im\u00e1genes sin previo aviso.<\/p>\n<p>Para permitir un seguimiento preciso, informes y acumulaci\u00f3n de tarifas de referencia, le proporcionaremos formatos de enlace especiales para usar en todos los enlaces entre su sitio y el sitio. <strong>SendApp<\/strong>Debe asegurarse de que cada uno de los enlaces entre su sitio y el <strong>SendApp<\/strong> utiliza correctamente estos formatos de enlace especiales. Enlaces a la <strong>SendApp<\/strong> colocados en su sitio de conformidad con este Acuerdo y que utilizan correctamente dichos formatos de enlace especiales se denominan &quot;Enlaces especiales&quot;. Obtendr\u00e1 comisiones de referencia solo con respecto a las ventas en un <strong>SendApp<\/strong> producto que ocurre directamente a trav\u00e9s de Enlaces Especiales; no seremos responsables ante usted con respecto a cualquier falla de su parte o de alguien a quien usted refiera al usar Enlaces Especiales o al escribir incorrectamente su C\u00f3digo de Afiliado, incluso en la medida en que dicha falla pueda resultar en una reducci\u00f3n de los montos que de otra manera se le pagar\u00edan a usted de conformidad con este Acuerdo.<\/p>\n<p>Los enlaces de afiliados deben apuntar a la p\u00e1gina del producto que se promociona.<\/p>\n<h2>Tarifas\/comisiones por referencia y pagos<\/h2>\n<p>Para que la venta de un producto sea elegible para ganar una tarifa de referencia, el cliente debe hacer clic en un enlace especial desde su sitio, correo electr\u00f3nico u otras comunicaciones para <strong>https:\/\/sendapp.live<\/strong> y completar un pedido de un producto durante esa sesi\u00f3n.<\/p>\n<p>Solo pagaremos comisiones por enlaces que nuestros sistemas rastrean y reportan autom\u00e1ticamente. No pagaremos comisiones si alguien afirma haber comprado o ingresado un c\u00f3digo de referencia si no fue rastreado por nuestro sistema. Solo podemos pagar comisiones por negocios generados a trav\u00e9s de enlaces especiales con el formato correcto que nuestros sistemas rastrean autom\u00e1ticamente.<\/p>\n<p>Nos reservamos el derecho de descalificar las comisiones obtenidas a trav\u00e9s de m\u00e9todos de ventas o marketing fraudulentos, ilegales o excesivamente agresivos o cuestionables.<\/p>\n<p>Los pagos solo comienzan una vez que haya ganado m\u00e1s de <strong>$200<\/strong> en ingresos de afiliados. Si su cuenta de afiliado nunca supera los 100.000 <strong>$200 <\/strong>Si supera el umbral, sus comisiones no se realizar\u00e1n ni se pagar\u00e1n. Solo nos encargamos de pagar las cuentas que hayan superado el umbral. <strong>$200 <\/strong>l\u00edmite.<\/p>\n<h2>C\u00f3mo identificarse como afiliado de SendApp<\/h2>\n<p>No podr\u00e1 emitir ning\u00fan comunicado de prensa con respecto a este Acuerdo ni a su participaci\u00f3n en el Programa; dicha acci\u00f3n podr\u00eda resultar en su baja del Programa. Adem\u00e1s, no podr\u00e1 tergiversar ni exagerar de ninguna manera la relaci\u00f3n entre nosotros, afirmar que desarrolla nuestros productos ni que forma parte de... <strong>SendApp<\/strong> o expresar o implicar cualquier relaci\u00f3n o afiliaci\u00f3n entre nosotros y usted o cualquier otra persona o entidad, excepto seg\u00fan lo expresamente permitido por este Acuerdo (incluso al expresar o implicar que apoyamos, patrocinamos, avalamos o contribuimos con dinero a cualquier organizaci\u00f3n ben\u00e9fica u otra causa).<\/p>\n<p>No podr\u00e1 comprar productos a trav\u00e9s de sus enlaces de afiliado para su propio uso. Dichas compras podr\u00edan resultar (a nuestra entera discreci\u00f3n) en la retenci\u00f3n de las comisiones por referencia o en la rescisi\u00f3n de este Acuerdo.<\/p>\n<h2>Calendario de pagos<\/h2>\n<p>Siempre que sus ganancias actuales de afiliado hayan terminado <strong>$200 <\/strong>Se le pagar\u00e1 cada mes. Si no ha ganado <strong>$200 <\/strong>Desde su \u00faltimo pago, le pagaremos el mes siguiente despu\u00e9s de que haya cruzado el umbral.<\/p>\n<h2>Definici\u00f3n de cliente<\/h2>\n<p>Los clientes que compren productos a trav\u00e9s de este Programa se considerar\u00e1n nuestros clientes. Por lo tanto, todas nuestras normas, pol\u00edticas y procedimientos operativos relativos a pedidos, atenci\u00f3n al cliente y venta de productos les ser\u00e1n aplicables. Podemos modificar nuestras pol\u00edticas y procedimientos operativos en cualquier momento. Por ejemplo, determinaremos los precios de los productos vendidos bajo este Programa de acuerdo con nuestras propias pol\u00edticas de precios. Los precios y la disponibilidad de los productos pueden variar ocasionalmente. Dado que los cambios de precios pueden afectar a los Productos que usted ha publicado en su sitio web, no debe mostrar los precios de los productos en su sitio web. Haremos todo lo posible, dentro de lo razonable, para presentar informaci\u00f3n precisa, pero no podemos garantizar la disponibilidad ni el precio de ning\u00fan producto en particular.<\/p>\n<h2>Tus responsabilidades<\/h2>\n<p>Usted ser\u00e1 el \u00fanico responsable del desarrollo, la operaci\u00f3n y el mantenimiento de su sitio web, as\u00ed como de todos los materiales que aparecen en \u00e9l. Por ejemplo, usted ser\u00e1 el \u00fanico responsable de:<\/p>\n<p>\u2013 El funcionamiento t\u00e9cnico de su sitio y de todo el equipamiento relacionado<br \/>\n\u2013 Garantizar que la visualizaci\u00f3n de enlaces especiales en su sitio no viole ning\u00fan acuerdo entre usted y ning\u00fan tercero (incluidas, entre otras, las restricciones o requisitos que le imponga un tercero que aloje su sitio).<br \/>\n\u2013 La exactitud, veracidad e idoneidad de los materiales publicados en su sitio (incluidos, entre otras cosas, todos los materiales relacionados con el Producto y cualquier informaci\u00f3n que incluya o asocie con Enlaces especiales)<br \/>\n\u2013 Garantizar que los materiales publicados en su sitio no violen ni infrinjan los derechos de terceros (incluidos, por ejemplo, derechos de autor, marcas comerciales, privacidad u otros derechos personales o de propiedad)<br \/>\n\u2013 Asegurarse de que los materiales publicados en su sitio no sean difamatorios ni ilegales.<br \/>\n\u2013 Garantizar que su sitio revele de manera precisa y adecuada, ya sea a trav\u00e9s de una pol\u00edtica de privacidad o de otro modo, c\u00f3mo recopila, usa, almacena y divulga los datos recopilados de los visitantes, incluido, cuando corresponda, que terceros anunciantes (incluidos) pueden ofrecer contenido y\/o anuncios y recopilar informaci\u00f3n directamente de los visitantes y pueden colocar o reconocer cookies en los navegadores de los visitantes.<\/p>\n<h2>Cumplimiento de las leyes<\/h2>\n<p>Como condici\u00f3n para su participaci\u00f3n en el Programa, usted acepta que, mientras participe en el Programa, cumplir\u00e1 con todas las leyes, ordenanzas, normas, reglamentos, \u00f3rdenes, licencias, permisos, sentencias, decisiones u otros requisitos de cualquier autoridad gubernamental con jurisdicci\u00f3n sobre usted, independientemente de si dichas leyes, etc., est\u00e1n vigentes o entran en vigor posteriormente durante su participaci\u00f3n en el Programa. Sin perjuicio de esta obligaci\u00f3n, usted acepta que, como condici\u00f3n para su participaci\u00f3n en el Programa, cumplir\u00e1 con todas las leyes aplicables (federales, estatales o de otro tipo) que rigen el marketing por correo electr\u00f3nico, incluyendo, entre otras, la Ley CAN-SPAM de 2003 y todas las dem\u00e1s leyes antispam.<\/p>\n<h2>Plazo del Convenio y Programa<\/h2>\n<p>La vigencia de este Acuerdo comenzar\u00e1 con la aceptaci\u00f3n de su solicitud al Programa y finalizar\u00e1 cuando cualquiera de las partes lo rescinda. Tanto usted como nosotros podremos rescindir este Acuerdo en cualquier momento, con o sin causa, mediante notificaci\u00f3n por escrito a la otra parte. Tras la rescisi\u00f3n de este Acuerdo por cualquier motivo, usted dejar\u00e1 de usar inmediatamente y eliminar\u00e1 de su sitio todos los enlaces a <strong>https:\/\/sendapp.live<\/strong>, y todas nuestras marcas comerciales, imagen comercial y logotipos, y todos los dem\u00e1s materiales proporcionados por o en nombre de nosotros a usted de conformidad con el presente o en relaci\u00f3n con el Programa. <strong>SendApp<\/strong> se reserva el derecho de finalizar el Programa en cualquier momento. Tras la finalizaci\u00f3n del programa, <strong>SendApp<\/strong> Pagar\u00e1 cualquier ganancia pendiente acumulada anteriormente <strong>$200 <\/strong>.<\/p>\n<h2>Terminaci\u00f3n<\/h2>\n<p><strong>SendApp<\/strong>, a su exclusivo criterio, tiene el derecho de suspender o cancelar su cuenta y rechazar cualquier uso actual o futuro del Programa, o cualquier otro <strong>SendApp<\/strong> servicio, por cualquier motivo y en cualquier momento. Dicha terminaci\u00f3n del Servicio resultar\u00e1 en la desactivaci\u00f3n o eliminaci\u00f3n de su Cuenta o su acceso a ella, as\u00ed como en la p\u00e9rdida y renuncia de todas las comisiones potenciales o pendientes de pago en su Cuenta si se obtuvieron mediante m\u00e9todos de venta o marketing fraudulentos, ilegales, excesivamente agresivos o cuestionables. <strong>SendApp<\/strong> se reserva el derecho de rechazar el servicio a cualquier persona por cualquier motivo y en cualquier momento.<\/p>\n<h2>Relaci\u00f3n de las partes<\/h2>\n<p>Usted y nosotros somos contratistas independientes, y ninguna disposici\u00f3n de este Acuerdo crear\u00e1 ninguna sociedad, empresa conjunta, agencia, franquicia, representaci\u00f3n de ventas ni relaci\u00f3n laboral entre las partes. Usted no tendr\u00e1 autoridad para hacer ni aceptar ofertas ni representaciones en nuestro nombre. No realizar\u00e1 ninguna declaraci\u00f3n, ya sea en su sitio web o de otro modo, que contradiga razonablemente lo dispuesto en esta Secci\u00f3n.<\/p>\n<h2>Limitaciones de responsabilidad<\/h2>\n<p>No seremos responsables de da\u00f1os indirectos, especiales o consecuentes (ni de ninguna p\u00e9rdida de ingresos, beneficios o datos) que surjan en relaci\u00f3n con este Acuerdo o el Programa, incluso si se nos ha advertido de la posibilidad de dichos da\u00f1os. Asimismo, nuestra responsabilidad total derivada de este Acuerdo y el Programa no superar\u00e1 el total de las comisiones por referencia pagadas o pagaderas a usted en virtud de este Acuerdo.<\/p>\n<h2>Descargo de responsabilidad<\/h2>\n<p>No ofrecemos garant\u00edas ni declaraciones, expresas ni impl\u00edcitas, con respecto al Programa ni a ning\u00fan producto vendido a trav\u00e9s del mismo (incluidas, entre otras, las garant\u00edas de idoneidad, comerciabilidad, no infracci\u00f3n o cualquier garant\u00eda impl\u00edcita derivada de un curso de ejecuci\u00f3n, trato o uso comercial). Adem\u00e1s, no garantizamos que el funcionamiento del <strong>SendApp<\/strong> ser\u00e1 ininterrumpido o libre de errores, y no seremos responsables de las consecuencias de ninguna interrupci\u00f3n o error.<\/p>\n<h2>Investigaci\u00f3n independiente<\/h2>\n<p>USTED RECONOCE QUE HA LE\u00cdDO ESTE ACUERDO Y ACEPTA TODOS SUS T\u00c9RMINOS Y CONDICIONES. USTED ENTIENDE QUE PODEMOS, EN CUALQUIER MOMENTO (DIRECTAMENTE O INDIRECTAMENTE), SOLICITAR RECOMENDACIONES DE CLIENTES CON T\u00c9RMINOS QUE PUEDEN DIFERIR DE LOS CONTENIDOS EN ESTE ACUERDO U OPERAR SITIOS WEB SIMILARES O QUE COMPITAN CON EL SUYO. USTED HA EVALUADO DE FORMA INDEPENDIENTE LA CONVENIENCIA DE PARTICIPAR EN EL PROGRAMA Y NO SE BASA EN NINGUNA REPRESENTACI\u00d3N, GARANT\u00cdA O DECLARACI\u00d3N DISTINTA DE LA ESTABLECIDA EN ESTE ACUERDO.<\/p>\n<h2>Arbitraje<\/h2>\n<p>Cualquier disputa relacionada de alguna manera con este Acuerdo (incluido cualquier incumplimiento real o presunto del mismo), cualquier transacci\u00f3n o actividad bajo este Acuerdo o su relaci\u00f3n con nosotros o cualquiera de nuestras afiliadas se someter\u00e1 a arbitraje confidencial, excepto que, en la medida en que usted haya violado o amenazado con violar de alguna manera nuestros derechos de propiedad intelectual, podemos buscar medidas cautelares u otra reparaci\u00f3n apropiada en cualquier tribunal estatal o federal (y usted consiente la jurisdicci\u00f3n y competencia no exclusivas en dichos tribunales) o cualquier otro tribunal de jurisdicci\u00f3n competente. El arbitraje bajo este acuerdo se llevar\u00e1 a cabo bajo las reglas vigentes en ese momento de la Asociaci\u00f3n Americana de Arbitraje. El laudo arbitral ser\u00e1 vinculante y podr\u00e1 presentarse como sentencia en cualquier tribunal de jurisdicci\u00f3n competente. En la m\u00e1xima medida permitida por la ley aplicable, ning\u00fan arbitraje bajo este Acuerdo se unir\u00e1 a un arbitraje que involucre a cualquier otra parte sujeta a este Acuerdo, ya sea a trav\u00e9s de procedimientos de arbitraje colectivo o de otro modo.<\/p>\n<h2>Miscel\u00e1neas<\/h2>\n<p>Este Acuerdo se regir\u00e1 por las leyes de los Estados Unidos, sin referencia a las normas que rigen la elecci\u00f3n del derecho aplicable. Usted no podr\u00e1 ceder este Acuerdo, por ministerio de la ley o de cualquier otra forma, sin nuestro consentimiento previo por escrito. Sujeto a dicha restricci\u00f3n, este Acuerdo ser\u00e1 vinculante para, redundar\u00e1 en beneficio de, y ser\u00e1 ejecutable contra las partes y sus respectivos sucesores y cesionarios. El hecho de que no exijamos su estricto cumplimiento de cualquier disposici\u00f3n de este Acuerdo no constituir\u00e1 una renuncia a nuestro derecho a exigir posteriormente el cumplimiento de dicha disposici\u00f3n o cualquier otra disposici\u00f3n de este Acuerdo.<\/p>\n<p>El fracaso de <strong>SendApp<\/strong> El ejercicio o la ejecuci\u00f3n de cualquier derecho o disposici\u00f3n de los T\u00e9rminos de Servicio no constituir\u00e1 una renuncia a dicho derecho o disposici\u00f3n. Los T\u00e9rminos de Servicio constituyen el acuerdo completo entre usted y <strong>SendApp<\/strong> y rigen su uso del Servicio, reemplazando cualquier acuerdo previo entre usted y <strong>SendApp<\/strong> (incluidas, entre otras, cualquier versi\u00f3n anterior de los T\u00e9rminos de Servicio).<\/p>\n\t<\/div>\n<\/div>\n\n\n\n\n\t\t\t<\/div> \n\t\t<\/div>\n\t<\/div> \n\n\t<div  class=\"vc_col-sm-2 wpb_column column_container vc_column_container col no-extra-padding inherit_tablet inherit_phone\"  data-padding-pos=\"all\" data-has-bg-color=\"false\" data-bg-color=\"\" data-bg-opacity=\"1\" data-animation=\"\" data-delay=\"0\" >\n\t\t<div class=\"vc_column-inner\" >\n\t\t\t<div class=\"wpb_wrapper\">\n\t\t\t\t\n\t\t\t<\/div> \n\t\t<\/div>\n\t<\/div> \n<\/div><\/div>","protected":false},"excerpt":{"rendered":"Acuerdo de T\u00e9rminos de Servicio del Programa de Afiliados de SendApp Al registrarte como Afiliado en el Programa de Afiliados de SendApp (&quot;Programa&quot;), aceptas estar sujeto a los siguientes t\u00e9rminos...","protected":false},"author":1,"featured_media":0,"parent":0,"menu_order":0,"comment_status":"closed","ping_status":"open","template":"","meta":{"footnotes":""},"class_list":["post-2187","page","type-page","status-publish"],"yoast_head":"<!-- This site is optimized with the Yoast SEO plugin v27.4 - https:\/\/yoast.com\/product\/yoast-seo-wordpress\/ -->\n<title>Terms and Conditions massive message sendings whatsapp- SendApp<\/title>\n<meta name=\"description\" content=\"Terms and Conditions - sendapp - create massive text, image, video, link message campaign - send to whatsapp contacts and other imported contacts to sendapp\" \/>\n<meta name=\"robots\" content=\"index, follow, max-snippet:-1, max-image-preview:large, max-video-preview:-1\" \/>\n<link rel=\"canonical\" href=\"https:\/\/sendapp.cloud\/es\/terms-and-conditions\/\" \/>\n<meta property=\"og:locale\" content=\"es_ES\" \/>\n<meta property=\"og:type\" content=\"article\" \/>\n<meta property=\"og:title\" content=\"Terms and Conditions massive message sendings whatsapp- SendApp\" \/>\n<meta property=\"og:description\" content=\"Terms and Conditions - sendapp - create massive text, image, video, link message campaign - send to whatsapp contacts and other imported contacts to sendapp\" \/>\n<meta property=\"og:url\" content=\"https:\/\/sendapp.cloud\/es\/terms-and-conditions\/\" \/>\n<meta property=\"og:site_name\" content=\"SendApp\" \/>\n<meta name=\"twitter:card\" content=\"summary_large_image\" \/>\n<meta name=\"twitter:label1\" content=\"Tiempo de lectura\" \/>\n\t<meta name=\"twitter:data1\" content=\"11 minutos\" \/>\n<script type=\"application\/ld+json\" class=\"yoast-schema-graph\">{\"@context\":\"https:\\\/\\\/schema.org\",\"@graph\":[{\"@type\":\"WebPage\",\"@id\":\"https:\\\/\\\/sendapp.cloud\\\/terms-and-conditions\\\/\",\"url\":\"https:\\\/\\\/sendapp.cloud\\\/terms-and-conditions\\\/\",\"name\":\"Terms and Conditions massive message sendings whatsapp- SendApp\",\"isPartOf\":{\"@id\":\"https:\\\/\\\/sendapp.cloud\\\/en\\\/#website\"},\"datePublished\":\"2019-08-29T13:26:34+00:00\",\"description\":\"Terms and Conditions - sendapp - create massive text, image, video, link message campaign - send to whatsapp contacts and other imported contacts to sendapp\",\"breadcrumb\":{\"@id\":\"https:\\\/\\\/sendapp.cloud\\\/terms-and-conditions\\\/#breadcrumb\"},\"inLanguage\":\"es\",\"potentialAction\":[{\"@type\":\"ReadAction\",\"target\":[\"https:\\\/\\\/sendapp.cloud\\\/terms-and-conditions\\\/\"]}]},{\"@type\":\"BreadcrumbList\",\"@id\":\"https:\\\/\\\/sendapp.cloud\\\/terms-and-conditions\\\/#breadcrumb\",\"itemListElement\":[{\"@type\":\"ListItem\",\"position\":1,\"name\":\"Home\",\"item\":\"https:\\\/\\\/sendapp.cloud\\\/\"},{\"@type\":\"ListItem\",\"position\":2,\"name\":\"Terms and Conditions\"}]},{\"@type\":\"WebSite\",\"@id\":\"https:\\\/\\\/sendapp.cloud\\\/en\\\/#website\",\"url\":\"https:\\\/\\\/sendapp.cloud\\\/en\\\/\",\"name\":\"SendApp\",\"description\":\"Software Whatsapp Marketing\",\"publisher\":{\"@id\":\"https:\\\/\\\/sendapp.cloud\\\/en\\\/#organization\"},\"potentialAction\":[{\"@type\":\"SearchAction\",\"target\":{\"@type\":\"EntryPoint\",\"urlTemplate\":\"https:\\\/\\\/sendapp.cloud\\\/en\\\/?s={search_term_string}\"},\"query-input\":{\"@type\":\"PropertyValueSpecification\",\"valueRequired\":true,\"valueName\":\"search_term_string\"}}],\"inLanguage\":\"es\"},{\"@type\":\"Organization\",\"@id\":\"https:\\\/\\\/sendapp.cloud\\\/en\\\/#organization\",\"name\":\"SendApp\",\"url\":\"https:\\\/\\\/sendapp.cloud\\\/en\\\/\",\"logo\":{\"@type\":\"ImageObject\",\"inLanguage\":\"es\",\"@id\":\"https:\\\/\\\/sendapp.cloud\\\/en\\\/#\\\/schema\\\/logo\\\/image\\\/\",\"url\":\"https:\\\/\\\/sendapp.cloud\\\/wp-content\\\/uploads\\\/2024\\\/11\\\/Logo-bianco.png\",\"contentUrl\":\"https:\\\/\\\/sendapp.cloud\\\/wp-content\\\/uploads\\\/2024\\\/11\\\/Logo-bianco.png\",\"width\":145,\"height\":48,\"caption\":\"SendApp\"},\"image\":{\"@id\":\"https:\\\/\\\/sendapp.cloud\\\/en\\\/#\\\/schema\\\/logo\\\/image\\\/\"}}]}<\/script>\n<!-- \/ Yoast SEO plugin. -->","yoast_head_json":{"title":"Terms and Conditions massive message sendings whatsapp- SendApp","description":"Terms and Conditions - sendapp - create massive text, image, video, link message campaign - send to whatsapp contacts and other imported contacts to sendapp","robots":{"index":"index","follow":"follow","max-snippet":"max-snippet:-1","max-image-preview":"max-image-preview:large","max-video-preview":"max-video-preview:-1"},"canonical":"https:\/\/sendapp.cloud\/es\/terms-and-conditions\/","og_locale":"es_ES","og_type":"article","og_title":"Terms and Conditions massive message sendings whatsapp- SendApp","og_description":"Terms and Conditions - sendapp - create massive text, image, video, link message campaign - send to whatsapp contacts and other imported contacts to sendapp","og_url":"https:\/\/sendapp.cloud\/es\/terms-and-conditions\/","og_site_name":"SendApp","twitter_card":"summary_large_image","twitter_misc":{"Tiempo de lectura":"11 minutos"},"schema":{"@context":"https:\/\/schema.org","@graph":[{"@type":"WebPage","@id":"https:\/\/sendapp.cloud\/terms-and-conditions\/","url":"https:\/\/sendapp.cloud\/terms-and-conditions\/","name":"Terms and Conditions massive message sendings whatsapp- SendApp","isPartOf":{"@id":"https:\/\/sendapp.cloud\/en\/#website"},"datePublished":"2019-08-29T13:26:34+00:00","description":"Terms and Conditions - sendapp - create massive text, image, video, link message campaign - send to whatsapp contacts and other imported contacts to sendapp","breadcrumb":{"@id":"https:\/\/sendapp.cloud\/terms-and-conditions\/#breadcrumb"},"inLanguage":"es","potentialAction":[{"@type":"ReadAction","target":["https:\/\/sendapp.cloud\/terms-and-conditions\/"]}]},{"@type":"BreadcrumbList","@id":"https:\/\/sendapp.cloud\/terms-and-conditions\/#breadcrumb","itemListElement":[{"@type":"ListItem","position":1,"name":"Home","item":"https:\/\/sendapp.cloud\/"},{"@type":"ListItem","position":2,"name":"Terms and Conditions"}]},{"@type":"WebSite","@id":"https:\/\/sendapp.cloud\/en\/#website","url":"https:\/\/sendapp.cloud\/en\/","name":"SendApp","description":"Software de marketing de WhatsApp","publisher":{"@id":"https:\/\/sendapp.cloud\/en\/#organization"},"potentialAction":[{"@type":"SearchAction","target":{"@type":"EntryPoint","urlTemplate":"https:\/\/sendapp.cloud\/en\/?s={search_term_string}"},"query-input":{"@type":"PropertyValueSpecification","valueRequired":true,"valueName":"search_term_string"}}],"inLanguage":"es"},{"@type":"Organization","@id":"https:\/\/sendapp.cloud\/en\/#organization","name":"SendApp","url":"https:\/\/sendapp.cloud\/en\/","logo":{"@type":"ImageObject","inLanguage":"es","@id":"https:\/\/sendapp.cloud\/en\/#\/schema\/logo\/image\/","url":"https:\/\/sendapp.cloud\/wp-content\/uploads\/2024\/11\/Logo-bianco.png","contentUrl":"https:\/\/sendapp.cloud\/wp-content\/uploads\/2024\/11\/Logo-bianco.png","width":145,"height":48,"caption":"SendApp"},"image":{"@id":"https:\/\/sendapp.cloud\/en\/#\/schema\/logo\/image\/"}}]}},"_links":{"self":[{"href":"https:\/\/sendapp.cloud\/es\/wp-json\/wp\/v2\/pages\/2187","targetHints":{"allow":["GET"]}}],"collection":[{"href":"https:\/\/sendapp.cloud\/es\/wp-json\/wp\/v2\/pages"}],"about":[{"href":"https:\/\/sendapp.cloud\/es\/wp-json\/wp\/v2\/types\/page"}],"author":[{"embeddable":true,"href":"https:\/\/sendapp.cloud\/es\/wp-json\/wp\/v2\/users\/1"}],"replies":[{"embeddable":true,"href":"https:\/\/sendapp.cloud\/es\/wp-json\/wp\/v2\/comments?post=2187"}],"version-history":[{"count":0,"href":"https:\/\/sendapp.cloud\/es\/wp-json\/wp\/v2\/pages\/2187\/revisions"}],"wp:attachment":[{"href":"https:\/\/sendapp.cloud\/es\/wp-json\/wp\/v2\/media?parent=2187"}],"curies":[{"name":"gracias","href":"https:\/\/api.w.org\/{rel}","templated":true}]}}