{"id":630,"date":"2019-05-23T18:36:15","date_gmt":"2019-05-23T16:36:15","guid":{"rendered":"https:\/\/sendapp.live\/?page_id=630"},"modified":"2025-10-22T13:54:50","modified_gmt":"2025-10-22T11:54:50","slug":"terms-and-conditions-of-use","status":"publish","type":"page","link":"https:\/\/sendapp.cloud\/de\/terms-and-conditions-of-use\/","title":{"rendered":"Terms and conditions of use"},"content":{"rendered":"<div id=\"fws_69e27514407b1\"  data-column-margin=\"default\" data-midnight=\"dark\"  class=\"wpb_row vc_row-fluid vc_row\"  style=\"padding-top: 0px; padding-bottom: 0px; \"><div class=\"row-bg-wrap\" data-bg-animation=\"none\" data-bg-animation-delay=\"\" data-bg-overlay=\"false\"><div class=\"inner-wrap row-bg-layer\" ><div class=\"row-bg viewport-desktop\"  style=\"\"><\/div><\/div><\/div><div class=\"row_col_wrap_12 col span_12 dark left\">\n\t<div  class=\"vc_col-sm-2 wpb_column column_container vc_column_container col no-extra-padding inherit_tablet inherit_phone\"  data-padding-pos=\"all\" data-has-bg-color=\"false\" data-bg-color=\"\" data-bg-opacity=\"1\" data-animation=\"\" data-delay=\"0\" >\n\t\t<div class=\"vc_column-inner\" >\n\t\t\t<div class=\"wpb_wrapper\">\n\t\t\t\t\n\t\t\t<\/div> \n\t\t<\/div>\n\t<\/div> \n\n\t<div  class=\"vc_col-sm-8 wpb_column column_container vc_column_container col no-extra-padding inherit_tablet inherit_phone\"  data-padding-pos=\"all\" data-has-bg-color=\"false\" data-bg-color=\"\" data-bg-opacity=\"1\" data-animation=\"\" data-delay=\"0\" >\n\t\t<div class=\"vc_column-inner\" >\n\t\t\t<div class=\"wpb_wrapper\">\n\t\t\t\t\n<div class=\"wpb_text_column wpb_content_element\" >\n\t<div class=\"wpb_wrapper\">\n\t\t<h2>SendApp \u2013 Nutzungsbedingungen<\/h2>\n<p>Die folgenden Allgemeinen Gesch\u00e4ftsbedingungen (nachfolgend \u201cAllgemeine Gesch\u00e4ftsbedingungen\u201d) regeln die Nutzung dieser Website und der \u00fcber die Websites (nachfolgend \u201cSites\u201d) sendapp.live, sendapp.cloud, sendapp.ai bereitgestellten Inhalte, einschlie\u00dflich, aber nicht beschr\u00e4nkt auf:<\/p>\n<p><strong>Name der Standorte<\/strong>: sendapp.live, sendapp.cloud, sendapp.ai<\/p>\n<p>Die Websites sind Eigentum von SendApp, einem Produkt von Everysoft srls (nachfolgend \u201cSendApp\u201d, \u201cwir\u201d, \u201cuns\u201d oder \u201cunser\u201d) und werden von diesem betrieben. Der Zugriff auf die Websites und deren Nutzung setzen die vollst\u00e4ndige Annahme dieser Allgemeinen Gesch\u00e4ftsbedingungen voraus.<\/p>\n<h3><\/h3>\n<h3>1. Registrierung<\/h3>\n<p>Sie m\u00fcssen sich nicht registrieren, um auf die Inhalte oder Dienste der Websites zugreifen zu k\u00f6nnen. Einige Bereiche und Funktionen sind jedoch m\u00f6glicherweise registrierten Benutzern vorbehalten. In solchen F\u00e4llen m\u00fcssen Sie einen separaten Abonnementvertrag akzeptieren.<\/p>\n<h3>2. Schutzrechte<\/h3>\n<p>Durch die Nutzung der Websites werden keine Rechte am geistigen Eigentum an Inhalten, Codes, Daten oder zug\u00e4nglichen Materialien gew\u00e4hrt. Sie d\u00fcrfen eine einzelne Kopie der Inhalte ausschlie\u00dflich f\u00fcr den pers\u00f6nlichen, nicht kommerziellen Gebrauch herunterladen. Jede unbefugte Nutzung kann gegen italienisches oder internationales Recht versto\u00dfen.<\/p>\n<h3>3. Urheberrechtsbeauftragter<\/h3>\n<p>Wenn Sie eine Urheberrechtsverletzung vermuten, k\u00f6nnen Sie sich mit den gesetzlich vorgeschriebenen detaillierten Informationen an SendApp wenden.<\/p>\n<h3>4. Marken<\/h3>\n<p>Die Marken auf den Websites sind von SendApp oder Dritten registriert. Nichts auf den Websites darf als Erteilung einer Lizenz zur Nutzung dieser Marken ausgelegt werden.<\/p>\n<h3>5. \u00c4nderungen der Allgemeinen Gesch\u00e4ftsbedingungen<\/h3>\n<p>SendApp beh\u00e4lt sich das Recht vor, die Allgemeinen Gesch\u00e4ftsbedingungen jederzeit zu \u00e4ndern. \u00c4nderungen werden mit ihrer Ver\u00f6ffentlichung auf den Websites wirksam.<\/p>\n<h3>6. Benutzerinformationen<\/h3>\n<p>Sie sind f\u00fcr die Richtigkeit der von Ihnen angegebenen personenbezogenen Daten verantwortlich. Unsere Datenschutzrichtlinie finden Sie im entsprechenden Abschnitt.<\/p>\n<h3>7. Links zu den Sites<\/h3>\n<p>Das Verlinken der Sites ist nur auf vollst\u00e4ndige HTML-Seiten gestattet. SendApp beh\u00e4lt sich das Recht vor, diese Erlaubnis jederzeit zu widerrufen.<\/p>\n<h3>8. Websites von Drittanbietern<\/h3>\n<p>SendApp ist nicht verantwortlich f\u00fcr die Inhalte, Dienste oder Materialien auf verlinkten Seiten. Die Aufnahme von Links bedeutet keine Billigung durch SendApp.<\/p>\n<h3><\/h3>\n<h3>9. R\u00fcckerstattungsausschlussklausel<\/h3>\n<p>Alle \u00fcber die Sites verkauften Softwareprodukte gelten als <strong>digitale Assets aktiviert und sofort nutzbar<\/strong>. Gem\u00e4\u00df der geltenden Gesetzgebung (Richtlinie 2011\/83\/EU), <strong>F\u00fcr aktivierte digitale Produkte besteht kein Widerrufs- oder R\u00fcckgaberecht<\/strong>.<\/p>\n<p>Der Benutzer akzeptiert unwiderruflich, dass der Kauf den Verzicht auf jegliches Recht auf R\u00fcckerstattung mit sich bringt, sofern SendApp nicht ausnahmsweise ausdr\u00fccklich schriftlich darauf verzichtet.<\/p>\n<h3><\/h3>\n<h3>10. Haftungsausschluss<\/h3>\n<p>SendApp <strong>\u00fcbernimmt keine Verantwortung f\u00fcr unsachgem\u00e4\u00dfe, illegale oder nicht konforme Nutzung der Software durch den Benutzer<\/strong>. Der Benutzer ist verpflichtet, das Tool in voller \u00dcbereinstimmung mit den Vorschriften zu verwenden, einschlie\u00dflich der Plattformrichtlinien (z. B. WhatsApp) und der DSGVO.<\/p>\n<p>Eine unsachgem\u00e4\u00dfe Verwendung des Tools, wie etwa das Versenden von Spam oder das Hochladen nicht profilierter Adressb\u00fccher, kann zur Sperrung der Nummer oder zur Unterbrechung des Dienstes durch Dritte f\u00fchren. <strong>SendApp lehnt jede Verantwortung f\u00fcr direkte oder indirekte Sch\u00e4den, Sperrungen, Aussetzungen oder Verluste ab, die durch eine solche unsachgem\u00e4\u00dfe Verwendung verursacht werden.<\/strong>.<\/p>\n<h3><\/h3>\n<h3>11. Gew\u00e4hrleistungsausschluss<\/h3>\n<p>Im Rahmen der gesetzlichen Bestimmungen:<br \/>\n\u2013 Die Inhalte und Dienste werden \u201cwie besehen\u201d bereitgestellt.<br \/>\n\u2013 SendApp garantiert nicht die ununterbrochene oder fehlerfreie Verf\u00fcgbarkeit der Sites.<br \/>\n\u2013 SendApp haftet nicht f\u00fcr indirekte Sch\u00e4den, Datenverluste oder Gewinne, die aus der Nutzung der Websites entstehen.<\/p>\n<h3><\/h3>\n<h3>12. Lizenz<\/h3>\n<p>Die Lizenz ist lebenslang g\u00fcltig, kann aber jeweils nur auf einem Ger\u00e4t verwendet werden. Im Falle einer Fehlfunktion k\u00f6nnen Sie einen Reset anfordern, indem Sie eine E-Mail an senden <a href=\"mailto:info@sendapp.live\">info@sendapp.live<\/a>.<\/p>\n<h3><\/h3>\n<h3>13. Geltendes Recht<\/h3>\n<p>Diese Allgemeinen Gesch\u00e4ftsbedingungen unterliegen italienischem Recht. Der Zugriff auf die Websites aus anderen Rechtsr\u00e4umen erfolgt auf eigene Gefahr des Benutzers.<\/p>\n<h3><\/h3>\n<h3>14. Anti-Spam-Richtlinie<\/h3>\n<p>Die Verwendung der Software zum Versenden von Spam ist verboten. Verst\u00f6\u00dfe f\u00fchren zur Aussetzung oder K\u00fcndigung des Dienstes sowie m\u00f6glichen rechtlichen Schritten.<\/p>\n<h3><\/h3>\n<h3>15. Personenbezogene Daten<\/h3>\n<p>Mit der Annahme dieser Bedingungen stimmen Sie der Verwendung Ihrer Daten zu Werbezwecken zu. Sie k\u00f6nnen jederzeit die L\u00f6schung verlangen.<\/p>\n<p>&nbsp;<\/p>\n<p><strong>Notiz<\/strong>SendApp ist nicht mit WhatsApp (WhatsApp Inc. und\/oder WhatsApp Ireland Limited) oder anderen Meta-Unternehmen verbunden. \u00c4nderungen durch diese Plattformen k\u00f6nnen die ordnungsgem\u00e4\u00dfe Funktion der Software beeintr\u00e4chtigen oder verhindern. Die Daten bleiben lokal auf dem Ger\u00e4t des Benutzers gespeichert.<\/p>\n\t<\/div>\n<\/div>\n\n\n\n\n\t\t\t<\/div> \n\t\t<\/div>\n\t<\/div> \n\n\t<div  class=\"vc_col-sm-2 wpb_column column_container vc_column_container col no-extra-padding inherit_tablet inherit_phone\"  data-padding-pos=\"all\" data-has-bg-color=\"false\" data-bg-color=\"\" data-bg-opacity=\"1\" data-animation=\"\" data-delay=\"0\" >\n\t\t<div class=\"vc_column-inner\" >\n\t\t\t<div class=\"wpb_wrapper\">\n\t\t\t\t\n\t\t\t<\/div> \n\t\t<\/div>\n\t<\/div> \n<\/div><\/div>","protected":false},"excerpt":{"rendered":"SendApp \u2013 Termini e Condizioni d\u2019Uso Le seguenti condizioni generali (di seguito \"Termini e Condizioni\") regolano l\u2019uso del presente sito web e dei contenuti resi disponibili attraverso i siti web...","protected":false},"author":1,"featured_media":0,"parent":0,"menu_order":0,"comment_status":"closed","ping_status":"open","template":"","meta":{"footnotes":""},"class_list":["post-630","page","type-page","status-publish"],"yoast_head":"<!-- This site is optimized with the Yoast SEO plugin v26.8 - https:\/\/yoast.com\/product\/yoast-seo-wordpress\/ -->\n<title>Terms and conditions of use message campaing whatsapp- SendApp<\/title>\n<meta name=\"description\" content=\"terms and conditions of use - sendapp - create massive message campaign with whatsapp to all phone numbers. Get sending report. Programm sendings.\" \/>\n<meta name=\"robots\" content=\"index, follow, max-snippet:-1, max-image-preview:large, max-video-preview:-1\" \/>\n<link rel=\"canonical\" href=\"https:\/\/sendapp.cloud\/de\/terms-and-conditions-of-use\/\" \/>\n<meta property=\"og:locale\" content=\"de_DE\" \/>\n<meta property=\"og:type\" content=\"article\" \/>\n<meta property=\"og:title\" content=\"Terms and conditions of use message campaing whatsapp- SendApp\" \/>\n<meta property=\"og:description\" content=\"terms and conditions of use - sendapp - create massive message campaign with whatsapp to all phone numbers. Get sending report. Programm sendings.\" \/>\n<meta property=\"og:url\" content=\"https:\/\/sendapp.cloud\/de\/terms-and-conditions-of-use\/\" \/>\n<meta property=\"og:site_name\" content=\"SendApp\" \/>\n<meta property=\"article:modified_time\" content=\"2025-10-22T11:54:50+00:00\" \/>\n<meta name=\"twitter:card\" content=\"summary_large_image\" \/>\n<meta name=\"twitter:label1\" content=\"Gesch\u00e4tzte Lesezeit\" \/>\n\t<meta name=\"twitter:data1\" content=\"3\u00a0Minuten\" \/>\n<script type=\"application\/ld+json\" class=\"yoast-schema-graph\">{\"@context\":\"https:\/\/schema.org\",\"@graph\":[{\"@type\":\"WebPage\",\"@id\":\"https:\/\/sendapp.cloud\/terms-and-conditions-of-use\/\",\"url\":\"https:\/\/sendapp.cloud\/terms-and-conditions-of-use\/\",\"name\":\"Terms and conditions of use message campaing whatsapp- SendApp\",\"isPartOf\":{\"@id\":\"https:\/\/sendapp.cloud\/en\/#website\"},\"datePublished\":\"2019-05-23T16:36:15+00:00\",\"dateModified\":\"2025-10-22T11:54:50+00:00\",\"description\":\"terms and conditions of use - sendapp - create massive message campaign with whatsapp to all phone numbers. Get sending report. Programm sendings.\",\"breadcrumb\":{\"@id\":\"https:\/\/sendapp.cloud\/terms-and-conditions-of-use\/#breadcrumb\"},\"inLanguage\":\"de\",\"potentialAction\":[{\"@type\":\"ReadAction\",\"target\":[\"https:\/\/sendapp.cloud\/terms-and-conditions-of-use\/\"]}]},{\"@type\":\"BreadcrumbList\",\"@id\":\"https:\/\/sendapp.cloud\/terms-and-conditions-of-use\/#breadcrumb\",\"itemListElement\":[{\"@type\":\"ListItem\",\"position\":1,\"name\":\"Home\",\"item\":\"https:\/\/sendapp.cloud\/\"},{\"@type\":\"ListItem\",\"position\":2,\"name\":\"Terms and conditions of use\"}]},{\"@type\":\"WebSite\",\"@id\":\"https:\/\/sendapp.cloud\/en\/#website\",\"url\":\"https:\/\/sendapp.cloud\/en\/\",\"name\":\"SendApp\",\"description\":\"Software Whatsapp Marketing\",\"publisher\":{\"@id\":\"https:\/\/sendapp.cloud\/en\/#organization\"},\"potentialAction\":[{\"@type\":\"SearchAction\",\"target\":{\"@type\":\"EntryPoint\",\"urlTemplate\":\"https:\/\/sendapp.cloud\/en\/?s={search_term_string}\"},\"query-input\":{\"@type\":\"PropertyValueSpecification\",\"valueRequired\":true,\"valueName\":\"search_term_string\"}}],\"inLanguage\":\"de\"},{\"@type\":\"Organization\",\"@id\":\"https:\/\/sendapp.cloud\/en\/#organization\",\"name\":\"SendApp\",\"url\":\"https:\/\/sendapp.cloud\/en\/\",\"logo\":{\"@type\":\"ImageObject\",\"inLanguage\":\"de\",\"@id\":\"https:\/\/sendapp.cloud\/en\/#\/schema\/logo\/image\/\",\"url\":\"https:\/\/sendapp.cloud\/wp-content\/uploads\/2024\/11\/Logo-bianco.png\",\"contentUrl\":\"https:\/\/sendapp.cloud\/wp-content\/uploads\/2024\/11\/Logo-bianco.png\",\"width\":145,\"height\":48,\"caption\":\"SendApp\"},\"image\":{\"@id\":\"https:\/\/sendapp.cloud\/en\/#\/schema\/logo\/image\/\"}}]}<\/script>\n<!-- \/ Yoast SEO plugin. -->","yoast_head_json":{"title":"Terms and conditions of use message campaing whatsapp- SendApp","description":"terms and conditions of use - sendapp - create massive message campaign with whatsapp to all phone numbers. Get sending report. Programm sendings.","robots":{"index":"index","follow":"follow","max-snippet":"max-snippet:-1","max-image-preview":"max-image-preview:large","max-video-preview":"max-video-preview:-1"},"canonical":"https:\/\/sendapp.cloud\/de\/terms-and-conditions-of-use\/","og_locale":"de_DE","og_type":"article","og_title":"Terms and conditions of use message campaing whatsapp- SendApp","og_description":"terms and conditions of use - sendapp - create massive message campaign with whatsapp to all phone numbers. Get sending report. Programm sendings.","og_url":"https:\/\/sendapp.cloud\/de\/terms-and-conditions-of-use\/","og_site_name":"SendApp","article_modified_time":"2025-10-22T11:54:50+00:00","twitter_card":"summary_large_image","twitter_misc":{"Gesch\u00e4tzte Lesezeit":"3\u00a0Minuten"},"schema":{"@context":"https:\/\/schema.org","@graph":[{"@type":"WebPage","@id":"https:\/\/sendapp.cloud\/terms-and-conditions-of-use\/","url":"https:\/\/sendapp.cloud\/terms-and-conditions-of-use\/","name":"Terms and conditions of use message campaing whatsapp- SendApp","isPartOf":{"@id":"https:\/\/sendapp.cloud\/en\/#website"},"datePublished":"2019-05-23T16:36:15+00:00","dateModified":"2025-10-22T11:54:50+00:00","description":"terms and conditions of use - sendapp - create massive message campaign with whatsapp to all phone numbers. Get sending report. Programm sendings.","breadcrumb":{"@id":"https:\/\/sendapp.cloud\/terms-and-conditions-of-use\/#breadcrumb"},"inLanguage":"de","potentialAction":[{"@type":"ReadAction","target":["https:\/\/sendapp.cloud\/terms-and-conditions-of-use\/"]}]},{"@type":"BreadcrumbList","@id":"https:\/\/sendapp.cloud\/terms-and-conditions-of-use\/#breadcrumb","itemListElement":[{"@type":"ListItem","position":1,"name":"Home","item":"https:\/\/sendapp.cloud\/"},{"@type":"ListItem","position":2,"name":"Terms and conditions of use"}]},{"@type":"WebSite","@id":"https:\/\/sendapp.cloud\/en\/#website","url":"https:\/\/sendapp.cloud\/en\/","name":"SendApp","description":"WhatsApp-Marketing-Software","publisher":{"@id":"https:\/\/sendapp.cloud\/en\/#organization"},"potentialAction":[{"@type":"SearchAction","target":{"@type":"EntryPoint","urlTemplate":"https:\/\/sendapp.cloud\/en\/?s={search_term_string}"},"query-input":{"@type":"PropertyValueSpecification","valueRequired":true,"valueName":"search_term_string"}}],"inLanguage":"de"},{"@type":"Organization","@id":"https:\/\/sendapp.cloud\/en\/#organization","name":"SendApp","url":"https:\/\/sendapp.cloud\/en\/","logo":{"@type":"ImageObject","inLanguage":"de","@id":"https:\/\/sendapp.cloud\/en\/#\/schema\/logo\/image\/","url":"https:\/\/sendapp.cloud\/wp-content\/uploads\/2024\/11\/Logo-bianco.png","contentUrl":"https:\/\/sendapp.cloud\/wp-content\/uploads\/2024\/11\/Logo-bianco.png","width":145,"height":48,"caption":"SendApp"},"image":{"@id":"https:\/\/sendapp.cloud\/en\/#\/schema\/logo\/image\/"}}]}},"_links":{"self":[{"href":"https:\/\/sendapp.cloud\/de\/wp-json\/wp\/v2\/pages\/630","targetHints":{"allow":["GET"]}}],"collection":[{"href":"https:\/\/sendapp.cloud\/de\/wp-json\/wp\/v2\/pages"}],"about":[{"href":"https:\/\/sendapp.cloud\/de\/wp-json\/wp\/v2\/types\/page"}],"author":[{"embeddable":true,"href":"https:\/\/sendapp.cloud\/de\/wp-json\/wp\/v2\/users\/1"}],"replies":[{"embeddable":true,"href":"https:\/\/sendapp.cloud\/de\/wp-json\/wp\/v2\/comments?post=630"}],"version-history":[{"count":3,"href":"https:\/\/sendapp.cloud\/de\/wp-json\/wp\/v2\/pages\/630\/revisions"}],"predecessor-version":[{"id":33275,"href":"https:\/\/sendapp.cloud\/de\/wp-json\/wp\/v2\/pages\/630\/revisions\/33275"}],"wp:attachment":[{"href":"https:\/\/sendapp.cloud\/de\/wp-json\/wp\/v2\/media?parent=630"}],"curies":[{"name":"wp","href":"https:\/\/api.w.org\/{rel}","templated":true}]}}