{"id":33116,"date":"2025-01-20T12:45:37","date_gmt":"2025-01-20T11:45:37","guid":{"rendered":"https:\/\/sendapp.cloud\/?page_id=33116"},"modified":"2025-01-20T13:01:46","modified_gmt":"2025-01-20T12:01:46","slug":"functions","status":"publish","type":"page","link":"https:\/\/sendapp.cloud\/de\/functions\/","title":{"rendered":"Funktionen"},"content":{"rendered":"<div id=\"fws_69d0d4c4f410f\"  data-column-margin=\"default\" data-midnight=\"dark\"  class=\"wpb_row vc_row-fluid vc_row full-width-section\"  style=\"padding-top: 0px; padding-bottom: 100px; \"><div class=\"row-bg-wrap\" data-bg-animation=\"none\" data-bg-animation-delay=\"\" data-bg-overlay=\"false\"><div class=\"inner-wrap row-bg-layer\" ><div class=\"row-bg viewport-desktop using-bg-color\"  style=\"background-color: #ffffff; \"><\/div><\/div><\/div><div class=\"row_col_wrap_12 col span_12 dark left\">\n\t<div  class=\"vc_col-sm-2 wpb_column column_container vc_column_container col no-extra-padding inherit_tablet inherit_phone\"  data-padding-pos=\"all\" data-has-bg-color=\"false\" data-bg-color=\"\" data-bg-opacity=\"1\" data-animation=\"\" data-delay=\"0\" >\n\t\t<div class=\"vc_column-inner\" >\n\t\t\t<div class=\"wpb_wrapper\">\n\t\t\t\t\n\t\t\t<\/div> \n\t\t<\/div>\n\t<\/div> \n\n\t<div  class=\"vc_col-sm-8 wpb_column column_container vc_column_container col no-extra-padding inherit_tablet inherit_phone\"  data-padding-pos=\"all\" data-has-bg-color=\"false\" data-bg-color=\"\" data-bg-opacity=\"1\" data-animation=\"\" data-delay=\"0\" >\n\t\t<div class=\"vc_column-inner\" >\n\t\t\t<div class=\"wpb_wrapper\">\n\t\t\t\t<div class=\"nectar-gradient-text\" data-direction=\"horizontal\" data-color=\"extra-color-gradient-1\" style=\"margin-top: 90px; margin-bottom: 0px; \"><h2>H\u00e4ufig gestellte Fragen...<\/h2><\/div><div class=\"toggles\" data-br=\"\" data-starting=\"default\" data-style=\"minimal\"><div class=\"toggle default\" data-inner-wrap=\"true\"><h3 class=\"toggle-title\"><a href=\"#\" role=\"button\" class=\"toggle-heading\"><i role=\"presentation\" class=\"fa fa-plus-circle\"><\/i>Kann ich SendApp mit mehreren Telefonnummern verwenden?<\/a><\/h3><div><div class=\"inner-toggle-wrap\">\n<div class=\"wpb_text_column wpb_content_element\" >\n\t<div class=\"wpb_wrapper\">\n\t\t<p>Ja. Unsere Software l\u00e4sst sich \u00fcber einen QR-Code mit jedem Mobilger\u00e4t verbinden. Diese Funktion erm\u00f6glicht Ihnen die Ansprache mehrerer Telefonnummern.<\/p>\n\t<\/div>\n<\/div>\n\n\n\n<\/div><\/div><\/div><div class=\"toggle default\" data-inner-wrap=\"true\"><h3 class=\"toggle-title\"><a href=\"#\" role=\"button\" class=\"toggle-heading\"><i role=\"presentation\" class=\"fa fa-plus-circle\"><\/i>Sind nach dem Kauf einer Lizenz noch weitere Zahlungen zu leisten?<\/a><\/h3><div><div class=\"inner-toggle-wrap\">\n<div class=\"wpb_text_column wpb_content_element\" >\n\t<div class=\"wpb_wrapper\">\n\t\t<p>Nein, unsere Lizenz ist lebenslang g\u00fcltig. Nach dem Kauf geh\u00f6rt sie Ihnen f\u00fcr immer und Sie k\u00f6nnen sie auf jeden beliebigen Computer \u00fcbertragen.<\/p>\n\t<\/div>\n<\/div>\n\n\n\n<\/div><\/div><\/div><div class=\"toggle default\" data-inner-wrap=\"true\"><h3 class=\"toggle-title\"><a href=\"#\" role=\"button\" class=\"toggle-heading\"><i role=\"presentation\" class=\"fa fa-plus-circle\"><\/i>Kann ich das Adressbuch meines Telefons mit Sendapp verbinden?<\/a><\/h3><div><div class=\"inner-toggle-wrap\">\n<div class=\"wpb_text_column wpb_content_element\" >\n\t<div class=\"wpb_wrapper\">\n\t\t<p>Ja. Sie k\u00f6nnen jede CSV- oder TXT-Datei in Ihr Sendapp-Adressbuch importieren. Wichtig ist, dass die Datei den Standards des Adressbuchs entspricht. Geben Sie die Vorwahl, Telefonnummer und alle Tags1, Tag2 oder Tag3 zur individuellen Anpassung der Nachricht an.<\/p>\n\t<\/div>\n<\/div>\n\n\n\n<\/div><\/div><\/div><div class=\"toggle default\" data-inner-wrap=\"true\"><h3 class=\"toggle-title\"><a href=\"#\" role=\"button\" class=\"toggle-heading\"><i role=\"presentation\" class=\"fa fa-plus-circle\"><\/i>Wie viele Nachrichten kann ich mit Sendapp senden?<\/a><\/h3><div><div class=\"inner-toggle-wrap\">\n<div class=\"wpb_text_column wpb_content_element\" >\n\t<div class=\"wpb_wrapper\">\n\t\t<p>Mit Sendapp Business k\u00f6nnen Sie unbegrenzt viele Nachrichten versenden. In der Sendapp Professional-Version ist die Anzahl auf 200 automatische Nachrichten begrenzt. Die Sendezeit h\u00e4ngt von Ihrer Verbindungsgeschwindigkeit ab.<\/p>\n<p>Sendapp ist eine eigenst\u00e4ndige Software f\u00fcr PC und MAC. Alle Daten werden ausschlie\u00dflich auf dem von Ihnen verwendeten Computer gespeichert, ohne dass sie jemals an unsere (und\/oder Drittanbieter-)Server oder andere Online-Systeme \u00fcbertragen oder von diesen abgerufen werden k\u00f6nnen. Sendapp hat daher keinerlei Zugriff auf Ihre Daten und\/oder \u00fcbernimmt keinerlei Verantwortung daf\u00fcr.<\/p>\n\t<\/div>\n<\/div>\n\n\n\n<\/div><\/div><\/div><div class=\"toggle default\" data-inner-wrap=\"true\"><h3 class=\"toggle-title\"><a href=\"#\" role=\"button\" class=\"toggle-heading\"><i role=\"presentation\" class=\"fa fa-plus-circle\"><\/i>Kann ich auf meinem Smartphone eine Nachricht an eine nicht registrierte Nummer senden?<\/a><\/h3><div><div class=\"inner-toggle-wrap\">\n<div class=\"wpb_text_column wpb_content_element\" >\n\t<div class=\"wpb_wrapper\">\n\t\t<p>Ja. Mit Sendapp k\u00f6nnen Sie Nachrichten an jeden senden, auch an Nummern, die nicht im Adressbuch Ihrer Messaging-App registriert sind oder die Ihre Nummer nicht in ihrem Adressbuch gespeichert haben.<\/p>\n<p><strong>Bitte beachten Sie:<\/strong> Indem wir zun\u00e4chst Personen kontaktieren, die keine Nachrichten erhalten m\u00f6chten oder die uns nicht kennen oder die noch nie mit unserem Konto gesprochen haben oder die sich nicht an uns erinnern usw. <strong>Es besteht die Gefahr einer Meldung durch unsere Nutzer und damit einer Sperrung von WhatsApp!<\/strong><\/p>\n<p>Wenn Sie eine DSGVO-konforme Schaltfl\u00e4che erstellen, die Sie auf Ihrer Website oder in Ihrer Datenverkehrsquelle platzieren k\u00f6nnen, und vielleicht Folgema\u00dfnahmen hinzuf\u00fcgen \u2026<br \/>\nSie gehen kein Risiko ein und das Ergebnis wird erstaunlich sein!<\/p>\n\t<\/div>\n<\/div>\n\n\n\n<\/div><\/div><\/div><div class=\"toggle default\" data-inner-wrap=\"true\"><h3 class=\"toggle-title\"><a href=\"#\" role=\"button\" class=\"toggle-heading\"><i role=\"presentation\" class=\"fa fa-plus-circle\"><\/i>Kann ich meinen Computer verwenden, w\u00e4hrend Sendapp ausgef\u00fchrt wird?<\/a><\/h3><div><div class=\"inner-toggle-wrap\">\n<div class=\"wpb_text_column wpb_content_element\" >\n\t<div class=\"wpb_wrapper\">\n\t\t<p>Ja. Alle Sendapp-Prozesse laufen im Hintergrund, sodass Sie Ihren Computer wie gewohnt nutzen k\u00f6nnen und unsere Software sich um die Automatisierung Ihres Marketings k\u00fcmmert!<\/p>\n\t<\/div>\n<\/div>\n\n\n\n<\/div><\/div><\/div><div class=\"toggle default\" data-inner-wrap=\"true\"><h3 class=\"toggle-title\"><a href=\"#\" role=\"button\" class=\"toggle-heading\"><i role=\"presentation\" class=\"fa fa-plus-circle\"><\/i>Kann ich WhatsApp auf meinem Smartphone verwenden, w\u00e4hrend Sendapp l\u00e4uft?<\/a><\/h3><div><div class=\"inner-toggle-wrap\">\n<div class=\"wpb_text_column wpb_content_element\" >\n\t<div class=\"wpb_wrapper\">\n\t\t<p class=\"rteBlock\">Ja. Sendapp nutzt die Weboberfl\u00e4che von Messaging-Apps, sodass Sie Ihr Smartphone weiterhin nutzen k\u00f6nnen, w\u00e4hrend unsere Software die Arbeit f\u00fcr Sie \u00fcbernimmt.<\/p>\n<p class=\"rteBlock\"><strong>Bitte beachten Sie:<\/strong> Damit Sendapp ordnungsgem\u00e4\u00df funktioniert, m\u00fcssen Ihr Smartphone und Ihr Computer \u00fcber eine Internetverbindung verf\u00fcgen.<\/p>\n\t<\/div>\n<\/div>\n\n\n\n<\/div><\/div><\/div><div class=\"toggle default\" data-inner-wrap=\"true\"><h3 class=\"toggle-title\"><a href=\"#\" role=\"button\" class=\"toggle-heading\"><i role=\"presentation\" class=\"fa fa-plus-circle\"><\/i>Kann ich SendApp weiterhin verwenden, wenn WhatsApp meine Telefonnummer sperrt?<\/a><\/h3><div><div class=\"inner-toggle-wrap\">\n<div class=\"wpb_text_column wpb_content_element\" >\n\t<div class=\"wpb_wrapper\">\n\t\t<p class=\"rteBlock\">Ja. Wenn Sie von Messaging-Apps ausgeschlossen werden, liegt das wahrscheinlich daran, dass Sie unsere Software falsch verwenden.<br \/>\nSie k\u00f6nnen Sendapp jedoch \u00fcber den QR-Code einer Messaging-App mit einer anderen Telefonnummer verbinden und so mit unserer Software weiterhin korrektes Marketing betreiben.<\/p>\n\t<\/div>\n<\/div>\n\n\n\n<\/div><\/div><\/div><\/div>\n\n\n\n\n\n\n\n\n\n\n\n\n\n\n\n\n\n\n\n<div class=\"nectar-gradient-text\" data-direction=\"horizontal\" data-color=\"extra-color-gradient-1\" style=\"margin-top: 90px; margin-bottom: 0px; \"><h2>Sendapp-Funktionen<\/h2><\/div><div class=\"toggles\" data-br=\"\" data-starting=\"default\" data-style=\"minimal\"><div class=\"toggle default\" data-inner-wrap=\"true\"><h3 class=\"toggle-title\"><a href=\"#\" role=\"button\" class=\"toggle-heading\"><i role=\"presentation\" class=\"fa fa-plus-circle\"><\/i>Mindestanforderungen<\/a><\/h3><div><div class=\"inner-toggle-wrap\">\n<div class=\"wpb_text_column wpb_content_element\" >\n\t<div class=\"wpb_wrapper\">\n\t\t<p>Ein Computer mit Windows 8 64bit oder h\u00f6her oder ein Mac OSX 10.16 oder h\u00f6her, ein Messaging-App-Konto, empfohlene Bildschirmaufl\u00f6sung 1360*768<br \/>\n500 MB Speicherplatz, 4 GB RAM, eine gute Internetverbindung.<\/p>\n\t<\/div>\n<\/div>\n\n\n\n<\/div><\/div><\/div><\/div>\n\n\n\n\n\n\n\n\n\n\n\n\n\n\n\n\n\n\n\n\n\t\t\t<\/div> \n\t\t<\/div>\n\t<\/div> \n\n\t<div  class=\"vc_col-sm-2 wpb_column column_container vc_column_container col no-extra-padding inherit_tablet inherit_phone\"  data-padding-pos=\"all\" data-has-bg-color=\"false\" data-bg-color=\"\" data-bg-opacity=\"1\" data-animation=\"\" data-delay=\"0\" >\n\t\t<div class=\"vc_column-inner\" >\n\t\t\t<div class=\"wpb_wrapper\">\n\t\t\t\t\n\t\t\t<\/div> \n\t\t<\/div>\n\t<\/div> \n<\/div><\/div>","protected":false},"excerpt":{"rendered":"H\u00e4ufig gestellte Fragen... Kann ich SendApp mit mehreren Telefonnummern verwenden? Ja. Unsere Software kann \u00fcber einen QR-Code mit jedem Mobilger\u00e4t verbunden werden. Wir haben diese Funktion entwickelt, um Ihnen...","protected":false},"author":1,"featured_media":0,"parent":0,"menu_order":0,"comment_status":"closed","ping_status":"closed","template":"","meta":{"footnotes":""},"class_list":["post-33116","page","type-page","status-publish"],"yoast_head":"<!-- This site is optimized with the Yoast SEO plugin v26.8 - https:\/\/yoast.com\/product\/yoast-seo-wordpress\/ -->\n<title>functions - SendApp<\/title>\n<meta name=\"robots\" content=\"index, follow, max-snippet:-1, max-image-preview:large, max-video-preview:-1\" \/>\n<link rel=\"canonical\" href=\"https:\/\/sendapp.cloud\/de\/functions\/\" \/>\n<meta property=\"og:locale\" content=\"de_DE\" \/>\n<meta property=\"og:type\" content=\"article\" \/>\n<meta property=\"og:title\" content=\"functions - SendApp\" \/>\n<meta property=\"og:url\" content=\"https:\/\/sendapp.cloud\/de\/functions\/\" \/>\n<meta property=\"og:site_name\" content=\"SendApp\" \/>\n<meta property=\"article:modified_time\" content=\"2025-01-20T12:01:46+00:00\" \/>\n<meta name=\"twitter:card\" content=\"summary_large_image\" \/>\n<meta name=\"twitter:label1\" content=\"Gesch\u00e4tzte Lesezeit\" \/>\n\t<meta name=\"twitter:data1\" content=\"2\u00a0Minuten\" \/>\n<script type=\"application\/ld+json\" class=\"yoast-schema-graph\">{\"@context\":\"https:\/\/schema.org\",\"@graph\":[{\"@type\":\"WebPage\",\"@id\":\"https:\/\/sendapp.cloud\/functions\/\",\"url\":\"https:\/\/sendapp.cloud\/functions\/\",\"name\":\"functions - SendApp\",\"isPartOf\":{\"@id\":\"https:\/\/sendapp.cloud\/en\/#website\"},\"datePublished\":\"2025-01-20T11:45:37+00:00\",\"dateModified\":\"2025-01-20T12:01:46+00:00\",\"breadcrumb\":{\"@id\":\"https:\/\/sendapp.cloud\/functions\/#breadcrumb\"},\"inLanguage\":\"de\",\"potentialAction\":[{\"@type\":\"ReadAction\",\"target\":[\"https:\/\/sendapp.cloud\/functions\/\"]}]},{\"@type\":\"BreadcrumbList\",\"@id\":\"https:\/\/sendapp.cloud\/functions\/#breadcrumb\",\"itemListElement\":[{\"@type\":\"ListItem\",\"position\":1,\"name\":\"Home\",\"item\":\"https:\/\/sendapp.cloud\/\"},{\"@type\":\"ListItem\",\"position\":2,\"name\":\"functions\"}]},{\"@type\":\"WebSite\",\"@id\":\"https:\/\/sendapp.cloud\/en\/#website\",\"url\":\"https:\/\/sendapp.cloud\/en\/\",\"name\":\"SendApp\",\"description\":\"Software Whatsapp Marketing\",\"publisher\":{\"@id\":\"https:\/\/sendapp.cloud\/en\/#organization\"},\"potentialAction\":[{\"@type\":\"SearchAction\",\"target\":{\"@type\":\"EntryPoint\",\"urlTemplate\":\"https:\/\/sendapp.cloud\/en\/?s={search_term_string}\"},\"query-input\":{\"@type\":\"PropertyValueSpecification\",\"valueRequired\":true,\"valueName\":\"search_term_string\"}}],\"inLanguage\":\"de\"},{\"@type\":\"Organization\",\"@id\":\"https:\/\/sendapp.cloud\/en\/#organization\",\"name\":\"SendApp\",\"url\":\"https:\/\/sendapp.cloud\/en\/\",\"logo\":{\"@type\":\"ImageObject\",\"inLanguage\":\"de\",\"@id\":\"https:\/\/sendapp.cloud\/en\/#\/schema\/logo\/image\/\",\"url\":\"https:\/\/sendapp.cloud\/wp-content\/uploads\/2024\/11\/Logo-bianco.png\",\"contentUrl\":\"https:\/\/sendapp.cloud\/wp-content\/uploads\/2024\/11\/Logo-bianco.png\",\"width\":145,\"height\":48,\"caption\":\"SendApp\"},\"image\":{\"@id\":\"https:\/\/sendapp.cloud\/en\/#\/schema\/logo\/image\/\"}}]}<\/script>\n<!-- \/ Yoast SEO plugin. -->","yoast_head_json":{"title":"Funktionen - SendApp","robots":{"index":"index","follow":"follow","max-snippet":"max-snippet:-1","max-image-preview":"max-image-preview:large","max-video-preview":"max-video-preview:-1"},"canonical":"https:\/\/sendapp.cloud\/de\/functions\/","og_locale":"de_DE","og_type":"article","og_title":"functions - SendApp","og_url":"https:\/\/sendapp.cloud\/de\/functions\/","og_site_name":"SendApp","article_modified_time":"2025-01-20T12:01:46+00:00","twitter_card":"summary_large_image","twitter_misc":{"Gesch\u00e4tzte Lesezeit":"2\u00a0Minuten"},"schema":{"@context":"https:\/\/schema.org","@graph":[{"@type":"WebPage","@id":"https:\/\/sendapp.cloud\/functions\/","url":"https:\/\/sendapp.cloud\/functions\/","name":"Funktionen - SendApp","isPartOf":{"@id":"https:\/\/sendapp.cloud\/en\/#website"},"datePublished":"2025-01-20T11:45:37+00:00","dateModified":"2025-01-20T12:01:46+00:00","breadcrumb":{"@id":"https:\/\/sendapp.cloud\/functions\/#breadcrumb"},"inLanguage":"de","potentialAction":[{"@type":"ReadAction","target":["https:\/\/sendapp.cloud\/functions\/"]}]},{"@type":"BreadcrumbList","@id":"https:\/\/sendapp.cloud\/functions\/#breadcrumb","itemListElement":[{"@type":"ListItem","position":1,"name":"Home","item":"https:\/\/sendapp.cloud\/"},{"@type":"ListItem","position":2,"name":"functions"}]},{"@type":"WebSite","@id":"https:\/\/sendapp.cloud\/en\/#website","url":"https:\/\/sendapp.cloud\/en\/","name":"SendApp","description":"WhatsApp-Marketing-Software","publisher":{"@id":"https:\/\/sendapp.cloud\/en\/#organization"},"potentialAction":[{"@type":"SearchAction","target":{"@type":"EntryPoint","urlTemplate":"https:\/\/sendapp.cloud\/en\/?s={search_term_string}"},"query-input":{"@type":"PropertyValueSpecification","valueRequired":true,"valueName":"search_term_string"}}],"inLanguage":"de"},{"@type":"Organization","@id":"https:\/\/sendapp.cloud\/en\/#organization","name":"SendApp","url":"https:\/\/sendapp.cloud\/en\/","logo":{"@type":"ImageObject","inLanguage":"de","@id":"https:\/\/sendapp.cloud\/en\/#\/schema\/logo\/image\/","url":"https:\/\/sendapp.cloud\/wp-content\/uploads\/2024\/11\/Logo-bianco.png","contentUrl":"https:\/\/sendapp.cloud\/wp-content\/uploads\/2024\/11\/Logo-bianco.png","width":145,"height":48,"caption":"SendApp"},"image":{"@id":"https:\/\/sendapp.cloud\/en\/#\/schema\/logo\/image\/"}}]}},"_links":{"self":[{"href":"https:\/\/sendapp.cloud\/de\/wp-json\/wp\/v2\/pages\/33116","targetHints":{"allow":["GET"]}}],"collection":[{"href":"https:\/\/sendapp.cloud\/de\/wp-json\/wp\/v2\/pages"}],"about":[{"href":"https:\/\/sendapp.cloud\/de\/wp-json\/wp\/v2\/types\/page"}],"author":[{"embeddable":true,"href":"https:\/\/sendapp.cloud\/de\/wp-json\/wp\/v2\/users\/1"}],"replies":[{"embeddable":true,"href":"https:\/\/sendapp.cloud\/de\/wp-json\/wp\/v2\/comments?post=33116"}],"version-history":[{"count":2,"href":"https:\/\/sendapp.cloud\/de\/wp-json\/wp\/v2\/pages\/33116\/revisions"}],"predecessor-version":[{"id":33120,"href":"https:\/\/sendapp.cloud\/de\/wp-json\/wp\/v2\/pages\/33116\/revisions\/33120"}],"wp:attachment":[{"href":"https:\/\/sendapp.cloud\/de\/wp-json\/wp\/v2\/media?parent=33116"}],"curies":[{"name":"wp","href":"https:\/\/api.w.org\/{rel}","templated":true}]}}