{"id":32991,"date":"2024-11-20T18:46:27","date_gmt":"2024-11-20T17:46:27","guid":{"rendered":"https:\/\/sendapp.live\/?page_id=32991"},"modified":"2024-11-20T18:46:27","modified_gmt":"2024-11-20T17:46:27","slug":"iscrizione-automatica-whatsapp","status":"publish","type":"page","link":"https:\/\/sendapp.cloud\/de\/iscrizione-automatica-whatsapp\/","title":{"rendered":"Iscrizione automatica whatsapp con SendApp"},"content":{"rendered":"<div id=\"fws_69e775110edb4\"  data-column-margin=\"default\" data-midnight=\"dark\"  class=\"wpb_row vc_row-fluid vc_row\"  style=\"padding-top: 0px; padding-bottom: 0px; \"><div class=\"row-bg-wrap\" data-bg-animation=\"none\" data-bg-animation-delay=\"\" data-bg-overlay=\"false\"><div class=\"inner-wrap row-bg-layer\" ><div class=\"row-bg viewport-desktop\"  style=\"\"><\/div><\/div><\/div><div class=\"row_col_wrap_12 col span_12 dark left\">\n\t<div  class=\"vc_col-sm-6 wpb_column column_container vc_column_container col no-extra-padding inherit_tablet inherit_phone\"  data-padding-pos=\"all\" data-has-bg-color=\"false\" data-bg-color=\"\" data-bg-opacity=\"1\" data-animation=\"\" data-delay=\"0\" >\n\t\t<div class=\"vc_column-inner\" >\n\t\t\t<div class=\"wpb_wrapper\">\n\t\t\t\t<div class=\"img-with-aniamtion-wrap\" data-max-width=\"100%\" data-max-width-mobile=\"default\" data-shadow=\"none\" data-animation=\"fade-in\" >\n      <div class=\"inner\">\n        <div class=\"hover-wrap\"> \n          <div class=\"hover-wrap-inner\">\n            <img loading=\"lazy\" decoding=\"async\" class=\"img-with-animation skip-lazy\" data-delay=\"0\" height=\"100\" width=\"100\" data-animation=\"fade-in\" src=\"\" alt=\"\"  \/>\n          <\/div>\n        <\/div>\n      <\/div>\n    <\/div>\n\t\t\t<\/div> \n\t\t<\/div>\n\t<\/div> \n\n\t<div style=\"margin-top: 5%; \" class=\"vc_col-sm-6 wpb_column column_container vc_column_container col no-extra-padding inherit_tablet inherit_phone\"  data-padding-pos=\"all\" data-has-bg-color=\"false\" data-bg-color=\"\" data-bg-opacity=\"1\" data-animation=\"\" data-delay=\"0\" >\n\t\t<div class=\"vc_column-inner\" >\n\t\t\t<div class=\"wpb_wrapper\">\n\t\t\t\t\n<div class=\"wpb_text_column wpb_content_element\" >\n\t<div class=\"wpb_wrapper\">\n\t\t<h1 style=\"text-align: left;\"><span style=\"color: #008000;\">Registrierungsleitfaden<\/span><\/h1>\n<h1 style=\"text-align: left;\"><span style=\"color: #008000;\">Automatisch <\/span><span style=\"color: #008000;\">per WhatsApp<\/span><\/h1>\n<h1 style=\"text-align: left;\"><span style=\"color: #008000;\">mit Sendapp Desktop<\/span><\/h1>\n<h1 style=\"text-align: left;\"><span style=\"color: #008000;\">\u00a0<\/span><\/h1>\n\t<\/div>\n<\/div>\n\n\n\n\n\t\t\t<\/div> \n\t\t<\/div>\n\t<\/div> \n<\/div><\/div>\n\t\t<div id=\"fws_69e7751110500\"  data-column-margin=\"default\" data-midnight=\"dark\"  class=\"wpb_row vc_row-fluid vc_row\"  style=\"padding-top: 0px; padding-bottom: 0px; \"><div class=\"row-bg-wrap\" data-bg-animation=\"none\" data-bg-animation-delay=\"\" data-bg-overlay=\"false\"><div class=\"inner-wrap row-bg-layer\" ><div class=\"row-bg viewport-desktop\"  style=\"\"><\/div><\/div><\/div><div class=\"row_col_wrap_12 col span_12 dark left\">\n\t<div  class=\"vc_col-sm-12 wpb_column column_container vc_column_container col no-extra-padding inherit_tablet inherit_phone\"  data-padding-pos=\"all\" data-has-bg-color=\"false\" data-bg-color=\"\" data-bg-opacity=\"1\" data-animation=\"\" data-delay=\"0\" >\n\t\t<div class=\"vc_column-inner\" >\n\t\t\t<div class=\"wpb_wrapper\">\n\t\t\t\t\n<div class=\"wpb_text_column wpb_content_element\" >\n\t<div class=\"wpb_wrapper\">\n\t\t\t<\/div>\n<\/div>\n\n\n\n\n\t\t\t<\/div> \n\t\t<\/div>\n\t<\/div> \n<\/div><\/div>\n\t\t<div id=\"fws_69e7751110c25\"  data-column-margin=\"default\" data-midnight=\"dark\"  class=\"wpb_row vc_row-fluid vc_row\"  style=\"padding-top: 0px; padding-bottom: 0px; \"><div class=\"row-bg-wrap\" data-bg-animation=\"none\" data-bg-animation-delay=\"\" data-bg-overlay=\"false\"><div class=\"inner-wrap row-bg-layer\" ><div class=\"row-bg viewport-desktop\"  style=\"\"><\/div><\/div><\/div><div class=\"row_col_wrap_12 col span_12 dark left\">\n\t<div  class=\"vc_col-sm-12 wpb_column column_container vc_column_container col no-extra-padding inherit_tablet inherit_phone\"  data-padding-pos=\"all\" data-has-bg-color=\"false\" data-bg-color=\"\" data-bg-opacity=\"1\" data-animation=\"\" data-delay=\"0\" >\n\t\t<div class=\"vc_column-inner\" >\n\t\t\t<div class=\"wpb_wrapper\">\n\t\t\t\t\n<div class=\"wpb_text_column wpb_content_element\" >\n\t<div class=\"wpb_wrapper\">\n\t\t<p class=\"p3\">Die neueste Version von <b>Sendapp Desktop<\/b> f\u00fchrt eine innovative Funktion ein, um die Verwaltung von Werbekampagnen zu vereinfachen: die\u2019<b>Automatische Registrierung<\/b>. In dieser Anleitung zeigen wir Ihnen Schritt f\u00fcr Schritt, wie Sie diese Funktion aktivieren und nutzen, um Kontakte schnell und automatisch zu erfassen. Diese Funktion minimiert au\u00dferdem die Benachrichtigungen in Ihrem Konto, da der Kunde selbst dem Versand von Werbekampagnen zustimmt.<\/p>\n<p class=\"p5\"><b>1. Automatisches Abonnement aktivieren<\/b><b><\/b><\/p>\n<p class=\"p6\">\u2022Melden Sie sich an bei <a href=\"https:\/\/sendapp.live\/it\/sendapp-desktop-price\/\" target=\"_blank\" rel=\"noopener\"><b>Sendapp Desktop<\/b><\/a>.<br \/>\n\u2022 W\u00e4hlen Sie die <b>zweites Symbol von oben<\/b> (Spalten).<br \/>\n\u2022 Rechts neben dem Knopf <b>Optimieren<\/b>, Dort finden Sie die neue Schaltfl\u00e4che. <b>Automatische Registrierung<\/b>.<br \/>\n\u2022Klicken Sie auf <b>Automatische Registrierung<\/b>Es \u00f6ffnet sich ein separates Fenster mit zwei Hauptfeldern.<\/p>\n<p class=\"p5\"><b><img loading=\"lazy\" decoding=\"async\" class=\"alignnone size-full wp-image-33026\" src=\"https:\/\/sendapp.live\/wp-content\/uploads\/2024\/11\/Screenshot-2024-11-20-alle-19.47.57-2.png\" alt=\"\" width=\"2556\" height=\"1535\" \/><\/b><\/p>\n<p class=\"p5\"><b>2. Automatische Nachrichten einrichten<\/b><b><\/b><\/p>\n<p><img loading=\"lazy\" decoding=\"async\" class=\"alignnone size-full wp-image-33031\" src=\"https:\/\/sendapp.live\/wp-content\/uploads\/2024\/11\/Screenshot-2024-11-20-alle-19.48.30-1.png\" alt=\"\" width=\"2558\" height=\"1536\" \/><\/p>\n<p class=\"p6\">\u2022<b>Geben Sie das Stichwort ein.<\/b>:<\/p>\n<p class=\"p7\">\u2022Geben Sie in diesem Feld ein Schl\u00fcsselwort ein, das Kunden im Chat eingeben m\u00fcssen, um Ihre Kampagnen zu abonnieren.<br \/>\n\u2022Beispiel: <span class=\"s2\">Melden Sie sich an<\/span>.<\/p>\n<p class=\"p6\">\u2022<b>Automatische Antwort<\/b>:<br \/>\n\u2022Geben Sie hier die Best\u00e4tigungsnachricht ein, die dem Kunden nach der Registrierung automatisch zugesendet wird.<br \/>\n<span class=\"s3\">\u2022 Beispiel: <\/span>Sie haben sich erfolgreich f\u00fcr unsere Kampagnen angemeldet.<\/p>\n<p><img loading=\"lazy\" decoding=\"async\" class=\"alignnone size-full wp-image-33032\" src=\"https:\/\/sendapp.live\/wp-content\/uploads\/2024\/11\/Screenshot-2024-11-20-alle-19.49.43.png\" alt=\"\" width=\"2558\" height=\"1538\" \/><\/p>\n<p class=\"p5\"><b>3. Erstellen Sie den Click-to-Chat-Link.<\/b><b><\/b><\/p>\n<p class=\"p3\">Um neue Kunden zur Anmeldung einzuladen, m\u00fcssen Sie einen personalisierten Link erstellen, den Sie \u00fcber verschiedene Kan\u00e4le wie soziale Medien, SMS oder E-Mail teilen k\u00f6nnen.<\/p>\n<p><img loading=\"lazy\" decoding=\"async\" class=\"alignnone size-full wp-image-33034\" src=\"https:\/\/sendapp.live\/wp-content\/uploads\/2024\/11\/Screenshot-2024-11-20-alle-19.50.43-1.png\" alt=\"\" width=\"2558\" height=\"1538\" \/><\/p>\n<p>&nbsp;<\/p>\n<p class=\"p6\">\u2022 <b>Zugriff auf Click-to-Chat<\/b>:<br \/>\n\u2022 Klicken Sie auf die <b>siebtes Symbol von oben<\/b> im Sendapp Desktop-Men\u00fc.<br \/>\n\u2022 <b>F\u00fcllen Sie die erforderlichen Daten aus.<\/b>:<br \/>\n\u2022 <b>Telefonnummer<\/b>Geben Sie Ihre Telefonnummer inklusive der internationalen Vorwahl ein.<br \/>\n\u2022 <b>Voreingestellte Nachricht<\/b>:<br \/>\n\u2022 <strong>Wir empfehlen Ihnen<\/strong> einen Text wie den folgenden verwenden:<\/p>\n<p class=\"p10\">Ich m\u00f6chte Ihre Werbeaktionen abonnieren und die Verarbeitung meiner personenbezogenen Daten gem\u00e4\u00df der DSGVO genehmigen.<\/p>\n<p><img loading=\"lazy\" decoding=\"async\" class=\"alignnone size-full wp-image-33035\" src=\"https:\/\/sendapp.live\/wp-content\/uploads\/2024\/11\/Screenshot-2024-11-20-alle-19.55.39.png\" alt=\"\" width=\"2558\" height=\"1538\" \/><\/p>\n<p><b>Link teilen<\/b>:<br \/>\n\u2022 Nachdem Sie den Link erstellt haben, k\u00f6nnen Sie ihn \u00fcber Ihre bevorzugten Kan\u00e4le versenden. Wenn ein Kunde auf den Link klickt:<br \/>\n1. Es \u00f6ffnet sich automatisch ein Chat mit Ihrer Nummer.<br \/>\n2. Die Nachricht ist bereits ausgef\u00fcllt.<br \/>\n3. Der Kunde muss es nur noch abschicken.<\/p>\n<p><img loading=\"lazy\" decoding=\"async\" class=\"alignnone size-full wp-image-33036\" src=\"https:\/\/sendapp.live\/wp-content\/uploads\/2024\/11\/Screenshot-2024-11-20-alle-19.55.45.png\" alt=\"\" width=\"2558\" height=\"1538\" \/><\/p>\n<p class=\"p5\"><b>4. Automatische Abonnenten verwalten<\/b><b><\/b><\/p>\n<p class=\"p3\">Sobald der Kunde die Nachricht mit dem Schl\u00fcsselwort sendet, wird er automatisch einem neuen Adressbuch hinzugef\u00fcgt. <b>Abonnieren Kontakte<\/b>. Mit diesem Adressbuch k\u00f6nnen Sie Ihre neu gesammelten Kontakte einfach verwalten und organisieren.<\/p>\n<p class=\"p3\">Mit dieser Funktion macht Sendapp Desktop es noch einfacher, Ihr Kontaktnetzwerk zu erweitern und den Anmeldeprozess f\u00fcr Werbekampagnen zu automatisieren.<\/p>\n<p class=\"p3\"><b>Testen Sie jetzt die automatische Abonnementfunktion und optimieren Sie die Verwaltung Ihrer Werbeaktionen!<\/b><\/p>\n\t<\/div>\n<\/div>\n\n\n\n\n\t\t\t<\/div> \n\t\t<\/div>\n\t<\/div> \n<\/div><\/div>","protected":false},"excerpt":{"rendered":"Guida all'iscrizione Automatica di WhatsApp con Sendapp Desktop \u00a0 L\u2019ultima versione di Sendapp Desktop introduce una funzione innovativa per semplificare la gestione delle campagne pubblicitarie: l\u2019Iscrizione Automatica. In questa guida,...","protected":false},"author":1,"featured_media":0,"parent":0,"menu_order":0,"comment_status":"closed","ping_status":"closed","template":"","meta":{"footnotes":""},"class_list":["post-32991","page","type-page","status-publish"],"yoast_head":"<!-- This site is optimized with the Yoast SEO plugin v27.4 - https:\/\/yoast.com\/product\/yoast-seo-wordpress\/ -->\n<title>Iscrizione automatica whatsapp con SendApp<\/title>\n<meta name=\"description\" content=\"Iscrizione automatica whatsapp per ridurre al massimo il rischio dei \u2018Blocca e Segnala\u2019 ed evitare il ban su WhatsApp\" \/>\n<meta name=\"robots\" content=\"index, follow, max-snippet:-1, max-image-preview:large, max-video-preview:-1\" \/>\n<link rel=\"canonical\" href=\"https:\/\/sendapp.cloud\/de\/iscrizione-automatica-whatsapp\/\" \/>\n<meta property=\"og:locale\" content=\"de_DE\" \/>\n<meta property=\"og:type\" content=\"article\" \/>\n<meta property=\"og:title\" content=\"Iscrizione automatica whatsapp con SendApp\" \/>\n<meta property=\"og:description\" content=\"Iscrizione automatica whatsapp per ridurre al massimo il rischio dei \u2018Blocca e Segnala\u2019 ed evitare il ban su WhatsApp\" \/>\n<meta property=\"og:url\" content=\"https:\/\/sendapp.cloud\/de\/iscrizione-automatica-whatsapp\/\" \/>\n<meta property=\"og:site_name\" content=\"SendApp\" \/>\n<meta property=\"og:image\" content=\"https:\/\/sendapp.live\/wp-content\/uploads\/2024\/11\/Screenshot-2024-11-20-alle-19.47.57-2.png\" \/>\n<meta name=\"twitter:card\" content=\"summary_large_image\" \/>\n<meta name=\"twitter:label1\" content=\"Gesch\u00e4tzte Lesezeit\" \/>\n\t<meta name=\"twitter:data1\" content=\"4\u00a0Minuten\" \/>\n<script type=\"application\/ld+json\" class=\"yoast-schema-graph\">{\"@context\":\"https:\\\/\\\/schema.org\",\"@graph\":[{\"@type\":\"WebPage\",\"@id\":\"https:\\\/\\\/sendapp.cloud\\\/iscrizione-automatica-whatsapp\\\/\",\"url\":\"https:\\\/\\\/sendapp.cloud\\\/iscrizione-automatica-whatsapp\\\/\",\"name\":\"Iscrizione automatica whatsapp con SendApp\",\"isPartOf\":{\"@id\":\"https:\\\/\\\/sendapp.cloud\\\/en\\\/#website\"},\"primaryImageOfPage\":{\"@id\":\"https:\\\/\\\/sendapp.cloud\\\/iscrizione-automatica-whatsapp\\\/#primaryimage\"},\"image\":{\"@id\":\"https:\\\/\\\/sendapp.cloud\\\/iscrizione-automatica-whatsapp\\\/#primaryimage\"},\"thumbnailUrl\":\"https:\\\/\\\/sendapp.live\\\/wp-content\\\/uploads\\\/2024\\\/11\\\/Screenshot-2024-11-20-alle-19.47.57-2.png\",\"datePublished\":\"2024-11-20T17:46:27+00:00\",\"description\":\"Iscrizione automatica whatsapp per ridurre al massimo il rischio dei \u2018Blocca e Segnala\u2019 ed evitare il ban su WhatsApp\",\"breadcrumb\":{\"@id\":\"https:\\\/\\\/sendapp.cloud\\\/iscrizione-automatica-whatsapp\\\/#breadcrumb\"},\"inLanguage\":\"de\",\"potentialAction\":[{\"@type\":\"ReadAction\",\"target\":[\"https:\\\/\\\/sendapp.cloud\\\/iscrizione-automatica-whatsapp\\\/\"]}]},{\"@type\":\"ImageObject\",\"inLanguage\":\"de\",\"@id\":\"https:\\\/\\\/sendapp.cloud\\\/iscrizione-automatica-whatsapp\\\/#primaryimage\",\"url\":\"https:\\\/\\\/sendapp.live\\\/wp-content\\\/uploads\\\/2024\\\/11\\\/Screenshot-2024-11-20-alle-19.47.57-2.png\",\"contentUrl\":\"https:\\\/\\\/sendapp.live\\\/wp-content\\\/uploads\\\/2024\\\/11\\\/Screenshot-2024-11-20-alle-19.47.57-2.png\"},{\"@type\":\"BreadcrumbList\",\"@id\":\"https:\\\/\\\/sendapp.cloud\\\/iscrizione-automatica-whatsapp\\\/#breadcrumb\",\"itemListElement\":[{\"@type\":\"ListItem\",\"position\":1,\"name\":\"Home\",\"item\":\"https:\\\/\\\/sendapp.cloud\\\/\"},{\"@type\":\"ListItem\",\"position\":2,\"name\":\"Iscrizione automatica whatsapp con SendApp\"}]},{\"@type\":\"WebSite\",\"@id\":\"https:\\\/\\\/sendapp.cloud\\\/en\\\/#website\",\"url\":\"https:\\\/\\\/sendapp.cloud\\\/en\\\/\",\"name\":\"SendApp\",\"description\":\"Software Whatsapp Marketing\",\"publisher\":{\"@id\":\"https:\\\/\\\/sendapp.cloud\\\/en\\\/#organization\"},\"potentialAction\":[{\"@type\":\"SearchAction\",\"target\":{\"@type\":\"EntryPoint\",\"urlTemplate\":\"https:\\\/\\\/sendapp.cloud\\\/en\\\/?s={search_term_string}\"},\"query-input\":{\"@type\":\"PropertyValueSpecification\",\"valueRequired\":true,\"valueName\":\"search_term_string\"}}],\"inLanguage\":\"de\"},{\"@type\":\"Organization\",\"@id\":\"https:\\\/\\\/sendapp.cloud\\\/en\\\/#organization\",\"name\":\"SendApp\",\"url\":\"https:\\\/\\\/sendapp.cloud\\\/en\\\/\",\"logo\":{\"@type\":\"ImageObject\",\"inLanguage\":\"de\",\"@id\":\"https:\\\/\\\/sendapp.cloud\\\/en\\\/#\\\/schema\\\/logo\\\/image\\\/\",\"url\":\"https:\\\/\\\/sendapp.cloud\\\/wp-content\\\/uploads\\\/2024\\\/11\\\/Logo-bianco.png\",\"contentUrl\":\"https:\\\/\\\/sendapp.cloud\\\/wp-content\\\/uploads\\\/2024\\\/11\\\/Logo-bianco.png\",\"width\":145,\"height\":48,\"caption\":\"SendApp\"},\"image\":{\"@id\":\"https:\\\/\\\/sendapp.cloud\\\/en\\\/#\\\/schema\\\/logo\\\/image\\\/\"}}]}<\/script>\n<!-- \/ Yoast SEO plugin. -->","yoast_head_json":{"title":"Iscrizione automatica whatsapp con SendApp","description":"Iscrizione automatica whatsapp per ridurre al massimo il rischio dei \u2018Blocca e Segnala\u2019 ed evitare il ban su WhatsApp","robots":{"index":"index","follow":"follow","max-snippet":"max-snippet:-1","max-image-preview":"max-image-preview:large","max-video-preview":"max-video-preview:-1"},"canonical":"https:\/\/sendapp.cloud\/de\/iscrizione-automatica-whatsapp\/","og_locale":"de_DE","og_type":"article","og_title":"Iscrizione automatica whatsapp con SendApp","og_description":"Iscrizione automatica whatsapp per ridurre al massimo il rischio dei \u2018Blocca e Segnala\u2019 ed evitare il ban su WhatsApp","og_url":"https:\/\/sendapp.cloud\/de\/iscrizione-automatica-whatsapp\/","og_site_name":"SendApp","og_image":[{"url":"https:\/\/sendapp.live\/wp-content\/uploads\/2024\/11\/Screenshot-2024-11-20-alle-19.47.57-2.png","type":"","width":"","height":""}],"twitter_card":"summary_large_image","twitter_misc":{"Gesch\u00e4tzte Lesezeit":"4\u00a0Minuten"},"schema":{"@context":"https:\/\/schema.org","@graph":[{"@type":"WebPage","@id":"https:\/\/sendapp.cloud\/iscrizione-automatica-whatsapp\/","url":"https:\/\/sendapp.cloud\/iscrizione-automatica-whatsapp\/","name":"Iscrizione automatica whatsapp con SendApp","isPartOf":{"@id":"https:\/\/sendapp.cloud\/en\/#website"},"primaryImageOfPage":{"@id":"https:\/\/sendapp.cloud\/iscrizione-automatica-whatsapp\/#primaryimage"},"image":{"@id":"https:\/\/sendapp.cloud\/iscrizione-automatica-whatsapp\/#primaryimage"},"thumbnailUrl":"https:\/\/sendapp.live\/wp-content\/uploads\/2024\/11\/Screenshot-2024-11-20-alle-19.47.57-2.png","datePublished":"2024-11-20T17:46:27+00:00","description":"Iscrizione automatica whatsapp per ridurre al massimo il rischio dei \u2018Blocca e Segnala\u2019 ed evitare il ban su WhatsApp","breadcrumb":{"@id":"https:\/\/sendapp.cloud\/iscrizione-automatica-whatsapp\/#breadcrumb"},"inLanguage":"de","potentialAction":[{"@type":"ReadAction","target":["https:\/\/sendapp.cloud\/iscrizione-automatica-whatsapp\/"]}]},{"@type":"ImageObject","inLanguage":"de","@id":"https:\/\/sendapp.cloud\/iscrizione-automatica-whatsapp\/#primaryimage","url":"https:\/\/sendapp.live\/wp-content\/uploads\/2024\/11\/Screenshot-2024-11-20-alle-19.47.57-2.png","contentUrl":"https:\/\/sendapp.live\/wp-content\/uploads\/2024\/11\/Screenshot-2024-11-20-alle-19.47.57-2.png"},{"@type":"BreadcrumbList","@id":"https:\/\/sendapp.cloud\/iscrizione-automatica-whatsapp\/#breadcrumb","itemListElement":[{"@type":"ListItem","position":1,"name":"Home","item":"https:\/\/sendapp.cloud\/"},{"@type":"ListItem","position":2,"name":"Iscrizione automatica whatsapp con SendApp"}]},{"@type":"WebSite","@id":"https:\/\/sendapp.cloud\/en\/#website","url":"https:\/\/sendapp.cloud\/en\/","name":"SendApp","description":"WhatsApp-Marketing-Software","publisher":{"@id":"https:\/\/sendapp.cloud\/en\/#organization"},"potentialAction":[{"@type":"SearchAction","target":{"@type":"EntryPoint","urlTemplate":"https:\/\/sendapp.cloud\/en\/?s={search_term_string}"},"query-input":{"@type":"PropertyValueSpecification","valueRequired":true,"valueName":"search_term_string"}}],"inLanguage":"de"},{"@type":"Organization","@id":"https:\/\/sendapp.cloud\/en\/#organization","name":"SendApp","url":"https:\/\/sendapp.cloud\/en\/","logo":{"@type":"ImageObject","inLanguage":"de","@id":"https:\/\/sendapp.cloud\/en\/#\/schema\/logo\/image\/","url":"https:\/\/sendapp.cloud\/wp-content\/uploads\/2024\/11\/Logo-bianco.png","contentUrl":"https:\/\/sendapp.cloud\/wp-content\/uploads\/2024\/11\/Logo-bianco.png","width":145,"height":48,"caption":"SendApp"},"image":{"@id":"https:\/\/sendapp.cloud\/en\/#\/schema\/logo\/image\/"}}]}},"_links":{"self":[{"href":"https:\/\/sendapp.cloud\/de\/wp-json\/wp\/v2\/pages\/32991","targetHints":{"allow":["GET"]}}],"collection":[{"href":"https:\/\/sendapp.cloud\/de\/wp-json\/wp\/v2\/pages"}],"about":[{"href":"https:\/\/sendapp.cloud\/de\/wp-json\/wp\/v2\/types\/page"}],"author":[{"embeddable":true,"href":"https:\/\/sendapp.cloud\/de\/wp-json\/wp\/v2\/users\/1"}],"replies":[{"embeddable":true,"href":"https:\/\/sendapp.cloud\/de\/wp-json\/wp\/v2\/comments?post=32991"}],"version-history":[{"count":0,"href":"https:\/\/sendapp.cloud\/de\/wp-json\/wp\/v2\/pages\/32991\/revisions"}],"wp:attachment":[{"href":"https:\/\/sendapp.cloud\/de\/wp-json\/wp\/v2\/media?parent=32991"}],"curies":[{"name":"wp","href":"https:\/\/api.w.org\/{rel}","templated":true}]}}