{"id":32278,"date":"2024-09-27T11:21:13","date_gmt":"2024-09-27T09:21:13","guid":{"rendered":"https:\/\/sendapp.live\/?page_id=32278"},"modified":"2025-01-20T15:58:20","modified_gmt":"2025-01-20T14:58:20","slug":"whatsapp-marketing-con-ghatgpt","status":"publish","type":"page","link":"https:\/\/sendapp.cloud\/de\/whatsapp-marketing-con-ghatgpt\/","title":{"rendered":"Whatsapp Marketing con GhatGPT"},"content":{"rendered":"<div id=\"fws_69d4e85d2ab2e\"  data-column-margin=\"default\" data-midnight=\"dark\"  class=\"wpb_row vc_row-fluid vc_row\"  style=\"padding-top: 0px; padding-bottom: 0px; \"><div class=\"row-bg-wrap\" data-bg-animation=\"none\" data-bg-animation-delay=\"\" data-bg-overlay=\"false\"><div class=\"inner-wrap row-bg-layer\" ><div class=\"row-bg viewport-desktop\"  style=\"\"><\/div><\/div><\/div><div class=\"row_col_wrap_12 col span_12 dark left\">\n\t<div  class=\"vc_col-sm-6 wpb_column column_container vc_column_container col no-extra-padding inherit_tablet inherit_phone\"  data-padding-pos=\"all\" data-has-bg-color=\"false\" data-bg-color=\"\" data-bg-opacity=\"1\" data-animation=\"\" data-delay=\"0\" >\n\t\t<div class=\"vc_column-inner\" >\n\t\t\t<div class=\"wpb_wrapper\">\n\t\t\t\t<div class=\"img-with-aniamtion-wrap\" data-max-width=\"100%\" data-max-width-mobile=\"default\" data-shadow=\"none\" data-animation=\"fade-in\" >\n      <div class=\"inner\">\n        <div class=\"hover-wrap\"> \n          <div class=\"hover-wrap-inner\">\n            <img loading=\"lazy\" decoding=\"async\" class=\"img-with-animation skip-lazy\" data-delay=\"0\" height=\"512\" width=\"512\" data-animation=\"fade-in\" src=\"https:\/\/sendapp.cloud\/wp-content\/uploads\/2025\/01\/call-center-technical-support-ChatGPT.jpg\" alt=\"\" srcset=\"https:\/\/sendapp.cloud\/wp-content\/uploads\/2025\/01\/call-center-technical-support-ChatGPT.jpg 512w, https:\/\/sendapp.cloud\/wp-content\/uploads\/2025\/01\/call-center-technical-support-ChatGPT-300x300.jpg 300w, https:\/\/sendapp.cloud\/wp-content\/uploads\/2025\/01\/call-center-technical-support-ChatGPT-150x150.jpg 150w, https:\/\/sendapp.cloud\/wp-content\/uploads\/2025\/01\/call-center-technical-support-ChatGPT-12x12.jpg 12w, https:\/\/sendapp.cloud\/wp-content\/uploads\/2025\/01\/call-center-technical-support-ChatGPT-140x140.jpg 140w, https:\/\/sendapp.cloud\/wp-content\/uploads\/2025\/01\/call-center-technical-support-ChatGPT-100x100.jpg 100w, https:\/\/sendapp.cloud\/wp-content\/uploads\/2025\/01\/call-center-technical-support-ChatGPT-500x500.jpg 500w, https:\/\/sendapp.cloud\/wp-content\/uploads\/2025\/01\/call-center-technical-support-ChatGPT-350x350.jpg 350w\" sizes=\"auto, (max-width: 512px) 100vw, 512px\" \/>\n          <\/div>\n        <\/div>\n      <\/div>\n    <\/div>\n\t\t\t<\/div> \n\t\t<\/div>\n\t<\/div> \n\n\t<div  class=\"vc_col-sm-6 wpb_column column_container vc_column_container col no-extra-padding inherit_tablet inherit_phone\"  data-padding-pos=\"all\" data-has-bg-color=\"false\" data-bg-color=\"\" data-bg-opacity=\"1\" data-animation=\"\" data-delay=\"0\" >\n\t\t<div class=\"vc_column-inner\" >\n\t\t\t<div class=\"wpb_wrapper\">\n\t\t\t\t\n<div class=\"wpb_text_column wpb_content_element\" >\n\t<div class=\"wpb_wrapper\">\n\t\t<h2 style=\"text-align: left;\"><span style=\"color: #008000;\">Mit SendApp k\u00f6nnen Sie trainieren<br \/>\n<\/span><span style=\"color: #008000;\">Ihre WhatsApp <\/span><span style=\"color: #008000;\">intelligent<br \/>\nimmer zur Verf\u00fcgung haben<br \/>\nein f\u00e4higer Assistent<br \/>\num alle Fragen zu beantworten<br \/>\nim Zusammenhang mit Ihrem Unternehmen<\/span><\/h2>\n\t<\/div>\n<\/div>\n\n\n\n\n<div class=\"wpb_text_column wpb_content_element\" >\n\t<div class=\"wpb_wrapper\">\n\t\t<h3 style=\"text-align: left;\"><span style=\"color: #808080;\">Entwickelt f\u00fcr kleine und mittlere Unternehmen,<\/span><br \/>\n<span style=\"color: #808080;\">die Kundenkommunikation zu revolutionieren.<\/span><\/h3>\n\t<\/div>\n<\/div>\n\n\n\n<a class=\"nectar-button jumbo regular accent-color  regular-button\"  role=\"button\" style=\"\" target=\"_blank\" href=\"https:\/\/sendapp.live\/product\/sendapp-free-trial\/\" data-color-override=\"false\" data-hover-color-override=\"false\" data-hover-text-color-override=\"#fff\"><span>Kostenlose Testversion<\/span><\/a>\n\t\t\t<\/div> \n\t\t<\/div>\n\t<\/div> \n<\/div><\/div>\n\t\t<div id=\"fws_69d4e85d2bfbe\"  data-column-margin=\"default\" data-midnight=\"dark\"  class=\"wpb_row vc_row-fluid vc_row\"  style=\"padding-top: 0px; padding-bottom: 0px; \"><div class=\"row-bg-wrap\" data-bg-animation=\"none\" data-bg-animation-delay=\"\" data-bg-overlay=\"false\"><div class=\"inner-wrap row-bg-layer\" ><div class=\"row-bg viewport-desktop\"  style=\"\"><\/div><\/div><\/div><div class=\"row_col_wrap_12 col span_12 dark left\">\n\t<div  class=\"vc_col-sm-12 wpb_column column_container vc_column_container col no-extra-padding inherit_tablet inherit_phone\"  data-padding-pos=\"all\" data-has-bg-color=\"false\" data-bg-color=\"\" data-bg-opacity=\"1\" data-animation=\"\" data-delay=\"0\" >\n\t\t<div class=\"vc_column-inner\" >\n\t\t\t<div class=\"wpb_wrapper\">\n\t\t\t\t\n<div class=\"wpb_text_column wpb_content_element\" >\n\t<div class=\"wpb_wrapper\">\n\t\t<p>Wir freuen uns, Ihnen eine wichtige Neuigkeit bekannt zu geben \u00fcber <strong>Sendapp<\/strong>: die Integration der<strong>k\u00fcnstliche Intelligenz (KI)<\/strong> Um Ihr Kommunikationserlebnis noch effizienter und pers\u00f6nlicher zu gestalten. Mit dieser neuen Funktion k\u00f6nnen Sie Ihren Chatbot trainieren, gezielt auf Ihre Bed\u00fcrfnisse zu reagieren. Dabei k\u00f6nnen Sie verschiedene Quellen wie URLs, Text, PDFs und XML-Sitemaps nutzen. In diesem Blog stellen wir Ihnen die neuen Trainingsm\u00f6glichkeiten und deren optimale Nutzung vor.<\/p>\n<p>&nbsp;<\/p>\n<p><img loading=\"lazy\" decoding=\"async\" class=\"alignnone size-full wp-image-32283\" src=\"https:\/\/sendapp.live\/wp-content\/uploads\/2024\/09\/1-1.png\" alt=\"\" width=\"3455\" height=\"2158\" \/><\/p>\n<p>&nbsp;<\/p>\n<h3><strong>Wie funktioniert k\u00fcnstliche Intelligenz in Sendapp?<\/strong><\/h3>\n<p>Die KI-Integration in Sendapp erm\u00f6glicht Ihnen ein personalisiertes Chatbot-Erlebnis und macht Ihre Kundenkommunikation zielgerichteter und pr\u00e4ziser. Sie k\u00f6nnen die KI trainieren, Fragen anhand verschiedener Datenquellen zu beantworten. So geht&#039;s:<\/p>\n<p>&nbsp;<\/p>\n<p><img loading=\"lazy\" decoding=\"async\" class=\"alignnone size-full wp-image-32286\" src=\"https:\/\/sendapp.live\/wp-content\/uploads\/2024\/09\/2-6.png\" alt=\"\" width=\"3455\" height=\"2158\" \/><\/p>\n<p>&nbsp;<\/p>\n<p><img loading=\"lazy\" decoding=\"async\" class=\"alignnone size-full wp-image-32287\" src=\"https:\/\/sendapp.live\/wp-content\/uploads\/2024\/09\/3-2.png\" alt=\"\" width=\"3455\" height=\"2159\" \/><\/p>\n<p>&nbsp;<\/p>\n<p><img loading=\"lazy\" decoding=\"async\" class=\"alignnone size-full wp-image-32288\" src=\"https:\/\/sendapp.live\/wp-content\/uploads\/2024\/09\/4-4.png\" alt=\"\" width=\"3455\" height=\"2157\" \/><\/p>\n<p>&nbsp;<\/p>\n<ul>\n<li><strong>Schulung per URL, Text, PDF und XML-Sitemap<\/strong>\n<ul>\n<li>Sie k\u00f6nnen Inhalte direkt aus URLs, Textdokumenten, PDFs und sogar XML-Sitemaps einf\u00fcgen, um Ihren Chatbot zu trainieren. So k\u00f6nnen Sie bestimmte Seiten oder ganze Websites als Wissensbasis f\u00fcr die KI nutzen.<\/li>\n<\/ul>\n<\/li>\n<\/ul>\n<p>&nbsp;<\/p>\n<p><img loading=\"lazy\" decoding=\"async\" class=\"alignnone size-full wp-image-32289\" src=\"https:\/\/sendapp.live\/wp-content\/uploads\/2024\/09\/5-3.png\" alt=\"\" width=\"3455\" height=\"2156\" \/><\/p>\n<ul>\n<li><strong>W\u00e4hlen Sie den Trainingstyp<\/strong>\n<ul>\n<li>W\u00e4hlen Sie im Konfigurationsbereich den von Ihnen eingerichteten Trainingstyp (URL, PDF, Text oder XML-Sitemap) aus und machen Sie sich bereit, Ihren Chatbot zu testen.<\/li>\n<\/ul>\n<\/li>\n<\/ul>\n<p>&nbsp;<\/p>\n<p><img loading=\"lazy\" decoding=\"async\" class=\"alignnone size-full wp-image-32290\" src=\"https:\/\/sendapp.live\/wp-content\/uploads\/2024\/09\/6-2.png\" alt=\"\" width=\"3455\" height=\"2157\" \/><\/p>\n<ul>\n<li><strong>Erwerben Sie das Token nach dem Training<\/strong>\n<ul>\n<li>Nach Abschluss der Schulung mit den bereitgestellten Daten (URL, PDF, Text oder XML-Sitemap) erhalten Sie eine <strong>Zeichen<\/strong> spezifisch. Dieses Token sollte in der oberen rechten Ecke der Benutzeroberfl\u00e4che neben dem Feld \u201eAPI-Schl\u00fcssel\u201c eingegeben werden.<\/li>\n<\/ul>\n<\/li>\n<\/ul>\n<p>&nbsp;<\/p>\n<p><img loading=\"lazy\" decoding=\"async\" class=\"alignnone size-full wp-image-32291\" src=\"https:\/\/sendapp.live\/wp-content\/uploads\/2024\/09\/7-3.png\" alt=\"\" width=\"3455\" height=\"2154\" \/><\/p>\n<p>&nbsp;<\/p>\n<ul>\n<li><strong>API-Schl\u00fcssel vom Konto abrufen<\/strong>\n<ul>\n<li>Um AI zu aktivieren, m\u00fcssen Sie Ihre <strong>API-Schl\u00fcssel<\/strong> von Ihrem Sendapp-Konto. Dieser muss oben rechts in der Benutzeroberfl\u00e4che eingegeben werden, um die KI-Funktion zu aktivieren.<\/li>\n<\/ul>\n<\/li>\n<\/ul>\n<p>&nbsp;<\/p>\n<p><img loading=\"lazy\" decoding=\"async\" class=\"alignnone size-full wp-image-32292\" src=\"https:\/\/sendapp.live\/wp-content\/uploads\/2024\/09\/8-2.png\" alt=\"\" width=\"3455\" height=\"2157\" \/><\/p>\n<h4><strong>Testen Sie Ihren Chatbot und \u00e4ndern Sie die Antworten<\/strong><\/h4>\n<p>Sobald die Einrichtung abgeschlossen ist, k\u00f6nnen Sie Ihrem Chatbot Fragen stellen, um die von der KI generierten Antworten zu testen:<\/p>\n<ul>\n<li><strong>Machen Sie den Test im Chat<\/strong>\n<ul>\n<li>Stellen Sie Ihrem Chatbot Fragen und simulieren Sie so die potenziellen Anfragen Ihrer Kunden. Sehen Sie sich die Antworten direkt im Chat an.<\/li>\n<\/ul>\n<\/li>\n<\/ul>\n<p>&nbsp;<\/p>\n<p><img loading=\"lazy\" decoding=\"async\" class=\"alignnone size-full wp-image-32293\" src=\"https:\/\/sendapp.live\/wp-content\/uploads\/2024\/09\/9-4.png\" alt=\"\" width=\"3455\" height=\"2149\" \/><\/p>\n<p>&nbsp;<\/p>\n<p><strong><img loading=\"lazy\" decoding=\"async\" class=\"alignnone size-full wp-image-32294\" src=\"https:\/\/sendapp.live\/wp-content\/uploads\/2024\/09\/10-3.png\" alt=\"\" width=\"3455\" height=\"2155\" \/><\/strong><\/p>\n<ul>\n<li><strong>Antworten in Echtzeit bearbeiten<\/strong>\n<ul>\n<li>Sollten die Antworten nicht ganz Ihren W\u00fcnschen entsprechen, k\u00f6nnen Sie sie ganz einfach bearbeiten. Klicken Sie dazu auf die drei Punkte rechts neben der Chatbot-Antwort, bearbeiten Sie den Text und speichern Sie. Die KI lernt die \u00c4nderung sofort.<\/li>\n<\/ul>\n<\/li>\n<\/ul>\n<p>&nbsp;<\/p>\n<p><img loading=\"lazy\" decoding=\"async\" class=\"alignnone size-full wp-image-32295\" src=\"https:\/\/sendapp.live\/wp-content\/uploads\/2024\/09\/11-5.png\" alt=\"\" width=\"3455\" height=\"2156\" \/><\/p>\n<p>&nbsp;<\/p>\n<p><strong><img loading=\"lazy\" decoding=\"async\" class=\"alignnone size-full wp-image-32297\" src=\"https:\/\/sendapp.live\/wp-content\/uploads\/2024\/09\/13-3.png\" alt=\"\" width=\"3455\" height=\"2156\" \/><\/strong><\/p>\n<ul>\n<li><strong>KI, die aus Ver\u00e4nderungen lernt<\/strong>\n<ul>\n<li>Sobald Sie eine Antwort \u00e4ndern, ber\u00fccksichtigt die KI die \u00c4nderung und reagiert in Zukunft mit den neuen Informationen, die sie gelernt hat, wodurch ihre Genauigkeit kontinuierlich verbessert wird.<\/li>\n<\/ul>\n<\/li>\n<\/ul>\n<h3><strong><img loading=\"lazy\" decoding=\"async\" class=\"alignnone size-full wp-image-32298\" src=\"https:\/\/sendapp.live\/wp-content\/uploads\/2024\/09\/14-3.png\" alt=\"\" width=\"3455\" height=\"2153\" \/><\/strong><\/h3>\n<h3><\/h3>\n<h3><strong>Warum Sendapp AI verwenden?<\/strong><\/h3>\n<p>Die k\u00fcnstliche Intelligenz von Sendapp sorgt f\u00fcr reibungslosere und pr\u00e4zisere Kundeninteraktionen. Hier sind einige wichtige Vorteile:<\/p>\n<ul>\n<li><strong>Benutzerdefinierte Automatisierung:<\/strong> Trainieren Sie Ihren Chatbot, damit er Ihr Unternehmen perfekt widerspiegelt.<\/li>\n<li><strong>Sich entwickelnde Antworten:<\/strong> Dank seiner Lernf\u00e4higkeit verbessert sich der Chatbot kontinuierlich und passt sich Ihren Bed\u00fcrfnissen an.<\/li>\n<li><strong>Einfache Einrichtung:<\/strong> Mit nur wenigen Klicks k\u00f6nnen Sie vorhandene Inhalte als Wissensbasis f\u00fcr Ihren virtuellen Assistenten nutzen.<\/li>\n<\/ul>\n<h3><strong>Abschluss<\/strong><\/h3>\n<p>Die Einf\u00fchrung k\u00fcnstlicher Intelligenz in Sendapp stellt einen enormen Fortschritt f\u00fcr alle dar, die ihre Kommunikation intelligent und dynamisch automatisieren m\u00f6chten. Testen Sie noch heute die neue KI-Funktion von Sendapp und entdecken Sie, wie Sie Ihr Kundenreaktionsmanagement transformieren und effektiver gestalten k\u00f6nnen.<\/p>\n<p><strong>Wir sind gespannt, wie diese neue Funktion Ihre Arbeitsweise ver\u00e4ndern wird. Probieren Sie sie jetzt aus und teilen Sie uns Ihre Meinung in den Kommentaren mit!<\/strong><\/p>\n\t<\/div>\n<\/div>\n\n\n\n\n\t\t\t<\/div> \n\t\t<\/div>\n\t<\/div> \n<\/div><\/div>","protected":false},"excerpt":{"rendered":"Con SendApp puoi addestrare il tuo WhatsApp intelligente per avere sempre a disposizione un assistente capace di rispondere a tutte le domande relative alla tua attivit\u00e0 Pensate per le piccole...","protected":false},"author":1,"featured_media":32280,"parent":0,"menu_order":0,"comment_status":"closed","ping_status":"closed","template":"","meta":{"footnotes":""},"class_list":["post-32278","page","type-page","status-publish","has-post-thumbnail"],"yoast_head":"<!-- This site is optimized with the Yoast SEO plugin v26.8 - https:\/\/yoast.com\/product\/yoast-seo-wordpress\/ -->\n<title>Whatsapp Marketing con l&#039;AI<\/title>\n<meta name=\"description\" content=\"Siamo entusiasti di annunciare un&#039;importante novit\u00e0 su Sendapp: l&#039;integrazione dell&#039;intelligenza artificiale (AI)...\" \/>\n<meta name=\"robots\" content=\"index, follow, max-snippet:-1, max-image-preview:large, max-video-preview:-1\" \/>\n<link rel=\"canonical\" href=\"https:\/\/sendapp.cloud\/de\/whatsapp-marketing-con-ghatgpt\/\" \/>\n<meta property=\"og:locale\" content=\"de_DE\" \/>\n<meta property=\"og:type\" content=\"article\" \/>\n<meta property=\"og:title\" content=\"Whatsapp Marketing con l&#039;AI\" \/>\n<meta property=\"og:description\" content=\"Siamo entusiasti di annunciare un&#039;importante novit\u00e0 su Sendapp: l&#039;integrazione dell&#039;intelligenza artificiale (AI)...\" \/>\n<meta property=\"og:url\" content=\"https:\/\/sendapp.cloud\/de\/whatsapp-marketing-con-ghatgpt\/\" \/>\n<meta property=\"og:site_name\" content=\"SendApp\" \/>\n<meta property=\"article:modified_time\" content=\"2025-01-20T14:58:20+00:00\" \/>\n<meta name=\"twitter:card\" content=\"summary_large_image\" \/>\n<meta name=\"twitter:label1\" content=\"Gesch\u00e4tzte Lesezeit\" \/>\n\t<meta name=\"twitter:data1\" content=\"6\u00a0Minuten\" \/>\n<script type=\"application\/ld+json\" class=\"yoast-schema-graph\">{\"@context\":\"https:\/\/schema.org\",\"@graph\":[{\"@type\":\"WebPage\",\"@id\":\"https:\/\/sendapp.cloud\/whatsapp-marketing-con-ghatgpt\/\",\"url\":\"https:\/\/sendapp.cloud\/whatsapp-marketing-con-ghatgpt\/\",\"name\":\"Whatsapp Marketing con l'AI\",\"isPartOf\":{\"@id\":\"https:\/\/sendapp.cloud\/en\/#website\"},\"primaryImageOfPage\":{\"@id\":\"https:\/\/sendapp.cloud\/whatsapp-marketing-con-ghatgpt\/#primaryimage\"},\"image\":{\"@id\":\"https:\/\/sendapp.cloud\/whatsapp-marketing-con-ghatgpt\/#primaryimage\"},\"thumbnailUrl\":\"\",\"datePublished\":\"2024-09-27T09:21:13+00:00\",\"dateModified\":\"2025-01-20T14:58:20+00:00\",\"description\":\"Siamo entusiasti di annunciare un'importante novit\u00e0 su Sendapp: l'integrazione dell'intelligenza artificiale (AI)...\",\"breadcrumb\":{\"@id\":\"https:\/\/sendapp.cloud\/whatsapp-marketing-con-ghatgpt\/#breadcrumb\"},\"inLanguage\":\"de\",\"potentialAction\":[{\"@type\":\"ReadAction\",\"target\":[\"https:\/\/sendapp.cloud\/whatsapp-marketing-con-ghatgpt\/\"]}]},{\"@type\":\"ImageObject\",\"inLanguage\":\"de\",\"@id\":\"https:\/\/sendapp.cloud\/whatsapp-marketing-con-ghatgpt\/#primaryimage\",\"url\":\"\",\"contentUrl\":\"\"},{\"@type\":\"BreadcrumbList\",\"@id\":\"https:\/\/sendapp.cloud\/whatsapp-marketing-con-ghatgpt\/#breadcrumb\",\"itemListElement\":[{\"@type\":\"ListItem\",\"position\":1,\"name\":\"Home\",\"item\":\"https:\/\/sendapp.cloud\/\"},{\"@type\":\"ListItem\",\"position\":2,\"name\":\"Whatsapp Marketing con GhatGPT\"}]},{\"@type\":\"WebSite\",\"@id\":\"https:\/\/sendapp.cloud\/en\/#website\",\"url\":\"https:\/\/sendapp.cloud\/en\/\",\"name\":\"SendApp\",\"description\":\"Software Whatsapp Marketing\",\"publisher\":{\"@id\":\"https:\/\/sendapp.cloud\/en\/#organization\"},\"potentialAction\":[{\"@type\":\"SearchAction\",\"target\":{\"@type\":\"EntryPoint\",\"urlTemplate\":\"https:\/\/sendapp.cloud\/en\/?s={search_term_string}\"},\"query-input\":{\"@type\":\"PropertyValueSpecification\",\"valueRequired\":true,\"valueName\":\"search_term_string\"}}],\"inLanguage\":\"de\"},{\"@type\":\"Organization\",\"@id\":\"https:\/\/sendapp.cloud\/en\/#organization\",\"name\":\"SendApp\",\"url\":\"https:\/\/sendapp.cloud\/en\/\",\"logo\":{\"@type\":\"ImageObject\",\"inLanguage\":\"de\",\"@id\":\"https:\/\/sendapp.cloud\/en\/#\/schema\/logo\/image\/\",\"url\":\"https:\/\/sendapp.cloud\/wp-content\/uploads\/2024\/11\/Logo-bianco.png\",\"contentUrl\":\"https:\/\/sendapp.cloud\/wp-content\/uploads\/2024\/11\/Logo-bianco.png\",\"width\":145,\"height\":48,\"caption\":\"SendApp\"},\"image\":{\"@id\":\"https:\/\/sendapp.cloud\/en\/#\/schema\/logo\/image\/\"}}]}<\/script>\n<!-- \/ Yoast SEO plugin. -->","yoast_head_json":{"title":"Whatsapp Marketing con l'AI","description":"Siamo entusiasti di annunciare un'importante novit\u00e0 su Sendapp: l'integrazione dell'intelligenza artificiale (AI)...","robots":{"index":"index","follow":"follow","max-snippet":"max-snippet:-1","max-image-preview":"max-image-preview:large","max-video-preview":"max-video-preview:-1"},"canonical":"https:\/\/sendapp.cloud\/de\/whatsapp-marketing-con-ghatgpt\/","og_locale":"de_DE","og_type":"article","og_title":"Whatsapp Marketing con l'AI","og_description":"Siamo entusiasti di annunciare un'importante novit\u00e0 su Sendapp: l'integrazione dell'intelligenza artificiale (AI)...","og_url":"https:\/\/sendapp.cloud\/de\/whatsapp-marketing-con-ghatgpt\/","og_site_name":"SendApp","article_modified_time":"2025-01-20T14:58:20+00:00","twitter_card":"summary_large_image","twitter_misc":{"Gesch\u00e4tzte Lesezeit":"6\u00a0Minuten"},"schema":{"@context":"https:\/\/schema.org","@graph":[{"@type":"WebPage","@id":"https:\/\/sendapp.cloud\/whatsapp-marketing-con-ghatgpt\/","url":"https:\/\/sendapp.cloud\/whatsapp-marketing-con-ghatgpt\/","name":"Whatsapp Marketing con l'AI","isPartOf":{"@id":"https:\/\/sendapp.cloud\/en\/#website"},"primaryImageOfPage":{"@id":"https:\/\/sendapp.cloud\/whatsapp-marketing-con-ghatgpt\/#primaryimage"},"image":{"@id":"https:\/\/sendapp.cloud\/whatsapp-marketing-con-ghatgpt\/#primaryimage"},"thumbnailUrl":"","datePublished":"2024-09-27T09:21:13+00:00","dateModified":"2025-01-20T14:58:20+00:00","description":"Siamo entusiasti di annunciare un'importante novit\u00e0 su Sendapp: l'integrazione dell'intelligenza artificiale (AI)...","breadcrumb":{"@id":"https:\/\/sendapp.cloud\/whatsapp-marketing-con-ghatgpt\/#breadcrumb"},"inLanguage":"de","potentialAction":[{"@type":"ReadAction","target":["https:\/\/sendapp.cloud\/whatsapp-marketing-con-ghatgpt\/"]}]},{"@type":"ImageObject","inLanguage":"de","@id":"https:\/\/sendapp.cloud\/whatsapp-marketing-con-ghatgpt\/#primaryimage","url":"","contentUrl":""},{"@type":"BreadcrumbList","@id":"https:\/\/sendapp.cloud\/whatsapp-marketing-con-ghatgpt\/#breadcrumb","itemListElement":[{"@type":"ListItem","position":1,"name":"Home","item":"https:\/\/sendapp.cloud\/"},{"@type":"ListItem","position":2,"name":"Whatsapp Marketing con GhatGPT"}]},{"@type":"WebSite","@id":"https:\/\/sendapp.cloud\/en\/#website","url":"https:\/\/sendapp.cloud\/en\/","name":"SendApp","description":"WhatsApp-Marketing-Software","publisher":{"@id":"https:\/\/sendapp.cloud\/en\/#organization"},"potentialAction":[{"@type":"SearchAction","target":{"@type":"EntryPoint","urlTemplate":"https:\/\/sendapp.cloud\/en\/?s={search_term_string}"},"query-input":{"@type":"PropertyValueSpecification","valueRequired":true,"valueName":"search_term_string"}}],"inLanguage":"de"},{"@type":"Organization","@id":"https:\/\/sendapp.cloud\/en\/#organization","name":"SendApp","url":"https:\/\/sendapp.cloud\/en\/","logo":{"@type":"ImageObject","inLanguage":"de","@id":"https:\/\/sendapp.cloud\/en\/#\/schema\/logo\/image\/","url":"https:\/\/sendapp.cloud\/wp-content\/uploads\/2024\/11\/Logo-bianco.png","contentUrl":"https:\/\/sendapp.cloud\/wp-content\/uploads\/2024\/11\/Logo-bianco.png","width":145,"height":48,"caption":"SendApp"},"image":{"@id":"https:\/\/sendapp.cloud\/en\/#\/schema\/logo\/image\/"}}]}},"_links":{"self":[{"href":"https:\/\/sendapp.cloud\/de\/wp-json\/wp\/v2\/pages\/32278","targetHints":{"allow":["GET"]}}],"collection":[{"href":"https:\/\/sendapp.cloud\/de\/wp-json\/wp\/v2\/pages"}],"about":[{"href":"https:\/\/sendapp.cloud\/de\/wp-json\/wp\/v2\/types\/page"}],"author":[{"embeddable":true,"href":"https:\/\/sendapp.cloud\/de\/wp-json\/wp\/v2\/users\/1"}],"replies":[{"embeddable":true,"href":"https:\/\/sendapp.cloud\/de\/wp-json\/wp\/v2\/comments?post=32278"}],"version-history":[{"count":2,"href":"https:\/\/sendapp.cloud\/de\/wp-json\/wp\/v2\/pages\/32278\/revisions"}],"predecessor-version":[{"id":33123,"href":"https:\/\/sendapp.cloud\/de\/wp-json\/wp\/v2\/pages\/32278\/revisions\/33123"}],"wp:featuredmedia":[{"embeddable":true,"href":"https:\/\/sendapp.cloud\/de\/wp-json\/"}],"wp:attachment":[{"href":"https:\/\/sendapp.cloud\/de\/wp-json\/wp\/v2\/media?parent=32278"}],"curies":[{"name":"wp","href":"https:\/\/api.w.org\/{rel}","templated":true}]}}