{"id":32237,"date":"2024-09-23T10:23:39","date_gmt":"2024-09-23T08:23:39","guid":{"rendered":"https:\/\/sendapp.live\/?page_id=32237"},"modified":"2024-09-23T10:23:39","modified_gmt":"2024-09-23T08:23:39","slug":"automatizzare-whatsapp-con-pabbly","status":"publish","type":"page","link":"https:\/\/sendapp.cloud\/de\/automatizzare-whatsapp-con-pabbly\/","title":{"rendered":"Automatisieren Sie WhatsApp mit Pabbly"},"content":{"rendered":"<p>&nbsp;<\/p>\n<h2><strong>Einf\u00fchrung<\/strong><\/h2>\n<p>Automatisieren Sie Ihre Kommunikation \u00fcber <strong>WhatsApp<\/strong> mit <strong>Sendapp<\/strong> Und <strong>Google Tabellen<\/strong> es ist m\u00f6glich dank <strong>Pabbly<\/strong>, ein Automatisierungstool, das Arbeitsabl\u00e4ufe zwischen verschiedenen Anwendungen optimiert. In dieser Anleitung zeigen wir Ihnen, wie Sie Sendapp mithilfe von Pabbly in Google Sheets integrieren, um automatisch WhatsApp-Nachrichten zu versenden, sobald neue Daten zur Tabelle hinzugef\u00fcgt werden.<\/p>\n<h3><strong>Schritt 1: Was Sie brauchen<\/strong><\/h3>\n<p>Bevor Sie beginnen, stellen Sie sicher, dass Sie \u00fcber Folgendes verf\u00fcgen:<\/p>\n<ul>\n<li>Ein Konto <strong>Sendapp Cloud<\/strong> aktiv.<\/li>\n<\/ul>\n<p>&nbsp;<\/p>\n<p><img loading=\"lazy\" decoding=\"async\" class=\"alignnone size-full wp-image-32216\" src=\"https:\/\/sendapp.live\/wp-content\/uploads\/2024\/09\/1-copia-1.png\" alt=\"\" width=\"3454\" height=\"1893\" \/><\/p>\n<p>&nbsp;<\/p>\n<ul>\n<li>Ein Konto <strong>Pabbly<\/strong> (Sie k\u00f6nnen sich anmelden auf <a href=\"https:\/\/www.pabbly.com\/\" target=\"_new\" rel=\"noopener\">Pabbly<\/a>).<\/li>\n<\/ul>\n<p>&nbsp;<\/p>\n<p>&nbsp;<\/p>\n<p><img loading=\"lazy\" decoding=\"async\" class=\"alignnone size-full wp-image-32217\" src=\"https:\/\/sendapp.live\/wp-content\/uploads\/2024\/09\/2-3.png\" alt=\"\" width=\"3451\" height=\"1914\" \/><\/p>\n<p>&nbsp;<\/p>\n<ul>\n<li>Zugang zu <strong>Google Tabellen<\/strong> mit installiertem Pabbly-Integrations-Plugin.<\/li>\n<\/ul>\n<p>&nbsp;<\/p>\n<h3><strong><img loading=\"lazy\" decoding=\"async\" class=\"alignnone size-full wp-image-32218\" src=\"https:\/\/sendapp.live\/wp-content\/uploads\/2024\/09\/3-copia.png\" alt=\"\" width=\"3453\" height=\"1914\" \/><\/strong><\/h3>\n<h3><\/h3>\n<h3><strong>Schritt 2: Installieren Sie die Pabbly-Integration in Google Sheets<\/strong><\/h3>\n<ul>\n<li>Offen <strong>Google Tabellen<\/strong> und geh nach oben <strong>Erweiterungen &gt; Add-ons<\/strong>.<\/li>\n<\/ul>\n<p>&nbsp;<\/p>\n<p><img loading=\"lazy\" decoding=\"async\" class=\"alignnone size-full wp-image-32219\" src=\"https:\/\/sendapp.live\/wp-content\/uploads\/2024\/09\/10-2.png\" alt=\"\" width=\"3449\" height=\"1914\" \/><\/p>\n<p>&nbsp;<\/p>\n<ul>\n<li>Suchen und installieren Sie das Add-on <strong>Pabbly Connect<\/strong>.<\/li>\n<\/ul>\n<p>&nbsp;<\/p>\n<p><img loading=\"lazy\" decoding=\"async\" class=\"alignnone size-full wp-image-32220\" src=\"https:\/\/sendapp.live\/wp-content\/uploads\/2024\/09\/9-3.png\" alt=\"\" width=\"3446\" height=\"1912\" \/><\/p>\n<p>&nbsp;<\/p>\n<ul>\n<li>Kopieren Sie den von Pabbly bereitgestellten Webhook und w\u00e4hlen Sie die Spalte \u201eTrigger\u201c aus.<\/li>\n<\/ul>\n<h3><strong><img loading=\"lazy\" decoding=\"async\" class=\"alignnone size-full wp-image-32221\" src=\"https:\/\/sendapp.live\/wp-content\/uploads\/2024\/09\/11-3.png\" alt=\"\" width=\"3451\" height=\"1913\" \/><\/strong><\/h3>\n<h3><\/h3>\n<h3><strong>Schritt 3: Erstellen Sie ein Pabbly-Konto und konfigurieren Sie den Workflow<\/strong><\/h3>\n<ul>\n<li>Melden Sie sich an oder registrieren Sie sich f\u00fcr Ihr Konto <strong>Pabbly<\/strong> An <a href=\"https:\/\/www.pabbly.com\/\" target=\"_new\" rel=\"noopener\">pabbly.com<\/a>.<\/li>\n<\/ul>\n<p>&nbsp;<\/p>\n<p><img loading=\"lazy\" decoding=\"async\" class=\"alignnone size-full wp-image-32223\" src=\"https:\/\/sendapp.live\/wp-content\/uploads\/2024\/09\/4-3.png\" alt=\"\" width=\"3449\" height=\"1908\" \/><\/p>\n<p>&nbsp;<\/p>\n<ul>\n<li>Klicken Sie auf <strong>Workflow erstellen<\/strong> , um einen neuen Workflow zu erstellen.<\/li>\n<\/ul>\n<p>&nbsp;<\/p>\n<p>&nbsp;<\/p>\n<p><img loading=\"lazy\" decoding=\"async\" class=\"alignnone size-full wp-image-32224\" src=\"https:\/\/sendapp.live\/wp-content\/uploads\/2024\/09\/5-2.png\" alt=\"\" width=\"3449\" height=\"1806\" \/><\/p>\n<p>&nbsp;<\/p>\n<ul>\n<li>Geben Sie Ihrem Workflow einen Namen, zum Beispiel <strong>\u201eSendapp zu Google Sheets-Automatisierung\u201c<\/strong>.<\/li>\n<\/ul>\n<h3><strong>Schritt 4: Konfigurieren Sie den Trigger in Pabbly<\/strong><\/h3>\n<ul>\n<li>W\u00e4hlen Sie im neu erstellten Workflow <strong>Google Tabellen<\/strong> wie Trigger App.<\/li>\n<\/ul>\n<p>&nbsp;<\/p>\n<p>&nbsp;<\/p>\n<p><img loading=\"lazy\" decoding=\"async\" class=\"alignnone size-full wp-image-32225\" src=\"https:\/\/sendapp.live\/wp-content\/uploads\/2024\/09\/6-1.png\" alt=\"\" width=\"3448\" height=\"1798\" \/><\/p>\n<p>&nbsp;<\/p>\n<ul>\n<li>W\u00e4hlen Sie den Ausl\u00f6ser <strong>\u201eNeue Tabellenzeile\u201c<\/strong>, das aktiviert wird, wenn Ihrem Google Sheet eine neue Zeile hinzugef\u00fcgt wird.<\/li>\n<\/ul>\n<p>&nbsp;<\/p>\n<p><img loading=\"lazy\" decoding=\"async\" class=\"alignnone size-full wp-image-32226\" src=\"https:\/\/sendapp.live\/wp-content\/uploads\/2024\/09\/7-2.png\" alt=\"\" width=\"3449\" height=\"1800\" \/><\/p>\n<p>&nbsp;<\/p>\n<ul>\n<li>Pabbly bietet Ihnen eine <strong>Webhook-URL<\/strong>Kopieren Sie diese URL in die Erweiterung, die Sie in Google Sheets heruntergeladen haben.<\/li>\n<\/ul>\n<p>&nbsp;<\/p>\n<h3><strong>Schritt 5: F\u00fcgen Sie den Webhook zum Google Sheet hinzu<\/strong><\/h3>\n<ul>\n<li>Zur\u00fcck nach oben <strong>Google Tabellen<\/strong>, nach oben <strong>Erweiterungen &gt; Pabbly Connect<\/strong>.<\/li>\n<li>F\u00fcgen Sie die <strong>Webhook-URL<\/strong> bereitgestellt von Pabbly im Google Sheet-Setup.<\/li>\n<li>Speichern und schlie\u00dfen Sie die Konfiguration. Jede neue Zeile, die in das Blatt eingef\u00fcgt wird, sendet Daten an den Pabbly-Webhook.<\/li>\n<\/ul>\n<h3><strong><img loading=\"lazy\" decoding=\"async\" class=\"alignnone size-full wp-image-32227\" src=\"https:\/\/sendapp.live\/wp-content\/uploads\/2024\/09\/11-4.png\" alt=\"\" width=\"3451\" height=\"1913\" \/><\/strong><\/h3>\n<h3><\/h3>\n<h3><strong>Schritt 6: F\u00fchren Sie den Sendetest durch<\/strong><\/h3>\n<ul>\n<li>F\u00fcgen Sie im Google Sheet eine neue Zeile mit den Daten hinzu, die Sie \u00fcber Sendapp senden m\u00f6chten (z. B. Telefonnummer, Nachricht usw.).<\/li>\n<li>Gehen Sie zu Pabbly und klicken Sie auf <strong>Webhook-Test<\/strong> um sicherzustellen, dass die Daten korrekt empfangen werden.<\/li>\n<\/ul>\n<h3><strong>Schritt 7: Sendapp als Aktion im Workflow hinzuf\u00fcgen<\/strong><\/h3>\n<ul>\n<li>Nachdem Sie den Ausl\u00f6ser konfiguriert haben, klicken Sie auf Aktion hinzuf\u00fcgen und w\u00e4hlen Sie Sendapp als Aktion <strong>App.<\/strong><\/li>\n<\/ul>\n<p>&nbsp;<\/p>\n<p><strong><img loading=\"lazy\" decoding=\"async\" class=\"alignnone size-full wp-image-32229\" src=\"https:\/\/sendapp.live\/wp-content\/uploads\/2024\/09\/12-3.png\" alt=\"\" width=\"3447\" height=\"1912\" \/><\/strong><\/p>\n<p>&nbsp;<\/p>\n<ul>\n<li><strong>Verbinden Sie Ihr Sendapp-Konto, indem Sie den Zugriffstoken und die Instanz-ID eingeben, die p<\/strong>Sie k\u00f6nnen es von Ihrem Sendapp-Profil abrufen, indem Sie das <strong>QR-Code<\/strong> mit der WhatsApp-App.<\/li>\n<\/ul>\n<h3><strong><img loading=\"lazy\" decoding=\"async\" class=\"alignnone size-full wp-image-32230\" src=\"https:\/\/sendapp.live\/wp-content\/uploads\/2024\/09\/13-2.png\" alt=\"\" width=\"3449\" height=\"1921\" \/><\/strong><\/h3>\n<h3><\/h3>\n<h3><strong><img loading=\"lazy\" decoding=\"async\" class=\"alignnone size-full wp-image-32231\" src=\"https:\/\/sendapp.live\/wp-content\/uploads\/2024\/09\/14-2.png\" alt=\"\" width=\"3449\" height=\"1919\" \/><\/strong><\/h3>\n<h3><\/h3>\n<p><img loading=\"lazy\" decoding=\"async\" class=\"alignnone size-full wp-image-32232\" src=\"https:\/\/sendapp.live\/wp-content\/uploads\/2024\/09\/15-3.png\" alt=\"\" width=\"3453\" height=\"1917\" \/><\/p>\n<h3><strong>Schritt 8: Sendapp-Aktionsdetails konfigurieren<\/strong><\/h3>\n<ul>\n<li>W\u00e4hlen Sie im Feld \u201eTelefonnummer\u201c die Telefonnummer aus dem Google Sheet aus.<\/li>\n<li>Legen Sie den Nachrichtentyp auf \u201eText\u201c fest.<\/li>\n<li>Strukturieren Sie Ihre personalisierte Nachricht mithilfe der Felder in der Tabelle.<strong>Die <\/strong>Google, wie Name und andere spezifische Informationen.<\/li>\n<li>Klicken Sie auf <strong>Testanfrage speichern und senden<\/strong> um das Senden der Nachricht zu testen.<\/li>\n<\/ul>\n<p>&nbsp;<\/p>\n<h3><strong><img loading=\"lazy\" decoding=\"async\" class=\"alignnone size-full wp-image-32233\" src=\"https:\/\/sendapp.live\/wp-content\/uploads\/2024\/09\/16-1.png\" alt=\"\" width=\"3447\" height=\"1919\" \/><\/strong><\/h3>\n<h3><\/h3>\n<h3><strong>Schritt 9: Workflow aktivieren<\/strong><\/h3>\n<ol>\n<li><strong>Wenn der Test erfolgreich ist, klicken Sie auf \u201eSpeichern\u201c und dann auf \u201eWorkflow aktivieren\u201c.<\/strong><\/li>\n<li><strong>Von nun an, jedes Mal, wenn Sie eine neue Zeile in Ihrem Go-Blatt hinzuf\u00fcgen<\/strong>ogle, Sendapp sendet automatisch eine WhatsApp-Nachricht an den Empf\u00e4nger.<\/li>\n<\/ol>\n<p>&nbsp;<\/p>\n<p><img loading=\"lazy\" decoding=\"async\" class=\"alignnone size-full wp-image-32234\" src=\"https:\/\/sendapp.live\/wp-content\/uploads\/2024\/09\/17-1.png\" alt=\"\" width=\"3448\" height=\"1796\" \/><\/p>\n<h3><strong>Abschluss<\/strong><\/h3>\n<p>Verbinden <strong>Sendapp<\/strong> Zu <strong>Google Tabellen<\/strong> durch <strong>Pabbly<\/strong> Damit k\u00f6nnen Sie Ihre WhatsApp-Kommunikation ohne manuellen Aufwand automatisieren. Dieser Workflow eignet sich perfekt f\u00fcr die effiziente Verwaltung Ihrer Kontaktliste und den einfachen Versand personalisierter Nachrichten. Folgen Sie diesen einfachen Schritten, um loszulegen und zu entdecken, wie n\u00fctzlich diese Automatisierung f\u00fcr Ihr Unternehmen sein kann!<\/p>","protected":false},"excerpt":{"rendered":"<p>&nbsp; Introduzione Automatizzare la tua comunicazione tramite WhatsApp utilizzando Sendapp e Google Sheets \u00e8 possibile grazie a Pabbly, uno strumento di automazione che semplifica i flussi di lavoro tra diverse&#8230;<\/p>","protected":false},"author":1,"featured_media":32235,"parent":0,"menu_order":0,"comment_status":"closed","ping_status":"closed","template":"","meta":{"footnotes":""},"class_list":["post-32237","page","type-page","status-publish","has-post-thumbnail"],"yoast_head":"<!-- This site is optimized with the Yoast SEO plugin v26.8 - https:\/\/yoast.com\/product\/yoast-seo-wordpress\/ -->\n<title>Automatizzare Whatsapp con Pabbly<\/title>\n<meta name=\"description\" content=\"Automatizzare la tua comunicazione tramite WhatsApp utilizzando Sendapp e Google Sheets \u00e8 possibile grazie a Pabbly, uno strumento...\" \/>\n<meta name=\"robots\" content=\"index, follow, max-snippet:-1, max-image-preview:large, max-video-preview:-1\" \/>\n<link rel=\"canonical\" href=\"https:\/\/sendapp.cloud\/de\/automatizzare-whatsapp-con-pabbly\/\" \/>\n<meta property=\"og:locale\" content=\"de_DE\" \/>\n<meta property=\"og:type\" content=\"article\" \/>\n<meta property=\"og:title\" content=\"Automatizzare Whatsapp con Pabbly\" \/>\n<meta property=\"og:description\" content=\"Automatizzare la tua comunicazione tramite WhatsApp utilizzando Sendapp e Google Sheets \u00e8 possibile grazie a Pabbly, uno strumento...\" \/>\n<meta property=\"og:url\" content=\"https:\/\/sendapp.cloud\/de\/automatizzare-whatsapp-con-pabbly\/\" \/>\n<meta property=\"og:site_name\" content=\"SendApp\" \/>\n<meta name=\"twitter:card\" content=\"summary_large_image\" \/>\n<meta name=\"twitter:label1\" content=\"Gesch\u00e4tzte Lesezeit\" \/>\n\t<meta name=\"twitter:data1\" content=\"1\u00a0Minute\" \/>\n<script type=\"application\/ld+json\" class=\"yoast-schema-graph\">{\"@context\":\"https:\/\/schema.org\",\"@graph\":[{\"@type\":\"WebPage\",\"@id\":\"https:\/\/sendapp.cloud\/automatizzare-whatsapp-con-pabbly\/\",\"url\":\"https:\/\/sendapp.cloud\/automatizzare-whatsapp-con-pabbly\/\",\"name\":\"Automatizzare Whatsapp con Pabbly\",\"isPartOf\":{\"@id\":\"https:\/\/sendapp.cloud\/en\/#website\"},\"primaryImageOfPage\":{\"@id\":\"https:\/\/sendapp.cloud\/automatizzare-whatsapp-con-pabbly\/#primaryimage\"},\"image\":{\"@id\":\"https:\/\/sendapp.cloud\/automatizzare-whatsapp-con-pabbly\/#primaryimage\"},\"thumbnailUrl\":\"\",\"datePublished\":\"2024-09-23T08:23:39+00:00\",\"description\":\"Automatizzare la tua comunicazione tramite WhatsApp utilizzando Sendapp e Google Sheets \u00e8 possibile grazie a Pabbly, uno strumento...\",\"breadcrumb\":{\"@id\":\"https:\/\/sendapp.cloud\/automatizzare-whatsapp-con-pabbly\/#breadcrumb\"},\"inLanguage\":\"de\",\"potentialAction\":[{\"@type\":\"ReadAction\",\"target\":[\"https:\/\/sendapp.cloud\/automatizzare-whatsapp-con-pabbly\/\"]}]},{\"@type\":\"ImageObject\",\"inLanguage\":\"de\",\"@id\":\"https:\/\/sendapp.cloud\/automatizzare-whatsapp-con-pabbly\/#primaryimage\",\"url\":\"\",\"contentUrl\":\"\"},{\"@type\":\"BreadcrumbList\",\"@id\":\"https:\/\/sendapp.cloud\/automatizzare-whatsapp-con-pabbly\/#breadcrumb\",\"itemListElement\":[{\"@type\":\"ListItem\",\"position\":1,\"name\":\"Home\",\"item\":\"https:\/\/sendapp.cloud\/\"},{\"@type\":\"ListItem\",\"position\":2,\"name\":\"Automatizzare Whatsapp con Pabbly\"}]},{\"@type\":\"WebSite\",\"@id\":\"https:\/\/sendapp.cloud\/en\/#website\",\"url\":\"https:\/\/sendapp.cloud\/en\/\",\"name\":\"SendApp\",\"description\":\"Software Whatsapp Marketing\",\"publisher\":{\"@id\":\"https:\/\/sendapp.cloud\/en\/#organization\"},\"potentialAction\":[{\"@type\":\"SearchAction\",\"target\":{\"@type\":\"EntryPoint\",\"urlTemplate\":\"https:\/\/sendapp.cloud\/en\/?s={search_term_string}\"},\"query-input\":{\"@type\":\"PropertyValueSpecification\",\"valueRequired\":true,\"valueName\":\"search_term_string\"}}],\"inLanguage\":\"de\"},{\"@type\":\"Organization\",\"@id\":\"https:\/\/sendapp.cloud\/en\/#organization\",\"name\":\"SendApp\",\"url\":\"https:\/\/sendapp.cloud\/en\/\",\"logo\":{\"@type\":\"ImageObject\",\"inLanguage\":\"de\",\"@id\":\"https:\/\/sendapp.cloud\/en\/#\/schema\/logo\/image\/\",\"url\":\"https:\/\/sendapp.cloud\/wp-content\/uploads\/2024\/11\/Logo-bianco.png\",\"contentUrl\":\"https:\/\/sendapp.cloud\/wp-content\/uploads\/2024\/11\/Logo-bianco.png\",\"width\":145,\"height\":48,\"caption\":\"SendApp\"},\"image\":{\"@id\":\"https:\/\/sendapp.cloud\/en\/#\/schema\/logo\/image\/\"}}]}<\/script>\n<!-- \/ Yoast SEO plugin. -->","yoast_head_json":{"title":"Automatisieren Sie WhatsApp mit Pabbly","description":"Automatizzare la tua comunicazione tramite WhatsApp utilizzando Sendapp e Google Sheets \u00e8 possibile grazie a Pabbly, uno strumento...","robots":{"index":"index","follow":"follow","max-snippet":"max-snippet:-1","max-image-preview":"max-image-preview:large","max-video-preview":"max-video-preview:-1"},"canonical":"https:\/\/sendapp.cloud\/de\/automatizzare-whatsapp-con-pabbly\/","og_locale":"de_DE","og_type":"article","og_title":"Automatizzare Whatsapp con Pabbly","og_description":"Automatizzare la tua comunicazione tramite WhatsApp utilizzando Sendapp e Google Sheets \u00e8 possibile grazie a Pabbly, uno strumento...","og_url":"https:\/\/sendapp.cloud\/de\/automatizzare-whatsapp-con-pabbly\/","og_site_name":"SendApp","twitter_card":"summary_large_image","twitter_misc":{"Gesch\u00e4tzte Lesezeit":"1\u00a0Minute"},"schema":{"@context":"https:\/\/schema.org","@graph":[{"@type":"WebPage","@id":"https:\/\/sendapp.cloud\/automatizzare-whatsapp-con-pabbly\/","url":"https:\/\/sendapp.cloud\/automatizzare-whatsapp-con-pabbly\/","name":"Automatisieren Sie WhatsApp mit Pabbly","isPartOf":{"@id":"https:\/\/sendapp.cloud\/en\/#website"},"primaryImageOfPage":{"@id":"https:\/\/sendapp.cloud\/automatizzare-whatsapp-con-pabbly\/#primaryimage"},"image":{"@id":"https:\/\/sendapp.cloud\/automatizzare-whatsapp-con-pabbly\/#primaryimage"},"thumbnailUrl":"","datePublished":"2024-09-23T08:23:39+00:00","description":"Automatizzare la tua comunicazione tramite WhatsApp utilizzando Sendapp e Google Sheets \u00e8 possibile grazie a Pabbly, uno strumento...","breadcrumb":{"@id":"https:\/\/sendapp.cloud\/automatizzare-whatsapp-con-pabbly\/#breadcrumb"},"inLanguage":"de","potentialAction":[{"@type":"ReadAction","target":["https:\/\/sendapp.cloud\/automatizzare-whatsapp-con-pabbly\/"]}]},{"@type":"ImageObject","inLanguage":"de","@id":"https:\/\/sendapp.cloud\/automatizzare-whatsapp-con-pabbly\/#primaryimage","url":"","contentUrl":""},{"@type":"BreadcrumbList","@id":"https:\/\/sendapp.cloud\/automatizzare-whatsapp-con-pabbly\/#breadcrumb","itemListElement":[{"@type":"ListItem","position":1,"name":"Home","item":"https:\/\/sendapp.cloud\/"},{"@type":"ListItem","position":2,"name":"Automatizzare Whatsapp con Pabbly"}]},{"@type":"WebSite","@id":"https:\/\/sendapp.cloud\/en\/#website","url":"https:\/\/sendapp.cloud\/en\/","name":"SendApp","description":"WhatsApp-Marketing-Software","publisher":{"@id":"https:\/\/sendapp.cloud\/en\/#organization"},"potentialAction":[{"@type":"SearchAction","target":{"@type":"EntryPoint","urlTemplate":"https:\/\/sendapp.cloud\/en\/?s={search_term_string}"},"query-input":{"@type":"PropertyValueSpecification","valueRequired":true,"valueName":"search_term_string"}}],"inLanguage":"de"},{"@type":"Organization","@id":"https:\/\/sendapp.cloud\/en\/#organization","name":"SendApp","url":"https:\/\/sendapp.cloud\/en\/","logo":{"@type":"ImageObject","inLanguage":"de","@id":"https:\/\/sendapp.cloud\/en\/#\/schema\/logo\/image\/","url":"https:\/\/sendapp.cloud\/wp-content\/uploads\/2024\/11\/Logo-bianco.png","contentUrl":"https:\/\/sendapp.cloud\/wp-content\/uploads\/2024\/11\/Logo-bianco.png","width":145,"height":48,"caption":"SendApp"},"image":{"@id":"https:\/\/sendapp.cloud\/en\/#\/schema\/logo\/image\/"}}]}},"_links":{"self":[{"href":"https:\/\/sendapp.cloud\/de\/wp-json\/wp\/v2\/pages\/32237","targetHints":{"allow":["GET"]}}],"collection":[{"href":"https:\/\/sendapp.cloud\/de\/wp-json\/wp\/v2\/pages"}],"about":[{"href":"https:\/\/sendapp.cloud\/de\/wp-json\/wp\/v2\/types\/page"}],"author":[{"embeddable":true,"href":"https:\/\/sendapp.cloud\/de\/wp-json\/wp\/v2\/users\/1"}],"replies":[{"embeddable":true,"href":"https:\/\/sendapp.cloud\/de\/wp-json\/wp\/v2\/comments?post=32237"}],"version-history":[{"count":0,"href":"https:\/\/sendapp.cloud\/de\/wp-json\/wp\/v2\/pages\/32237\/revisions"}],"wp:featuredmedia":[{"embeddable":true,"href":"https:\/\/sendapp.cloud\/de\/wp-json\/"}],"wp:attachment":[{"href":"https:\/\/sendapp.cloud\/de\/wp-json\/wp\/v2\/media?parent=32237"}],"curies":[{"name":"wp","href":"https:\/\/api.w.org\/{rel}","templated":true}]}}