{"id":32206,"date":"2024-09-21T16:49:05","date_gmt":"2024-09-21T14:49:05","guid":{"rendered":"https:\/\/sendapp.live\/?page_id=32206"},"modified":"2024-09-21T16:49:05","modified_gmt":"2024-09-21T14:49:05","slug":"automatizzare-whatsapp-con-zapier","status":"publish","type":"page","link":"https:\/\/sendapp.cloud\/de\/automatizzare-whatsapp-con-zapier\/","title":{"rendered":"Automatisiere WhatsApp mit Zapier"},"content":{"rendered":"<h3><strong>Einf\u00fchrung<\/strong><\/h3>\n<p>Die Automatisierung von Prozessen ist unerl\u00e4sslich, um Zeit zu sparen und die Produktivit\u00e4t zu steigern. In diesem Leitfaden zeigen wir Ihnen, wie Sie <strong>Sendapp<\/strong>, unsere leistungsstarke WhatsApp-Marketing-Software, <strong>Google Tabellen<\/strong> mit <strong>Zapier<\/strong>Dadurch k\u00f6nnen Sie automatisch WhatsApp-Nachrichten senden, wenn Sie Ihrem Google Sheet neue Zeilen hinzuf\u00fcgen.<\/p>\n<h3><strong>Schritt 1: W\u00e4hlen Sie Ihren Sendapp-Plan<\/strong><\/h3>\n<p>Zuerst m\u00fcssen Sie den Plan ausw\u00e4hlen <strong>Sendapp<\/strong> das zu Ihnen passt. Sie k\u00f6nnen sich f\u00fcr eine <strong>Demoplan<\/strong> oder f\u00fcr einen <strong>gegen Geb\u00fchr<\/strong>Nachdem Sie Ihren Plan aktiviert haben, m\u00fcssen Sie Ihr WhatsApp-Konto verbinden.<\/p>\n<p>&nbsp;<\/p>\n<p><img loading=\"lazy\" decoding=\"async\" class=\"alignnone size-full wp-image-32184\" src=\"https:\/\/sendapp.live\/wp-content\/uploads\/2024\/09\/1-copia.png\" alt=\"\" width=\"3454\" height=\"1893\" \/><\/p>\n<h3><strong>Schritt 2: Verbinden Sie Ihr WhatsApp-Konto<\/strong><\/h3>\n<ol>\n<li>Melden Sie sich an bei <strong>Sendapp<\/strong> und gehen Sie zum Abschnitt <strong>Profil<\/strong>.<\/li>\n<li>Es wird ein angezeigt <strong>QR-Code<\/strong> die Sie mit Ihrem Telefon mit dem gew\u00fcnschten WhatsApp-Konto scannen m\u00fcssen.<\/li>\n<li>Sobald der Scan abgeschlossen ist, wird auf dem Bildschirm Folgendes angezeigt:<strong>Zugriffstoken<\/strong> und die<strong>Zugriffs-ID<\/strong>Diese Daten werden ben\u00f6tigt, um Ihr Sendapp-Konto zu verbinden mit <strong>Zapier<\/strong>.<\/li>\n<\/ol>\n<p>&nbsp;<\/p>\n<h3><strong><img loading=\"lazy\" decoding=\"async\" class=\"alignnone size-full wp-image-32185\" src=\"https:\/\/sendapp.live\/wp-content\/uploads\/2024\/09\/15-1.png\" alt=\"\" width=\"3453\" height=\"1913\" \/><\/strong><\/h3>\n<h3><\/h3>\n<h3><strong>Schritt 3: Erstellen Sie die CSV-Vorlage f\u00fcr Google Sheets<\/strong><\/h3>\n<p>Um das Senden von Nachrichten \u00fcber Google Sheets zu automatisieren, m\u00fcssen Sie eine <strong>CSV-Vorlage<\/strong>Diese Vorlage enth\u00e4lt die Informationen, die Sendapp zum Senden von WhatsApp-Nachrichten verwendet. Stellen Sie sicher, dass die CSV-Datei Spalten wie diese enth\u00e4lt:<\/p>\n<ul>\n<li><strong>Telefonnummer<\/strong><\/li>\n<li><strong>Name des Empf\u00e4ngers<\/strong><\/li>\n<li><strong>Personalisierte Nachricht<\/strong><\/li>\n<\/ul>\n<h3><strong><img loading=\"lazy\" decoding=\"async\" class=\"alignnone size-full wp-image-32186\" src=\"https:\/\/sendapp.live\/wp-content\/uploads\/2024\/09\/2-2.png\" alt=\"\" width=\"3453\" height=\"1914\" \/><\/strong><\/h3>\n<h3><strong>Schritt 4: Erstellen Sie einen neuen Zap in Zapier<\/strong><\/h3>\n<ol>\n<li>Melden Sie sich bei Ihrem Konto an <strong>Zapier<\/strong>.<\/li>\n<li>Klicken Sie auf <strong>\u201eMach einen Zap\u201c<\/strong>.<\/li>\n<li>Suchen Sie in der Suchleiste nach <strong>Google Tabellen<\/strong> und w\u00e4hlen Sie es als \u201eTrigger-App\u201c aus.<\/li>\n<li>W\u00e4hlen Sie den Ausl\u00f6ser <strong>\u201eNeue Tabellenzeile\u201c<\/strong>, das aktiviert wird, wenn Sie dem Blatt eine neue Zeile hinzuf\u00fcgen.<\/li>\n<\/ol>\n<h3><strong><img loading=\"lazy\" decoding=\"async\" class=\"alignnone size-full wp-image-32187\" src=\"https:\/\/sendapp.live\/wp-content\/uploads\/2024\/09\/3-1.png\" alt=\"\" width=\"3452\" height=\"1911\" \/><\/strong><\/h3>\n<h3><img loading=\"lazy\" decoding=\"async\" class=\"alignnone size-full wp-image-32188\" src=\"https:\/\/sendapp.live\/wp-content\/uploads\/2024\/09\/4-2.png\" alt=\"\" width=\"3446\" height=\"1908\" \/><\/h3>\n<h3><\/h3>\n<h3><strong><img loading=\"lazy\" decoding=\"async\" class=\"alignnone size-full wp-image-32189\" src=\"https:\/\/sendapp.live\/wp-content\/uploads\/2024\/09\/5-1.png\" alt=\"\" width=\"3449\" height=\"1921\" \/>Schritt 5: Richten Sie Ihr Google Sheet ein<\/strong><\/h3>\n<ol>\n<li>W\u00e4hlen Sie das Konto aus <strong>Google<\/strong> mit dem Sie Zapier verbinden m\u00f6chten.<\/li>\n<li>W\u00e4hlen Sie auf dem n\u00e4chsten Bildschirm die <strong>Kalkulationstabelle<\/strong> und die <strong>CSV-Vorlage<\/strong> die Sie vorbereitet haben.<\/li>\n<li>Testen Sie Ihre Verbindung, um sicherzustellen, dass Zapier ordnungsgem\u00e4\u00df auf Ihre Daten zugreifen kann.<\/li>\n<\/ol>\n<h3><strong><img loading=\"lazy\" decoding=\"async\" class=\"alignnone size-full wp-image-32190\" src=\"https:\/\/sendapp.live\/wp-content\/uploads\/2024\/09\/6.png\" alt=\"\" width=\"3449\" height=\"1916\" \/><\/strong><\/h3>\n<h3><strong><img loading=\"lazy\" decoding=\"async\" class=\"alignnone size-full wp-image-32191\" src=\"https:\/\/sendapp.live\/wp-content\/uploads\/2024\/09\/7-1.png\" alt=\"\" width=\"3448\" height=\"1910\" \/><\/strong><\/h3>\n<h3><img loading=\"lazy\" decoding=\"async\" class=\"alignnone size-full wp-image-32192\" src=\"https:\/\/sendapp.live\/wp-content\/uploads\/2024\/09\/8-1.png\" alt=\"\" width=\"3447\" height=\"1829\" \/><\/h3>\n<h3><strong><img loading=\"lazy\" decoding=\"async\" class=\"alignnone size-full wp-image-32194\" src=\"https:\/\/sendapp.live\/wp-content\/uploads\/2024\/09\/9-2.png\" alt=\"\" width=\"3449\" height=\"1918\" \/><\/strong><\/h3>\n<h3><img loading=\"lazy\" decoding=\"async\" class=\"alignnone size-full wp-image-32195\" src=\"https:\/\/sendapp.live\/wp-content\/uploads\/2024\/09\/10-1.png\" alt=\"\" width=\"3447\" height=\"1912\" \/><\/h3>\n<h3><strong>Schritt 6: Sendapp als Action-App hinzuf\u00fcgen<\/strong><\/h3>\n<ol>\n<li>Nachdem Sie den Trigger konfiguriert haben, klicken Sie auf <strong>\u201eAktion hinzuf\u00fcgen\u201c<\/strong> und suchen <strong>Sendapp<\/strong>.<\/li>\n<li>W\u00e4hlen Sie die Aktion <strong>\u201eSende eine WhatsApp-Nachricht\u201c<\/strong>.<\/li>\n<li>Geben Sie den<strong>Zugriffstoken<\/strong> und die<strong>Zugriffs-ID<\/strong> die Sie zuvor von Ihrem Sendapp-Konto erhalten haben.<\/li>\n<\/ol>\n<p><img loading=\"lazy\" decoding=\"async\" class=\"alignnone size-full wp-image-32196\" src=\"https:\/\/sendapp.live\/wp-content\/uploads\/2024\/09\/11-2.png\" alt=\"\" width=\"3450\" height=\"1920\" \/><\/p>\n<p><img loading=\"lazy\" decoding=\"async\" class=\"alignnone size-full wp-image-32197\" src=\"https:\/\/sendapp.live\/wp-content\/uploads\/2024\/09\/12-1.png\" alt=\"\" width=\"3446\" height=\"1925\" \/><\/p>\n<h3><strong><img loading=\"lazy\" decoding=\"async\" class=\"alignnone size-full wp-image-32198\" src=\"https:\/\/sendapp.live\/wp-content\/uploads\/2024\/09\/13-1.png\" alt=\"\" width=\"3448\" height=\"1916\" \/><\/strong><\/h3>\n<h3><img loading=\"lazy\" decoding=\"async\" class=\"alignnone size-full wp-image-32199\" src=\"https:\/\/sendapp.live\/wp-content\/uploads\/2024\/09\/14-1.png\" alt=\"\" width=\"3442\" height=\"1913\" \/><\/h3>\n<h3><img loading=\"lazy\" decoding=\"async\" class=\"alignnone size-full wp-image-32200\" src=\"https:\/\/sendapp.live\/wp-content\/uploads\/2024\/09\/15-2.png\" alt=\"\" width=\"3453\" height=\"1913\" \/><\/h3>\n<h3><\/h3>\n<h3><strong>Schritt 7: Konfigurieren Sie die Sendapp-Aktion<\/strong><\/h3>\n<ol>\n<li>Im Feld <strong>Telefonnummer<\/strong>W\u00e4hlen Sie die Option aus, die der Spalte \u201eTelefonnummer\u201c der CSV-Vorlage entspricht.<\/li>\n<li>Sie w\u00e4hlen <strong>Typ: Text<\/strong> um eine Textnachricht zu senden.<\/li>\n<li>Erstellen Sie eine benutzerdefinierte Nachricht mit Google Sheet-Daten. Sie k\u00f6nnen die voreingestellten Namen und Nachrichten in den Tabellenspalten verwenden.<\/li>\n<li>Klicken Sie auf <strong>Fortsetzung folgt<\/strong>.<\/li>\n<\/ol>\n<p><img loading=\"lazy\" decoding=\"async\" class=\"alignnone size-full wp-image-32201\" src=\"https:\/\/sendapp.live\/wp-content\/uploads\/2024\/09\/16.png\" alt=\"\" width=\"3450\" height=\"1926\" \/><\/p>\n<p>&nbsp;<\/p>\n<h3><strong>Schritt 8: F\u00fchren Sie den Test durch<\/strong><\/h3>\n<p>Bevor Sie den Zap aktivieren, testen Sie, ob die WhatsApp-Nachricht korrekt \u00fcber Sendapp gesendet wird. F\u00fcgen Sie dem Google Sheet eine neue Zeile hinzu und pr\u00fcfen Sie, ob die Nachricht mit den korrekten Daten gesendet wird.<\/p>\n<h3><strong><img loading=\"lazy\" decoding=\"async\" class=\"alignnone size-full wp-image-32202\" src=\"https:\/\/sendapp.live\/wp-content\/uploads\/2024\/09\/17.png\" alt=\"\" width=\"3448\" height=\"1904\" \/><\/strong><\/h3>\n<h3><strong>Schritt 9: Aktivieren Sie Ihren Zap<\/strong><\/h3>\n<p>Wenn alles wie erwartet funktioniert, klicken Sie auf <strong>\u201eZap einschalten\u201c<\/strong>Wenn Sie jetzt eine neue Zeile zu Ihrem Google Sheet hinzuf\u00fcgen, sendet Sendapp automatisch eine personalisierte WhatsApp-Nachricht an den Empf\u00e4nger.<\/p>\n<p>&nbsp;<\/p>\n<h3><strong><img loading=\"lazy\" decoding=\"async\" class=\"alignnone size-full wp-image-32203\" src=\"https:\/\/sendapp.live\/wp-content\/uploads\/2024\/09\/18.png\" alt=\"\" width=\"3446\" height=\"1915\" \/>Abschluss<\/strong><\/h3>\n<p>Verbinden <strong>Sendapp<\/strong> Zu <strong>Google Tabellen<\/strong> durch <strong>Zapier<\/strong> Es ist eine einfache und leistungsstarke M\u00f6glichkeit, Ihr WhatsApp-Marketing zu automatisieren. So k\u00f6nnen Sie ohne manuellen Aufwand Nachrichten an Ihre Kunden senden und so Effizienz und Kommunikation verbessern. Erstellen Sie noch heute Ihre erste Nachricht. <strong>Zap<\/strong> und entdecken Sie, wie diese Automatisierung Ihren Arbeitsablauf vereinfachen kann!<\/p>","protected":false},"excerpt":{"rendered":"<p>Introduzione Automatizzare i processi \u00e8 fondamentale per risparmiare tempo e aumentare la produttivit\u00e0. In questa guida ti mostreremo come collegare Sendapp, il nostro potente software di marketing su WhatsApp, a&#8230;<\/p>","protected":false},"author":1,"featured_media":32204,"parent":0,"menu_order":0,"comment_status":"closed","ping_status":"closed","template":"","meta":{"footnotes":""},"class_list":["post-32206","page","type-page","status-publish","has-post-thumbnail"],"yoast_head":"<!-- This site is optimized with the Yoast SEO plugin v27.4 - https:\/\/yoast.com\/product\/yoast-seo-wordpress\/ -->\n<title>Automatizzare Whatsapp con Zapier<\/title>\n<meta name=\"description\" content=\"Automatizzare i processi \u00e8 fondamentale per risparmiare tempo e aumentare la produttivit\u00e0. In questa guida ti mostreremo come collegare Sendapp, il nostro potente software di marketing su WhatsApp, a Google Sheets utilizzando Zapier\" \/>\n<meta name=\"robots\" content=\"index, follow, max-snippet:-1, max-image-preview:large, max-video-preview:-1\" \/>\n<link rel=\"canonical\" href=\"https:\/\/sendapp.cloud\/de\/automatizzare-whatsapp-con-zapier\/\" \/>\n<meta property=\"og:locale\" content=\"de_DE\" \/>\n<meta property=\"og:type\" content=\"article\" \/>\n<meta property=\"og:title\" content=\"Automatizzare Whatsapp con Zapier\" \/>\n<meta property=\"og:description\" content=\"Automatizzare i processi \u00e8 fondamentale per risparmiare tempo e aumentare la produttivit\u00e0. In questa guida ti mostreremo come collegare Sendapp, il nostro potente software di marketing su WhatsApp, a Google Sheets utilizzando Zapier\" \/>\n<meta property=\"og:url\" content=\"https:\/\/sendapp.cloud\/de\/automatizzare-whatsapp-con-zapier\/\" \/>\n<meta property=\"og:site_name\" content=\"SendApp\" \/>\n<meta name=\"twitter:card\" content=\"summary_large_image\" \/>\n<meta name=\"twitter:label1\" content=\"Gesch\u00e4tzte Lesezeit\" \/>\n\t<meta name=\"twitter:data1\" content=\"1\u00a0Minute\" \/>\n<script type=\"application\/ld+json\" class=\"yoast-schema-graph\">{\"@context\":\"https:\\\/\\\/schema.org\",\"@graph\":[{\"@type\":\"WebPage\",\"@id\":\"https:\\\/\\\/sendapp.cloud\\\/automatizzare-whatsapp-con-zapier\\\/\",\"url\":\"https:\\\/\\\/sendapp.cloud\\\/automatizzare-whatsapp-con-zapier\\\/\",\"name\":\"Automatizzare Whatsapp con Zapier\",\"isPartOf\":{\"@id\":\"https:\\\/\\\/sendapp.cloud\\\/en\\\/#website\"},\"primaryImageOfPage\":{\"@id\":\"https:\\\/\\\/sendapp.cloud\\\/automatizzare-whatsapp-con-zapier\\\/#primaryimage\"},\"image\":{\"@id\":\"https:\\\/\\\/sendapp.cloud\\\/automatizzare-whatsapp-con-zapier\\\/#primaryimage\"},\"thumbnailUrl\":\"\",\"datePublished\":\"2024-09-21T14:49:05+00:00\",\"description\":\"Automatizzare i processi \u00e8 fondamentale per risparmiare tempo e aumentare la produttivit\u00e0. In questa guida ti mostreremo come collegare Sendapp, il nostro potente software di marketing su WhatsApp, a Google Sheets utilizzando Zapier\",\"breadcrumb\":{\"@id\":\"https:\\\/\\\/sendapp.cloud\\\/automatizzare-whatsapp-con-zapier\\\/#breadcrumb\"},\"inLanguage\":\"de\",\"potentialAction\":[{\"@type\":\"ReadAction\",\"target\":[\"https:\\\/\\\/sendapp.cloud\\\/automatizzare-whatsapp-con-zapier\\\/\"]}]},{\"@type\":\"ImageObject\",\"inLanguage\":\"de\",\"@id\":\"https:\\\/\\\/sendapp.cloud\\\/automatizzare-whatsapp-con-zapier\\\/#primaryimage\",\"url\":\"\",\"contentUrl\":\"\"},{\"@type\":\"BreadcrumbList\",\"@id\":\"https:\\\/\\\/sendapp.cloud\\\/automatizzare-whatsapp-con-zapier\\\/#breadcrumb\",\"itemListElement\":[{\"@type\":\"ListItem\",\"position\":1,\"name\":\"Home\",\"item\":\"https:\\\/\\\/sendapp.cloud\\\/\"},{\"@type\":\"ListItem\",\"position\":2,\"name\":\"Automatizzare Whatsapp con Zapier\"}]},{\"@type\":\"WebSite\",\"@id\":\"https:\\\/\\\/sendapp.cloud\\\/en\\\/#website\",\"url\":\"https:\\\/\\\/sendapp.cloud\\\/en\\\/\",\"name\":\"SendApp\",\"description\":\"Software Whatsapp Marketing\",\"publisher\":{\"@id\":\"https:\\\/\\\/sendapp.cloud\\\/en\\\/#organization\"},\"potentialAction\":[{\"@type\":\"SearchAction\",\"target\":{\"@type\":\"EntryPoint\",\"urlTemplate\":\"https:\\\/\\\/sendapp.cloud\\\/en\\\/?s={search_term_string}\"},\"query-input\":{\"@type\":\"PropertyValueSpecification\",\"valueRequired\":true,\"valueName\":\"search_term_string\"}}],\"inLanguage\":\"de\"},{\"@type\":\"Organization\",\"@id\":\"https:\\\/\\\/sendapp.cloud\\\/en\\\/#organization\",\"name\":\"SendApp\",\"url\":\"https:\\\/\\\/sendapp.cloud\\\/en\\\/\",\"logo\":{\"@type\":\"ImageObject\",\"inLanguage\":\"de\",\"@id\":\"https:\\\/\\\/sendapp.cloud\\\/en\\\/#\\\/schema\\\/logo\\\/image\\\/\",\"url\":\"https:\\\/\\\/sendapp.cloud\\\/wp-content\\\/uploads\\\/2024\\\/11\\\/Logo-bianco.png\",\"contentUrl\":\"https:\\\/\\\/sendapp.cloud\\\/wp-content\\\/uploads\\\/2024\\\/11\\\/Logo-bianco.png\",\"width\":145,\"height\":48,\"caption\":\"SendApp\"},\"image\":{\"@id\":\"https:\\\/\\\/sendapp.cloud\\\/en\\\/#\\\/schema\\\/logo\\\/image\\\/\"}}]}<\/script>\n<!-- \/ Yoast SEO plugin. -->","yoast_head_json":{"title":"Automatisiere WhatsApp mit Zapier","description":"Automatizzare i processi \u00e8 fondamentale per risparmiare tempo e aumentare la produttivit\u00e0. In questa guida ti mostreremo come collegare Sendapp, il nostro potente software di marketing su WhatsApp, a Google Sheets utilizzando Zapier","robots":{"index":"index","follow":"follow","max-snippet":"max-snippet:-1","max-image-preview":"max-image-preview:large","max-video-preview":"max-video-preview:-1"},"canonical":"https:\/\/sendapp.cloud\/de\/automatizzare-whatsapp-con-zapier\/","og_locale":"de_DE","og_type":"article","og_title":"Automatizzare Whatsapp con Zapier","og_description":"Automatizzare i processi \u00e8 fondamentale per risparmiare tempo e aumentare la produttivit\u00e0. In questa guida ti mostreremo come collegare Sendapp, il nostro potente software di marketing su WhatsApp, a Google Sheets utilizzando Zapier","og_url":"https:\/\/sendapp.cloud\/de\/automatizzare-whatsapp-con-zapier\/","og_site_name":"SendApp","twitter_card":"summary_large_image","twitter_misc":{"Gesch\u00e4tzte Lesezeit":"1\u00a0Minute"},"schema":{"@context":"https:\/\/schema.org","@graph":[{"@type":"WebPage","@id":"https:\/\/sendapp.cloud\/automatizzare-whatsapp-con-zapier\/","url":"https:\/\/sendapp.cloud\/automatizzare-whatsapp-con-zapier\/","name":"Automatisiere WhatsApp mit Zapier","isPartOf":{"@id":"https:\/\/sendapp.cloud\/en\/#website"},"primaryImageOfPage":{"@id":"https:\/\/sendapp.cloud\/automatizzare-whatsapp-con-zapier\/#primaryimage"},"image":{"@id":"https:\/\/sendapp.cloud\/automatizzare-whatsapp-con-zapier\/#primaryimage"},"thumbnailUrl":"","datePublished":"2024-09-21T14:49:05+00:00","description":"Automatizzare i processi \u00e8 fondamentale per risparmiare tempo e aumentare la produttivit\u00e0. In questa guida ti mostreremo come collegare Sendapp, il nostro potente software di marketing su WhatsApp, a Google Sheets utilizzando Zapier","breadcrumb":{"@id":"https:\/\/sendapp.cloud\/automatizzare-whatsapp-con-zapier\/#breadcrumb"},"inLanguage":"de","potentialAction":[{"@type":"ReadAction","target":["https:\/\/sendapp.cloud\/automatizzare-whatsapp-con-zapier\/"]}]},{"@type":"ImageObject","inLanguage":"de","@id":"https:\/\/sendapp.cloud\/automatizzare-whatsapp-con-zapier\/#primaryimage","url":"","contentUrl":""},{"@type":"BreadcrumbList","@id":"https:\/\/sendapp.cloud\/automatizzare-whatsapp-con-zapier\/#breadcrumb","itemListElement":[{"@type":"ListItem","position":1,"name":"Home","item":"https:\/\/sendapp.cloud\/"},{"@type":"ListItem","position":2,"name":"Automatizzare Whatsapp con Zapier"}]},{"@type":"WebSite","@id":"https:\/\/sendapp.cloud\/en\/#website","url":"https:\/\/sendapp.cloud\/en\/","name":"SendApp","description":"WhatsApp-Marketing-Software","publisher":{"@id":"https:\/\/sendapp.cloud\/en\/#organization"},"potentialAction":[{"@type":"SearchAction","target":{"@type":"EntryPoint","urlTemplate":"https:\/\/sendapp.cloud\/en\/?s={search_term_string}"},"query-input":{"@type":"PropertyValueSpecification","valueRequired":true,"valueName":"search_term_string"}}],"inLanguage":"de"},{"@type":"Organization","@id":"https:\/\/sendapp.cloud\/en\/#organization","name":"SendApp","url":"https:\/\/sendapp.cloud\/en\/","logo":{"@type":"ImageObject","inLanguage":"de","@id":"https:\/\/sendapp.cloud\/en\/#\/schema\/logo\/image\/","url":"https:\/\/sendapp.cloud\/wp-content\/uploads\/2024\/11\/Logo-bianco.png","contentUrl":"https:\/\/sendapp.cloud\/wp-content\/uploads\/2024\/11\/Logo-bianco.png","width":145,"height":48,"caption":"SendApp"},"image":{"@id":"https:\/\/sendapp.cloud\/en\/#\/schema\/logo\/image\/"}}]}},"_links":{"self":[{"href":"https:\/\/sendapp.cloud\/de\/wp-json\/wp\/v2\/pages\/32206","targetHints":{"allow":["GET"]}}],"collection":[{"href":"https:\/\/sendapp.cloud\/de\/wp-json\/wp\/v2\/pages"}],"about":[{"href":"https:\/\/sendapp.cloud\/de\/wp-json\/wp\/v2\/types\/page"}],"author":[{"embeddable":true,"href":"https:\/\/sendapp.cloud\/de\/wp-json\/wp\/v2\/users\/1"}],"replies":[{"embeddable":true,"href":"https:\/\/sendapp.cloud\/de\/wp-json\/wp\/v2\/comments?post=32206"}],"version-history":[{"count":0,"href":"https:\/\/sendapp.cloud\/de\/wp-json\/wp\/v2\/pages\/32206\/revisions"}],"wp:featuredmedia":[{"embeddable":true,"href":"https:\/\/sendapp.cloud\/de\/wp-json\/"}],"wp:attachment":[{"href":"https:\/\/sendapp.cloud\/de\/wp-json\/wp\/v2\/media?parent=32206"}],"curies":[{"name":"wp","href":"https:\/\/api.w.org\/{rel}","templated":true}]}}