{"id":32180,"date":"2024-09-21T16:13:20","date_gmt":"2024-09-21T14:13:20","guid":{"rendered":"https:\/\/sendapp.live\/?page_id=32180"},"modified":"2024-09-21T16:13:20","modified_gmt":"2024-09-21T14:13:20","slug":"automatizzare-whatsapp-con-make","status":"publish","type":"page","link":"https:\/\/sendapp.cloud\/de\/automatizzare-whatsapp-con-make\/","title":{"rendered":"Automatisieren Sie WhatsApp mit Make"},"content":{"rendered":"<ol>\n<li class=\"p1\"><b>Einf\u00fchrung<\/b><\/li>\n<\/ol>\n<p class=\"p2\">Automatisieren Sie den WhatsApp-Nachrichtenversand \u00fcber <b>Sendapp<\/b> Und <b>Google Tabellen<\/b> mit <b>Machen<\/b> (ehemals Integromat) erm\u00f6glicht Ihnen die effiziente Verwaltung Ihrer Kommunikation. In diesem Leitfaden zeigen wir Ihnen, wie Sie eine Integration zwischen <b>Sendapp<\/b> Und <b>Google Tabellen<\/b> um WhatsApp-Nachrichten zu senden, wenn der Tabelle neue Daten hinzugef\u00fcgt werden.<\/p>\n<h3 class=\"p1\"><b>Schritt 1: Was Sie brauchen<\/b><\/h3>\n<p class=\"p2\">Bevor Sie beginnen, stellen Sie sicher, dass Sie \u00fcber Folgendes verf\u00fcgen:<\/p>\n<ul class=\"ul1\">\n<li class=\"li2\">Ein Konto <a href=\"https:\/\/sendapp.cloud\/de\/\" target=\"_blank\" rel=\"noopener\"><b>Sendapp Cloud <\/b><\/a>aktiv.<\/li>\n<\/ul>\n<p>&nbsp;<\/p>\n<p><img loading=\"lazy\" decoding=\"async\" class=\"alignnone size-full wp-image-32153\" src=\"https:\/\/sendapp.live\/wp-content\/uploads\/2024\/09\/1.png\" alt=\"\" width=\"3454\" height=\"1893\" \/><\/p>\n<p>&nbsp;<\/p>\n<ul class=\"ul1\">\n<li class=\"li2\">Ein Konto <b><a href=\"https:\/\/www.make.com\/en\/login?_gl=1*z9hvru*_gcl_aw*R0NMLjE3MjY0Nzk2MTAuQ2owS0NRandycC0zQmhEZ0FSSXNBRVdKNlN4WHF0Z2xXN0pELVBqbFcxbEZuNks2ZjZfMW05ZThneXZxSzVtc1l6NjNoenBGYXlHamxlSWFBZ21rRUFMd193Y0I.*_gcl_au*MjExNDIwNTY3Mi4xNzI2NDc5NjA2*_ga*MTgxMTIwMjMyMC4xNzI2NDc5NjA0*_ga_MY0CJTCDSF*MTcyNjgzOTYwMC4xMS4wLjE3MjY4Mzk2MDAuNjAuMC4w\" target=\"_blank\" rel=\"noopener\">Machen<\/a>:\u00a0<\/b><\/li>\n<\/ul>\n<p>&nbsp;<\/p>\n<p><img loading=\"lazy\" decoding=\"async\" class=\"alignnone size-full wp-image-32155\" src=\"https:\/\/sendapp.live\/wp-content\/uploads\/2024\/09\/2-1.png\" alt=\"\" width=\"3455\" height=\"1913\" \/><\/p>\n<p>&nbsp;<\/p>\n<ul class=\"ul1\">\n<li class=\"li2\">Zugang zu <b>Google Tabellen<\/b> und ein <b>CSV-Vorlage<\/b> Halten Sie die Informationen bereit, die Sie verwenden m\u00f6chten (z. B. Telefonnummern und Nachrichten).<\/li>\n<\/ul>\n<p>&nbsp;<\/p>\n<p><img loading=\"lazy\" decoding=\"async\" class=\"alignnone size-full wp-image-32156\" src=\"https:\/\/sendapp.live\/wp-content\/uploads\/2024\/09\/3.png\" alt=\"\" width=\"3453\" height=\"1914\" \/><\/p>\n<p>&nbsp;<\/p>\n<h3 class=\"p1\"><b>Schritt 2: Erstellen Sie ein neues Szenario in Make<\/b><\/h3>\n<ul>\n<li>Melden Sie sich bei Ihrem Konto an <b>Machen<\/b> und klicken Sie auf <b>Erstellen eines neuen Szenarios<\/b>.<\/li>\n<\/ul>\n<p>&nbsp;<\/p>\n<p><img loading=\"lazy\" decoding=\"async\" class=\"alignnone size-full wp-image-32157\" src=\"https:\/\/sendapp.live\/wp-content\/uploads\/2024\/09\/4-1.png\" alt=\"\" width=\"3454\" height=\"1913\" \/><\/p>\n<ul>\n<li>Klicken Sie auf das Symbol <b>\u201c+\u201d<\/b> um das erste Modul hinzuzuf\u00fcgen.<\/li>\n<\/ul>\n<p>&nbsp;<\/p>\n<p>&nbsp;<\/p>\n<p><img loading=\"lazy\" decoding=\"async\" class=\"alignnone size-full wp-image-32158\" src=\"https:\/\/sendapp.live\/wp-content\/uploads\/2024\/09\/7.png\" alt=\"\" width=\"3455\" height=\"1911\" \/><\/p>\n<ul>\n<li>Suchen und ausw\u00e4hlen <b>Google Tabellen<\/b>.<\/li>\n<\/ul>\n<p>&nbsp;<\/p>\n<ul>\n<li>W\u00e4hlen Sie in der Konfiguration <b>Laufwerk: myDrive<\/b>.<\/li>\n<\/ul>\n<p><img loading=\"lazy\" decoding=\"async\" class=\"alignnone size-full wp-image-32159\" src=\"https:\/\/sendapp.live\/wp-content\/uploads\/2024\/09\/9.png\" alt=\"\" width=\"3453\" height=\"1918\" \/><\/p>\n<ul class=\"ol1\">\n<li class=\"li2\">Im Feld <b>Tabellen-ID<\/b>w\u00e4hlen Sie die <b>CSV-Vorlage<\/b> die Sie im Voraus vorbereitet haben.<\/li>\n<\/ul>\n<p><img loading=\"lazy\" decoding=\"async\" class=\"alignnone size-full wp-image-32160\" src=\"https:\/\/sendapp.live\/wp-content\/uploads\/2024\/09\/8.png\" alt=\"\" width=\"3451\" height=\"1918\" \/><\/p>\n<ul class=\"ol1\">\n<li class=\"li2\">W\u00e4hlen Sie die <b>Blattname<\/b> (Blattname), der die zu verwendenden Daten enth\u00e4lt.<\/li>\n<\/ul>\n<p>&nbsp;<\/p>\n<ul class=\"ol1\">\n<li class=\"li2\">Fahren Sie mit der Einrichtung der n\u00e4chsten Module fort.<\/li>\n<\/ul>\n<h3 class=\"p1\"><b>Schritt 3: Sendapp als zweites Modul hinzuf\u00fcgen<\/b><\/h3>\n<ul class=\"ol1\">\n<li class=\"li2\">Klicken Sie auf das Symbol <b>\u201c+\u201d<\/b> um das zweite Modul hinzuzuf\u00fcgen.<\/li>\n<\/ul>\n<p>&nbsp;<\/p>\n<p><img loading=\"lazy\" decoding=\"async\" class=\"alignnone size-full wp-image-32161\" src=\"https:\/\/sendapp.live\/wp-content\/uploads\/2024\/09\/10.png\" alt=\"\" width=\"3455\" height=\"1913\" \/><\/p>\n<ul class=\"ol1\">\n<li class=\"li2\">Suchen und ausw\u00e4hlen <b>Sendapp<\/b> als App zum Verbinden.<\/li>\n<\/ul>\n<p>&nbsp;<\/p>\n<p><img loading=\"lazy\" decoding=\"async\" class=\"alignnone size-full wp-image-32163\" src=\"https:\/\/sendapp.live\/wp-content\/uploads\/2024\/09\/11-1.png\" alt=\"\" width=\"3453\" height=\"1915\" \/><\/p>\n<ul>\n<li>Klicken Sie auf <b>Hinzuf\u00fcgen<\/b> um Ihr Sendapp-Konto zu verbinden.<\/li>\n<\/ul>\n<ul class=\"ol1\">\n<li class=\"li2\">Geben Sie den<b>Zugriffstoken<\/b> und die<b>Instanz-ID<\/b>, die Sie aus Ihrem Sendapp-Profil erhalten, indem Sie das <b>QR-Code<\/b> mit der WhatsApp-App.<\/li>\n<\/ul>\n<h3 class=\"p1\"><b><img loading=\"lazy\" decoding=\"async\" class=\"alignnone size-full wp-image-32164\" src=\"https:\/\/sendapp.live\/wp-content\/uploads\/2024\/09\/12.png\" alt=\"\" width=\"3449\" height=\"1909\" \/>Schritt 4: Sendapp-Felder konfigurieren<\/b><\/h3>\n<ul class=\"ol1\">\n<li class=\"li2\">Sobald Sie Sendapp verbunden haben, im Feld <b>Telefonnummer<\/b>, w\u00e4hlen Sie die Telefonnummer aus der Spalte der CSV-Vorlage mit den Telefonnummern aus.<\/li>\n<li class=\"li2\">Im Feld <b>Nachrichtentyp<\/b>, w\u00e4hlen <b>Text<\/b>.<\/li>\n<li class=\"li2\">Im Feld <b>Nachricht<\/b>Erstellen Sie eine personalisierte Nachricht mit den Daten aus Ihrem Google Sheet. Sie k\u00f6nnen beispielsweise die Namen der Empf\u00e4nger und andere spezifische Informationen aus dem Sheet einf\u00fcgen.<\/li>\n<\/ul>\n<p><img loading=\"lazy\" decoding=\"async\" class=\"alignnone size-full wp-image-32165\" src=\"https:\/\/sendapp.live\/wp-content\/uploads\/2024\/09\/13.png\" alt=\"\" width=\"3451\" height=\"1911\" \/><\/p>\n<h3 class=\"p1\"><b>Schritt 5: F\u00fchren Sie den Test durch<\/b><\/h3>\n<ol class=\"ol1\">\n<li class=\"li2\">Nachdem Sie alles konfiguriert haben, klicken Sie auf <b>OK<\/b> , um das Szenario zu speichern.<\/li>\n<li class=\"li2\">F\u00fchren Sie einen <b>pr\u00fcfen<\/b> Um zu \u00fcberpr\u00fcfen, ob alles richtig funktioniert, f\u00fcgen Sie dem Google Sheet eine neue Zeile hinzu und \u00fcberpr\u00fcfen Sie, ob die Nachricht korrekt \u00fcber Sendapp gesendet wird.<\/li>\n<\/ol>\n<p>&nbsp;<\/p>\n<h3 class=\"p1\"><b><img loading=\"lazy\" decoding=\"async\" class=\"alignnone size-full wp-image-32166\" src=\"https:\/\/sendapp.live\/wp-content\/uploads\/2024\/09\/14.png\" alt=\"\" width=\"3455\" height=\"1907\" \/><\/b><\/h3>\n<h3><\/h3>\n<h3 class=\"p1\"><b>Schritt 6: Ver\u00f6ffentlichen Sie das Szenario<\/b><\/h3>\n<ul class=\"ol1\">\n<li class=\"li2\">Sobald der Test erfolgreich ist, klicken Sie auf <b>\u00d6ffentlich<\/b> um das Szenario zu aktivieren.<\/li>\n<li class=\"li2\">Von nun an sendet Sendapp jedes Mal, wenn Sie Ihrem Google Sheet eine neue Zeile hinzuf\u00fcgen, automatisch eine personalisierte WhatsApp-Nachricht an die entsprechende Telefonnummer.<\/li>\n<\/ul>\n<p>&nbsp;<\/p>\n<p><img loading=\"lazy\" decoding=\"async\" class=\"alignnone size-full wp-image-32167\" src=\"https:\/\/sendapp.live\/wp-content\/uploads\/2024\/09\/15.png\" alt=\"\" width=\"3453\" height=\"1910\" \/><\/p>\n<h4 class=\"p1\"><b>Abschluss<\/b><\/h4>\n<p class=\"p2\">Verbinden <b>Sendapp<\/b> Zu <b>Google Tabellen<\/b> durch <b>Machen<\/b> Mit diesem einfachen und leistungsstarken Prozess k\u00f6nnen Sie Ihre WhatsApp-Kommunikation automatisieren. So versenden Sie m\u00fchelos personalisierte Nachrichten, steigern die Effizienz und sparen Zeit. Testen Sie diese Integration noch heute und \u00fcberzeugen Sie sich selbst, wie sie Ihre t\u00e4gliche Arbeit vereinfacht.<\/p>","protected":false},"excerpt":{"rendered":"<p>Einleitung: Die Automatisierung des WhatsApp-Nachrichtenversands \u00fcber Sendapp und Google Sheets mithilfe von Make (ehemals Integromat) erm\u00f6glicht Ihnen ein effizientes Kommunikationsmanagement. In diesem Artikel\u2026<\/p>","protected":false},"author":1,"featured_media":32178,"parent":0,"menu_order":0,"comment_status":"closed","ping_status":"closed","template":"","meta":{"footnotes":""},"class_list":["post-32180","page","type-page","status-publish","has-post-thumbnail"],"yoast_head":"<!-- This site is optimized with the Yoast SEO plugin v26.8 - https:\/\/yoast.com\/product\/yoast-seo-wordpress\/ -->\n<title>Automatizzare Whatsapp con Make<\/title>\n<meta name=\"description\" content=\"Automatizzare i processi di invio di messaggi WhatsApp tramite Sendapp e Google Sheets utilizzando Make (ex Integromat)...\" \/>\n<meta name=\"robots\" content=\"index, follow, max-snippet:-1, max-image-preview:large, max-video-preview:-1\" \/>\n<link rel=\"canonical\" href=\"https:\/\/sendapp.cloud\/de\/automatizzare-whatsapp-con-make\/\" \/>\n<meta property=\"og:locale\" content=\"de_DE\" \/>\n<meta property=\"og:type\" content=\"article\" \/>\n<meta property=\"og:title\" content=\"Automatizzare Whatsapp con Make\" \/>\n<meta property=\"og:description\" content=\"Automatizzare i processi di invio di messaggi WhatsApp tramite Sendapp e Google Sheets utilizzando Make (ex Integromat)...\" \/>\n<meta property=\"og:url\" content=\"https:\/\/sendapp.cloud\/de\/automatizzare-whatsapp-con-make\/\" \/>\n<meta property=\"og:site_name\" content=\"SendApp\" \/>\n<meta name=\"twitter:card\" content=\"summary_large_image\" \/>\n<meta name=\"twitter:label1\" content=\"Gesch\u00e4tzte Lesezeit\" \/>\n\t<meta name=\"twitter:data1\" content=\"1\u00a0Minute\" \/>\n<script type=\"application\/ld+json\" class=\"yoast-schema-graph\">{\"@context\":\"https:\/\/schema.org\",\"@graph\":[{\"@type\":\"WebPage\",\"@id\":\"https:\/\/sendapp.cloud\/automatizzare-whatsapp-con-make\/\",\"url\":\"https:\/\/sendapp.cloud\/automatizzare-whatsapp-con-make\/\",\"name\":\"Automatizzare Whatsapp con Make\",\"isPartOf\":{\"@id\":\"https:\/\/sendapp.cloud\/en\/#website\"},\"primaryImageOfPage\":{\"@id\":\"https:\/\/sendapp.cloud\/automatizzare-whatsapp-con-make\/#primaryimage\"},\"image\":{\"@id\":\"https:\/\/sendapp.cloud\/automatizzare-whatsapp-con-make\/#primaryimage\"},\"thumbnailUrl\":\"\",\"datePublished\":\"2024-09-21T14:13:20+00:00\",\"description\":\"Automatizzare i processi di invio di messaggi WhatsApp tramite Sendapp e Google Sheets utilizzando Make (ex Integromat)...\",\"breadcrumb\":{\"@id\":\"https:\/\/sendapp.cloud\/automatizzare-whatsapp-con-make\/#breadcrumb\"},\"inLanguage\":\"de\",\"potentialAction\":[{\"@type\":\"ReadAction\",\"target\":[\"https:\/\/sendapp.cloud\/automatizzare-whatsapp-con-make\/\"]}]},{\"@type\":\"ImageObject\",\"inLanguage\":\"de\",\"@id\":\"https:\/\/sendapp.cloud\/automatizzare-whatsapp-con-make\/#primaryimage\",\"url\":\"\",\"contentUrl\":\"\"},{\"@type\":\"BreadcrumbList\",\"@id\":\"https:\/\/sendapp.cloud\/automatizzare-whatsapp-con-make\/#breadcrumb\",\"itemListElement\":[{\"@type\":\"ListItem\",\"position\":1,\"name\":\"Home\",\"item\":\"https:\/\/sendapp.cloud\/\"},{\"@type\":\"ListItem\",\"position\":2,\"name\":\"Automatizzare Whatsapp con Make\"}]},{\"@type\":\"WebSite\",\"@id\":\"https:\/\/sendapp.cloud\/en\/#website\",\"url\":\"https:\/\/sendapp.cloud\/en\/\",\"name\":\"SendApp\",\"description\":\"Software Whatsapp Marketing\",\"publisher\":{\"@id\":\"https:\/\/sendapp.cloud\/en\/#organization\"},\"potentialAction\":[{\"@type\":\"SearchAction\",\"target\":{\"@type\":\"EntryPoint\",\"urlTemplate\":\"https:\/\/sendapp.cloud\/en\/?s={search_term_string}\"},\"query-input\":{\"@type\":\"PropertyValueSpecification\",\"valueRequired\":true,\"valueName\":\"search_term_string\"}}],\"inLanguage\":\"de\"},{\"@type\":\"Organization\",\"@id\":\"https:\/\/sendapp.cloud\/en\/#organization\",\"name\":\"SendApp\",\"url\":\"https:\/\/sendapp.cloud\/en\/\",\"logo\":{\"@type\":\"ImageObject\",\"inLanguage\":\"de\",\"@id\":\"https:\/\/sendapp.cloud\/en\/#\/schema\/logo\/image\/\",\"url\":\"https:\/\/sendapp.cloud\/wp-content\/uploads\/2024\/11\/Logo-bianco.png\",\"contentUrl\":\"https:\/\/sendapp.cloud\/wp-content\/uploads\/2024\/11\/Logo-bianco.png\",\"width\":145,\"height\":48,\"caption\":\"SendApp\"},\"image\":{\"@id\":\"https:\/\/sendapp.cloud\/en\/#\/schema\/logo\/image\/\"}}]}<\/script>\n<!-- \/ Yoast SEO plugin. -->","yoast_head_json":{"title":"Automatisieren Sie WhatsApp mit Make","description":"Automatisieren Sie den WhatsApp-Nachrichtenversand \u00fcber Sendapp und Google Sheets mit Make (ehemals Integromat)...","robots":{"index":"index","follow":"follow","max-snippet":"max-snippet:-1","max-image-preview":"max-image-preview:large","max-video-preview":"max-video-preview:-1"},"canonical":"https:\/\/sendapp.cloud\/de\/automatizzare-whatsapp-con-make\/","og_locale":"de_DE","og_type":"article","og_title":"Automatizzare Whatsapp con Make","og_description":"Automatizzare i processi di invio di messaggi WhatsApp tramite Sendapp e Google Sheets utilizzando Make (ex Integromat)...","og_url":"https:\/\/sendapp.cloud\/de\/automatizzare-whatsapp-con-make\/","og_site_name":"SendApp","twitter_card":"summary_large_image","twitter_misc":{"Gesch\u00e4tzte Lesezeit":"1\u00a0Minute"},"schema":{"@context":"https:\/\/schema.org","@graph":[{"@type":"WebPage","@id":"https:\/\/sendapp.cloud\/automatizzare-whatsapp-con-make\/","url":"https:\/\/sendapp.cloud\/automatizzare-whatsapp-con-make\/","name":"Automatisieren Sie WhatsApp mit Make","isPartOf":{"@id":"https:\/\/sendapp.cloud\/en\/#website"},"primaryImageOfPage":{"@id":"https:\/\/sendapp.cloud\/automatizzare-whatsapp-con-make\/#primaryimage"},"image":{"@id":"https:\/\/sendapp.cloud\/automatizzare-whatsapp-con-make\/#primaryimage"},"thumbnailUrl":"","datePublished":"2024-09-21T14:13:20+00:00","description":"Automatisieren Sie den WhatsApp-Nachrichtenversand \u00fcber Sendapp und Google Sheets mit Make (ehemals Integromat)...","breadcrumb":{"@id":"https:\/\/sendapp.cloud\/automatizzare-whatsapp-con-make\/#breadcrumb"},"inLanguage":"de","potentialAction":[{"@type":"ReadAction","target":["https:\/\/sendapp.cloud\/automatizzare-whatsapp-con-make\/"]}]},{"@type":"ImageObject","inLanguage":"de","@id":"https:\/\/sendapp.cloud\/automatizzare-whatsapp-con-make\/#primaryimage","url":"","contentUrl":""},{"@type":"BreadcrumbList","@id":"https:\/\/sendapp.cloud\/automatizzare-whatsapp-con-make\/#breadcrumb","itemListElement":[{"@type":"ListItem","position":1,"name":"Home","item":"https:\/\/sendapp.cloud\/"},{"@type":"ListItem","position":2,"name":"Automatizzare Whatsapp con Make"}]},{"@type":"WebSite","@id":"https:\/\/sendapp.cloud\/en\/#website","url":"https:\/\/sendapp.cloud\/en\/","name":"SendApp","description":"WhatsApp-Marketing-Software","publisher":{"@id":"https:\/\/sendapp.cloud\/en\/#organization"},"potentialAction":[{"@type":"SearchAction","target":{"@type":"EntryPoint","urlTemplate":"https:\/\/sendapp.cloud\/en\/?s={search_term_string}"},"query-input":{"@type":"PropertyValueSpecification","valueRequired":true,"valueName":"search_term_string"}}],"inLanguage":"de"},{"@type":"Organization","@id":"https:\/\/sendapp.cloud\/en\/#organization","name":"SendApp","url":"https:\/\/sendapp.cloud\/en\/","logo":{"@type":"ImageObject","inLanguage":"de","@id":"https:\/\/sendapp.cloud\/en\/#\/schema\/logo\/image\/","url":"https:\/\/sendapp.cloud\/wp-content\/uploads\/2024\/11\/Logo-bianco.png","contentUrl":"https:\/\/sendapp.cloud\/wp-content\/uploads\/2024\/11\/Logo-bianco.png","width":145,"height":48,"caption":"SendApp"},"image":{"@id":"https:\/\/sendapp.cloud\/en\/#\/schema\/logo\/image\/"}}]}},"_links":{"self":[{"href":"https:\/\/sendapp.cloud\/de\/wp-json\/wp\/v2\/pages\/32180","targetHints":{"allow":["GET"]}}],"collection":[{"href":"https:\/\/sendapp.cloud\/de\/wp-json\/wp\/v2\/pages"}],"about":[{"href":"https:\/\/sendapp.cloud\/de\/wp-json\/wp\/v2\/types\/page"}],"author":[{"embeddable":true,"href":"https:\/\/sendapp.cloud\/de\/wp-json\/wp\/v2\/users\/1"}],"replies":[{"embeddable":true,"href":"https:\/\/sendapp.cloud\/de\/wp-json\/wp\/v2\/comments?post=32180"}],"version-history":[{"count":0,"href":"https:\/\/sendapp.cloud\/de\/wp-json\/wp\/v2\/pages\/32180\/revisions"}],"wp:featuredmedia":[{"embeddable":true,"href":"https:\/\/sendapp.cloud\/de\/wp-json\/"}],"wp:attachment":[{"href":"https:\/\/sendapp.cloud\/de\/wp-json\/wp\/v2\/media?parent=32180"}],"curies":[{"name":"wp","href":"https:\/\/api.w.org\/{rel}","templated":true}]}}