{"id":24846,"date":"2023-02-16T09:59:14","date_gmt":"2023-02-16T08:59:14","guid":{"rendered":"https:\/\/sendapp.live\/?page_id=24846"},"modified":"2023-02-16T09:59:14","modified_gmt":"2023-02-16T08:59:14","slug":"prestashop-plugin-whatsapp-sms-messagging-and-notification-plugin","status":"publish","type":"page","link":"https:\/\/sendapp.cloud\/de\/prestashop-plugin-whatsapp-sms-messagging-and-notification-plugin\/","title":{"rendered":"Prestashop-Plugin WhatsApp-SMS-Messaging- und Benachrichtigungs-Plugin"},"content":{"rendered":"<div id=\"fws_6a05977b482c8\"  data-column-margin=\"default\" data-midnight=\"dark\"  class=\"wpb_row vc_row-fluid vc_row  top_margin_5pct\"  style=\"padding-top: 0px; padding-bottom: 0px; \"><div class=\"row-bg-wrap\" data-bg-animation=\"none\" data-bg-animation-delay=\"\" data-bg-overlay=\"false\"><div class=\"inner-wrap row-bg-layer\" ><div class=\"row-bg viewport-desktop\"  style=\"\"><\/div><\/div><\/div><div class=\"row_col_wrap_12 col span_12 dark left\">\n\t<div  class=\"vc_col-sm-2\/5 wpb_column column_container vc_column_container col no-extra-padding inherit_tablet inherit_phone\"  data-padding-pos=\"top\" data-has-bg-color=\"false\" data-bg-color=\"\" data-bg-opacity=\"1\" data-animation=\"\" data-delay=\"0\" >\n\t\t<div class=\"vc_column-inner\" >\n\t\t\t<div class=\"wpb_wrapper\">\n\t\t\t\t<div class=\"img-with-aniamtion-wrap\" data-max-width=\"100%\" data-max-width-mobile=\"default\" data-shadow=\"none\" data-animation=\"fade-in\" >\n      <div class=\"inner\">\n        <div class=\"hover-wrap\"> \n          <div class=\"hover-wrap-inner\">\n            <img loading=\"lazy\" decoding=\"async\" class=\"img-with-animation skip-lazy\" data-delay=\"0\" height=\"910\" width=\"854\" data-animation=\"fade-in\" src=\"https:\/\/sendapp.cloud\/wp-content\/uploads\/2022\/03\/whatsapp-notification.jpg\" alt=\"\" srcset=\"https:\/\/sendapp.cloud\/wp-content\/uploads\/2022\/03\/whatsapp-notification.jpg 854w, https:\/\/sendapp.cloud\/wp-content\/uploads\/2022\/03\/whatsapp-notification-282x300.jpg 282w, https:\/\/sendapp.cloud\/wp-content\/uploads\/2022\/03\/whatsapp-notification-768x818.jpg 768w, https:\/\/sendapp.cloud\/wp-content\/uploads\/2022\/03\/whatsapp-notification-11x12.jpg 11w\" sizes=\"auto, (max-width: 854px) 100vw, 854px\" \/>\n          <\/div>\n        <\/div>\n      <\/div>\n    <\/div>\n\t\t\t<\/div> \n\t\t<\/div>\n\t<\/div> \n\n\t<div  class=\"vc_col-sm-3\/5 wpb_column column_container vc_column_container col no-extra-padding inherit_tablet inherit_phone\"  data-padding-pos=\"all\" data-has-bg-color=\"false\" data-bg-color=\"\" data-bg-opacity=\"1\" data-animation=\"\" data-delay=\"0\" >\n\t\t<div class=\"vc_column-inner\" >\n\t\t\t<div class=\"wpb_wrapper\">\n\t\t\t\t\n<div class=\"wpb_text_column wpb_content_element\" >\n\t<div class=\"wpb_wrapper\">\n\t\t<h2><span style=\"color: #008000;\">Benachrichtigungen\u00a0<\/span><span style=\"color: #008000;\">Prestashop\u00a0<\/span><span style=\"color: #008000;\">WhatsApp \u2013 SMS-Chat, Bestellstatus, Wiederherstellung verlassener Warenk\u00f6rbe<\/span><\/h2>\n\t<\/div>\n<\/div>\n\n\n\n\n<div class=\"wpb_text_column wpb_content_element\" >\n\t<div class=\"wpb_wrapper\">\n\t\t<h3>Senden Sie Nachrichten zur Wiederherstellung abgebrochener Warenk\u00f6rbe<br \/>\nBestellbenachrichtigungen per WhatsApp\/SMS erh\u00f6hen<br \/>\nInteraktion mit Ihren Kunden durch<br \/>\nunsere kostenlose Prestashop-Integration.<\/h3>\n\t<\/div>\n<\/div>\n\n\n\n<a class=\"nectar-button jumbo regular accent-color  regular-button\"  role=\"button\" style=\"margin-top: 30px; \" target=\"_blank\" href=\"https:\/\/sendapp.live\/en\/product\/sendapp-free\/\" data-color-override=\"false\" data-hover-color-override=\"false\" data-hover-text-color-override=\"#fff\"><span>Jetzt herunterladen<\/span><\/a>\n\t\t\t<\/div> \n\t\t<\/div>\n\t<\/div> \n<\/div><\/div>\n\t\t<div id=\"fws_6a05977b49e6b\"  data-column-margin=\"default\" data-midnight=\"dark\"  class=\"wpb_row vc_row-fluid vc_row full-width-section\"  style=\"padding-top: 0px; padding-bottom: 100px; \"><div class=\"row-bg-wrap\" data-bg-animation=\"none\" data-bg-animation-delay=\"\" data-bg-overlay=\"false\"><div class=\"inner-wrap row-bg-layer\" ><div class=\"row-bg viewport-desktop using-bg-color\"  style=\"background-color: #ffffff; \"><\/div><\/div><\/div><div class=\"row_col_wrap_12 col span_12 dark left\">\n\t<div  class=\"vc_col-sm-12 wpb_column column_container vc_column_container col no-extra-padding inherit_tablet inherit_phone\"  data-padding-pos=\"all\" data-has-bg-color=\"false\" data-bg-color=\"\" data-bg-opacity=\"1\" data-animation=\"\" data-delay=\"0\" >\n\t\t<div class=\"vc_column-inner\" >\n\t\t\t<div class=\"wpb_wrapper\">\n\t\t\t\t<div class=\"nectar-gradient-text\" data-direction=\"horizontal\" data-color=\"extra-color-gradient-1\" style=\"margin-top: 90px; margin-bottom: 0px; \"><h2>Anleitung zur Verwendung des SendApp-Plugins f\u00fcr Prestashop<\/h2><\/div><div class=\"toggles\" data-br=\"\" data-starting=\"default\" data-style=\"minimal\"><div class=\"toggle default\" data-inner-wrap=\"true\"><h3 class=\"toggle-title\"><a href=\"#\" role=\"button\" class=\"toggle-heading\"><i role=\"presentation\" class=\"fa fa-plus-circle\"><\/i>Installieren und aktivieren Sie das Prestashop-Plugin<\/a><\/h3><div><div class=\"inner-toggle-wrap\">\n<div class=\"wpb_text_column wpb_content_element\" >\n\t<div class=\"wpb_wrapper\">\n\t\t<h4>Es gibt zwei verschiedene M\u00f6glichkeiten, ein Prestashop-Plugin zu installieren.<\/h4>\n<ol>\n<li>Vom Prestashop-Admin-Dashboard (\/admin) 1. Laden Sie die \u201e.zip\u201c-Datei herunter \u2013 vom Reiter \u201eDownload\u201c 2. Entpacken Sie die heruntergeladene \u201e.zip\u201c-Datei nicht 3. Melden Sie sich beim Prestashop-Administrationsbereich an. 4. W\u00e4hlen Sie \u201eModule\u201c und dann \u201eNeues Modul hinzuf\u00fcgen\u201c. 5. W\u00e4hlen Sie \u201eDatei ausw\u00e4hlen\u201c und durchsuchen Sie Ihren Computer, um die Datei \u201esendapp-notification-prestashop.zip\u201c auszuw\u00e4hlen. 6. W\u00e4hlen Sie \u201eDieses Modul hochladen\u201c. 7. Klicken Sie auf \u201eInstallieren\u201c. Prestashop wird das Plugin installieren. 8. Klicken Sie nach Abschluss der Installation auf \u201eKonfigurieren\u201c.<\/li>\n<li>\u00dcber FTP<br \/>\nWir empfehlen nur erfahrenen Benutzern die Verwendung der FTP-Methode.<br \/>\n1. Laden Sie die \u201e.zip-Datei\u201c herunter \u2013 von der Registerkarte \u201eDownload\u201c. 2. Bevor Sie versuchen, Ihr Plugin hochzuladen, m\u00fcssen Sie die heruntergeladene Datei \u201esendapp-notification-prestashop.zip\u201c entpacken. 3. \u00d6ffnen Sie Ihren FTP-Client und \u00f6ffnen Sie Ihren Plugin-Ordner (\/modules\/). 4. Verschieben Sie die entpackten Dateien (sendapp-notification-prestashop.zip) in den Plugin-Ordner. 5. Gehen Sie jetzt zu Ihrem Prestashop-Admin-Dashboard =&gt; Module =&gt; Installierte Module f\u00fcr Sendapp filtern und aktivieren und konfigurieren Sie das Plugin.<\/li>\n<\/ol>\n<p>&nbsp;<\/p>\n<p><img loading=\"lazy\" decoding=\"async\" class=\"aligncenter wp-image-24088 size-large\" src=\"https:\/\/sendapp.live\/wp-content\/uploads\/2022\/11\/prestashop-sms-whatsapp-1-1024x622.jpg\" alt=\"\" width=\"1024\" height=\"622\" srcset=\"https:\/\/sendapp.cloud\/wp-content\/uploads\/2022\/11\/prestashop-sms-whatsapp-1-1024x622.jpg 1024w, https:\/\/sendapp.cloud\/wp-content\/uploads\/2022\/11\/prestashop-sms-whatsapp-1-300x182.jpg 300w, https:\/\/sendapp.cloud\/wp-content\/uploads\/2022\/11\/prestashop-sms-whatsapp-1-768x466.jpg 768w, https:\/\/sendapp.cloud\/wp-content\/uploads\/2022\/11\/prestashop-sms-whatsapp-1-1536x933.jpg 1536w, https:\/\/sendapp.cloud\/wp-content\/uploads\/2022\/11\/prestashop-sms-whatsapp-1-18x12.jpg 18w, https:\/\/sendapp.cloud\/wp-content\/uploads\/2022\/11\/prestashop-sms-whatsapp-1.jpg 1625w\" sizes=\"auto, (max-width: 1024px) 100vw, 1024px\" \/><\/p>\n<p><img loading=\"lazy\" decoding=\"async\" class=\"aligncenter wp-image-24089 size-large\" src=\"https:\/\/sendapp.live\/wp-content\/uploads\/2022\/11\/prestashop-sms-whatsapp-2-1024x622.jpg\" alt=\"\" width=\"1024\" height=\"622\" srcset=\"https:\/\/sendapp.cloud\/wp-content\/uploads\/2022\/11\/prestashop-sms-whatsapp-2-1024x622.jpg 1024w, https:\/\/sendapp.cloud\/wp-content\/uploads\/2022\/11\/prestashop-sms-whatsapp-2-300x182.jpg 300w, https:\/\/sendapp.cloud\/wp-content\/uploads\/2022\/11\/prestashop-sms-whatsapp-2-768x466.jpg 768w, https:\/\/sendapp.cloud\/wp-content\/uploads\/2022\/11\/prestashop-sms-whatsapp-2-1536x933.jpg 1536w, https:\/\/sendapp.cloud\/wp-content\/uploads\/2022\/11\/prestashop-sms-whatsapp-2-18x12.jpg 18w, https:\/\/sendapp.cloud\/wp-content\/uploads\/2022\/11\/prestashop-sms-whatsapp-2.jpg 1625w\" sizes=\"auto, (max-width: 1024px) 100vw, 1024px\" \/><\/p>\n\t<\/div>\n<\/div>\n\n\n\n<\/div><\/div><\/div><div class=\"toggle default\" data-inner-wrap=\"true\"><h3 class=\"toggle-title\"><a href=\"#\" role=\"button\" class=\"toggle-heading\"><i role=\"presentation\" class=\"fa fa-plus-circle\"><\/i>Einstellung<\/a><\/h3><div><div class=\"inner-toggle-wrap\">\n<div class=\"wpb_text_column wpb_content_element\" >\n\t<div class=\"wpb_wrapper\">\n\t\t<p>Unser Ziel ist es, m\u00f6glichst viele Funktionen bereitzustellen, damit Sie als Website-Betreiber das Plugin nach Ihren W\u00fcnschen konfigurieren und gleichzeitig eine leicht verst\u00e4ndliche Benutzeroberfl\u00e4che beibehalten k\u00f6nnen. Es ist jedoch immer gut, alle Optionen zu kennen.<br \/>\nDas Plugin ist in drei Hauptabschnitte unterteilt<strong>.<\/strong><\/p>\n<p>&nbsp;<\/p>\n<p><strong>Einstellung<br \/>\n<\/strong>Auf diese Weise k\u00f6nnen Sie die Sendapp-APIs und das Gateway einrichten, die Sie zum Senden von WhatsApp-Nachrichten oder SMS verwenden m\u00f6chten.<\/p>\n<h4><img loading=\"lazy\" decoding=\"async\" class=\"aligncenter wp-image-24092 size-large\" src=\"https:\/\/sendapp.live\/wp-content\/uploads\/2022\/11\/prestashop-sms-whatsapp-3-1024x622.jpg\" alt=\"\" width=\"1024\" height=\"622\" srcset=\"https:\/\/sendapp.cloud\/wp-content\/uploads\/2022\/11\/prestashop-sms-whatsapp-3-1024x622.jpg 1024w, https:\/\/sendapp.cloud\/wp-content\/uploads\/2022\/11\/prestashop-sms-whatsapp-3-300x182.jpg 300w, https:\/\/sendapp.cloud\/wp-content\/uploads\/2022\/11\/prestashop-sms-whatsapp-3-768x466.jpg 768w, https:\/\/sendapp.cloud\/wp-content\/uploads\/2022\/11\/prestashop-sms-whatsapp-3-1536x933.jpg 1536w, https:\/\/sendapp.cloud\/wp-content\/uploads\/2022\/11\/prestashop-sms-whatsapp-3-18x12.jpg 18w, https:\/\/sendapp.cloud\/wp-content\/uploads\/2022\/11\/prestashop-sms-whatsapp-3.jpg 1625w\" sizes=\"auto, (max-width: 1024px) 100vw, 1024px\" \/><\/h4>\n<p>&nbsp;<\/p>\n<p><strong>Sendapp Cloud API<br \/>\n<\/strong>Wenn Sie den Plan haben, <a href=\"https:\/\/sendapp.cloud\/de\/\" target=\"_blank\" rel=\"noopener\">https:\/\/sendapp.cloud<\/a> Sie k\u00f6nnen eine Instanz mit Ihrem pers\u00f6nlichen Multisession- oder gesch\u00e4ftlichen Multisession-WhatsApp-Konto erstellen.<br \/>\nNachdem Sie die Instanz erstellt haben, k\u00f6nnen Sie Ihr Token und Ihre Instanz-ID kopieren, um sie in Ihr Prestashop Sendapp-Benachrichtigungs-Plugin einzuf\u00fcgen<\/p>\n<p><img loading=\"lazy\" decoding=\"async\" class=\"size-large wp-image-22364 aligncenter\" src=\"https:\/\/sendapp.live\/wp-content\/uploads\/2022\/02\/Sendapp-API-Profile-1024x606.jpg\" alt=\"\" width=\"1024\" height=\"606\" srcset=\"https:\/\/sendapp.cloud\/wp-content\/uploads\/2022\/02\/Sendapp-API-Profile-1024x606.jpg 1024w, https:\/\/sendapp.cloud\/wp-content\/uploads\/2022\/02\/Sendapp-API-Profile-300x177.jpg 300w, https:\/\/sendapp.cloud\/wp-content\/uploads\/2022\/02\/Sendapp-API-Profile-768x454.jpg 768w, https:\/\/sendapp.cloud\/wp-content\/uploads\/2022\/02\/Sendapp-API-Profile-18x12.jpg 18w, https:\/\/sendapp.cloud\/wp-content\/uploads\/2022\/02\/Sendapp-API-Profile.jpg 1506w\" sizes=\"auto, (max-width: 1024px) 100vw, 1024px\" \/><\/p>\n<p>&nbsp;<\/p>\n<p><strong>Sendapp SMS API<br \/>\n<\/strong>Wenn Sie das SMS-Gateway von <a href=\"https:\/\/sms.sendapp.live\" target=\"_blank\" rel=\"noopener\">https:\/\/sms.sendapp.live<\/a> Sie k\u00f6nnen auf Ihren API-Schl\u00fcssel zugreifen, um ihn zu kopieren und in Ihr Prestashop-Plugin einzuf\u00fcgen<\/p>\n<p><img loading=\"lazy\" decoding=\"async\" class=\"size-large wp-image-22768 aligncenter\" src=\"https:\/\/sendapp.live\/wp-content\/uploads\/2022\/03\/sendapp-sms-api-key-1024x593.png\" alt=\"\" width=\"1024\" height=\"593\" srcset=\"https:\/\/sendapp.cloud\/wp-content\/uploads\/2022\/03\/sendapp-sms-api-key-1024x593.png 1024w, https:\/\/sendapp.cloud\/wp-content\/uploads\/2022\/03\/sendapp-sms-api-key-300x174.png 300w, https:\/\/sendapp.cloud\/wp-content\/uploads\/2022\/03\/sendapp-sms-api-key-768x445.png 768w, https:\/\/sendapp.cloud\/wp-content\/uploads\/2022\/03\/sendapp-sms-api-key-18x10.png 18w, https:\/\/sendapp.cloud\/wp-content\/uploads\/2022\/03\/sendapp-sms-api-key.png 1357w\" sizes=\"auto, (max-width: 1024px) 100vw, 1024px\" \/><\/p>\n<p><strong>Sendapp Connect API<br \/>\n<\/strong>Wenn Sie die Sendapp Connect Desktop Software haben, k\u00f6nnen Sie auf Ihren API-Schl\u00fcssel zugreifen, um ihn zu kopieren und in Ihr Prestashop-Plugin einzuf\u00fcgen<\/p>\n<p><img loading=\"lazy\" decoding=\"async\" class=\"aligncenter wp-image-24307 size-large\" src=\"https:\/\/sendapp.live\/wp-content\/uploads\/2022\/11\/api-whatsapp-sendapp-connect-01-1024x576.jpg\" alt=\"\" width=\"1024\" height=\"576\" \/><\/p>\n\t<\/div>\n<\/div>\n\n\n\n<\/div><\/div><\/div><div class=\"toggle default\" data-inner-wrap=\"true\"><h3 class=\"toggle-title\"><a href=\"#\" role=\"button\" class=\"toggle-heading\"><i role=\"presentation\" class=\"fa fa-plus-circle\"><\/i>Konfigurieren von Benachrichtigungsmeldungen<\/a><\/h3><div><div class=\"inner-toggle-wrap\">\n<div class=\"wpb_text_column wpb_content_element\" >\n\t<div class=\"wpb_wrapper\">\n\t\t<h4><strong>Nachrichtenkonfiguration\u00a0<\/strong><\/h4>\n<p>In dieser Sitzung k\u00f6nnen Sie die Benachrichtigungsnachrichten aktivieren und anpassen, die Sie an Ihre Kunden senden m\u00f6chten.<\/p>\n<p><img loading=\"lazy\" decoding=\"async\" class=\"aligncenter wp-image-24094 size-large\" src=\"https:\/\/sendapp.live\/wp-content\/uploads\/2022\/11\/prestashop-sms-whatsapp-4-1024x622.jpg\" alt=\"\" width=\"1024\" height=\"622\" srcset=\"https:\/\/sendapp.cloud\/wp-content\/uploads\/2022\/11\/prestashop-sms-whatsapp-4-1024x622.jpg 1024w, https:\/\/sendapp.cloud\/wp-content\/uploads\/2022\/11\/prestashop-sms-whatsapp-4-300x182.jpg 300w, https:\/\/sendapp.cloud\/wp-content\/uploads\/2022\/11\/prestashop-sms-whatsapp-4-768x466.jpg 768w, https:\/\/sendapp.cloud\/wp-content\/uploads\/2022\/11\/prestashop-sms-whatsapp-4-1536x933.jpg 1536w, https:\/\/sendapp.cloud\/wp-content\/uploads\/2022\/11\/prestashop-sms-whatsapp-4-18x12.jpg 18w, https:\/\/sendapp.cloud\/wp-content\/uploads\/2022\/11\/prestashop-sms-whatsapp-4.jpg 1625w\" sizes=\"auto, (max-width: 1024px) 100vw, 1024px\" \/><\/p>\n\t<\/div>\n<\/div>\n\n\n\n<\/div><\/div><\/div><div class=\"toggle default\" data-inner-wrap=\"true\"><h3 class=\"toggle-title\"><a href=\"#\" role=\"button\" class=\"toggle-heading\"><i role=\"presentation\" class=\"fa fa-plus-circle\"><\/i>Konfigurieren von Nachrichten bei abgebrochenen Warenk\u00f6rben<\/a><\/h3><div><div class=\"inner-toggle-wrap\">\n<div class=\"wpb_text_column wpb_content_element\" >\n\t<div class=\"wpb_wrapper\">\n\t\t<h4><strong>Einstellung f\u00fcr verlassenen Einkaufswagen. <\/strong><\/h4>\n<p>Um Benachrichtigungen \u00fcber abgebrochene Warenk\u00f6rbe zu aktivieren, gehen Sie zum Abschnitt CRON JOB-EINSTELLUNGEN des Plugins. * Passen Sie Vorlagennachrichten an * Legen Sie die Ereigniszeit im CRON JOB fest<\/p>\n<p><img loading=\"lazy\" decoding=\"async\" class=\"aligncenter wp-image-24096 size-large\" src=\"https:\/\/sendapp.live\/wp-content\/uploads\/2022\/11\/prestashop-sms-whatsapp-5-1024x622.jpg\" alt=\"\" width=\"1024\" height=\"622\" srcset=\"https:\/\/sendapp.cloud\/wp-content\/uploads\/2022\/11\/prestashop-sms-whatsapp-5-1024x622.jpg 1024w, https:\/\/sendapp.cloud\/wp-content\/uploads\/2022\/11\/prestashop-sms-whatsapp-5-300x182.jpg 300w, https:\/\/sendapp.cloud\/wp-content\/uploads\/2022\/11\/prestashop-sms-whatsapp-5-768x466.jpg 768w, https:\/\/sendapp.cloud\/wp-content\/uploads\/2022\/11\/prestashop-sms-whatsapp-5-1536x933.jpg 1536w, https:\/\/sendapp.cloud\/wp-content\/uploads\/2022\/11\/prestashop-sms-whatsapp-5-18x12.jpg 18w, https:\/\/sendapp.cloud\/wp-content\/uploads\/2022\/11\/prestashop-sms-whatsapp-5.jpg 1625w\" sizes=\"auto, (max-width: 1024px) 100vw, 1024px\" \/><\/p>\n\t<\/div>\n<\/div>\n\n\n\n<\/div><\/div><\/div><\/div>\n\n\n\n\n\n\n\n\n\n\n\n\n\n\n\n\n\n\n\n\n\t\t\t<\/div> \n\t\t<\/div>\n\t<\/div> \n<\/div><\/div>","protected":false},"excerpt":{"rendered":"Notifiche\u00a0Prestashop\u00a0Whatsapp - SMS Chat, Stato Ordine, Recupero Carrello Abbandonato Invia messaggi di recupero carrello abbandonato notifiche Ordini tramite WhatsApp\/SMS per aumentare il coinvolgimento con i tuoi clienti attraverso la nostra...","protected":false},"author":1,"featured_media":0,"parent":0,"menu_order":0,"comment_status":"closed","ping_status":"closed","template":"","meta":{"footnotes":""},"class_list":["post-24846","page","type-page","status-publish"],"yoast_head":"<!-- This site is optimized with the Yoast SEO plugin v27.4 - https:\/\/yoast.com\/product\/yoast-seo-wordpress\/ -->\n<title>Prestashop plugin Whatsapp SMS Messagging and Notification Plugin - SendApp<\/title>\n<meta name=\"robots\" content=\"index, follow, max-snippet:-1, max-image-preview:large, max-video-preview:-1\" \/>\n<link rel=\"canonical\" href=\"https:\/\/sendapp.cloud\/de\/prestashop-plugin-whatsapp-sms-messagging-and-notification-plugin\/\" \/>\n<meta property=\"og:locale\" content=\"de_DE\" \/>\n<meta property=\"og:type\" content=\"article\" \/>\n<meta property=\"og:title\" content=\"Prestashop plugin Whatsapp SMS Messagging and Notification Plugin - SendApp\" \/>\n<meta property=\"og:url\" content=\"https:\/\/sendapp.cloud\/de\/prestashop-plugin-whatsapp-sms-messagging-and-notification-plugin\/\" \/>\n<meta property=\"og:site_name\" content=\"SendApp\" \/>\n<meta property=\"og:image\" content=\"https:\/\/sendapp.live\/wp-content\/uploads\/2022\/11\/prestashop-sms-whatsapp-1-1024x622.jpg\" \/>\n<meta name=\"twitter:card\" content=\"summary_large_image\" \/>\n<meta name=\"twitter:label1\" content=\"Gesch\u00e4tzte Lesezeit\" \/>\n\t<meta name=\"twitter:data1\" content=\"5\u00a0Minuten\" \/>\n<script type=\"application\/ld+json\" class=\"yoast-schema-graph\">{\"@context\":\"https:\\\/\\\/schema.org\",\"@graph\":[{\"@type\":\"WebPage\",\"@id\":\"https:\\\/\\\/sendapp.cloud\\\/prestashop-plugin-whatsapp-sms-messagging-and-notification-plugin\\\/\",\"url\":\"https:\\\/\\\/sendapp.cloud\\\/prestashop-plugin-whatsapp-sms-messagging-and-notification-plugin\\\/\",\"name\":\"Prestashop plugin Whatsapp SMS Messagging and Notification Plugin - SendApp\",\"isPartOf\":{\"@id\":\"https:\\\/\\\/sendapp.cloud\\\/en\\\/#website\"},\"primaryImageOfPage\":{\"@id\":\"https:\\\/\\\/sendapp.cloud\\\/prestashop-plugin-whatsapp-sms-messagging-and-notification-plugin\\\/#primaryimage\"},\"image\":{\"@id\":\"https:\\\/\\\/sendapp.cloud\\\/prestashop-plugin-whatsapp-sms-messagging-and-notification-plugin\\\/#primaryimage\"},\"thumbnailUrl\":\"https:\\\/\\\/sendapp.live\\\/wp-content\\\/uploads\\\/2022\\\/11\\\/prestashop-sms-whatsapp-1-1024x622.jpg\",\"datePublished\":\"2023-02-16T08:59:14+00:00\",\"breadcrumb\":{\"@id\":\"https:\\\/\\\/sendapp.cloud\\\/prestashop-plugin-whatsapp-sms-messagging-and-notification-plugin\\\/#breadcrumb\"},\"inLanguage\":\"de\",\"potentialAction\":[{\"@type\":\"ReadAction\",\"target\":[\"https:\\\/\\\/sendapp.cloud\\\/prestashop-plugin-whatsapp-sms-messagging-and-notification-plugin\\\/\"]}]},{\"@type\":\"ImageObject\",\"inLanguage\":\"de\",\"@id\":\"https:\\\/\\\/sendapp.cloud\\\/prestashop-plugin-whatsapp-sms-messagging-and-notification-plugin\\\/#primaryimage\",\"url\":\"https:\\\/\\\/sendapp.live\\\/wp-content\\\/uploads\\\/2022\\\/11\\\/prestashop-sms-whatsapp-1-1024x622.jpg\",\"contentUrl\":\"https:\\\/\\\/sendapp.live\\\/wp-content\\\/uploads\\\/2022\\\/11\\\/prestashop-sms-whatsapp-1-1024x622.jpg\"},{\"@type\":\"BreadcrumbList\",\"@id\":\"https:\\\/\\\/sendapp.cloud\\\/prestashop-plugin-whatsapp-sms-messagging-and-notification-plugin\\\/#breadcrumb\",\"itemListElement\":[{\"@type\":\"ListItem\",\"position\":1,\"name\":\"Home\",\"item\":\"https:\\\/\\\/sendapp.cloud\\\/\"},{\"@type\":\"ListItem\",\"position\":2,\"name\":\"Prestashop plugin Whatsapp SMS Messagging and Notification Plugin\"}]},{\"@type\":\"WebSite\",\"@id\":\"https:\\\/\\\/sendapp.cloud\\\/en\\\/#website\",\"url\":\"https:\\\/\\\/sendapp.cloud\\\/en\\\/\",\"name\":\"SendApp\",\"description\":\"Software Whatsapp Marketing\",\"publisher\":{\"@id\":\"https:\\\/\\\/sendapp.cloud\\\/en\\\/#organization\"},\"potentialAction\":[{\"@type\":\"SearchAction\",\"target\":{\"@type\":\"EntryPoint\",\"urlTemplate\":\"https:\\\/\\\/sendapp.cloud\\\/en\\\/?s={search_term_string}\"},\"query-input\":{\"@type\":\"PropertyValueSpecification\",\"valueRequired\":true,\"valueName\":\"search_term_string\"}}],\"inLanguage\":\"de\"},{\"@type\":\"Organization\",\"@id\":\"https:\\\/\\\/sendapp.cloud\\\/en\\\/#organization\",\"name\":\"SendApp\",\"url\":\"https:\\\/\\\/sendapp.cloud\\\/en\\\/\",\"logo\":{\"@type\":\"ImageObject\",\"inLanguage\":\"de\",\"@id\":\"https:\\\/\\\/sendapp.cloud\\\/en\\\/#\\\/schema\\\/logo\\\/image\\\/\",\"url\":\"https:\\\/\\\/sendapp.cloud\\\/wp-content\\\/uploads\\\/2024\\\/11\\\/Logo-bianco.png\",\"contentUrl\":\"https:\\\/\\\/sendapp.cloud\\\/wp-content\\\/uploads\\\/2024\\\/11\\\/Logo-bianco.png\",\"width\":145,\"height\":48,\"caption\":\"SendApp\"},\"image\":{\"@id\":\"https:\\\/\\\/sendapp.cloud\\\/en\\\/#\\\/schema\\\/logo\\\/image\\\/\"}}]}<\/script>\n<!-- \/ Yoast SEO plugin. -->","yoast_head_json":{"title":"Prestashop plugin Whatsapp SMS Messagging and Notification Plugin - SendApp","robots":{"index":"index","follow":"follow","max-snippet":"max-snippet:-1","max-image-preview":"max-image-preview:large","max-video-preview":"max-video-preview:-1"},"canonical":"https:\/\/sendapp.cloud\/de\/prestashop-plugin-whatsapp-sms-messagging-and-notification-plugin\/","og_locale":"de_DE","og_type":"article","og_title":"Prestashop plugin Whatsapp SMS Messagging and Notification Plugin - SendApp","og_url":"https:\/\/sendapp.cloud\/de\/prestashop-plugin-whatsapp-sms-messagging-and-notification-plugin\/","og_site_name":"SendApp","og_image":[{"url":"https:\/\/sendapp.live\/wp-content\/uploads\/2022\/11\/prestashop-sms-whatsapp-1-1024x622.jpg","type":"","width":"","height":""}],"twitter_card":"summary_large_image","twitter_misc":{"Gesch\u00e4tzte Lesezeit":"5\u00a0Minuten"},"schema":{"@context":"https:\/\/schema.org","@graph":[{"@type":"WebPage","@id":"https:\/\/sendapp.cloud\/prestashop-plugin-whatsapp-sms-messagging-and-notification-plugin\/","url":"https:\/\/sendapp.cloud\/prestashop-plugin-whatsapp-sms-messagging-and-notification-plugin\/","name":"Prestashop plugin Whatsapp SMS Messagging and Notification Plugin - SendApp","isPartOf":{"@id":"https:\/\/sendapp.cloud\/en\/#website"},"primaryImageOfPage":{"@id":"https:\/\/sendapp.cloud\/prestashop-plugin-whatsapp-sms-messagging-and-notification-plugin\/#primaryimage"},"image":{"@id":"https:\/\/sendapp.cloud\/prestashop-plugin-whatsapp-sms-messagging-and-notification-plugin\/#primaryimage"},"thumbnailUrl":"https:\/\/sendapp.live\/wp-content\/uploads\/2022\/11\/prestashop-sms-whatsapp-1-1024x622.jpg","datePublished":"2023-02-16T08:59:14+00:00","breadcrumb":{"@id":"https:\/\/sendapp.cloud\/prestashop-plugin-whatsapp-sms-messagging-and-notification-plugin\/#breadcrumb"},"inLanguage":"de","potentialAction":[{"@type":"ReadAction","target":["https:\/\/sendapp.cloud\/prestashop-plugin-whatsapp-sms-messagging-and-notification-plugin\/"]}]},{"@type":"ImageObject","inLanguage":"de","@id":"https:\/\/sendapp.cloud\/prestashop-plugin-whatsapp-sms-messagging-and-notification-plugin\/#primaryimage","url":"https:\/\/sendapp.live\/wp-content\/uploads\/2022\/11\/prestashop-sms-whatsapp-1-1024x622.jpg","contentUrl":"https:\/\/sendapp.live\/wp-content\/uploads\/2022\/11\/prestashop-sms-whatsapp-1-1024x622.jpg"},{"@type":"BreadcrumbList","@id":"https:\/\/sendapp.cloud\/prestashop-plugin-whatsapp-sms-messagging-and-notification-plugin\/#breadcrumb","itemListElement":[{"@type":"ListItem","position":1,"name":"Home","item":"https:\/\/sendapp.cloud\/"},{"@type":"ListItem","position":2,"name":"Prestashop plugin Whatsapp SMS Messagging and Notification Plugin"}]},{"@type":"WebSite","@id":"https:\/\/sendapp.cloud\/en\/#website","url":"https:\/\/sendapp.cloud\/en\/","name":"SendApp","description":"WhatsApp-Marketing-Software","publisher":{"@id":"https:\/\/sendapp.cloud\/en\/#organization"},"potentialAction":[{"@type":"SearchAction","target":{"@type":"EntryPoint","urlTemplate":"https:\/\/sendapp.cloud\/en\/?s={search_term_string}"},"query-input":{"@type":"PropertyValueSpecification","valueRequired":true,"valueName":"search_term_string"}}],"inLanguage":"de"},{"@type":"Organization","@id":"https:\/\/sendapp.cloud\/en\/#organization","name":"SendApp","url":"https:\/\/sendapp.cloud\/en\/","logo":{"@type":"ImageObject","inLanguage":"de","@id":"https:\/\/sendapp.cloud\/en\/#\/schema\/logo\/image\/","url":"https:\/\/sendapp.cloud\/wp-content\/uploads\/2024\/11\/Logo-bianco.png","contentUrl":"https:\/\/sendapp.cloud\/wp-content\/uploads\/2024\/11\/Logo-bianco.png","width":145,"height":48,"caption":"SendApp"},"image":{"@id":"https:\/\/sendapp.cloud\/en\/#\/schema\/logo\/image\/"}}]}},"_links":{"self":[{"href":"https:\/\/sendapp.cloud\/de\/wp-json\/wp\/v2\/pages\/24846","targetHints":{"allow":["GET"]}}],"collection":[{"href":"https:\/\/sendapp.cloud\/de\/wp-json\/wp\/v2\/pages"}],"about":[{"href":"https:\/\/sendapp.cloud\/de\/wp-json\/wp\/v2\/types\/page"}],"author":[{"embeddable":true,"href":"https:\/\/sendapp.cloud\/de\/wp-json\/wp\/v2\/users\/1"}],"replies":[{"embeddable":true,"href":"https:\/\/sendapp.cloud\/de\/wp-json\/wp\/v2\/comments?post=24846"}],"version-history":[{"count":0,"href":"https:\/\/sendapp.cloud\/de\/wp-json\/wp\/v2\/pages\/24846\/revisions"}],"wp:attachment":[{"href":"https:\/\/sendapp.cloud\/de\/wp-json\/wp\/v2\/media?parent=24846"}],"curies":[{"name":"wp","href":"https:\/\/api.w.org\/{rel}","templated":true}]}}