{"id":23066,"date":"2022-05-08T19:53:55","date_gmt":"2022-05-08T17:53:55","guid":{"rendered":"https:\/\/sendapp.live\/?page_id=23066"},"modified":"2022-05-08T19:53:55","modified_gmt":"2022-05-08T17:53:55","slug":"shopify-sms-and-whatsapp-notifications","status":"publish","type":"page","link":"https:\/\/sendapp.cloud\/de\/shopify-sms-and-whatsapp-notifications\/","title":{"rendered":"Shopify-SMS- und WhatsApp-Benachrichtigungen"},"content":{"rendered":"<div id=\"fws_6a04c2e1733ce\"  data-column-margin=\"default\" data-midnight=\"dark\"  class=\"wpb_row vc_row-fluid vc_row  top_margin_5pct\"  style=\"padding-top: 0px; padding-bottom: 0px; \"><div class=\"row-bg-wrap\" data-bg-animation=\"none\" data-bg-animation-delay=\"\" data-bg-overlay=\"false\"><div class=\"inner-wrap row-bg-layer\" ><div class=\"row-bg viewport-desktop\"  style=\"\"><\/div><\/div><\/div><div class=\"row_col_wrap_12 col span_12 dark left\">\n\t<div  class=\"vc_col-sm-2\/5 wpb_column column_container vc_column_container col no-extra-padding inherit_tablet inherit_phone\"  data-padding-pos=\"top\" data-has-bg-color=\"false\" data-bg-color=\"\" data-bg-opacity=\"1\" data-animation=\"\" data-delay=\"0\" >\n\t\t<div class=\"vc_column-inner\" >\n\t\t\t<div class=\"wpb_wrapper\">\n\t\t\t\t<div class=\"img-with-aniamtion-wrap\" data-max-width=\"100%\" data-max-width-mobile=\"default\" data-shadow=\"none\" data-animation=\"fade-in\" >\n      <div class=\"inner\">\n        <div class=\"hover-wrap\"> \n          <div class=\"hover-wrap-inner\">\n            <img loading=\"lazy\" decoding=\"async\" class=\"img-with-animation skip-lazy\" data-delay=\"0\" height=\"600\" width=\"600\" data-animation=\"fade-in\" src=\"https:\/\/sendapp.cloud\/wp-content\/uploads\/2022\/06\/banner-shopify-logo-02.jpg\" alt=\"\" srcset=\"https:\/\/sendapp.cloud\/wp-content\/uploads\/2022\/06\/banner-shopify-logo-02.jpg 600w, https:\/\/sendapp.cloud\/wp-content\/uploads\/2022\/06\/banner-shopify-logo-02-300x300.jpg 300w, https:\/\/sendapp.cloud\/wp-content\/uploads\/2022\/06\/banner-shopify-logo-02-150x150.jpg 150w, https:\/\/sendapp.cloud\/wp-content\/uploads\/2022\/06\/banner-shopify-logo-02-12x12.jpg 12w, https:\/\/sendapp.cloud\/wp-content\/uploads\/2022\/06\/banner-shopify-logo-02-140x140.jpg 140w, https:\/\/sendapp.cloud\/wp-content\/uploads\/2022\/06\/banner-shopify-logo-02-100x100.jpg 100w, https:\/\/sendapp.cloud\/wp-content\/uploads\/2022\/06\/banner-shopify-logo-02-500x500.jpg 500w, https:\/\/sendapp.cloud\/wp-content\/uploads\/2022\/06\/banner-shopify-logo-02-350x350.jpg 350w\" sizes=\"auto, (max-width: 600px) 100vw, 600px\" \/>\n          <\/div>\n        <\/div>\n      <\/div>\n    <\/div>\n\t\t\t<\/div> \n\t\t<\/div>\n\t<\/div> \n\n\t<div  class=\"vc_col-sm-3\/5 wpb_column column_container vc_column_container col no-extra-padding inherit_tablet inherit_phone\"  data-padding-pos=\"all\" data-has-bg-color=\"false\" data-bg-color=\"\" data-bg-opacity=\"1\" data-animation=\"\" data-delay=\"0\" >\n\t\t<div class=\"vc_column-inner\" >\n\t\t\t<div class=\"wpb_wrapper\">\n\t\t\t\t\n<div class=\"wpb_text_column wpb_content_element\" >\n\t<div class=\"wpb_wrapper\">\n\t\t<h2><span style=\"color: #008000;\">WhatsApp-Benachrichtigungen aktivieren<br \/>\nauf Ihrem Shopify eCommerce<br \/>\nf\u00fcr Bestellungen und Status\u00e4nderungen.<\/span><\/h2>\n\t<\/div>\n<\/div>\n\n\n\n\n<div class=\"wpb_text_column wpb_content_element\" >\n\t<div class=\"wpb_wrapper\">\n\t\t<h3>Senden Sie WhatsApp-Benachrichtigungen f\u00fcr Bestellungen und Status\u00e4nderungen<br \/>\num die Interaktion mit Ihren Kunden zu steigern durch<br \/>\nunsere kostenlose Shopify-Integration.<\/h3>\n\t<\/div>\n<\/div>\n\n\n\n<a class=\"nectar-button jumbo regular accent-color  regular-button\"  role=\"button\" style=\"margin-top: 30px; \" target=\"_blank\" href=\"https:\/\/shopify.sendapp.live\/generate.php\" data-color-override=\"false\" data-hover-color-override=\"false\" data-hover-text-color-override=\"#fff\"><span>Generieren Sie Ihren Webhook<\/span><\/a>\n\t\t\t<\/div> \n\t\t<\/div>\n\t<\/div> \n<\/div><\/div>\n\t\t<div id=\"fws_6a04c2e174e7b\"  data-column-margin=\"default\" data-midnight=\"dark\"  class=\"wpb_row vc_row-fluid vc_row full-width-section\"  style=\"padding-top: 0px; padding-bottom: 100px; \"><div class=\"row-bg-wrap\" data-bg-animation=\"none\" data-bg-animation-delay=\"\" data-bg-overlay=\"false\"><div class=\"inner-wrap row-bg-layer\" ><div class=\"row-bg viewport-desktop using-bg-color\"  style=\"background-color: #ffffff; \"><\/div><\/div><\/div><div class=\"row_col_wrap_12 col span_12 dark left\">\n\t<div  class=\"vc_col-sm-12 wpb_column column_container vc_column_container col no-extra-padding inherit_tablet inherit_phone\"  data-padding-pos=\"all\" data-has-bg-color=\"false\" data-bg-color=\"\" data-bg-opacity=\"1\" data-animation=\"\" data-delay=\"0\" >\n\t\t<div class=\"vc_column-inner\" >\n\t\t\t<div class=\"wpb_wrapper\">\n\t\t\t\t<div class=\"nectar-gradient-text\" data-direction=\"horizontal\" data-color=\"extra-color-gradient-1\" style=\"margin-top: 90px; margin-bottom: 0px; \"><h2>So verwenden Sie SendApp WhatsApp-Benachrichtigungen f\u00fcr Shopify<\/h2><\/div><div class=\"toggles\" data-br=\"\" data-starting=\"default\" data-style=\"minimal\"><div class=\"toggle default\" data-inner-wrap=\"true\"><h3 class=\"toggle-title\"><a href=\"#\" role=\"button\" class=\"toggle-heading\"><i role=\"presentation\" class=\"fa fa-plus-circle\"><\/i>Einstellung<\/a><\/h3><div><div class=\"inner-toggle-wrap\">\n<div class=\"wpb_text_column wpb_content_element\" >\n\t<div class=\"wpb_wrapper\">\n\t\t<p><strong>Generieren Sie Ihre WhatsApp-APIs auf Sendapp Colud<br \/>\n<\/strong>Melden Sie sich an oder registrieren Sie sich auf <a href=\"https:\/\/app.sendapp.cloud\" target=\"_blank\" rel=\"noopener\">https:\/\/app.sendapp.cloud<\/a> und erstellen Sie eine Instanz mit Ihrem WhatsApp Business- oder Personal-Konto mit mehreren Sitzungen.<br \/>\nNachdem Sie Ihre Instanz erstellt haben, k\u00f6nnen Sie Ihr Token und Ihre Instanz-ID kopieren, um sie in den Shopify-Webhook-Konfigurator einzuf\u00fcgen. <a href=\"https:\/\/shopify.sendapp.live\/generate.php\" target=\"_blank\" rel=\"noopener\">https:\/\/shopify.sendapp.live\/generate.php<\/a><\/p>\n<p><img loading=\"lazy\" decoding=\"async\" class=\"alignnone wp-image-25571 size-full\" src=\"https:\/\/sendapp.live\/wp-content\/uploads\/2023\/06\/istanza3.jpg\" alt=\"\" width=\"1680\" height=\"897\" srcset=\"https:\/\/sendapp.cloud\/wp-content\/uploads\/2023\/06\/istanza3.jpg 1680w, https:\/\/sendapp.cloud\/wp-content\/uploads\/2023\/06\/istanza3-300x160.jpg 300w, https:\/\/sendapp.cloud\/wp-content\/uploads\/2023\/06\/istanza3-1024x547.jpg 1024w, https:\/\/sendapp.cloud\/wp-content\/uploads\/2023\/06\/istanza3-768x410.jpg 768w, https:\/\/sendapp.cloud\/wp-content\/uploads\/2023\/06\/istanza3-1536x820.jpg 1536w, https:\/\/sendapp.cloud\/wp-content\/uploads\/2023\/06\/istanza3-18x10.jpg 18w\" sizes=\"auto, (max-width: 1680px) 100vw, 1680px\" \/><\/p>\n\t<\/div>\n<\/div>\n\n\n\n<\/div><\/div><\/div><div class=\"toggle default\" data-inner-wrap=\"true\"><h3 class=\"toggle-title\"><a href=\"#\" role=\"button\" class=\"toggle-heading\"><i role=\"presentation\" class=\"fa fa-plus-circle\"><\/i>Konfigurieren von Benachrichtigungsmeldungen<\/a><\/h3><div><div class=\"inner-toggle-wrap\">\n<div class=\"wpb_text_column wpb_content_element\" >\n\t<div class=\"wpb_wrapper\">\n\t\t<h4><strong>Nachrichtenkonfiguration\u00a0<\/strong><\/h4>\n<p>Zur Webhook-Konfiguration <a href=\"https:\/\/shopify.sendapp.live\/generate.php\" target=\"_blank\" rel=\"noopener\">https:\/\/shopify.sendapp.live\/generate.php<\/a> So passen Sie die Benachrichtigungen an Ihre Kunden an. Wenn Sie die Nachrichten f\u00fcr ein bestehendes Konto bearbeiten m\u00f6chten, klicken Sie nach Eingabe Ihres Tokens und Ihrer Instanz auf \u201eBEARBEITEN\u201c. Ihre Benachrichtigungen werden zur Bearbeitung angezeigt. Geben Sie im Feld \u201eWhatsApp-Telefonnummer f\u00fcr Administratorbenachrichtigungen\u201c eine WhatsApp-Telefonnummer inklusive Landesvorwahl (ohne s, Bindestriche oder Klammern) ein. Diese Nummer wird f\u00fcr den Empfang von Benachrichtigungen als Administrator verwendet. Klicken Sie nach Abschluss der Anpassung auf \u201eURL F\u00dcR SHOPIFY ERSTELLEN\u201c. Die benutzerdefinierte URL, die Sie in Ihren Shopify-Adminbereich einf\u00fcgen k\u00f6nnen, wird angezeigt.<\/p>\n<p><img loading=\"lazy\" decoding=\"async\" class=\"wp-image-23357 size-full aligncenter\" src=\"https:\/\/sendapp.live\/wp-content\/uploads\/2022\/06\/shopify-configuration.jpg\" alt=\"\" width=\"850\" height=\"1690\" srcset=\"https:\/\/sendapp.cloud\/wp-content\/uploads\/2022\/06\/shopify-configuration.jpg 850w, https:\/\/sendapp.cloud\/wp-content\/uploads\/2022\/06\/shopify-configuration-151x300.jpg 151w, https:\/\/sendapp.cloud\/wp-content\/uploads\/2022\/06\/shopify-configuration-515x1024.jpg 515w, https:\/\/sendapp.cloud\/wp-content\/uploads\/2022\/06\/shopify-configuration-768x1527.jpg 768w, https:\/\/sendapp.cloud\/wp-content\/uploads\/2022\/06\/shopify-configuration-773x1536.jpg 773w, https:\/\/sendapp.cloud\/wp-content\/uploads\/2022\/06\/shopify-configuration-6x12.jpg 6w\" sizes=\"auto, (max-width: 850px) 100vw, 850px\" \/><\/p>\n\t<\/div>\n<\/div>\n\n\n\n<\/div><\/div><\/div><div class=\"toggle default\" data-inner-wrap=\"true\"><h3 class=\"toggle-title\"><a href=\"#\" role=\"button\" class=\"toggle-heading\"><i role=\"presentation\" class=\"fa fa-plus-circle\"><\/i>Richten Sie Shopify zum Senden von Benachrichtigungen ein<\/a><\/h3><div><div class=\"inner-toggle-wrap\">\n<div class=\"wpb_text_column wpb_content_element\" >\n\t<div class=\"wpb_wrapper\">\n\t\t<h4><strong>Einrichten von Shopify-Benachrichtigungen<\/strong><\/h4>\n<p>Melden Sie sich bei Ihrem Shopfy-Administrator an und gehen Sie zu <strong>Einstellungen \/ Benachrichtigungen <\/strong>Am Ende dieser Seite finden Sie den Abschnitt <strong>Webhook<br \/>\n<\/strong>Klicken Sie auf die Schaltfl\u00e4che \u201eWebhook erstellen\u201c. W\u00e4hlen Sie aus den Ereignissen das Format \u201eBestellaktualisierung\u201c und \u201eJSON\u201c aus.<br \/>\nF\u00fcgen Sie die Sendapp-URL in das URL-Feld ein und w\u00e4hlen Sie im Men\u00fc die Webhook-API-Version 2022-4 (Neueste) aus.<br \/>\nUm das Senden von Benachrichtigungen zu best\u00e4tigen, m\u00fcssen Sie auf die Schaltfl\u00e4che \u201eSpeichern\u201c klicken und sind sofort bereit, WhatsApp-Benachrichtigungen aus Ihrem Store zu senden.<\/p>\n<p><img loading=\"lazy\" decoding=\"async\" class=\"wp-image-23361 size-full aligncenter\" src=\"https:\/\/sendapp.live\/wp-content\/uploads\/2022\/06\/shopify-configuration-webhook.jpg\" alt=\"\" width=\"1024\" height=\"606\" srcset=\"https:\/\/sendapp.cloud\/wp-content\/uploads\/2022\/06\/shopify-configuration-webhook.jpg 1024w, https:\/\/sendapp.cloud\/wp-content\/uploads\/2022\/06\/shopify-configuration-webhook-300x178.jpg 300w, https:\/\/sendapp.cloud\/wp-content\/uploads\/2022\/06\/shopify-configuration-webhook-768x455.jpg 768w, https:\/\/sendapp.cloud\/wp-content\/uploads\/2022\/06\/shopify-configuration-webhook-18x12.jpg 18w\" sizes=\"auto, (max-width: 1024px) 100vw, 1024px\" \/><\/p>\n\t<\/div>\n<\/div>\n\n\n\n<\/div><\/div><\/div><\/div>\n\n\n\n\n\n\n\n\n\n\n\n\n\n\n\n\n\n\n\n\n\t\t\t<\/div> \n\t\t<\/div>\n\t<\/div> \n<\/div><\/div>","protected":false},"excerpt":{"rendered":"Attiva le Notifiche WhatsApp sul tuo eCommerce Shopify per gli Ordini e i cambi di stato. Invia messaggi di notifiche WhatsApp per Ordini e cambi di stato per aumentare il...","protected":false},"author":1,"featured_media":0,"parent":0,"menu_order":0,"comment_status":"closed","ping_status":"closed","template":"","meta":{"footnotes":""},"class_list":["post-23066","page","type-page","status-publish"],"yoast_head":"<!-- This site is optimized with the Yoast SEO plugin v27.4 - https:\/\/yoast.com\/product\/yoast-seo-wordpress\/ -->\n<title>shopify sms and whatsapp notifications - SendApp<\/title>\n<meta name=\"robots\" content=\"index, follow, max-snippet:-1, max-image-preview:large, max-video-preview:-1\" \/>\n<link rel=\"canonical\" href=\"https:\/\/sendapp.cloud\/de\/shopify-sms-and-whatsapp-notifications\/\" \/>\n<meta property=\"og:locale\" content=\"de_DE\" \/>\n<meta property=\"og:type\" content=\"article\" \/>\n<meta property=\"og:title\" content=\"shopify sms and whatsapp notifications - SendApp\" \/>\n<meta property=\"og:url\" content=\"https:\/\/sendapp.cloud\/de\/shopify-sms-and-whatsapp-notifications\/\" \/>\n<meta property=\"og:site_name\" content=\"SendApp\" \/>\n<meta property=\"og:image\" content=\"https:\/\/sendapp.live\/wp-content\/uploads\/2023\/06\/istanza3.jpg\" \/>\n<meta name=\"twitter:card\" content=\"summary_large_image\" \/>\n<meta name=\"twitter:label1\" content=\"Gesch\u00e4tzte Lesezeit\" \/>\n\t<meta name=\"twitter:data1\" content=\"4\u00a0Minuten\" \/>\n<script type=\"application\/ld+json\" class=\"yoast-schema-graph\">{\"@context\":\"https:\\\/\\\/schema.org\",\"@graph\":[{\"@type\":\"WebPage\",\"@id\":\"https:\\\/\\\/sendapp.cloud\\\/shopify-sms-and-whatsapp-notifications\\\/\",\"url\":\"https:\\\/\\\/sendapp.cloud\\\/shopify-sms-and-whatsapp-notifications\\\/\",\"name\":\"shopify sms and whatsapp notifications - SendApp\",\"isPartOf\":{\"@id\":\"https:\\\/\\\/sendapp.cloud\\\/en\\\/#website\"},\"primaryImageOfPage\":{\"@id\":\"https:\\\/\\\/sendapp.cloud\\\/shopify-sms-and-whatsapp-notifications\\\/#primaryimage\"},\"image\":{\"@id\":\"https:\\\/\\\/sendapp.cloud\\\/shopify-sms-and-whatsapp-notifications\\\/#primaryimage\"},\"thumbnailUrl\":\"https:\\\/\\\/sendapp.live\\\/wp-content\\\/uploads\\\/2023\\\/06\\\/istanza3.jpg\",\"datePublished\":\"2022-05-08T17:53:55+00:00\",\"breadcrumb\":{\"@id\":\"https:\\\/\\\/sendapp.cloud\\\/shopify-sms-and-whatsapp-notifications\\\/#breadcrumb\"},\"inLanguage\":\"de\",\"potentialAction\":[{\"@type\":\"ReadAction\",\"target\":[\"https:\\\/\\\/sendapp.cloud\\\/shopify-sms-and-whatsapp-notifications\\\/\"]}]},{\"@type\":\"ImageObject\",\"inLanguage\":\"de\",\"@id\":\"https:\\\/\\\/sendapp.cloud\\\/shopify-sms-and-whatsapp-notifications\\\/#primaryimage\",\"url\":\"https:\\\/\\\/sendapp.live\\\/wp-content\\\/uploads\\\/2023\\\/06\\\/istanza3.jpg\",\"contentUrl\":\"https:\\\/\\\/sendapp.live\\\/wp-content\\\/uploads\\\/2023\\\/06\\\/istanza3.jpg\"},{\"@type\":\"BreadcrumbList\",\"@id\":\"https:\\\/\\\/sendapp.cloud\\\/shopify-sms-and-whatsapp-notifications\\\/#breadcrumb\",\"itemListElement\":[{\"@type\":\"ListItem\",\"position\":1,\"name\":\"Home\",\"item\":\"https:\\\/\\\/sendapp.cloud\\\/\"},{\"@type\":\"ListItem\",\"position\":2,\"name\":\"shopify sms and whatsapp notifications\"}]},{\"@type\":\"WebSite\",\"@id\":\"https:\\\/\\\/sendapp.cloud\\\/en\\\/#website\",\"url\":\"https:\\\/\\\/sendapp.cloud\\\/en\\\/\",\"name\":\"SendApp\",\"description\":\"Software Whatsapp Marketing\",\"publisher\":{\"@id\":\"https:\\\/\\\/sendapp.cloud\\\/en\\\/#organization\"},\"potentialAction\":[{\"@type\":\"SearchAction\",\"target\":{\"@type\":\"EntryPoint\",\"urlTemplate\":\"https:\\\/\\\/sendapp.cloud\\\/en\\\/?s={search_term_string}\"},\"query-input\":{\"@type\":\"PropertyValueSpecification\",\"valueRequired\":true,\"valueName\":\"search_term_string\"}}],\"inLanguage\":\"de\"},{\"@type\":\"Organization\",\"@id\":\"https:\\\/\\\/sendapp.cloud\\\/en\\\/#organization\",\"name\":\"SendApp\",\"url\":\"https:\\\/\\\/sendapp.cloud\\\/en\\\/\",\"logo\":{\"@type\":\"ImageObject\",\"inLanguage\":\"de\",\"@id\":\"https:\\\/\\\/sendapp.cloud\\\/en\\\/#\\\/schema\\\/logo\\\/image\\\/\",\"url\":\"https:\\\/\\\/sendapp.cloud\\\/wp-content\\\/uploads\\\/2024\\\/11\\\/Logo-bianco.png\",\"contentUrl\":\"https:\\\/\\\/sendapp.cloud\\\/wp-content\\\/uploads\\\/2024\\\/11\\\/Logo-bianco.png\",\"width\":145,\"height\":48,\"caption\":\"SendApp\"},\"image\":{\"@id\":\"https:\\\/\\\/sendapp.cloud\\\/en\\\/#\\\/schema\\\/logo\\\/image\\\/\"}}]}<\/script>\n<!-- \/ Yoast SEO plugin. -->","yoast_head_json":{"title":"shopify sms and whatsapp notifications - SendApp","robots":{"index":"index","follow":"follow","max-snippet":"max-snippet:-1","max-image-preview":"max-image-preview:large","max-video-preview":"max-video-preview:-1"},"canonical":"https:\/\/sendapp.cloud\/de\/shopify-sms-and-whatsapp-notifications\/","og_locale":"de_DE","og_type":"article","og_title":"shopify sms and whatsapp notifications - SendApp","og_url":"https:\/\/sendapp.cloud\/de\/shopify-sms-and-whatsapp-notifications\/","og_site_name":"SendApp","og_image":[{"url":"https:\/\/sendapp.live\/wp-content\/uploads\/2023\/06\/istanza3.jpg","type":"","width":"","height":""}],"twitter_card":"summary_large_image","twitter_misc":{"Gesch\u00e4tzte Lesezeit":"4\u00a0Minuten"},"schema":{"@context":"https:\/\/schema.org","@graph":[{"@type":"WebPage","@id":"https:\/\/sendapp.cloud\/shopify-sms-and-whatsapp-notifications\/","url":"https:\/\/sendapp.cloud\/shopify-sms-and-whatsapp-notifications\/","name":"shopify sms and whatsapp notifications - SendApp","isPartOf":{"@id":"https:\/\/sendapp.cloud\/en\/#website"},"primaryImageOfPage":{"@id":"https:\/\/sendapp.cloud\/shopify-sms-and-whatsapp-notifications\/#primaryimage"},"image":{"@id":"https:\/\/sendapp.cloud\/shopify-sms-and-whatsapp-notifications\/#primaryimage"},"thumbnailUrl":"https:\/\/sendapp.live\/wp-content\/uploads\/2023\/06\/istanza3.jpg","datePublished":"2022-05-08T17:53:55+00:00","breadcrumb":{"@id":"https:\/\/sendapp.cloud\/shopify-sms-and-whatsapp-notifications\/#breadcrumb"},"inLanguage":"de","potentialAction":[{"@type":"ReadAction","target":["https:\/\/sendapp.cloud\/shopify-sms-and-whatsapp-notifications\/"]}]},{"@type":"ImageObject","inLanguage":"de","@id":"https:\/\/sendapp.cloud\/shopify-sms-and-whatsapp-notifications\/#primaryimage","url":"https:\/\/sendapp.live\/wp-content\/uploads\/2023\/06\/istanza3.jpg","contentUrl":"https:\/\/sendapp.live\/wp-content\/uploads\/2023\/06\/istanza3.jpg"},{"@type":"BreadcrumbList","@id":"https:\/\/sendapp.cloud\/shopify-sms-and-whatsapp-notifications\/#breadcrumb","itemListElement":[{"@type":"ListItem","position":1,"name":"Home","item":"https:\/\/sendapp.cloud\/"},{"@type":"ListItem","position":2,"name":"shopify sms and whatsapp notifications"}]},{"@type":"WebSite","@id":"https:\/\/sendapp.cloud\/en\/#website","url":"https:\/\/sendapp.cloud\/en\/","name":"SendApp","description":"WhatsApp-Marketing-Software","publisher":{"@id":"https:\/\/sendapp.cloud\/en\/#organization"},"potentialAction":[{"@type":"SearchAction","target":{"@type":"EntryPoint","urlTemplate":"https:\/\/sendapp.cloud\/en\/?s={search_term_string}"},"query-input":{"@type":"PropertyValueSpecification","valueRequired":true,"valueName":"search_term_string"}}],"inLanguage":"de"},{"@type":"Organization","@id":"https:\/\/sendapp.cloud\/en\/#organization","name":"SendApp","url":"https:\/\/sendapp.cloud\/en\/","logo":{"@type":"ImageObject","inLanguage":"de","@id":"https:\/\/sendapp.cloud\/en\/#\/schema\/logo\/image\/","url":"https:\/\/sendapp.cloud\/wp-content\/uploads\/2024\/11\/Logo-bianco.png","contentUrl":"https:\/\/sendapp.cloud\/wp-content\/uploads\/2024\/11\/Logo-bianco.png","width":145,"height":48,"caption":"SendApp"},"image":{"@id":"https:\/\/sendapp.cloud\/en\/#\/schema\/logo\/image\/"}}]}},"_links":{"self":[{"href":"https:\/\/sendapp.cloud\/de\/wp-json\/wp\/v2\/pages\/23066","targetHints":{"allow":["GET"]}}],"collection":[{"href":"https:\/\/sendapp.cloud\/de\/wp-json\/wp\/v2\/pages"}],"about":[{"href":"https:\/\/sendapp.cloud\/de\/wp-json\/wp\/v2\/types\/page"}],"author":[{"embeddable":true,"href":"https:\/\/sendapp.cloud\/de\/wp-json\/wp\/v2\/users\/1"}],"replies":[{"embeddable":true,"href":"https:\/\/sendapp.cloud\/de\/wp-json\/wp\/v2\/comments?post=23066"}],"version-history":[{"count":0,"href":"https:\/\/sendapp.cloud\/de\/wp-json\/wp\/v2\/pages\/23066\/revisions"}],"wp:attachment":[{"href":"https:\/\/sendapp.cloud\/de\/wp-json\/wp\/v2\/media?parent=23066"}],"curies":[{"name":"wp","href":"https:\/\/api.w.org\/{rel}","templated":true}]}}